{"id":11,"date":"2019-06-17T06:30:55","date_gmt":"2019-06-17T08:30:55","guid":{"rendered":"https:\/\/www.myrace.lt\/zoliniumaratonas\/?page_id=11"},"modified":"2024-12-13T15:24:44","modified_gmt":"2024-12-13T13:24:44","slug":"trasa","status":"publish","type":"page","link":"https:\/\/www.myrace.lt\/zoliniumaratonas\/trasa\/","title":{"rendered":"Trasa"},"content":{"rendered":"\r\n<p style=\"text-align: center;\"><span style=\"font-size: 14pt; color: #000000;\"><strong><span style=\"font-size: 24pt;\">\u017dolini\u0173 maratono 2025 trasa.<\/span><\/strong>\u00a0<\/span><br \/><span style=\"color: #000000;\"><em><span style=\"font-size: 18pt;\">Rato ilgis &#8211; 5,275 km.<\/span><\/em><\/span><\/p>\r\n<p><span style=\"font-size: 14pt; color: #000000;\">\r\n\r\n<\/span><\/p>\r\n<p style=\"text-align: center;\"><span style=\"font-size: 14pt; color: #000000;\">Maratono distancijos \u012fveikimui numatomi 8 ratai po 5,275 km kiekvienas.<\/span><\/p>\r\n<p><span style=\"font-size: 14pt; color: #000000;\">\r\n\r\n<\/span><\/p>\r\n<p style=\"text-align: center;\"><span style=\"font-size: 14pt; color: #000000;\">Trumpesni\u0173 distancij\u0173 b\u0117gikai b\u0117gs ma\u017eiau rat\u0173:<\/span><\/p>\r\n<p style=\"text-align: center;\"><span style=\"font-size: 14pt; color: #000000;\"> 31,5 km &#8211; 6 ratus, <\/span><\/p>\r\n<p style=\"text-align: center;\"><span style=\"font-size: 14pt; color: #000000;\">pusmaratonio &#8211; 4 ratus,<\/span><\/p>\r\n<p style=\"text-align: center;\"><span style=\"font-size: 14pt; color: #000000;\">10,6 km &#8211; 2 ratus.<\/span><\/p>\r\n<p><span style=\"font-size: 14pt; color: #000000;\">\r\n\r\n<\/span><\/p>\r\n<p style=\"text-align: center;\"><span style=\"font-size: 14pt; color: #000000;\">Starto vieta &#8211; prie\u0161ais Vingio parko estrad\u0105, pa\u017eym\u0117ta raudonu smeigtuku.<\/span><\/p>\r\n<p><span style=\"color: #000000;\">\r\n\r\n<\/span><\/p>\r\n<figure class=\"wp-block-image is-resized\"><span style=\"color: #000000;\"><img loading=\"lazy\" decoding=\"async\" class=\"aligncenter wp-image-209 size-full\" src=\"https:\/\/www.myrace.lt\/zoliniumaratonas\/wp-content\/uploads\/sites\/8\/2021\/07\/trasa-Zoliniu-maratonas-2.jpg\" alt=\"\" width=\"498\" height=\"809\" srcset=\"https:\/\/www.myrace.lt\/zoliniumaratonas\/wp-content\/uploads\/sites\/8\/2021\/07\/trasa-Zoliniu-maratonas-2.jpg 498w, https:\/\/www.myrace.lt\/zoliniumaratonas\/wp-content\/uploads\/sites\/8\/2021\/07\/trasa-Zoliniu-maratonas-2-185x300.jpg 185w\" sizes=\"auto, (max-width: 498px) 100vw, 498px\" \/><\/span><\/figure>\r\n<p style=\"text-align: center;\"><span style=\"font-size: 14pt;\">Trasa sertifikuota LAF matuotojo gerb. Alfonso Kazlausko.<\/span><\/p>\r\n<p><img loading=\"lazy\" decoding=\"async\" class=\"aligncenter wp-image-145 size-full\" src=\"https:\/\/www.myrace.lt\/zoliniumaratonas\/wp-content\/uploads\/sites\/8\/2021\/03\/sertf_zoliniu_marat_2020_T_55.jpg\" alt=\"\" width=\"2480\" height=\"3507\" srcset=\"https:\/\/www.myrace.lt\/zoliniumaratonas\/wp-content\/uploads\/sites\/8\/2021\/03\/sertf_zoliniu_marat_2020_T_55.jpg 2480w, https:\/\/www.myrace.lt\/zoliniumaratonas\/wp-content\/uploads\/sites\/8\/2021\/03\/sertf_zoliniu_marat_2020_T_55-212x300.jpg 212w, https:\/\/www.myrace.lt\/zoliniumaratonas\/wp-content\/uploads\/sites\/8\/2021\/03\/sertf_zoliniu_marat_2020_T_55-768x1086.jpg 768w, https:\/\/www.myrace.lt\/zoliniumaratonas\/wp-content\/uploads\/sites\/8\/2021\/03\/sertf_zoliniu_marat_2020_T_55-724x1024.jpg 724w\" sizes=\"auto, (max-width: 2480px) 100vw, 2480px\" \/><\/p>\r\n<p>&nbsp;<\/p>\r\n<p style=\"text-align: center;\">\u00a0<\/p>\r\n<p>&nbsp;<\/p>\r\n<p>&nbsp;<\/p>\r\n<p>&nbsp;<\/p>\r\n","protected":false},"excerpt":{"rendered":"<p>\u017dolini\u0173 maratono 2025 trasa.\u00a0Rato ilgis &#8211; 5,275 km. Maratono distancijos \u012fveikimui numatomi 8 ratai po 5,275 km kiekvienas. Trumpesni\u0173 distancij\u0173 b\u0117gikai b\u0117gs ma\u017eiau rat\u0173: 31,5 km &#8211; 6 ratus, pusmaratonio &#8211; 4 ratus, 10,6 km &#8211; 2 ratus. Starto vieta &#8211; prie\u0161ais Vingio parko estrad\u0105, pa\u017eym\u0117ta raudonu smeigtuku.<\/p>\n","protected":false},"author":1,"featured_media":0,"parent":0,"menu_order":0,"comment_status":"closed","ping_status":"closed","template":"","meta":{"footnotes":""},"class_list":["post-11","page","type-page","status-publish","hentry"],"_links":{"self":[{"href":"https:\/\/www.myrace.lt\/zoliniumaratonas\/wp-json\/wp\/v2\/pages\/11","targetHints":{"allow":["GET"]}}],"collection":[{"href":"https:\/\/www.myrace.lt\/zoliniumaratonas\/wp-json\/wp\/v2\/pages"}],"about":[{"href":"https:\/\/www.myrace.lt\/zoliniumaratonas\/wp-json\/wp\/v2\/types\/page"}],"author":[{"embeddable":true,"href":"https:\/\/www.myrace.lt\/zoliniumaratonas\/wp-json\/wp\/v2\/users\/1"}],"replies":[{"embeddable":true,"href":"https:\/\/www.myrace.lt\/zoliniumaratonas\/wp-json\/wp\/v2\/comments?post=11"}],"version-history":[{"count":19,"href":"https:\/\/www.myrace.lt\/zoliniumaratonas\/wp-json\/wp\/v2\/pages\/11\/revisions"}],"predecessor-version":[{"id":461,"href":"https:\/\/www.myrace.lt\/zoliniumaratonas\/wp-json\/wp\/v2\/pages\/11\/revisions\/461"}],"wp:attachment":[{"href":"https:\/\/www.myrace.lt\/zoliniumaratonas\/wp-json\/wp\/v2\/media?parent=11"}],"curies":[{"name":"wp","href":"https:\/\/api.w.org\/{rel}","templated":true}]}}