{"id":346,"date":"2024-02-15T14:00:46","date_gmt":"2024-02-15T12:00:46","guid":{"rendered":"https:\/\/www.myrace.lt\/zarasai\/?page_id=346"},"modified":"2026-02-25T13:58:35","modified_gmt":"2026-02-25T11:58:35","slug":"dalyviai","status":"publish","type":"page","link":"https:\/\/www.myrace.lt\/zarasai\/dalyviai\/","title":{"rendered":"Dalyviai"},"content":{"rendered":"\t<link rel=\"stylesheet\" type=\"text\/css\" href=\"https:\/\/www.myrace.lt\/registravimas\/tools\/color_myrace.css\" \/>\n\t<link rel=\"stylesheet\" type=\"text\/css\" href=\"https:\/\/www.myrace.lt\/registravimas\/tools\/style03.css\" \/>\n<link rel=\"stylesheet\" type=\"text\/css\" href=\"https:\/\/www.myrace.lt\/registravimas\/tools\/uzsiregistravo.css\" \/><div style=\"overflow-x:auto;\"><table class=\"lentele\" width=\"100%\" cellspacing=\"0\" cellpadding=\"0\"><tr><th width=\"40px\"><a href=\"?sort=id\">Eil.<br\/>Nr.<img decoding=\"async\" src=\"https:\/\/www.myrace.lt\/\/registravimas\/images\/sort_asc.png\"><\/a><\/th><th width=\"80px\"><a href=\"?sort=vardas\">Vardas<\/a><\/th><th width=\"130px\"><a href=\"?sort=pavarde\">Pavard\u0117<\/a><\/th><th width=\"70px\"><a href=\"?sort=lytis\">Lytis<\/a><form name=\"f_lytis\"><select class=\"filtruoti\" id=\"filtrai\" onchange=\"lytis()\"><option value=\"1\">VYR<\/option><option value=\"2\">MOT<\/option><option value=\"-1\" selected=\"selected\">[visi]<\/option><\/select><\/form>\n\t\t<script type=\"text\/javascript\">function lytis() {filtras=document.f_lytis.filtrai.value;document.location.href = \"index.php?lytis=\" + filtras;}\n\t\t<\/script><\/th><th width=\"80px\"><a href=\"?sort=gimimodata\">Gimimo<br\/>metai<\/a><\/th><th width=\"60px\"><a href=\"?sort=salis\">\u0160alis<\/a><form name=\"f_salis\"><select class=\"filtruoti\" id=\"filtrai\" onchange=\"salis()\"><option value=\"-1\" selected=\"selected\">[visi]<\/option><\/select><\/form>\n\t\t<script type=\"text\/javascript\">function salis() {filtras=document.f_salis.filtrai.value;document.location.href = \"index.php?salis=\" + filtras;}\n\t\t<\/script><\/th><th width=\"120px\"><a href=\"?sort=miestas\">Miestas<\/a><form name=\"f_miestas\"><select class=\"filtruoti\" id=\"filtrai\" onchange=\"miestas()\"><option value=\"-1\" selected=\"selected\">[visi]<\/option><\/select><\/form>\n\t\t<script type=\"text\/javascript\">function miestas() {filtras=document.f_miestas.filtrai.value;document.location.href = \"index.php?miestas=\" + filtras;}\n\t\t<\/script><\/th><th width=\"200px\"><a href=\"?sort=klubas\">Organizacija \/ Klubas<\/a><form name=\"f_klubas\"><select class=\"filtruoti\" id=\"filtrai\" onchange=\"klubas()\"><option value=\"-1\" selected=\"selected\">[visi]<\/option><\/select><\/form>\n\t\t<script type=\"text\/javascript\">function klubas() {filtras=document.f_klubas.filtrai.value;document.location.href = \"index.php?klubas=\" + filtras;}\n\t\t<\/script><\/th><th width=\"130px\"><a href=\"?sort=nuotolis\">Nuotolis<\/a><form name=\"f_nuotolis\"><select class=\"filtruoti\" id=\"filtrai\" onchange=\"nuotolis()\"><option value=\"1\">Pusmaratonis<\/option><option value=\"2\"> 10.5km<\/option><option value=\"3\"> 5km<\/option><option value=\"4\"> 1.2km<\/option><option value=\"5\"> 600m<\/option><option value=\"6\"> 5km \u0161iaurieti\u0161kas \u0117jimas<\/option><option value=\"7\"> 10.5km \u0161iaurieti\u0161kas \u0117jimas<\/option><option value=\"8\"> Virtualus b\u0117gimas<\/option><option value=\"9\"> Siuntimas<\/option><option value=\"-1\" selected=\"selected\">[visi]<\/option><\/select><\/form>\n\t\t<script type=\"text\/javascript\">function nuotolis() {filtras=document.f_nuotolis.filtrai.value;document.location.href = \"index.php?nuotolis=\" + filtras;}\n\t\t<\/script><\/th><\/tr><p class=\"pranesti\">U\u017dSIREGISTRAV\u0118 DALYVIAI (viso - 0, rodoma - 0)<\/p><p>D\u0117l netikslum\u0173 ir korekcij\u0173 ra\u0161ykite el.pa\u0161tu <a href=\"mailto:registracija@myrace.lt?subject=Registracija: VI Zaras\u0173 pusmaratonis\">registracija@myrace.lt<\/a><\/p><\/table><\/div>\n","protected":false},"excerpt":{"rendered":"","protected":false},"author":2,"featured_media":0,"parent":0,"menu_order":0,"comment_status":"closed","ping_status":"closed","template":"templates\/full-width-page.php","meta":{"footnotes":""},"class_list":["post-346","page","type-page","status-publish","hentry"],"_links":{"self":[{"href":"https:\/\/www.myrace.lt\/zarasai\/wp-json\/wp\/v2\/pages\/346","targetHints":{"allow":["GET"]}}],"collection":[{"href":"https:\/\/www.myrace.lt\/zarasai\/wp-json\/wp\/v2\/pages"}],"about":[{"href":"https:\/\/www.myrace.lt\/zarasai\/wp-json\/wp\/v2\/types\/page"}],"author":[{"embeddable":true,"href":"https:\/\/www.myrace.lt\/zarasai\/wp-json\/wp\/v2\/users\/2"}],"replies":[{"embeddable":true,"href":"https:\/\/www.myrace.lt\/zarasai\/wp-json\/wp\/v2\/comments?post=346"}],"version-history":[{"count":5,"href":"https:\/\/www.myrace.lt\/zarasai\/wp-json\/wp\/v2\/pages\/346\/revisions"}],"predecessor-version":[{"id":517,"href":"https:\/\/www.myrace.lt\/zarasai\/wp-json\/wp\/v2\/pages\/346\/revisions\/517"}],"wp:attachment":[{"href":"https:\/\/www.myrace.lt\/zarasai\/wp-json\/wp\/v2\/media?parent=346"}],"curies":[{"name":"wp","href":"https:\/\/api.w.org\/{rel}","templated":true}]}}