{"id":24,"date":"2020-07-08T10:57:34","date_gmt":"2020-07-08T12:57:34","guid":{"rendered":"https:\/\/www.myrace.lt\/zarasai\/?page_id=24"},"modified":"2025-07-31T12:10:35","modified_gmt":"2025-07-31T09:10:35","slug":"trasa","status":"publish","type":"page","link":"https:\/\/www.myrace.lt\/zarasai\/trasa\/","title":{"rendered":"Trasa"},"content":{"rendered":"<p style=\"text-align: center;\"><span style=\"font-size: 24px; color: #000000;\">Vis\u0173 distancij\u0173 startas ir fini\u0161as &#8211; S\u0117li\u0173 aik\u0161t\u0117, Zarasai, prie\u0161 savivaldyb\u0117s pastat\u0105.<\/span><\/p>\n<p style=\"text-align: center;\"><span style=\"color: #000000;\"><strong><span style=\"font-size: 24px;\">Pusmaratonio (2 ratai) ir 10,5 km distancij\u0173 trasa<\/span><\/strong><\/span><\/p>\n<p><span style=\"color: #000000;\"><img loading=\"lazy\" decoding=\"async\" class=\"aligncenter wp-image-189 size-full\" src=\"https:\/\/www.myrace.lt\/zarasai\/wp-content\/uploads\/sites\/14\/2021\/09\/105km-....jpg\" alt=\"\" width=\"1021\" height=\"765\" srcset=\"https:\/\/www.myrace.lt\/zarasai\/wp-content\/uploads\/sites\/14\/2021\/09\/105km-....jpg 1021w, https:\/\/www.myrace.lt\/zarasai\/wp-content\/uploads\/sites\/14\/2021\/09\/105km-...-300x225.jpg 300w, https:\/\/www.myrace.lt\/zarasai\/wp-content\/uploads\/sites\/14\/2021\/09\/105km-...-768x575.jpg 768w\" sizes=\"auto, (max-width: 1021px) 100vw, 1021px\" \/><\/span><\/p>\n<p>&nbsp;<\/p>\n<p style=\"text-align: center;\"><span style=\"color: #000000;\"><strong><span style=\"font-size: 24px;\">5 km distancijos trasa\u00a0<\/span><\/strong><\/span><\/p>\n<p><span style=\"color: #000000;\"><img loading=\"lazy\" decoding=\"async\" class=\"aligncenter wp-image-190 size-full\" src=\"https:\/\/www.myrace.lt\/zarasai\/wp-content\/uploads\/sites\/14\/2021\/09\/5km-nauja.jpg\" alt=\"\" width=\"1468\" height=\"776\" srcset=\"https:\/\/www.myrace.lt\/zarasai\/wp-content\/uploads\/sites\/14\/2021\/09\/5km-nauja.jpg 1468w, https:\/\/www.myrace.lt\/zarasai\/wp-content\/uploads\/sites\/14\/2021\/09\/5km-nauja-300x159.jpg 300w, https:\/\/www.myrace.lt\/zarasai\/wp-content\/uploads\/sites\/14\/2021\/09\/5km-nauja-1024x541.jpg 1024w, https:\/\/www.myrace.lt\/zarasai\/wp-content\/uploads\/sites\/14\/2021\/09\/5km-nauja-768x406.jpg 768w\" sizes=\"auto, (max-width: 1468px) 100vw, 1468px\" \/><\/span><\/p>\n<p style=\"text-align: center;\"><span style=\"color: #000000;\"><strong><span style=\"font-size: 24px;\">1,2 km distancijos trasa<\/span><\/strong><\/span><\/p>\n<p><span style=\"color: #000000;\"><img loading=\"lazy\" decoding=\"async\" class=\"aligncenter wp-image-191 size-full\" src=\"https:\/\/www.myrace.lt\/zarasai\/wp-content\/uploads\/sites\/14\/2021\/09\/1km-naujas.jpg\" alt=\"\" width=\"863\" height=\"711\" srcset=\"https:\/\/www.myrace.lt\/zarasai\/wp-content\/uploads\/sites\/14\/2021\/09\/1km-naujas.jpg 863w, https:\/\/www.myrace.lt\/zarasai\/wp-content\/uploads\/sites\/14\/2021\/09\/1km-naujas-300x247.jpg 300w, https:\/\/www.myrace.lt\/zarasai\/wp-content\/uploads\/sites\/14\/2021\/09\/1km-naujas-768x633.jpg 768w\" sizes=\"auto, (max-width: 863px) 100vw, 863px\" \/><\/span><\/p>\n<p style=\"text-align: center;\"><span style=\"color: #000000;\"><strong><span style=\"font-size: 24px;\">550 m distancijos trasa<\/span><\/strong><\/span><\/p>\n<p><img loading=\"lazy\" decoding=\"async\" class=\"aligncenter wp-image-192 size-full\" src=\"https:\/\/www.myrace.lt\/zarasai\/wp-content\/uploads\/sites\/14\/2021\/09\/5km-naujas.jpg\" alt=\"\" width=\"1085\" height=\"773\" srcset=\"https:\/\/www.myrace.lt\/zarasai\/wp-content\/uploads\/sites\/14\/2021\/09\/5km-naujas.jpg 1085w, https:\/\/www.myrace.lt\/zarasai\/wp-content\/uploads\/sites\/14\/2021\/09\/5km-naujas-300x214.jpg 300w, https:\/\/www.myrace.lt\/zarasai\/wp-content\/uploads\/sites\/14\/2021\/09\/5km-naujas-1024x730.jpg 1024w, https:\/\/www.myrace.lt\/zarasai\/wp-content\/uploads\/sites\/14\/2021\/09\/5km-naujas-768x547.jpg 768w\" sizes=\"auto, (max-width: 1085px) 100vw, 1085px\" \/><\/p>\n","protected":false},"excerpt":{"rendered":"<p>Vis\u0173 distancij\u0173 startas ir fini\u0161as &#8211; S\u0117li\u0173 aik\u0161t\u0117, Zarasai, prie\u0161 savivaldyb\u0117s pastat\u0105. Pusmaratonio (2 ratai) ir 10,5 km distancij\u0173 trasa &nbsp; 5 km distancijos trasa\u00a0 1,2 km distancijos trasa 550 m distancijos trasa<\/p>\n","protected":false},"author":1,"featured_media":0,"parent":0,"menu_order":0,"comment_status":"closed","ping_status":"closed","template":"","meta":{"footnotes":""},"class_list":["post-24","page","type-page","status-publish","hentry"],"_links":{"self":[{"href":"https:\/\/www.myrace.lt\/zarasai\/wp-json\/wp\/v2\/pages\/24","targetHints":{"allow":["GET"]}}],"collection":[{"href":"https:\/\/www.myrace.lt\/zarasai\/wp-json\/wp\/v2\/pages"}],"about":[{"href":"https:\/\/www.myrace.lt\/zarasai\/wp-json\/wp\/v2\/types\/page"}],"author":[{"embeddable":true,"href":"https:\/\/www.myrace.lt\/zarasai\/wp-json\/wp\/v2\/users\/1"}],"replies":[{"embeddable":true,"href":"https:\/\/www.myrace.lt\/zarasai\/wp-json\/wp\/v2\/comments?post=24"}],"version-history":[{"count":10,"href":"https:\/\/www.myrace.lt\/zarasai\/wp-json\/wp\/v2\/pages\/24\/revisions"}],"predecessor-version":[{"id":459,"href":"https:\/\/www.myrace.lt\/zarasai\/wp-json\/wp\/v2\/pages\/24\/revisions\/459"}],"wp:attachment":[{"href":"https:\/\/www.myrace.lt\/zarasai\/wp-json\/wp\/v2\/media?parent=24"}],"curies":[{"name":"wp","href":"https:\/\/api.w.org\/{rel}","templated":true}]}}