{"id":210,"date":"2022-04-04T17:44:45","date_gmt":"2022-04-04T14:44:45","guid":{"rendered":"https:\/\/www.myrace.lt\/zarasai\/?page_id=210"},"modified":"2026-02-25T14:00:28","modified_gmt":"2026-02-25T12:00:28","slug":"archyvas","status":"publish","type":"page","link":"https:\/\/www.myrace.lt\/zarasai\/archyvas\/","title":{"rendered":"ARCHYVAS"},"content":{"rendered":"<p><span style=\"color: #000000;\"><span style=\"font-size: 28px;\"><strong>V-<\/strong><\/span><strong style=\"font-size: 28px;\">asis Zaras\u0173 pusmaratonis (2025.08.24)<\/strong><\/span><\/p>\n<p><strong><span style=\"font-size: 20px; color: #000000;\"><a style=\"color: #000000;\" title=\"Rezultatai 2024\" href=\"https:\/\/www.lbma.lt\/results\/rezultatai.php?race=509\" target=\"_blank\" rel=\"noopener\"><span style=\"color: #000080;\">Rezultatai 2025<\/span><\/a><\/span><\/strong><\/p>\n<p><strong><span style=\"font-size: 20px;\"><a href=\"https:\/\/www.myrace.lt\/zarasai\/rezultatai-2025\" target=\"_blank\" rel=\"noopener\">Diplomai (2025)<\/a><\/span><\/strong><\/p>\n<p><strong><span style=\"font-size: 20px; color: #000000;\"><a style=\"color: #000000;\" href=\"https:\/\/www.facebook.com\/media\/set\/?set=a.1438232067665575&amp;type=3\"><span style=\"color: #0000ff;\">Fotogalerija 2025 &#8211; Andrey Jay<\/span><\/a><\/span><\/strong><\/p>\n<p><img loading=\"lazy\" decoding=\"async\" class=\"alignnone size-medium wp-image-478\" src=\"https:\/\/www.myrace.lt\/zarasai\/wp-content\/uploads\/sites\/14\/2025\/08\/0X0A3294-300x200.jpg\" alt=\"\" width=\"300\" height=\"200\" srcset=\"https:\/\/www.myrace.lt\/zarasai\/wp-content\/uploads\/sites\/14\/2025\/08\/0X0A3294-300x200.jpg 300w, https:\/\/www.myrace.lt\/zarasai\/wp-content\/uploads\/sites\/14\/2025\/08\/0X0A3294-1024x683.jpg 1024w, https:\/\/www.myrace.lt\/zarasai\/wp-content\/uploads\/sites\/14\/2025\/08\/0X0A3294-768x512.jpg 768w, https:\/\/www.myrace.lt\/zarasai\/wp-content\/uploads\/sites\/14\/2025\/08\/0X0A3294-1536x1025.jpg 1536w, https:\/\/www.myrace.lt\/zarasai\/wp-content\/uploads\/sites\/14\/2025\/08\/0X0A3294-2048x1366.jpg 2048w\" sizes=\"auto, (max-width: 300px) 100vw, 300px\" \/><\/p>\n<p><img loading=\"lazy\" decoding=\"async\" class=\"alignnone size-medium wp-image-477\" src=\"https:\/\/www.myrace.lt\/zarasai\/wp-content\/uploads\/sites\/14\/2025\/08\/0X0A3302-300x200.jpg\" alt=\"\" width=\"300\" height=\"200\" srcset=\"https:\/\/www.myrace.lt\/zarasai\/wp-content\/uploads\/sites\/14\/2025\/08\/0X0A3302-300x200.jpg 300w, https:\/\/www.myrace.lt\/zarasai\/wp-content\/uploads\/sites\/14\/2025\/08\/0X0A3302-1024x683.jpg 1024w, https:\/\/www.myrace.lt\/zarasai\/wp-content\/uploads\/sites\/14\/2025\/08\/0X0A3302-768x512.jpg 768w, https:\/\/www.myrace.lt\/zarasai\/wp-content\/uploads\/sites\/14\/2025\/08\/0X0A3302-1536x1025.jpg 1536w, https:\/\/www.myrace.lt\/zarasai\/wp-content\/uploads\/sites\/14\/2025\/08\/0X0A3302-2048x1366.jpg 2048w\" sizes=\"auto, (max-width: 300px) 100vw, 300px\" \/><\/p>\n<p>&nbsp;<\/p>\n<hr \/>\n<hr \/>\n<p><span style=\"color: #000000;\"><span style=\"font-size: 28px;\"><strong>IV-<\/strong><\/span><strong style=\"font-size: 28px;\">asis Zaras\u0173 pusmaratonis (2024.09.01)<\/strong><\/span><\/p>\n<p><strong><span style=\"font-size: 20px; color: #000000;\"><a style=\"color: #000000;\" title=\"Rezultatai 2024\" href=\"https:\/\/www.lbma.lt\/results\/rezultatai.php?race=424\" target=\"_blank\" rel=\"noopener\"><span style=\"color: #000080;\">Rezultatai 2024<\/span><\/a><\/span><\/strong><\/p>\n<p><strong><span style=\"font-size: 20px;\"><a href=\"https:\/\/www.myrace.lt\/zarasai\/rezultatai-2024\" target=\"_blank\" rel=\"noopener\">Diplomai (2024)<\/a><\/span><\/strong><\/p>\n<p><strong><span style=\"font-size: 20px; color: #000080;\"><a style=\"color: #000080;\" href=\"https:\/\/www.myrace.lt\/zarasai\/dalyviai-2024\/\">Dalyviai, u\u017esiregistrav\u0119 internetu 2024<\/a><\/span><\/strong><\/p>\n<p><strong><span style=\"font-size: 20px; color: #000000;\"><a style=\"color: #000000;\" href=\"https:\/\/www.facebook.com\/media\/set\/?set=a.1144489300373188&amp;type=3\"><span style=\"color: #0000ff;\">Fotogalerija &#8211; Laisvalaikio Fotografas<\/span><\/a><\/span><\/strong><strong><br \/>\n<\/strong><\/p>\n<p><strong><span style=\"font-size: 20px; color: #0000ff;\"><a style=\"color: #0000ff;\" href=\"https:\/\/sportas24.lt\/lengvoji-atletika\/zarasu-pusmaratonio-ambasadorius-aleksandras-sorokinas-visa-diena-buvo-begiku-buryje\/\">MEDIA<\/a><\/span><\/strong><\/p>\n<p><a href=\"https:\/\/www.youtube.com\/watch?v=KEUrBcqekAI\"><strong><span style=\"font-size: 24px;\">Video<\/span><\/strong><\/a><\/p>\n<p><img loading=\"lazy\" decoding=\"async\" class=\"alignnone size-medium wp-image-412\" src=\"https:\/\/www.myrace.lt\/zarasai\/wp-content\/uploads\/sites\/14\/2024\/09\/458465232_1023319772808514_4266690106589108668_n-225x300.jpg\" alt=\"\" width=\"225\" height=\"300\" srcset=\"https:\/\/www.myrace.lt\/zarasai\/wp-content\/uploads\/sites\/14\/2024\/09\/458465232_1023319772808514_4266690106589108668_n-225x300.jpg 225w, https:\/\/www.myrace.lt\/zarasai\/wp-content\/uploads\/sites\/14\/2024\/09\/458465232_1023319772808514_4266690106589108668_n-768x1024.jpg 768w, https:\/\/www.myrace.lt\/zarasai\/wp-content\/uploads\/sites\/14\/2024\/09\/458465232_1023319772808514_4266690106589108668_n-1152x1536.jpg 1152w, https:\/\/www.myrace.lt\/zarasai\/wp-content\/uploads\/sites\/14\/2024\/09\/458465232_1023319772808514_4266690106589108668_n.jpg 1536w\" sizes=\"auto, (max-width: 225px) 100vw, 225px\" \/><\/p>\n<hr \/>\n<hr \/>\n<p><span style=\"color: #000000;\"><span style=\"font-size: 28px;\"><strong>III-<\/strong><\/span><strong style=\"font-size: 28px;\">asis Zaras\u0173 pusmaratonis (2023.09.03)<\/strong><\/span><\/p>\n<p><strong><span style=\"font-size: 20px; color: #000000;\"><a style=\"color: #000000;\" href=\"https:\/\/www.myrace.lt\/zarasai\/rezultatai-2023\/\"><span style=\"color: #000080;\">Rezultatai 2023<\/span><\/a><\/span><\/strong><\/p>\n<p><strong><span style=\"font-size: 20px; color: #000080;\"><a style=\"color: #000080;\" href=\"https:\/\/www.myrace.lt\/zarasai\/dalyviai-2023\/\">Dalyviai, u\u017esiregistrav\u0119 internetu 2023<\/a><\/span><\/strong><\/p>\n<p><strong><span style=\"font-size: 20px; color: #000000;\"><a style=\"color: #000000;\" href=\"https:\/\/www.facebook.com\/media\/set\/?set=a.2917071128552449&amp;type=3\"><span style=\"color: #0000ff;\">Fotogalerija #1 &#8211; Laisvalaikio Fotografas<\/span><\/a><\/span><\/strong><br \/>\n<strong><span style=\"font-size: 20px; color: #0000ff;\"><a style=\"color: #0000ff;\" href=\"https:\/\/www.facebook.com\/media\/set\/?set=a.901261471362640&amp;type=3\">Fotogalerija #2 &#8211; Rimvydas Vaitkevi\u010dius<\/a><\/span><\/strong><\/p>\n<p><strong><span style=\"font-size: 20px; color: #0000ff;\"><a style=\"color: #0000ff;\" href=\"https:\/\/sportas24.lt\/lengvoji-atletika\/zarasu-pusmaratonyje-jegas-bande-ir-naujo-pasaulio-rekordo-sturmui-besirengiantis-aleksandras-sorokinas\/\">MEDIA<\/a><\/span><\/strong><\/p>\n<p><a href=\"https:\/\/youtu.be\/ABGxGQi8yIc\"><strong><span style=\"font-size: 24px;\">Video<\/span><\/strong><\/a><\/p>\n<p><a href=\"https:\/\/youtu.be\/ABGxGQi8yIc\"><img loading=\"lazy\" decoding=\"async\" class=\"alignnone size-medium wp-image-343\" src=\"https:\/\/www.myrace.lt\/zarasai\/wp-content\/uploads\/sites\/14\/2024\/02\/xxfoto001-300x231.jpg\" alt=\"\" width=\"300\" height=\"231\" srcset=\"https:\/\/www.myrace.lt\/zarasai\/wp-content\/uploads\/sites\/14\/2024\/02\/xxfoto001-300x231.jpg 300w, https:\/\/www.myrace.lt\/zarasai\/wp-content\/uploads\/sites\/14\/2024\/02\/xxfoto001-1024x788.jpg 1024w, https:\/\/www.myrace.lt\/zarasai\/wp-content\/uploads\/sites\/14\/2024\/02\/xxfoto001-768x591.jpg 768w, https:\/\/www.myrace.lt\/zarasai\/wp-content\/uploads\/sites\/14\/2024\/02\/xxfoto001-1536x1182.jpg 1536w, https:\/\/www.myrace.lt\/zarasai\/wp-content\/uploads\/sites\/14\/2024\/02\/xxfoto001.jpg 1610w\" sizes=\"auto, (max-width: 300px) 100vw, 300px\" \/><\/a><\/p>\n<hr \/>\n<hr \/>\n<p><span style=\"font-size: 28px; color: #000000;\"><strong>II-asis Zaras\u0173 pusmaratonis (2022.09.04)<\/strong><\/span><\/p>\n<p><strong><span style=\"font-size: 20px; color: #000000;\"><a style=\"color: #000000;\" href=\"https:\/\/www.lbma.lt\/results\/rezultatai.php?race=286\"><span style=\"color: #000080;\">Rezultatai 2022<\/span><\/a><\/span><\/strong><br \/>\n<a href=\"https:\/\/www.myrace.lt\/zarasai\/rezultatai-2022-v\/?distancija=6\" target=\"_blank\" rel=\"noopener\"><strong><span style=\"font-size: 20px; color: #000080;\">Virtualaus b\u0117gimo rezultatai<\/span><\/strong><\/a><\/p>\n<p><strong><span style=\"font-size: 20px; color: #000080;\"><a style=\"color: #000080;\" href=\"https:\/\/www.myrace.lt\/zarasai\/dalyviai-2022\/\">Dalyviai, u\u017esiregistrav\u0119 internetu 2022<\/a><\/span><\/strong><\/p>\n<p><strong><span style=\"font-size: 20px; color: #0000ff;\"><a style=\"color: #0000ff;\" href=\"https:\/\/www.facebook.com\/media\/set\/?set=a.623546339134156&amp;type=3\">Fotogalerija #1 &#8211; Aleksandras Savickis<\/a><\/span><\/strong><br \/>\n<strong><span style=\"font-size: 20px; color: #0000ff;\"><a style=\"color: #0000ff;\" href=\"https:\/\/www.facebook.com\/media\/set\/?set=a.625220028966787&amp;type=3\">Fotogalerija #2 &#8211; Rimvydas Vaitkevi\u010dius<\/a><\/span><\/strong><\/p>\n<p><strong><span style=\"font-size: 20px; color: #0000ff;\"><a style=\"color: #0000ff;\" href=\"https:\/\/www.sportas.info\/svarbu\/po-pratybu-kenijos-aukstikalnese-pergalingas-aleksandro-sorokino-begimas-zarasu-pusmaratonyje\/\">MEDIA<\/a><\/span><\/strong><\/p>\n<p><strong><span style=\"font-size: 20px; color: #0000ff;\"><a style=\"color: #0000ff;\" href=\"https:\/\/www.youtube.com\/watch?v=BGSV8_JQrb8\">VIDEO:<\/a><\/span><\/strong><br \/>\n<a style=\"color: #000000;\" href=\"https:\/\/www.youtube.com\/watch?v=BGSV8_JQrb8\"><strong style=\"font-size: 28px;\"><img loading=\"lazy\" decoding=\"async\" class=\"alignnone wp-image-266 size-medium\" src=\"https:\/\/www.myrace.lt\/zarasai\/wp-content\/uploads\/sites\/14\/2022\/09\/DSC1014-300x200.jpg\" alt=\"\" width=\"300\" height=\"200\" srcset=\"https:\/\/www.myrace.lt\/zarasai\/wp-content\/uploads\/sites\/14\/2022\/09\/DSC1014-300x200.jpg 300w, https:\/\/www.myrace.lt\/zarasai\/wp-content\/uploads\/sites\/14\/2022\/09\/DSC1014-1024x683.jpg 1024w, https:\/\/www.myrace.lt\/zarasai\/wp-content\/uploads\/sites\/14\/2022\/09\/DSC1014-768x512.jpg 768w, https:\/\/www.myrace.lt\/zarasai\/wp-content\/uploads\/sites\/14\/2022\/09\/DSC1014-1536x1024.jpg 1536w, https:\/\/www.myrace.lt\/zarasai\/wp-content\/uploads\/sites\/14\/2022\/09\/DSC1014-2048x1365.jpg 2048w\" sizes=\"auto, (max-width: 300px) 100vw, 300px\" \/><\/strong><\/a><\/p>\n<hr \/>\n<hr \/>\n<p><span style=\"color: #000000;\"><span style=\"font-size: 28px;\"><strong>I-<\/strong><\/span><strong style=\"font-size: 28px;\">asis Zaras\u0173 pusmaratonis (2021.09.05)<\/strong><\/span><\/p>\n<p><strong><span style=\"font-size: 20px; color: #000000;\"><a style=\"color: #000000;\" href=\"https:\/\/www.myrace.lt\/zarasai\/rezultatai-2021\/\"><span style=\"color: #000080;\">Rezultatai 2021<\/span><\/a><\/span><\/strong><\/p>\n<p><strong><span style=\"font-size: 20px; color: #000080;\"><a style=\"color: #000080;\" href=\"https:\/\/www.myrace.lt\/zarasai\/dalyviai-2021\/\">Dalyviai, u\u017esiregistrav\u0119 internetu 2021<\/a><\/span><\/strong><\/p>\n<p><strong><span style=\"font-size: 20px; color: #000000;\"><a style=\"color: #000000;\" href=\"https:\/\/www.facebook.com\/media\/set\/?set=a.2917071128552449&amp;type=3\"><span style=\"color: #0000ff;\">Fotogalerija #1 &#8211; Art\u016bras \u0160irvaitis<\/span><\/a><\/span><\/strong><br \/>\n<strong><span style=\"font-size: 20px; color: #0000ff;\"><a style=\"color: #0000ff;\" href=\"https:\/\/www.facebook.com\/media\/set\/?set=a.2916026171990278&amp;type=3\">Fotogalerija #2 &#8211; Raminta Dubinskait\u0117<\/a><\/span><\/strong><\/p>\n<p><strong><span style=\"font-size: 20px; color: #0000ff;\"><a style=\"color: #0000ff;\" href=\"https:\/\/www.sportas.info\/lengvoji-atletika\/pirmajame-zarasu-pusmaratonyje-kauno-begimo-megeju-pergale\/\">MEDIA<\/a><\/span><\/strong><\/p>\n<p><img loading=\"lazy\" decoding=\"async\" class=\"alignnone size-medium wp-image-414\" src=\"https:\/\/www.myrace.lt\/zarasai\/wp-content\/uploads\/sites\/14\/2024\/09\/IMG_3-Copy-300x200.jpg\" alt=\"\" width=\"300\" height=\"200\" srcset=\"https:\/\/www.myrace.lt\/zarasai\/wp-content\/uploads\/sites\/14\/2024\/09\/IMG_3-Copy-300x200.jpg 300w, https:\/\/www.myrace.lt\/zarasai\/wp-content\/uploads\/sites\/14\/2024\/09\/IMG_3-Copy-1024x683.jpg 1024w, https:\/\/www.myrace.lt\/zarasai\/wp-content\/uploads\/sites\/14\/2024\/09\/IMG_3-Copy-768x512.jpg 768w, https:\/\/www.myrace.lt\/zarasai\/wp-content\/uploads\/sites\/14\/2024\/09\/IMG_3-Copy-1536x1024.jpg 1536w, https:\/\/www.myrace.lt\/zarasai\/wp-content\/uploads\/sites\/14\/2024\/09\/IMG_3-Copy-2048x1365.jpg 2048w\" sizes=\"auto, (max-width: 300px) 100vw, 300px\" \/><\/p>\n","protected":false},"excerpt":{"rendered":"<p>V-asis Zaras\u0173 pusmaratonis (2025.08.24) Rezultatai 2025 Diplomai (2025) Fotogalerija 2025 &#8211; Andrey Jay &nbsp; IV-asis Zaras\u0173 pusmaratonis (2024.09.01) Rezultatai 2024 Diplomai (2024) Dalyviai, u\u017esiregistrav\u0119 internetu 2024 Fotogalerija &#8211; Laisvalaikio Fotografas MEDIA Video III-asis Zaras\u0173 pusmaratonis (2023.09.03) Rezultatai 2023 Dalyviai, u\u017esiregistrav\u0119 internetu 2023 Fotogalerija #1 &#8211; Laisvalaikio Fotografas Fotogalerija #2 &#8211; Rimvydas Vaitkevi\u010dius MEDIA Video II-asis [&hellip;]<\/p>\n","protected":false},"author":2,"featured_media":0,"parent":0,"menu_order":0,"comment_status":"closed","ping_status":"closed","template":"","meta":{"footnotes":""},"class_list":["post-210","page","type-page","status-publish","hentry"],"_links":{"self":[{"href":"https:\/\/www.myrace.lt\/zarasai\/wp-json\/wp\/v2\/pages\/210","targetHints":{"allow":["GET"]}}],"collection":[{"href":"https:\/\/www.myrace.lt\/zarasai\/wp-json\/wp\/v2\/pages"}],"about":[{"href":"https:\/\/www.myrace.lt\/zarasai\/wp-json\/wp\/v2\/types\/page"}],"author":[{"embeddable":true,"href":"https:\/\/www.myrace.lt\/zarasai\/wp-json\/wp\/v2\/users\/2"}],"replies":[{"embeddable":true,"href":"https:\/\/www.myrace.lt\/zarasai\/wp-json\/wp\/v2\/comments?post=210"}],"version-history":[{"count":30,"href":"https:\/\/www.myrace.lt\/zarasai\/wp-json\/wp\/v2\/pages\/210\/revisions"}],"predecessor-version":[{"id":519,"href":"https:\/\/www.myrace.lt\/zarasai\/wp-json\/wp\/v2\/pages\/210\/revisions\/519"}],"wp:attachment":[{"href":"https:\/\/www.myrace.lt\/zarasai\/wp-json\/wp\/v2\/media?parent=210"}],"curies":[{"name":"wp","href":"https:\/\/api.w.org\/{rel}","templated":true}]}}