{"id":20,"date":"2020-07-08T10:56:58","date_gmt":"2020-07-08T12:56:58","guid":{"rendered":"https:\/\/www.myrace.lt\/zarasai\/?page_id=20"},"modified":"2026-04-07T15:00:22","modified_gmt":"2026-04-07T12:00:22","slug":"nuostatai","status":"publish","type":"page","link":"https:\/\/www.myrace.lt\/zarasai\/nuostatai\/","title":{"rendered":"Nuostatai"},"content":{"rendered":"<p style=\"text-align: center;\"><span style=\"color: #000000; font-size: 36px;\"><strong style=\"text-align: center;\">VI ZARAS\u0172 PUSMARATONIS<\/strong><\/span><\/p>\n<p style=\"text-align: center;\"><span style=\"font-size: 28px; color: #000000;\"><strong>NUOSTATAI<\/strong><\/span><\/p>\n<p>&nbsp;<\/p>\n<p><span style=\"font-size: 16px; color: #000000;\"><strong>I. TIKSLAI IR U\u017dDAVINIAI<\/strong><\/span><br \/>\n<span style=\"color: #000000;\">1. Populiarinti b\u0117gim\u0105, kaip sveikatingumo priemon\u0119.<\/span><br \/>\n<span style=\"color: #000000;\">2. Pl\u0117sti sporto m\u0117g\u0117j\u0173 masi\u0161kum\u0105.<\/span><br \/>\n<span style=\"color: #000000;\">3. Garsinti Zaras\u0173 kra\u0161to vard\u0105 \u0161alyje ir u\u017e jos rib\u0173.<\/span><br \/>\n<span style=\"color: #000000;\">4. Kelti sportinink\u0173 meistri\u0161kum\u0105, ugdyti i\u0161tverm\u0119, valios savybes.<\/span><br \/>\n<span style=\"color: #000000;\">5. I\u0161ai\u0161kinti ir pagerbti var\u017eyb\u0173 nugal\u0117tojus ir prizininkus.<\/span><\/p>\n<p><span style=\"color: #000000;\"><strong>II. VAR\u017dYB\u0172 VIETA, LAIKAS IR NUOTOLIAI<\/strong><\/span><br \/>\n<span style=\"color: #000000;\">1. B\u0117gimas organizuojamas 2026 m. rugs\u0117jo 6 d.(sekmadienis).<\/span><br \/>\n<span style=\"color: #000000;\">2. Dalyvi\u0173 numeriai bus i\u0161duodami: rugs\u0117jo\u00a0 6 d. nuo 9:00 val. iki 13:30 val. Zaras\u0173 S\u0117li\u0173 aik\u0161t\u0117je, starto vietoje.<\/span><br \/>\n<span style=\"color: #000000;\">3. Var\u017eyb\u0173 starto vieta &#8211; Zaras\u0173 S\u0117li\u0173 aik\u0161t\u0117.<\/span><\/p>\n<p><span style=\"color: #000000;\"><strong>III. STARTAI IR APDOVANOJIMAI<\/strong><\/span><br \/>\n<span style=\"color: #000000;\">1.1. 21,097 km, 10,5 km, 5 km bei estafet\u0117s dalyvi\u0173 numeri\u0173 i\u0161davimas pradedamas 9.30 val.<\/span><br \/>\n<span style=\"color: #000000;\">1.2. 1,2 km ir 550 m dalyvi\u0173 numeri\u0173 i\u0161davimas pradedamas nuo 11.30 val.<\/span><br \/>\n<span style=\"color: #000000;\">2.1. B\u0117gik\u0173 ap\u0161ilimas 11.00<\/span><br \/>\n<span style=\"color: #000000;\">2.2. Zaras\u0173 mero sveikinimo kalba 11.10<\/span><br \/>\n<span style=\"color: #000000;\">3.1. 21 km 098 m. Startas 11.15 val.<\/span><br \/>\n<span style=\"color: #000000;\">3.2. 10,5 km. Startas 11.15 val.<\/span><br \/>\n<span style=\"color: #000000;\">3.3. 5 km. Startas 11.15 val.<\/span><br \/>\n<span style=\"color: #000000;\">3<\/span><span style=\"color: #000000;\">.4. 1,2 km. Startas 13.30 val.<\/span><br \/>\n<span style=\"color: #000000;\">3.5. 550 m startas 13.45 val.<\/span><br \/>\n<span style=\"color: #000000;\">4. 14.15 val. b\u0117gimo nugal\u0117toj\u0173, prizinink\u0173 ir nominancij\u0173 nugal\u0117toj\u0173 apdovanojimai<\/span><\/p>\n<p><strong><em><span style=\"color: #000000;\">\u0160iaurieti\u0161ko \u0117jimo dalyviai startuoja kartu su b\u0117gimo dalyviais.<\/span><\/em><\/strong><\/p>\n<p><span style=\"color: #000000;\"><strong>IV. LAIKO LIMITAS<\/strong><\/span><br \/>\n<span style=\"color: #000000;\">1. Pusmaratonis \u2013 3 val.<\/span><br \/>\n<span style=\"color: #000000;\">2. 10.5 km b\u0117gimas \u2013 1 val. 30 min.<\/span><br \/>\n<span style=\"color: #000000;\">3. 5 km b\u0117gimas \u2013 60 minu\u010di\u0173.<\/span><br \/>\n<span style=\"color: #000000;\">4. 1,2 km \u2013 15 minu\u010di\u0173.<\/span><\/p>\n<p><span style=\"font-size: 20px;\"><strong><span style=\"color: #000000;\"><span style=\"font-size: 16px;\">V. DALYVIAI<\/span>\u00a0<\/span><\/strong><\/span><br \/>\n<span style=\"color: #000000;\">\u00a0Renginyje gali dalyvauti visi norintys, laisva valia, pasitikrin\u0119 sveikat\u0105 ir atsakingi u\u017e j\u0105. \u012esipareigoja d\u0117l to, nereik\u0161ti renginio organizatoriams joki\u0173 pretenzij\u0173.<\/span><br \/>\n<span style=\"color: #000000;\">Dalyviai neat\u0161aukiamai sutinka, kad neteiks pretenzij\u0173 ir nepra\u0161ys kompensacijos, jei dalyvio atvaizdas, nuotrauka bus naudojami renginio vaizdo \u012fra\u0161e ar naudojant jau sukurtas ir dar tik b\u016bsimas informacines technologijas, kitu b\u016bdu \u012fra\u0161yti, bei nufotografuoti, o \u0161i med\u017eiaga organizatori\u0173 ar tre\u010di\u0173j\u0173 asmen\u0173 gali b\u016bti naudojama ir vie\u0161inama \u012fstatym\u0173 nustatyta tvarka neribot\u0105 laik\u0105.<\/span><\/p>\n<p><span style=\"color: #000000;\"><strong>VI. AM\u017dIAUS GRUP\u0116S<\/strong><\/span><\/p>\n<p><span style=\"color: #000000;\">550 m,\u00a0 1.2 km, 5 km, 10 km &#8211; moter\u0173 ir vyr\u0173 am\u017eiaus grupi\u0173 n\u0117ra.<\/span><br \/>\n<span style=\"color: #000000;\">21 km 098 m. am\u017eiaus grup\u0117s:<\/span><\/p>\n<table style=\"width: 61.3587%;\" width=\"319\">\n<tbody>\n<tr>\n<td style=\"width: 48.2747%;\"><strong><span style=\"color: #000000;\">Moterys<\/span><\/strong><\/td>\n<td style=\"width: 93.4739%;\"><strong><span style=\"color: #000000;\">Vyrai<\/span><\/strong><\/td>\n<\/tr>\n<tr>\n<td style=\"width: 48.2747%;\"><\/td>\n<td style=\"width: 93.4739%;\"><\/td>\n<\/tr>\n<tr>\n<td style=\"width: 48.2747%;\"><em><strong><span style=\"color: #000000;\">M E\u00a0 \u00a02009-1985<\/span><\/strong><\/em><\/td>\n<td style=\"width: 93.4739%;\"><em><strong><span style=\"color: #000000;\">V E\u00a0 \u00a02009-1985<\/span><\/strong><\/em><\/td>\n<\/tr>\n<tr>\n<td style=\"width: 48.2747%;\"><em><strong><span style=\"color: #000000;\">M 40\u00a0 1986-1977<\/span><\/strong><\/em><\/td>\n<td style=\"width: 93.4739%;\"><em><strong><span style=\"color: #000000;\">V 40\u00a0 1986-1975<\/span><\/strong><\/em><\/td>\n<\/tr>\n<tr>\n<td style=\"width: 48.2747%;\"><em><strong><span style=\"color: #000000;\">M50\u00a0 1976 ir vyresn\u0117s<\/span><\/strong><\/em><\/td>\n<td style=\"width: 93.4739%;\"><em><strong><span style=\"color: #000000;\">V 50\u00a0 1976 ir vyresni<\/span><\/strong><\/em><\/td>\n<\/tr>\n<\/tbody>\n<\/table>\n<p><span style=\"color: #000000;\"><strong>VII. SPECIALIOS S\u0104LYGOS IR APRIBOJIMAI<\/strong><\/span><br \/>\n<span style=\"color: #000000;\">1. Dalyviai visose renginio distancijose dalyvauja su sportine apranga.<\/span><br \/>\n<span style=\"color: #000000;\">2. Ant mar\u0161kin\u0117li\u0173 tur\u0117ti pritvirtint\u0105 numer\u012f. Numeris segamas ant kr\u016btin\u0117s, gerai matomas.<\/span><br \/>\n<span style=\"color: #000000;\">3. Registruotis tik savo vardu. Negalima perduoti numerio kitam dalyviui, kitaip rezultatai bus anuliuojami, dalyvis diskvalifikuojamas.<\/span><br \/>\n<span style=\"color: #000000;\">4. Draud\u017eiama:<\/span><br \/>\n<span style=\"color: #000000;\">palaikantiems asmenims naudoti, bet kokias transporto priemones, pvz.: lyd\u0117ti b\u0117gant \u0161alia, dvira\u010diais, riedu\u010diais, bei kitas ratuotas priemones, &#8211; ved\u017eioti bet kokius gyv\u016bnus.<\/span><br \/>\n<span style=\"color: #000000;\">5. Trasoje bus i\u0161d\u0117styti keli atsigaivinimo punktai (vanduo, vaisiai).<\/span><br \/>\n<span style=\"color: #000000;\">Dalyvi\u0173 pretenzijos turi b\u016bti pareik\u0161tos ra\u0161tu var\u017eyb\u0173 vyr. teis\u0117jui ne v\u0117liau, kaip per 30 min. po var\u017eyb\u0173 pabaigos. Privaloma: pateikdamas pretenzij\u0105 sumok\u0117ti 30 Eur. mokest\u012f, kuris gr\u0105\u017einamas tuo atveju, jeigu vyr. teis\u0117jas pretenzij\u0105 patenkina. Jeigu dalyvis mokes\u010dio nesumoka, pretenzija nesvarstoma.<\/span><\/p>\n<p><span style=\"color: #000000;\"><strong>VIII. APDOVANOJIMAI<\/strong><\/span><br \/>\n<span style=\"color: #000000;\">1. Absoliu\u010di\u0173 pus\u0117s maratono (21 km 097 m.) b\u0117gimo dalyviai apdovanojami \u2013 1-3 vietas u\u017e\u0117m\u0119 dalyviai taur\u0117mis ir r\u0117m\u0117j\u0173 prizais. \u00a0Am\u017eiaus grup\u0117se \u2013 taur\u0117mis ir r\u0117m\u0117j\u0173 prizais.<\/span><br \/>\n<span style=\"color: #000000;\">10 km ir 5 km\u00a0 prizines vietas u\u017e\u0117m\u0119 dalyviai \u2013 r\u0117m\u0117j\u0173 \u012fsteigtais prizais ir taur\u0117mis.<\/span><br \/>\n<span style=\"color: #000000;\">3. Vyriausias ir jauniausias pus\u0117s maratono distancijos (21 km 97 m) dalyvis, i\u0161tvermingiausi zarasi\u0161kis ir zarasi\u0161k\u0117, gausiausia komanda, i\u0161tvermingiausia komanda &#8211; taur\u0117s ir r\u0117m\u0117j\u0173 prizais.<\/span><br \/>\n<span style=\"color: #000000;\">4. Visi renginio dalyviai apdovanojami atminimo medaliais ir r\u0117m\u0117j\u0173 prizais.<\/span><br \/>\n<span style=\"color: #000000;\">5. <\/span><span style=\"color: #000000;\">\u0160iaurieti\u0161ko \u0117jimo dalyviai apdovanojami renginio medaliais ir r\u0117m\u0117j\u0173 prizais.<\/span><br \/>\n<span style=\"color: #000000;\">6. Mero taur\u0117. I-III vieta. Ji bus skirta trims komandoms, kuri\u0173 keturi nariai bendroje sumoje sub\u0117gs grei\u010diausiai pusmaraton\u012f. <strong><span style=\"color: #800000;\">Komanda turi b\u016bti mi\u0161ri, t.y. komandoje turi b\u0117gti nors viena moteris arba nors vienas vyras.<\/span><\/strong><\/span><\/p>\n<p><span style=\"color: #000000;\">P.S. dalyviai, apdovanoti absoliu\u010dioje \u012fskaitoje, am\u017eiaus grupi\u0173 apdovanojimuose nebedalyvauja.<\/span><\/p>\n<p><span style=\"color: #000000;\"><strong>IX. REGISTRACIJA, STARTINIS MOKESTIS<\/strong><\/span><br \/>\n<span style=\"color: #000000;\">1. Dalyviai registruojasi internetin\u0117je svetain\u0117je<a style=\"color: #000000;\" href=\"https:\/\/www.myrace.lt\/zarasai\/\">: Zaras\u0173 pusmaratonis <\/a><\/span><br \/>\n<span style=\"color: #000000;\">2. Dalyvio startinis mokestis pervedamas \u012f s\u0105skait\u0105 \u201cPaySera\u201c sistemoje.<\/span><br \/>\n<span style=\"color: #000000;\">3. Startinis mokestis:<\/span><\/p>\n<table style=\"width: 94.0036%; height: 400px;\" width=\"671\">\n<tbody>\n<tr style=\"height: 71px;\">\n<td style=\"width: 16.8244%; height: 71px; text-align: right;\" width=\"151\"><\/td>\n<td style=\"width: 14.1342%; height: 71px; text-align: center;\" width=\"124\"><span style=\"color: #000000;\"><strong>2026.02.26 &#8211;\u00a0 2026.03.31<\/strong><\/span><\/td>\n<td style=\"width: 15.3014%; height: 71px; text-align: center;\" width=\"126\"><span style=\"color: #000000;\"><strong>2026.04.01 &#8211;\u00a0 2026.05.31<\/strong><\/span><\/td>\n<td style=\"width: 17.7169%; height: 71px; text-align: center;\" width=\"126\"><span style=\"color: #000000;\"><strong>2026.06.01 &#8211;\u00a0 2026.07.31<\/strong><\/span><\/td>\n<td style=\"width: 18.4407%; height: 71px; text-align: center;\" width=\"126\"><span style=\"color: #000000;\"><strong>2026.08.01 &#8211;\u00a0 2026.08.27<\/strong><\/span><\/td>\n<td style=\"width: 102.935%; height: 71px; text-align: center;\" width=\"134\"><span style=\"color: #000000;\"><strong>Renginio dien\u0105<\/strong><\/span><\/td>\n<\/tr>\n<tr style=\"height: 47px;\">\n<td style=\"width: 16.8244%; height: 47px; text-align: right;\" width=\"151\"><span style=\"color: #000000;\"><strong>21,097 km<\/strong><\/span><\/td>\n<td style=\"width: 14.1342%; height: 47px; text-align: center;\" width=\"126\"><em><strong><span style=\"color: #000000;\">15 \u20ac<\/span><\/strong><\/em><\/td>\n<td style=\"width: 15.3014%; height: 47px; text-align: center;\" width=\"126\"><em><strong><span style=\"color: #000000;\">20 \u20ac<\/span><\/strong><\/em><\/td>\n<td style=\"width: 17.7169%; height: 47px; text-align: center;\" width=\"126\"><em><strong><span style=\"color: #000000;\">25 \u20ac<\/span><\/strong><\/em><\/td>\n<td style=\"width: 18.4407%; height: 47px; text-align: center;\" width=\"126\"><em><strong><span style=\"color: #000000;\">30 \u20ac<\/span><\/strong><\/em><\/td>\n<td style=\"width: 102.935%; height: 47px; text-align: center;\" width=\"134\"><em><strong><span style=\"color: #000000;\">35 \u20ac<\/span><\/strong><\/em><\/td>\n<\/tr>\n<tr style=\"height: 47px;\">\n<td style=\"width: 16.8244%; height: 47px; text-align: right;\" width=\"151\"><span style=\"color: #000000;\"><strong>10,5 km<\/strong><\/span><\/td>\n<td style=\"width: 14.1342%; height: 47px; text-align: center;\" width=\"126\"><em><strong><span style=\"color: #000000;\">12 \u20ac<\/span><\/strong><\/em><\/td>\n<td style=\"width: 15.3014%; height: 47px; text-align: center;\" width=\"126\"><em><strong><span style=\"color: #000000;\">15 \u20ac<\/span><\/strong><\/em><\/td>\n<td style=\"width: 17.7169%; height: 47px; text-align: center;\" width=\"126\"><em><strong><span style=\"color: #000000;\">20 \u20ac<\/span><\/strong><\/em><\/td>\n<td style=\"width: 18.4407%; height: 47px; text-align: center;\" width=\"126\"><em><strong><span style=\"color: #000000;\">25 \u20ac<\/span><\/strong><\/em><\/td>\n<td style=\"width: 102.935%; height: 47px; text-align: center;\" width=\"134\"><em><strong><span style=\"color: #000000;\">30 \u20ac<\/span><\/strong><\/em><\/td>\n<\/tr>\n<tr style=\"height: 47px;\">\n<td style=\"width: 16.8244%; height: 47px; text-align: right;\" width=\"151\"><span style=\"color: #000000;\"><strong>5 km<\/strong><\/span><\/td>\n<td style=\"width: 14.1342%; height: 47px; text-align: center;\" width=\"126\"><em><strong><span style=\"color: #000000;\">10 \u20ac<\/span><\/strong><\/em><\/td>\n<td style=\"width: 15.3014%; height: 47px; text-align: center;\" width=\"126\"><em><strong><span style=\"color: #000000;\">13 \u20ac<\/span><\/strong><\/em><\/td>\n<td style=\"width: 17.7169%; height: 47px; text-align: center;\" width=\"126\"><em><strong><span style=\"color: #000000;\">15 \u20ac<\/span><\/strong><\/em><\/td>\n<td style=\"width: 18.4407%; height: 47px; text-align: center;\" width=\"126\"><em><strong><span style=\"color: #000000;\">18 \u20ac<\/span><\/strong><\/em><\/td>\n<td style=\"width: 102.935%; height: 47px; text-align: center;\" width=\"134\"><em><strong><span style=\"color: #000000;\">25 \u20ac<\/span><\/strong><\/em><\/td>\n<\/tr>\n<tr style=\"height: 47px;\">\n<td style=\"width: 16.8244%; height: 47px; text-align: right;\" width=\"151\"><span style=\"color: #000000;\"><strong>1,2 km<\/strong><\/span><\/td>\n<td style=\"width: 14.1342%; height: 47px; text-align: center;\" width=\"126\"><em><strong><span style=\"color: #000000;\">8 \u20ac<\/span><\/strong><\/em><\/td>\n<td style=\"width: 15.3014%; height: 47px; text-align: center;\" width=\"126\"><em><strong><span style=\"color: #000000;\">10 \u20ac<\/span><\/strong><\/em><\/td>\n<td style=\"width: 17.7169%; height: 47px; text-align: center;\" width=\"126\"><em><strong><span style=\"color: #000000;\">12 \u20ac<\/span><\/strong><\/em><\/td>\n<td style=\"width: 18.4407%; height: 47px; text-align: center;\" width=\"126\"><em><strong><span style=\"color: #000000;\">15 \u20ac<\/span><\/strong><\/em><\/td>\n<td style=\"width: 102.935%; height: 47px; text-align: center;\" width=\"134\"><em><strong><span style=\"color: #000000;\">20 \u20ac<\/span><\/strong><\/em><\/td>\n<\/tr>\n<tr style=\"height: 47px;\">\n<td style=\"width: 16.8244%; height: 47px; text-align: right;\" width=\"151\"><span style=\"color: #000000;\"><strong>550 m<\/strong><\/span><\/td>\n<td style=\"width: 14.1342%; height: 47px; text-align: center;\" width=\"126\"><em><strong><span style=\"color: #000000;\">7 \u20ac<\/span><\/strong><\/em><\/td>\n<td style=\"width: 15.3014%; height: 47px; text-align: center;\" width=\"126\"><em><strong><span style=\"color: #000000;\">9 \u20ac<\/span><\/strong><\/em><\/td>\n<td style=\"width: 17.7169%; height: 47px; text-align: center;\" width=\"126\"><em><strong><span style=\"color: #000000;\">11 \u20ac<\/span><\/strong><\/em><\/td>\n<td style=\"width: 18.4407%; height: 47px; text-align: center;\" width=\"126\"><em><strong><span style=\"color: #000000;\">13 \u20ac<\/span><\/strong><\/em><\/td>\n<td style=\"width: 102.935%; height: 47px; text-align: center;\" width=\"134\"><em><strong><span style=\"color: #000000;\">15 \u20ac<\/span><\/strong><\/em><\/td>\n<\/tr>\n<tr style=\"height: 47px;\">\n<td style=\"width: 16.8244%; text-align: right; height: 47px;\"><span style=\"color: #000000;\"><strong>5 km \u0161iaurieti\u0161kas \u0117jimas\u00a0<\/strong><\/span><\/td>\n<td style=\"width: 14.1342%; height: 47px; text-align: center;\" width=\"126\"><em><strong><span style=\"color: #000000;\">10 \u20ac<\/span><\/strong><\/em><\/td>\n<td style=\"width: 15.3014%; height: 47px; text-align: center;\" width=\"126\"><em><strong><span style=\"color: #000000;\">13 \u20ac<\/span><\/strong><\/em><\/td>\n<td style=\"width: 17.7169%; height: 47px; text-align: center;\" width=\"126\"><em><strong><span style=\"color: #000000;\">15 \u20ac<\/span><\/strong><\/em><\/td>\n<td style=\"width: 18.4407%; height: 47px; text-align: center;\" width=\"126\"><em><strong><span style=\"color: #000000;\">18 \u20ac<\/span><\/strong><\/em><\/td>\n<td style=\"width: 102.935%; height: 47px; text-align: center;\" width=\"134\"><em><strong><span style=\"color: #000000;\">25 \u20ac<\/span><\/strong><\/em><\/td>\n<\/tr>\n<tr style=\"height: 47px;\">\n<td style=\"width: 16.8244%; text-align: right; height: 47px;\"><span style=\"color: #000000;\"><strong>10.5 km \u0161iaurieti\u0161kas \u0117jimas\u00a0<\/strong><\/span><\/td>\n<td style=\"width: 14.1342%; height: 47px; text-align: center;\" width=\"126\"><em><strong><span style=\"color: #000000;\">12 \u20ac<\/span><\/strong><\/em><\/td>\n<td style=\"width: 15.3014%; height: 47px; text-align: center;\" width=\"126\"><em><strong><span style=\"color: #000000;\">15 \u20ac<\/span><\/strong><\/em><\/td>\n<td style=\"width: 17.7169%; height: 47px; text-align: center;\" width=\"126\"><em><strong><span style=\"color: #000000;\">20 \u20ac<\/span><\/strong><\/em><\/td>\n<td style=\"width: 18.4407%; height: 47px; text-align: center;\" width=\"134\"><em><strong><span style=\"color: #000000;\">25 \u20ac<\/span><\/strong><\/em><\/td>\n<td style=\"width: 102.935%; height: 47px; text-align: center;\" width=\"134\"><em><strong><span style=\"color: #000000;\">30 \u20ac<\/span><\/strong><\/em><\/td>\n<\/tr>\n<tr style=\"height: 47px;\">\n<td style=\"width: 16.8244%; text-align: right; height: 47px;\"><span style=\"color: #000000;\"><strong>Virtualus b\u0117gimas\u00a0<\/strong><\/span><\/td>\n<td style=\"width: 14.1342%; height: 47px; text-align: center;\" width=\"126\"><em><strong><span style=\"color: #000000;\">25 \u20ac<\/span><\/strong><\/em><\/td>\n<td style=\"width: 15.3014%; height: 47px; text-align: center;\" width=\"126\"><em><strong><span style=\"color: #000000;\">25 \u20ac<\/span><\/strong><\/em><\/td>\n<td style=\"width: 17.7169%; height: 47px; text-align: center;\" width=\"126\"><em><strong><span style=\"color: #000000;\">30 \u20ac<\/span><\/strong><\/em><\/td>\n<td style=\"width: 18.4407%; height: 47px; text-align: center;\" width=\"134\"><em><strong><span style=\"color: #000000;\">30 \u20ac<\/span><\/strong><\/em><\/td>\n<td style=\"width: 102.935%; height: 47px; text-align: center;\" width=\"134\"><em><strong><span style=\"color: #000000;\">35 \u20ac<\/span><\/strong><\/em><\/td>\n<\/tr>\n<\/tbody>\n<\/table>\n<p><span style=\"color: #000000;\">4. Dalyvio startinis mokestis negr\u0105\u017einamas.<\/span><br \/>\n<span style=\"color: #000000;\">5. Jei u\u017esiregistrav\u0119s dalyvis nori keisti rungt\u012f:<\/span><br \/>\n<span style=\"color: #000000;\">5.1 \u012f trumpesn\u0119, jis turi sumok\u0117ti rungties keitimo mokest\u012f \u2013 5 \u20ac<\/span><br \/>\n<span style=\"color: #000000;\">5.2 \u012f ilgesn\u0119, jis turi primok\u0117ti startinio mokes\u010dio skirtum\u0105, pagal \u0161iai dienai galiojant\u012f ilgesn\u0117s rungties startin\u012f mokest\u012f bei rungties keitimo 5 EUR mokest\u012f.<\/span><br \/>\n<span style=\"color: #000000;\">5.3 Norint perleisti registracij\u0105 kitam dalyviui mokamas 5 \u20ac mokestis.<\/span><br \/>\n<span style=\"color: #000000;\">5.4 Dalyvio duomen\u0173 atnaujinimo, keitimo mokestis 5 \u20ac. Pakeitimai atliekami iki 2026-08-20 imtinai, v\u0117liau jokie pakeitimai nebus galimi.<\/span><br \/>\n<span style=\"color: #000000;\">5.5 Registracijos, dalyvio duomen\u0173 keitimo mokestis\u00a0 pervedamas \u012f V\u0161\u012e Maratomanija s\u0105skait\u0105: SWEDBANK: LT 39 7300 0101 5760 4275<\/span><br \/>\n<span style=\"color: #800000;\">6.<strong> I\u0161ankstin\u0117 registracija internetu u\u017edaroma 2026-08-27 12.00 val.<\/strong><\/span><br \/>\n<span style=\"color: #000000;\">7. Dalyvi\u0173 s\u0105ra\u0161as:<\/span><br \/>\n<span style=\"color: #000000;\"><a style=\"color: #000000;\" href=\"https:\/\/www.myrace.lt\/zarasai\/dalyviai\/\">https:\/\/www.myrace.lt\/zarasai\/dalyviai\/<\/a><\/span><\/p>\n<p><span style=\"color: #000000;\"><strong>X. ASMENS DUOMEN\u0172 TVARKYMAS<\/strong><\/span><br \/>\n<span style=\"color: #000000;\">Kiekvienas u\u017esiregistrav\u0119s dalyvis, registruodamasis savaime sutinka, kad renginio organizatoriai visas renginio metu padarytas nuotraukas bei filmuot\u0105 med\u017eiag\u0105 gali laisvai ir be atskiro sutikimo naudoti rinkodaros tikslais.<\/span><br \/>\n<span style=\"color: #000000;\">Dalyvi\u0173 asmens duomenys: vardas, pavard\u0117, gimimo data, am\u017eius, lytis, klubas, miestas ir pasiektas rezultatas gali b\u016bti vie\u0161ai skelbiami rezultatuose internete ir kituose informaciniuose prane\u0161imuose apie \u0161\u012f b\u0117gim\u0105.<\/span><br \/>\n<span style=\"color: #000000;\">Asmeniniai duomenys naudojami var\u017eyb\u0173 organizavimo ir administravimo tikslais.<\/span><br \/>\n<span style=\"color: #000000;\">Duomenys apie dalyvio vard\u0105, pavard\u0119, gimimo dat\u0105, lyt\u012f, miest\u0105, rezultatas n\u0117ra i\u0161trinami ir saugomi statistikos, istoriniais tikslais.<\/span><br \/>\n<span style=\"color: #000000;\">Jei duomenys tvarkomi tiesiogin\u0117s rinkodaros tikslais, dalyvis gali nesutikti su tokiu tvarkymu, informav\u0119s el.pa\u0161to adresu <a style=\"color: #000000;\" href=\"mailto:maratomanija@gmail.com\">maratomanija@gmail.com<\/a>.<\/span><\/p>\n<p><span style=\"color: #000000;\"><strong>XI. MERO TAUR\u0116<\/strong><\/span><br \/>\n<span style=\"color: #000000;\">1. D\u0117l Mero taur\u0117s var\u017eosi 21,098 km distancijos dalyviai. <\/span><br \/>\n<span style=\"color: #000000;\">2. Skai\u010diuojami 4 vieno klubo nari\u0173 grei\u010diausi\u0173 b\u0117gik\u0173 \u012fveikto pusmaratonio laik\u0173 suma.\u00a0 <\/span><br \/>\n<span style=\"color: #000000;\">3<\/span><span style=\"color: #000000;\">. Komandos neskirstomos pagal lyt\u012f, bet vienas i\u0161 komandos nari\u0173 b\u016btinai turi b\u016bti moteris arba vyras.<\/span><\/p>\n<p>&nbsp;<\/p>\n<p><span style=\"color: #000000;\"><strong>XII. VIRTUALUS B\u0116GIMAS<\/strong><\/span><br \/>\n<span style=\"color: #000000;\">1. Virtualaus b\u0117gimo metu b\u0117gama viena i\u0161 \u0161i\u0173 distancij\u0173: 1 km, 5 km, 10 km, 21,1 km .<\/span><br \/>\n<span style=\"color: #000000;\">2. Laik\u0105 b\u0117gimo dalyviai matuoja savaranki\u0161kai b\u0117gdami savo pasirinktoje saugioje trasoje, naudodami bet koki\u0105 vie\u0161ai ir laisvai prieinam\u0105 sporto program\u0117le(pvz.: Strava, Nike Run Club, Garmin ir kitos), i\u0161mani\u0173j\u0173 laikrod\u017ei\u0173 nuotraukos ir pan., svarbiausia, kad ai\u0161kiai b\u016bt\u0173 matomas \u012fveiktas atstumas ir laikas.<\/span><br \/>\n<span style=\"color: #000000;\">3. Virtuali\u0173 var\u017eyb\u0173 dalyviai savo asmenin\u012f rezultat\u0105 privalo atsi\u0173sti el.pa\u0161tu zarasu.pusmaratonis@gmail.com.<\/span><br \/>\n<span style=\"color: #000000;\">4. Dalyvis savo pasirinkt\u0105 tras\u0105 turi \u012fveikti rugs\u0117jo 3-6 dienomis. Rezultatai patvirtinami, tikslinami bei \u012ftraukiami \u012f protokol\u0105 iki rugs\u0117jo 7 d. 18.00 val.<\/span><br \/>\n<span style=\"color: #000000;\">5. J\u016bs\u0173 pasiektas rezultatas bus vie\u0161ai skelbiamas oficialiame var\u017eyb\u0173 protokole ir var\u017eyb\u0173 puslapyje, skiltyje \u201eRezultatai\u201c.<\/span><br \/>\n<span style=\"color: #000000;\">6. Fini\u0161avus Zaras\u0173 pusmaratonio virtualiame b\u0117gime ir pateikus rezultat\u0105, Jums J\u016bs\u0173 nurodytu pa\u0161tu bus i\u0161si\u0173stas medalis (u\u017esisakius siuntim\u0105). Dalyviai norintis gauti medal\u012f pa\u0161tu privalo kartu su rezultatu para\u0161yti savo adres\u0105 \u012f el.pa\u0161t\u0105: zarasu.pusmaratonis@gmail.com. Dalyvio medaliai bus atsi\u0173sti iki rugs\u0117jo 30 d.<\/span><\/p>\n<p>&nbsp;<\/p>\n<p><span style=\"color: #000000;\"><strong>XIV. BAIGIAMOSIOS NUOSTATOS<\/strong><\/span><br \/>\n<span style=\"color: #000000;\">Rengin\u012f organizuoja\u00a0 V\u0161\u012e\u00a0 Maratomanija, V\u0161\u012e Sorokin Team,\u00a0 Zaras\u0173 rajono savivaldyb\u0117, Zaras\u0173 sporto centras.<\/span><br \/>\n<span style=\"color: #000000;\">B\u0117gimo organizatoriai pasilieka teis\u0119, reikalui esant, keisti var\u017eyb\u0173 taisykles.<\/span><br \/>\n<span style=\"color: #000000;\">Informacija pasiteiravimui tel. +370 615 32233<\/span><\/p>\n<p>&nbsp;<\/p>\n<p>&nbsp;<\/p>\n","protected":false},"excerpt":{"rendered":"<p>VI ZARAS\u0172 PUSMARATONIS NUOSTATAI &nbsp; I. TIKSLAI IR U\u017dDAVINIAI 1. Populiarinti b\u0117gim\u0105, kaip sveikatingumo priemon\u0119. 2. Pl\u0117sti sporto m\u0117g\u0117j\u0173 masi\u0161kum\u0105. 3. Garsinti Zaras\u0173 kra\u0161to vard\u0105 \u0161alyje ir u\u017e jos rib\u0173. 4. Kelti sportinink\u0173 meistri\u0161kum\u0105, ugdyti i\u0161tverm\u0119, valios savybes. 5. I\u0161ai\u0161kinti ir pagerbti var\u017eyb\u0173 nugal\u0117tojus ir prizininkus. II. VAR\u017dYB\u0172 VIETA, LAIKAS IR NUOTOLIAI 1. B\u0117gimas organizuojamas [&hellip;]<\/p>\n","protected":false},"author":1,"featured_media":0,"parent":0,"menu_order":0,"comment_status":"closed","ping_status":"closed","template":"templates\/full-width-page.php","meta":{"footnotes":""},"class_list":["post-20","page","type-page","status-publish","hentry"],"_links":{"self":[{"href":"https:\/\/www.myrace.lt\/zarasai\/wp-json\/wp\/v2\/pages\/20","targetHints":{"allow":["GET"]}}],"collection":[{"href":"https:\/\/www.myrace.lt\/zarasai\/wp-json\/wp\/v2\/pages"}],"about":[{"href":"https:\/\/www.myrace.lt\/zarasai\/wp-json\/wp\/v2\/types\/page"}],"author":[{"embeddable":true,"href":"https:\/\/www.myrace.lt\/zarasai\/wp-json\/wp\/v2\/users\/1"}],"replies":[{"embeddable":true,"href":"https:\/\/www.myrace.lt\/zarasai\/wp-json\/wp\/v2\/comments?post=20"}],"version-history":[{"count":109,"href":"https:\/\/www.myrace.lt\/zarasai\/wp-json\/wp\/v2\/pages\/20\/revisions"}],"predecessor-version":[{"id":525,"href":"https:\/\/www.myrace.lt\/zarasai\/wp-json\/wp\/v2\/pages\/20\/revisions\/525"}],"wp:attachment":[{"href":"https:\/\/www.myrace.lt\/zarasai\/wp-json\/wp\/v2\/media?parent=20"}],"curies":[{"name":"wp","href":"https:\/\/api.w.org\/{rel}","templated":true}]}}