{"id":133,"date":"2022-02-18T13:45:08","date_gmt":"2022-02-18T11:45:08","guid":{"rendered":"https:\/\/www.myrace.lt\/vilniaustiltai\/?page_id=133"},"modified":"2025-07-15T02:08:25","modified_gmt":"2025-07-14T23:08:25","slug":"trasa","status":"publish","type":"page","link":"https:\/\/www.myrace.lt\/vilniaustiltai\/trasa\/","title":{"rendered":"Trasa"},"content":{"rendered":"<p style=\"text-align: center;\"><span style=\"font-size: 24px;\">Maratono &#8222;Vilniaus Tiltai&#8221; b\u0117gimo trasos:<\/span><\/p>\n<p style=\"text-align: center;\"><span style=\"font-size: 20px;\"><strong>Mylios trasa:<\/strong><\/span><\/p>\n<p style=\"text-align: center;\"><a href=\"https:\/\/www.mappedometer.com\/?maproute=913424\">Mylia<\/a><\/p>\n<p style=\"text-align: center;\"><img loading=\"lazy\" decoding=\"async\" class=\"alignnone size-full wp-image-192\" src=\"https:\/\/www.myrace.lt\/vilniaustiltai\/wp-content\/uploads\/sites\/7\/2022\/06\/mylia.png\" alt=\"\" width=\"1026\" height=\"647\" srcset=\"https:\/\/www.myrace.lt\/vilniaustiltai\/wp-content\/uploads\/sites\/7\/2022\/06\/mylia.png 1026w, https:\/\/www.myrace.lt\/vilniaustiltai\/wp-content\/uploads\/sites\/7\/2022\/06\/mylia-300x189.png 300w, https:\/\/www.myrace.lt\/vilniaustiltai\/wp-content\/uploads\/sites\/7\/2022\/06\/mylia-1024x646.png 1024w, https:\/\/www.myrace.lt\/vilniaustiltai\/wp-content\/uploads\/sites\/7\/2022\/06\/mylia-768x484.png 768w\" sizes=\"auto, (max-width: 1026px) 100vw, 1026px\" \/><\/p>\n<p>&nbsp;<\/p>\n<p style=\"text-align: center;\"><strong><span style=\"font-size: 20px;\">5,5km distancijos ratas:<\/span><\/strong><\/p>\n<p style=\"text-align: center;\"><span style=\"font-size: 36px;\">Bus atnaujinta art\u0117jant renginiui<\/span><\/p>\n<p>&nbsp;<\/p>\n<p>&nbsp;<\/p>\n<p style=\"text-align: center;\"><span style=\"font-size: 20px;\"><strong>10,6km, Pusmaratonio ir Maratono distancij\u0173 trasa:<\/strong><\/span><\/p>\n<p style=\"text-align: center;\">10,6km -1 ratas;<\/p>\n<p style=\"text-align: center;\">Pusmaratonis &#8211; 2 ratai;<\/p>\n<p style=\"text-align: center;\">Maratonas &#8211; 4 ratai;<\/p>\n<p style=\"text-align: center;\"><a href=\"https:\/\/www.mappedometer.com\/?maproute=982453\">10,6 km ratas:<\/a><\/p>\n<p><img loading=\"lazy\" decoding=\"async\" class=\"alignnone size-full wp-image-190\" src=\"https:\/\/www.myrace.lt\/vilniaustiltai\/wp-content\/uploads\/sites\/7\/2022\/06\/maproute913422..png\" alt=\"\" width=\"1321\" height=\"661\" srcset=\"https:\/\/www.myrace.lt\/vilniaustiltai\/wp-content\/uploads\/sites\/7\/2022\/06\/maproute913422..png 1321w, https:\/\/www.myrace.lt\/vilniaustiltai\/wp-content\/uploads\/sites\/7\/2022\/06\/maproute913422.-300x150.png 300w, https:\/\/www.myrace.lt\/vilniaustiltai\/wp-content\/uploads\/sites\/7\/2022\/06\/maproute913422.-1024x512.png 1024w, https:\/\/www.myrace.lt\/vilniaustiltai\/wp-content\/uploads\/sites\/7\/2022\/06\/maproute913422.-768x384.png 768w\" sizes=\"auto, (max-width: 1321px) 100vw, 1321px\" \/><\/p>\n<p>&nbsp;<\/p>\n<p style=\"text-align: center;\">\n","protected":false},"excerpt":{"rendered":"<p>Maratono &#8222;Vilniaus Tiltai&#8221; b\u0117gimo trasos: Mylios trasa: Mylia &nbsp; 5,5km distancijos ratas: Bus atnaujinta art\u0117jant renginiui &nbsp; &nbsp; 10,6km, Pusmaratonio ir Maratono distancij\u0173 trasa: 10,6km -1 ratas; Pusmaratonis &#8211; 2 ratai; Maratonas &#8211; 4 ratai; 10,6 km ratas: &nbsp;<\/p>\n","protected":false},"author":2,"featured_media":0,"parent":0,"menu_order":0,"comment_status":"closed","ping_status":"closed","template":"","meta":{"footnotes":""},"class_list":["post-133","page","type-page","status-publish","hentry"],"_links":{"self":[{"href":"https:\/\/www.myrace.lt\/vilniaustiltai\/wp-json\/wp\/v2\/pages\/133","targetHints":{"allow":["GET"]}}],"collection":[{"href":"https:\/\/www.myrace.lt\/vilniaustiltai\/wp-json\/wp\/v2\/pages"}],"about":[{"href":"https:\/\/www.myrace.lt\/vilniaustiltai\/wp-json\/wp\/v2\/types\/page"}],"author":[{"embeddable":true,"href":"https:\/\/www.myrace.lt\/vilniaustiltai\/wp-json\/wp\/v2\/users\/2"}],"replies":[{"embeddable":true,"href":"https:\/\/www.myrace.lt\/vilniaustiltai\/wp-json\/wp\/v2\/comments?post=133"}],"version-history":[{"count":10,"href":"https:\/\/www.myrace.lt\/vilniaustiltai\/wp-json\/wp\/v2\/pages\/133\/revisions"}],"predecessor-version":[{"id":487,"href":"https:\/\/www.myrace.lt\/vilniaustiltai\/wp-json\/wp\/v2\/pages\/133\/revisions\/487"}],"wp:attachment":[{"href":"https:\/\/www.myrace.lt\/vilniaustiltai\/wp-json\/wp\/v2\/media?parent=133"}],"curies":[{"name":"wp","href":"https:\/\/api.w.org\/{rel}","templated":true}]}}