{"id":131,"date":"2022-02-18T13:44:55","date_gmt":"2022-02-18T11:44:55","guid":{"rendered":"https:\/\/www.myrace.lt\/vilniaustiltai\/?page_id=131"},"modified":"2023-07-13T11:20:16","modified_gmt":"2023-07-13T08:20:16","slug":"rezultatai-2022","status":"publish","type":"page","link":"https:\/\/www.myrace.lt\/vilniaustiltai\/rezultatai\/rezultatai-2022\/","title":{"rendered":"Rezultatai 2022"},"content":{"rendered":"<ul>\n<li><a href=\"https:\/\/www.lbma.lt\/results\/rezultatai.php?race=276&amp;d=1\">Maratonas<\/a><\/li>\n<li><a href=\"https:\/\/www.lbma.lt\/results\/rezultatai.php?race=276&amp;d=2\">Pusmaratonis<\/a><\/li>\n<li><a href=\"https:\/\/www.lbma.lt\/results\/rezultatai.php?race=276&amp;d=2\">10,6 km<\/a><\/li>\n<li><a href=\"https:\/\/www.lbma.lt\/results\/rezultatai.php?race=276&amp;d=4\">5,3 km<\/a><\/li>\n<li><a href=\"https:\/\/www.lbma.lt\/results\/rezultatai.php?race=276&amp;d=5\">Mylia<\/a><\/li>\n<li><a href=\"https:\/\/www.lbma.lt\/results\/rezultatai.php?race=276&amp;d=6\">500m<\/a><\/li>\n<li>Virtualus b\u0117gimas<\/li>\n<\/ul>\n<style type=\"text\/css\">\ntd {\n\tborder: 1px solid #ddd;\n\tpadding: 2px;\n\tvertical-align: middle;\n  }\n}\n<\/style>\n\n\n\t<link rel=\"stylesheet\" type=\"text\/css\" href=\"\/registravimas\/tools\/color_myrace.css\" \/>\n\t<link rel=\"stylesheet\" type=\"text\/css\" href=\"\/registravimas\/tools\/rezultatai.css\" \/><div><form name=\"f_distancija\">Pasirinkite distancij\u0105: <select style=\"width: 320px\" id=\"filtrai\" onchange=\"distancija()\"><option value=\"0\" selected=\"selected\">Visos distancijos<\/option><option value=\"1\">Maratonas<\/option><option value=\"2\"> Pusmaratonis<\/option><option value=\"3\"> 10.6km<\/option><option value=\"4\"> 5.3km<\/option><option value=\"5\"> 500m<\/option><option value=\"6\"> Virtualus b\u0117gimas<\/option><option value=\"7\"> 5.3km \u0161iaurieti\u0161kas \u0117jimas<\/option><option value=\"8\"> 10.6km \u0161iaurieti\u0161kas \u0117jimas<\/option><option value=\"9\"> 21.1km \u0161iaurieti\u0161kas \u0117jimas<\/option><option value=\"10\"> Mar\u0161kin\u0117liai<\/option><\/select>\n\t<\/form>\n\t<script type=\"text\/javascript\">function distancija() {filtras=document.f_distancija.filtrai.value;document.location.href = \"?distancija=\" + filtras;}\n\t<\/script><\/div><div style=\"overflow-x:auto;\"><table class=\"rezai\" width=\"1024px\" border=\"1\" cellspacing=\"0\" cellpadding=\"2\"><tr class=\"rezai\"><th width=\"40px\"><a href=\"?pagal=id\">Eil.<br\/>Nr.<\/a><\/th><th width=\"70\">Diplomas<\/th><th width=\"40px\"><a href=\"?pagal=nr\">Nr.<\/a><\/th><th width=\"70px\"><a href=\"?pagal=vardas\">Vardas<\/a><\/th><th width=\"70px\"><a href=\"?pagal=pavarde\">Pavard\u0117<\/a><\/th><th width=\"40px\"><a href=\"?pagal=lytis\">Lytis<\/a><\/th><th width=\"50px\"><a href=\"?pagal=gimimo\">Gimimo<br\/>metai<\/a><\/th><th width=\"50px\"><a href=\"?pagal=salis\">\u0160alis<\/a><\/th><th width=\"100px\"><a href=\"?pagal=miestas\">Miestas<\/a><\/th><th width=\"150px\"><a href=\"?pagal=klubas\">Klubas<\/a><\/th><th width=\"100px\"><a href=\"?pagal=distancija\">Distancija<\/a><\/th><th width=\"60px\"><a href=\"?pagal=rezultatas\">Rezultatas<\/a><\/th><th width=\"50px\"><a href=\"?pagal=greitis\">1 km greitis<\/a><\/th><\/tr><tr class=\"meniuoff\" onmouseover=\"className=&quot;meniuon&quot;\" onmouseout=\"className=&quot;meniuoff&quot;\"><td width=\"40px\">1.<\/td><td><a href=\"https:\/\/www.myrace.lt\/diplomas\/diplomas.php?id=4545\" target=\"_blank\">\n\t\t\t\t\t\t\t<img decoding=\"async\" src=\"\/diplomas\/diplomai\/ico-covid1.jpg\"><\/a><\/td><td width=\"40px\"><\/td><td style=\"text-align: right; padding-right: 10px;\" width=\"70px\">Salom\u0117ja<\/td><td style=\"text-align: left; padding-left: 10px;\" width=\"70px\">Bu\u0161kien\u0117<\/td><td width=\"40px\">M<\/td><td width=\"50px\">1986<\/td><td width=\"50px\">LT<\/td><td width=\"100px\">\u0160iauliai<\/td><td width=\"150px\"><\/td><td width=\"100px\">(V) 10<\/td><td width=\"60px\">0:49:34<\/td><td width=\"50px\">04:57<\/td><\/tr><tr class=\"meniuoff\" onmouseover=\"className=&quot;meniuon&quot;\" onmouseout=\"className=&quot;meniuoff&quot;\"><td width=\"40px\">2.<\/td><td><a href=\"https:\/\/www.myrace.lt\/diplomas\/diplomas.php?id=4546\" target=\"_blank\">\n\t\t\t\t\t\t\t<img decoding=\"async\" src=\"\/diplomas\/diplomai\/ico-covid1.jpg\"><\/a><\/td><td width=\"40px\"><\/td><td style=\"text-align: right; padding-right: 10px;\" width=\"70px\">Virginijus<\/td><td style=\"text-align: left; padding-left: 10px;\" width=\"70px\">Dubauskis<\/td><td width=\"40px\">V<\/td><td width=\"50px\">1963<\/td><td width=\"50px\">LT<\/td><td width=\"100px\">Palanga<\/td><td width=\"150px\"><\/td><td width=\"100px\">(V) 10<\/td><td width=\"60px\">0:54:26<\/td><td width=\"50px\">05:27<\/td><\/tr><tr class=\"meniuoff\" onmouseover=\"className=&quot;meniuon&quot;\" onmouseout=\"className=&quot;meniuoff&quot;\"><td width=\"40px\">3.<\/td><td><a href=\"https:\/\/www.myrace.lt\/diplomas\/diplomas.php?id=4547\" target=\"_blank\">\n\t\t\t\t\t\t\t<img decoding=\"async\" src=\"\/diplomas\/diplomai\/ico-covid1.jpg\"><\/a><\/td><td width=\"40px\"><\/td><td style=\"text-align: right; padding-right: 10px;\" width=\"70px\">Zenius<\/td><td style=\"text-align: left; padding-left: 10px;\" width=\"70px\">Bal\u010diauskas<\/td><td width=\"40px\">V<\/td><td width=\"50px\">1954<\/td><td width=\"50px\">LT<\/td><td width=\"100px\">Pasvalys<\/td><td width=\"150px\">V\u0117tra<\/td><td width=\"100px\">(V) 10<\/td><td width=\"60px\">0:59:44<\/td><td width=\"50px\">05:58<\/td><\/tr><tr class=\"meniuoff\" onmouseover=\"className=&quot;meniuon&quot;\" onmouseout=\"className=&quot;meniuoff&quot;\"><td width=\"40px\">4.<\/td><td><a href=\"https:\/\/www.myrace.lt\/diplomas\/diplomas.php?id=4548\" target=\"_blank\">\n\t\t\t\t\t\t\t<img decoding=\"async\" src=\"\/diplomas\/diplomai\/ico-covid1.jpg\"><\/a><\/td><td width=\"40px\"><\/td><td style=\"text-align: right; padding-right: 10px;\" width=\"70px\">Zigmantas<\/td><td style=\"text-align: left; padding-left: 10px;\" width=\"70px\">Rimkus<\/td><td width=\"40px\">V<\/td><td width=\"50px\">1959<\/td><td width=\"50px\">LT<\/td><td width=\"100px\">Pasvalys<\/td><td width=\"150px\">V\u0117tra<\/td><td width=\"100px\">(V) 10<\/td><td width=\"60px\">0:59:44<\/td><td width=\"50px\">05:58<\/td><\/tr><tr class=\"meniuoff\" onmouseover=\"className=&quot;meniuon&quot;\" onmouseout=\"className=&quot;meniuoff&quot;\"><td width=\"40px\">5.<\/td><td><a href=\"https:\/\/www.myrace.lt\/diplomas\/diplomas.php?id=4549\" target=\"_blank\">\n\t\t\t\t\t\t\t<img decoding=\"async\" src=\"\/diplomas\/diplomai\/ico-covid1.jpg\"><\/a><\/td><td width=\"40px\"><\/td><td style=\"text-align: right; padding-right: 10px;\" width=\"70px\">Art\u016bras<\/td><td style=\"text-align: left; padding-left: 10px;\" width=\"70px\">Ko\u0161ikas<\/td><td width=\"40px\">V<\/td><td width=\"50px\">1980<\/td><td width=\"50px\">LT<\/td><td width=\"100px\">Raseiniai<\/td><td width=\"150px\"><\/td><td width=\"100px\">(V) 10<\/td><td width=\"60px\">1:04:22<\/td><td width=\"50px\">06:26<\/td><\/tr><tr class=\"meniuoff\" onmouseover=\"className=&quot;meniuon&quot;\" onmouseout=\"className=&quot;meniuoff&quot;\"><td width=\"40px\">6.<\/td><td><a href=\"https:\/\/www.myrace.lt\/diplomas\/diplomas.php?id=4550\" target=\"_blank\">\n\t\t\t\t\t\t\t<img decoding=\"async\" src=\"\/diplomas\/diplomai\/ico-covid1.jpg\"><\/a><\/td><td width=\"40px\"><\/td><td style=\"text-align: right; padding-right: 10px;\" width=\"70px\">Laima<\/td><td style=\"text-align: left; padding-left: 10px;\" width=\"70px\">Zabarauskait\u0117<\/td><td width=\"40px\">M<\/td><td width=\"50px\">1973<\/td><td width=\"50px\">LT<\/td><td width=\"100px\">Utena<\/td><td width=\"150px\"><\/td><td width=\"100px\">(V) 1<\/td><td width=\"60px\">0:06:45<\/td><td width=\"50px\">06:45<\/td><\/tr><tr class=\"meniuoff\" onmouseover=\"className=&quot;meniuon&quot;\" onmouseout=\"className=&quot;meniuoff&quot;\"><td width=\"40px\">7.<\/td><td style=\"color: red\">wait rez<\/td><td width=\"40px\"><\/td><td style=\"text-align: right; padding-right: 10px;\" width=\"70px\">Aldona<\/td><td style=\"text-align: left; padding-left: 10px;\" width=\"70px\">Andriu\u0161kien\u0117<\/td><td width=\"40px\">M<\/td><td width=\"50px\">1962<\/td><td width=\"50px\">LT<\/td><td width=\"100px\">Ma\u017eeikiai<\/td><td width=\"150px\">5 Kalnai<\/td><td width=\"100px\"><\/td><td width=\"60px\"><\/td><td width=\"50px\"><\/td><\/tr><tr class=\"meniuoff\" onmouseover=\"className=&quot;meniuon&quot;\" onmouseout=\"className=&quot;meniuoff&quot;\"><td width=\"40px\">8.<\/td><td style=\"color: red\">wait rez<\/td><td width=\"40px\"><\/td><td style=\"text-align: right; padding-right: 10px;\" width=\"70px\">Aust\u0117<\/td><td style=\"text-align: left; padding-left: 10px;\" width=\"70px\">Atgalainyt\u0117<\/td><td width=\"40px\">M<\/td><td width=\"50px\">1994<\/td><td width=\"50px\">LT<\/td><td width=\"100px\">Kaunas<\/td><td width=\"150px\"><\/td><td width=\"100px\"><\/td><td width=\"60px\"><\/td><td width=\"50px\"><\/td><\/tr><tr class=\"meniuoff\" onmouseover=\"className=&quot;meniuon&quot;\" onmouseout=\"className=&quot;meniuoff&quot;\"><td width=\"40px\">9.<\/td><td style=\"color: red\">wait rez<\/td><td width=\"40px\"><\/td><td style=\"text-align: right; padding-right: 10px;\" width=\"70px\">Jonas<\/td><td style=\"text-align: left; padding-left: 10px;\" width=\"70px\">A\u017eukas<\/td><td width=\"40px\">V<\/td><td width=\"50px\">1981<\/td><td width=\"50px\">LT<\/td><td width=\"100px\">Vilniaus r.<\/td><td width=\"150px\">B\u0117gimo klubas<\/td><td width=\"100px\"><\/td><td width=\"60px\"><\/td><td width=\"50px\"><\/td><\/tr><tr class=\"meniuoff\" onmouseover=\"className=&quot;meniuon&quot;\" onmouseout=\"className=&quot;meniuoff&quot;\"><td width=\"40px\">10.<\/td><td style=\"color: red\">wait rez<\/td><td width=\"40px\"><\/td><td style=\"text-align: right; padding-right: 10px;\" width=\"70px\">Lina<\/td><td style=\"text-align: left; padding-left: 10px;\" width=\"70px\">Bacevi\u010di\u016bt\u0117<\/td><td width=\"40px\">M<\/td><td width=\"50px\">1990<\/td><td width=\"50px\">LT<\/td><td width=\"100px\">Kaunas<\/td><td width=\"150px\"><\/td><td width=\"100px\"><\/td><td width=\"60px\"><\/td><td width=\"50px\"><\/td><\/tr><tr class=\"meniuoff\" onmouseover=\"className=&quot;meniuon&quot;\" onmouseout=\"className=&quot;meniuoff&quot;\"><td width=\"40px\">11.<\/td><td style=\"color: red\">wait rez<\/td><td width=\"40px\"><\/td><td style=\"text-align: right; padding-right: 10px;\" width=\"70px\">Dalius<\/td><td style=\"text-align: left; padding-left: 10px;\" width=\"70px\">Rimsa<\/td><td width=\"40px\">V<\/td><td width=\"50px\">1974<\/td><td width=\"50px\">LT<\/td><td width=\"100px\">Utena<\/td><td width=\"150px\"><\/td><td width=\"100px\"><\/td><td width=\"60px\"><\/td><td width=\"50px\"><\/td><\/tr><tr class=\"meniuoff\" onmouseover=\"className=&quot;meniuon&quot;\" onmouseout=\"className=&quot;meniuoff&quot;\"><td width=\"40px\">12.<\/td><td style=\"color: red\">wait rez<\/td><td width=\"40px\"><\/td><td style=\"text-align: right; padding-right: 10px;\" width=\"70px\">Dainius<\/td><td style=\"text-align: left; padding-left: 10px;\" width=\"70px\">Stulgys<\/td><td width=\"40px\">V<\/td><td width=\"50px\">1960<\/td><td width=\"50px\">LT<\/td><td width=\"100px\">Vilnius<\/td><td width=\"150px\"><\/td><td width=\"100px\"><\/td><td width=\"60px\"><\/td><td width=\"50px\"><\/td><\/tr><tr class=\"meniuoff\" onmouseover=\"className=&quot;meniuon&quot;\" onmouseout=\"className=&quot;meniuoff&quot;\"><td width=\"40px\">13.<\/td><td style=\"color: red\">wait rez<\/td><td width=\"40px\"><\/td><td style=\"text-align: right; padding-right: 10px;\" width=\"70px\">Tomas<\/td><td style=\"text-align: left; padding-left: 10px;\" width=\"70px\">Stumbrys<\/td><td width=\"40px\">V<\/td><td width=\"50px\">1990<\/td><td width=\"50px\">LT<\/td><td width=\"100px\">Kauno r.<\/td><td width=\"150px\"><\/td><td width=\"100px\"><\/td><td width=\"60px\"><\/td><td width=\"50px\"><\/td><\/tr><tr class=\"meniuoff\" onmouseover=\"className=&quot;meniuon&quot;\" onmouseout=\"className=&quot;meniuoff&quot;\"><td width=\"40px\">14.<\/td><td style=\"color: red\">wait rez<\/td><td width=\"40px\"><\/td><td style=\"text-align: right; padding-right: 10px;\" width=\"70px\">Solveig\u00e0<\/td><td style=\"text-align: left; padding-left: 10px;\" width=\"70px\">Urnikyte<\/td><td width=\"40px\">M<\/td><td width=\"50px\">1974<\/td><td width=\"50px\">LT<\/td><td width=\"100px\">Gargzdai<\/td><td width=\"150px\"><\/td><td width=\"100px\"><\/td><td width=\"60px\"><\/td><td width=\"50px\"><\/td><\/tr><tr class=\"meniuoff\" onmouseover=\"className=&quot;meniuon&quot;\" onmouseout=\"className=&quot;meniuoff&quot;\"><td width=\"40px\">15.<\/td><td style=\"color: red\">wait rez<\/td><td width=\"40px\"><\/td><td style=\"text-align: right; padding-right: 10px;\" width=\"70px\">Art\u016bras<\/td><td style=\"text-align: left; padding-left: 10px;\" width=\"70px\">Vanagas<\/td><td width=\"40px\">V<\/td><td width=\"50px\">1978<\/td><td width=\"50px\">LT<\/td><td width=\"100px\">Vilnius<\/td><td width=\"150px\">Maratomanija<\/td><td width=\"100px\"><\/td><td width=\"60px\"><\/td><td width=\"50px\"><\/td><\/tr><tr class=\"meniuoff\" onmouseover=\"className=&quot;meniuon&quot;\" onmouseout=\"className=&quot;meniuoff&quot;\"><td width=\"40px\">16.<\/td><td style=\"color: red\">wait rez<\/td><td width=\"40px\"><\/td><td style=\"text-align: right; padding-right: 10px;\" width=\"70px\">Eljotas<\/td><td style=\"text-align: left; padding-left: 10px;\" width=\"70px\">Zaremba<\/td><td width=\"40px\">V<\/td><td width=\"50px\">2017<\/td><td width=\"50px\">FR<\/td><td width=\"100px\">Pary\u017eius<\/td><td width=\"150px\">Fight Club Elis p<\/td><td width=\"100px\"><\/td><td width=\"60px\"><\/td><td width=\"50px\"><\/td><\/tr><\/table><\/div>\n<p>&nbsp;<\/p>\n","protected":false},"excerpt":{"rendered":"<p>Maratonas Pusmaratonis 10,6 km 5,3 km Mylia 500m Virtualus b\u0117gimas &nbsp;<\/p>\n","protected":false},"author":2,"featured_media":0,"parent":337,"menu_order":0,"comment_status":"closed","ping_status":"closed","template":"templates\/full-width-page.php","meta":{"footnotes":""},"class_list":["post-131","page","type-page","status-publish","hentry"],"_links":{"self":[{"href":"https:\/\/www.myrace.lt\/vilniaustiltai\/wp-json\/wp\/v2\/pages\/131","targetHints":{"allow":["GET"]}}],"collection":[{"href":"https:\/\/www.myrace.lt\/vilniaustiltai\/wp-json\/wp\/v2\/pages"}],"about":[{"href":"https:\/\/www.myrace.lt\/vilniaustiltai\/wp-json\/wp\/v2\/types\/page"}],"author":[{"embeddable":true,"href":"https:\/\/www.myrace.lt\/vilniaustiltai\/wp-json\/wp\/v2\/users\/2"}],"replies":[{"embeddable":true,"href":"https:\/\/www.myrace.lt\/vilniaustiltai\/wp-json\/wp\/v2\/comments?post=131"}],"version-history":[{"count":9,"href":"https:\/\/www.myrace.lt\/vilniaustiltai\/wp-json\/wp\/v2\/pages\/131\/revisions"}],"predecessor-version":[{"id":349,"href":"https:\/\/www.myrace.lt\/vilniaustiltai\/wp-json\/wp\/v2\/pages\/131\/revisions\/349"}],"up":[{"embeddable":true,"href":"https:\/\/www.myrace.lt\/vilniaustiltai\/wp-json\/wp\/v2\/pages\/337"}],"wp:attachment":[{"href":"https:\/\/www.myrace.lt\/vilniaustiltai\/wp-json\/wp\/v2\/media?parent=131"}],"curies":[{"name":"wp","href":"https:\/\/api.w.org\/{rel}","templated":true}]}}