{"id":327,"date":"2023-10-10T16:00:23","date_gmt":"2023-10-10T13:00:23","guid":{"rendered":"https:\/\/www.myrace.lt\/utenoshipodromomaratonas\/?page_id=327"},"modified":"2024-10-08T23:13:07","modified_gmt":"2024-10-08T20:13:07","slug":"2023-metai","status":"publish","type":"page","link":"https:\/\/www.myrace.lt\/utenoshipodromomaratonas\/2023-metai\/","title":{"rendered":"2023 METAI"},"content":{"rendered":"<h3><span style=\"font-size: 20px; color: #000080;\"><strong><a style=\"color: #000080;\" href=\"https:\/\/www.myrace.lt\/utenoshipodromomaratonas\/rezultatai\/rezultatai-2023\/\">DIPLOMAI<\/a><\/strong><\/span><\/h3>\n<h3>REZULTATAI:<\/h3>\n<p><span id=\"sample-permalink\"><a href=\"https:\/\/www.myrace.lt\/utenoshipodromomaratonas\/rezultatai-2023\/\">https:\/\/www.myrace.lt\/utenoshipodromomaratonas\/<span id=\"editable-post-name\">rezultatai-2023<\/span>\/<\/a><\/span>\u00a0\u200e<\/p>\n<h3>Nuotrauk\u0173 galerija:<\/h3>\n<p><a href=\"https:\/\/www.facebook.com\/media\/set\/?set=a.915557866599667&amp;type=3\">I albumas<\/a><\/p>\n<p><a title=\"II albumas\" href=\"https:\/\/www.facebook.com\/media\/set\/?set=a.914893599999427&amp;type=3\">II albumas<\/a><\/p>\n<p><b>MEDIA:<\/b><\/p>\n<blockquote class=\"wp-embedded-content\" data-secret=\"JMz5Az0wdg\"><p><a href=\"https:\/\/sportas24.lt\/lengvoji-atletika\/nakti-prapliupusi-liutis-neisgasdino-utenos-hipodromo-maratono-dalyviu\/\">Nakt\u012f prapliupusi li\u016btis nei\u0161g\u0105sdino Utenos hipodromo maratono dalyvi\u0173<\/a><\/p><\/blockquote>\n<p><iframe loading=\"lazy\" class=\"wp-embedded-content\" sandbox=\"allow-scripts\" security=\"restricted\" style=\"position: absolute; visibility: hidden;\" title=\"&#8220;Nakt\u012f prapliupusi li\u016btis nei\u0161g\u0105sdino Utenos hipodromo maratono dalyvi\u0173&#8221; &#8212; Sportas24\" src=\"https:\/\/sportas24.lt\/lengvoji-atletika\/nakti-prapliupusi-liutis-neisgasdino-utenos-hipodromo-maratono-dalyviu\/embed\/#?secret=LN70F1C9AQ#?secret=JMz5Az0wdg\" data-secret=\"JMz5Az0wdg\" width=\"600\" height=\"338\" frameborder=\"0\" marginwidth=\"0\" marginheight=\"0\" scrolling=\"no\"><\/iframe><\/p>\n<p>&nbsp;<\/p>\n<p><strong>U\u017dSIREGISTRAV\u0118 DALYVIAI:<\/strong><\/p>\n<blockquote class=\"wp-embedded-content\" data-secret=\"0OqEumRVlm\"><p><a href=\"https:\/\/www.myrace.lt\/utenoshipodromomaratonas\/dalyviai-2023\/\">DALYVIAI-2023<\/a><\/p><\/blockquote>\n<p><iframe loading=\"lazy\" class=\"wp-embedded-content\" sandbox=\"allow-scripts\" security=\"restricted\" style=\"position: absolute; clip: rect(1px, 1px, 1px, 1px);\" title=\"&#8220;DALYVIAI-2023&#8221; &#8212; IV UTENOS HIPODROMO MARATONAS\" src=\"https:\/\/www.myrace.lt\/utenoshipodromomaratonas\/dalyviai-2023\/embed\/#?secret=XVVJkWpzQw#?secret=0OqEumRVlm\" data-secret=\"0OqEumRVlm\" width=\"600\" height=\"338\" frameborder=\"0\" marginwidth=\"0\" marginheight=\"0\" scrolling=\"no\"><\/iframe><\/p>\n","protected":false},"excerpt":{"rendered":"<p>DIPLOMAI REZULTATAI: https:\/\/www.myrace.lt\/utenoshipodromomaratonas\/rezultatai-2023\/\u00a0\u200e Nuotrauk\u0173 galerija: I albumas II albumas MEDIA: Nakt\u012f prapliupusi li\u016btis nei\u0161g\u0105sdino Utenos hipodromo maratono dalyvi\u0173 &nbsp; U\u017dSIREGISTRAV\u0118 DALYVIAI: DALYVIAI-2023<\/p>\n","protected":false},"author":2,"featured_media":0,"parent":0,"menu_order":0,"comment_status":"closed","ping_status":"closed","template":"","meta":{"footnotes":""},"class_list":["post-327","page","type-page","status-publish","hentry"],"_links":{"self":[{"href":"https:\/\/www.myrace.lt\/utenoshipodromomaratonas\/wp-json\/wp\/v2\/pages\/327","targetHints":{"allow":["GET"]}}],"collection":[{"href":"https:\/\/www.myrace.lt\/utenoshipodromomaratonas\/wp-json\/wp\/v2\/pages"}],"about":[{"href":"https:\/\/www.myrace.lt\/utenoshipodromomaratonas\/wp-json\/wp\/v2\/types\/page"}],"author":[{"embeddable":true,"href":"https:\/\/www.myrace.lt\/utenoshipodromomaratonas\/wp-json\/wp\/v2\/users\/2"}],"replies":[{"embeddable":true,"href":"https:\/\/www.myrace.lt\/utenoshipodromomaratonas\/wp-json\/wp\/v2\/comments?post=327"}],"version-history":[{"count":3,"href":"https:\/\/www.myrace.lt\/utenoshipodromomaratonas\/wp-json\/wp\/v2\/pages\/327\/revisions"}],"predecessor-version":[{"id":391,"href":"https:\/\/www.myrace.lt\/utenoshipodromomaratonas\/wp-json\/wp\/v2\/pages\/327\/revisions\/391"}],"wp:attachment":[{"href":"https:\/\/www.myrace.lt\/utenoshipodromomaratonas\/wp-json\/wp\/v2\/media?parent=327"}],"curies":[{"name":"wp","href":"https:\/\/api.w.org\/{rel}","templated":true}]}}