{"id":265,"date":"2022-10-11T23:44:24","date_gmt":"2022-10-11T20:44:24","guid":{"rendered":"https:\/\/www.myrace.lt\/utenoshipodromomaratonas\/?page_id=265"},"modified":"2026-02-19T18:02:56","modified_gmt":"2026-02-19T16:02:56","slug":"galerija","status":"publish","type":"page","link":"https:\/\/www.myrace.lt\/utenoshipodromomaratonas\/galerija\/","title":{"rendered":"GALERIJA"},"content":{"rendered":"<h3 style=\"text-align: center;\"><em><span style=\"font-size: 20px;\">I Utenos Hipodromo Maratonas (2019-10-04)<\/span><\/em><\/h3>\n<p><img loading=\"lazy\" decoding=\"async\" class=\"aligncenter wp-image-482 size-medium\" src=\"https:\/\/www.myrace.lt\/utenoshipodromomaratonas\/wp-content\/uploads\/sites\/13\/2026\/02\/119045527_204307497763368_5484518425131337297_n-mjEDNnRGLRhXXyje-242x300.jpg\" alt=\"\" width=\"242\" height=\"300\" srcset=\"https:\/\/www.myrace.lt\/utenoshipodromomaratonas\/wp-content\/uploads\/sites\/13\/2026\/02\/119045527_204307497763368_5484518425131337297_n-mjEDNnRGLRhXXyje-242x300.jpg 242w, https:\/\/www.myrace.lt\/utenoshipodromomaratonas\/wp-content\/uploads\/sites\/13\/2026\/02\/119045527_204307497763368_5484518425131337297_n-mjEDNnRGLRhXXyje.jpg 711w\" sizes=\"auto, (max-width: 242px) 100vw, 242px\" \/><\/p>\n<p>&nbsp;<\/p>\n<p><strong>NUOTRAUK\u0172 GALERIJA:<\/strong><\/p>\n<p><a title=\"I ALBUMAS\" href=\"https:\/\/www.facebook.com\/media\/set\/?vanity=103591334501652&amp;set=a.213486593512125\">I ALBUMAS<\/a><\/p>\n<p><a title=\"II ALBUMAS\" href=\"https:\/\/www.facebook.com\/permalink.php?story_fbid=213765886817529&amp;id=103591334501652\">II ALBUMAS<\/a><\/p>\n<p><strong>VIDEO:<\/strong><\/p>\n<p><span style=\"color: #800080;\"><strong><a style=\"color: #800080;\" href=\"https:\/\/youtu.be\/4xDMSzaZvY8?list=TLGGCfFpsEYEO80yNTA4MjAyMg\">2020 video filmas<\/a><\/strong><\/span><\/p>\n<h3 style=\"text-align: center;\"><\/h3>\n<h3><\/h3>\n<h3 style=\"text-align: center;\"><em><span style=\"font-size: 20px;\">II Utenos Hipodromo Maratonas (2021-10-10)<\/span><\/em><\/h3>\n<p><img loading=\"lazy\" decoding=\"async\" class=\"aligncenter wp-image-484 size-medium\" src=\"https:\/\/www.myrace.lt\/utenoshipodromomaratonas\/wp-content\/uploads\/sites\/13\/2026\/02\/20211010_0926-img_3759-A3Q4G1kgEkHrxPBa-1-226x300.jpg\" alt=\"\" width=\"226\" height=\"300\" srcset=\"https:\/\/www.myrace.lt\/utenoshipodromomaratonas\/wp-content\/uploads\/sites\/13\/2026\/02\/20211010_0926-img_3759-A3Q4G1kgEkHrxPBa-1-226x300.jpg 226w, https:\/\/www.myrace.lt\/utenoshipodromomaratonas\/wp-content\/uploads\/sites\/13\/2026\/02\/20211010_0926-img_3759-A3Q4G1kgEkHrxPBa-1-773x1024.jpg 773w, https:\/\/www.myrace.lt\/utenoshipodromomaratonas\/wp-content\/uploads\/sites\/13\/2026\/02\/20211010_0926-img_3759-A3Q4G1kgEkHrxPBa-1-768x1018.jpg 768w, https:\/\/www.myrace.lt\/utenoshipodromomaratonas\/wp-content\/uploads\/sites\/13\/2026\/02\/20211010_0926-img_3759-A3Q4G1kgEkHrxPBa-1-1159x1536.jpg 1159w, https:\/\/www.myrace.lt\/utenoshipodromomaratonas\/wp-content\/uploads\/sites\/13\/2026\/02\/20211010_0926-img_3759-A3Q4G1kgEkHrxPBa-1.jpg 1452w\" sizes=\"auto, (max-width: 226px) 100vw, 226px\" \/><\/p>\n<h3 style=\"text-align: left;\">Nuotrauk\u0173 galerija:<\/h3>\n<p><a href=\"https:\/\/www.facebook.com\/media\/set\/?vanity=103591334501652&amp;set=a.437780284416087\">I albumas<\/a><\/p>\n<p><a title=\"II albumas\" href=\"https:\/\/www.facebook.com\/media\/set\/?vanity=benjaminas.pakenis&amp;set=a.4433969080015739\">II albumas<\/a><\/p>\n<p><b>VIDEO:<\/b><\/p>\n<p><span style=\"color: #800080;\"><strong><a style=\"color: #800080;\" href=\"https:\/\/youtu.be\/rAOF0gOvcX4?list=TLGGbYoULscGxRAyNTA4MjAyMg\">2021 met\u0173 video filmukas<\/a><\/strong><\/span><\/p>\n<p>&nbsp;<\/p>\n<p>&nbsp;<\/p>\n<h3 style=\"text-align: center;\"><em><span style=\"font-size: 20px;\">III Utenos Hipodromo Maratonas (2022-10-09<\/span><\/em>)<\/h3>\n<p><img loading=\"lazy\" decoding=\"async\" class=\"aligncenter wp-image-480 size-medium\" src=\"https:\/\/www.myrace.lt\/utenoshipodromomaratonas\/wp-content\/uploads\/sites\/13\/2026\/02\/382812649_9978753275528177_5194744350949367679_n-YKb1ZK8p6LsBpwp5-225x300.jpg\" alt=\"\" width=\"225\" height=\"300\" srcset=\"https:\/\/www.myrace.lt\/utenoshipodromomaratonas\/wp-content\/uploads\/sites\/13\/2026\/02\/382812649_9978753275528177_5194744350949367679_n-YKb1ZK8p6LsBpwp5-225x300.jpg 225w, https:\/\/www.myrace.lt\/utenoshipodromomaratonas\/wp-content\/uploads\/sites\/13\/2026\/02\/382812649_9978753275528177_5194744350949367679_n-YKb1ZK8p6LsBpwp5-768x1024.jpg 768w, https:\/\/www.myrace.lt\/utenoshipodromomaratonas\/wp-content\/uploads\/sites\/13\/2026\/02\/382812649_9978753275528177_5194744350949367679_n-YKb1ZK8p6LsBpwp5-1152x1536.jpg 1152w, https:\/\/www.myrace.lt\/utenoshipodromomaratonas\/wp-content\/uploads\/sites\/13\/2026\/02\/382812649_9978753275528177_5194744350949367679_n-YKb1ZK8p6LsBpwp5.jpg 1530w\" sizes=\"auto, (max-width: 225px) 100vw, 225px\" \/><\/p>\n<h3 style=\"text-align: left;\">Nuotrauk\u0173 galerija:<\/h3>\n<p><a href=\"https:\/\/www.facebook.com\/media\/set\/?set=a.758265568695955&amp;type=3\">I albumas<\/a><\/p>\n<p><a title=\"II albumas\" href=\"https:\/\/www.facebook.com\/media\/set\/?vanity=100035375574282&amp;set=a.759025305286648\">II albumas<\/a><\/p>\n<p><a href=\"https:\/\/www.facebook.com\/media\/set\/?vanity=FotoUtena&amp;set=a.134911472624602\">III albumas<\/a><\/p>\n<p><a title=\"II albumas\" href=\"https:\/\/www.facebook.com\/media\/set\/?set=a.5534933823252587&amp;type=3\">IV albumas<\/a><\/p>\n<p><b>VIDEO:<\/b><\/p>\n<p><strong><a href=\"https:\/\/www.youtube.com\/watch?v=2lLSliVJ5gA&amp;t=2s\">2022 met\u0173 video filmukas<\/a><\/strong><\/p>\n<p>&nbsp;<\/p>\n<h3 style=\"text-align: center;\"><em><span style=\"font-size: 20px;\">IV Utenos Hipodromo Maratonas (2023-09-24<\/span><\/em>)<\/h3>\n<p><img loading=\"lazy\" decoding=\"async\" class=\"aligncenter wp-image-483 size-medium\" src=\"https:\/\/www.myrace.lt\/utenoshipodromomaratonas\/wp-content\/uploads\/sites\/13\/2026\/02\/311017983_8063154977088026_3775487941781599697_n-A1aDzWgk79SP478D-223x300.jpg\" alt=\"\" width=\"223\" height=\"300\" srcset=\"https:\/\/www.myrace.lt\/utenoshipodromomaratonas\/wp-content\/uploads\/sites\/13\/2026\/02\/311017983_8063154977088026_3775487941781599697_n-A1aDzWgk79SP478D-223x300.jpg 223w, https:\/\/www.myrace.lt\/utenoshipodromomaratonas\/wp-content\/uploads\/sites\/13\/2026\/02\/311017983_8063154977088026_3775487941781599697_n-A1aDzWgk79SP478D-762x1024.jpg 762w, https:\/\/www.myrace.lt\/utenoshipodromomaratonas\/wp-content\/uploads\/sites\/13\/2026\/02\/311017983_8063154977088026_3775487941781599697_n-A1aDzWgk79SP478D-768x1032.jpg 768w, https:\/\/www.myrace.lt\/utenoshipodromomaratonas\/wp-content\/uploads\/sites\/13\/2026\/02\/311017983_8063154977088026_3775487941781599697_n-A1aDzWgk79SP478D-1143x1536.jpg 1143w, https:\/\/www.myrace.lt\/utenoshipodromomaratonas\/wp-content\/uploads\/sites\/13\/2026\/02\/311017983_8063154977088026_3775487941781599697_n-A1aDzWgk79SP478D.jpg 1152w\" sizes=\"auto, (max-width: 223px) 100vw, 223px\" \/><\/p>\n<h3 style=\"text-align: left;\">Nuotrauk\u0173 galerija:<\/h3>\n<p><a href=\"https:\/\/www.facebook.com\/media\/set\/?set=a.914893599999427&amp;type=3\">I albumas<\/a><\/p>\n<p><a title=\"II albumas\" href=\"https:\/\/www.facebook.com\/media\/set\/?set=a.915557866599667&amp;type=3\">II albumas<\/a><\/p>\n<p>&nbsp;<\/p>\n<h3 style=\"text-align: center;\"><em><span style=\"font-size: 20px;\">V Utenos Hipodromo Maratonas (2024-10-06<\/span><\/em>)<\/h3>\n<p><img loading=\"lazy\" decoding=\"async\" class=\"aligncenter wp-image-478 size-medium\" src=\"https:\/\/www.myrace.lt\/utenoshipodromomaratonas\/wp-content\/uploads\/sites\/13\/2026\/02\/484384981_1320589899130183_3627622254991342919_n-200x300.jpg\" alt=\"\" width=\"200\" height=\"300\" srcset=\"https:\/\/www.myrace.lt\/utenoshipodromomaratonas\/wp-content\/uploads\/sites\/13\/2026\/02\/484384981_1320589899130183_3627622254991342919_n-200x300.jpg 200w, https:\/\/www.myrace.lt\/utenoshipodromomaratonas\/wp-content\/uploads\/sites\/13\/2026\/02\/484384981_1320589899130183_3627622254991342919_n-683x1024.jpg 683w, https:\/\/www.myrace.lt\/utenoshipodromomaratonas\/wp-content\/uploads\/sites\/13\/2026\/02\/484384981_1320589899130183_3627622254991342919_n-768x1151.jpg 768w, https:\/\/www.myrace.lt\/utenoshipodromomaratonas\/wp-content\/uploads\/sites\/13\/2026\/02\/484384981_1320589899130183_3627622254991342919_n-1025x1536.jpg 1025w, https:\/\/www.myrace.lt\/utenoshipodromomaratonas\/wp-content\/uploads\/sites\/13\/2026\/02\/484384981_1320589899130183_3627622254991342919_n.jpg 1366w\" sizes=\"auto, (max-width: 200px) 100vw, 200px\" \/><\/p>\n<h3 style=\"text-align: left;\">Nuotrauk\u0173 galerija:<\/h3>\n<p><a href=\"https:\/\/www.facebook.com\/media\/set\/?set=a.1207784143744093&amp;type=3\">I albumas- Alius Sultanovas<\/a><\/p>\n<p><a title=\"II albumas\" href=\"https:\/\/www.facebook.com\/media\/set\/?set=a.1208735580315616&amp;type=3\">II albumas- Andrey Soyka \u2013 maratonas\/pusmaratonis<\/a><\/p>\n<p>&nbsp;<\/p>\n<h3 style=\"text-align: center;\"><em><span style=\"font-size: 20px;\">VI Utenos Hipodromo Maratonas (2025-10-04<\/span><\/em>)<\/h3>\n<p><img loading=\"lazy\" decoding=\"async\" class=\"aligncenter wp-image-417 size-medium\" src=\"https:\/\/www.myrace.lt\/utenoshipodromomaratonas\/wp-content\/uploads\/sites\/13\/2025\/04\/UTENOS-HIPODROMO-MARATONAS-GlobalArtGifts_Alieen-03-225x300.jpg\" alt=\"\" width=\"225\" height=\"300\" srcset=\"https:\/\/www.myrace.lt\/utenoshipodromomaratonas\/wp-content\/uploads\/sites\/13\/2025\/04\/UTENOS-HIPODROMO-MARATONAS-GlobalArtGifts_Alieen-03-225x300.jpg 225w, https:\/\/www.myrace.lt\/utenoshipodromomaratonas\/wp-content\/uploads\/sites\/13\/2025\/04\/UTENOS-HIPODROMO-MARATONAS-GlobalArtGifts_Alieen-03-768x1024.jpg 768w, https:\/\/www.myrace.lt\/utenoshipodromomaratonas\/wp-content\/uploads\/sites\/13\/2025\/04\/UTENOS-HIPODROMO-MARATONAS-GlobalArtGifts_Alieen-03-1152x1536.jpg 1152w, https:\/\/www.myrace.lt\/utenoshipodromomaratonas\/wp-content\/uploads\/sites\/13\/2025\/04\/UTENOS-HIPODROMO-MARATONAS-GlobalArtGifts_Alieen-03.jpg 1440w\" sizes=\"auto, (max-width: 225px) 100vw, 225px\" \/><\/p>\n<h3 style=\"text-align: left;\">Nuotrauk\u0173 galerija:<\/h3>\n<p><a href=\"https:\/\/www.facebook.com\/media\/set\/?set=a.1480945996427905&amp;type=3\">Albumas- Andrey Soyka<\/a><\/p>\n<p>&nbsp;<\/p>\n","protected":false},"excerpt":{"rendered":"<p>I Utenos Hipodromo Maratonas (2019-10-04) &nbsp; NUOTRAUK\u0172 GALERIJA: I ALBUMAS II ALBUMAS VIDEO: 2020 video filmas II Utenos Hipodromo Maratonas (2021-10-10) Nuotrauk\u0173 galerija: I albumas II albumas VIDEO: 2021 met\u0173 video filmukas &nbsp; &nbsp; III Utenos Hipodromo Maratonas (2022-10-09) Nuotrauk\u0173 galerija: I albumas II albumas III albumas IV albumas VIDEO: 2022 met\u0173 video filmukas &nbsp; [&hellip;]<\/p>\n","protected":false},"author":2,"featured_media":0,"parent":0,"menu_order":0,"comment_status":"closed","ping_status":"closed","template":"","meta":{"footnotes":""},"class_list":["post-265","page","type-page","status-publish","hentry"],"_links":{"self":[{"href":"https:\/\/www.myrace.lt\/utenoshipodromomaratonas\/wp-json\/wp\/v2\/pages\/265","targetHints":{"allow":["GET"]}}],"collection":[{"href":"https:\/\/www.myrace.lt\/utenoshipodromomaratonas\/wp-json\/wp\/v2\/pages"}],"about":[{"href":"https:\/\/www.myrace.lt\/utenoshipodromomaratonas\/wp-json\/wp\/v2\/types\/page"}],"author":[{"embeddable":true,"href":"https:\/\/www.myrace.lt\/utenoshipodromomaratonas\/wp-json\/wp\/v2\/users\/2"}],"replies":[{"embeddable":true,"href":"https:\/\/www.myrace.lt\/utenoshipodromomaratonas\/wp-json\/wp\/v2\/comments?post=265"}],"version-history":[{"count":10,"href":"https:\/\/www.myrace.lt\/utenoshipodromomaratonas\/wp-json\/wp\/v2\/pages\/265\/revisions"}],"predecessor-version":[{"id":485,"href":"https:\/\/www.myrace.lt\/utenoshipodromomaratonas\/wp-json\/wp\/v2\/pages\/265\/revisions\/485"}],"wp:attachment":[{"href":"https:\/\/www.myrace.lt\/utenoshipodromomaratonas\/wp-json\/wp\/v2\/media?parent=265"}],"curies":[{"name":"wp","href":"https:\/\/api.w.org\/{rel}","templated":true}]}}