{"id":258,"date":"2022-10-11T23:19:44","date_gmt":"2022-10-11T20:19:44","guid":{"rendered":"https:\/\/www.myrace.lt\/utenoshipodromomaratonas\/?page_id=258"},"modified":"2024-10-08T23:07:18","modified_gmt":"2024-10-08T20:07:18","slug":"2022-metai","status":"publish","type":"page","link":"https:\/\/www.myrace.lt\/utenoshipodromomaratonas\/2022-metai\/","title":{"rendered":"2022 METAI"},"content":{"rendered":"<h3><span style=\"color: #000080;\"><strong><span style=\"font-size: 20px;\"><a style=\"color: #000080;\" href=\"https:\/\/www.myrace.lt\/utenoshipodromomaratonas\/rezultatai\/rezultatai-2022\/\">DIPLOMAI<\/a><\/span><\/strong><\/span><\/h3>\n<h3>REZULTATAI:<\/h3>\n<p><span id=\"sample-permalink\"><a href=\"https:\/\/www.myrace.lt\/utenoshipodromomaratonas\/rezultatai-2022\/\">https:\/\/www.myrace.lt\/utenoshipodromomaratonas\/<span id=\"editable-post-name\">rezultatai-2022<\/span>\/<\/a><\/span>\u00a0\u200e<\/p>\n<h3>Nuotrauk\u0173 galerija:<\/h3>\n<p><a href=\"https:\/\/www.facebook.com\/media\/set\/?set=a.758265568695955&amp;type=3\">I albumas<\/a><\/p>\n<p><a title=\"II albumas\" href=\"https:\/\/www.facebook.com\/media\/set\/?vanity=100035375574282&amp;set=a.759025305286648\">II albumas<\/a><\/p>\n<p><a href=\"https:\/\/www.facebook.com\/media\/set\/?vanity=FotoUtena&amp;set=a.134911472624602\">III albumas<\/a><\/p>\n<p><a title=\"II albumas\" href=\"https:\/\/www.facebook.com\/media\/set\/?set=a.5534933823252587&amp;type=3\">IV albumas<\/a><\/p>\n<p><b>MEDIA:<\/b><\/p>\n<blockquote class=\"wp-embedded-content\" data-secret=\"myJ1Ggce8R\"><p><a href=\"https:\/\/www.sportas.info\/lengvoji-atletika\/treciajame-utenos-hipodromo-maratone-bego-ir-renginio-organizatoriai\/\">Tre\u010diajame Utenos hipodromo maratone b\u0117go ir renginio organizatoriai<\/a><\/p><\/blockquote>\n<p><iframe loading=\"lazy\" class=\"wp-embedded-content\" sandbox=\"allow-scripts\" security=\"restricted\" style=\"position: absolute; clip: rect(1px, 1px, 1px, 1px);\" title=\"\u201eTre\u010diajame Utenos hipodromo maratone b\u0117go ir renginio organizatoriai\u201c &#8212; Sportas.info\" src=\"https:\/\/www.sportas.info\/lengvoji-atletika\/treciajame-utenos-hipodromo-maratone-bego-ir-renginio-organizatoriai\/embed\/#?secret=eMSpGVZXSR#?secret=myJ1Ggce8R\" data-secret=\"myJ1Ggce8R\" width=\"600\" height=\"338\" frameborder=\"0\" marginwidth=\"0\" marginheight=\"0\" scrolling=\"no\"><\/iframe><\/p>\n<p><b>VIDEO:<\/b><\/p>\n<p><a href=\"https:\/\/www.youtube.com\/watch?v=2lLSliVJ5gA\">Utenos hipodromo maratonas<\/a><\/p>\n<p><iframe loading=\"lazy\" src=\"\/\/www.youtube.com\/embed\/2lLSliVJ5gA\" width=\"560\" height=\"314\" allowfullscreen=\"allowfullscreen\"><\/iframe><\/p>\n<p>&nbsp;<\/p>\n<p>&nbsp;<\/p>\n<p><strong>U\u017dSIREGISTRAV\u0118 DALYVIAI:<\/strong><\/p>\n<blockquote class=\"wp-embedded-content\" data-secret=\"2KzQwwxKcx\"><p><a href=\"https:\/\/www.myrace.lt\/utenoshipodromomaratonas\/dalyviai2022\/\">DALYVIAI &#8211; 2022<\/a><\/p><\/blockquote>\n<p><iframe loading=\"lazy\" class=\"wp-embedded-content\" sandbox=\"allow-scripts\" security=\"restricted\" style=\"position: absolute; clip: rect(1px, 1px, 1px, 1px);\" title=\"&#8220;DALYVIAI &#8211; 2022&#8221; &#8212; IV UTENOS HIPODROMO MARATONAS\" src=\"https:\/\/www.myrace.lt\/utenoshipodromomaratonas\/dalyviai2022\/embed\/#?secret=WqgwCCFExv#?secret=2KzQwwxKcx\" data-secret=\"2KzQwwxKcx\" width=\"600\" height=\"338\" frameborder=\"0\" marginwidth=\"0\" marginheight=\"0\" scrolling=\"no\"><\/iframe><\/p>\n<p>&nbsp;<\/p>\n","protected":false},"excerpt":{"rendered":"<p>DIPLOMAI REZULTATAI: https:\/\/www.myrace.lt\/utenoshipodromomaratonas\/rezultatai-2022\/\u00a0\u200e Nuotrauk\u0173 galerija: I albumas II albumas III albumas IV albumas MEDIA: Tre\u010diajame Utenos hipodromo maratone b\u0117go ir renginio organizatoriai VIDEO: Utenos hipodromo maratonas &nbsp; &nbsp; U\u017dSIREGISTRAV\u0118 DALYVIAI: DALYVIAI &#8211; 2022 &nbsp;<\/p>\n","protected":false},"author":2,"featured_media":0,"parent":0,"menu_order":0,"comment_status":"closed","ping_status":"closed","template":"","meta":{"footnotes":""},"class_list":["post-258","page","type-page","status-publish","hentry"],"_links":{"self":[{"href":"https:\/\/www.myrace.lt\/utenoshipodromomaratonas\/wp-json\/wp\/v2\/pages\/258","targetHints":{"allow":["GET"]}}],"collection":[{"href":"https:\/\/www.myrace.lt\/utenoshipodromomaratonas\/wp-json\/wp\/v2\/pages"}],"about":[{"href":"https:\/\/www.myrace.lt\/utenoshipodromomaratonas\/wp-json\/wp\/v2\/types\/page"}],"author":[{"embeddable":true,"href":"https:\/\/www.myrace.lt\/utenoshipodromomaratonas\/wp-json\/wp\/v2\/users\/2"}],"replies":[{"embeddable":true,"href":"https:\/\/www.myrace.lt\/utenoshipodromomaratonas\/wp-json\/wp\/v2\/comments?post=258"}],"version-history":[{"count":6,"href":"https:\/\/www.myrace.lt\/utenoshipodromomaratonas\/wp-json\/wp\/v2\/pages\/258\/revisions"}],"predecessor-version":[{"id":390,"href":"https:\/\/www.myrace.lt\/utenoshipodromomaratonas\/wp-json\/wp\/v2\/pages\/258\/revisions\/390"}],"wp:attachment":[{"href":"https:\/\/www.myrace.lt\/utenoshipodromomaratonas\/wp-json\/wp\/v2\/media?parent=258"}],"curies":[{"name":"wp","href":"https:\/\/api.w.org\/{rel}","templated":true}]}}