{"id":200,"date":"2022-08-12T03:29:27","date_gmt":"2022-08-12T00:29:27","guid":{"rendered":"https:\/\/www.myrace.lt\/utenoshipodromomaratonas\/?page_id=200"},"modified":"2024-10-08T23:06:03","modified_gmt":"2024-10-08T20:06:03","slug":"2021-metai","status":"publish","type":"page","link":"https:\/\/www.myrace.lt\/utenoshipodromomaratonas\/2021-metai\/","title":{"rendered":"2021 METAI"},"content":{"rendered":"<p><span style=\"font-size: 20px; color: #000080;\"><strong><a style=\"color: #000080;\" href=\"myrace.lt\/utenoshipodromomaratonas\/rezultatai\/rezultatai-2021\/\">DIPLOMAI<\/a><\/strong><\/span><\/p>\n<p><strong>REZULTATAI:<\/strong><\/p>\n<ul>\n<li>Maratonas \u2013\u00a0<a href=\"https:\/\/www.lbma.lt\/results\/rezultatai.php?race=234&amp;d=1\" target=\"_blank\" rel=\"noopener\">https:\/\/www.lbma.lt\/results\/rezultatai.php?race=234&amp;d=1<\/a><\/li>\n<li>Pusmaratonis \u2013\u00a0<a href=\"https:\/\/www.lbma.lt\/results\/rezultatai.php?race=234&amp;d=2\" target=\"_blank\" rel=\"noopener\">https:\/\/www.lbma.lt\/results\/rezultatai.php?race=234&amp;d=2<\/a><\/li>\n<li>10 km \u2013\u00a0<a href=\"https:\/\/www.lbma.lt\/results\/rezultatai.php?race=234&amp;d=3\" target=\"_blank\" rel=\"noopener\">https:\/\/www.lbma.lt\/results\/rezultatai.php?race=234&amp;d=3<\/a><\/li>\n<li>5 km \u2013\u00a0<a href=\"https:\/\/www.lbma.lt\/results\/rezultatai.php?race=234&amp;d=4\" target=\"_blank\" rel=\"noopener\">https:\/\/www.lbma.lt\/results\/rezultatai.php?race=234&amp;d=4<\/a><\/li>\n<li>3 km \u2013\u00a0<a href=\"https:\/\/www.lbma.lt\/results\/rezultatai.php?race=234&amp;d=5\" target=\"_blank\" rel=\"noopener\">https:\/\/www.lbma.lt\/results\/rezultatai.php?race=234&amp;d=5<\/a><\/li>\n<li>1 km \u2013\u00a0<a href=\"https:\/\/www.lbma.lt\/results\/rezultatai.php?race=234&amp;d=6\" target=\"_blank\" rel=\"noopener\">https:\/\/www.lbma.lt\/results\/rezultatai.php?race=234&amp;d=6<\/a><\/li>\n<li>400 m \u2013\u00a0<a href=\"https:\/\/www.lbma.lt\/results\/rezultatai.php?race=234&amp;d=7\" target=\"_blank\" rel=\"noopener\">https:\/\/www.lbma.lt\/results\/rezultatai.php?race=234&amp;d=7<\/a><\/li>\n<\/ul>\n<h3>Nuotrauk\u0173 galerija:<\/h3>\n<p><a href=\"https:\/\/www.facebook.com\/media\/set\/?vanity=103591334501652&amp;set=a.437780284416087\">I albumas<\/a><\/p>\n<p><a title=\"II albumas\" href=\"https:\/\/www.facebook.com\/media\/set\/?vanity=benjaminas.pakenis&amp;set=a.4433969080015739\">II albumas<\/a><\/p>\n<p><b>MEDIA:<\/b><\/p>\n<blockquote class=\"wp-embedded-content\" data-secret=\"BaGHGIiqH1\"><p><a href=\"https:\/\/www.sportas.info\/svarbu\/utenos-hipodromo-maratono-trasoje-ir-olimpietis-ir-pasaulio-rekordininkas-ir-vicemeras\/\">\u201eUtenos hipodromo maratono\u201c trasoje \u2013 ir olimpietis, ir pasaulio rekordininkas, ir vicemeras<\/a><\/p><\/blockquote>\n<p><iframe loading=\"lazy\" class=\"wp-embedded-content\" sandbox=\"allow-scripts\" security=\"restricted\" style=\"position: absolute; clip: rect(1px, 1px, 1px, 1px);\" title=\"\u201e\u201eUtenos hipodromo maratono\u201c trasoje \u2013 ir olimpietis, ir pasaulio rekordininkas, ir vicemeras\u201c &#8212; Sportas.info\" src=\"https:\/\/www.sportas.info\/svarbu\/utenos-hipodromo-maratono-trasoje-ir-olimpietis-ir-pasaulio-rekordininkas-ir-vicemeras\/embed\/#?secret=cFaNJL3sef#?secret=BaGHGIiqH1\" data-secret=\"BaGHGIiqH1\" width=\"600\" height=\"338\" frameborder=\"0\" marginwidth=\"0\" marginheight=\"0\" scrolling=\"no\"><\/iframe><\/p>\n<p><b>VIDEO:<\/b><\/p>\n<p><a href=\"https:\/\/youtu.be\/rAOF0gOvcX4?list=TLGGbYoULscGxRAyNTA4MjAyMg\">2021 met\u0173 video filmukas<\/a><\/p>\n<p><strong>U\u017dSIREGISTRAV\u0118 DALYVIAI:<\/strong><\/p>\n<p><a href=\"https:\/\/www.myrace.lt\/utenoshipodromomaratonas\/dalyviai-2021\/\">Dalyviai \u2013 2021 \u2013 II UTENOS HIPODROMO MARATONAS (maratonai.lt)<\/a><\/p>\n","protected":false},"excerpt":{"rendered":"<p>DIPLOMAI REZULTATAI: Maratonas \u2013\u00a0https:\/\/www.lbma.lt\/results\/rezultatai.php?race=234&amp;d=1 Pusmaratonis \u2013\u00a0https:\/\/www.lbma.lt\/results\/rezultatai.php?race=234&amp;d=2 10 km \u2013\u00a0https:\/\/www.lbma.lt\/results\/rezultatai.php?race=234&amp;d=3 5 km \u2013\u00a0https:\/\/www.lbma.lt\/results\/rezultatai.php?race=234&amp;d=4 3 km \u2013\u00a0https:\/\/www.lbma.lt\/results\/rezultatai.php?race=234&amp;d=5 1 km \u2013\u00a0https:\/\/www.lbma.lt\/results\/rezultatai.php?race=234&amp;d=6 400 m \u2013\u00a0https:\/\/www.lbma.lt\/results\/rezultatai.php?race=234&amp;d=7 Nuotrauk\u0173 galerija: I albumas II albumas MEDIA: \u201eUtenos hipodromo maratono\u201c trasoje \u2013 ir olimpietis, ir pasaulio rekordininkas, ir vicemeras VIDEO: 2021 met\u0173 video filmukas U\u017dSIREGISTRAV\u0118 DALYVIAI: Dalyviai \u2013 2021 \u2013 II UTENOS HIPODROMO MARATONAS [&hellip;]<\/p>\n","protected":false},"author":2,"featured_media":0,"parent":0,"menu_order":0,"comment_status":"closed","ping_status":"closed","template":"","meta":{"footnotes":""},"class_list":["post-200","page","type-page","status-publish","hentry"],"_links":{"self":[{"href":"https:\/\/www.myrace.lt\/utenoshipodromomaratonas\/wp-json\/wp\/v2\/pages\/200","targetHints":{"allow":["GET"]}}],"collection":[{"href":"https:\/\/www.myrace.lt\/utenoshipodromomaratonas\/wp-json\/wp\/v2\/pages"}],"about":[{"href":"https:\/\/www.myrace.lt\/utenoshipodromomaratonas\/wp-json\/wp\/v2\/types\/page"}],"author":[{"embeddable":true,"href":"https:\/\/www.myrace.lt\/utenoshipodromomaratonas\/wp-json\/wp\/v2\/users\/2"}],"replies":[{"embeddable":true,"href":"https:\/\/www.myrace.lt\/utenoshipodromomaratonas\/wp-json\/wp\/v2\/comments?post=200"}],"version-history":[{"count":8,"href":"https:\/\/www.myrace.lt\/utenoshipodromomaratonas\/wp-json\/wp\/v2\/pages\/200\/revisions"}],"predecessor-version":[{"id":389,"href":"https:\/\/www.myrace.lt\/utenoshipodromomaratonas\/wp-json\/wp\/v2\/pages\/200\/revisions\/389"}],"wp:attachment":[{"href":"https:\/\/www.myrace.lt\/utenoshipodromomaratonas\/wp-json\/wp\/v2\/media?parent=200"}],"curies":[{"name":"wp","href":"https:\/\/api.w.org\/{rel}","templated":true}]}}