{"id":20,"date":"2020-07-08T10:56:58","date_gmt":"2020-07-08T12:56:58","guid":{"rendered":"https:\/\/www.myrace.lt\/ukraina\/?page_id=20"},"modified":"2022-05-06T18:57:00","modified_gmt":"2022-05-06T15:57:00","slug":"nuostatai","status":"publish","type":"page","link":"https:\/\/www.myrace.lt\/ukraina\/nuostatai\/","title":{"rendered":"Nuostatai"},"content":{"rendered":"<p style=\"text-align: center;\"><span style=\"color: #000000; font-size: 32px;\"><strong>Virtualus b\u0117gimas &#8222;U\u017e Ukrain\u0105&#8221;<\/strong><\/span><br \/>\n<span style=\"color: #0000ff;\"><strong><span style=\"font-size: 20px;\">Pastar\u0173j\u0173 savai\u010di\u0173 \u012fvykiai sukr\u0117t\u0117 mus visus ir privert\u0117 \u012fvertinti tai, k\u0105 turime Lietuvoje. Paprasti dalykai &#8211; saugumas, maistas, b\u016bstas, laisv\u0117 &#8211; vos u\u017e 1000 km nuo Lietuvos tapo deficitu. Pirmosios kovo m\u0117nesio dienos taip pat parod\u0117, kaip svarbu paremti tuos, kuriems to labiausiai reikia sunkiomis aplinkyb\u0117mis. <\/span><span style=\"font-size: 20px;\">\u0160iuo tikslu &#8222;Maratomanija&#8221; organizuoja labdaros b\u0117gim\u0105 &#8222;U\u017e Ukrain\u0105&#8221;.<\/span><\/strong><\/span><br \/>\n<span style=\"color: #0000ff;\"><strong><span style=\"font-size: 20px;\">Virtualus b\u0117gimas u\u017e Ukrain\u0105 suteikia mums galimyb\u0119 daryti gera sau ir kitiems tuo pa\u010diu metu. Jud\u0117jimas suteikia mums energijos, sveikatos ir teigiam\u0173 emocij\u0173, o m\u016bs\u0173 parama bus naudinga daugeliui \u017emoni\u0173, kuriems reikia pagalbos u\u017e t\u016bkstan\u010di\u0173 kilometr\u0173 \u012f pietus ir tuo pa\u010diu karo <span style=\"color: #0000ff;\">pab\u0117g\u0117liams i\u0161 Ukrainos, atvykusiems pas mus \u012f Lietuv\u0105.<\/span><\/span><\/strong><\/span><br \/>\n<span style=\"color: #0000ff;\"><span style=\"font-size: 20px;\">\u0160<strong>is renginys yra labdaros renginys, kitaip tariant, visos pajamos i\u0161 dalyvio mokes\u010dio, vir\u0161ijan\u010dios tiesiogines virtualaus b\u0117gimo organizavimo i\u0161laidas (medalio gamyba ir i\u0161siuntimas, mok\u0117jimo centro aptarnavimo mokestis, PVM), bus skirtos Ukrainos pagalbos organizacijoms ir nukent\u0117jusiems Ukrainos pilie\u010diams,<\/strong> <strong>pasitraukusiems i\u0161 T\u0117vyn\u0117s \u012f Lietuv\u0105, padedant jiems \u012fsigyti pa\u010di\u0173 reikalingiausi\u0173 daikt\u0173. <\/strong><\/span><strong><span style=\"font-size: 20px;\">Kadangi pagalbos reikia jau dabar, o medali\u0173 gamyba u\u017etruks ma\u017eiausiai 4-5 savaites, medaliai dalyviams bus i\u0161si\u0173sti baland\u017eio m\u0117nes\u012f, t. y. ne i\u0161 karto \u012fveikus savo <span style=\"color: #0000ff;\">distancij\u0105. Tikim\u0117s j\u016bs\u0173 supratingumo d\u0117l trumpo medali\u0173 laukimo laiko.<\/span><\/span><\/strong><\/span><br \/>\n<span style=\"color: #0000ff;\"><strong><span style=\"font-size: 20px;\">Trumpiausia labdaros b\u0117gimo &#8222;U\u017e Ukrain\u0105&#8221; distancija &#8211; 1 km, taip pat galima \u012fveikti 3 km, 5 km, 10 km, 21,1 km ir 42,2 km distancijas. Galite pasirinkti vien\u0105 arba visas. Galite savo pasirinkt\u0105 distancij\u0105 eiti, b\u0117ti, \u017eygiuoti.\u00a0 Distancijos tik preliminarios, j\u016bs galite \u012fveikti ir savo pasirinkt\u0105 atstum\u0105. <\/span><\/strong><\/span><\/p>\n<p style=\"text-align: center;\"><span style=\"color: #0000ff;\"><strong><span style=\"font-size: 20px;\">Labdaros b\u0117gimo starto mokestis &#8211; 15 eur\u0173, o jei norite paremti nukent\u0117jusius nuo karo karo didesne auka, rinkit\u0117s startin\u012f mokest\u012f pagal savo i\u0161gales ir nor\u0105. <\/span><\/strong><\/span><\/p>\n<p style=\"text-align: center;\"><span style=\"color: #0000ff;\"><strong><span style=\"font-size: 20px;\">Pervedim\u0173 srityje galite pasirinkti 20 \u20ac, 25 \u20ac, 30 \u20ac, 40 \u20ac arba 50 \u20ac.\u00a0<\/span><\/strong><\/span><br \/>\n<span style=\"color: #0000ff;\"><strong><span style=\"font-size: 20px;\">\u012e dalyvio mokest\u012f \u012fskai\u010diuotas medalio siuntimas paprastu pa\u0161tu. Adres\u0105 reik\u0117s nurodyti kartu su atsi\u0173stu rezultau. <\/span><\/strong><\/span><\/p>\n<p style=\"text-align: center;\"><span style=\"color: #0000ff;\"><strong><span style=\"font-size: 20px;\">B\u0117gimo adres\u0105 ir rezultat\u0105 si\u0173skite \u012f el.pa\u0161t\u0105: info@maratomanija.lt .<\/span><\/strong><\/span><\/p>\n<p style=\"text-align: center;\"><span style=\"color: #0000ff;\"><strong><span style=\"font-size: 20px;\">Jei norite, kad medalis b\u016bt\u0173 siun\u010diamas \u012f u\u017esien\u012f, tur\u0117site sumok\u0117ti 3 eurus, kad padengtum\u0117te papildomas pa\u0161to i\u0161laidas.<\/span><\/strong><\/span><\/p>\n<p>&nbsp;<\/p>\n<p style=\"text-align: left;\"><em><strong><span style=\"font-size: 20px;\">B\u0116GIMAS VYKS TRIS SAVAITES NUO 2022-03-18 IKI 2022-04-17<\/span><\/strong><\/em><br \/>\n<span style=\"font-size: 20px;\">Visi dalyviai gaus renginio medalius ir atminimo diplomus.<\/span><\/p>\n<p style=\"text-align: left;\"><span style=\"font-size: 20px;\">PASTABA!!!<\/span><br \/>\n<span style=\"font-size: 20px;\">Dalyviai gali b\u0117gti renginyje ir neimti medalio. Tokiu atveju visa j\u0173 skirta parama bus skirta Ukrainos nukent\u0117jusiems \u017emon\u0117ms. Tie, kas atsisako medalio, turi atskirai informuoti, kad &#8222;medalio nereikia, vis\u0105 registracijos mokest\u012f skiriu Ukrainai&#8221; arba para\u0161yti tai su rezultato pateikimu.<\/span><\/p>\n<p style=\"text-align: left;\"><span style=\"font-size: 20px;\">REZULTAT\u0172 PATEIKIMAS:<\/span><br \/>\n<span style=\"font-size: 20px;\">1. Virtualaus b\u0117gimo metu b\u0117gama, einama, \u017eygiuojama viena i\u0161 \u0161i\u0173 distancij\u0173: 1km, 3km, 5km, 10km, 21,1km, 42,2km arba 50km.<\/span><br \/>\n<span style=\"font-size: 20px;\">2. Laik\u0105 b\u0117gimo dalyviai matuoja savaranki\u0161kai b\u0117gdami savo pasirinktoje saugioje trasoje, naudodami bet koki\u0105 vie\u0161ai ir laisvai prieinam\u0105 sporto program\u0117le (pvz.: Strava, Nike Run Club, Garmin ir kitos), i\u0161mani\u0173j\u0173 laikrod\u017ei\u0173 nuotraukos ir pan., svarbiausia, kad ai\u0161kiai b\u016bt\u0173 matomas \u012fveiktas atstumas ir laikas.<\/span><br \/>\n<span style=\"font-size: 20px;\">3. Virtualaus b\u0117gimo dalyviai savo asmenin\u012f rezultat\u0105 privalo atsi\u0173sti el.pa\u0161tu rezultatai@maratomanija.lt<\/span><br \/>\n<span style=\"font-size: 20px;\">4. Dalyvis savo pasirinkt\u0105 tras\u0105 turi \u012fveikti 2022-03-18 &#8211; 2022-04-17.<\/span><br \/>\n<span style=\"font-size: 20px;\">5. J\u016bs\u0173 pasiektas rezultatas bus vie\u0161ai skelbiamas oficialiame var\u017eyb\u0173 protokole ir var\u017eyb\u0173 puslapyje, skiltyje \u201eRezultatai\u201c.<\/span><br \/>\n<span style=\"font-size: 20px;\">6. Fini\u0161avus &#8222;B\u0117gimas u\u017e Ukrain\u0105&#8221; virtualiame b\u0117gime ir pateikus rezultat\u0105, Jums J\u016bs\u0173 nurodytu pa\u0161tu bus i\u0161si\u0173stas medalis. Dalyviai norintis gauti medal\u012f pa\u0161tu privalo kartu su rezultatu para\u0161yti savo adres\u0105 \u012f el.pa\u0161t\u0105: info@maratomanija.lt<\/span><\/p>\n<p>&nbsp;<\/p>\n<p style=\"text-align: left;\"><span style=\"font-size: 24px;\"><strong>Virtual Run &#8222;For Ukraine&#8221;<\/strong><\/span><br \/>\n<span style=\"font-size: 20px;\">The events of recent weeks have shaken us all and made us take stock of what we have in Lithuania. Simple things &#8211; security, food, housing, freedom &#8211; have become scarce just 1000 km away. The first days of March also showed how important it is to support those who need it most in difficult circumstances.<\/span><br \/>\n<span style=\"font-size: 20px;\">To this end, Maratomania is organising a charity run &#8222;For Ukraine&#8221;.<\/span><br \/>\n<span style=\"font-size: 20px;\">The virtual run for Ukraine gives us the opportunity to do good for ourselves and others at the same time. The movement gives us energy, health and positive emotions, and our support will benefit many people in need thousands of kilometres to the south and at the same time the war refugees from Ukraine who have come to us in Lithuania.<\/span><br \/>\n<span style=\"font-size: 20px;\">This event is a charity event, in other words, all proceeds from the participation fee over and above the direct costs of organising the virtual run (medal production and shipping, payment centre service fee, VAT) will be donated to Ukrainian aid organisations and to the affected Ukrainian citizens who have fled their homeland to Lithuania, helping them to purchase the most necessary items.<\/span><br \/>\n<span style=\"font-size: 20px;\">As the need for help is now and the production of the medals will take at least 4-5 weeks, the medals will be sent to the participants in April, i.e. not immediately after they have completed their distance. We hope that you will be understanding about the short waiting time for the medals.<\/span><br \/>\n<span style=\"font-size: 20px;\">The shortest distance of the Charity Run for Ukraine is 1 km, with distances of 3 km, 5 km, 10 km, 21.1 km and 42.2 km available. You can choose one or all. You can walk, run or Nordic walk all distances.<\/span><br \/>\n<span style=\"font-size: 20px;\">The entry fee for the charity run is \u20ac15, but if you want to support the war victims with a larger donation, please choose the entry fee according to your means and desire.<\/span><br \/>\n<span style=\"font-size: 20px;\">The entry fee includes sending the medal by ordinary post. You will need to provide your address with the result. If you want your medal to be sent abroad, you will have to pay \u20ac3 to cover the additional postage costs.<\/span><br \/>\n<span style=\"font-size: 20px;\">THE RUN WILL TAKE PLACE OVER THREE WEEKS FROM 18-03-2022 TO 17-04-2022<\/span><\/p>\n<p style=\"text-align: left;\"><span style=\"font-size: 20px;\">Registration:<\/span><br \/>\n<span style=\"font-size: 20px;\">https:\/\/tickets.paysera.com\/lt\/event\/uz-taiku-finisa<\/span><br \/>\n<span style=\"font-size: 20px;\">All participants will receive event medals and commemorative diplomas.<\/span><\/p>\n<p style=\"text-align: left;\"><span style=\"font-size: 20px;\">NOTE!!!<\/span><br \/>\n<span style=\"font-size: 20px;\">Participants can run in the event and not receive a medal. In this case, all donations will go to the victims of Ukraine. Those who refuse a medal must separately inform that &#8222;no medal is needed, I am donating the full registration fee to Ukraine&#8221; or write it with the result.<\/span><\/p>\n<p style=\"text-align: left;\"><span style=\"font-size: 20px;\">SUBMISSION OF RESULTS:<\/span><br \/>\n<span style=\"font-size: 20px;\">1. 1. Run, walk, hike one of the following distances during the virtual run.<\/span><br \/>\n<span style=\"font-size: 20px;\">2. Participants will time themselves by running on a safe course of their choice, using any publicly and freely available sports app (e.g. Strava, Nike Run Club, Garmin, etc.), smartwatch photos, etc., as long as the distance covered and the time are clearly visible.<\/span><br \/>\n<span style=\"font-size: 20px;\">3. Participants of the Virtual Run must send their personal result to rezultatai@maratomanija.lt<\/span><br \/>\n<span style=\"font-size: 20px;\">4. The participant must complete the course of his\/her choice between 18-03-2022 and 17-04-2022.<\/span><br \/>\n<span style=\"font-size: 20px;\">5. Your result will be published in the official competition protocol and on the competition page under &#8222;Results&#8221;.<\/span><br \/>\n<span style=\"font-size: 20px;\">6. After finishing the Run for Ukraine virtual race and submitting your result, a medal will be sent to you by post. Participants wishing to receive a medal by post must write their address along with the result to the following e-mail address: info@maratomanija.lt<\/span><\/p>\n<p>&nbsp;<\/p>\n<p><img loading=\"lazy\" decoding=\"async\" class=\"aligncenter wp-image-150 size-full\" src=\"https:\/\/www.myrace.lt\/ukraina\/wp-content\/uploads\/sites\/4\/2022\/04\/We-Stand-with-Ukraine-3.jpg\" alt=\"\" width=\"1200\" height=\"628\" srcset=\"https:\/\/www.myrace.lt\/ukraina\/wp-content\/uploads\/sites\/4\/2022\/04\/We-Stand-with-Ukraine-3.jpg 1200w, https:\/\/www.myrace.lt\/ukraina\/wp-content\/uploads\/sites\/4\/2022\/04\/We-Stand-with-Ukraine-3-300x157.jpg 300w, https:\/\/www.myrace.lt\/ukraina\/wp-content\/uploads\/sites\/4\/2022\/04\/We-Stand-with-Ukraine-3-1024x536.jpg 1024w, https:\/\/www.myrace.lt\/ukraina\/wp-content\/uploads\/sites\/4\/2022\/04\/We-Stand-with-Ukraine-3-768x402.jpg 768w\" sizes=\"auto, (max-width: 1200px) 100vw, 1200px\" \/><\/p>\n","protected":false},"excerpt":{"rendered":"<p>Virtualus b\u0117gimas &#8222;U\u017e Ukrain\u0105&#8221; Pastar\u0173j\u0173 savai\u010di\u0173 \u012fvykiai sukr\u0117t\u0117 mus visus ir privert\u0117 \u012fvertinti tai, k\u0105 turime Lietuvoje. Paprasti dalykai &#8211; saugumas, maistas, b\u016bstas, laisv\u0117 &#8211; vos u\u017e 1000 km nuo Lietuvos tapo deficitu. Pirmosios kovo m\u0117nesio dienos taip pat parod\u0117, kaip svarbu paremti tuos, kuriems to labiausiai reikia sunkiomis aplinkyb\u0117mis. \u0160iuo tikslu &#8222;Maratomanija&#8221; organizuoja labdaros [&hellip;]<\/p>\n","protected":false},"author":1,"featured_media":0,"parent":0,"menu_order":0,"comment_status":"closed","ping_status":"closed","template":"templates\/full-width-page.php","meta":{"footnotes":""},"class_list":["post-20","page","type-page","status-publish","hentry"],"_links":{"self":[{"href":"https:\/\/www.myrace.lt\/ukraina\/wp-json\/wp\/v2\/pages\/20","targetHints":{"allow":["GET"]}}],"collection":[{"href":"https:\/\/www.myrace.lt\/ukraina\/wp-json\/wp\/v2\/pages"}],"about":[{"href":"https:\/\/www.myrace.lt\/ukraina\/wp-json\/wp\/v2\/types\/page"}],"author":[{"embeddable":true,"href":"https:\/\/www.myrace.lt\/ukraina\/wp-json\/wp\/v2\/users\/1"}],"replies":[{"embeddable":true,"href":"https:\/\/www.myrace.lt\/ukraina\/wp-json\/wp\/v2\/comments?post=20"}],"version-history":[{"count":9,"href":"https:\/\/www.myrace.lt\/ukraina\/wp-json\/wp\/v2\/pages\/20\/revisions"}],"predecessor-version":[{"id":158,"href":"https:\/\/www.myrace.lt\/ukraina\/wp-json\/wp\/v2\/pages\/20\/revisions\/158"}],"wp:attachment":[{"href":"https:\/\/www.myrace.lt\/ukraina\/wp-json\/wp\/v2\/media?parent=20"}],"curies":[{"name":"wp","href":"https:\/\/api.w.org\/{rel}","templated":true}]}}