{"id":466,"date":"2025-09-18T14:25:19","date_gmt":"2025-09-18T11:25:19","guid":{"rendered":"https:\/\/www.myrace.lt\/ukmerge\/?page_id=466"},"modified":"2025-09-21T22:44:43","modified_gmt":"2025-09-21T19:44:43","slug":"rezultatai-2023","status":"publish","type":"page","link":"https:\/\/www.myrace.lt\/ukmerge\/rezultatai\/rezultatai-2023\/","title":{"rendered":"Rezultatai 2023"},"content":{"rendered":"<p><span style=\"color: #000000; font-size: 24px;\"><strong>REZULTATAI:<\/strong><\/span><\/p>\n<p><span style=\"font-size: 20px;\"><strong><span style=\"color: #000080;\"><a style=\"color: #000080;\" href=\"https:\/\/www.lbma.lt\/results\/rezultatai.php?race=324\">MARATONAS<\/a><\/span><\/strong><\/span><\/p>\n<p><span style=\"font-size: 20px;\"><strong><span style=\"color: #000080;\"><a style=\"color: #000080;\" href=\"https:\/\/www.lbma.lt\/results\/rezultatai.php?race=324&amp;d=2\">PUSMARATONIS<\/a><\/span><\/strong><\/span><\/p>\n<p><span style=\"font-size: 20px;\"><strong><span style=\"color: #000080;\"><a style=\"color: #000080;\" href=\"https:\/\/www.lbma.lt\/results\/rezultatai.php?race=324&amp;d=3\">7 km<\/a><\/span><\/strong><\/span><\/p>\n<p><span style=\"font-size: 20px;\"><strong><span style=\"color: #000080;\"><a style=\"color: #000080;\" href=\"https:\/\/www.lbma.lt\/results\/rezultatai.php?race=324&amp;d=4\">3,5 km<\/a><\/span><\/strong><\/span><\/p>\n<p><span style=\"font-size: 20px;\"><strong><span style=\"color: #000080;\"><a style=\"color: #000080;\" href=\"https:\/\/www.lbma.lt\/results\/rezultatai.php?race=324&amp;d=5\">400 m<\/a><\/span><\/strong><\/span><\/p>\n<p><span style=\"font-size: 20px;\"><strong><span style=\"color: #000080;\"><a style=\"color: #000080;\" href=\"https:\/\/www.lbma.lt\/results\/rezultatai.php?race=324&amp;d=6\">7 km \u0161iaurieti\u0161kas \u0117jimas<\/a><\/span><\/strong><\/span><\/p>\n<p><span style=\"font-size: 20px;\"><strong><span style=\"color: #000080;\"><a style=\"color: #000080;\" href=\"https:\/\/www.lbma.lt\/results\/rezultatai.php?race=324&amp;d=7\">\u00a021,km \u0161iaurieti\u0161kas \u0117jimas<\/a><\/span><\/strong><\/span><\/p>\n<p><span style=\"font-size: 20px;\"><strong><span style=\"color: #000080;\"><a style=\"color: #000080;\" href=\"https:\/\/www.lbma.lt\/results\/rezultatai.php?race=324&amp;d=8\">400 m pramoginis b\u0117gimas<\/a><\/span><\/strong><\/span><\/p>\n<p><span style=\"font-size: 20px;\"><strong><span style=\"color: #000080;\"><a style=\"color: #000080;\" href=\"https:\/\/www.lbma.lt\/results\/rezultatai.php?race=324&amp;d=9\">1,2 km pramoginis b\u0117gimas<\/a><\/span><\/strong><\/span><\/p>\n<p><span style=\"font-size: 20px;\"><strong><span style=\"color: #000080;\"><a style=\"color: #000080;\" href=\"https:\/\/www.lbma.lt\/results\/rezultatai.php?race=324&amp;d=10\">Virtualus b\u0117gimas<\/a><\/span><\/strong><\/span><\/p>\n","protected":false},"excerpt":{"rendered":"<p>REZULTATAI: MARATONAS PUSMARATONIS 7 km 3,5 km 400 m 7 km \u0161iaurieti\u0161kas \u0117jimas \u00a021,km \u0161iaurieti\u0161kas \u0117jimas 400 m pramoginis b\u0117gimas 1,2 km pramoginis b\u0117gimas Virtualus b\u0117gimas<\/p>\n","protected":false},"author":2,"featured_media":0,"parent":450,"menu_order":0,"comment_status":"closed","ping_status":"closed","template":"","meta":{"footnotes":""},"class_list":["post-466","page","type-page","status-publish","hentry"],"_links":{"self":[{"href":"https:\/\/www.myrace.lt\/ukmerge\/wp-json\/wp\/v2\/pages\/466","targetHints":{"allow":["GET"]}}],"collection":[{"href":"https:\/\/www.myrace.lt\/ukmerge\/wp-json\/wp\/v2\/pages"}],"about":[{"href":"https:\/\/www.myrace.lt\/ukmerge\/wp-json\/wp\/v2\/types\/page"}],"author":[{"embeddable":true,"href":"https:\/\/www.myrace.lt\/ukmerge\/wp-json\/wp\/v2\/users\/2"}],"replies":[{"embeddable":true,"href":"https:\/\/www.myrace.lt\/ukmerge\/wp-json\/wp\/v2\/comments?post=466"}],"version-history":[{"count":2,"href":"https:\/\/www.myrace.lt\/ukmerge\/wp-json\/wp\/v2\/pages\/466\/revisions"}],"predecessor-version":[{"id":468,"href":"https:\/\/www.myrace.lt\/ukmerge\/wp-json\/wp\/v2\/pages\/466\/revisions\/468"}],"up":[{"embeddable":true,"href":"https:\/\/www.myrace.lt\/ukmerge\/wp-json\/wp\/v2\/pages\/450"}],"wp:attachment":[{"href":"https:\/\/www.myrace.lt\/ukmerge\/wp-json\/wp\/v2\/media?parent=466"}],"curies":[{"name":"wp","href":"https:\/\/api.w.org\/{rel}","templated":true}]}}