{"id":18,"date":"2020-07-08T10:56:41","date_gmt":"2020-07-08T12:56:41","guid":{"rendered":"https:\/\/www.myrace.lt\/ukmerge\/?page_id=18"},"modified":"2025-09-05T20:56:01","modified_gmt":"2025-09-05T17:56:01","slug":"registracija","status":"publish","type":"page","link":"https:\/\/www.myrace.lt\/ukmerge\/","title":{"rendered":"Registracija"},"content":{"rendered":"<p style=\"text-align: center;\"><strong><span style=\"font-size: 32px; color: #000000;\">I\u0161ankstin\u0117 registracija internetu u\u017edaryta.<\/span><\/strong><\/p>\n<p style=\"text-align: center;\"><strong><span style=\"font-size: 32px; color: #000000;\">Registracija galima tik renginio dien\u0105 starto vietoje.<\/span><\/strong><\/p>\n<p>&nbsp;<\/p>\n<p><img loading=\"lazy\" decoding=\"async\" class=\"aligncenter size-large wp-image-457\" src=\"https:\/\/www.myrace.lt\/ukmerge\/wp-content\/uploads\/sites\/15\/2025\/09\/0X0A0057-945x1024.jpg\" alt=\"\" width=\"810\" height=\"878\" srcset=\"https:\/\/www.myrace.lt\/ukmerge\/wp-content\/uploads\/sites\/15\/2025\/09\/0X0A0057-945x1024.jpg 945w, https:\/\/www.myrace.lt\/ukmerge\/wp-content\/uploads\/sites\/15\/2025\/09\/0X0A0057-277x300.jpg 277w, https:\/\/www.myrace.lt\/ukmerge\/wp-content\/uploads\/sites\/15\/2025\/09\/0X0A0057-768x832.jpg 768w, https:\/\/www.myrace.lt\/ukmerge\/wp-content\/uploads\/sites\/15\/2025\/09\/0X0A0057-1418x1536.jpg 1418w, https:\/\/www.myrace.lt\/ukmerge\/wp-content\/uploads\/sites\/15\/2025\/09\/0X0A0057-1890x2048.jpg 1890w\" sizes=\"auto, (max-width: 810px) 100vw, 810px\" \/><\/p>\n<p><code><\/p>\n<p><iframe width=\"100%\"\n    frameborder=\"0\"\n    onload=\"(function () {\n        var s = document.createElement('script');\n        s.type = 'text\/javascript';\n        s.onload = function() {\n            iFrameResize({ heightCalculationMethod: 'grow' });\n        };\n        s.src = 'https:\/\/tickets.paysera.com\/compiled\/2e97c63552e367ceb1b56ab27e4c2f7c.js';\n        document.body.appendChild(s);\n    })()\"\n    src=\"https:\/\/tickets.paysera.com\/lt\/event-widget\/488a50a5-2ff0-11f0-8d2a-0050568dc731?\"\n    allowtransparency=\"true\"\n    scrolling=\"no\"><br \/>\n<\/iframe><\/p>\n<p><\/code><\/p>\n","protected":false},"excerpt":{"rendered":"<p>I\u0161ankstin\u0117 registracija internetu u\u017edaryta. Registracija galima tik renginio dien\u0105 starto vietoje. &nbsp;<\/p>\n","protected":false},"author":1,"featured_media":0,"parent":0,"menu_order":0,"comment_status":"closed","ping_status":"closed","template":"","meta":{"footnotes":""},"class_list":["post-18","page","type-page","status-publish","hentry"],"_links":{"self":[{"href":"https:\/\/www.myrace.lt\/ukmerge\/wp-json\/wp\/v2\/pages\/18","targetHints":{"allow":["GET"]}}],"collection":[{"href":"https:\/\/www.myrace.lt\/ukmerge\/wp-json\/wp\/v2\/pages"}],"about":[{"href":"https:\/\/www.myrace.lt\/ukmerge\/wp-json\/wp\/v2\/types\/page"}],"author":[{"embeddable":true,"href":"https:\/\/www.myrace.lt\/ukmerge\/wp-json\/wp\/v2\/users\/1"}],"replies":[{"embeddable":true,"href":"https:\/\/www.myrace.lt\/ukmerge\/wp-json\/wp\/v2\/comments?post=18"}],"version-history":[{"count":13,"href":"https:\/\/www.myrace.lt\/ukmerge\/wp-json\/wp\/v2\/pages\/18\/revisions"}],"predecessor-version":[{"id":461,"href":"https:\/\/www.myrace.lt\/ukmerge\/wp-json\/wp\/v2\/pages\/18\/revisions\/461"}],"wp:attachment":[{"href":"https:\/\/www.myrace.lt\/ukmerge\/wp-json\/wp\/v2\/media?parent=18"}],"curies":[{"name":"wp","href":"https:\/\/api.w.org\/{rel}","templated":true}]}}