{"id":18,"date":"2020-07-08T10:56:41","date_gmt":"2020-07-08T12:56:41","guid":{"rendered":"https:\/\/www.myrace.lt\/sirvintumaratonas\/?page_id=18"},"modified":"2025-06-26T19:25:21","modified_gmt":"2025-06-26T16:25:21","slug":"registracija","status":"publish","type":"page","link":"https:\/\/www.myrace.lt\/sirvintumaratonas\/","title":{"rendered":"Registracija"},"content":{"rendered":"<p style=\"text-align: center;\"><strong><img loading=\"lazy\" decoding=\"async\" class=\"alignnone wp-image-216 size-large\" src=\"https:\/\/www.myrace.lt\/sirvintumaratonas\/wp-content\/uploads\/sites\/11\/2025\/03\/horizontalus-su-sukiu_tamsiai-zalias-1024x278.png\" alt=\"\" width=\"810\" height=\"220\" srcset=\"https:\/\/www.myrace.lt\/sirvintumaratonas\/wp-content\/uploads\/sites\/11\/2025\/03\/horizontalus-su-sukiu_tamsiai-zalias-1024x278.png 1024w, https:\/\/www.myrace.lt\/sirvintumaratonas\/wp-content\/uploads\/sites\/11\/2025\/03\/horizontalus-su-sukiu_tamsiai-zalias-300x81.png 300w, https:\/\/www.myrace.lt\/sirvintumaratonas\/wp-content\/uploads\/sites\/11\/2025\/03\/horizontalus-su-sukiu_tamsiai-zalias-768x209.png 768w, https:\/\/www.myrace.lt\/sirvintumaratonas\/wp-content\/uploads\/sites\/11\/2025\/03\/horizontalus-su-sukiu_tamsiai-zalias-1536x417.png 1536w, https:\/\/www.myrace.lt\/sirvintumaratonas\/wp-content\/uploads\/sites\/11\/2025\/03\/horizontalus-su-sukiu_tamsiai-zalias-2048x556.png 2048w\" sizes=\"auto, (max-width: 810px) 100vw, 810px\" \/><\/strong><\/p>\n<p><img loading=\"lazy\" decoding=\"async\" class=\"aligncenter wp-image-241 size-full\" src=\"https:\/\/www.myrace.lt\/sirvintumaratonas\/wp-content\/uploads\/sites\/11\/2025\/06\/SIRVINTU-MARATONAS-Medal-GlobalArtGiftts_Alieen-3-2.jpg\" alt=\"\" width=\"1280\" height=\"1707\" srcset=\"https:\/\/www.myrace.lt\/sirvintumaratonas\/wp-content\/uploads\/sites\/11\/2025\/06\/SIRVINTU-MARATONAS-Medal-GlobalArtGiftts_Alieen-3-2.jpg 1280w, https:\/\/www.myrace.lt\/sirvintumaratonas\/wp-content\/uploads\/sites\/11\/2025\/06\/SIRVINTU-MARATONAS-Medal-GlobalArtGiftts_Alieen-3-2-225x300.jpg 225w, https:\/\/www.myrace.lt\/sirvintumaratonas\/wp-content\/uploads\/sites\/11\/2025\/06\/SIRVINTU-MARATONAS-Medal-GlobalArtGiftts_Alieen-3-2-768x1024.jpg 768w, https:\/\/www.myrace.lt\/sirvintumaratonas\/wp-content\/uploads\/sites\/11\/2025\/06\/SIRVINTU-MARATONAS-Medal-GlobalArtGiftts_Alieen-3-2-1152x1536.jpg 1152w\" sizes=\"auto, (max-width: 1280px) 100vw, 1280px\" \/><\/p>\n<p style=\"text-align: center;\"><span style=\"color: #0a4015;\"><strong><span style=\"font-size: 36px;\">I\u0161ankstin\u0117 registracija internetu yra u\u017edaryta<\/span><\/strong><\/span><\/p>\n<p><code><\/code><\/p>\n<p>&nbsp;<\/p>\n","protected":false},"excerpt":{"rendered":"<p>I\u0161ankstin\u0117 registracija internetu yra u\u017edaryta &nbsp;<\/p>\n","protected":false},"author":1,"featured_media":0,"parent":0,"menu_order":0,"comment_status":"closed","ping_status":"closed","template":"","meta":{"footnotes":""},"class_list":["post-18","page","type-page","status-publish","hentry"],"_links":{"self":[{"href":"https:\/\/www.myrace.lt\/sirvintumaratonas\/wp-json\/wp\/v2\/pages\/18","targetHints":{"allow":["GET"]}}],"collection":[{"href":"https:\/\/www.myrace.lt\/sirvintumaratonas\/wp-json\/wp\/v2\/pages"}],"about":[{"href":"https:\/\/www.myrace.lt\/sirvintumaratonas\/wp-json\/wp\/v2\/types\/page"}],"author":[{"embeddable":true,"href":"https:\/\/www.myrace.lt\/sirvintumaratonas\/wp-json\/wp\/v2\/users\/1"}],"replies":[{"embeddable":true,"href":"https:\/\/www.myrace.lt\/sirvintumaratonas\/wp-json\/wp\/v2\/comments?post=18"}],"version-history":[{"count":16,"href":"https:\/\/www.myrace.lt\/sirvintumaratonas\/wp-json\/wp\/v2\/pages\/18\/revisions"}],"predecessor-version":[{"id":275,"href":"https:\/\/www.myrace.lt\/sirvintumaratonas\/wp-json\/wp\/v2\/pages\/18\/revisions\/275"}],"wp:attachment":[{"href":"https:\/\/www.myrace.lt\/sirvintumaratonas\/wp-json\/wp\/v2\/media?parent=18"}],"curies":[{"name":"wp","href":"https:\/\/api.w.org\/{rel}","templated":true}]}}