{"id":5,"date":"2026-03-17T16:33:17","date_gmt":"2026-03-17T16:33:17","guid":{"rendered":"https:\/\/www.myrace.lt\/pavasariomaratonas\/?page_id=5"},"modified":"2026-04-30T16:24:51","modified_gmt":"2026-04-30T16:24:51","slug":"nuostatai","status":"publish","type":"page","link":"https:\/\/www.myrace.lt\/pavasariomaratonas\/nuostatai\/","title":{"rendered":"NUOSTATAI"},"content":{"rendered":"\r\n<h2 class=\"wp-block-heading has-text-align-center\" style=\"text-align: center;\"><strong>Bundanti gamta. Bundantis jud\u0117jimas.<\/strong><br \/>Su pavasariu \u012f miest\u0105 gr\u012f\u017eta b\u0117gimas.<\/h2>\r\n\r\n\r\n\r\n<h3 class=\"wp-block-heading has-text-align-center\" style=\"text-align: center;\"><strong>Vilniaus pavasario maratonas<\/strong> kvie\u010dia visus \u2013 nuo pirm\u0173j\u0173 kilometr\u0173 iki maratono i\u0161\u0161\u016bkio.<br \/>Su bundan\u010dia gamta pradedame sezon\u0105 kartu, jud\u0117dami per miest\u0105, parkus ir pavasario ritmu.<\/h3>\r\n<p>&nbsp;<\/p>\r\n<p><strong><span style=\"font-size: 24pt;\">NUOSTATAI<\/span><\/strong><\/p>\r\n\r\n\r\n\r\n\r\n\r\n<p><strong>I. BENDROJI DALIS<\/strong><\/p>\r\n\r\n\r\n\r\n<p>\u00a0V\u0161\u012e &#8222;100 marathon club Lithuania&#8221; 2026 m. gegu\u017e\u0117s 2 d. rengia &#8222;Vilniaus Pavasario Maratonas\u201c.<\/p>\r\n\r\n\r\n\r\n<p><strong>II. TIKSLAI IR U\u017dDAVINIAI<\/strong><\/p>\r\n\r\n\r\n\r\n<ol class=\"wp-block-list\">\r\n<li>Populiarinti maraton\u0173 b\u0117gimo kult\u016br\u0105 Lietuvoje.<\/li>\r\n\r\n\r\n\r\n<li>Populiarinti b\u0117gim\u0105 Lietuvoje.<\/li>\r\n\r\n\r\n\r\n<li>Vie\u0161inti rengin\u012f, garsinant Vilni\u0173.<\/li>\r\n\r\n\r\n\r\n<li>I\u0161siai\u0161kinti ir apdovanoti geriausius b\u0117gikus.<\/li>\r\n<\/ol>\r\n\r\n\r\n\r\n<p><strong>III. RENGINIO ORGANIZATORI\u0172 ATSAKOMYB\u0116 IR PAREIGOS<\/strong><br \/>1. Registruoti renginio dalyvius, pagaminti ir i\u0161duoti numerius.<br \/>2. I\u0161matuoti tras\u0105 bei techni\u0161kai paruo\u0161ti j\u0105 var\u017eyboms<br \/>3. Reklamuoti rengin\u012f.<br \/>4. Suderinti su Vilniaus miesto savivaldybe renginio pravedim\u0105.<\/p>\r\n\r\n\r\n\r\n<p><strong>IV. VAR\u017dYB\u0172 VIETA, LAIKAS IR NUOTOLIAI<\/strong><\/p>\r\n\r\n\r\n\r\n<p>2026 m.gegu\u017e\u0117s 2 d. 10.00 val., Vilniaus m. , Vingio parkas.<\/p>\r\n\r\n\r\n\r\n<p><em>&#8222;Vilniaus Pavasario Maratonas\u201d metu b\u0117gimo m\u0117g\u0117jai ir profesionalai gal\u0117s var\u017eytis \u0161iose rungtyse:<\/em><\/p>\r\n\r\n\r\n\r\n<p><strong><em><u>B\u0117gimas:<\/u><\/em><\/strong><\/p>\r\n\r\n\r\n\r\n<p>Distancijos:\u00a0 600 m, 5,3 km, 10,6 km, 21,098 km, 42,195 km,<\/p>\r\n\r\n\r\n\r\n<p>Startai:<\/p>\r\n\r\n\r\n\r\n<ol class=\"wp-block-list\">\r\n<li>Maratone \u2013 Startas 10.00;<\/li>\r\n\r\n\r\n\r\n<li>Pusmaratonyje \u2013 Startas 10.00;<\/li>\r\n\r\n\r\n\r\n<li>10,6 km b\u0117gime \u2013 Startas 12.30;<\/li>\r\n\r\n\r\n\r\n<li>5,3 km b\u0117gime \u2013 Startas 12.30;<\/li>\r\n\r\n\r\n\r\n<li>600 m vaik\u0173 b\u0117gimas \u2013 Startas 14.30.<\/li>\r\n<\/ol>\r\n\r\n\r\n\r\n<p><strong><em><u>\u0160iaurieti\u0161kas \u0117jimas:<\/u><\/em><\/strong><\/p>\r\n\r\n\r\n\r\n<p>Distancijos:\u00a0 \u00a05,3 km, 10,6 km, 21,098 km<\/p>\r\n\r\n\r\n\r\n<p>Startai:<\/p>\r\n\r\n\r\n\r\n<ol class=\"wp-block-list\">\r\n<li>Pusmaratonyje \u2013 Startas 10.00;<\/li>\r\n\r\n\r\n\r\n<li>10,6 km\u00a0 \u2013 Startas 12.30;<\/li>\r\n\r\n\r\n\r\n<li>5,3 km\u00a0 \u2013 Startas 12.30;<\/li>\r\n<\/ol>\r\n\r\n\r\n\r\n<p><strong>V. TRASA<\/strong><\/p>\r\n\r\n\r\n\r\n<p>Tras\u0105 sudarys 5,3 km ratas.<\/p>\r\n\r\n\r\n\r\n<p>Danga &#8211; asfaltas.<\/p>\r\n\r\n\r\n\r\n<p><strong>VI. PROGRAMA<\/strong><\/p>\r\n\r\n\r\n\r\n<p>8.00 val. &#8211; pradedamas dalyvi\u0173 numeri\u0173 i\u0161davimas;<\/p>\r\n\r\n\r\n\r\n\r\n\r\n<p>10.00 val. &#8211; maratono, pusmaratonio ir 21.1 km \u0161iaurieti\u0161ko \u0117jimo distancij\u0173 startas;<\/p>\r\n\r\n\r\n\r\n<p>12.30 val. &#8211;\u00a0 10,6 km ir 5,3 km,\u00a0 bei \u0161iaurieti\u0161ko \u0117jimo 10,6 km ir 5,3 km distancij\u0173 startas;<\/p>\r\n<p>14.30 val. &#8211; 600 m vaik\u0173 b\u0117gimas;<\/p>\r\n\r\n\r\n\r\n<p>15.00 val. &#8211;\u00a0 maratono, pusmaratonio. 10,6 km ir 5,3 km distancij\u0173 nugal\u0117toj\u0173 ir prizinink\u0173 apdovanojimas;<\/p>\r\n\r\n\r\n\r\n<p><strong>VII. LAIKO LIMITAS<\/strong><\/p>\r\n\r\n\r\n\r\n<p>42,195 km \u2013 7 val.<br \/>21,098 km \u2013 3 val.<br \/>10,6 km \u2013 2 val.<br \/>5,3 km \u2013 1 val.<\/p>\r\n\r\n\r\n\r\n<p>\u0160iaurieti\u0161ko \u0117jimo distancijoms skiriamas 6 val. limitas.<\/p>\r\n\r\n\r\n\r\n<p><strong>VIII. DALYVIAI<\/strong><\/p>\r\n\r\n\r\n\r\n<p>1.Var\u017eybose gali dalyvauti visi norintys, u\u017esiregistrav\u0119, pasitikrin\u0119 sveikat\u0105 ir susipa\u017ein\u0119 su b\u0117gimo nuostatais. Visi dalyviai b\u0117gime dalyvauja laisva valia ir niekieno never\u010diami ir prisiima vis\u0105 su dalyvavimu b\u0117gime susijusi\u0105 (tame tarpe su \u012fvairiais sveikatos sutrikimais ir pan.) rizik\u0105 bei \u012fsipareigoja d\u0117l to nereik\u0161ti renginio organizatoriams joki\u0173 pretenzij\u0173.<br \/>2. B\u0117gikai,\u00a0atsiimdami numer\u012f, privalo tur\u0117ti asmens dokument\u0105. U\u017e nepilname\u010dius,\u00a0dalyvaujan\u010dius renginyje atsako j\u0173 t\u0117vai, glob\u0117jai arba treneris.<br \/>3. Kiekvienas dalyvis u\u017esiregistruodamas savaime sutinka, kad renginio organizatoriai\u00a0visas renginio metu padarytas nuotraukas bei filmuot\u0105 med\u017eiag\u0105 gali laisvai, be\u00a0atskiro sutikimo, naudoti rinkodaros tikslais.<\/p>\r\n\r\n\r\n\r\n<p><strong>IX. SPECIALIOS S\u0104LYGOS IR APRIBOJIMAI<\/strong><\/p>\r\n\r\n\r\n\r\n<ol class=\"wp-block-list\">\r\n<li>Registruotis \u012f bet kuri\u0105 rungt\u012f galima tik savo vardu. Savo numer\u012f perduoti kitam dalyviui draud\u017eiama. Tokiu atveju dalyviai bus diskvalifikuojami, o rezultatai \u012f var\u017eyb\u0173 protokol\u0105 ne\u012ftraukiami.<\/li>\r\n\r\n\r\n\r\n<li>Kiekvienas dalyvis var\u017eybose privalo tur\u0117ti ant mar\u0161kin\u0117li\u0173 tvarkingai pritvirtint\u0105 numer\u012f. Numeris turi b\u016bti ant mar\u0161kin\u0117li\u0173 priekio (kr\u016btin\u0117s), ai\u0161kiai matomoje vietoje.<\/li>\r\n\r\n\r\n\r\n<li>Dalyviams bei juos palaikantiems asmenims grie\u017etai draud\u017eiama naudoti bet kokias transporto priemones, pvz.: dvira\u010dius, riedu\u010dius, riedlentes ir kitas ratuotas transporto priemones. Dalyviai, pa\u017eeid\u0119 \u0161\u012f nuostat\u0173 punkt\u0105, bus diskvalifikuojami.<\/li>\r\n\r\n\r\n\r\n<li>Kiekvienas b\u0117gimo dalyvis turi prisitvirtinti laiko matavimo elektronin\u0119 mikroschem\u0105 ant mar\u0161kin\u0117li\u0173. Jeigu mikroschema nebus pritvirtinta tinkamai, dalyvio laikas nebus fiksuojamas ir tokie dalyviai nebus \u012ftraukti \u012f var\u017eyb\u0173 protokol\u0105.<\/li>\r\n\r\n\r\n\r\n<li>Var\u017eyb\u0173 dalyviams nukrypti nuo b\u0117gimo trasos (be teis\u0117jo leidimo) yra draud\u017eiama. Dalyviai, pa\u017eeid\u0119 \u0161i\u0105 taisykl\u0119, bus diskvalifikuojami.<\/li>\r\n\r\n\r\n\r\n<li>\u00a0Bet kokios dalyvi\u0173 pretenzijos turi b\u016bti pateiktos ra\u0161tu var\u017eyb\u0173 vyr. teis\u0117jui ne v\u0117liau kaip per 30 minu\u010di\u0173 po var\u017eyb\u0173 pabaigos. Dalyvis, pateikdamas pretenzij\u0105, privalo sumok\u0117ti 30 eur\u0173 mokest\u012f, kuris gr\u0105\u017einamas tik tuo atveju, jeigu apeliacin\u0117 komisija (maratono direktorius, vyr. teis\u0117jas) pretenzij\u0105 patenkins. Kol dalyvis nesumoka \u0161io mokes\u010dio, pretenzijos nesvarstomos.<\/li>\r\n\r\n\r\n\r\n<li>Renginio organizatoriai neatsako u\u017e dalyvi\u0173 sveikat\u0105 ar sveikatos sutrikimus, patirtus b\u0117gimo metu. Dalyviai privalo patys asmeni\u0161kai pasitikrinti sveikat\u0105.<\/li>\r\n\r\n\r\n\r\n<li>Kiekvienas dalyvis u\u017esiregistravimu savaime sutinka, kad renginio organizatoriai visas renginio metu padarytas nuotraukas bei filmuot\u0105 med\u017eiag\u0105 laisvai ir be atskiro sutikimo naudot\u0173 rinkodaros tikslais, pvz., socialiniuose tinkluose, internetin\u0117je svetain\u0117je ir kt.<\/li>\r\n\r\n\r\n\r\n<li><span style=\"color: #ff0000;\"><strong>Renginio dalyvi\u0173 limitas &#8211; 300 !<\/strong><\/span><\/li>\r\n<\/ol>\r\n\r\n\r\n\r\n<p><strong>X. SPECIAL\u016aS PUNKTAI TRASOJE<\/strong><br \/>Trasoje bus \u012frengta vandens bei\u00a0 maitinimo stotel\u0117, kurioje var\u017eyb\u0173 metu dalyviams bus dalinami g\u0117rimai \u2013 vanduo, Cola, gaivieji g\u0117rimai, vaisiai, sausainiai, u\u017ekand\u017eiai.\u00a0<br \/>Maitinimo stotel\u0117 bus kas 5,3 km.<\/p>\r\n\r\n\r\n\r\n<p><strong>XI. APDOVANOJIMAI<\/strong><\/p>\r\n\r\n\r\n\r\n<p><strong>42,195 km\u00a0<\/strong>rungties apdovanojimai:<br \/>\u2022<strong> 1 \u2013 3 vietas<\/strong> u\u017e\u0117m\u0119 vyrai ir moterys \u2013 r\u0117m\u0117j\u0173 prizai ir taur\u0117s;<br \/>\u2022 Visiems, pasiekusiems fini\u0161\u0105 per kontrolin\u012f laik\u0105 \u2013 atminimo medaliai;<br \/><strong>21,098 km<\/strong>\u00a0rungties apdovanojimai:<br \/>\u2022 1 \u2013 3 vietas u\u017e\u0117m\u0119 vyrai ir moterys \u2013\u00a0 taur\u0117s;<br \/>\u2022 Visiems, pasiekusiems fini\u0161\u0105 per kontrolin\u012f laik\u0105 \u2013 atminimo medaliai;<br \/><strong>10,6 km<\/strong> rungties apdovanojimai:<br \/>\u2022 1 \u2013 3 vietas u\u017e\u0117m\u0119 vyrai ir moterys \u2013\u00a0 taur\u0117s;<br \/>\u2022 Visiems, pasiekusiems fini\u0161\u0105 per kontrolin\u012f laik\u0105 \u2013 atminimo medaliai;<br \/><strong>5,3 km<\/strong> rungties apdovanojimai:<br \/>\u2022 1 \u2013 3 vietas u\u017e\u0117m\u0119 vyrai ir moterys \u2013\u00a0 taur\u0117s;<br \/>\u2022 Visiems, pasiekusiems fini\u0161\u0105 per kontrolin\u012f laik\u0105 \u2013 atminimo medaliai;<br \/><strong>600 m<\/strong> vaik\u0173 b\u0117gimas\u00a0<br \/>Visiems \u012fveikusiems distancij\u0105 \u2013 atminimo medaliai.<\/p>\r\n\r\n\r\n\r\n<p>\u0160iaurieti\u0161ko \u0117jimo vis\u0173 distancij\u0173 dalyviams, pasiekusiems fini\u0161\u0105 &#8211; atminimo medaliai;<\/p>\r\n\r\n\r\n\r\n<p>Nominacijos:<\/p>\r\n\r\n\r\n\r\n<ul class=\"wp-block-list\">\r\n<li>Vyriausias dalyvis<\/li>\r\n\r\n\r\n\r\n<li>Originaliausias kostiumas<\/li>\r\n\r\n\r\n\r\n<li>Gausiausia komanda<\/li>\r\n\r\n\r\n\r\n<li>I\u0161tvermingiausia komanda &#8211; 1, 2, 3 vietos (komandos surinkusios daugiausia km per visas distancijas)<\/li>\r\n<\/ul>\r\n<p><span style=\"color: #000000;\">Visi dalyviai po b\u0117gimo gal\u0117s parsisi\u0173sti diplomus su savo b\u0117gimo rezultatu.<\/span><\/p>\r\n\r\n\r\n\r\n<p><strong>PASTABA! Visi nugal\u0117tojai ir prizininkai privalo tur\u0117ti savo b\u0117gimo \u012frodym\u0105 ir papra\u0161ius var\u017eyb\u0173 organizatoriams, j\u012f pateikti.\u00a0 Tinka \u012fvairi\u0173 sportini\u0173 program\u0117li\u0173, sportini\u0173 laikrod\u017ei\u0173 parodymai, kuriuose b\u016bt\u0173 galima pamatyti vis\u0105 dalyvio b\u0117gimo statistik\u0105.<\/strong><\/p>\r\n\r\n\r\n\r\n<p><strong>XII. DALYVI\u0172 STARTINIS MOKESTIS\u00a0<\/strong><\/p>\r\n\r\n\r\n\r\n<figure class=\"wp-block-table\">\r\n<table class=\"has-fixed-layout\">\r\n<tbody>\r\n<tr>\r\n<td><strong>Distancija<\/strong><\/td>\r\n<td class=\"has-text-align-center\" style=\"text-align: center;\" data-align=\"center\"><strong>iki 2026.02.10<\/strong><\/td>\r\n<td class=\"has-text-align-center\" style=\"text-align: center;\" data-align=\"center\"><strong>02.11 \u2013 03.31<\/strong><\/td>\r\n<td class=\"has-text-align-center\" style=\"text-align: center;\" data-align=\"center\"><strong>04.01 \u2013 04.28<\/strong><\/td>\r\n<td class=\"has-text-align-center\" style=\"text-align: center;\" data-align=\"center\"><strong>Renginio dien\u0105<\/strong><\/td>\r\n<\/tr>\r\n<tr>\r\n<td><strong>600 m<\/strong><\/td>\r\n<td class=\"has-text-align-center\" style=\"text-align: center;\" data-align=\"center\"><strong>12 Eur<\/strong><\/td>\r\n<td class=\"has-text-align-center\" style=\"text-align: center;\" data-align=\"center\"><strong>14 Eur<\/strong><\/td>\r\n<td class=\"has-text-align-center\" style=\"text-align: center;\" data-align=\"center\"><strong>16<\/strong><strong> Eur<\/strong><\/td>\r\n<td class=\"has-text-align-center\" style=\"text-align: center;\" data-align=\"center\"><strong>25 Eur<\/strong><\/td>\r\n<\/tr>\r\n<tr>\r\n<td><strong>5,3 km<\/strong><\/td>\r\n<td class=\"has-text-align-center\" style=\"text-align: center;\" data-align=\"center\"><strong>12 Eur<\/strong><\/td>\r\n<td class=\"has-text-align-center\" style=\"text-align: center;\" data-align=\"center\"><strong>16 Eur<\/strong><\/td>\r\n<td class=\"has-text-align-center\" style=\"text-align: center;\" data-align=\"center\"><strong>21 Eur<\/strong><\/td>\r\n<td class=\"has-text-align-center\" style=\"text-align: center;\" data-align=\"center\"><strong>30 Eur<\/strong><\/td>\r\n<\/tr>\r\n<tr>\r\n<td><strong>10,6 km<\/strong><\/td>\r\n<td class=\"has-text-align-center\" style=\"text-align: center;\" data-align=\"center\"><strong>12 Eur<\/strong><\/td>\r\n<td class=\"has-text-align-center\" style=\"text-align: center;\" data-align=\"center\"><strong>17 Eur<\/strong><\/td>\r\n<td class=\"has-text-align-center\" style=\"text-align: center;\" data-align=\"center\"><strong>23 Eur<\/strong><\/td>\r\n<td class=\"has-text-align-center\" style=\"text-align: center;\" data-align=\"center\"><strong>30 Eur<\/strong><\/td>\r\n<\/tr>\r\n<tr>\r\n<td><strong>21,098 km<\/strong><\/td>\r\n<td class=\"has-text-align-center\" style=\"text-align: center;\" data-align=\"center\"><strong>15 Eur<\/strong><\/td>\r\n<td class=\"has-text-align-center\" style=\"text-align: center;\" data-align=\"center\"><strong>22 Eur<\/strong><\/td>\r\n<td class=\"has-text-align-center\" style=\"text-align: center;\" data-align=\"center\"><strong>27 Eur<\/strong><\/td>\r\n<td class=\"has-text-align-center\" style=\"text-align: center;\" data-align=\"center\"><strong>\u00a035 Eur<\/strong><\/td>\r\n<\/tr>\r\n<tr>\r\n<td><strong>42,195 km<\/strong><\/td>\r\n<td class=\"has-text-align-center\" style=\"text-align: center;\" data-align=\"center\"><strong>15 Eur<\/strong><\/td>\r\n<td class=\"has-text-align-center\" style=\"text-align: center;\" data-align=\"center\"><strong>23 Eur<\/strong><\/td>\r\n<td class=\"has-text-align-center\" style=\"text-align: center;\" data-align=\"center\"><strong>28 Eur<\/strong><\/td>\r\n<td class=\"has-text-align-center\" style=\"text-align: center;\" data-align=\"center\"><strong>40 Eur<\/strong><\/td>\r\n<\/tr>\r\n<tr>\r\n<td><strong>\u0160iaurieti\u0161kas \u0117jimas 5,3 km<\/strong><\/td>\r\n<td class=\"has-text-align-center\" style=\"text-align: center;\" data-align=\"center\"><strong>12 Eur<\/strong><\/td>\r\n<td class=\"has-text-align-center\" style=\"text-align: center;\" data-align=\"center\"><strong>16 Eur<\/strong><\/td>\r\n<td class=\"has-text-align-center\" style=\"text-align: center;\" data-align=\"center\"><strong>21 Eur<\/strong><\/td>\r\n<td class=\"has-text-align-center\" style=\"text-align: center;\" data-align=\"center\"><strong>30 Eur<\/strong><\/td>\r\n<\/tr>\r\n<tr>\r\n<td><strong>\u0160iaurieti\u0161kas \u0117jimas 10,6 km<\/strong><\/td>\r\n<td class=\"has-text-align-center\" style=\"text-align: center;\" data-align=\"center\"><strong>12 Eur<\/strong><\/td>\r\n<td class=\"has-text-align-center\" style=\"text-align: center;\" data-align=\"center\"><strong>17 Eur<\/strong><\/td>\r\n<td class=\"has-text-align-center\" style=\"text-align: center;\" data-align=\"center\"><strong>23 Eur<\/strong><\/td>\r\n<td class=\"has-text-align-center\" style=\"text-align: center;\" data-align=\"center\"><strong>30 Eur<\/strong><\/td>\r\n<\/tr>\r\n<tr>\r\n<td><strong>\u0160iaurieti\u0161kas \u0117jimas 21,098 km<\/strong><\/td>\r\n<td class=\"has-text-align-center\" style=\"text-align: center;\" data-align=\"center\"><strong>15 Eur<\/strong><\/td>\r\n<td class=\"has-text-align-center\" style=\"text-align: center;\" data-align=\"center\"><strong>23 Eur<\/strong><\/td>\r\n<td class=\"has-text-align-center\" style=\"text-align: center;\" data-align=\"center\"><strong>28 Eur<\/strong><\/td>\r\n<td class=\"has-text-align-center\" style=\"text-align: center;\" data-align=\"center\"><strong>35 Eur<\/strong><\/td>\r\n<\/tr>\r\n<\/tbody>\r\n<\/table>\r\n<\/figure>\r\n\r\n\r\n\r\n<ol class=\"wp-block-list\">\r\n<li>Dalyvio startinis mokestis negr\u0105\u017einamas.<\/li>\r\n\r\n\r\n\r\n<li>\u00a0Jei u\u017esiregistrav\u0119s dalyvis nori keisti rungt\u012f:<br \/>2.1 \u012f trumpesn\u0119, jis turi sumok\u0117ti rungties keitimo mokest\u012f \u2013 5 EUR.<br \/>2.2 \u012f ilgesn\u0119, jis turi primok\u0117ti startinio mokes\u010dio skirtum\u0105, pagal \u0161iai dienai galiojant\u012f ilgesn\u0117s rungties startin\u012f mokest\u012f bei rungties keitimo 5 EUR mokest\u012f.<br \/>2.3 Norint perleisti registracij\u0105 kitam dalyviui mokamas 5 EUR mokestis.<br \/>2.4 Dalyvio duomen\u0173 atnaujinimo, keitimo mokestis 5 EUR. Pakeitimai atliekami iki 2026-04-25 imtinai. V\u0117liau jokie pakeitimai nebus galimi.<br \/>2.5 Registracijos, dalyvio duomen\u0173 keitimo mokestis\u00a0 pervedamas \u012f V\u0161\u012e Maratomanija s\u0105skait\u0105: SWEDBANK: LT 39 7300 0101 5760 4275<\/li>\r\n<\/ol>\r\n\r\n\r\n\r\n<p><strong>XIII. DALYVI\u0172 REGISTRAVIMAS IR NUMERI\u0172 I\u0160DAVIMAS<\/strong><\/p>\r\n\r\n\r\n\r\n<ol class=\"wp-block-list\">\r\n<li>\u00a0Registracija atidaroma 2025m. sausio 24 d.<\/li>\r\n\r\n\r\n\r\n<li>Visi dalyviai gali registruotis interneto svetain\u0117je\u00a0 <a href=\"https:\/\/www.myrace.lt\/maratonadienis\/\">https:\/\/www.myrace.lt\/maratonadienis\/<\/a><\/li>\r\n\r\n\r\n\r\n<li>I\u0161ankstin\u0117 internetin\u0117 registracija sustabdoma 2026 m. baland\u017eio 28 d. 20.00 val. V\u0117liau bus galima registruotis tik renginio dien\u0105 starto vietoje.\u00a0<\/li>\r\n\r\n\r\n\r\n<li>Renginio dien\u0105 numeriai bus dalinami renginio vietoje nuo 8.00 val.<\/li>\r\n\r\n\r\n<\/ol>\r\n<p><strong>XIV. VIRTUALUS B\u0116GIMAS<\/strong><br \/><br \/>Virtualaus b\u0117gimo metu b\u0117gama viena i\u0161 \u0161i\u0173 distancij\u0173: 1 km, 5 km, 10 km, 21,098 km arba 42,195 km.<br \/>\u00a0Laik\u0105 b\u0117gimo dalyviai matuoja savaranki\u0161kai b\u0117gdami savo pasirinktoje saugioje trasoje, naudodami bet koki\u0105 vie\u0161ai ir laisvai prieinam\u0105 sporto program\u0117le (pvz.: Strava, Nike Run Club, Garmin ir kitos), i\u0161mani\u0173j\u0173 laikrod\u017ei\u0173 nuotraukos ir pan., svarbiausia, kad ai\u0161kiai b\u016bt\u0173 matomas \u012fveiktas atstumas ir laikas.<br \/>Virtuali\u0173 var\u017eyb\u0173 dalyviai savo asmenin\u012f rezultat\u0105 privalo atsi\u0173sti el.pa\u0161tu <span style=\"color: #000080;\"><em>maratomanija@gmail.com.<\/em><\/span><br \/>Dalyvis savo pasirinkt\u0105 tras\u0105 turi \u012fveiktigegu\u017e\u0117s 1-2d. dienomis. Rezultatai patvirtinami, tikslinami bei \u012ftraukiami \u012f protokol\u0105 iki gegu\u017e\u0117s 3 dienos 18.00val.<br \/>J\u016bs\u0173 pasiektas rezultatas bus vie\u0161ai skelbiamas oficialiame var\u017eyb\u0173 protokole ir var\u017eyb\u0173 puslapyje, skiltyje \u201eRezultatai\u201c.<\/p>\r\n\r\n\r\n\r\n<p><strong>XIV. BAIGIAMOSIOS NUOSTATOS<\/strong><br \/>B\u0117gimo organizatoriai pasilieka teis\u0119, reikalui esant, keisti var\u017eyb\u0173 taisykles.<\/p>\r\n<p>I\u0161kilusiais klausimais galima kreiptis: tel.: +37061532233. arba ra\u0161yti: <a href=\"mailto:maratonas.vilniaus.tiltai@gmail.com\">maratomanija@gmail.com<\/a>.<\/p>\r\n\r\n\r\n","protected":false},"excerpt":{"rendered":"<p>Bundanti gamta. Bundantis jud\u0117jimas.Su pavasariu \u012f miest\u0105 gr\u012f\u017eta b\u0117gimas. Vilniaus pavasario maratonas kvie\u010dia visus \u2013 nuo pirm\u0173j\u0173 kilometr\u0173 iki maratono i\u0161\u0161\u016bkio.Su bundan\u010dia gamta pradedame sezon\u0105 kartu, jud\u0117dami per miest\u0105, parkus ir pavasario ritmu. &nbsp; NUOSTATAI I. BENDROJI DALIS \u00a0V\u0161\u012e &#8222;100 marathon club Lithuania&#8221; 2026 m. gegu\u017e\u0117s 2 d. rengia &#8222;Vilniaus Pavasario Maratonas\u201c. II. TIKSLAI IR &hellip; <a href=\"https:\/\/www.myrace.lt\/pavasariomaratonas\/nuostatai\/\" class=\"more-link\">Toliau skaityti <span class=\"screen-reader-text\">NUOSTATAI<\/span> <span class=\"meta-nav\">&rarr;<\/span><\/a><\/p>\n","protected":false},"author":2,"featured_media":0,"parent":0,"menu_order":0,"comment_status":"closed","ping_status":"closed","template":"","meta":{"footnotes":""},"class_list":["post-5","page","type-page","status-publish","hentry"],"_links":{"self":[{"href":"https:\/\/www.myrace.lt\/pavasariomaratonas\/wp-json\/wp\/v2\/pages\/5","targetHints":{"allow":["GET"]}}],"collection":[{"href":"https:\/\/www.myrace.lt\/pavasariomaratonas\/wp-json\/wp\/v2\/pages"}],"about":[{"href":"https:\/\/www.myrace.lt\/pavasariomaratonas\/wp-json\/wp\/v2\/types\/page"}],"author":[{"embeddable":true,"href":"https:\/\/www.myrace.lt\/pavasariomaratonas\/wp-json\/wp\/v2\/users\/2"}],"replies":[{"embeddable":true,"href":"https:\/\/www.myrace.lt\/pavasariomaratonas\/wp-json\/wp\/v2\/comments?post=5"}],"version-history":[{"count":19,"href":"https:\/\/www.myrace.lt\/pavasariomaratonas\/wp-json\/wp\/v2\/pages\/5\/revisions"}],"predecessor-version":[{"id":93,"href":"https:\/\/www.myrace.lt\/pavasariomaratonas\/wp-json\/wp\/v2\/pages\/5\/revisions\/93"}],"wp:attachment":[{"href":"https:\/\/www.myrace.lt\/pavasariomaratonas\/wp-json\/wp\/v2\/media?parent=5"}],"curies":[{"name":"wp","href":"https:\/\/api.w.org\/{rel}","templated":true}]}}