{"id":35,"date":"2026-03-17T17:11:14","date_gmt":"2026-03-17T17:11:14","guid":{"rendered":"https:\/\/www.myrace.lt\/pavasariomaratonas\/?page_id=35"},"modified":"2026-05-01T15:44:48","modified_gmt":"2026-05-01T15:44:48","slug":"registracija","status":"publish","type":"page","link":"https:\/\/www.myrace.lt\/pavasariomaratonas\/","title":{"rendered":"REGISTRACIJA"},"content":{"rendered":"<p><img loading=\"lazy\" decoding=\"async\" class=\"aligncenter wp-image-74 size-large\" src=\"https:\/\/www.myrace.lt\/pavasariomaratonas\/wp-content\/uploads\/sites\/22\/2026\/03\/20260123_1821_Image-Generation_remix_01kfntfyssegrbfgmhrczjdqjg-851x1024.jpg\" alt=\"\" width=\"604\" height=\"727\" srcset=\"https:\/\/www.myrace.lt\/pavasariomaratonas\/wp-content\/uploads\/sites\/22\/2026\/03\/20260123_1821_Image-Generation_remix_01kfntfyssegrbfgmhrczjdqjg-851x1024.jpg 851w, https:\/\/www.myrace.lt\/pavasariomaratonas\/wp-content\/uploads\/sites\/22\/2026\/03\/20260123_1821_Image-Generation_remix_01kfntfyssegrbfgmhrczjdqjg-249x300.jpg 249w, https:\/\/www.myrace.lt\/pavasariomaratonas\/wp-content\/uploads\/sites\/22\/2026\/03\/20260123_1821_Image-Generation_remix_01kfntfyssegrbfgmhrczjdqjg-768x924.jpg 768w, https:\/\/www.myrace.lt\/pavasariomaratonas\/wp-content\/uploads\/sites\/22\/2026\/03\/20260123_1821_Image-Generation_remix_01kfntfyssegrbfgmhrczjdqjg.jpg 1024w\" sizes=\"auto, (max-width: 604px) 100vw, 604px\" \/><\/p>\r\n<p style=\"text-align: center;\"><span style=\"font-size: 18pt;\"><strong>REGISTRACIJA \u012e RENGIN\u012e GALIMA TIK RENGINIO DIEN\u0104 STARTO VIETOJE<\/strong><\/span><\/p>\r\n\r\n","protected":false},"excerpt":{"rendered":"<p>REGISTRACIJA \u012e RENGIN\u012e GALIMA TIK RENGINIO DIEN\u0104 STARTO VIETOJE<\/p>\n","protected":false},"author":2,"featured_media":0,"parent":0,"menu_order":0,"comment_status":"closed","ping_status":"closed","template":"","meta":{"footnotes":""},"class_list":["post-35","page","type-page","status-publish","hentry"],"_links":{"self":[{"href":"https:\/\/www.myrace.lt\/pavasariomaratonas\/wp-json\/wp\/v2\/pages\/35","targetHints":{"allow":["GET"]}}],"collection":[{"href":"https:\/\/www.myrace.lt\/pavasariomaratonas\/wp-json\/wp\/v2\/pages"}],"about":[{"href":"https:\/\/www.myrace.lt\/pavasariomaratonas\/wp-json\/wp\/v2\/types\/page"}],"author":[{"embeddable":true,"href":"https:\/\/www.myrace.lt\/pavasariomaratonas\/wp-json\/wp\/v2\/users\/2"}],"replies":[{"embeddable":true,"href":"https:\/\/www.myrace.lt\/pavasariomaratonas\/wp-json\/wp\/v2\/comments?post=35"}],"version-history":[{"count":6,"href":"https:\/\/www.myrace.lt\/pavasariomaratonas\/wp-json\/wp\/v2\/pages\/35\/revisions"}],"predecessor-version":[{"id":103,"href":"https:\/\/www.myrace.lt\/pavasariomaratonas\/wp-json\/wp\/v2\/pages\/35\/revisions\/103"}],"wp:attachment":[{"href":"https:\/\/www.myrace.lt\/pavasariomaratonas\/wp-json\/wp\/v2\/media?parent=35"}],"curies":[{"name":"wp","href":"https:\/\/api.w.org\/{rel}","templated":true}]}}