{"id":20,"date":"2020-07-08T10:56:58","date_gmt":"2020-07-08T12:56:58","guid":{"rendered":"https:\/\/www.myrace.lt\/pasvaliomaratonas\/?page_id=20"},"modified":"2022-01-19T00:51:33","modified_gmt":"2022-01-18T22:51:33","slug":"nuostatai","status":"publish","type":"page","link":"https:\/\/www.myrace.lt\/pasvaliomaratonas\/nuostatai\/","title":{"rendered":"Nuostatai"},"content":{"rendered":"<p style=\"text-align: center;\"><span style=\"color: #000000;\"><em>Pasvalys nuo seno gars\u0117jo ne tik puikiu alumi ir giliomis aludaryst\u0117s tradicijomis, bet ir Pasvalio maratono \u0161vent\u0117mis.<\/em><\/span><br \/>\n<span style=\"color: #000000;\"><em>Ir 2022 metais Pasvalio maratonas atgimsta su nauja j\u0117ga ir energija.<\/em><\/span><br \/>\n<span style=\"color: #000000;\"><em>Kvie\u010diame \u012f jau XVIII-\u0105j\u012f Pasvalio maraton\u0105! <\/em><\/span><br \/>\n<span style=\"color: #000000;\"><em>Ir j\u016bs patys \u012fsitikinsite, kad Pasvalio auk\u0161tai\u010diai ne tik svetingi, bet ir moka rengti puikias b\u0117gimo \u0161ventes!!!<\/em><\/span><\/p>\n<p style=\"text-align: center;\"><span style=\"color: #000000;\"><strong><span style=\"font-size: 20px;\">NUOSTATAI:<\/span><\/strong><\/span><\/p>\n<p style=\"text-align: left;\"><span style=\"color: #000000;\"><strong>I. BENDROJI DALIS<\/strong><\/span><br \/>\n<span style=\"color: #000000;\">V\u0161\u012e \u201eMaratomanija\u201c, B\u0117gimo m\u0117g\u0117j\u0173 ir sveikos gyvensenos klubas \u201eV\u0117tra\u201c, Pasvalio sporto mokykla ir LBMA 2022 m. bir\u017eelio 04d. rengia \u201eXVIII Pasvalio maraton\u0105\u201c.<\/span><\/p>\n<p style=\"text-align: left;\"><span style=\"color: #000000;\"><strong>II. TIKSLAI IR U\u017dDAVINIAI<\/strong><\/span><br \/>\n<span style=\"color: #000000;\">1. Populiarinti b\u0117gimo kult\u016br\u0105 Lietuvoje.<\/span><br \/>\n<span style=\"color: #000000;\">2. Gausinti masini\u0173 rengini\u0173 kiek\u012f Lietuvoje. Didinti gyventoj\u0173 aktyvum\u0105.<\/span><br \/>\n<span style=\"color: #000000;\">3. Skatinti b\u0117gim\u0105, kaip sveik\u0105 gyvenimo b\u016bd\u0105.<\/span><br \/>\n<span style=\"color: #000000;\">4. Didinti gyventoj\u0173 aktyvum\u0105.<\/span><\/p>\n<p style=\"text-align: left;\"><span style=\"color: #000000;\"><strong>III. RENGINIO ORGANIZATORI\u0172 ATSAKOMYB\u0116 IR PAREIGOS<\/strong><\/span><br \/>\n<span style=\"color: #000000;\">1. Registruoti renginio dalyvius, pagaminti ir i\u0161duoti numerius.<\/span><br \/>\n<span style=\"color: #000000;\">2. I\u0161matuoti tras\u0105 bei techni\u0161kai paruo\u0161ti j\u0105 var\u017eyboms<\/span><br \/>\n<span style=\"color: #000000;\">3. Reklamuoti rengin\u012f bei vykdyti vie\u0161\u0173j\u0173 ry\u0161i\u0173 kampanij\u0105, siekiant populiarinti b\u0117gim\u0105 ir sutraukti kuo didesn\u012f dalyvi\u0173 skai\u010di\u0173.<\/span><br \/>\n<span style=\"color: #000000;\">4. U\u017efiksuoti dalyvi\u0173 b\u0117gimo laikus, juos u\u017eprotokoluoti ir \u012ftraukti \u012f oficial\u0173 renginio protokol\u0105.<\/span><\/p>\n<p style=\"text-align: left;\"><span style=\"color: #000000;\"><strong>IV. VAR\u017dYB\u0172 VIETA, LAIKAS IR NUOTOLIAI<\/strong><\/span><br \/>\n<span style=\"color: #000000;\">2022m. bir\u017eelio 04d., Pasvalys, Pasvalio stadionas<\/span><br \/>\n<span style=\"color: #000000;\">\u201eXVII Pasvalio maratono\u201c metu b\u0117gimo m\u0117g\u0117jai ir profesionalai gal\u0117s var\u017eytis \u0161iose rungtyse:<\/span><br \/>\n<span style=\"color: #000000;\">1. Maratone \u2013Startas 10.00;<\/span><br \/>\n<span style=\"color: #000000;\">2. Pusmaratonyje \u2013Startas 10.00;<\/span><br \/>\n<span style=\"color: #000000;\">3. 10km b\u0117gime \u2013Startas 10.00;<\/span><br \/>\n<span style=\"color: #000000;\">4. 3 km b\u0117gime \u2013Startas 14.00;<\/span><br \/>\n<span style=\"color: #000000;\">5. 1km b\u0117gime \u2013Startas 14.45;<\/span><br \/>\n<span style=\"color: #000000;\">6. 400m vaik\u0173 b\u0117gimas \u2013 Startas 15.15.<\/span><\/p>\n<p style=\"text-align: left;\"><span style=\"color: #000000;\"><strong>V. LAIKO LIMITAS<\/strong><\/span><br \/>\n<span style=\"color: #000000;\">42,2 km \u2013 6val.<\/span><br \/>\n<span style=\"color: #000000;\">21,1 km \u2013 3 val.<\/span><br \/>\n<span style=\"color: #000000;\">10km \u2013 2val.<\/span><br \/>\n<span style=\"color: #000000;\">3 km \u2013 1 val.<\/span><br \/>\n<span style=\"color: #000000;\">1 km \u2013 0,5 val.<\/span><\/p>\n<p style=\"text-align: left;\"><span style=\"color: #000000;\"><strong>VI. DALYVIAI<\/strong><\/span><br \/>\n<span style=\"color: #000000;\">1. Var\u017eybose gali dalyvauti visi norintys, u\u017esiregistrav\u0119, pasitikrin\u0119 sveikat\u0105 ir susipa\u017ein\u0119 su b\u0117gimo nuostatais. Visi dalyviai b\u0117gime dalyvauja laisva valia ir nei kieno never\u010diami ir prisiima vis\u0105 su dalyvavimu b\u0117gime susijusi\u0105 (tame tarpe su \u012fvairiais sveikatos sutrikimais ir pan.) rizik\u0105 bei \u012fsipareigoja d\u0117l to nereik\u0161ti renginio organizatoriams joki\u0173 pretenzij\u0173.<\/span><br \/>\n<span style=\"color: #000000;\">2. B\u0117gikai, atsiimdami numer\u012f, privalo tur\u0117ti asmens dokument\u0105. U\u017e nepilname\u010dius, dalyvaujan\u010dius renginyje atsako j\u0173 t\u0117vai, glob\u0117jai arba treneris.<\/span><br \/>\n<span style=\"color: #000000;\">3. Kiekvienas dalyvis u\u017esiregistruodamas savaime sutinka, kad renginio organizatoriai visas renginio metu padarytas nuotraukas bei filmuot\u0105 med\u017eiag\u0105 gali laisvai, be atskiro sutikimo, naudoti rinkodaros tikslais.<\/span><br \/>\n<span style=\"color: #000000;\">4. Distancijos ir j\u0173 dalyviai:<\/span><br \/>\n<span style=\"color: #000000;\">\u2022 400m \u201eVaik\u0173 b\u0117gimas\u201c\u2013 b\u0117gimas skirtas t\u0117veliams su vaikais ir vaikams iki 10 met\u0173 am\u017eiaus.<\/span><br \/>\n<span style=\"color: #000000;\">\u2022 1km \u201e\u0160eim\u0173 b\u0117gimas\u201c\u2013 b\u0117gimas skirtas t\u0117veliams su vaikams, bei \u012fvairaus am\u017eiaus \u0161eimoms.<\/span><br \/>\n<span style=\"color: #000000;\">\u2022 10 km ir 3 km &#8211; rungtyse gali dalyvauti visi norintys.<\/span><br \/>\n<span style=\"color: #000000;\">\u2022 21,1 km &#8211; rungtyje gali dalyvauti asmenys ne jaunesni kaip 15 m. (gim\u0119 ne v\u0117liau kaip 2007 metais). Norint dalyvauti jaunesniems dalyviams nei nurodyta, reikalingas ra\u0161ti\u0161kas t\u0117v\u0173, glob\u0117j\u0173 arba trenerio sutikimas.<\/span><br \/>\n<span style=\"color: #000000;\">\u2022 42,2 km &#8211; rungtyje gali dalyvauti asmenys ne jaunesni kaip 18 m. (gim\u0119 ne v\u0117liau kaip 2004 metais \u2013 pilname\u010diai asmenys). Norint dalyvauti jaunesniems dalyviams nei nurodyta, reikalingas ra\u0161ti\u0161kas t\u0117v\u0173, glob\u0117j\u0173 arba trenerio sutikimas.<\/span><\/p>\n<p style=\"text-align: left;\"><span style=\"color: #000000;\"><strong>VII. SPECIALIOS S\u0104LYGOS IR APRIBOJIMAI<\/strong><\/span><br \/>\n<span style=\"color: #000000;\">1. Registruotis \u012f bet kuri\u0105 rungt\u012f galima tik savo vardu. Savo numer\u012f perduoti kitam dalyviui draud\u017eiama. Tokiu atveju dalyviai bus diskvalifikuojami, o rezultatai \u012f var\u017eyb\u0173 protokol\u0105 ne\u012ftraukiami.<\/span><br \/>\n<span style=\"color: #000000;\">2. Jei u\u017esiregistrav\u0119s dalyvis nori keisti rungt\u012f \u012f trumpesn\u0119, jis turi sumok\u0117ti rungties keitimo mokest\u012f \u2013 5 Eur. Norint keisti rungt\u012f \u012f ilgesn\u0119 \u2013 reikia primok\u0117ti startinio mokes\u010dio skirtum\u0105, pagal mok\u0117jimo dienos galiojant\u012f rungties startin\u012f mokest\u012f.<\/span><br \/>\n<span style=\"color: #000000;\">3. Kiekvienas dalyvis var\u017eybose privalo tur\u0117ti ant mar\u0161kin\u0117li\u0173 tvarkingai pritvirtint\u0105 numer\u012f. Numeris turi b\u016bti ant mar\u0161kin\u0117li\u0173 priekio (kr\u016btin\u0117s), ai\u0161kiai matomoje vietoje.<\/span><br \/>\n<span style=\"color: #000000;\">4. Dalyviams bei juos palaikantiems asmenims grie\u017etai draud\u017eiama naudoti bet kokias transporto priemones, pvz.: dvira\u010dius, riedu\u010dius, riedlentes ir kitas ratuotas transporto priemones. Dalyviai, pa\u017eeid\u0119 \u0161\u012f nuostat\u0173 punkt\u0105, bus diskvalifikuojami.<\/span><br \/>\n<span style=\"color: #000000;\">5. Dalyviams var\u017eyb\u0173 metu draud\u017eiama naudotis bet kokia asmenine palyda. Pa\u017eeidusieji \u0161i\u0105 taisykl\u0119 bus diskvalifikuojami.<\/span><br \/>\n<span style=\"color: #000000;\">6. Kiekvienas b\u0117gimo dalyvis turi prisitvirtinti laiko matavimo elektronin\u0119 mikroschem\u0105 ant mar\u0161kin\u0117li\u0173. Jeigu mikroschema nebus pritvirtinta tinkamai, dalyvio laikas nebus fiksuojamas ir tokie dalyviai nebus \u012ftraukti \u012f var\u017eyb\u0173 protokol\u0105.<\/span><br \/>\n<span style=\"color: #000000;\">7. Var\u017eyb\u0173 dalyviams nors kiek nukrypti nuo b\u0117gimo trasos (be teis\u0117jo leidimo) yra draud\u017eiama. Dalyviai, pa\u017eeid\u0119 \u0161i\u0105 taisykl\u0119, bus diskvalifikuojami.<\/span><br \/>\n<span style=\"color: #000000;\">8. Bet kokios dalyvi\u0173 pretenzijos turi b\u016bti pateiktos ra\u0161tu var\u017eyb\u0173 vyr. teis\u0117jui ne v\u0117liau kaip per 30 minu\u010di\u0173 po var\u017eyb\u0173 pabaigos. Dalyvis, pateikdamas pretenzij\u0105, privalo sumok\u0117ti 30 eur\u0173 mokest\u012f, kuris gr\u0105\u017einamas tik tuo atveju, jeigu apeliacin\u0117 komisija (maratono direktorius, vyr. teis\u0117jas) pretenzij\u0105 patenkins. Kol dalyvis nesumoka \u0161io mokes\u010dio, pretenzijos nesvarstomos.<\/span><br \/>\n<span style=\"color: #000000;\">9. Renginio organizatoriai neatsako u\u017e dalyvi\u0173 sveikat\u0105 ar sveikatos sutrikimus, patirtus b\u0117gimo metu. Dalyviai privalo pasitikrinti sveikat\u0105.<\/span><\/p>\n<p style=\"text-align: left;\"><span style=\"color: #000000;\"><strong>VIII. SPECIAL\u016aS PUNKTAI TRASOJE<\/strong><\/span><br \/>\n<span style=\"color: #000000;\">Trasoje bus \u012frengta vandens ir maitinimo stotel\u0117s, kuriose var\u017eyb\u0173 metu dalyviams bus dalinami g\u0117rimai \u2013 vanduo, Cola, energetiniai g\u0117rimai, gaivieji g\u0117rimai, vaisiai, sausainiai, u\u017ekand\u017eiai.<\/span><\/p>\n<p style=\"text-align: left;\"><span style=\"color: #000000;\"><strong>IX. APDOVANOJIMAI<\/strong><\/span><br \/>\n<span style=\"color: #000000;\">42,2 km rungties apdovanojimai:<\/span><br \/>\n<span style=\"color: #000000;\">\u2022 1 \u2013 3 vietas u\u017e\u0117m\u0119 vyrai ir moterys \u2013 r\u0117m\u0117j\u0173 prizai, taur\u0117s, medaliai;<\/span><br \/>\n<span style=\"color: #000000;\">\u2022 Visiems, pasiekusiems fini\u0161\u0105 per kontrolin\u012f laik\u0105 \u2013 atminimo medaliai<\/span><br \/>\n<span style=\"color: #000000;\">21,1 km rungties apdovanojimai:<\/span><br \/>\n<span style=\"color: #000000;\">\u2022 1 \u2013 3 vietas u\u017e\u0117m\u0119 vyrai ir moterys \u2013 r\u0117m\u0117j\u0173 prizai, taur\u0117s, medaliai;<\/span><br \/>\n<span style=\"color: #000000;\">\u2022 Visiems, pasiekusiems fini\u0161\u0105 per kontrolin\u012f laik\u0105 \u2013 atminimo medaliai;<\/span><br \/>\n<span style=\"color: #000000;\">10 km ir 3 km rung\u010di\u0173 apdovanojimai:<\/span><br \/>\n<span style=\"color: #000000;\">\u2022 1 \u2013 3 vietas u\u017e\u0117m\u0119 vyrai ir moterys \u2013 r\u0117m\u0117j\u0173 prizai, taur\u0117s, medaliai;<\/span><br \/>\n<span style=\"color: #000000;\">\u2022 Visiems, pasiekusiems fini\u0161\u0105 per kontrolin\u012f laik\u0105 \u2013 atminimo medaliai;<\/span><br \/>\n<span style=\"color: #000000;\">1km \u201e\u0161eim\u0173 b\u0117gimas\u201c ir 400m \u201evaik\u0173 b\u0117gimas\u201c<\/span><br \/>\n<span style=\"color: #000000;\">\u2022 Visiems \u012fveikusiems distancij\u0105 \u2013 atminimo medaliai.<\/span><br \/>\n<span style=\"color: #000000;\">Nominacijos \u2013 taur\u0117s ir r\u0117m\u0117j\u0173 prizai:<\/span><br \/>\n<span style=\"color: #000000;\">\u2022 Gausiausia komanda;<\/span><br \/>\n<span style=\"color: #000000;\">\u2022 Vyriausias dalyvis;<\/span><br \/>\n<span style=\"color: #000000;\">\u2022 Originaliausias kostiumas;<\/span><br \/>\n<span style=\"color: #000000;\">\u2022 Dalyvis, \u012fveik\u0119s savo pirm\u0105j\u012f maraton\u0105;<\/span><br \/>\n<span style=\"color: #000000;\"><em>*Priz\u0173 ir nominacij\u0173 dar bus. Apie juos bus prane\u0161ta art\u0117jant renginiui.<\/em><\/span><\/p>\n<p style=\"text-align: left;\"><span style=\"color: #000000;\"><strong>X. DALYVI\u0172 STARTINIS MOKESTIS<\/strong><\/span><\/p>\n<table style=\"border-collapse: collapse; width: 59.808%; height: 430px;\">\n<tbody>\n<tr>\n<td style=\"width: 14.3813%;\" width=\"107\"><span style=\"color: #000000;\"><strong>Distancija<\/strong><\/span><\/td>\n<td style=\"width: 14.0105%; text-align: center;\" width=\"94\"><span style=\"color: #000000;\"><strong>01.15-03.31<\/strong><\/span><\/td>\n<td style=\"width: 13.9729%; text-align: center;\" width=\"75\"><span style=\"color: #000000;\"><strong>04.01-04.30<\/strong><\/span><\/td>\n<td style=\"width: 14.3842%; text-align: center;\" width=\"94\"><span style=\"color: #000000;\"><strong>05.01-06.01<\/strong><\/span><\/td>\n<td style=\"width: 5.52311%; text-align: center;\" width=\"103\"><\/td>\n<td style=\"width: 27.3505%; text-align: center;\" width=\"103\"><span style=\"color: #000000;\"><strong>Renginio dien\u0105<\/strong><\/span><\/td>\n<\/tr>\n<tr>\n<td style=\"width: 14.3813%;\" width=\"107\"><span style=\"color: #000000;\"><strong>400m<\/strong><\/span><\/td>\n<td style=\"width: 14.0105%; text-align: center;\" width=\"94\"><span style=\"color: #000000;\">4 Eur<\/span><\/td>\n<td style=\"width: 13.9729%; text-align: center;\" width=\"75\"><span style=\"color: #000000;\">5 Eur<\/span><\/td>\n<td style=\"width: 14.3842%; text-align: center;\" width=\"94\"><span style=\"color: #000000;\">6 Eur<\/span><\/td>\n<td style=\"width: 5.52311%; text-align: center;\" width=\"103\"><\/td>\n<td style=\"width: 27.3505%; text-align: center;\" width=\"103\"><span style=\"color: #000000;\">7 Eur<\/span><\/td>\n<\/tr>\n<tr>\n<td style=\"width: 14.3813%;\" width=\"107\"><span style=\"color: #000000;\"><strong>1km<\/strong><\/span><\/td>\n<td style=\"width: 14.0105%; text-align: center;\" width=\"94\"><span style=\"color: #000000;\">5 Eur<\/span><\/td>\n<td style=\"width: 13.9729%; text-align: center;\" width=\"75\"><span style=\"color: #000000;\">6 Eur<\/span><\/td>\n<td style=\"width: 14.3842%; text-align: center;\" width=\"94\"><span style=\"color: #000000;\">7 Eur<\/span><\/td>\n<td style=\"width: 5.52311%; text-align: center;\" width=\"103\"><\/td>\n<td style=\"width: 27.3505%; text-align: center;\" width=\"103\"><span style=\"color: #000000;\">8 Eur<\/span><\/td>\n<\/tr>\n<tr>\n<td style=\"width: 14.3813%;\" width=\"107\"><span style=\"color: #000000;\"><strong>3 km<\/strong><\/span><\/td>\n<td style=\"width: 14.0105%; text-align: center;\" width=\"94\"><span style=\"color: #000000;\">7 Eur<\/span><\/td>\n<td style=\"width: 13.9729%; text-align: center;\" width=\"75\"><span style=\"color: #000000;\">8 Eur<\/span><\/td>\n<td style=\"width: 14.3842%; text-align: center;\" width=\"94\"><span style=\"color: #000000;\">10 Eur<\/span><\/td>\n<td style=\"width: 5.52311%; text-align: center;\" width=\"103\"><\/td>\n<td style=\"width: 27.3505%; text-align: center;\" width=\"103\"><span style=\"color: #000000;\">13 Eur<\/span><\/td>\n<\/tr>\n<tr>\n<td style=\"width: 14.3813%;\" width=\"107\"><span style=\"color: #000000;\"><strong>10 km<\/strong><\/span><\/td>\n<td style=\"width: 14.0105%; text-align: center;\" width=\"94\"><span style=\"color: #000000;\">8 Eur<\/span><\/td>\n<td style=\"width: 13.9729%; text-align: center;\" width=\"75\"><span style=\"color: #000000;\">10 Eur<\/span><\/td>\n<td style=\"width: 14.3842%; text-align: center;\" width=\"94\"><span style=\"color: #000000;\">12 Eur<\/span><\/td>\n<td style=\"width: 5.52311%; text-align: center;\" width=\"103\"><\/td>\n<td style=\"width: 27.3505%; text-align: center;\" width=\"103\"><span style=\"color: #000000;\">15 Eur<\/span><\/td>\n<\/tr>\n<tr>\n<td style=\"width: 14.3813%;\" width=\"107\"><span style=\"color: #000000;\"><strong>21,095 km<\/strong><\/span><\/td>\n<td style=\"width: 14.0105%; text-align: center;\" width=\"94\"><span style=\"color: #000000;\">13 Eur<\/span><\/td>\n<td style=\"width: 13.9729%; text-align: center;\" width=\"75\"><span style=\"color: #000000;\">15 Eur<\/span><\/td>\n<td style=\"width: 14.3842%; text-align: center;\" width=\"94\"><span style=\"color: #000000;\">18 Eur<\/span><\/td>\n<td style=\"width: 5.52311%; text-align: center;\" width=\"103\"><\/td>\n<td style=\"width: 27.3505%; text-align: center;\" width=\"103\"><span style=\"color: #000000;\">20 Eur<\/span><\/td>\n<\/tr>\n<tr>\n<td style=\"width: 14.3813%;\" width=\"107\"><span style=\"color: #000000;\"><strong>42,195 km<\/strong><\/span><\/td>\n<td style=\"width: 14.0105%; text-align: center;\" width=\"94\"><span style=\"color: #000000;\">15 Eur<\/span><\/td>\n<td style=\"width: 13.9729%; text-align: center;\" width=\"75\"><span style=\"color: #000000;\">17 Eur<\/span><\/td>\n<td style=\"width: 14.3842%; text-align: center;\" width=\"94\"><span style=\"color: #000000;\">20 Eur<\/span><\/td>\n<td style=\"width: 5.52311%; text-align: center;\" width=\"103\"><\/td>\n<td style=\"width: 27.3505%; text-align: center;\" width=\"103\"><span style=\"color: #000000;\">25 Eur<\/span><\/td>\n<\/tr>\n<\/tbody>\n<\/table>\n<p style=\"text-align: left;\"><span style=\"color: #000000;\">Dalyvio startinis mokestis negr\u0105\u017einamas.<\/span><\/p>\n<p style=\"text-align: left;\"><span style=\"color: #000000;\"><strong>XI. DALYVI\u0172 REGISTRAVIMAS IR NUMERI\u0172 I\u0160DAVIMAS<\/strong><\/span><br \/>\n<span style=\"color: #000000;\">1. Registracija atidaroma 2022-01-15.<\/span><br \/>\n<span style=\"color: #000000;\">2. Registracija sustabdoma 2022 m. bir\u017eelio 01 d. 22.00 val. V\u0117liau dalyvis registruotis gal\u0117s tik renginio vietoje.<\/span><br \/>\n<span style=\"color: #000000;\">3. Dalyvis, tik tinkamai u\u017epild\u0119s registracijos form\u0105 ir apmok\u0117j\u0119s starto mokest\u012f, \u012ftraukiamas \u012f starto protokol\u0105.<\/span><\/p>\n<p style=\"text-align: left;\"><span style=\"color: #000000;\"><strong>XII. ASMENS DUOMEN\u0172 TVARKYMAS<\/strong><\/span><br \/>\n<span style=\"color: #000000;\">1. Kiekvienas u\u017esiregistrav\u0119s dalyvis, registruodamasis savaime sutinka, kad renginio organizatoriai visas renginio metu padarytas nuotraukas bei filmuot\u0105 med\u017eiag\u0105 gali laisvai ir be atskiro sutikimo naudoti rinkodaros tikslais.<\/span><br \/>\n<span style=\"color: #000000;\">2. Dalyvi\u0173 asmens duomenys: vardas, pavard\u0117, gimimo data, am\u017eius, lytis, klubas, miestas ir pasiektas rezultatas gali b\u016bti vie\u0161ai skelbiami rezultatuose internete ir kituose informaciniuose prane\u0161imuose apie \u0161\u012f b\u0117gim\u0105.<\/span><br \/>\n<span style=\"color: #000000;\">3. Asmeniniai duomenys naudojami var\u017eyb\u0173 organizavimo ir administravimo tikslais.<\/span><br \/>\n<span style=\"color: #000000;\">4. Duomenys apie dalyvio vard\u0105, pavard\u0119, gimimo dat\u0105, lyt\u012f, miest\u0105, rezultatas n\u0117ra i\u0161trinami ir saugomi statistikos, istoriniais tikslais.<\/span><br \/>\n<span style=\"color: #000000;\">Jei duomenys tvarkomi tiesiogin\u0117s rinkodaros tikslais, dalyvis gali nesutikti su tokiu tvarkymu, informav\u0119s el.pa\u0161to adresu maratomanija@gmail.com.<\/span><\/p>\n<p><span style=\"color: #000000;\"><strong>XIII. VIRTUALUS B\u0116GIMAS<\/strong><\/span><br \/>\n<span style=\"color: #000000;\">1. Virtualaus b\u0117gimo metu b\u0117gama viena i\u0161 \u0161i\u0173 Pasvalio maratono distancij\u0173: 3km, 10km, 21,1km arba 42,2km.<\/span><br \/>\n<span style=\"color: #000000;\">2. Laik\u0105 b\u0117gimo dalyviai matuoja savaranki\u0161kai b\u0117gdami savo pasirinktoje saugioje trasoje, naudodami bet koki\u0105 vie\u0161ai ir laisvai prieinam\u0105 sporto program\u0117le(pvz.: Strava, Nike Run Club, Garmin ir kitos), i\u0161mani\u0173j\u0173 laikrod\u017ei\u0173 nuotraukos ir pan., svarbiausia, kad ai\u0161kiai b\u016bt\u0173 matomas \u012fveiktas atstumas ir laikas.<\/span><br \/>\n<span style=\"color: #000000;\">3. Virtuali\u0173 var\u017eyb\u0173 dalyviai savo asmenin\u012f rezultat\u0105 privalo atsi\u0173sti el.pa\u0161tu pasvalio.maratonas@gmail.com.<\/span><br \/>\n<span style=\"color: #000000;\">4. Dalyvis savo pasirinkt\u0105 tras\u0105 turi \u012fveikti gegu\u017e\u0117s 30 &#8211; bir\u017eelio 05 dienomis. Trasa gali b\u016bti b\u0117gama visame pasaulyje. Rezultatai patvirtinami, tikslinami bei \u012ftraukiami \u012f protokol\u0105 iki bir\u017eelio 06 dienos 18.00val.<\/span><br \/>\n<span style=\"color: #000000;\">5. J\u016bs\u0173 pasiektas rezultatas bus vie\u0161ai skelbiamas oficialiame var\u017eyb\u0173 protokole ir var\u017eyb\u0173 puslapyje, skiltyje \u201eRezultatai\u201c.<\/span><br \/>\n<span style=\"color: #000000;\">6. Fini\u0161avus XVIII Pasvalio maratono virtualiame b\u0117gime ir pateikus rezultat\u0105, Jums J\u016bs\u0173 nurodytu pa\u0161tu bus i\u0161si\u0173stas medalis. Dalyviai norintis gauti medal\u012f pa\u0161tu privalo para\u0161yti savo adres\u0105 \u012f el.pa\u0161t\u0105: pasvalio.maratonas@gmail.com Dalyvio medaliai bus atsi\u0173sti iki bir\u017eelio 20 d.<\/span><\/p>\n<p><span style=\"color: #000000;\"><strong>XIII. BAIGIAMOSIOS NUOSTATOS<\/strong><\/span><br \/>\n<span style=\"color: #000000;\">B\u0117gimo organizatoriai pasilieka teis\u0119, reikalui esant, keisti var\u017eyb\u0173 taisykles.<\/span><\/p>\n","protected":false},"excerpt":{"rendered":"<p>Pasvalys nuo seno gars\u0117jo ne tik puikiu alumi ir giliomis aludaryst\u0117s tradicijomis, bet ir Pasvalio maratono \u0161vent\u0117mis. Ir 2022 metais Pasvalio maratonas atgimsta su nauja j\u0117ga ir energija. Kvie\u010diame \u012f jau XVIII-\u0105j\u012f Pasvalio maraton\u0105! Ir j\u016bs patys \u012fsitikinsite, kad Pasvalio auk\u0161tai\u010diai ne tik svetingi, bet ir moka rengti puikias b\u0117gimo \u0161ventes!!! NUOSTATAI: I. BENDROJI DALIS [&hellip;]<\/p>\n","protected":false},"author":1,"featured_media":0,"parent":0,"menu_order":0,"comment_status":"closed","ping_status":"closed","template":"templates\/full-width-page.php","meta":{"footnotes":""},"class_list":["post-20","page","type-page","status-publish","hentry"],"_links":{"self":[{"href":"https:\/\/www.myrace.lt\/pasvaliomaratonas\/wp-json\/wp\/v2\/pages\/20","targetHints":{"allow":["GET"]}}],"collection":[{"href":"https:\/\/www.myrace.lt\/pasvaliomaratonas\/wp-json\/wp\/v2\/pages"}],"about":[{"href":"https:\/\/www.myrace.lt\/pasvaliomaratonas\/wp-json\/wp\/v2\/types\/page"}],"author":[{"embeddable":true,"href":"https:\/\/www.myrace.lt\/pasvaliomaratonas\/wp-json\/wp\/v2\/users\/1"}],"replies":[{"embeddable":true,"href":"https:\/\/www.myrace.lt\/pasvaliomaratonas\/wp-json\/wp\/v2\/comments?post=20"}],"version-history":[{"count":33,"href":"https:\/\/www.myrace.lt\/pasvaliomaratonas\/wp-json\/wp\/v2\/pages\/20\/revisions"}],"predecessor-version":[{"id":255,"href":"https:\/\/www.myrace.lt\/pasvaliomaratonas\/wp-json\/wp\/v2\/pages\/20\/revisions\/255"}],"wp:attachment":[{"href":"https:\/\/www.myrace.lt\/pasvaliomaratonas\/wp-json\/wp\/v2\/media?parent=20"}],"curies":[{"name":"wp","href":"https:\/\/api.w.org\/{rel}","templated":true}]}}