{"id":176,"date":"2022-11-18T22:29:45","date_gmt":"2022-11-18T20:29:45","guid":{"rendered":"https:\/\/www.myrace.lt\/palangosmaratonas\/?page_id=176"},"modified":"2025-02-11T13:40:00","modified_gmt":"2025-02-11T11:40:00","slug":"nuostatai-archyvas","status":"publish","type":"page","link":"https:\/\/www.myrace.lt\/palangosmaratonas\/nuostatai-archyvas\/","title":{"rendered":"Nuostatai"},"content":{"rendered":"<p style=\"text-align: center;\"><span style=\"font-size: 32px; color: #000000;\"><strong>NUOSTATAI<\/strong><\/span><\/p>\n<p><span style=\"color: #000000;\"><strong>\u00a0<\/strong><\/span><\/p>\n<p><span style=\"color: #000000;\"><strong>I. BENDROJI DALIS<\/strong><\/span><br \/>\n<span style=\"color: #000000;\">100 marathon club Lithuania\u00a0 \u00a02022 m. rugs\u0117jo 18d. rengia Palangos maraton\u0105.<\/span><\/p>\n<p>&nbsp;<\/p>\n<p><span style=\"color: #000000;\"><strong>II. TIKSLAI IR U\u017dDAVINIAI<\/strong><\/span><\/p>\n<ol>\n<li><span style=\"color: #000000;\">Populiarinti maraton\u0173 b\u0117gimo kult\u016br\u0105 Lietuvoje.<\/span><\/li>\n<li><span style=\"color: #000000;\">Populiarinti b\u0117gim\u0105 Lietuvoje.<\/span><\/li>\n<li><span style=\"color: #000000;\">I\u0161siai\u0161kinti ir apdovanoti geriausius b\u0117gikus.<\/span><\/li>\n<\/ol>\n<p>&nbsp;<\/p>\n<p><span style=\"color: #000000;\"><strong>III. RENGINIO ORGANIZATORI\u0172 ATSAKOMYB\u0116 IR PAREIGOS<\/strong><\/span><br \/>\n<span style=\"color: #000000;\">1. Registruoti renginio dalyvius, pagaminti ir i\u0161duoti numerius.<\/span><br \/>\n<span style=\"color: #000000;\">2. I\u0161matuoti tras\u0105 bei techni\u0161kai paruo\u0161ti j\u0105 var\u017eyboms<\/span><br \/>\n<span style=\"color: #000000;\">3. Reklamuoti rengin\u012f.<\/span><br \/>\n<span style=\"color: #000000;\">4. Suderinti su Palangos miesto savivaldybe renginio pravedim\u0105.<\/span><\/p>\n<p>&nbsp;<\/p>\n<p><span style=\"color: #000000;\"><strong>IV. VAR\u017dYB\u0172 VIETA, LAIKAS IR NUOTOLIAI<\/strong><\/span><\/p>\n<p><span style=\"color: #000000;\">2022 m. rugs\u0117jo 18d. 8.00val., Palanga, Vytauto g. , \u0161alia Palangos botanikos parko.<\/span><\/p>\n<p><span style=\"color: #000000;\"><em>PALANGOS MARATONO metu m\u0117g\u0117jai ir profesionalai gal\u0117s var\u017eytis \u0161iose\u00a0rungtyse:<\/em><\/span><\/p>\n<p><span style=\"color: #000000;\"><em>B\u0117gimas:<\/em><\/span><\/p>\n<p><span style=\"color: #000000;\">Distancijos: \u00a01km, \u00a07 km, 21,098 km, 42,195 km,<\/span><\/p>\n<p><span style=\"color: #000000;\">Startai:<\/span><\/p>\n<ol>\n<li><span style=\"color: #000000;\">Maratonas \u2013 Startas 10.00;<\/span><\/li>\n<li><span style=\"color: #000000;\">Pusmaratonis \u2013 Startas 10.00;<\/span><\/li>\n<li><span style=\"color: #000000;\">7 km b\u0117gime \u2013 Startas 10.00;<\/span><\/li>\n<li><span style=\"color: #000000;\">1 km b\u0117gimas \u2013 Startas 13.30.<\/span><\/li>\n<\/ol>\n<p><span style=\"color: #000000;\"><em>\u0160iaurieti\u0161kas \u0117jimas:<\/em><\/span><\/p>\n<p><span style=\"color: #000000;\">Distancijos:\u00a0 \u00a07 km, 21,098 km<\/span><\/p>\n<p><span style=\"color: #000000;\">Startai:<\/span><\/p>\n<ol>\n<li><span style=\"color: #000000;\">Maratonas &#8211; Startas 10.00;<\/span><\/li>\n<li><span style=\"color: #000000;\">Pusmaratonis \u2013 Startas 10.00;<\/span><\/li>\n<li><span style=\"color: #000000;\">7 km b\u0117gime \u2013 Startas 10.00;<\/span><\/li>\n<\/ol>\n<p><span style=\"color: #000000;\"><em>Virtualus b\u0117gimas:<\/em><\/span><\/p>\n<p><span style=\"color: #000000;\">Distancijos: 1 km, 7 km, 21,098km, 42,195km.<\/span><br \/>\n<span style=\"color: #000000;\">Startas: 2022.09.11 \u2013 2022.09.18<\/span><\/p>\n<p>&nbsp;<\/p>\n<p><span style=\"color: #000000;\"><strong>V. LAIKO LIMITAS<\/strong><\/span><\/p>\n<p><span style=\"color: #000000;\">42,195 km \u2013 6 val.<\/span><br \/>\n<span style=\"color: #000000;\">21,098 km \u2013 3 val.<\/span><br \/>\n<span style=\"color: #000000;\">7 km \u2013 1 val.<\/span><br \/>\n<span style=\"color: #000000;\">\u0160iaurieti\u0161ko \u0117jimo distancijoms skiriamas 6 val. limitas.<\/span><\/p>\n<p>&nbsp;<\/p>\n<p><span style=\"color: #000000;\"><strong>VI. DALYVIAI<\/strong><\/span><\/p>\n<p><span style=\"color: #000000;\">1.Var\u017eybose gali dalyvauti visi norintys, u\u017esiregistrav\u0119, pasitikrin\u0119 sveikat\u0105 ir susipa\u017ein\u0119 su b\u0117gimo nuostatais. Visi dalyviai b\u0117gime dalyvauja laisva valia ir niekieno never\u010diami ir prisiima vis\u0105 su dalyvavimu b\u0117gime susijusi\u0105 (tame tarpe su \u012fvairiais sveikatos sutrikimais ir pan.) rizik\u0105 bei \u012fsipareigoja d\u0117l to nereik\u0161ti renginio organizatoriams joki\u0173 pretenzij\u0173.<\/span><br \/>\n<span style=\"color: #000000;\">2. Dalyviai,\u00a0atsiimdami numer\u012f, privalo tur\u0117ti asmens dokument\u0105. U\u017e nepilname\u010dius, dalyvaujan\u010dius renginyje atsako j\u0173 t\u0117vai, glob\u0117jai arba treneris.<\/span><br \/>\n<span style=\"color: #000000;\">3. Kiekvienas dalyvis u\u017esiregistruodamas savaime sutinka, kad renginio organizatoriai\u00a0visas renginio metu padarytas nuotraukas bei filmuot\u0105 med\u017eiag\u0105 gali laisvai, be\u00a0atskiro sutikimo, naudoti rinkodaros tikslais.<\/span><\/p>\n<p><span style=\"color: #000000;\"><strong>\u00a0<\/strong><\/span><\/p>\n<p><span style=\"color: #000000;\"><strong>VII. SPECIALIOS S\u0104LYGOS IR APRIBOJIMAI<\/strong><\/span><\/p>\n<ol>\n<li><span style=\"color: #000000;\">Registruotis \u012f bet kuri\u0105 rungt\u012f galima tik savo vardu. Savo numer\u012f perduoti kitam dalyviui draud\u017eiama. Tokiu atveju dalyviai bus diskvalifikuojami, o rezultatai \u012f var\u017eyb\u0173 protokol\u0105 ne\u012ftraukiami.<\/span><br \/>\n<span style=\"color: #000000;\">Jei u\u017esiregistrav\u0119s dalyvis nori keisti rungt\u012f \u012f trumpesn\u0119, jis turi sumok\u0117ti rungties keitimo mokest\u012f \u2013 5 Eur. Norint keisti rungt\u012f \u012f ilgesn\u0119 \u2013 reikia primok\u0117ti startinio mokes\u010dio skirtum\u0105, pagal mok\u0117jimo dienos galiojant\u012f rungties startin\u012f mokest\u012f.<\/span><\/li>\n<li><span style=\"color: #000000;\">Kiekvienas dalyvis var\u017eybose privalo tur\u0117ti ant mar\u0161kin\u0117li\u0173 tvarkingai pritvirtint\u0105 numer\u012f. Numeris turi b\u016bti ant mar\u0161kin\u0117li\u0173 priekio (kr\u016btin\u0117s), ai\u0161kiai matomoje vietoje (rekomenduojama tur\u0117ti savo grafkutes).<\/span><\/li>\n<li><span style=\"color: #000000;\">Dalyviams bei juos palaikantiems asmenims grie\u017etai draud\u017eiama naudoti bet kokias transporto priemones, pvz.: dvira\u010dius, riedu\u010dius, riedlentes ir kitas ratuotas transporto priemones. Dalyviai, pa\u017eeid\u0119 \u0161\u012f nuostat\u0173 punkt\u0105, bus diskvalifikuojami.<\/span><\/li>\n<li><span style=\"color: #000000;\">Kiekvienas b\u0117gimo dalyvis turi prisitvirtinti laiko matavimo elektronin\u0119 mikroschem\u0105 ant mar\u0161kin\u0117li\u0173. Jeigu mikroschema nebus pritvirtinta tinkamai, dalyvio laikas nebus fiksuojamas ir tokie dalyviai nebus \u012ftraukti \u012f var\u017eyb\u0173 protokol\u0105.<\/span><\/li>\n<li><span style=\"color: #000000;\">Var\u017eyb\u0173 dalyviams nors kiek nukrypti nuo b\u0117gimo trasos (be teis\u0117jo leidimo) yra draud\u017eiama. Dalyviai, pa\u017eeid\u0119 \u0161i\u0105 taisykl\u0119, bus diskvalifikuojami.<\/span><\/li>\n<li><span style=\"color: #000000;\">Bet kokios dalyvi\u0173 pretenzijos turi b\u016bti pateiktos ra\u0161tu var\u017eyb\u0173 vyr. teis\u0117jui ne v\u0117liau kaip per 30 minu\u010di\u0173 po var\u017eyb\u0173 pabaigos. Dalyvis, pateikdamas pretenzij\u0105, privalo sumok\u0117ti 30 eur\u0173 mokest\u012f, kuris gr\u0105\u017einamas tik tuo atveju, jeigu apeliacin\u0117 komisija (maratono direktorius, vyr. teis\u0117jas) pretenzij\u0105 patenkins. Kol dalyvis nesumoka \u0161io mokes\u010dio, pretenzijos nesvarstomos.<\/span><\/li>\n<li><span style=\"color: #000000;\">Renginio organizatoriai neatsako u\u017e dalyvi\u0173 sveikat\u0105 ar sveikatos sutrikimus, patirtus b\u0117gimo metu. Dalyviai privalo pasitikrinti sveikat\u0105.<\/span><\/li>\n<li><span style=\"color: #000000;\">Kiekvienas dalyvis u\u017esiregistravimu savaime sutinka, kad renginio organizatoriai visas renginio metu padarytas nuotraukas bei filmuot\u0105 med\u017eiag\u0105 laisvai ir be atskiro sutikimo naudot\u0173 rinkodaros tikslais, pvz., socialiniuose tinkluose, internetin\u0117je svetain\u0117je ir kt.<\/span><\/li>\n<\/ol>\n<p>&nbsp;<\/p>\n<p><span style=\"color: #000000;\"><strong>VIII. SPECIAL\u016aS PUNKTAI TRASOJE<\/strong><\/span><br \/>\n<span style=\"color: #000000;\">Trasoje bus \u012frengtos dvi vandens stotel\u0117s bei viena maitinimo stotel\u0117, kurioje var\u017eyb\u0173 metu dalyviams bus dalinami\u00a0g\u0117rimai \u2013 vanduo, Cola, gaivieji g\u0117rimai, vaisiai, sausainiai, u\u017ekand\u017eiai. \u0160iame punkte bus galima palikti asmeninius daiktus.<\/span><\/p>\n<p>&nbsp;<\/p>\n<p><span style=\"color: #000000;\"><strong>X. APDOVANOJIMAI<\/strong><\/span><\/p>\n<p><span style=\"color: #000000;\">42,195 km\u00a0rungties apdovanojimai:<\/span><br \/>\n<span style=\"color: #000000;\">\u2022 1 \u2013 3 vietas u\u017e\u0117m\u0119 vyrai ir moterys \u2013 r\u0117m\u0117j\u0173 prizai, taur\u0117s, medaliai;<\/span><br \/>\n<span style=\"color: #000000;\">\u2022 Visiems, pasiekusiems fini\u0161\u0105 per kontrolin\u012f laik\u0105 \u2013 atminimo medaliai ir r\u0117m\u0117j\u0173 dovanos;<\/span><br \/>\n<span style=\"color: #000000;\">21,098 km\u00a0rungties apdovanojimai:<\/span><br \/>\n<span style=\"color: #000000;\">\u2022 1 \u2013 3 vietas u\u017e\u0117m\u0119 vyrai ir moterys \u2013 r\u0117m\u0117j\u0173 prizai, taur\u0117s, medaliai;<\/span><br \/>\n<span style=\"color: #000000;\">\u2022 Visiems, pasiekusiems fini\u0161\u0105 per kontrolin\u012f laik\u0105 \u2013 atminimo medaliai ir r\u0117m\u0117j\u0173 dovanos;<\/span><br \/>\n<span style=\"color: #000000;\">7 km\u00a0rung\u010di\u0173 apdovanojimai:<\/span><br \/>\n<span style=\"color: #000000;\">\u2022 1 \u2013 3 vietas u\u017e\u0117m\u0119 vyrai ir moterys \u2013 r\u0117m\u0117j\u0173 prizai, taur\u0117s, medaliai;<\/span><br \/>\n<span style=\"color: #000000;\">\u2022 Visiems, pasiekusiems fini\u0161\u0105 per kontrolin\u012f laik\u0105 \u2013 atminimo medaliai ir r\u0117m\u0117j\u0173 prizai;<\/span><br \/>\n<span style=\"color: #000000;\">1 km b\u0117gimas:<\/span><br \/>\n<span style=\"color: #000000;\">\u2022 1 \u2013 3 vietas u\u017e\u0117m\u0119 mergait\u0117s ior berniukai iki 12m. am\u017eiaus \u2013 r\u0117m\u0117j\u0173 prizai, taur\u0117s, medaliai;<\/span><br \/>\n<span style=\"color: #000000;\">Visiems \u012fveikusiems distancij\u0105 \u2013 atminimo medaliai ir r\u0117m\u0117j\u0173 prizai.<\/span><\/p>\n<p><span style=\"color: #000000;\">\u0160iaurieti\u0161ko \u0117jimo vis\u0173 distancij\u0173 dalyviams, pasiekusiems fini\u0161\u0105 \u2013 atminimo medaliai ir r\u0117m\u0117j\u0173 prizai;<\/span><\/p>\n<p><span style=\"color: #000000;\">Nominacijos:<\/span><\/p>\n<ul>\n<li><span style=\"color: #000000;\">Vyriausias dalyvis<\/span><\/li>\n<li><span style=\"color: #000000;\">Originaliausias kostiumas<\/span><\/li>\n<li><span style=\"color: #000000;\">Grei\u010diausia palangi\u0161k\u0117<\/span><\/li>\n<li><span style=\"color: #000000;\">Grei\u010diausias palangi\u0161kis<\/span><\/li>\n<li>Gausiausia komanda<\/li>\n<\/ul>\n<p>&nbsp;<\/p>\n<p><span style=\"color: #000000;\"><strong>XII. DALYVI\u0172 REGISTRAVIMAS IR NUMERI\u0172 I\u0160DAVIMAS<\/strong><\/span><\/p>\n<ol>\n<li><span style=\"color: #000000;\">Registracija atidaroma 2022m. rugpj\u016b\u010dio 1d.<\/span><\/li>\n<li><span style=\"color: #000000;\">Visi dalyviai gali registruotis interneto svetain\u0117je\u00a0\u00a0rugs\u0117jo<a style=\"color: #000000;\" href=\"https:\/\/www.myrace.lt\/palangosmaratonas\/\">https:\/\/www.myrace.lt\/palangosmaratonas\/<\/a><\/span><\/li>\n<li><span style=\"color: #000000;\">Registracija sustabdoma 2022 m. rugs\u0117jo 15 d. 21.00 val.<\/span><\/li>\n<li><span style=\"color: #000000;\">Numeriai bus i\u0161duodami renginio dien\u0105 starto vietoje nuo 8.30 val. 1km b\u0117gimo numeriai bus i\u0161duodami iki 13.15 val.<\/span><\/li>\n<\/ol>\n<p>&nbsp;<\/p>\n<p><span style=\"color: #000000;\"><strong>XIII. VIRTUALUS B\u0116GIMAS<\/strong><\/span><\/p>\n<ol>\n<li><span style=\"color: #000000;\">Virtualaus b\u0117gimo metu b\u0117gama viena i\u0161 \u0161i\u0173 distancij\u0173: 1km, 7km, 21,098km arba 42,195km.<\/span><\/li>\n<li><span style=\"color: #000000;\">Laik\u0105 b\u0117gimo dalyviai matuoja savaranki\u0161kai b\u0117gdami savo pasirinktoje saugioje trasoje, naudodami bet koki\u0105 vie\u0161ai ir laisvai prieinam\u0105 sporto program\u0117le (pvz.: Strava, Nike Run Club, Garmin ir kitos), i\u0161mani\u0173j\u0173 laikrod\u017ei\u0173 nuotraukos ir pan., svarbiausia, kad ai\u0161kiai b\u016bt\u0173 matomas \u012fveiktas atstumas ir laikas.<\/span><\/li>\n<li><span style=\"color: #000000;\">Virtuali\u0173 var\u017eyb\u0173 dalyviai savo asmenin\u012f rezultat\u0105 privalo atsi\u0173sti el.pa\u0161tu <a style=\"color: #000000;\" href=\"mailto:rezultatai@maratomanija.lt\">rezultatai@maratomanija.lt<\/a><\/span><\/li>\n<li><span style=\"color: #000000;\">Dalyvis savo pasirinkt\u0105 tras\u0105 turi \u012fveikti rugs\u0117jo 11-18 dienomis. Rezultatai patvirtinami, tikslinami bei \u012ftraukiami \u012f protokol\u0105 iki rugs\u0117jo 19 dienos 18.00val.<\/span><\/li>\n<li><span style=\"color: #000000;\">J\u016bs\u0173 pasiektas rezultatas bus vie\u0161ai skelbiamas oficialiame var\u017eyb\u0173 protokole ir var\u017eyb\u0173 puslapyje, skiltyje \u201eRezultatai\u201c.<\/span><\/li>\n<li>Fini\u0161avus Palangos maratono <span style=\"color: #000000;\">\u00a0virtualiame b\u0117gime ir pateikus rezultat\u0105, Jums J\u016bs\u0173 nurodytu pa\u0161tu bus i\u0161si\u0173stas medalis (susimok\u0117jusiems siuntimo i\u0161laidas). Dalyviai norintis gauti medal\u012f pa\u0161tu privalo kartu su rezultatu para\u0161yti savo adres\u0105 \u012f el.pa\u0161t\u0105: zarasu.pusmaratonis@gmail.com Dalyvi\u0173 medaliai bus atsi\u0173sti iki spalio 21 d. <\/span><\/li>\n<li><span style=\"color: #000000;\">\u00a0Dalyviai taip pat tur\u0117s galimyb\u0119 atsiimti gyvai medalius Kaune LBMA b\u016bstin\u0117je ir Vilniuje susitarus i\u0161 anksto.<\/span><\/li>\n<li><span style=\"color: #000000;\">Siuntimo kaina &#8211; 3\u20ac. Siuntimas u\u017esisakomas Tickets Paysera mok\u0117jimo platformoje.<\/span><\/li>\n<\/ol>\n<p><span style=\"color: #000000;\"><strong>XIII. BAIGIAMOSIOS NUOSTATOS<\/strong><\/span><br \/>\n<span style=\"color: #000000;\">B\u0117gimo organizatoriai pasilieka teis\u0119, reikalui esant, keisti var\u017eyb\u0173 taisykles.<\/span><\/p>\n<p><span style=\"color: #000000;\">I\u0161kilusiais klausimais galima kreiptis : maratomanija@gmail.com arba tel.: +37061532233.<\/span><\/p>\n","protected":false},"excerpt":{"rendered":"<p>NUOSTATAI \u00a0 I. BENDROJI DALIS 100 marathon club Lithuania\u00a0 \u00a02022 m. rugs\u0117jo 18d. rengia Palangos maraton\u0105. &nbsp; II. TIKSLAI IR U\u017dDAVINIAI Populiarinti maraton\u0173 b\u0117gimo kult\u016br\u0105 Lietuvoje. Populiarinti b\u0117gim\u0105 Lietuvoje. I\u0161siai\u0161kinti ir apdovanoti geriausius b\u0117gikus. &nbsp; III. RENGINIO ORGANIZATORI\u0172 ATSAKOMYB\u0116 IR PAREIGOS 1. Registruoti renginio dalyvius, pagaminti ir i\u0161duoti numerius. 2. I\u0161matuoti tras\u0105 bei techni\u0161kai paruo\u0161ti [&hellip;]<\/p>\n","protected":false},"author":2,"featured_media":0,"parent":0,"menu_order":0,"comment_status":"closed","ping_status":"closed","template":"","meta":{"footnotes":""},"class_list":["post-176","page","type-page","status-publish","hentry"],"_links":{"self":[{"href":"https:\/\/www.myrace.lt\/palangosmaratonas\/wp-json\/wp\/v2\/pages\/176","targetHints":{"allow":["GET"]}}],"collection":[{"href":"https:\/\/www.myrace.lt\/palangosmaratonas\/wp-json\/wp\/v2\/pages"}],"about":[{"href":"https:\/\/www.myrace.lt\/palangosmaratonas\/wp-json\/wp\/v2\/types\/page"}],"author":[{"embeddable":true,"href":"https:\/\/www.myrace.lt\/palangosmaratonas\/wp-json\/wp\/v2\/users\/2"}],"replies":[{"embeddable":true,"href":"https:\/\/www.myrace.lt\/palangosmaratonas\/wp-json\/wp\/v2\/comments?post=176"}],"version-history":[{"count":5,"href":"https:\/\/www.myrace.lt\/palangosmaratonas\/wp-json\/wp\/v2\/pages\/176\/revisions"}],"predecessor-version":[{"id":210,"href":"https:\/\/www.myrace.lt\/palangosmaratonas\/wp-json\/wp\/v2\/pages\/176\/revisions\/210"}],"wp:attachment":[{"href":"https:\/\/www.myrace.lt\/palangosmaratonas\/wp-json\/wp\/v2\/media?parent=176"}],"curies":[{"name":"wp","href":"https:\/\/api.w.org\/{rel}","templated":true}]}}