{"id":417,"date":"2025-12-27T20:14:30","date_gmt":"2025-12-27T18:14:30","guid":{"rendered":"https:\/\/www.myrace.lt\/naujimetai\/?page_id=417"},"modified":"2025-12-30T22:37:34","modified_gmt":"2025-12-30T20:37:34","slug":"rezultatai","status":"publish","type":"page","link":"https:\/\/www.myrace.lt\/naujimetai\/rezultatai\/","title":{"rendered":"REZULTATAI"},"content":{"rendered":"<p><span style=\"font-size: 14pt;\"><strong><span style=\"color: #000000;\">2025.12.28<\/span>\u00a0&#8211; <a href=\"https:\/\/www.lbma.lt\/results\/rezultatai.php?race=545\" target=\"_blank\" rel=\"noopener\">B\u0117gimas \u012f Naujus 2026<\/a> |<span style=\"color: #000080;\"> <a style=\"color: #000080;\" href=\"https:\/\/www.myrace.lt\/naujimetai\/rezultatai-2026\" target=\"_blank\" rel=\"noopener\">\u00a0DIPLOMAI 2026<\/a> <\/span><\/strong><\/span>(Vingio parkas, Vilnius)<\/p>\n<p><span style=\"font-size: 14pt;\"><strong><span style=\"color: #000000;\">2024.12.28<\/span>\u00a0&#8211; <a href=\"https:\/\/www.lbma.lt\/results\/rezultatai.php?race=454\" target=\"_blank\" rel=\"noopener\">B\u0117gimas \u012f Naujus 2025<\/a> |<span style=\"color: #000080;\"> <a style=\"color: #000080;\" href=\"https:\/\/www.myrace.lt\/naujimetai\/rezultatai-2025\" target=\"_blank\" rel=\"noopener\">\u00a0DIPLOMAI 2025<\/a> <\/span><\/strong><\/span>(Vingio parkas, Vilnius)<\/p>\n<p><span style=\"font-size: 14pt;\"><strong><span style=\"color: #000000;\">2023.12.31<\/span> &#8211; <a href=\"https:\/\/www.lbma.lt\/results\/rezultatai.php?race=304\" target=\"_blank\" rel=\"noopener\">B\u0117gimas \u012f Naujus 2024<\/a> | <a style=\"color: #000080;\" href=\"https:\/\/www.myrace.lt\/naujimetai\/rezultatai-2024\" target=\"_blank\" rel=\"noopener\">\u00a0DIPLOMAI 2024 <\/a><\/strong><span style=\"font-size: 16px;\">(K\u016bjagalviai, Kauno raj.)<\/span><\/span><\/p>\n<p><span style=\"font-size: 14pt;\"><strong><span style=\"color: #000000;\">2021.12.31<\/span> &#8211; <a href=\"https:\/\/www.myrace.lt\/naujimetai\/rezultatai-2022\" target=\"_blank\" rel=\"noopener\">B\u0117gimas \u012f Naujus 2022<\/a> <\/strong><\/span>(K\u016bjagalviai, Kauno raj.)<\/p>\n","protected":false},"excerpt":{"rendered":"<p>2025.12.28\u00a0&#8211; B\u0117gimas \u012f Naujus 2026 | \u00a0DIPLOMAI 2026 (Vingio parkas, Vilnius) 2024.12.28\u00a0&#8211; B\u0117gimas \u012f Naujus 2025 | \u00a0DIPLOMAI 2025 (Vingio parkas, Vilnius) 2023.12.31 &#8211; B\u0117gimas \u012f Naujus 2024 | \u00a0DIPLOMAI 2024 (K\u016bjagalviai, Kauno raj.) 2021.12.31 &#8211; B\u0117gimas \u012f Naujus 2022 (K\u016bjagalviai, Kauno raj.)<\/p>\n","protected":false},"author":1,"featured_media":0,"parent":0,"menu_order":0,"comment_status":"closed","ping_status":"closed","template":"","meta":{"footnotes":""},"class_list":["post-417","page","type-page","status-publish","hentry"],"_links":{"self":[{"href":"https:\/\/www.myrace.lt\/naujimetai\/wp-json\/wp\/v2\/pages\/417","targetHints":{"allow":["GET"]}}],"collection":[{"href":"https:\/\/www.myrace.lt\/naujimetai\/wp-json\/wp\/v2\/pages"}],"about":[{"href":"https:\/\/www.myrace.lt\/naujimetai\/wp-json\/wp\/v2\/types\/page"}],"author":[{"embeddable":true,"href":"https:\/\/www.myrace.lt\/naujimetai\/wp-json\/wp\/v2\/users\/1"}],"replies":[{"embeddable":true,"href":"https:\/\/www.myrace.lt\/naujimetai\/wp-json\/wp\/v2\/comments?post=417"}],"version-history":[{"count":8,"href":"https:\/\/www.myrace.lt\/naujimetai\/wp-json\/wp\/v2\/pages\/417\/revisions"}],"predecessor-version":[{"id":453,"href":"https:\/\/www.myrace.lt\/naujimetai\/wp-json\/wp\/v2\/pages\/417\/revisions\/453"}],"wp:attachment":[{"href":"https:\/\/www.myrace.lt\/naujimetai\/wp-json\/wp\/v2\/media?parent=417"}],"curies":[{"name":"wp","href":"https:\/\/api.w.org\/{rel}","templated":true}]}}