{"id":247,"date":"2024-01-02T14:45:34","date_gmt":"2024-01-02T12:45:34","guid":{"rendered":"https:\/\/www.myrace.lt\/naujimetai\/?page_id=247"},"modified":"2025-12-27T20:02:53","modified_gmt":"2025-12-27T18:02:53","slug":"nuostatai-begimas-i-naujus-2024","status":"publish","type":"page","link":"https:\/\/www.myrace.lt\/naujimetai\/nuostatai\/nuostatai-begimas-i-naujus-2024\/","title":{"rendered":"Nuostatai (B\u0117gimas \u012f Naujus 2024)"},"content":{"rendered":"<div class=\"kvgmc6g5 cxmmr5t8 oygrvhab hcukyx3x c1et5uql\"><strong>Sutik Naujuosius kitaip<\/strong>\u00a0\u2013 b\u0117gimo ritmas ir draug\u0173 b\u016brys, tai renginys, kuris ilgam liks atminty\u00a0<span class=\"pq6dq46d tbxw36s4 knj5qynh kvgmc6g5 ditlmg2l oygrvhab nvdbi5me sf5mxxl7 gl3lb2sf hhz5lgdu\"><img loading=\"lazy\" decoding=\"async\" src=\"https:\/\/static.xx.fbcdn.net\/images\/emoji.php\/v9\/ta5\/1.5\/16\/1f642.png\" alt=\"\ud83d\ude42\" width=\"16\" height=\"16\" \/><\/span><\/div>\n<div class=\"o9v6fnle cxmmr5t8 oygrvhab hcukyx3x c1et5uql\">B\u0117gimas, maratonas, pirtis, kubilas, vai\u0161\u0117s, ferjerverkai, linksmyb\u0117s, sportas, b\u0117gimo rezultatai \u2026 ar gali visa tai b\u016bti suderinta \u012f vien\u0105 visum\u0105? Mes manome, kad\u00a0<strong>TAIP!<\/strong> Ir, kad patys tuo \u012fsitikintum\u0117te, mes kvie\u010diame visus sutikti Naujus metus b\u0117gimo ritmu \u2013 Maratonas, pusmaratonis ar 7km, pasirink pats k\u0105 b\u0117gsi Nauj\u0173 Met\u0173 i\u0161vakar\u0117se. O po viso to \u2013 atgaiva pirtel\u0117je, kubile, vai\u0161\u0117mis nukrautas stalas, g\u0117rimai kiekvienam pagal pasirinkim\u0105 ir Nauj\u0173 Met\u0173 sutikimo sekund\u017ei\u0173 skai\u010diavimas kartu!<\/div>\n<div><\/div>\n<p>&nbsp;<\/p>\n<div class=\"o9v6fnle cxmmr5t8 oygrvhab hcukyx3x c1et5uql\"><strong><em>DATA:<\/em><\/strong> 2023 m. gruod\u017eio m\u0117n. 31 d.<\/div>\n<div><\/div>\n<p>&nbsp;<\/p>\n<div class=\"o9v6fnle cxmmr5t8 oygrvhab hcukyx3x c1et5uql\"><strong><em>B\u0116GIMO STARTAS:<\/em><\/strong><\/div>\n<div class=\"o9v6fnle cxmmr5t8 oygrvhab hcukyx3x c1et5uql\">13:00 val. B\u0117gimo namuose \u2013 K\u016bjagalvi\u0173 km., Kauno raj. (adresas google maps: <a class=\"oajrlxb2 g5ia77u1 qu0x051f esr5mh6w e9989ue4 r7d6kgcz rq0escxv nhd2j8a9 nc684nl6 p7hjln8o kvgmc6g5 cxmmr5t8 oygrvhab hcukyx3x jb3vyjys rz4wbd8a qt6c0cv9 a8nywdso i1ao9s8h esuyzwwr f1sip0of lzcic4wl py34i1dx gpro0wi8\" tabindex=\"0\" role=\"link\" href=\"https:\/\/l.facebook.com\/l.php?u=https%3A%2F%2Fgoo.gl%2Fmaps%2FJiX17ty7qQ8uy9mH6%3Ffbclid%3DIwAR1vKbtWuwYrrquoB2Gb7cr35TvQJ8pIKHixJkFo3Gon3mW5yC4lTwS1qqY&amp;h=AT0zQIDzutQR7Hbj43-eep66NSuBLAvtgOatT7hayywEHcroO30DD-b9yT9NCiqnLLbrrE7rZ8TdYNlTrKpI1QnEVEHvulaFUQ8PAk0GRNaotp2t8JkdaMvwsO0YbL3KMxkB&amp;__tn__=q&amp;c[0]=AT2jtEG-qoe4smiT0yzyr0vXrIzklFqkc4UloQX42Ve2za_sPAplTl8zZpQ7hrhmp24ygWsrCHy6O3QeQNB7lPhUyesZqlC2-9DkurjidIMysKxMsFe5BjQM1kCWYI3obRTZKqwnTJHGBtSLqj8kCti5K8eSKXA04XybDx2RWdiG74gHZQ\" target=\"_blank\" rel=\"nofollow noopener\">https:\/\/goo.gl\/maps\/JiX17ty7qQ8uy9mH6<\/a>)<\/div>\n<div>17:00 val.-\u00a0 &#8211; nugal\u0117toj\u0173 ir prizinink\u0173 apdovanojimas (arba kai sulauksime paskutinio prizininko)<\/div>\n<div><\/div>\n<p>&nbsp;<\/p>\n<div><strong><em>VAKAR\u0116LIO STARTAS<\/em><\/strong><em> (b\u0117gimo ir vakar\u0117lio dalyviams, nusipirkusiems registracij\u0105 \u012f vakar\u0117l\u012f):<\/em><\/div>\n<div>18:00 &#8211; 22.00 val. &#8211; temin\u0117 pirtis &#8222;I\u0161perkime visas Sen\u0173 met\u0173 nuod\u0117mes vant\u0173 pagalba&#8221;<\/div>\n<div>22:30val. &#8211; vakar\u0117lio prad\u017eia bendroje sal\u0117je<\/div>\n<div><\/div>\n<p>&nbsp;<\/p>\n<div class=\"o9v6fnle cxmmr5t8 oygrvhab hcukyx3x c1et5uql\"><em><strong>REGISTRACIJA ir MOKES\u010cIAI:<\/strong><\/em><br \/>\nRegistruotis galima:<br \/>\n<a class=\"oajrlxb2 g5ia77u1 qu0x051f esr5mh6w e9989ue4 r7d6kgcz rq0escxv nhd2j8a9 nc684nl6 p7hjln8o kvgmc6g5 cxmmr5t8 oygrvhab hcukyx3x jb3vyjys rz4wbd8a qt6c0cv9 a8nywdso i1ao9s8h esuyzwwr f1sip0of lzcic4wl py34i1dx gpro0wi8\" tabindex=\"0\" role=\"link\" href=\"https:\/\/tickets.paysera.com\/lt\/event\/begimas-i-naujus-2024\" target=\"_blank\" rel=\"nofollow noopener\">https:\/\/tickets.paysera.com\/lt\/event\/begimas-i-naujus-2024<\/a><\/div>\n<div class=\"o9v6fnle cxmmr5t8 oygrvhab hcukyx3x c1et5uql\">Registracijos mokes\u010diai:<br \/>\nB\u0117gimo dalyvis \u2013 25\u20ac<\/div>\n<div class=\"o9v6fnle cxmmr5t8 oygrvhab hcukyx3x c1et5uql\">\u0160eimos antras b\u0117gimo dalyvis &#8211; 20\u20ac<br \/>\nVakar\u0117lio dalyvis \u2013 30\u20ac<br \/>\nDalyvi\u0173 skai\u010dius limituotas!<\/div>\n<div>Bendras virtualaus ir realaus b\u0117gimo dalyvi\u0173 skai\u010dius \u2013 100. Pasiekus 70 dalyvi\u0173 registracij\u0105, virtualaus b\u0117gimo registracija bus stabdoma ir likusios 30 viet\u0173 paliktos realaus b\u0117gimo dalyviams.<\/div>\n<div><\/div>\n<div class=\"o9v6fnle cxmmr5t8 oygrvhab hcukyx3x c1et5uql\"><em><strong>DISTANCIJOS:<\/strong><\/em> 8 km, 15 km, pusmaratonis, 28 km, 35 km ir maratonas<\/div>\n<div><\/div>\n<p>&nbsp;<\/p>\n<div class=\"o9v6fnle cxmmr5t8 oygrvhab hcukyx3x c1et5uql\"><em><strong>TRASA:<\/strong><\/em> \u017dvyrkelis ir mi\u0161ko keliukai. Pirmas ratas \u2013 8km, visi kiti ratai &#8211; po 6,85 km.<\/div>\n<div><\/div>\n<p>&nbsp;<\/p>\n<div class=\"o9v6fnle cxmmr5t8 oygrvhab hcukyx3x c1et5uql\"><em><strong>APDOVANOJIMAI:<\/strong><\/em><br \/>\nBus apdovanoti pirmi \u0161e\u0161i prizininkai ilgiausi\u0105 ir grei\u010diausiai \u012fveik\u0119 distancij\u0105 moter\u0173 ir vyr\u0173 kategorijose. Nugal\u0117tojams bus \u012fteiktos taur\u0117s ir r\u0117m\u0117j\u0173 prizai.<br \/>\nVisiems dalyviams, \u012fveikusiems savo tras\u0105 \u2013 medalis!<\/div>\n<div><em><strong>Visiems vakar\u0117lio dalyviams &#8211; atminimo medalis ir Kal\u0117d\u0173 senio DOVANOS!<\/strong><\/em><\/div>\n<div><\/div>\n<div><\/div>\n<p>&nbsp;<\/p>\n<div class=\"o9v6fnle cxmmr5t8 oygrvhab hcukyx3x c1et5uql\"><strong>VIRTUALUS B\u0116GIMAS<\/strong><br \/>\n1. Virtualaus b\u0117gimo metu b\u0117gama viena i\u0161 \u0161i\u0173 distancij\u0173: 1km, 5km, 10km, 21,1km arba 42,2km.<br \/>\n2. Laik\u0105 b\u0117gimo dalyviai matuoja savaranki\u0161kai b\u0117gdami savo pasirinktoje saugioje trasoje, naudodami bet koki\u0105 vie\u0161ai ir laisvai prieinam\u0105 sporto program\u0117le(pvz.: Strava, Nike Run Club, Garmin ir kitos), i\u0161mani\u0173j\u0173 laikrod\u017ei\u0173 nuotraukos ir pan., svarbiausia, kad ai\u0161kiai b\u016bt\u0173 matomas \u012fveiktas atstumas ir laikas.<br \/>\n3. Virtuali\u0173 var\u017eyb\u0173 dalyviai savo asmenin\u012f rezultat\u0105 privalo atsi\u0173sti el.pa\u0161tu maratomanija@gmail.com.<br \/>\n4. Dalyvis savo pasirinkt\u0105 tras\u0105 turi \u012fveikti 2023-12-25 \u2013 2024-01-07 (startuojant nuo katalik\u0173 Kal\u0117d\u0173 ir fini\u0161uojant iki sta\u010diatiki\u0173 Kal\u0117d\u0173). Rezultatai patvirtinami, tikslinami bei \u012ftraukiami \u012f protokol\u0105 iki 2024-01-07\u00a0 23.00 val.<br \/>\n5. J\u016bs\u0173 pasiektas rezultatas bus vie\u0161ai skelbiamas oficialiame var\u017eyb\u0173 protokole ir var\u017eyb\u0173 puslapyje, skiltyje \u201eRezultatai\u201c.<br \/>\n6. Fini\u0161avus \u201eB\u0117gimas \u012f naujus 2024\u201c virtualiame b\u0117gime ir pateikus rezultat\u0105, Jums J\u016bs\u0173 nurodytu pa\u0161tu bus i\u0161si\u0173stas medalis. Dalyviai norintis gauti medal\u012f pa\u0161tu privalo kartu su rezultatu para\u0161yti savo adres\u0105 \u012f el.pa\u0161t\u0105: maratomanija@gmail.com Dalyvio medaliai bus atsi\u0173sti iki 2024m. sausio 30 d.<br \/>\n7. Virtualaus b\u0117gimo kaina 15\u20ac. Siuntimas &#8211; 5\u20ac.<\/div>\n<div><\/div>\n<div><\/div>\n<p>&nbsp;<\/p>\n<div class=\"o9v6fnle cxmmr5t8 oygrvhab hcukyx3x c1et5uql\"><strong>ORGANIZATORIAI<\/strong><br \/>\n\u201eB\u0117gimas \u012f Naujus 2024\u201c organizuoja V\u0161\u012e Maratomanija ir B\u0117gimo namai<\/div>\n","protected":false},"excerpt":{"rendered":"<p>Sutik Naujuosius kitaip\u00a0\u2013 b\u0117gimo ritmas ir draug\u0173 b\u016brys, tai renginys, kuris ilgam liks atminty\u00a0 B\u0117gimas, maratonas, pirtis, kubilas, vai\u0161\u0117s, ferjerverkai, linksmyb\u0117s, sportas, b\u0117gimo rezultatai \u2026 ar gali visa tai b\u016bti suderinta \u012f vien\u0105 visum\u0105? Mes manome, kad\u00a0TAIP! Ir, kad patys tuo \u012fsitikintum\u0117te, mes kvie\u010diame visus sutikti Naujus metus b\u0117gimo ritmu \u2013 Maratonas, pusmaratonis ar 7km, [&hellip;]<\/p>\n","protected":false},"author":1,"featured_media":0,"parent":190,"menu_order":0,"comment_status":"closed","ping_status":"closed","template":"","meta":{"footnotes":""},"class_list":["post-247","page","type-page","status-publish","hentry"],"_links":{"self":[{"href":"https:\/\/www.myrace.lt\/naujimetai\/wp-json\/wp\/v2\/pages\/247","targetHints":{"allow":["GET"]}}],"collection":[{"href":"https:\/\/www.myrace.lt\/naujimetai\/wp-json\/wp\/v2\/pages"}],"about":[{"href":"https:\/\/www.myrace.lt\/naujimetai\/wp-json\/wp\/v2\/types\/page"}],"author":[{"embeddable":true,"href":"https:\/\/www.myrace.lt\/naujimetai\/wp-json\/wp\/v2\/users\/1"}],"replies":[{"embeddable":true,"href":"https:\/\/www.myrace.lt\/naujimetai\/wp-json\/wp\/v2\/comments?post=247"}],"version-history":[{"count":2,"href":"https:\/\/www.myrace.lt\/naujimetai\/wp-json\/wp\/v2\/pages\/247\/revisions"}],"predecessor-version":[{"id":261,"href":"https:\/\/www.myrace.lt\/naujimetai\/wp-json\/wp\/v2\/pages\/247\/revisions\/261"}],"up":[{"embeddable":true,"href":"https:\/\/www.myrace.lt\/naujimetai\/wp-json\/wp\/v2\/pages\/190"}],"wp:attachment":[{"href":"https:\/\/www.myrace.lt\/naujimetai\/wp-json\/wp\/v2\/media?parent=247"}],"curies":[{"name":"wp","href":"https:\/\/api.w.org\/{rel}","templated":true}]}}