{"id":197,"date":"2023-10-12T15:25:37","date_gmt":"2023-10-12T12:25:37","guid":{"rendered":"https:\/\/www.myrace.lt\/naujimetai\/?page_id=197"},"modified":"2025-12-09T21:40:15","modified_gmt":"2025-12-09T19:40:15","slug":"dalyviai","status":"publish","type":"page","link":"https:\/\/www.myrace.lt\/naujimetai\/dalyviai\/","title":{"rendered":"DALYVIAI"},"content":{"rendered":"\t<link rel=\"stylesheet\" type=\"text\/css\" href=\"https:\/\/www.myrace.lt\/registravimas\/tools\/color_myrace.css\" \/>\n\t<link rel=\"stylesheet\" type=\"text\/css\" href=\"https:\/\/www.myrace.lt\/registravimas\/tools\/style03.css\" \/>\n<link rel=\"stylesheet\" type=\"text\/css\" href=\"https:\/\/www.myrace.lt\/registravimas\/tools\/uzsiregistravo.css\" \/><div style=\"overflow-x:auto;\"><table class=\"lentele\" width=\"100%\" cellspacing=\"0\" cellpadding=\"0\"><tr><th width=\"40px\"><a href=\"?sort=id\">Eil.<br\/>Nr.<img decoding=\"async\" src=\"https:\/\/www.myrace.lt\/\/registravimas\/images\/sort_asc.png\"><\/a><\/th><th width=\"80px\"><a href=\"?sort=vardas\">Vardas<\/a><\/th><th width=\"130px\"><a href=\"?sort=pavarde\">Pavard\u0117<\/a><\/th><th width=\"70px\"><a href=\"?sort=lytis\">Lytis<\/a><form name=\"f_lytis\"><select class=\"filtruoti\" id=\"filtrai\" onchange=\"lytis()\"><option value=\"1\">VYR<\/option><option value=\"2\">MOT<\/option><option value=\"-1\" selected=\"selected\">[visi]<\/option><\/select><\/form>\n\t\t<script type=\"text\/javascript\">function lytis() {filtras=document.f_lytis.filtrai.value;document.location.href = \"index.php?lytis=\" + filtras;}\n\t\t<\/script><\/th><th width=\"80px\"><a href=\"?sort=gimimodata\">Gimimo<br\/>metai<\/a><\/th><th width=\"60px\"><a href=\"?sort=salis\">\u0160alis<\/a><form name=\"f_salis\"><select class=\"filtruoti\" id=\"filtrai\" onchange=\"salis()\"><option value=\"-1\" selected=\"selected\">[visi]<\/option><\/select><\/form>\n\t\t<script type=\"text\/javascript\">function salis() {filtras=document.f_salis.filtrai.value;document.location.href = \"index.php?salis=\" + filtras;}\n\t\t<\/script><\/th><th width=\"120px\"><a href=\"?sort=miestas\">Miestas<\/a><form name=\"f_miestas\"><select class=\"filtruoti\" id=\"filtrai\" onchange=\"miestas()\"><option value=\"-1\" selected=\"selected\">[visi]<\/option><\/select><\/form>\n\t\t<script type=\"text\/javascript\">function miestas() {filtras=document.f_miestas.filtrai.value;document.location.href = \"index.php?miestas=\" + filtras;}\n\t\t<\/script><\/th><th width=\"200px\"><a href=\"?sort=klubas\">Organizacija \/ Klubas<\/a><form name=\"f_klubas\"><select class=\"filtruoti\" id=\"filtrai\" onchange=\"klubas()\"><option value=\"-1\" selected=\"selected\">[visi]<\/option><\/select><\/form>\n\t\t<script type=\"text\/javascript\">function klubas() {filtras=document.f_klubas.filtrai.value;document.location.href = \"index.php?klubas=\" + filtras;}\n\t\t<\/script><\/th><th width=\"130px\"><a href=\"?sort=nuotolis\">Nuotolis<\/a><form name=\"f_nuotolis\"><select class=\"filtruoti\" id=\"filtrai\" onchange=\"nuotolis()\"><option value=\"1\">600 m<\/option><option value=\"2\"> 5 km<\/option><option value=\"3\"> 10 km<\/option><option value=\"4\"> 25 km<\/option><option value=\"5\"> Virtualus b\u0117gimas<\/option><option value=\"6\"> Siuntimas<\/option><option value=\"7\"> Siuntimas ne LT<\/option><option value=\"8\"> Duomen\u0173 keitimas<\/option><option value=\"-1\" selected=\"selected\">[visi]<\/option><\/select><\/form>\n\t\t<script type=\"text\/javascript\">function nuotolis() {filtras=document.f_nuotolis.filtrai.value;document.location.href = \"index.php?nuotolis=\" + filtras;}\n\t\t<\/script><\/th><\/tr><p class=\"pranesti\">U\u017dSIREGISTRAV\u0118 DALYVIAI (viso - 0, rodoma - 0)<\/p><p>D\u0117l netikslum\u0173 ir korekcij\u0173 ra\u0161ykite el.pa\u0161tu <a href=\"mailto:registracija@myrace.lt?subject=Registracija: B\u0117gimas \u012f Naujus 2027\">registracija@myrace.lt<\/a><\/p><\/table><\/div>\n","protected":false},"excerpt":{"rendered":"","protected":false},"author":2,"featured_media":0,"parent":0,"menu_order":0,"comment_status":"closed","ping_status":"closed","template":"","meta":{"footnotes":""},"class_list":["post-197","page","type-page","status-publish","hentry"],"_links":{"self":[{"href":"https:\/\/www.myrace.lt\/naujimetai\/wp-json\/wp\/v2\/pages\/197","targetHints":{"allow":["GET"]}}],"collection":[{"href":"https:\/\/www.myrace.lt\/naujimetai\/wp-json\/wp\/v2\/pages"}],"about":[{"href":"https:\/\/www.myrace.lt\/naujimetai\/wp-json\/wp\/v2\/types\/page"}],"author":[{"embeddable":true,"href":"https:\/\/www.myrace.lt\/naujimetai\/wp-json\/wp\/v2\/users\/2"}],"replies":[{"embeddable":true,"href":"https:\/\/www.myrace.lt\/naujimetai\/wp-json\/wp\/v2\/comments?post=197"}],"version-history":[{"count":4,"href":"https:\/\/www.myrace.lt\/naujimetai\/wp-json\/wp\/v2\/pages\/197\/revisions"}],"predecessor-version":[{"id":397,"href":"https:\/\/www.myrace.lt\/naujimetai\/wp-json\/wp\/v2\/pages\/197\/revisions\/397"}],"wp:attachment":[{"href":"https:\/\/www.myrace.lt\/naujimetai\/wp-json\/wp\/v2\/media?parent=197"}],"curies":[{"name":"wp","href":"https:\/\/api.w.org\/{rel}","templated":true}]}}