{"id":190,"date":"2023-10-12T14:39:37","date_gmt":"2023-10-12T11:39:37","guid":{"rendered":"https:\/\/www.myrace.lt\/naujimetai\/?page_id=190"},"modified":"2026-01-02T22:43:23","modified_gmt":"2026-01-02T20:43:23","slug":"nuostatai","status":"publish","type":"page","link":"https:\/\/www.myrace.lt\/naujimetai\/nuostatai\/","title":{"rendered":"NUOSTATAI"},"content":{"rendered":"<h2 style=\"text-align: center;\"><span style=\"font-size: 48px;\">B\u0117gimas \u012f Naujus 2027<\/span><\/h2>\n<h3 style=\"text-align: center;\">\ud83c\udf86 <strong>B\u0116GIMAS \u012e NAUJUOSIUS 2027<\/strong> \ud83c\udf86<br \/>\nKai senieji metai baigiasi ne laikrod\u017eio d\u016b\u017eiu, o paskutiniu \u017eingsniu trasoje.<\/h3>\n<h3 style=\"text-align: center;\">Tai jau ne \u0161iaip b\u0117gimas.<br \/>\nTai <strong>atsisveikinimas su 2026-aisiais<\/strong> ir <strong>startas \u012f 2027-uosius<\/strong> \u2013 su \u0161viesa, judesiu ir bendryste.<\/h3>\n<h3 style=\"text-align: center;\">\ud83c\udfc3\u200d\u2642\ufe0f \u010cia b\u0117gama ne d\u0117l sekund\u017ei\u0173.<br \/>\n\ud83e\udd1d \u010cia b\u0117gama kartu \u2013 \u0161eimos, draugai, komandos.<br \/>\n\ud83d\udd25 \u010cia metai u\u017ebaigiami taip, kaip ir tur\u0117t\u0173 b\u016bti \u2013 <strong>judant \u012f priek\u012f<\/strong>.<\/h3>\n<h3 style=\"text-align: center;\">\u2728 Laukia:<br \/>\n\u2022 simbolinis met\u0173 u\u017edarymas b\u0117gant<br \/>\n\u2022 \u0161ventin\u0117 atmosfera ir gera energija<br \/>\n\u2022 medaliai, \u0161ypsenos ir bendryst\u0117<br \/>\n\u2022 ir tas jausmas, kai supranti \u2013 <strong>2027 prasideda teisingai<\/strong><\/h3>\n<p>&nbsp;<\/p>\n<p style=\"text-align: center;\"><span style=\"color: #000000; font-size: 36px;\"><strong>RENGINIO NUOSTATAI<\/strong><\/span><\/p>\n<p>&nbsp;<\/p>\n<p><span style=\"color: #000000;\"><strong>I. BENDROJI DALIS<\/strong><\/span><br \/>\n<span style=\"color: #000000;\">V\u0161\u012e \u201eMaratomanija 2026 m. gruod\u017eio 27 d. rengia \u201eB\u0117gimas \u012f Naujus 2027&#8243;.<\/span><\/p>\n<p><span style=\"color: #000000;\"><strong>II. TIKSLAI IR U\u017dDAVINIAI<\/strong><\/span><br \/>\n<span style=\"color: #000000;\">1. B\u0117gimu pa\u017eym\u0117ti ir aktyviai palyd\u0117ti senuosius 2026-uosius metus.<\/span><br \/>\n<span style=\"color: #000000;\">2. Populiarinti b\u0117gimo kult\u016br\u0105 Lietuvoje.<\/span><br \/>\n<span style=\"color: #000000;\">3. Gausinti masini\u0173 rengini\u0173 kiek\u012f Lietuvoje. Didinti gyventoj\u0173 aktyvum\u0105.<\/span><br \/>\n<span style=\"color: #000000;\">4. Skatinti b\u0117gim\u0105, kaip sveik\u0105 gyvenimo b\u016bd\u0105.<\/span><\/p>\n<p><span style=\"color: #000000;\"><strong>III. RENGINIO ORGANIZATORI\u0172 ATSAKOMYB\u0116 IR PAREIGOS<\/strong><\/span><br \/>\n<span style=\"color: #000000;\">1. Registruoti renginio dalyvius, pagaminti ir i\u0161duoti numerius.<\/span><br \/>\n<span style=\"color: #000000;\">2. I\u0161matuoti tras\u0105 bei techni\u0161kai paruo\u0161ti j\u0105 var\u017eyboms.<\/span><br \/>\n<span style=\"color: #000000;\">3. Reklamuoti rengin\u012f bei vykdyti vie\u0161\u0173j\u0173 ry\u0161i\u0173 kampanij\u0105, siekiant populiarinti b\u0117gim\u0105 ir sutraukti kuo didesn\u012f dalyvi\u0173 skai\u010di\u0173.<\/span><br \/>\n<span style=\"color: #000000;\">4. U\u017efiksuoti dalyvi\u0173 b\u0117gimo laikus, juos u\u017eprotokuoluoti ir \u012ftraukti \u012f oficial\u0173 renginio protokol\u0105<\/span><br \/>\n<span style=\"color: #000000;\">5. Suderinti renginio pravedim\u0105 su Vilniaus miesto savivaldybe.<\/span><\/p>\n<p><span style=\"color: #000000;\"><strong>IV. VAR\u017dYB\u0172 VIETA, LAIKAS IR NUOTOLIAI<\/strong><\/span><br \/>\n<span style=\"color: #000000;\">Renginio prad\u017eia:<\/span><br \/>\n<span style=\"color: #000000;\"><strong>2026 m. gruod\u017eio 27 d.<\/strong>:<\/span><br \/>\n<span style=\"color: #000000;\">11.00 val. &#8211; 25 km;<\/span><br \/>\n<span style=\"color: #000000;\">12.00 val. &#8211; 5 km, 10 km;<\/span><br \/>\n<span style=\"color: #000000;\">13.45 val. &#8211; 600 m.<\/span><\/p>\n<p><span style=\"color: #000000;\">Starto vieta \u2013 Vilnius, Vingio parkas, aik\u0161tel\u0117 prie\u0161ais estrad\u0105.<\/span><\/p>\n<p><span style=\"color: #000000;\"><em><strong>\u0160iaurieti\u0161ko \u0117jimo<\/strong> m\u0117g\u0117jai gal\u0117s rinktis vien\u0105 i\u0161 \u0161i\u0173 distancij\u0173 \u2013 5 km, 10 km ir 25 km.<\/em><\/span><br \/>\n<span style=\"color: #000000;\"><em>\u0116jikai startuos kartu su b\u0117gikais ir j\u0173 rezultatas bus \u012ftrauktas \u012f var\u017eyb\u0173 protokol\u0105 kartu su b\u0117gik\u0173 rezultatais.<\/em><\/span><\/p>\n<p><span style=\"color: #000000;\"><strong>V. TRASA IR LAIKO LIMITAS<\/strong><\/span><br \/>\n<span style=\"color: #000000;\">Laiko limitas visoms distancijomes 4 val.<\/span><\/p>\n<p><span style=\"color: #000000;\"><strong>VI. DALYVIAI<\/strong><\/span><br \/>\n<span style=\"color: #000000;\">1.Var\u017eybose gali dalyvauti visi norintys, u\u017esiregistrav\u0119, pasitikrin\u0119 sveikat\u0105 ir susipa\u017ein\u0119 su b\u0117gimo nuostatais. Visi dalyviai b\u0117gime dalyvauja laisva valia ir niekieno never\u010diami ir prisiima vis\u0105 su dalyvavimu b\u0117gime susijusi\u0105 (tame tarpe su \u012fvairiais sveikatos sutrikimais ir pan.) rizik\u0105 bei \u012fsipareigoja d\u0117l to nereik\u0161ti renginio organizatoriams joki\u0173 pretenzij\u0173.<\/span><br \/>\n<span style=\"color: #000000;\">2. U\u017e jaunesnius nei 18 met\u0173 dalyvius vis\u0105 atsakomyb\u0119 prisiima j\u0173 t\u0117vai, treneriai arba glob\u0117jai.<\/span><br \/>\n<span style=\"color: #000000;\">3. Kiekvienas dalyvis u\u017esiregistruodamas savaime sutinka, kad renginio organizatoriai visas renginio metu padarytas nuotraukas bei filmuot\u0105 med\u017eiag\u0105 gali laisvai, be atskiro sutikimo, naudoti rinkodaros tikslais.<\/span><\/p>\n<p><span style=\"color: #000000;\"><strong>VII. SPECIALIOS S\u0104LYGOS IR APRIBOJIMAI<\/strong><\/span><br \/>\n<span style=\"color: #000000;\">1. Registruotis \u012f b\u0117gim\u0105 galima tik savo vardu. Savo numer\u012f perduoti kitam dalyviui draud\u017eiama. Tokiu atveju dalyviai bus diskvalifikuojami, o rezultatai \u012f var\u017eyb\u0173 protokol\u0105 ne\u012ftraukiami.<\/span><br \/>\n<span style=\"color: #000000;\">2. Kiekvienas dalyvis var\u017eybose privalo tur\u0117ti ant mar\u0161kin\u0117li\u0173 tvarkingai pritvirtint\u0105 numer\u012f. Numeris turi b\u016bti ant mar\u0161kin\u0117li\u0173 priekio (kr\u016btin\u0117s), ai\u0161kiai matomoje vietoje .<\/span><br \/>\n<span style=\"color: #000000;\">3. Dalyviams bei juos palaikantiems asmenims grie\u017etai draud\u017eiama naudoti bet kokias transporto priemones, pvz.: dvira\u010dius, riedu\u010dius, riedlentes ir kitas ratuotas transporto priemones. Dalyviai, pa\u017eeid\u0119 \u0161\u012f nuostat\u0173 punkt\u0105, bus diskvalifikuojami.<\/span><br \/>\n<span style=\"color: #000000;\">4. \u00a0Var\u017eyb\u0173 dalyviams nors kiek nukrypti nuo b\u0117gimo trasos (be teis\u0117jo leidimo) yra draud\u017eiama. Dalyviai, pa\u017eeid\u0119 \u0161i\u0105 taisykl\u0119, bus diskvalifikuojami.<\/span><br \/>\n<span style=\"color: #000000;\">5. Renginio organizatoriai neatsako u\u017e dalyvi\u0173 sveikat\u0105 ar sveikatos sutrikimus, patirtus b\u0117gimo metu. Dalyviai privalo pasitikrinti sveikat\u0105.<\/span><\/p>\n<p><span style=\"color: #000000;\"><strong>VIII. SPECIAL\u016aS PUNKTAI TRASOJE<\/strong><\/span><br \/>\n<span style=\"color: #000000;\">Trasoje bus \u012frengta vandens ir\u00a0 maitinimo stotel\u0117, kurioje var\u017eyb\u0173 metu dalyviams bus dalinami g\u0117rimai \u2013 vanduo, Cola, gaivieji g\u0117rimai, vaisiai, sausainiai, u\u017ekand\u017eiai.<\/span><br \/>\n<span style=\"color: #000000;\">Starto\/ fini\u0161o punkte bus galima palikti asmeninius daiktus.<\/span><\/p>\n<p><span style=\"color: #000000;\"><strong>IX. APDOVANOJIMAI<\/strong><\/span><br \/>\n<span style=\"color: #000000;\">Visiems dalyviams bus \u012fteikti atminimo medaliai.<\/span><\/p>\n<p><span style=\"color: #000000;\">5 km, 10 km\u00a0 ir\u00a0 25 km distancij\u0173 nugal\u0117tojai ir prizininkai moter\u0173 ir vyr\u0173 kategorijoje bus apdovanojami taur\u0117mis, bei r\u0117m\u0117j\u0173 prizais.<\/span><br \/>\n<span style=\"color: #000000;\">Atskir\u0173 nominacij\u0173 laim\u0117tojai bus apdovanoti taur\u0117mis.<\/span><\/p>\n<p><span style=\"color: #000000;\">Apdovanojimai \u012fteikiami i\u0161 karto sulaukus distancijos vis\u0173 trij\u0173 moter\u0173 ir vyr\u0173 prizinink\u0173.<\/span><\/p>\n<p><span style=\"color: #000000;\"><strong>PASTABA!\u00a0<span style=\"color: #800000;\">Visi nugal\u0117tojai ir prizininkai privalo tur\u0117ti savo b\u0117gimo \u012frodym\u0105 ir papra\u0161ius var\u017eyb\u0173 organizatoriams, j\u012f pateikti. Tinka \u012fvairi\u0173 sportini\u0173 program\u0117li\u0173, sportini\u0173 laikrod\u017ei\u0173 parodymai, kuriuose b\u016bt\u0173 galima pamatyti vis\u0105 dalyvio b\u0117gimo statistik\u0105.<\/span><\/strong><\/span><\/p>\n<p><span style=\"color: #000000;\"><strong>NOMINACIJOS:<\/strong><\/span><\/p>\n<ul>\n<li><span style=\"color: #000000;\"><strong>Gausiausia komanda!<\/strong><\/span><\/li>\n<li><span style=\"color: #000000;\"><strong>I\u0161tvermingiausia komanda!<\/strong><\/span><\/li>\n<li><span style=\"color: #000000;\"><strong>Linksmiausia komanda!<\/strong><\/span><\/li>\n<li><span style=\"color: #000000;\"><strong>Spalvingiausia komanda!<\/strong><\/span><\/li>\n<li><span style=\"color: #000000;\"><strong>\u0160auniausias kostiumas<\/strong><\/span><\/li>\n<li><span style=\"color: #000000;\"><strong>Spalvingiausia \u0161eimyna<\/strong><\/span><\/li>\n<li><span style=\"color: #000000;\"><strong>Vyriausias dalyvis<\/strong><\/span><\/li>\n<\/ul>\n<p><span style=\"color: #ff0000;\"><strong>Nominacij\u0173 apdovanojimai bus \u012fteikiami po vaik\u0173 b\u0117gimo &#8211; 14.00 val.<\/strong><\/span><\/p>\n<p><span style=\"color: #000000;\"><strong>X. DALYVI\u0172 STARTINIS MOKESTIS<\/strong><\/span><\/p>\n<table style=\"width: 98.2872%; height: 161px;\" border=\"1\">\n<tbody>\n<tr style=\"height: 23px;\">\n<td style=\"width: 9.82966%; height: 23px;\" width=\"108\"><span style=\"color: #000000;\"><strong>Distancija<\/strong><\/span><\/td>\n<td style=\"width: 10.2228%; height: 23px; text-align: center;\" width=\"117\"><span style=\"color: #000000;\"><strong>01.01 \u2013 02.28<\/strong><\/span><\/td>\n<td style=\"width: 10.6223%; height: 23px; text-align: center;\" width=\"117\"><span style=\"color: #000000;\"><strong>03.01 \u2013 05.31<\/strong><\/span><\/td>\n<td style=\"width: 10.762%; height: 23px; text-align: center;\" width=\"117\"><span style=\"color: #000000;\"><strong>06.01 \u2013 09.30<\/strong><\/span><\/td>\n<td style=\"width: 12.0147%; height: 23px; text-align: center;\" width=\"117\"><span style=\"color: #000000;\"><strong>10.01 \u2013 12.24<\/strong><\/span><\/td>\n<td style=\"width: 10.8036%; text-align: center; height: 23px;\"><span style=\"color: #000000;\"><strong>Renginio dien\u0105<\/strong><\/span><\/td>\n<\/tr>\n<tr style=\"height: 23px;\">\n<td style=\"width: 9.82966%; height: 23px;\" width=\"108\"><span style=\"color: #000000;\"><strong>600 m<\/strong><\/span><\/td>\n<td style=\"width: 10.2228%; height: 23px; text-align: center;\" width=\"117\"><span style=\"color: #000000;\"><strong>10 Eur<\/strong><\/span><\/td>\n<td style=\"width: 10.6223%; height: 23px; text-align: center;\" width=\"117\"><span style=\"color: #000000;\"><strong>12 Eur<\/strong><\/span><\/td>\n<td style=\"width: 10.762%; height: 23px; text-align: center;\" width=\"117\"><span style=\"color: #000000;\"><strong>14 Eur<\/strong><\/span><\/td>\n<td style=\"width: 12.0147%; height: 23px; text-align: center;\" width=\"117\"><span style=\"color: #000000;\"><strong>16 Eur<\/strong><\/span><\/td>\n<td style=\"width: 10.8036%; height: 23px; text-align: center;\" width=\"117\"><span style=\"color: #000000;\"><strong>25 Eur<\/strong><\/span><\/td>\n<\/tr>\n<tr style=\"height: 23px;\">\n<td style=\"width: 9.82966%; height: 23px;\" width=\"108\"><span style=\"color: #000000;\"><strong>5 km<\/strong><\/span><\/td>\n<td style=\"width: 10.2228%; height: 23px; text-align: center;\" width=\"117\"><span style=\"color: #000000;\"><strong>12 Eur<\/strong><\/span><\/td>\n<td style=\"width: 10.6223%; height: 23px; text-align: center;\" width=\"117\"><span style=\"color: #000000;\"><strong>14 Eur<\/strong><\/span><\/td>\n<td style=\"width: 10.762%; height: 23px; text-align: center;\" width=\"117\"><span style=\"color: #000000;\"><strong>17 Eur<\/strong><\/span><\/td>\n<td style=\"width: 12.0147%; height: 23px; text-align: center;\" width=\"117\"><span style=\"color: #000000;\"><strong>19 Eur<\/strong><\/span><\/td>\n<td style=\"width: 10.8036%; height: 23px; text-align: center;\" width=\"117\"><span style=\"color: #000000;\"><strong>30 Eur<\/strong><\/span><\/td>\n<\/tr>\n<tr style=\"height: 23px;\">\n<td style=\"width: 9.82966%; height: 23px;\"><span style=\"color: #000000;\"><strong>10 km<\/strong><\/span><\/td>\n<td style=\"width: 10.2228%; height: 23px; text-align: center;\" width=\"117\"><span style=\"color: #000000;\"><strong>13 Eur<\/strong><\/span><\/td>\n<td style=\"width: 10.6223%; height: 23px; text-align: center;\" width=\"117\"><span style=\"color: #000000;\"><strong>16 Eur<\/strong><\/span><\/td>\n<td style=\"width: 10.762%; height: 23px; text-align: center;\" width=\"117\"><span style=\"color: #000000;\"><strong>\u00a019 Eur<\/strong><\/span><\/td>\n<td style=\"width: 12.0147%; height: 23px; text-align: center;\" width=\"117\"><span style=\"color: #000000;\"><strong>\u00a022 Eur<\/strong><\/span><\/td>\n<td style=\"width: 10.8036%; height: 23px; text-align: center;\" width=\"117\"><span style=\"color: #000000;\"><strong>30 Eur<\/strong><\/span><\/td>\n<\/tr>\n<tr style=\"height: 23px;\">\n<td style=\"width: 9.82966%; height: 23px;\"><span style=\"color: #000000;\"><strong>25 km<\/strong><\/span><\/td>\n<td style=\"width: 10.2228%; height: 23px; text-align: center;\" width=\"117\"><span style=\"color: #000000;\"><strong>15 Eur<\/strong><\/span><\/td>\n<td style=\"width: 10.6223%; height: 23px; text-align: center;\" width=\"117\"><span style=\"color: #000000;\"><strong>18 Eur<\/strong><\/span><\/td>\n<td style=\"width: 10.762%; height: 23px; text-align: center;\" width=\"117\"><span style=\"color: #000000;\"><strong>\u00a022 Eur<\/strong><\/span><\/td>\n<td style=\"width: 12.0147%; height: 23px; text-align: center;\" width=\"117\"><span style=\"color: #000000;\"><strong>\u00a025 Eur<\/strong><\/span><\/td>\n<td style=\"width: 10.8036%; height: 23px; text-align: center;\" width=\"117\"><span style=\"color: #000000;\"><strong>35 Eur<\/strong><\/span><\/td>\n<\/tr>\n<tr style=\"height: 23px;\">\n<td style=\"width: 9.82966%; height: 23px;\"><span style=\"color: #000000;\"><strong>Virtualus b\u0117gimas<\/strong><\/span><\/td>\n<td style=\"width: 10.2228%; height: 23px; text-align: center;\" width=\"117\"><span style=\"color: #000000;\"><strong>20 Eur<\/strong><\/span><\/td>\n<td style=\"width: 10.6223%; height: 23px; text-align: center;\" width=\"117\"><span style=\"color: #000000;\"><strong>22 Eur<\/strong><\/span><\/td>\n<td style=\"width: 10.762%; height: 23px; text-align: center;\" width=\"117\"><span style=\"color: #000000;\"><strong>23 Eur<\/strong><\/span><\/td>\n<td style=\"width: 12.0147%; height: 23px; text-align: center;\" width=\"117\"><span style=\"color: #000000;\"><strong>25 Eur<\/strong><\/span><\/td>\n<td style=\"width: 10.8036%; text-align: center; height: 23px;\"><span style=\"color: #000000;\"><strong>30 EUR<\/strong><\/span><\/td>\n<\/tr>\n<\/tbody>\n<\/table>\n<p><span style=\"color: #000000;\"><strong>\u00a0<\/strong><strong>XI. DALYVI\u0172 REGISTRAVIMAS IR NUMERI\u0172 I\u0160DAVIMAS<\/strong><\/span><br \/>\n<span style=\"color: #000000;\">1. Registracija atidaroma 2026 m. sausio\u00a0 01 d.<\/span><br \/>\n<span style=\"color: #000000;\">2. Registracija sustabdoma 2026 m. gruod\u017eio 25 d. 12.00 val.<\/span><br \/>\n<span style=\"color: #000000;\">3. Tik tinkamai u\u017epild\u0119s registracijos form\u0105 ir apmok\u0117j\u0119s starto mokest\u012f, dalyvis yra \u012ftraukiamas \u012f b\u0117gimo protokol\u0105.<\/span><br \/>\n<span style=\"color: #000000;\">4. Dalyvio startinis mokestis negr\u0105\u017einamas.<\/span><br \/>\n<span style=\"color: #000000;\">5. Jei u\u017esiregistrav\u0119s dalyvis nori keisti rungt\u012f:<\/span><br \/>\n<span style=\"color: #000000;\">5.1 \u012f trumpesn\u0119, jis turi sumok\u0117ti rungties keitimo mokest\u012f \u2013 5 EUR.<\/span><br \/>\n<span style=\"color: #000000;\">5.2 \u012f ilgesn\u0119, jis turi primok\u0117ti startinio mokes\u010dio skirtum\u0105, pagal \u0161iai dienai galiojant\u012f ilgesn\u0117s rungties startin\u012f mokest\u012f bei rungties keitimo 5 EUR mokest\u012f.<\/span><br \/>\n<span style=\"color: #000000;\">5.3 Norint perleisti registracij\u0105 kitam dalyviui mokamas 5 EUR mokestis.<\/span><br \/>\n<span style=\"color: #000000;\">5.4 Dalyvio duomen\u0173 atnaujinimo, keitimo mokestis 5 EUR. <em><strong>Pakeitimai atliekami iki 2026-12-15 imtinai, v\u0117liau jokie pakeitimai nebus galimi.<\/strong><\/em><\/span><br \/>\n<span style=\"color: #000000;\">5.5 Registracijos, dalyvio duomen\u0173 keitimo mokestis\u00a0 pervedamas \u012f V\u0161\u012e Maratomanija s\u0105skait\u0105: SWEDBANK: LT 39 7300 0101 5760 4275<\/span><\/p>\n<p><span style=\"color: #000000;\"><strong>XII. VIRTUALUS B\u0116GIMAS<\/strong><\/span><\/p>\n<ol>\n<li><span style=\"color: #000000;\">Virtualaus b\u0117gimo metu b\u0117gama viena i\u0161 \u0161i\u0173 distancij\u0173:\u00a0 5 km, 10 km, arba 25 km.<\/span><\/li>\n<li><span style=\"color: #000000;\">\u00a0Laik\u0105 b\u0117gimo dalyviai matuoja savaranki\u0161kai b\u0117gdami savo pasirinktoje saugioje trasoje, naudodami bet koki\u0105 vie\u0161ai ir laisvai prieinam\u0105 sporto program\u0117le (pvz.: Strava, Nike Run Club, Garmin ir kitos), i\u0161mani\u0173j\u0173 laikrod\u017ei\u0173 nuotraukos ir pan., svarbiausia, kad ai\u0161kiai b\u016bt\u0173 matomas \u012fveiktas atstumas ir laikas.<\/span><\/li>\n<li><span style=\"color: #000000;\">Virtuali\u0173 var\u017eyb\u0173 dalyviai savo asmenin\u012f rezultat\u0105 privalo atsi\u0173sti el.pa\u0161tu\u00a0<a style=\"color: #000000;\" href=\"mailto:maratonas.vilniaus.tiltai@gmail.com\">maratomanija@gmail.com.<\/a><\/span><\/li>\n<li><span style=\"color: #000000;\">Dalyvis savo pasirinkt\u0105 tras\u0105 turi \u012fveikti gruod\u017eio 25-31d. dienomis. Rezultatai patvirtinami, tikslinami bei \u012ftraukiami \u012f protokol\u0105 iki 2026 m. sausio 1 dienos 18.00val.<\/span><\/li>\n<li><span style=\"color: #000000;\">J\u016bs\u0173 pasiektas rezultatas bus vie\u0161ai skelbiamas oficialiame var\u017eyb\u0173 protokole ir var\u017eyb\u0173 puslapyje, skiltyje \u201eRezultatai\u201c.<\/span><\/li>\n<li><span style=\"color: #000000;\">Fini\u0161avus &#8222;B\u0117gimas \u012f Naujus 2027\u201d virtualiame b\u0117gime ir pateikus rezultat\u0105, Jums J\u016bs\u0173 nurodytu pa\u0161tu bus i\u0161si\u0173stas medalis (susimok\u0117jus siuntimo mokest\u012f: siun\u010diant Lietuvoje \u2013 6\u20ac, siun\u010diant u\u017esienyje \u2013 8\u20ac).\u00a0 Dalyviai, norintys gauti medal\u012f pa\u0161tu, privalo kartu su rezultatu para\u0161yti savo adres\u0105 ir telefono numer\u012f \u012f el.pa\u0161t\u0105: <a style=\"color: #000000;\" href=\"mailto:maratonas.vilniaus.tiltai@gmail.com\">maratomanija@gmail.com<\/a>. Dalyvio medaliai bus atsi\u0173sti iki 2027-01-31.<\/span><\/li>\n<\/ol>\n<p><span style=\"color: #000000;\"><strong>XIII. ASMENS DUOMEN\u0172 TVARKYMAS<\/strong><\/span><br \/>\n<span style=\"color: #000000;\">1. Kiekvienas u\u017esiregistrav\u0119s dalyvis, registruodamasis savaime sutinka, kad renginio organizatoriai visas renginio metu padarytas nuotraukas bei filmuot\u0105 med\u017eiag\u0105 gali laisvai ir be atskiro sutikimo naudoti rinkodaros tikslais.<\/span><br \/>\n<span style=\"color: #000000;\">2. Dalyvi\u0173 asmens duomenys: vardas, pavard\u0117, gimimo data, am\u017eius, lytis, klubas, miestas ir pasiektas rezultatas gali b\u016bti vie\u0161ai skelbiami rezultatuose internete ir kituose informaciniuose prane\u0161imuose apie \u0161\u012f b\u0117gim\u0105.<\/span><br \/>\n<span style=\"color: #000000;\">3. Asmeniniai duomenys naudojami var\u017eyb\u0173 organizavimo ir administravimo tikslais.<\/span><br \/>\n<span style=\"color: #000000;\">4. Duomenys apie dalyvio vard\u0105, pavard\u0119, gimimo dat\u0105, lyt\u012f, miest\u0105, rezultatas n\u0117ra i\u0161trinami ir saugomi statistikos, istoriniais tikslais.<\/span><br \/>\n<span style=\"color: #000000;\">Jei duomenys tvarkomi tiesiogin\u0117s rinkodaros tikslais, dalyvis gali nesutikti su tokiu tvarkymu, informav\u0119s el.pa\u0161to adresu maratomanija@gmail.com.<\/span><\/p>\n<p><span style=\"color: #000000;\"><strong>XII. BAIGIAMOSIOS NUOSTATOS<\/strong><\/span><\/p>\n<p><span style=\"color: #000000;\">B\u0117gimo organizatoriai pasilieka teis\u0119, reikalui esant, keisti var\u017eyb\u0173 taisykles.<\/span><\/p>\n<p><span style=\"color: #000000;\">Kilus klausimams galite skambinti: +370 615 32233.Taip pat galite ra\u0161yti maratomanija@gmail.com.<\/span><\/p>\n<p><span style=\"color: #000000;\">https:\/\/www.maratomanija.lt\/<\/span><\/p>\n","protected":false},"excerpt":{"rendered":"<p>B\u0117gimas \u012f Naujus 2027 \ud83c\udf86 B\u0116GIMAS \u012e NAUJUOSIUS 2027 \ud83c\udf86 Kai senieji metai baigiasi ne laikrod\u017eio d\u016b\u017eiu, o paskutiniu \u017eingsniu trasoje. Tai jau ne \u0161iaip b\u0117gimas. Tai atsisveikinimas su 2026-aisiais ir startas \u012f 2027-uosius \u2013 su \u0161viesa, judesiu ir bendryste. \ud83c\udfc3\u200d\u2642\ufe0f \u010cia b\u0117gama ne d\u0117l sekund\u017ei\u0173. \ud83e\udd1d \u010cia b\u0117gama kartu \u2013 \u0161eimos, draugai, komandos. \ud83d\udd25 [&hellip;]<\/p>\n","protected":false},"author":2,"featured_media":0,"parent":0,"menu_order":0,"comment_status":"closed","ping_status":"closed","template":"","meta":{"footnotes":""},"class_list":["post-190","page","type-page","status-publish","hentry"],"_links":{"self":[{"href":"https:\/\/www.myrace.lt\/naujimetai\/wp-json\/wp\/v2\/pages\/190","targetHints":{"allow":["GET"]}}],"collection":[{"href":"https:\/\/www.myrace.lt\/naujimetai\/wp-json\/wp\/v2\/pages"}],"about":[{"href":"https:\/\/www.myrace.lt\/naujimetai\/wp-json\/wp\/v2\/types\/page"}],"author":[{"embeddable":true,"href":"https:\/\/www.myrace.lt\/naujimetai\/wp-json\/wp\/v2\/users\/2"}],"replies":[{"embeddable":true,"href":"https:\/\/www.myrace.lt\/naujimetai\/wp-json\/wp\/v2\/comments?post=190"}],"version-history":[{"count":96,"href":"https:\/\/www.myrace.lt\/naujimetai\/wp-json\/wp\/v2\/pages\/190\/revisions"}],"predecessor-version":[{"id":476,"href":"https:\/\/www.myrace.lt\/naujimetai\/wp-json\/wp\/v2\/pages\/190\/revisions\/476"}],"wp:attachment":[{"href":"https:\/\/www.myrace.lt\/naujimetai\/wp-json\/wp\/v2\/media?parent=190"}],"curies":[{"name":"wp","href":"https:\/\/api.w.org\/{rel}","templated":true}]}}