{"id":179,"date":"2023-10-12T14:11:26","date_gmt":"2023-10-12T11:11:26","guid":{"rendered":"https:\/\/www.myrace.lt\/naujimetai\/?page_id=179"},"modified":"2025-12-29T22:36:21","modified_gmt":"2025-12-29T20:36:21","slug":"archyvas","status":"publish","type":"page","link":"https:\/\/www.myrace.lt\/naujimetai\/archyvas\/","title":{"rendered":"ARCHYVAS"},"content":{"rendered":"<h3 style=\"text-align: left;\"><strong>B\u0117gimas \u012f Naujus 2022<\/strong> (2025.12.28)<\/h3>\n<table style=\"border-collapse: collapse; width: 75%;\">\n<tbody>\n<tr style=\"background: #65f3df14;\">\n<td style=\"width: 40%;\"><img loading=\"lazy\" decoding=\"async\" class=\"wp-image-449 size-medium aligncenter\" src=\"https:\/\/www.myrace.lt\/naujimetai\/wp-content\/uploads\/sites\/16\/2025\/12\/nauji26-300x300.jpg\" alt=\"\" width=\"300\" height=\"300\" srcset=\"https:\/\/www.myrace.lt\/naujimetai\/wp-content\/uploads\/sites\/16\/2025\/12\/nauji26-300x300.jpg 300w, https:\/\/www.myrace.lt\/naujimetai\/wp-content\/uploads\/sites\/16\/2025\/12\/nauji26-150x150.jpg 150w, https:\/\/www.myrace.lt\/naujimetai\/wp-content\/uploads\/sites\/16\/2025\/12\/nauji26-768x768.jpg 768w, https:\/\/www.myrace.lt\/naujimetai\/wp-content\/uploads\/sites\/16\/2025\/12\/nauji26-285x285.jpg 285w, https:\/\/www.myrace.lt\/naujimetai\/wp-content\/uploads\/sites\/16\/2025\/12\/nauji26.jpg 940w\" sizes=\"auto, (max-width: 300px) 100vw, 300px\" \/><\/td>\n<td style=\"width: 60%;\">\n<ul style=\"list-style-type: square;\">\n<li style=\"list-style-type: none;\">\n<ul style=\"list-style-type: square;\">\n<li><a href=\"https:\/\/www.lbma.lt\/results\/rezultatai.php?race=545\" target=\"_blank\" rel=\"noopener noreferrer\">Rezultatai<\/a><\/li>\n<li><a href=\"https:\/\/www.myrace.lt\/naujimetai\/rezultatai\/rezultatai-2026\/\" target=\"_blank\" rel=\"noopener\">Diplomai<\/a><\/li>\n<li><a href=\"https:\/\/www.facebook.com\/media\/set\/?set=a.1553308122824635&amp;type=3\" target=\"_blank\" rel=\"noopener\">Foto &#8211; albumas Andrey Jay<\/a><\/li>\n<\/ul>\n<\/li>\n<\/ul>\n<\/td>\n<\/tr>\n<\/tbody>\n<\/table>\n<p>&nbsp;<\/p>\n<h3 style=\"text-align: left;\"><strong>B\u0117gimas \u012f Naujus 2025<\/strong> (2024.12.28)<\/h3>\n<table style=\"border-collapse: collapse; width: 75%;\">\n<tbody>\n<tr style=\"background: #65f3df14;\">\n<td style=\"width: 40%;\"><img loading=\"lazy\" decoding=\"async\" class=\"size-medium wp-image-373 aligncenter\" src=\"https:\/\/www.myrace.lt\/naujimetai\/wp-content\/uploads\/sites\/16\/2025\/02\/maratonas.nauji-2-300x300.jpg\" alt=\"\" width=\"300\" height=\"300\" srcset=\"https:\/\/www.myrace.lt\/naujimetai\/wp-content\/uploads\/sites\/16\/2025\/02\/maratonas.nauji-2-300x300.jpg 300w, https:\/\/www.myrace.lt\/naujimetai\/wp-content\/uploads\/sites\/16\/2025\/02\/maratonas.nauji-2-150x150.jpg 150w, https:\/\/www.myrace.lt\/naujimetai\/wp-content\/uploads\/sites\/16\/2025\/02\/maratonas.nauji-2-768x768.jpg 768w, https:\/\/www.myrace.lt\/naujimetai\/wp-content\/uploads\/sites\/16\/2025\/02\/maratonas.nauji-2-285x285.jpg 285w, https:\/\/www.myrace.lt\/naujimetai\/wp-content\/uploads\/sites\/16\/2025\/02\/maratonas.nauji-2.jpg 940w\" sizes=\"auto, (max-width: 300px) 100vw, 300px\" \/><\/td>\n<td style=\"width: 60%;\">\n<ul style=\"list-style-type: square;\">\n<li style=\"list-style-type: none;\">\n<ul style=\"list-style-type: square;\">\n<li><a href=\"https:\/\/www.myrace.lt\/naujimetai\/nuostatai-begimas-i-naujus-2024\" target=\"_blank\" rel=\"noopener\">Nuostatai<\/a><\/li>\n<li><a href=\"https:\/\/www.myrace.lt\/naujimetai\/trasa\/trasa-begimas-i-naujus-2024\" target=\"_blank\" rel=\"noopener\">Trasa<\/a><\/li>\n<li style=\"text-align: left;\"><a href=\"https:\/\/www.lbma.lt\/results\/rezultatai.php?race=304\" target=\"_blank\" rel=\"noopener noreferrer\">Rezultatai<\/a><\/li>\n<li><a href=\"https:\/\/www.myrace.lt\/naujimetai\/rezultatai-2025\" target=\"_blank\" rel=\"noopener\">Diplomai<\/a><\/li>\n<li><a href=\"https:\/\/www.facebook.com\/media\/set\/?set=a.1236440651178052&amp;type=3\" target=\"_blank\" rel=\"noopener\">Foto &#8211; I albumas Andrey Jay<\/a><\/li>\n<li><a href=\"https:\/\/www.facebook.com\/media\/set\/?set=a.1236917381130379&amp;type=3\" target=\"_blank\" rel=\"noopener\">Foto &#8211; II albumas Alius Sultanovas<\/a><\/li>\n<li><a href=\"https:\/\/www.facebook.com\/media\/set\/?set=a.1237574934397957&amp;type=3\" target=\"_blank\" rel=\"noopener\">Foto &#8211; III albumas Daiva \u0160omkait\u0117-\u0160imonien\u0117<\/a><\/li>\n<\/ul>\n<\/li>\n<\/ul>\n<\/td>\n<\/tr>\n<\/tbody>\n<\/table>\n<p>&nbsp;<\/p>\n<h3 style=\"text-align: left;\"><strong>B\u0117gimas \u012f Naujus 2024<\/strong> (2023.12.31)<\/h3>\n<table style=\"border-collapse: collapse; width: 75%;\">\n<tbody>\n<tr style=\"background: #65f3df14;\">\n<td style=\"width: 40%;\"><img loading=\"lazy\" decoding=\"async\" class=\"aligncenter wp-image-203\" style=\"padding-right: 10px;\" src=\"https:\/\/www.myrace.lt\/pictures\/naujimetai23.jpg\" alt=\"\" width=\"247\" height=\"186\" \/><\/td>\n<td style=\"width: 60%;\">\n<ul style=\"list-style-type: square;\">\n<li><a href=\"https:\/\/www.myrace.lt\/naujimetai\/dalyviai-begimas-i-naujus-2024\" target=\"_blank\" rel=\"noopener noreferrer\">Dalyviai, u\u017esiregistrav\u0119 internetu<\/a><\/li>\n<li><a href=\"https:\/\/www.myrace.lt\/naujimetai\/nuostatai-begimas-i-naujus-2024\" target=\"_blank\" rel=\"noopener\">Nuostatai<\/a><\/li>\n<li><a href=\"https:\/\/www.myrace.lt\/naujimetai\/trasa\/trasa-begimas-i-naujus-2024\" target=\"_blank\" rel=\"noopener\">Trasa<\/a><\/li>\n<li style=\"text-align: left;\"><a href=\"https:\/\/www.lbma.lt\/results\/rezultatai.php?race=304\" target=\"_blank\" rel=\"noopener noreferrer\">Rezultatai<\/a><\/li>\n<li><a href=\"https:\/\/www.myrace.lt\/naujimetai\/rezultatai-2024\" target=\"_blank\" rel=\"noopener\">Diplomai<\/a><\/li>\n<li><a href=\"https:\/\/www.facebook.com\/media\/set?vanity=maratomanija&amp;set=a.977970807025039\" target=\"_blank\" rel=\"noopener\">Fotogalerija<\/a><\/li>\n<li>Spauda apie rengin\u012f: <a href=\"https:\/\/sportas24.lt\/lengvoji-atletika\/begikus-renginyje-i-naujus-2024-kujagalviuose-aplanke-ir-du-kaledu-seneliai\/\" target=\"_blank\" rel=\"noopener\">www.sportas.lt<\/a><\/li>\n<\/ul>\n<\/td>\n<\/tr>\n<\/tbody>\n<\/table>\n<h3 style=\"text-align: left;\"><strong>B\u0117gimas \u012f Naujus 2022<\/strong> (2021.12.31)<\/h3>\n<table style=\"border-collapse: collapse; width: 75%;\">\n<tbody>\n<tr style=\"background: #65f3df14;\">\n<td style=\"width: 40%;\"><img loading=\"lazy\" decoding=\"async\" class=\"aligncenter wp-image-203\" style=\"padding-right: 10px;\" src=\"https:\/\/www.myrace.lt\/pictures\/naujimetai21.jpg\" alt=\"\" width=\"247\" height=\"186\" \/><\/td>\n<td style=\"width: 60%;\">\n<ul style=\"list-style-type: square;\">\n<li><a href=\"https:\/\/www.myrace.lt\/naujimetai\/dalyviai-begimas-i-naujus-2022\" target=\"_blank\" rel=\"noopener noreferrer\">Dalyviai, u\u017esiregistrav\u0119 internetu<\/a><\/li>\n<li><a href=\"https:\/\/www.myrace.lt\/naujimetai\/nuostatai-2022\" target=\"_blank\" rel=\"noopener\">Nuostatai<\/a><\/li>\n<li><a href=\"https:\/\/www.myrace.lt\/naujimetai\/rezultatai-2022\" target=\"_blank\" rel=\"noopener\">Diplomai<\/a><\/li>\n<li><a href=\"https:\/\/www.facebook.com\/media\/set\/?set=a.2999432283649666&amp;type=3\" target=\"_blank\" rel=\"noopener\">Fotogalerija<\/a><\/li>\n<li>Spauda apie rengin\u012f: <a href=\"https:\/\/sportas24.lt\/lengvoji-atletika\/kujagalviuose-sportininkai-i-naujuosius-metus-ledine-trasa-bego-zvakiu-sviesoje\" target=\"_blank\" rel=\"noopener\">www.sportas.lt<\/a><\/li>\n<\/ul>\n<\/td>\n<\/tr>\n<\/tbody>\n<\/table>\n<p>&nbsp;<\/p>\n","protected":false},"excerpt":{"rendered":"<p>B\u0117gimas \u012f Naujus 2022 (2025.12.28) Rezultatai Diplomai Foto &#8211; albumas Andrey Jay &nbsp; B\u0117gimas \u012f Naujus 2025 (2024.12.28) Nuostatai Trasa Rezultatai Diplomai Foto &#8211; I albumas Andrey Jay Foto &#8211; II albumas Alius Sultanovas Foto &#8211; III albumas Daiva \u0160omkait\u0117-\u0160imonien\u0117 &nbsp; B\u0117gimas \u012f Naujus 2024 (2023.12.31) Dalyviai, u\u017esiregistrav\u0119 internetu Nuostatai Trasa Rezultatai Diplomai Fotogalerija Spauda [&hellip;]<\/p>\n","protected":false},"author":2,"featured_media":0,"parent":0,"menu_order":0,"comment_status":"closed","ping_status":"closed","template":"","meta":{"footnotes":""},"class_list":["post-179","page","type-page","status-publish","hentry"],"_links":{"self":[{"href":"https:\/\/www.myrace.lt\/naujimetai\/wp-json\/wp\/v2\/pages\/179","targetHints":{"allow":["GET"]}}],"collection":[{"href":"https:\/\/www.myrace.lt\/naujimetai\/wp-json\/wp\/v2\/pages"}],"about":[{"href":"https:\/\/www.myrace.lt\/naujimetai\/wp-json\/wp\/v2\/types\/page"}],"author":[{"embeddable":true,"href":"https:\/\/www.myrace.lt\/naujimetai\/wp-json\/wp\/v2\/users\/2"}],"replies":[{"embeddable":true,"href":"https:\/\/www.myrace.lt\/naujimetai\/wp-json\/wp\/v2\/comments?post=179"}],"version-history":[{"count":19,"href":"https:\/\/www.myrace.lt\/naujimetai\/wp-json\/wp\/v2\/pages\/179\/revisions"}],"predecessor-version":[{"id":450,"href":"https:\/\/www.myrace.lt\/naujimetai\/wp-json\/wp\/v2\/pages\/179\/revisions\/450"}],"wp:attachment":[{"href":"https:\/\/www.myrace.lt\/naujimetai\/wp-json\/wp\/v2\/media?parent=179"}],"curies":[{"name":"wp","href":"https:\/\/api.w.org\/{rel}","templated":true}]}}