{"id":964,"date":"2025-03-02T16:20:38","date_gmt":"2025-03-02T14:20:38","guid":{"rendered":"https:\/\/www.myrace.lt\/maratonadienis\/?page_id=964"},"modified":"2025-03-08T21:47:04","modified_gmt":"2025-03-08T19:47:04","slug":"rezultatai-maratonadienis-19","status":"publish","type":"page","link":"https:\/\/www.myrace.lt\/maratonadienis\/rezultatai\/rezultatai-maratonadienis-19\/","title":{"rendered":"Rezultatai (Maratonadienis #19 | 2025.03.29)"},"content":{"rendered":"<style type=\"text\/css\">\ntd {\n\tborder: 1px solid #ddd;\n\tpadding: 2px;\n\tvertical-align: middle;\n  }\n}\n<\/style>\n\n\n\t<link rel=\"stylesheet\" type=\"text\/css\" href=\"\/registravimas\/tools\/color_myrace.css\" \/>\n\t<link rel=\"stylesheet\" type=\"text\/css\" href=\"\/registravimas\/tools\/rezultatai.css\" \/><div><form name=\"f_distancija\">Pasirinkite distancij\u0105: <select style=\"width: 320px\" id=\"filtrai\" onchange=\"distancija()\"><option value=\"0\" selected=\"selected\">Visos distancijos<\/option><option value=\"1\">Maratonas<\/option><option value=\"2\"> Pusmaratonis<\/option><option value=\"3\"> 12.7 km<\/option><option value=\"4\"> 8.4 km<\/option><option value=\"5\"> 4.2 km<\/option><\/select>\n\t<\/form>\n\t<script type=\"text\/javascript\">function distancija() {filtras=document.f_distancija.filtrai.value;document.location.href = \"?distancija=\" + filtras;}\n\t<\/script><\/div><div style=\"overflow-x:auto;\"><table class=\"rezai\" width=\"1024px\" border=\"1\" cellspacing=\"0\" cellpadding=\"2\"><tr class=\"rezai\"><th width=\"40px\"><a href=\"?pagal=id\">Eil.<br\/>Nr.<\/a><\/th><th width=\"70\">Diplomas<\/th><th width=\"40px\"><a href=\"?pagal=nr\">Nr.<\/a><\/th><th width=\"70px\"><a href=\"?pagal=vardas\">Vardas<\/a><\/th><th width=\"70px\"><a href=\"?pagal=pavarde\">Pavard\u0117<\/a><\/th><th width=\"40px\"><a href=\"?pagal=lytis\">Lytis<\/a><\/th><th width=\"50px\"><a href=\"?pagal=gimimo\">Gimimo<br\/>metai<\/a><\/th><th width=\"50px\"><a href=\"?pagal=salis\">\u0160alis<\/a><\/th><th width=\"100px\"><a href=\"?pagal=miestas\">Miestas<\/a><\/th><th width=\"150px\"><a href=\"?pagal=klubas\">Klubas<\/a><\/th><th width=\"100px\"><a href=\"?pagal=distancija\">Distancija<\/a><\/th><th width=\"60px\"><a href=\"?pagal=rezultatas\">Rezultatas<\/a><\/th><th width=\"50px\"><a href=\"?pagal=greitis\">1 km greitis<\/a><\/th><\/tr><tr class=\"meniuoff\" onmouseover=\"className=&quot;meniuon&quot;\" onmouseout=\"className=&quot;meniuoff&quot;\"><td width=\"40px\">1.<\/td><td><a href=\"https:\/\/www.myrace.lt\/diplomas\/diplomas.php?id=13532\" target=\"_blank\">\n\t\t\t\t\t\t\t<img decoding=\"async\" src=\"\/diplomas\/diplomai\/ico-m19.jpg\"><\/a><\/td><td width=\"40px\">176<\/td><td style=\"text-align: right; padding-right: 10px;\" width=\"70px\">Tomas<\/td><td style=\"text-align: left; padding-left: 10px;\" width=\"70px\">Rink\u016bnas<\/td><td width=\"40px\">V<\/td><td width=\"50px\">47<\/td><td width=\"50px\">LTU<\/td><td width=\"100px\">Vilnius<\/td><td width=\"150px\">Kauno BMK<\/td><td width=\"100px\">42.2<\/td><td width=\"60px\">3:04:04<\/td><td width=\"50px\">0:04:22<\/td><\/tr><tr class=\"meniuoff\" onmouseover=\"className=&quot;meniuon&quot;\" onmouseout=\"className=&quot;meniuoff&quot;\"><td width=\"40px\">2.<\/td><td><a href=\"https:\/\/www.myrace.lt\/diplomas\/diplomas.php?id=13533\" target=\"_blank\">\n\t\t\t\t\t\t\t<img decoding=\"async\" src=\"\/diplomas\/diplomai\/ico-m19.jpg\"><\/a><\/td><td width=\"40px\">178<\/td><td style=\"text-align: right; padding-right: 10px;\" width=\"70px\">Donatas<\/td><td style=\"text-align: left; padding-left: 10px;\" width=\"70px\">\u0160ernius<\/td><td width=\"40px\">V<\/td><td width=\"50px\">41<\/td><td width=\"50px\">LTU<\/td><td width=\"100px\">Vilnius<\/td><td width=\"150px\">Maratomanija<\/td><td width=\"100px\">42.2<\/td><td width=\"60px\">3:37:03<\/td><td width=\"50px\">0:05:09<\/td><\/tr><tr class=\"meniuoff\" onmouseover=\"className=&quot;meniuon&quot;\" onmouseout=\"className=&quot;meniuoff&quot;\"><td width=\"40px\">3.<\/td><td><a href=\"https:\/\/www.myrace.lt\/diplomas\/diplomas.php?id=13534\" target=\"_blank\">\n\t\t\t\t\t\t\t<img decoding=\"async\" src=\"\/diplomas\/diplomai\/ico-m19.jpg\"><\/a><\/td><td width=\"40px\">179<\/td><td style=\"text-align: right; padding-right: 10px;\" width=\"70px\">Valdas<\/td><td style=\"text-align: left; padding-left: 10px;\" width=\"70px\">\u0160mai\u017eys<\/td><td width=\"40px\">V<\/td><td width=\"50px\">51<\/td><td width=\"50px\">LTU<\/td><td width=\"100px\">Vilnius<\/td><td width=\"150px\">Maratomanija<\/td><td width=\"100px\">42.2<\/td><td width=\"60px\">3:37:03<\/td><td width=\"50px\">0:05:09<\/td><\/tr><tr class=\"meniuoff\" onmouseover=\"className=&quot;meniuon&quot;\" onmouseout=\"className=&quot;meniuoff&quot;\"><td width=\"40px\">4.<\/td><td><a href=\"https:\/\/www.myrace.lt\/diplomas\/diplomas.php?id=13535\" target=\"_blank\">\n\t\t\t\t\t\t\t<img decoding=\"async\" src=\"\/diplomas\/diplomai\/ico-m19.jpg\"><\/a><\/td><td width=\"40px\">172<\/td><td style=\"text-align: right; padding-right: 10px;\" width=\"70px\">\u017dilvinas<\/td><td style=\"text-align: left; padding-left: 10px;\" width=\"70px\">Meldaikis<\/td><td width=\"40px\">V<\/td><td width=\"50px\">47<\/td><td width=\"50px\">LTU<\/td><td width=\"100px\">Kaunas<\/td><td width=\"150px\">Maratomanija<\/td><td width=\"100px\">42.2<\/td><td width=\"60px\">3:46:43<\/td><td width=\"50px\">0:05:22<\/td><\/tr><tr class=\"meniuoff\" onmouseover=\"className=&quot;meniuon&quot;\" onmouseout=\"className=&quot;meniuoff&quot;\"><td width=\"40px\">5.<\/td><td><a href=\"https:\/\/www.myrace.lt\/diplomas\/diplomas.php?id=13536\" target=\"_blank\">\n\t\t\t\t\t\t\t<img decoding=\"async\" src=\"\/diplomas\/diplomai\/ico-m19.jpg\"><\/a><\/td><td width=\"40px\">163<\/td><td style=\"text-align: right; padding-right: 10px;\" width=\"70px\">Gintaras<\/td><td style=\"text-align: left; padding-left: 10px;\" width=\"70px\">Gedvilas<\/td><td width=\"40px\">V<\/td><td width=\"50px\">64<\/td><td width=\"50px\">LTU<\/td><td width=\"100px\">Vilnius<\/td><td width=\"150px\">LTU Trail Running People<\/td><td width=\"100px\">42.2<\/td><td width=\"60px\">3:54:35<\/td><td width=\"50px\">0:05:34<\/td><\/tr><tr class=\"meniuoff\" onmouseover=\"className=&quot;meniuon&quot;\" onmouseout=\"className=&quot;meniuoff&quot;\"><td width=\"40px\">6.<\/td><td><a href=\"https:\/\/www.myrace.lt\/diplomas\/diplomas.php?id=13537\" target=\"_blank\">\n\t\t\t\t\t\t\t<img decoding=\"async\" src=\"\/diplomas\/diplomai\/ico-m19.jpg\"><\/a><\/td><td width=\"40px\">158<\/td><td style=\"text-align: right; padding-right: 10px;\" width=\"70px\">Ri\u010dardas<\/td><td style=\"text-align: left; padding-left: 10px;\" width=\"70px\">\u010cere\u0161ka<\/td><td width=\"40px\">V<\/td><td width=\"50px\">59<\/td><td width=\"50px\">LTU<\/td><td width=\"100px\">Panev\u0117\u017eys<\/td><td width=\"150px\">Maratomanija<\/td><td width=\"100px\">42.2<\/td><td width=\"60px\">3:55:40<\/td><td width=\"50px\">0:05:35<\/td><\/tr><tr class=\"meniuoff\" onmouseover=\"className=&quot;meniuon&quot;\" onmouseout=\"className=&quot;meniuoff&quot;\"><td width=\"40px\">7.<\/td><td><a href=\"https:\/\/www.myrace.lt\/diplomas\/diplomas.php?id=13538\" target=\"_blank\">\n\t\t\t\t\t\t\t<img decoding=\"async\" src=\"\/diplomas\/diplomai\/ico-m19.jpg\"><\/a><\/td><td width=\"40px\">167<\/td><td style=\"text-align: right; padding-right: 10px;\" width=\"70px\">Audrius<\/td><td style=\"text-align: left; padding-left: 10px;\" width=\"70px\">Jankauskas<\/td><td width=\"40px\">V<\/td><td width=\"50px\">54<\/td><td width=\"50px\">LTU<\/td><td width=\"100px\">Raseiniai<\/td><td width=\"150px\">Maratomanija<\/td><td width=\"100px\">42.2<\/td><td width=\"60px\">4:02:50<\/td><td width=\"50px\">0:05:45<\/td><\/tr><tr class=\"meniuoff\" onmouseover=\"className=&quot;meniuon&quot;\" onmouseout=\"className=&quot;meniuoff&quot;\"><td width=\"40px\">8.<\/td><td><a href=\"https:\/\/www.myrace.lt\/diplomas\/diplomas.php?id=13539\" target=\"_blank\">\n\t\t\t\t\t\t\t<img decoding=\"async\" src=\"\/diplomas\/diplomai\/ico-m19.jpg\"><\/a><\/td><td width=\"40px\">156<\/td><td style=\"text-align: right; padding-right: 10px;\" width=\"70px\">Tadas<\/td><td style=\"text-align: left; padding-left: 10px;\" width=\"70px\">Beniulis<\/td><td width=\"40px\">V<\/td><td width=\"50px\">46<\/td><td width=\"50px\">LTU<\/td><td width=\"100px\">Vilnius<\/td><td width=\"150px\">Maratomanija<\/td><td width=\"100px\">42.2<\/td><td width=\"60px\">4:21:40<\/td><td width=\"50px\">0:06:12<\/td><\/tr><tr class=\"meniuoff\" onmouseover=\"className=&quot;meniuon&quot;\" onmouseout=\"className=&quot;meniuoff&quot;\"><td width=\"40px\">9.<\/td><td><a href=\"https:\/\/www.myrace.lt\/diplomas\/diplomas.php?id=13540\" target=\"_blank\">\n\t\t\t\t\t\t\t<img decoding=\"async\" src=\"\/diplomas\/diplomai\/ico-m19.jpg\"><\/a><\/td><td width=\"40px\">171<\/td><td style=\"text-align: right; padding-right: 10px;\" width=\"70px\">Edvardas<\/td><td style=\"text-align: left; padding-left: 10px;\" width=\"70px\">Linkevicius<\/td><td width=\"40px\">V<\/td><td width=\"50px\">62<\/td><td width=\"50px\">LTU<\/td><td width=\"100px\">Kaunas<\/td><td width=\"150px\">Jonavos Maratonas<\/td><td width=\"100px\">42.2<\/td><td width=\"60px\">5:18:33<\/td><td width=\"50px\">0:07:33<\/td><\/tr><tr class=\"meniuoff\" onmouseover=\"className=&quot;meniuon&quot;\" onmouseout=\"className=&quot;meniuoff&quot;\"><td width=\"40px\">10.<\/td><td><a href=\"https:\/\/www.myrace.lt\/diplomas\/diplomas.php?id=13541\" target=\"_blank\">\n\t\t\t\t\t\t\t<img decoding=\"async\" src=\"\/diplomas\/diplomai\/ico-m19.jpg\"><\/a><\/td><td width=\"40px\">151<\/td><td style=\"text-align: right; padding-right: 10px;\" width=\"70px\">Lina<\/td><td style=\"text-align: left; padding-left: 10px;\" width=\"70px\">Abromaityt\u0117-\u0160mai\u017e\u0117<\/td><td width=\"40px\">M<\/td><td width=\"50px\">46<\/td><td width=\"50px\">LTU<\/td><td width=\"100px\">Vilnius<\/td><td width=\"150px\">Maratomanija<\/td><td width=\"100px\">42.2<\/td><td width=\"60px\">5:46:58<\/td><td width=\"50px\">0:08:13<\/td><\/tr><tr class=\"meniuoff\" onmouseover=\"className=&quot;meniuon&quot;\" onmouseout=\"className=&quot;meniuoff&quot;\"><td width=\"40px\">11.<\/td><td><a href=\"https:\/\/www.myrace.lt\/diplomas\/diplomas.php?id=13542\" target=\"_blank\">\n\t\t\t\t\t\t\t<img decoding=\"async\" src=\"\/diplomas\/diplomai\/ico-m19.jpg\"><\/a><\/td><td width=\"40px\">168<\/td><td style=\"text-align: right; padding-right: 10px;\" width=\"70px\">Gitana<\/td><td style=\"text-align: left; padding-left: 10px;\" width=\"70px\">Januliene<\/td><td width=\"40px\">M<\/td><td width=\"50px\">50<\/td><td width=\"50px\">LTU<\/td><td width=\"100px\">Jurbarkas<\/td><td width=\"150px\">Maratomanija<\/td><td width=\"100px\">42.2<\/td><td width=\"60px\">5:56:43<\/td><td width=\"50px\">0:08:27<\/td><\/tr><tr class=\"meniuoff\" onmouseover=\"className=&quot;meniuon&quot;\" onmouseout=\"className=&quot;meniuoff&quot;\"><td width=\"40px\">12.<\/td><td><a href=\"https:\/\/www.myrace.lt\/diplomas\/diplomas.php?id=13543\" target=\"_blank\">\n\t\t\t\t\t\t\t<img decoding=\"async\" src=\"\/diplomas\/diplomai\/ico-m19.jpg\"><\/a><\/td><td width=\"40px\">225<\/td><td style=\"text-align: right; padding-right: 10px;\" width=\"70px\">Vidmantas<\/td><td style=\"text-align: left; padding-left: 10px;\" width=\"70px\">Rugienius<\/td><td width=\"40px\">V<\/td><td width=\"50px\">52<\/td><td width=\"50px\">LTU<\/td><td width=\"100px\">Marijampol\u0117<\/td><td width=\"150px\">Maratomanija<\/td><td width=\"100px\">42.2<\/td><td width=\"60px\">6:39:56<\/td><td width=\"50px\">0:09:29<\/td><\/tr><tr class=\"meniuoff\" onmouseover=\"className=&quot;meniuon&quot;\" onmouseout=\"className=&quot;meniuoff&quot;\"><td width=\"40px\">13.<\/td><td><a href=\"https:\/\/www.myrace.lt\/diplomas\/diplomas.php?id=13544\" target=\"_blank\">\n\t\t\t\t\t\t\t<img decoding=\"async\" src=\"\/diplomas\/diplomai\/ico-m19.jpg\"><\/a><\/td><td width=\"40px\">155<\/td><td style=\"text-align: right; padding-right: 10px;\" width=\"70px\">Ieva<\/td><td style=\"text-align: left; padding-left: 10px;\" width=\"70px\">Bal\u010di\u016bnien\u0117<\/td><td width=\"40px\">M<\/td><td width=\"50px\">45<\/td><td width=\"50px\">LTU<\/td><td width=\"100px\">Kaunas<\/td><td width=\"150px\">Maratomanija<\/td><td width=\"100px\">21.2<\/td><td width=\"60px\">2:38:03<\/td><td width=\"50px\">0:07:27<\/td><\/tr><tr class=\"meniuoff\" onmouseover=\"className=&quot;meniuon&quot;\" onmouseout=\"className=&quot;meniuoff&quot;\"><td width=\"40px\">14.<\/td><td><a href=\"https:\/\/www.myrace.lt\/diplomas\/diplomas.php?id=13545\" target=\"_blank\">\n\t\t\t\t\t\t\t<img decoding=\"async\" src=\"\/diplomas\/diplomai\/ico-m19.jpg\"><\/a><\/td><td width=\"40px\">159<\/td><td style=\"text-align: right; padding-right: 10px;\" width=\"70px\">Rolandas<\/td><td style=\"text-align: left; padding-left: 10px;\" width=\"70px\">\u010ces\u016bnas<\/td><td width=\"40px\">V<\/td><td width=\"50px\">67<\/td><td width=\"50px\">LTU<\/td><td width=\"100px\">Vilnius<\/td><td width=\"150px\"><\/td><td width=\"100px\">21.1<\/td><td width=\"60px\">2:05:59<\/td><td width=\"50px\">0:05:58<\/td><\/tr><tr class=\"meniuoff\" onmouseover=\"className=&quot;meniuon&quot;\" onmouseout=\"className=&quot;meniuoff&quot;\"><td width=\"40px\">15.<\/td><td><a href=\"https:\/\/www.myrace.lt\/diplomas\/diplomas.php?id=13546\" target=\"_blank\">\n\t\t\t\t\t\t\t<img decoding=\"async\" src=\"\/diplomas\/diplomai\/ico-m19.jpg\"><\/a><\/td><td width=\"40px\">164<\/td><td style=\"text-align: right; padding-right: 10px;\" width=\"70px\">Nomeda<\/td><td style=\"text-align: left; padding-left: 10px;\" width=\"70px\">Grigalioniene<\/td><td width=\"40px\">M<\/td><td width=\"50px\">49<\/td><td width=\"50px\">LTU<\/td><td width=\"100px\">Panev\u0117\u017eys<\/td><td width=\"150px\"><\/td><td width=\"100px\">21.1<\/td><td width=\"60px\">2:41:44<\/td><td width=\"50px\">0:07:40<\/td><\/tr><tr class=\"meniuoff\" onmouseover=\"className=&quot;meniuon&quot;\" onmouseout=\"className=&quot;meniuoff&quot;\"><td width=\"40px\">16.<\/td><td><a href=\"https:\/\/www.myrace.lt\/diplomas\/diplomas.php?id=13547\" target=\"_blank\">\n\t\t\t\t\t\t\t<img decoding=\"async\" src=\"\/diplomas\/diplomai\/ico-m19.jpg\"><\/a><\/td><td width=\"40px\">161<\/td><td style=\"text-align: right; padding-right: 10px;\" width=\"70px\">Rita <\/td><td style=\"text-align: left; padding-left: 10px;\" width=\"70px\">Demereckien\u0117<\/td><td width=\"40px\">M<\/td><td width=\"50px\">38<\/td><td width=\"50px\">LTU<\/td><td width=\"100px\">Vilnius<\/td><td width=\"150px\">Maratomanija<\/td><td width=\"100px\">21.1<\/td><td width=\"60px\">2:47:28<\/td><td width=\"50px\">0:07:56<\/td><\/tr><tr class=\"meniuoff\" onmouseover=\"className=&quot;meniuon&quot;\" onmouseout=\"className=&quot;meniuoff&quot;\"><td width=\"40px\">17.<\/td><td><a href=\"https:\/\/www.myrace.lt\/diplomas\/diplomas.php?id=13548\" target=\"_blank\">\n\t\t\t\t\t\t\t<img decoding=\"async\" src=\"\/diplomas\/diplomai\/ico-m19.jpg\"><\/a><\/td><td width=\"40px\">177<\/td><td style=\"text-align: right; padding-right: 10px;\" width=\"70px\">Eimantas<\/td><td style=\"text-align: left; padding-left: 10px;\" width=\"70px\">Staliulionis<\/td><td width=\"40px\">V<\/td><td width=\"50px\">41<\/td><td width=\"50px\">LTU<\/td><td width=\"100px\">Vilnius<\/td><td width=\"150px\">Individualiai<\/td><td width=\"100px\">12.7<\/td><td width=\"60px\">1:05:47<\/td><td width=\"50px\">0:05:11<\/td><\/tr><tr class=\"meniuoff\" onmouseover=\"className=&quot;meniuon&quot;\" onmouseout=\"className=&quot;meniuoff&quot;\"><td width=\"40px\">18.<\/td><td><a href=\"https:\/\/www.myrace.lt\/diplomas\/diplomas.php?id=13549\" target=\"_blank\">\n\t\t\t\t\t\t\t<img decoding=\"async\" src=\"\/diplomas\/diplomai\/ico-m19.jpg\"><\/a><\/td><td width=\"40px\">152<\/td><td style=\"text-align: right; padding-right: 10px;\" width=\"70px\">Vytautas<\/td><td style=\"text-align: left; padding-left: 10px;\" width=\"70px\">Andru\u0161kevi\u010dius<\/td><td width=\"40px\">V<\/td><td width=\"50px\">41<\/td><td width=\"50px\">LTU<\/td><td width=\"100px\">Vilnius<\/td><td width=\"150px\"><\/td><td width=\"100px\">12.7<\/td><td width=\"60px\">1:15:20<\/td><td width=\"50px\">0:05:56<\/td><\/tr><tr class=\"meniuoff\" onmouseover=\"className=&quot;meniuon&quot;\" onmouseout=\"className=&quot;meniuoff&quot;\"><td width=\"40px\">19.<\/td><td><a href=\"https:\/\/www.myrace.lt\/diplomas\/diplomas.php?id=13550\" target=\"_blank\">\n\t\t\t\t\t\t\t<img decoding=\"async\" src=\"\/diplomas\/diplomai\/ico-m19.jpg\"><\/a><\/td><td width=\"40px\">157<\/td><td style=\"text-align: right; padding-right: 10px;\" width=\"70px\">Algis<\/td><td style=\"text-align: left; padding-left: 10px;\" width=\"70px\">Bielskus<\/td><td width=\"40px\">V<\/td><td width=\"50px\">70<\/td><td width=\"50px\">LTU<\/td><td width=\"100px\">Kauno R.<\/td><td width=\"150px\"><\/td><td width=\"100px\">12.7<\/td><td width=\"60px\">1:18:20<\/td><td width=\"50px\">0:06:10<\/td><\/tr><tr class=\"meniuoff\" onmouseover=\"className=&quot;meniuon&quot;\" onmouseout=\"className=&quot;meniuoff&quot;\"><td width=\"40px\">20.<\/td><td><a href=\"https:\/\/www.myrace.lt\/diplomas\/diplomas.php?id=13551\" target=\"_blank\">\n\t\t\t\t\t\t\t<img decoding=\"async\" src=\"\/diplomas\/diplomai\/ico-m19.jpg\"><\/a><\/td><td width=\"40px\">166<\/td><td style=\"text-align: right; padding-right: 10px;\" width=\"70px\">Aurelijus<\/td><td style=\"text-align: left; padding-left: 10px;\" width=\"70px\">Gutauskas<\/td><td width=\"40px\">V<\/td><td width=\"50px\">53<\/td><td width=\"50px\">LTU<\/td><td width=\"100px\">Vilnius<\/td><td width=\"150px\">Savaranki\u0161kai<\/td><td width=\"100px\">12.7<\/td><td width=\"60px\">1:19:41<\/td><td width=\"50px\">0:06:16<\/td><\/tr><tr class=\"meniuoff\" onmouseover=\"className=&quot;meniuon&quot;\" onmouseout=\"className=&quot;meniuoff&quot;\"><td width=\"40px\">21.<\/td><td><a href=\"https:\/\/www.myrace.lt\/diplomas\/diplomas.php?id=13552\" target=\"_blank\">\n\t\t\t\t\t\t\t<img decoding=\"async\" src=\"\/diplomas\/diplomai\/ico-m19.jpg\"><\/a><\/td><td width=\"40px\">162<\/td><td style=\"text-align: right; padding-right: 10px;\" width=\"70px\">Anita<\/td><td style=\"text-align: left; padding-left: 10px;\" width=\"70px\">Endriukaityt\u0117<\/td><td width=\"40px\">M<\/td><td width=\"50px\">44<\/td><td width=\"50px\">LTU<\/td><td width=\"100px\">Vilnius<\/td><td width=\"150px\">Take it Easy<\/td><td width=\"100px\">12.7<\/td><td width=\"60px\">1:23:31<\/td><td width=\"50px\">0:06:35<\/td><\/tr><tr class=\"meniuoff\" onmouseover=\"className=&quot;meniuon&quot;\" onmouseout=\"className=&quot;meniuoff&quot;\"><td width=\"40px\">22.<\/td><td><a href=\"https:\/\/www.myrace.lt\/diplomas\/diplomas.php?id=13553\" target=\"_blank\">\n\t\t\t\t\t\t\t<img decoding=\"async\" src=\"\/diplomas\/diplomai\/ico-m19.jpg\"><\/a><\/td><td width=\"40px\">160<\/td><td style=\"text-align: right; padding-right: 10px;\" width=\"70px\">Laima<\/td><td style=\"text-align: left; padding-left: 10px;\" width=\"70px\">\u010ces\u016bnien\u0117<\/td><td width=\"40px\">M<\/td><td width=\"50px\">66<\/td><td width=\"50px\">LTU<\/td><td width=\"100px\">Vilnius<\/td><td width=\"150px\"><\/td><td width=\"100px\">12.7<\/td><td width=\"60px\">2:03:30<\/td><td width=\"50px\">0:09:43<\/td><\/tr><tr class=\"meniuoff\" onmouseover=\"className=&quot;meniuon&quot;\" onmouseout=\"className=&quot;meniuoff&quot;\"><td width=\"40px\">23.<\/td><td><a href=\"https:\/\/www.myrace.lt\/diplomas\/diplomas.php?id=13554\" target=\"_blank\">\n\t\t\t\t\t\t\t<img decoding=\"async\" src=\"\/diplomas\/diplomai\/ico-m19.jpg\"><\/a><\/td><td width=\"40px\">154<\/td><td style=\"text-align: right; padding-right: 10px;\" width=\"70px\">Julija<\/td><td style=\"text-align: left; padding-left: 10px;\" width=\"70px\">Balabanskait\u0117<\/td><td width=\"40px\">M<\/td><td width=\"50px\">24<\/td><td width=\"50px\">LTU<\/td><td width=\"100px\">Vilnius<\/td><td width=\"150px\"><\/td><td width=\"100px\">8.4<\/td><td width=\"60px\">1:00:00<\/td><td width=\"50px\">0:07:09<\/td><\/tr><tr class=\"meniuoff\" onmouseover=\"className=&quot;meniuon&quot;\" onmouseout=\"className=&quot;meniuoff&quot;\"><td width=\"40px\">24.<\/td><td><a href=\"https:\/\/www.myrace.lt\/diplomas\/diplomas.php?id=13555\" target=\"_blank\">\n\t\t\t\t\t\t\t<img decoding=\"async\" src=\"\/diplomas\/diplomai\/ico-m19.jpg\"><\/a><\/td><td width=\"40px\">173<\/td><td style=\"text-align: right; padding-right: 10px;\" width=\"70px\">Aleksej<\/td><td style=\"text-align: left; padding-left: 10px;\" width=\"70px\">Muchliado<\/td><td width=\"40px\">V<\/td><td width=\"50px\">26<\/td><td width=\"50px\">LTU<\/td><td width=\"100px\">Vilnius<\/td><td width=\"150px\"><\/td><td width=\"100px\">8.4<\/td><td width=\"60px\">1:00:00<\/td><td width=\"50px\">0:07:09<\/td><\/tr><tr class=\"meniuoff\" onmouseover=\"className=&quot;meniuon&quot;\" onmouseout=\"className=&quot;meniuoff&quot;\"><td width=\"40px\">25.<\/td><td><a href=\"https:\/\/www.myrace.lt\/diplomas\/diplomas.php?id=13556\" target=\"_blank\">\n\t\t\t\t\t\t\t<img decoding=\"async\" src=\"\/diplomas\/diplomai\/ico-m19.jpg\"><\/a><\/td><td width=\"40px\">175<\/td><td style=\"text-align: right; padding-right: 10px;\" width=\"70px\">Deividas<\/td><td style=\"text-align: left; padding-left: 10px;\" width=\"70px\">Podobajevas<\/td><td width=\"40px\">V<\/td><td width=\"50px\">41<\/td><td width=\"50px\">LTU<\/td><td width=\"100px\">Vilnius<\/td><td width=\"150px\"><\/td><td width=\"100px\">8.4<\/td><td width=\"60px\">1:07:22<\/td><td width=\"50px\">0:08:01<\/td><\/tr><tr class=\"meniuoff\" onmouseover=\"className=&quot;meniuon&quot;\" onmouseout=\"className=&quot;meniuoff&quot;\"><td width=\"40px\">26.<\/td><td><a href=\"https:\/\/www.myrace.lt\/diplomas\/diplomas.php?id=13557\" target=\"_blank\">\n\t\t\t\t\t\t\t<img decoding=\"async\" src=\"\/diplomas\/diplomai\/ico-m19.jpg\"><\/a><\/td><td width=\"40px\">180<\/td><td style=\"text-align: right; padding-right: 10px;\" width=\"70px\">Giedr\u0117<\/td><td style=\"text-align: left; padding-left: 10px;\" width=\"70px\">\u017di\u010dk\u0117<\/td><td width=\"40px\">M<\/td><td width=\"50px\">46<\/td><td width=\"50px\">LTU<\/td><td width=\"100px\">Vilnius<\/td><td width=\"150px\">Maratomanija<\/td><td width=\"100px\">8.4<\/td><td width=\"60px\">1:07:31<\/td><td width=\"50px\">0:08:02<\/td><\/tr><tr class=\"meniuoff\" onmouseover=\"className=&quot;meniuon&quot;\" onmouseout=\"className=&quot;meniuoff&quot;\"><td width=\"40px\">27.<\/td><td><a href=\"https:\/\/www.myrace.lt\/diplomas\/diplomas.php?id=13558\" target=\"_blank\">\n\t\t\t\t\t\t\t<img decoding=\"async\" src=\"\/diplomas\/diplomai\/ico-m19.jpg\"><\/a><\/td><td width=\"40px\">174<\/td><td style=\"text-align: right; padding-right: 10px;\" width=\"70px\">Jurgita<\/td><td style=\"text-align: left; padding-left: 10px;\" width=\"70px\">Paulavi\u010di\u016bt\u0117<\/td><td width=\"40px\">M<\/td><td width=\"50px\">42<\/td><td width=\"50px\">LTU<\/td><td width=\"100px\">Vilnius<\/td><td width=\"150px\"><\/td><td width=\"100px\">4.2<\/td><td width=\"60px\">0:44:30<\/td><td width=\"50px\">0:10:36<\/td><\/tr><tr class=\"meniuoff\" onmouseover=\"className=&quot;meniuon&quot;\" onmouseout=\"className=&quot;meniuoff&quot;\"><td width=\"40px\">28.<\/td><td><a href=\"https:\/\/www.myrace.lt\/diplomas\/diplomas.php?id=13559\" target=\"_blank\">\n\t\t\t\t\t\t\t<img decoding=\"async\" src=\"\/diplomas\/diplomai\/ico-m19.jpg\"><\/a><\/td><td width=\"40px\">165<\/td><td style=\"text-align: right; padding-right: 10px;\" width=\"70px\">Olga<\/td><td style=\"text-align: left; padding-left: 10px;\" width=\"70px\">Gri\u0161kalauskait\u0117<\/td><td width=\"40px\">M<\/td><td width=\"50px\">41<\/td><td width=\"50px\">LTU<\/td><td width=\"100px\"><\/td><td width=\"150px\"><\/td><td width=\"100px\">4.2<\/td><td width=\"60px\">0:52:07<\/td><td width=\"50px\">0:12:25<\/td><\/tr><tr class=\"meniuoff\" onmouseover=\"className=&quot;meniuon&quot;\" onmouseout=\"className=&quot;meniuoff&quot;\"><td width=\"40px\">29.<\/td><td><a href=\"https:\/\/www.myrace.lt\/diplomas\/diplomas.php?id=13560\" target=\"_blank\">\n\t\t\t\t\t\t\t<img decoding=\"async\" src=\"\/diplomas\/diplomai\/ico-m19.jpg\"><\/a><\/td><td width=\"40px\">169<\/td><td style=\"text-align: right; padding-right: 10px;\" width=\"70px\">Rugile<\/td><td style=\"text-align: left; padding-left: 10px;\" width=\"70px\">Janulyte<\/td><td width=\"40px\">M<\/td><td width=\"50px\">11<\/td><td width=\"50px\">LTU<\/td><td width=\"100px\">Jurbarkaa<\/td><td width=\"150px\">Maratomanija<\/td><td width=\"100px\">4.2<\/td><td width=\"60px\">0:52:07<\/td><td width=\"50px\">0:12:25<\/td><\/tr><\/table><\/div>\n","protected":false},"excerpt":{"rendered":"","protected":false},"author":1,"featured_media":0,"parent":359,"menu_order":0,"comment_status":"closed","ping_status":"closed","template":"templates\/full-width-page.php","meta":{"footnotes":""},"class_list":["post-964","page","type-page","status-publish","hentry"],"_links":{"self":[{"href":"https:\/\/www.myrace.lt\/maratonadienis\/wp-json\/wp\/v2\/pages\/964","targetHints":{"allow":["GET"]}}],"collection":[{"href":"https:\/\/www.myrace.lt\/maratonadienis\/wp-json\/wp\/v2\/pages"}],"about":[{"href":"https:\/\/www.myrace.lt\/maratonadienis\/wp-json\/wp\/v2\/types\/page"}],"author":[{"embeddable":true,"href":"https:\/\/www.myrace.lt\/maratonadienis\/wp-json\/wp\/v2\/users\/1"}],"replies":[{"embeddable":true,"href":"https:\/\/www.myrace.lt\/maratonadienis\/wp-json\/wp\/v2\/comments?post=964"}],"version-history":[{"count":5,"href":"https:\/\/www.myrace.lt\/maratonadienis\/wp-json\/wp\/v2\/pages\/964\/revisions"}],"predecessor-version":[{"id":1009,"href":"https:\/\/www.myrace.lt\/maratonadienis\/wp-json\/wp\/v2\/pages\/964\/revisions\/1009"}],"up":[{"embeddable":true,"href":"https:\/\/www.myrace.lt\/maratonadienis\/wp-json\/wp\/v2\/pages\/359"}],"wp:attachment":[{"href":"https:\/\/www.myrace.lt\/maratonadienis\/wp-json\/wp\/v2\/media?parent=964"}],"curies":[{"name":"wp","href":"https:\/\/api.w.org\/{rel}","templated":true}]}}