{"id":871,"date":"2024-10-10T21:19:15","date_gmt":"2024-10-10T18:19:15","guid":{"rendered":"https:\/\/www.myrace.lt\/maratonadienis\/?page_id=871"},"modified":"2024-10-10T21:34:36","modified_gmt":"2024-10-10T18:34:36","slug":"dusimtinis","status":"publish","type":"page","link":"https:\/\/www.myrace.lt\/maratonadienis\/rezultatai\/dusimtinis\/","title":{"rendered":"Du\u0161imtinis (2024-10-05)"},"content":{"rendered":"<style type=\"text\/css\">\ntd {\n\tborder: 1px solid #ddd;\n\tpadding: 2px;\n\tvertical-align: middle;\n  }\n}\n<\/style>\n\n\n\t<link rel=\"stylesheet\" type=\"text\/css\" href=\"\/registravimas\/tools\/color_myrace.css\" \/>\n\t<link rel=\"stylesheet\" type=\"text\/css\" href=\"\/registravimas\/tools\/rezultatai.css\" \/><div><form name=\"f_distancija\">Pasirinkite distancij\u0105: <select style=\"width: 320px\" id=\"filtrai\" onchange=\"distancija()\"><option value=\"0\" selected=\"selected\">Visos distancijos<\/option><option value=\"1\">1km x ...<\/option><\/select>\n\t<\/form>\n\t<script type=\"text\/javascript\">function distancija() {filtras=document.f_distancija.filtrai.value;document.location.href = \"?distancija=\" + filtras;}\n\t<\/script><\/div><div style=\"overflow-x:auto;\"><table class=\"rezai\" width=\"1024px\" border=\"1\" cellspacing=\"0\" cellpadding=\"2\"><tr class=\"rezai\"><th width=\"40px\"><a href=\"?pagal=id\">Eil.<br\/>Nr.<\/a><\/th><th width=\"70\">Diplomas<\/th><th width=\"40px\"><a href=\"?pagal=nr\">Nr.<\/a><\/th><th width=\"70px\"><a href=\"?pagal=vardas\">Vardas<\/a><\/th><th width=\"70px\"><a href=\"?pagal=pavarde\">Pavard\u0117<\/a><\/th><th width=\"40px\"><a href=\"?pagal=lytis\">Lytis<\/a><\/th><th width=\"50px\"><a href=\"?pagal=gimimo\">Am\u017eius<\/a><\/th><th width=\"50px\"><a href=\"?pagal=salis\">\u0160alis<\/a><\/th><th width=\"100px\"><a href=\"?pagal=miestas\">Miestas<\/a><\/th><th width=\"150px\"><a href=\"?pagal=klubas\">Klubas<\/a><\/th><th width=\"100px\"><a href=\"?pagal=distancija\">Distancija<\/a><\/th><th width=\"60px\"><a href=\"?pagal=rezultatas\">Rezultatas<\/a><\/th><th width=\"50px\"><a href=\"?pagal=greitis\">1 km greitis<\/a><\/th><\/tr><tr class=\"meniuoff\" onmouseover=\"className=&quot;meniuon&quot;\" onmouseout=\"className=&quot;meniuoff&quot;\"><td width=\"40px\">1.<\/td><td><a href=\"https:\/\/www.myrace.lt\/diplomas\/diplomas.php?id=12614\" target=\"_blank\">\n\t\t\t\t\t\t\t<img decoding=\"async\" src=\"\/diplomas\/diplomai\/ico-200.gif\"><\/a><\/td><td width=\"40px\">201<\/td><td style=\"text-align: right; padding-right: 10px;\" width=\"70px\">Donatas <\/td><td style=\"text-align: left; padding-left: 10px;\" width=\"70px\">\u0160ernius<\/td><td width=\"40px\">V<\/td><td width=\"50px\">40<\/td><td width=\"50px\">LTU<\/td><td width=\"100px\">Vilnius<\/td><td width=\"150px\">Maratomanija<\/td><td width=\"100px\">42.2<\/td><td width=\"60px\">3:32:33<\/td><td width=\"50px\">0:05:02<\/td><\/tr><tr class=\"meniuoff\" onmouseover=\"className=&quot;meniuon&quot;\" onmouseout=\"className=&quot;meniuoff&quot;\"><td width=\"40px\">2.<\/td><td><a href=\"https:\/\/www.myrace.lt\/diplomas\/diplomas.php?id=12615\" target=\"_blank\">\n\t\t\t\t\t\t\t<img decoding=\"async\" src=\"\/diplomas\/diplomai\/ico-200.gif\"><\/a><\/td><td width=\"40px\">212<\/td><td style=\"text-align: right; padding-right: 10px;\" width=\"70px\">\u017dilvinas<\/td><td style=\"text-align: left; padding-left: 10px;\" width=\"70px\">Meldaikis<\/td><td width=\"40px\">V<\/td><td width=\"50px\">45<\/td><td width=\"50px\">LTU<\/td><td width=\"100px\">Kaunas<\/td><td width=\"150px\">Maratomanija<\/td><td width=\"100px\">42.2<\/td><td width=\"60px\">3:54:07<\/td><td width=\"50px\">0:05:33<\/td><\/tr><tr class=\"meniuoff\" onmouseover=\"className=&quot;meniuon&quot;\" onmouseout=\"className=&quot;meniuoff&quot;\"><td width=\"40px\">3.<\/td><td><a href=\"https:\/\/www.myrace.lt\/diplomas\/diplomas.php?id=12616\" target=\"_blank\">\n\t\t\t\t\t\t\t<img decoding=\"async\" src=\"\/diplomas\/diplomai\/ico-200.gif\"><\/a><\/td><td width=\"40px\">200<\/td><td style=\"text-align: right; padding-right: 10px;\" width=\"70px\">Valdas<\/td><td style=\"text-align: left; padding-left: 10px;\" width=\"70px\">\u0160mai\u017eys<\/td><td width=\"40px\">V<\/td><td width=\"50px\">50<\/td><td width=\"50px\">LTU<\/td><td width=\"100px\">Vilnius<\/td><td width=\"150px\">Maratomanija<\/td><td width=\"100px\">42.2<\/td><td width=\"60px\">3:55:59<\/td><td width=\"50px\">0:05:36<\/td><\/tr><tr class=\"meniuoff\" onmouseover=\"className=&quot;meniuon&quot;\" onmouseout=\"className=&quot;meniuoff&quot;\"><td width=\"40px\">4.<\/td><td><a href=\"https:\/\/www.myrace.lt\/diplomas\/diplomas.php?id=12617\" target=\"_blank\">\n\t\t\t\t\t\t\t<img decoding=\"async\" src=\"\/diplomas\/diplomai\/ico-200.gif\"><\/a><\/td><td width=\"40px\">8420<\/td><td style=\"text-align: right; padding-right: 10px;\" width=\"70px\">Romas<\/td><td style=\"text-align: left; padding-left: 10px;\" width=\"70px\">Olchovik<\/td><td width=\"40px\">V<\/td><td width=\"50px\">33<\/td><td width=\"50px\">LTU<\/td><td width=\"100px\">Vilnius<\/td><td width=\"150px\"><\/td><td width=\"100px\">42.2<\/td><td width=\"60px\">3:56:35<\/td><td width=\"50px\">0:05:36<\/td><\/tr><tr class=\"meniuoff\" onmouseover=\"className=&quot;meniuon&quot;\" onmouseout=\"className=&quot;meniuoff&quot;\"><td width=\"40px\">5.<\/td><td><a href=\"https:\/\/www.myrace.lt\/diplomas\/diplomas.php?id=12618\" target=\"_blank\">\n\t\t\t\t\t\t\t<img decoding=\"async\" src=\"\/diplomas\/diplomai\/ico-200.gif\"><\/a><\/td><td width=\"40px\">214<\/td><td style=\"text-align: right; padding-right: 10px;\" width=\"70px\">Juozas Augustas<\/td><td style=\"text-align: left; padding-left: 10px;\" width=\"70px\">Visockas<\/td><td width=\"40px\">V<\/td><td width=\"50px\">37<\/td><td width=\"50px\">LTU<\/td><td width=\"100px\">Vilnius<\/td><td width=\"150px\">Maratomanija<\/td><td width=\"100px\">42.2<\/td><td width=\"60px\">4:07:18<\/td><td width=\"50px\">0:05:52<\/td><\/tr><tr class=\"meniuoff\" onmouseover=\"className=&quot;meniuon&quot;\" onmouseout=\"className=&quot;meniuoff&quot;\"><td width=\"40px\">6.<\/td><td><a href=\"https:\/\/www.myrace.lt\/diplomas\/diplomas.php?id=12619\" target=\"_blank\">\n\t\t\t\t\t\t\t<img decoding=\"async\" src=\"\/diplomas\/diplomai\/ico-200.gif\"><\/a><\/td><td width=\"40px\">204<\/td><td style=\"text-align: right; padding-right: 10px;\" width=\"70px\">Aurimas<\/td><td style=\"text-align: left; padding-left: 10px;\" width=\"70px\">Bulk\u0161as<\/td><td width=\"40px\">V<\/td><td width=\"50px\">43<\/td><td width=\"50px\">LTU<\/td><td width=\"100px\">\u0160iauliai<\/td><td width=\"150px\"><\/td><td width=\"100px\">42.2<\/td><td width=\"60px\">4:15:35<\/td><td width=\"50px\">0:06:03<\/td><\/tr><tr class=\"meniuoff\" onmouseover=\"className=&quot;meniuon&quot;\" onmouseout=\"className=&quot;meniuoff&quot;\"><td width=\"40px\">7.<\/td><td><a href=\"https:\/\/www.myrace.lt\/diplomas\/diplomas.php?id=12620\" target=\"_blank\">\n\t\t\t\t\t\t\t<img decoding=\"async\" src=\"\/diplomas\/diplomai\/ico-200.gif\"><\/a><\/td><td width=\"40px\">205<\/td><td style=\"text-align: right; padding-right: 10px;\" width=\"70px\">Tadas<\/td><td style=\"text-align: left; padding-left: 10px;\" width=\"70px\">Beniulis<\/td><td width=\"40px\">V<\/td><td width=\"50px\">45<\/td><td width=\"50px\">LTU<\/td><td width=\"100px\">Vilnius<\/td><td width=\"150px\">Maratomanija<\/td><td width=\"100px\">42.2<\/td><td width=\"60px\">4:26:36<\/td><td width=\"50px\">0:06:19<\/td><\/tr><tr class=\"meniuoff\" onmouseover=\"className=&quot;meniuon&quot;\" onmouseout=\"className=&quot;meniuoff&quot;\"><td width=\"40px\">8.<\/td><td><a href=\"https:\/\/www.myrace.lt\/diplomas\/diplomas.php?id=12621\" target=\"_blank\">\n\t\t\t\t\t\t\t<img decoding=\"async\" src=\"\/diplomas\/diplomai\/ico-200.gif\"><\/a><\/td><td width=\"40px\">207<\/td><td style=\"text-align: right; padding-right: 10px;\" width=\"70px\">Gitana<\/td><td style=\"text-align: left; padding-left: 10px;\" width=\"70px\">Januliene<\/td><td width=\"40px\">M<\/td><td width=\"50px\">49<\/td><td width=\"50px\">LTU<\/td><td width=\"100px\">Jurbarkas<\/td><td width=\"150px\">Maratomanija<\/td><td width=\"100px\">42.2<\/td><td width=\"60px\">4:58:44<\/td><td width=\"50px\">0:07:05<\/td><\/tr><tr class=\"meniuoff\" onmouseover=\"className=&quot;meniuon&quot;\" onmouseout=\"className=&quot;meniuoff&quot;\"><td width=\"40px\">9.<\/td><td><a href=\"https:\/\/www.myrace.lt\/diplomas\/diplomas.php?id=12622\" target=\"_blank\">\n\t\t\t\t\t\t\t<img decoding=\"async\" src=\"\/diplomas\/diplomai\/ico-200.gif\"><\/a><\/td><td width=\"40px\">206<\/td><td style=\"text-align: right; padding-right: 10px;\" width=\"70px\">Lina<\/td><td style=\"text-align: left; padding-left: 10px;\" width=\"70px\">Abromaityt\u0117 - \u0160mai\u017e\u0117<\/td><td width=\"40px\">M<\/td><td width=\"50px\">45<\/td><td width=\"50px\">LTU<\/td><td width=\"100px\">Vilnius<\/td><td width=\"150px\">Maratomanija<\/td><td width=\"100px\">42.2<\/td><td width=\"60px\">5:00:20<\/td><td width=\"50px\">0:07:07<\/td><\/tr><tr class=\"meniuoff\" onmouseover=\"className=&quot;meniuon&quot;\" onmouseout=\"className=&quot;meniuoff&quot;\"><td width=\"40px\">10.<\/td><td><a href=\"https:\/\/www.myrace.lt\/diplomas\/diplomas.php?id=12623\" target=\"_blank\">\n\t\t\t\t\t\t\t<img decoding=\"async\" src=\"\/diplomas\/diplomai\/ico-200.gif\"><\/a><\/td><td width=\"40px\">202<\/td><td style=\"text-align: right; padding-right: 10px;\" width=\"70px\">Vidmantas<\/td><td style=\"text-align: left; padding-left: 10px;\" width=\"70px\">Rugienius<\/td><td width=\"40px\">V<\/td><td width=\"50px\">51<\/td><td width=\"50px\">LTU<\/td><td width=\"100px\">Marijampol\u0117<\/td><td width=\"150px\"><\/td><td width=\"100px\">42.2<\/td><td width=\"60px\">6:23:30<\/td><td width=\"50px\">0:09:05<\/td><\/tr><tr class=\"meniuoff\" onmouseover=\"className=&quot;meniuon&quot;\" onmouseout=\"className=&quot;meniuoff&quot;\"><td width=\"40px\">11.<\/td><td><a href=\"https:\/\/www.myrace.lt\/diplomas\/diplomas.php?id=12624\" target=\"_blank\">\n\t\t\t\t\t\t\t<img decoding=\"async\" src=\"\/diplomas\/diplomai\/ico-200.gif\"><\/a><\/td><td width=\"40px\">209<\/td><td style=\"text-align: right; padding-right: 10px;\" width=\"70px\">\u010ceslovas<\/td><td style=\"text-align: left; padding-left: 10px;\" width=\"70px\">Statulevi\u010dius<\/td><td width=\"40px\">V<\/td><td width=\"50px\">32<\/td><td width=\"50px\">LTU<\/td><td width=\"100px\">Roki\u0161kis<\/td><td width=\"150px\">Roki\u0161kio b\u0117gimo klubas<\/td><td width=\"100px\">21.1<\/td><td width=\"60px\">2:11:37<\/td><td width=\"50px\">0:06:14<\/td><\/tr><tr class=\"meniuoff\" onmouseover=\"className=&quot;meniuon&quot;\" onmouseout=\"className=&quot;meniuoff&quot;\"><td width=\"40px\">12.<\/td><td><a href=\"https:\/\/www.myrace.lt\/diplomas\/diplomas.php?id=12625\" target=\"_blank\">\n\t\t\t\t\t\t\t<img decoding=\"async\" src=\"\/diplomas\/diplomai\/ico-200.gif\"><\/a><\/td><td width=\"40px\">210<\/td><td style=\"text-align: right; padding-right: 10px;\" width=\"70px\">Svaj\u016bnas<\/td><td style=\"text-align: left; padding-left: 10px;\" width=\"70px\">\u0160aknys<\/td><td width=\"40px\">V<\/td><td width=\"50px\">37<\/td><td width=\"50px\">LTU<\/td><td width=\"100px\">Roki\u0161kis<\/td><td width=\"150px\">Roki\u0161kio b\u0117gimo klubas<\/td><td width=\"100px\">21.1<\/td><td width=\"60px\">2:11:37<\/td><td width=\"50px\">0:06:14<\/td><\/tr><tr class=\"meniuoff\" onmouseover=\"className=&quot;meniuon&quot;\" onmouseout=\"className=&quot;meniuoff&quot;\"><td width=\"40px\">13.<\/td><td><a href=\"https:\/\/www.myrace.lt\/diplomas\/diplomas.php?id=12626\" target=\"_blank\">\n\t\t\t\t\t\t\t<img decoding=\"async\" src=\"\/diplomas\/diplomai\/ico-200.gif\"><\/a><\/td><td width=\"40px\">211<\/td><td style=\"text-align: right; padding-right: 10px;\" width=\"70px\">Gerda<\/td><td style=\"text-align: left; padding-left: 10px;\" width=\"70px\">Raugait\u0117<\/td><td width=\"40px\">M<\/td><td width=\"50px\">22<\/td><td width=\"50px\">LTU<\/td><td width=\"100px\">Roki\u0161kis<\/td><td width=\"150px\">Roki\u0161kio b\u0117gimo klubas<\/td><td width=\"100px\">21.1<\/td><td width=\"60px\">2:11:37<\/td><td width=\"50px\">0:06:14<\/td><\/tr><tr class=\"meniuoff\" onmouseover=\"className=&quot;meniuon&quot;\" onmouseout=\"className=&quot;meniuoff&quot;\"><td width=\"40px\">14.<\/td><td><a href=\"https:\/\/www.myrace.lt\/diplomas\/diplomas.php?id=12627\" target=\"_blank\">\n\t\t\t\t\t\t\t<img decoding=\"async\" src=\"\/diplomas\/diplomai\/ico-200.gif\"><\/a><\/td><td width=\"40px\">203<\/td><td style=\"text-align: right; padding-right: 10px;\" width=\"70px\">Aurelijus<\/td><td style=\"text-align: left; padding-left: 10px;\" width=\"70px\">Gutauskas<\/td><td width=\"40px\">V<\/td><td width=\"50px\">52<\/td><td width=\"50px\">LTU<\/td><td width=\"100px\"><\/td><td width=\"150px\"><\/td><td width=\"100px\">10<\/td><td width=\"60px\">0:58:30<\/td><td width=\"50px\">0:05:51<\/td><\/tr><tr class=\"meniuoff\" onmouseover=\"className=&quot;meniuon&quot;\" onmouseout=\"className=&quot;meniuoff&quot;\"><td width=\"40px\">15.<\/td><td><a href=\"https:\/\/www.myrace.lt\/diplomas\/diplomas.php?id=12628\" target=\"_blank\">\n\t\t\t\t\t\t\t<img decoding=\"async\" src=\"\/diplomas\/diplomai\/ico-200.gif\"><\/a><\/td><td width=\"40px\">213<\/td><td style=\"text-align: right; padding-right: 10px;\" width=\"70px\">Giedr\u0117<\/td><td style=\"text-align: left; padding-left: 10px;\" width=\"70px\">\u017di\u010dk\u0117<\/td><td width=\"40px\">M<\/td><td width=\"50px\">45<\/td><td width=\"50px\">LTU<\/td><td width=\"100px\">Vilnius<\/td><td width=\"150px\">Maratomanija<\/td><td width=\"100px\">10<\/td><td width=\"60px\">1:25:30<\/td><td width=\"50px\">0:08:33<\/td><\/tr><tr class=\"meniuoff\" onmouseover=\"className=&quot;meniuon&quot;\" onmouseout=\"className=&quot;meniuoff&quot;\"><td width=\"40px\">16.<\/td><td><a href=\"https:\/\/www.myrace.lt\/diplomas\/diplomas.php?id=12629\" target=\"_blank\">\n\t\t\t\t\t\t\t<img decoding=\"async\" src=\"\/diplomas\/diplomai\/ico-200.gif\"><\/a><\/td><td width=\"40px\">215<\/td><td style=\"text-align: right; padding-right: 10px;\" width=\"70px\">Deimantas<\/td><td style=\"text-align: left; padding-left: 10px;\" width=\"70px\">Ve\u0161\u010di\u016bnas<\/td><td width=\"40px\">V<\/td><td width=\"50px\">37<\/td><td width=\"50px\">LTU<\/td><td width=\"100px\">Vilnius<\/td><td width=\"150px\"><\/td><td width=\"100px\">6<\/td><td width=\"60px\">0:32:02<\/td><td width=\"50px\">0:05:20<\/td><\/tr><tr class=\"meniuoff\" onmouseover=\"className=&quot;meniuon&quot;\" onmouseout=\"className=&quot;meniuoff&quot;\"><td width=\"40px\">17.<\/td><td><a href=\"https:\/\/www.myrace.lt\/diplomas\/diplomas.php?id=12630\" target=\"_blank\">\n\t\t\t\t\t\t\t<img decoding=\"async\" src=\"\/diplomas\/diplomai\/ico-200.gif\"><\/a><\/td><td width=\"40px\">208<\/td><td style=\"text-align: right; padding-right: 10px;\" width=\"70px\">Rugile<\/td><td style=\"text-align: left; padding-left: 10px;\" width=\"70px\">Janulyte<\/td><td width=\"40px\">M<\/td><td width=\"50px\">10<\/td><td width=\"50px\">LTU<\/td><td width=\"100px\">Jurbarkas<\/td><td width=\"150px\">Maratomanija<\/td><td width=\"100px\">2<\/td><td width=\"60px\">0:14:10<\/td><td width=\"50px\">0:07:05<\/td><\/tr><\/table><\/div>\n<p>&nbsp;<\/p>\n","protected":false},"excerpt":{"rendered":"<p>&nbsp;<\/p>\n","protected":false},"author":1,"featured_media":0,"parent":359,"menu_order":0,"comment_status":"closed","ping_status":"closed","template":"templates\/full-width-page.php","meta":{"footnotes":""},"class_list":["post-871","page","type-page","status-publish","hentry"],"_links":{"self":[{"href":"https:\/\/www.myrace.lt\/maratonadienis\/wp-json\/wp\/v2\/pages\/871","targetHints":{"allow":["GET"]}}],"collection":[{"href":"https:\/\/www.myrace.lt\/maratonadienis\/wp-json\/wp\/v2\/pages"}],"about":[{"href":"https:\/\/www.myrace.lt\/maratonadienis\/wp-json\/wp\/v2\/types\/page"}],"author":[{"embeddable":true,"href":"https:\/\/www.myrace.lt\/maratonadienis\/wp-json\/wp\/v2\/users\/1"}],"replies":[{"embeddable":true,"href":"https:\/\/www.myrace.lt\/maratonadienis\/wp-json\/wp\/v2\/comments?post=871"}],"version-history":[{"count":1,"href":"https:\/\/www.myrace.lt\/maratonadienis\/wp-json\/wp\/v2\/pages\/871\/revisions"}],"predecessor-version":[{"id":872,"href":"https:\/\/www.myrace.lt\/maratonadienis\/wp-json\/wp\/v2\/pages\/871\/revisions\/872"}],"up":[{"embeddable":true,"href":"https:\/\/www.myrace.lt\/maratonadienis\/wp-json\/wp\/v2\/pages\/359"}],"wp:attachment":[{"href":"https:\/\/www.myrace.lt\/maratonadienis\/wp-json\/wp\/v2\/media?parent=871"}],"curies":[{"name":"wp","href":"https:\/\/api.w.org\/{rel}","templated":true}]}}