{"id":81,"date":"2020-12-04T18:49:45","date_gmt":"2020-12-04T16:49:45","guid":{"rendered":"https:\/\/www.myrace.lt\/maratonadienis\/?page_id=81"},"modified":"2023-07-05T13:11:24","modified_gmt":"2023-07-05T10:11:24","slug":"rezultatai-200","status":"publish","type":"page","link":"https:\/\/www.myrace.lt\/maratonadienis\/rezultatai\/rezultatai-200\/","title":{"rendered":"Rezultatai (Dvi\u0161imtin\u0117s)"},"content":{"rendered":"<style type=\"text\/css\">\ntd {\n\tborder: 1px solid #ddd;\n\tpadding: 2px;\n\tvertical-align: middle;\n  }\n}\n<\/style>\n\n\n\t<link rel=\"stylesheet\" type=\"text\/css\" href=\"\/registravimas\/tools\/color_myrace.css\" \/>\n\t<link rel=\"stylesheet\" type=\"text\/css\" href=\"\/registravimas\/tools\/rezultatai.css\" \/><div><form name=\"f_distancija\">Pasirinkite distancij\u0105: <select style=\"width: 320px\" id=\"filtrai\" onchange=\"distancija()\"><option value=\"0\" selected=\"selected\">Visos distancijos<\/option><option value=\"1\">Maratonas<\/option><option value=\"2\">Pus\u0117 maratono<\/option><option value=\"3\">12.6 km<\/option><option value=\"4\">8.4 km<\/option><option value=\"5\">4.2 km<\/option><option value=\"6\">1 km<\/option><\/select>\n\t<\/form>\n\t<script type=\"text\/javascript\">function distancija() {filtras=document.f_distancija.filtrai.value;document.location.href = \"?distancija=\" + filtras;}\n\t<\/script><\/div><div style=\"overflow-x:auto;\"><table class=\"rezai\" width=\"1024px\" border=\"1\" cellspacing=\"0\" cellpadding=\"2\"><tr class=\"rezai\"><th width=\"40px\"><a href=\"?pagal=id\">Eil.<br\/>Nr.<\/a><\/th><th width=\"70\">Diplomas<\/th><th width=\"40px\"><a href=\"?pagal=nr\">Nr.<\/a><\/th><th width=\"70px\"><a href=\"?pagal=vardas\">Vardas<\/a><\/th><th width=\"70px\"><a href=\"?pagal=pavarde\">Pavard\u0117<\/a><\/th><th width=\"40px\"><a href=\"?pagal=lytis\">Lytis<\/a><\/th><th width=\"50px\"><a href=\"?pagal=gimimo\">Gimimo<br\/>metai<\/a><\/th><th width=\"50px\"><a href=\"?pagal=salis\">\u0160alis<\/a><\/th><th width=\"100px\"><a href=\"?pagal=miestas\">Miestas<\/a><\/th><th width=\"150px\"><a href=\"?pagal=klubas\">Klubas<\/a><\/th><th width=\"100px\"><a href=\"?pagal=distancija\">Distancija<\/a><\/th><th width=\"60px\"><a href=\"?pagal=rezultatas\">Rezultatas<\/a><\/th><th width=\"50px\"><a href=\"?pagal=greitis\">1 km greitis<\/a><\/th><\/tr><tr class=\"meniuoff\" onmouseover=\"className=&quot;meniuon&quot;\" onmouseout=\"className=&quot;meniuoff&quot;\"><td width=\"40px\">1.<\/td><td><a href=\"https:\/\/www.myrace.lt\/diplomas\/diplomas.php?id=2166\" target=\"_blank\">\n\t\t\t\t\t\t\t<img decoding=\"async\" src=\"\/diplomas\/diplomai\/ico-simtas.gif\"><\/a><\/td><td width=\"40px\">238<\/td><td style=\"text-align: right; padding-right: 10px;\" width=\"70px\">Egidijus<\/td><td style=\"text-align: left; padding-left: 10px;\" width=\"70px\">Jani\u0161ka<\/td><td width=\"40px\">V<\/td><td width=\"50px\">1967<\/td><td width=\"50px\">LTU<\/td><td width=\"100px\">Trakai<\/td><td width=\"150px\">Top Exchange<\/td><td width=\"100px\">Maratonas<\/td><td width=\"60px\">03:12:34<\/td><td width=\"50px\">04:34<\/td><\/tr><tr class=\"meniuoff\" onmouseover=\"className=&quot;meniuon&quot;\" onmouseout=\"className=&quot;meniuoff&quot;\"><td width=\"40px\">2.<\/td><td><a href=\"https:\/\/www.myrace.lt\/diplomas\/diplomas.php?id=2167\" target=\"_blank\">\n\t\t\t\t\t\t\t<img decoding=\"async\" src=\"\/diplomas\/diplomai\/ico-simtas.gif\"><\/a><\/td><td width=\"40px\">179<\/td><td style=\"text-align: right; padding-right: 10px;\" width=\"70px\">Romas<\/td><td style=\"text-align: left; padding-left: 10px;\" width=\"70px\">Olchovik<\/td><td width=\"40px\">V<\/td><td width=\"50px\">1991<\/td><td width=\"50px\">LTU<\/td><td width=\"100px\">Vilnius<\/td><td width=\"150px\">B\u0117gimo klubas; Lemeras<\/td><td width=\"100px\">Maratonas<\/td><td width=\"60px\">03:40:45<\/td><td width=\"50px\">05:14<\/td><\/tr><tr class=\"meniuoff\" onmouseover=\"className=&quot;meniuon&quot;\" onmouseout=\"className=&quot;meniuoff&quot;\"><td width=\"40px\">3.<\/td><td><a href=\"https:\/\/www.myrace.lt\/diplomas\/diplomas.php?id=2168\" target=\"_blank\">\n\t\t\t\t\t\t\t<img decoding=\"async\" src=\"\/diplomas\/diplomai\/ico-simtas.gif\"><\/a><\/td><td width=\"40px\">244<\/td><td style=\"text-align: right; padding-right: 10px;\" width=\"70px\">Audrius<\/td><td style=\"text-align: left; padding-left: 10px;\" width=\"70px\">Jankauskas<\/td><td width=\"40px\">V<\/td><td width=\"50px\">1971<\/td><td width=\"50px\">LTU<\/td><td width=\"100px\">Raseiniai<\/td><td width=\"150px\">Maratomanija<\/td><td width=\"100px\">Maratonas<\/td><td width=\"60px\">03:46:55<\/td><td width=\"50px\">05:23<\/td><\/tr><tr class=\"meniuoff\" onmouseover=\"className=&quot;meniuon&quot;\" onmouseout=\"className=&quot;meniuoff&quot;\"><td width=\"40px\">4.<\/td><td><a href=\"https:\/\/www.myrace.lt\/diplomas\/diplomas.php?id=2169\" target=\"_blank\">\n\t\t\t\t\t\t\t<img decoding=\"async\" src=\"\/diplomas\/diplomai\/ico-simtas.gif\"><\/a><\/td><td width=\"40px\">246<\/td><td style=\"text-align: right; padding-right: 10px;\" width=\"70px\">Ar\u016bnas<\/td><td style=\"text-align: left; padding-left: 10px;\" width=\"70px\">Dubinskas<\/td><td width=\"40px\">V<\/td><td width=\"50px\">1974<\/td><td width=\"50px\">LTU<\/td><td width=\"100px\">Vilnius<\/td><td width=\"150px\">UmBongo<\/td><td width=\"100px\">Maratonas<\/td><td width=\"60px\">03:46:57<\/td><td width=\"50px\">05:23<\/td><\/tr><tr class=\"meniuoff\" onmouseover=\"className=&quot;meniuon&quot;\" onmouseout=\"className=&quot;meniuoff&quot;\"><td width=\"40px\">5.<\/td><td><a href=\"https:\/\/www.myrace.lt\/diplomas\/diplomas.php?id=2170\" target=\"_blank\">\n\t\t\t\t\t\t\t<img decoding=\"async\" src=\"\/diplomas\/diplomai\/ico-simtas.gif\"><\/a><\/td><td width=\"40px\">237<\/td><td style=\"text-align: right; padding-right: 10px;\" width=\"70px\">Edvardas<\/td><td style=\"text-align: left; padding-left: 10px;\" width=\"70px\">Linkevi\u010dius<\/td><td width=\"40px\">V<\/td><td width=\"50px\">1963<\/td><td width=\"50px\">LTU<\/td><td width=\"100px\">Kaunas<\/td><td width=\"150px\">Jonavos maratonas<\/td><td width=\"100px\">Maratonas<\/td><td width=\"60px\">03:57:46<\/td><td width=\"50px\">05:38<\/td><\/tr><tr class=\"meniuoff\" onmouseover=\"className=&quot;meniuon&quot;\" onmouseout=\"className=&quot;meniuoff&quot;\"><td width=\"40px\">6.<\/td><td><a href=\"https:\/\/www.myrace.lt\/diplomas\/diplomas.php?id=2171\" target=\"_blank\">\n\t\t\t\t\t\t\t<img decoding=\"async\" src=\"\/diplomas\/diplomai\/ico-simtas.gif\"><\/a><\/td><td width=\"40px\">249<\/td><td style=\"text-align: right; padding-right: 10px;\" width=\"70px\">Gintar\u0117<\/td><td style=\"text-align: left; padding-left: 10px;\" width=\"70px\">Sukarevi\u010dien\u0117<\/td><td width=\"40px\">M<\/td><td width=\"50px\">1988<\/td><td width=\"50px\">LTU<\/td><td width=\"100px\">Utena<\/td><td width=\"150px\">Maratomanija<\/td><td width=\"100px\">Maratonas<\/td><td width=\"60px\">04:05:58<\/td><td width=\"50px\">05:50<\/td><\/tr><tr class=\"meniuoff\" onmouseover=\"className=&quot;meniuon&quot;\" onmouseout=\"className=&quot;meniuoff&quot;\"><td width=\"40px\">7.<\/td><td><a href=\"https:\/\/www.myrace.lt\/diplomas\/diplomas.php?id=2172\" target=\"_blank\">\n\t\t\t\t\t\t\t<img decoding=\"async\" src=\"\/diplomas\/diplomai\/ico-simtas.gif\"><\/a><\/td><td width=\"40px\">239<\/td><td style=\"text-align: right; padding-right: 10px;\" width=\"70px\">Algirdas<\/td><td style=\"text-align: left; padding-left: 10px;\" width=\"70px\">Medeikis<\/td><td width=\"40px\">V<\/td><td width=\"50px\">1979<\/td><td width=\"50px\">LTU<\/td><td width=\"100px\">\u0160iauliai<\/td><td width=\"150px\">B\u0117gimo klubas<\/td><td width=\"100px\">Maratonas<\/td><td width=\"60px\">04:28:14<\/td><td width=\"50px\">06:21<\/td><\/tr><tr class=\"meniuoff\" onmouseover=\"className=&quot;meniuon&quot;\" onmouseout=\"className=&quot;meniuoff&quot;\"><td width=\"40px\">8.<\/td><td><a href=\"https:\/\/www.myrace.lt\/diplomas\/diplomas.php?id=2173\" target=\"_blank\">\n\t\t\t\t\t\t\t<img decoding=\"async\" src=\"\/diplomas\/diplomai\/ico-simtas.gif\"><\/a><\/td><td width=\"40px\">250<\/td><td style=\"text-align: right; padding-right: 10px;\" width=\"70px\">Lina<\/td><td style=\"text-align: left; padding-left: 10px;\" width=\"70px\">Abromaityt\u0117-\u0160mai\u017e\u0117<\/td><td width=\"40px\">M<\/td><td width=\"50px\">1979<\/td><td width=\"50px\">LTU<\/td><td width=\"100px\">Vilnius<\/td><td width=\"150px\">Maratomanija<\/td><td width=\"100px\">Maratonas<\/td><td width=\"60px\">04:47:06<\/td><td width=\"50px\">06:48<\/td><\/tr><tr class=\"meniuoff\" onmouseover=\"className=&quot;meniuon&quot;\" onmouseout=\"className=&quot;meniuoff&quot;\"><td width=\"40px\">9.<\/td><td><a href=\"https:\/\/www.myrace.lt\/diplomas\/diplomas.php?id=2174\" target=\"_blank\">\n\t\t\t\t\t\t\t<img decoding=\"async\" src=\"\/diplomas\/diplomai\/ico-simtas.gif\"><\/a><\/td><td width=\"40px\">251<\/td><td style=\"text-align: right; padding-right: 10px;\" width=\"70px\">Valdas<\/td><td style=\"text-align: left; padding-left: 10px;\" width=\"70px\">\u0160mai\u017eys<\/td><td width=\"40px\">V<\/td><td width=\"50px\">1974<\/td><td width=\"50px\">LTU<\/td><td width=\"100px\">Vilnius<\/td><td width=\"150px\">Maratomanija<\/td><td width=\"100px\">Maratonas<\/td><td width=\"60px\">04:47:06<\/td><td width=\"50px\">06:48<\/td><\/tr><tr class=\"meniuoff\" onmouseover=\"className=&quot;meniuon&quot;\" onmouseout=\"className=&quot;meniuoff&quot;\"><td width=\"40px\">10.<\/td><td><a href=\"https:\/\/www.myrace.lt\/diplomas\/diplomas.php?id=2175\" target=\"_blank\">\n\t\t\t\t\t\t\t<img decoding=\"async\" src=\"\/diplomas\/diplomai\/ico-simtas.gif\"><\/a><\/td><td width=\"40px\">252<\/td><td style=\"text-align: right; padding-right: 10px;\" width=\"70px\">Rusn\u0117<\/td><td style=\"text-align: left; padding-left: 10px;\" width=\"70px\">Valeikien\u0117<\/td><td width=\"40px\">M<\/td><td width=\"50px\">1965<\/td><td width=\"50px\">LTU<\/td><td width=\"100px\">Vilnius<\/td><td width=\"150px\"><\/td><td width=\"100px\">Maratonas<\/td><td width=\"60px\">04:48:49<\/td><td width=\"50px\">06:51<\/td><\/tr><tr class=\"meniuoff\" onmouseover=\"className=&quot;meniuon&quot;\" onmouseout=\"className=&quot;meniuoff&quot;\"><td width=\"40px\">11.<\/td><td><a href=\"https:\/\/www.myrace.lt\/diplomas\/diplomas.php?id=2176\" target=\"_blank\">\n\t\t\t\t\t\t\t<img decoding=\"async\" src=\"\/diplomas\/diplomai\/ico-simtas.gif\"><\/a><\/td><td width=\"40px\">266<\/td><td style=\"text-align: right; padding-right: 10px;\" width=\"70px\">Gintaras<\/td><td style=\"text-align: left; padding-left: 10px;\" width=\"70px\">Pupininkas<\/td><td width=\"40px\">V<\/td><td width=\"50px\">1970<\/td><td width=\"50px\">LTU<\/td><td width=\"100px\">Vilnius<\/td><td width=\"150px\"><\/td><td width=\"100px\">Pus\u0117 maratono<\/td><td width=\"60px\">02:18:51<\/td><td width=\"50px\">06:35<\/td><\/tr><tr class=\"meniuoff\" onmouseover=\"className=&quot;meniuon&quot;\" onmouseout=\"className=&quot;meniuoff&quot;\"><td width=\"40px\">12.<\/td><td><a href=\"https:\/\/www.myrace.lt\/diplomas\/diplomas.php?id=2177\" target=\"_blank\">\n\t\t\t\t\t\t\t<img decoding=\"async\" src=\"\/diplomas\/diplomai\/ico-simtas.gif\"><\/a><\/td><td width=\"40px\">241<\/td><td style=\"text-align: right; padding-right: 10px;\" width=\"70px\">Ieva<\/td><td style=\"text-align: left; padding-left: 10px;\" width=\"70px\">Jokubausk\u0117<\/td><td width=\"40px\">M<\/td><td width=\"50px\">1987<\/td><td width=\"50px\">LTU<\/td><td width=\"100px\">\u0160iauliai<\/td><td width=\"150px\">B\u0117gimo klubas<\/td><td width=\"100px\">Pus\u0117 maratono<\/td><td width=\"60px\">02:22:22<\/td><td width=\"50px\">06:45<\/td><\/tr><tr class=\"meniuoff\" onmouseover=\"className=&quot;meniuon&quot;\" onmouseout=\"className=&quot;meniuoff&quot;\"><td width=\"40px\">13.<\/td><td><a href=\"https:\/\/www.myrace.lt\/diplomas\/diplomas.php?id=2178\" target=\"_blank\">\n\t\t\t\t\t\t\t<img decoding=\"async\" src=\"\/diplomas\/diplomai\/ico-simtas.gif\"><\/a><\/td><td width=\"40px\">245<\/td><td style=\"text-align: right; padding-right: 10px;\" width=\"70px\">Giedr\u0117<\/td><td style=\"text-align: left; padding-left: 10px;\" width=\"70px\">\u017di\u010dk\u0117<\/td><td width=\"40px\">M<\/td><td width=\"50px\">1979<\/td><td width=\"50px\">LTU<\/td><td width=\"100px\">Vilnius<\/td><td width=\"150px\">VIP<\/td><td width=\"100px\">Pus\u0117 maratono<\/td><td width=\"60px\">02:41:51<\/td><td width=\"50px\">07:40<\/td><\/tr><tr class=\"meniuoff\" onmouseover=\"className=&quot;meniuon&quot;\" onmouseout=\"className=&quot;meniuoff&quot;\"><td width=\"40px\">14.<\/td><td><a href=\"https:\/\/www.myrace.lt\/diplomas\/diplomas.php?id=2179\" target=\"_blank\">\n\t\t\t\t\t\t\t<img decoding=\"async\" src=\"\/diplomas\/diplomai\/ico-simtas.gif\"><\/a><\/td><td width=\"40px\">243<\/td><td style=\"text-align: right; padding-right: 10px;\" width=\"70px\">Edmundas<\/td><td style=\"text-align: left; padding-left: 10px;\" width=\"70px\">Burba<\/td><td width=\"40px\">V<\/td><td width=\"50px\">1971<\/td><td width=\"50px\">LTU<\/td><td width=\"100px\">Vilnius<\/td><td width=\"150px\">Maratomanija<\/td><td width=\"100px\">12,6 km<\/td><td width=\"60px\">01:20:35<\/td><td width=\"50px\">06:24<\/td><\/tr><tr class=\"meniuoff\" onmouseover=\"className=&quot;meniuon&quot;\" onmouseout=\"className=&quot;meniuoff&quot;\"><td width=\"40px\">15.<\/td><td><a href=\"https:\/\/www.myrace.lt\/diplomas\/diplomas.php?id=2180\" target=\"_blank\">\n\t\t\t\t\t\t\t<img decoding=\"async\" src=\"\/diplomas\/diplomai\/ico-simtas.gif\"><\/a><\/td><td width=\"40px\">240<\/td><td style=\"text-align: right; padding-right: 10px;\" width=\"70px\">\u017dygimantas<\/td><td style=\"text-align: left; padding-left: 10px;\" width=\"70px\">Medeikis<\/td><td width=\"40px\">V<\/td><td width=\"50px\">2011<\/td><td width=\"50px\">LTU<\/td><td width=\"100px\">\u0160iauliai<\/td><td width=\"150px\">B\u0117gimo klubas<\/td><td width=\"100px\">12,6 km<\/td><td width=\"60px\">01:29:01<\/td><td width=\"50px\">07:04<\/td><\/tr><tr class=\"meniuoff\" onmouseover=\"className=&quot;meniuon&quot;\" onmouseout=\"className=&quot;meniuoff&quot;\"><td width=\"40px\">16.<\/td><td><a href=\"https:\/\/www.myrace.lt\/diplomas\/diplomas.php?id=2181\" target=\"_blank\">\n\t\t\t\t\t\t\t<img decoding=\"async\" src=\"\/diplomas\/diplomai\/ico-simtas.gif\"><\/a><\/td><td width=\"40px\">248<\/td><td style=\"text-align: right; padding-right: 10px;\" width=\"70px\">Vaiva<\/td><td style=\"text-align: left; padding-left: 10px;\" width=\"70px\">Novogreckait\u0117<\/td><td width=\"40px\">M<\/td><td width=\"50px\">1994<\/td><td width=\"50px\">LTU<\/td><td width=\"100px\">Kaunas<\/td><td width=\"150px\">Origami runners<\/td><td width=\"100px\">8,4 km<\/td><td width=\"60px\">01:04:07<\/td><td width=\"50px\">07:38<\/td><\/tr><tr class=\"meniuoff\" onmouseover=\"className=&quot;meniuon&quot;\" onmouseout=\"className=&quot;meniuoff&quot;\"><td width=\"40px\">17.<\/td><td><a href=\"https:\/\/www.myrace.lt\/diplomas\/diplomas.php?id=2182\" target=\"_blank\">\n\t\t\t\t\t\t\t<img decoding=\"async\" src=\"\/diplomas\/diplomai\/ico-simtas.gif\"><\/a><\/td><td width=\"40px\">243<\/td><td style=\"text-align: right; padding-right: 10px;\" width=\"70px\">Paulina<\/td><td style=\"text-align: left; padding-left: 10px;\" width=\"70px\">Jokubauskyt\u0117<\/td><td width=\"40px\">M<\/td><td width=\"50px\">2013<\/td><td width=\"50px\">LTU<\/td><td width=\"100px\">\u0160iauliai<\/td><td width=\"150px\">B\u0117gimo klubas<\/td><td width=\"100px\">4.2 km<\/td><td width=\"60px\">00:24:38<\/td><td width=\"50px\">05:52<\/td><\/tr><tr class=\"meniuoff\" onmouseover=\"className=&quot;meniuon&quot;\" onmouseout=\"className=&quot;meniuoff&quot;\"><td width=\"40px\">18.<\/td><td><a href=\"https:\/\/www.myrace.lt\/diplomas\/diplomas.php?id=2183\" target=\"_blank\">\n\t\t\t\t\t\t\t<img decoding=\"async\" src=\"\/diplomas\/diplomai\/ico-simtas.gif\"><\/a><\/td><td width=\"40px\">247<\/td><td style=\"text-align: right; padding-right: 10px;\" width=\"70px\">Raminta<\/td><td style=\"text-align: left; padding-left: 10px;\" width=\"70px\">Dubinskait\u0117<\/td><td width=\"40px\">M<\/td><td width=\"50px\">2004<\/td><td width=\"50px\">LTU<\/td><td width=\"100px\">Vilnius<\/td><td width=\"150px\"><\/td><td width=\"100px\">4.2 km<\/td><td width=\"60px\">00:24:38<\/td><td width=\"50px\">05:52<\/td><\/tr><tr class=\"meniuoff\" onmouseover=\"className=&quot;meniuon&quot;\" onmouseout=\"className=&quot;meniuoff&quot;\"><td width=\"40px\">19.<\/td><td><a href=\"https:\/\/www.myrace.lt\/diplomas\/diplomas.php?id=2184\" target=\"_blank\">\n\t\t\t\t\t\t\t<img decoding=\"async\" src=\"\/diplomas\/diplomai\/ico-simtas.gif\"><\/a><\/td><td width=\"40px\">253<\/td><td style=\"text-align: right; padding-right: 10px;\" width=\"70px\">Faust\u0117<\/td><td style=\"text-align: left; padding-left: 10px;\" width=\"70px\">Sukarevi\u010di\u016bt\u0117<\/td><td width=\"40px\">M<\/td><td width=\"50px\">2017<\/td><td width=\"50px\">LTU<\/td><td width=\"100px\">Utena<\/td><td width=\"150px\">Maratomanija<\/td><td width=\"100px\">1 km<\/td><td width=\"60px\">00:09:07<\/td><td width=\"50px\">09:07<\/td><\/tr><\/table><\/div>\n<p>&nbsp;<\/p>\n","protected":false},"excerpt":{"rendered":"<p>&nbsp;<\/p>\n","protected":false},"author":1,"featured_media":0,"parent":359,"menu_order":0,"comment_status":"closed","ping_status":"closed","template":"templates\/full-width-page.php","meta":{"footnotes":""},"class_list":["post-81","page","type-page","status-publish","hentry"],"_links":{"self":[{"href":"https:\/\/www.myrace.lt\/maratonadienis\/wp-json\/wp\/v2\/pages\/81","targetHints":{"allow":["GET"]}}],"collection":[{"href":"https:\/\/www.myrace.lt\/maratonadienis\/wp-json\/wp\/v2\/pages"}],"about":[{"href":"https:\/\/www.myrace.lt\/maratonadienis\/wp-json\/wp\/v2\/types\/page"}],"author":[{"embeddable":true,"href":"https:\/\/www.myrace.lt\/maratonadienis\/wp-json\/wp\/v2\/users\/1"}],"replies":[{"embeddable":true,"href":"https:\/\/www.myrace.lt\/maratonadienis\/wp-json\/wp\/v2\/comments?post=81"}],"version-history":[{"count":5,"href":"https:\/\/www.myrace.lt\/maratonadienis\/wp-json\/wp\/v2\/pages\/81\/revisions"}],"predecessor-version":[{"id":218,"href":"https:\/\/www.myrace.lt\/maratonadienis\/wp-json\/wp\/v2\/pages\/81\/revisions\/218"}],"up":[{"embeddable":true,"href":"https:\/\/www.myrace.lt\/maratonadienis\/wp-json\/wp\/v2\/pages\/359"}],"wp:attachment":[{"href":"https:\/\/www.myrace.lt\/maratonadienis\/wp-json\/wp\/v2\/media?parent=81"}],"curies":[{"name":"wp","href":"https:\/\/api.w.org\/{rel}","templated":true}]}}