{"id":788,"date":"2024-09-30T18:47:51","date_gmt":"2024-09-30T15:47:51","guid":{"rendered":"https:\/\/www.myrace.lt\/maratonadienis\/?page_id=788"},"modified":"2024-10-26T21:06:19","modified_gmt":"2024-10-26T18:06:19","slug":"nuostatai-200-2","status":"publish","type":"page","link":"https:\/\/www.myrace.lt\/maratonadienis\/nuostatai-maratonadienis\/nuostatai-200-2\/","title":{"rendered":"Nuostatai 200"},"content":{"rendered":"<p style=\"text-align: center;\"><span style=\"color: #000000;\"><strong><span style=\"font-size: 28px;\">DU\u0160IMTINIS MARATONAS<\/span><br \/>\n<\/strong><\/span><\/p>\n<p>&nbsp;<\/p>\n<p style=\"text-align: center;\"><strong><span style=\"color: #000000; font-size: 24px;\">NUOSTATAI<\/span><\/strong><\/p>\n<p><span style=\"color: #000000; font-size: 20px;\"><strong>DU\u0160IMTINIS MARATONAS<\/strong> \u2013 tai maratono \u0161vent\u0117, kurioje aistra b\u0117gti, noras jud\u0117ti, meil\u0117 maratonui yra didesn\u0117 vertyb\u0117 net u\u017e j\u016bs\u0173 politines ar religines pa\u017ei\u016bras.<\/span><\/p>\n<p>&nbsp;<\/p>\n<p><span style=\"font-size: 20px;\"><strong><span style=\"color: #000000;\">STARTO VIETA ir LAIKAS:<\/span><\/strong><\/span><br \/>\n<span style=\"color: #000000; font-size: 20px;\">DVI\u0160IMTINIS MARATONAS \u012fvyks 2024-10-05 11.00 val.<\/span><br \/>\n<span style=\"color: #000000; font-size: 20px;\">Vieta &#8211; Utenos Hipodromas, <strong><a tabindex=\"0\" href=\"https:\/\/www.google.com\/maps\/place\/\/data=!4m2!3m1!1s0x46dd57d0d39b540d:0x810bd4e3e3522773?sa=X&amp;ved=1t:8290&amp;ictx=111\" data-url=\"\/maps\/place\/\/data=!4m2!3m1!1s0x46dd57d0d39b540d:0x810bd4e3e3522773?sa=X&amp;ved=2ahUKEwiFjO-bgOuIAxUhVfEDHRC_CbUQ4kB6BAgHEAA\">U\u017epali\u0173 g. 101, Utena, 28215 Utenos r. sav.<\/a><\/strong><\/span><\/p>\n<p><span style=\"color: #000000; font-size: 20px;\"><strong>TRASA:<\/strong><\/span><br \/>\n<span style=\"color: #000000; font-size: 20px;\">Trasa &#8211; 1005 m ratas.<\/span><br \/>\n<span style=\"color: #000000; font-size: 20px;\">Danga &#8211; kietas pluktas sm\u0117lis.<\/span><\/p>\n<p>&nbsp;<\/p>\n<p><span style=\"color: #000000; font-size: 20px;\"><strong>DISTANCIJOS:<\/strong><\/span><br \/>\n<span style=\"color: #000000; font-size: 20px;\">Nuo 1005 m\u00a0 iki &#8230; 42 195 m<\/span><br \/>\n<span style=\"color: #000000; font-size: 20px;\">Kiekvienas dalyvis pats b\u0117gdmas nusprend\u017eia kiek t\u0105dien nori, kiek \u0161irdis geid\u017eia, kiek kojos gali ne\u0161ti rat\u0173. <\/span><br \/>\n<span style=\"color: #000000; font-size: 20px;\">Bus skai\u010diuojamas kiekvienas dalyvio \u012fveiktas ratas ir jo laikas.<\/span><\/p>\n<p>&nbsp;<\/p>\n<p><span style=\"color: #000000; font-size: 20px;\"><strong>DALYVIAI ir STARTINIS MOKESTIS:<\/strong><\/span><br \/>\n<em><span style=\"color: #000000; font-size: 20px;\">Registracijos mokestis: registracijos mokes\u010dio n\u0117ra. <\/span><\/em><\/p>\n<p>&nbsp;<\/p>\n<p><span style=\"color: #000000; font-size: 20px;\"><strong>APDOVANOJIMAI:<\/strong><\/span><br \/>\n<span style=\"color: #000000; font-size: 20px;\">Vis\u0173 dalyvi\u0173\u00a0 fini\u0161e gaus \u0161ventin\u012f atminimo medal\u012f.<\/span><\/p>\n<p>&nbsp;<\/p>\n<p><span style=\"color: #000000; font-size: 20px;\"><strong>DALYVI\u0172 REGISTRAVIMAS IR NUMERI\u0172 I\u0160DAVIMAS:<\/strong><\/span><br \/>\n<span style=\"color: #000000; font-size: 20px;\">Norintys b\u0117gte at\u0161v\u0119sti DU\u0160IMTIN\u012e MARATON\u0104 registruojasi :<\/span><br \/>\n<span style=\"color: #000000; font-size: 20px;\"><strong><a style=\"color: #000000;\" href=\"https:\/\/l.facebook.com\/l.php?u=https%3A%2F%2Fwww.maratonai.lt%2Fregistracija%2Fmaratonadienis%2F%3Ffbclid%3DIwAR3KN1GfJyAAqO3MN5_VL9STG7LaPhr2HMG3OpjooxG8okA8ment2MB4zsc&amp;h=AT3PjUS9xb11wQVDJuBEiewee96jwGZqvzU-upzs0yF51zNVTFUv23HPF4pe24kaOvAsMAa8u3qHA1eue20bW-qwFXiyFbm0b50MH8SxbMD4qLEpMPvSNr41Voff4u7p-KFl&amp;__tn__=q&amp;c%5b0%5d=AT2kWtHkf-2HguHSv7STCShcfAIIRpNtFh0fps08YHXfxbmZsjKaQJeXQp54l8wMykHJC5afJSHDLSiW0hZMeLVRiH1SWWogk1iwqNROYlImsr03Si9kuRFS7f77bXRD7Vu4huKkC9MN8_xw4sdY5imM\">https:\/\/www.myrace.lt\/maratonadienis\/<\/a><\/strong><\/span><\/p>\n<p><span style=\"color: #000000; font-size: 20px;\">I\u0161ankstin\u0117 registracija u\u017edaroma 2024-10-04 12.00val. <\/span><\/p>\n<p><span style=\"color: #000000; font-size: 20px;\">Numeriai bus i\u0161duodami starto vietoje.<\/span><\/p>\n<p>&nbsp;<\/p>\n<p>&nbsp;<\/p>\n<p><span style=\"color: #000000; font-size: 20px;\"><strong>EIGA, REZULTAT\u0172 FIKSAVIMAS:<\/strong><\/span><br \/>\n<span style=\"color: #000000; font-size: 20px;\">Trasoje bus \u012frengta vandens ir maitinimo stotel\u0117, kurioje dalyviams bus dalinami g\u0117rimai \u2013 vanduo, Cola, Izotonikas, gaivieji g\u0117rimai, vaisiai, sausainiai, u\u017ekand\u017eiai.<\/span><br \/>\n<span style=\"color: #000000; font-size: 20px;\">Tras\u0173 \u012fveikimo rezultatai bus \u012ftraukti \u012f b\u0117gimo protokol\u0105 ir paskelbti internetiniame <a href=\"https:\/\/www.myrace.lt\/maratonadienis\/\">www.myrace.lt\/maratonadienis<\/a> puslapyje.<\/span><\/p>\n<p>&nbsp;<\/p>\n<p><span style=\"font-size: 20px;\"><strong><span style=\"color: #000000;\">ORGANIZATORIAI:<\/span><\/strong><\/span><br \/>\n<span style=\"color: #000000; font-size: 20px;\">V\u0161\u012e Maratomanija,\u00a0 \u00a0Valdas<\/span><\/p>\n<p><span style=\"color: #000000; font-size: 20px;\">Turint klausim\u0173 galima kreiptis tel.nr. +370 615 32233 &#8211; Valdas arba ra\u0161yti el.p. maratomanija@gmail.com<\/span><\/p>\n<p>&nbsp;<\/p>\n","protected":false},"excerpt":{"rendered":"<p>DU\u0160IMTINIS MARATONAS &nbsp; NUOSTATAI DU\u0160IMTINIS MARATONAS \u2013 tai maratono \u0161vent\u0117, kurioje aistra b\u0117gti, noras jud\u0117ti, meil\u0117 maratonui yra didesn\u0117 vertyb\u0117 net u\u017e j\u016bs\u0173 politines ar religines pa\u017ei\u016bras. &nbsp; STARTO VIETA ir LAIKAS: DVI\u0160IMTINIS MARATONAS \u012fvyks 2024-10-05 11.00 val. Vieta &#8211; Utenos Hipodromas, U\u017epali\u0173 g. 101, Utena, 28215 Utenos r. sav. TRASA: Trasa &#8211; 1005 m [&hellip;]<\/p>\n","protected":false},"author":2,"featured_media":0,"parent":630,"menu_order":0,"comment_status":"closed","ping_status":"closed","template":"","meta":{"footnotes":""},"class_list":["post-788","page","type-page","status-publish","hentry"],"_links":{"self":[{"href":"https:\/\/www.myrace.lt\/maratonadienis\/wp-json\/wp\/v2\/pages\/788","targetHints":{"allow":["GET"]}}],"collection":[{"href":"https:\/\/www.myrace.lt\/maratonadienis\/wp-json\/wp\/v2\/pages"}],"about":[{"href":"https:\/\/www.myrace.lt\/maratonadienis\/wp-json\/wp\/v2\/types\/page"}],"author":[{"embeddable":true,"href":"https:\/\/www.myrace.lt\/maratonadienis\/wp-json\/wp\/v2\/users\/2"}],"replies":[{"embeddable":true,"href":"https:\/\/www.myrace.lt\/maratonadienis\/wp-json\/wp\/v2\/comments?post=788"}],"version-history":[{"count":42,"href":"https:\/\/www.myrace.lt\/maratonadienis\/wp-json\/wp\/v2\/pages\/788\/revisions"}],"predecessor-version":[{"id":847,"href":"https:\/\/www.myrace.lt\/maratonadienis\/wp-json\/wp\/v2\/pages\/788\/revisions\/847"}],"up":[{"embeddable":true,"href":"https:\/\/www.myrace.lt\/maratonadienis\/wp-json\/wp\/v2\/pages\/630"}],"wp:attachment":[{"href":"https:\/\/www.myrace.lt\/maratonadienis\/wp-json\/wp\/v2\/media?parent=788"}],"curies":[{"name":"wp","href":"https:\/\/api.w.org\/{rel}","templated":true}]}}