{"id":733,"date":"2024-08-22T11:14:20","date_gmt":"2024-08-22T08:14:20","guid":{"rendered":"https:\/\/www.myrace.lt\/maratonadienis\/?page_id=733"},"modified":"2026-04-10T14:31:42","modified_gmt":"2026-04-10T11:31:42","slug":"dalyviai","status":"publish","type":"page","link":"https:\/\/www.myrace.lt\/maratonadienis\/dalyviai\/","title":{"rendered":"Dalyviai   &#8222;Tiesiog maratonas&#8221;"},"content":{"rendered":"<p><b><span lang=\"LT\">\t<link rel=\"stylesheet\" type=\"text\/css\" href=\"https:\/\/www.myrace.lt\/registravimas\/tools\/color_myrace.css\" \/>\n\t<link rel=\"stylesheet\" type=\"text\/css\" href=\"https:\/\/www.myrace.lt\/registravimas\/tools\/style03.css\" \/>\n<link rel=\"stylesheet\" type=\"text\/css\" href=\"https:\/\/www.myrace.lt\/registravimas\/tools\/uzsiregistravo.css\" \/><div style=\"overflow-x:auto;\"><table class=\"lentele\" width=\"100%\" cellspacing=\"0\" cellpadding=\"0\"><tr><th width=\"40px\"><a href=\"?sort=id\">Eil.<br\/>Nr.<img decoding=\"async\" src=\"https:\/\/www.myrace.lt\/\/registravimas\/images\/sort_asc.png\"><\/a><\/th><th width=\"80px\"><a href=\"?sort=vardas\">Vardas<\/a><\/th><th width=\"130px\"><a href=\"?sort=pavarde\">Pavard\u0117<\/a><\/th><th width=\"70px\"><a href=\"?sort=lytis\">Lytis<\/a><form name=\"f_lytis\"><select class=\"filtruoti\" id=\"filtrai\" onchange=\"lytis()\"><option value=\"1\">VYR<\/option><option value=\"2\">MOT<\/option><option value=\"-1\" selected=\"selected\">[visi]<\/option><\/select><\/form>\n\t\t<script type=\"text\/javascript\">function lytis() {filtras=document.f_lytis.filtrai.value;document.location.href = \"index.php?lytis=\" + filtras;}\n\t\t<\/script><\/th><th width=\"80px\"><a href=\"?sort=gimimodata\">Gimimo<br\/>metai<\/a><\/th><th width=\"60px\"><a href=\"?sort=salis\">\u0160alis<\/a><form name=\"f_salis\"><select class=\"filtruoti\" id=\"filtrai\" onchange=\"salis()\"><option value=\"0\">LTU<\/option><option value=\"-1\" selected=\"selected\">[visi]<\/option><\/select><\/form>\n\t\t<script type=\"text\/javascript\">function salis() {filtras=document.f_salis.filtrai.value;document.location.href = \"index.php?salis=\" + filtras;}\n\t\t<\/script><\/th><th width=\"120px\"><a href=\"?sort=miestas\">Miestas<\/a><form name=\"f_miestas\"><select class=\"filtruoti\" id=\"filtrai\" onchange=\"miestas()\"><option value=\"0\"><\/option><option value=\"1\">Domeikava<\/option><option value=\"2\">Kaunas<\/option><option value=\"3\">Plung\u0117<\/option><option value=\"4\">Roki\u0161kis <\/option><option value=\"5\">\u0160iauliai<\/option><option value=\"6\">Vilnius<\/option><option value=\"-1\" selected=\"selected\">[visi]<\/option><\/select><\/form>\n\t\t<script type=\"text\/javascript\">function miestas() {filtras=document.f_miestas.filtrai.value;document.location.href = \"index.php?miestas=\" + filtras;}\n\t\t<\/script><\/th><th width=\"200px\"><a href=\"?sort=klubas\">Organizacija \/ Klubas<\/a><form name=\"f_klubas\"><select class=\"filtruoti\" id=\"filtrai\" onchange=\"klubas()\"><option value=\"0\"><\/option><option value=\"1\">ChallengeMe_<\/option><option value=\"2\">Mackvynas<\/option><option value=\"3\">Maratomanija<\/option><option value=\"4\">Next Time<\/option><option value=\"5\">Rokiskenas bega Maratomanija <\/option><option value=\"6\">Savaranki\u0161kai<\/option><option value=\"-1\" selected=\"selected\">[visi]<\/option><\/select><\/form>\n\t\t<script type=\"text\/javascript\">function klubas() {filtras=document.f_klubas.filtrai.value;document.location.href = \"index.php?klubas=\" + filtras;}\n\t\t<\/script><\/th><th width=\"130px\"><a href=\"?sort=nuotolis\">Nuotolis<\/a><form name=\"f_nuotolis\"><select class=\"filtruoti\" id=\"filtrai\" onchange=\"nuotolis()\"><option value=\"1\">Maratonas<\/option><option value=\"2\"> 12.7 km<\/option><option value=\"3\"> 8.4 km<\/option><option value=\"-1\" selected=\"selected\">[visi]<\/option><\/select><\/form>\n\t\t<script type=\"text\/javascript\">function nuotolis() {filtras=document.f_nuotolis.filtrai.value;document.location.href = \"index.php?nuotolis=\" + filtras;}\n\t\t<\/script><\/th><th width=\"90px\"><a href=\"?sort=apmoketa\">Patvirtinta<\/a><form name=\"f_apmoketa\"><select class=\"filtruoti\" id=\"filtrai\" onchange=\"apmoketa()\"><option value=\"0\">NE<\/option><option value=\"1\">TAIP<\/option><option value=\"-1\" selected=\"selected\">[visi]<\/option><\/select><\/form>\n\t\t<script type=\"text\/javascript\">function apmoketa() {filtras=document.f_apmoketa.filtrai.value;document.location.href = \"index.php?apmoketa=\" + filtras;}\n\t\t<\/script><\/th><\/tr><p class=\"pranesti\">U\u017dSIREGISTRAV\u0118 DALYVIAI (viso - 25, rodoma - 25)<\/p><p>D\u0117l netikslum\u0173 ir korekcij\u0173 ra\u0161ykite el.pa\u0161tu <a href=\"mailto:registracija@myrace.lt?subject=Registracija: Tiesiog maratonas #9\">registracija@myrace.lt<\/a><\/p><tr class=\"meniuoff\" onmouseover=\"className=&quot;meniuon&quot;\" onmouseout=\"className=&quot;meniuoff&quot;\"><td>1.<\/td><td style=\"text-align: right; padding-right: 10px;\">Valdas<\/td><td style=\"text-align: left; padding-left: 10px;\">\u0160mai\u017eys<\/td><td>VYR<\/td><td>1974<\/td><td>LTU<\/td><td>Vilnius<\/td><td style=\"text-align: left; padding-left: 10px;\">Maratomanija<\/td><td>Maratonas<\/td><td><img decoding=\"async\" src=\"https:\/\/www.myrace.lt\/registravimas\/images\/checked.png\"><\/td><\/tr><tr class=\"meniuoff\" onmouseover=\"className=&quot;meniuon&quot;\" onmouseout=\"className=&quot;meniuoff&quot;\"><td>2.<\/td><td style=\"text-align: right; padding-right: 10px;\">Lina<\/td><td style=\"text-align: left; padding-left: 10px;\">Abromaityt\u0117  \u0160mai\u017e\u0117<\/td><td>MOT<\/td><td>1979<\/td><td>LTU<\/td><td>Vilnius<\/td><td style=\"text-align: left; padding-left: 10px;\">Maratomanija<\/td><td>Maratonas<\/td><td><img decoding=\"async\" src=\"https:\/\/www.myrace.lt\/registravimas\/images\/checked.png\"><\/td><\/tr><tr class=\"meniuoff\" onmouseover=\"className=&quot;meniuon&quot;\" onmouseout=\"className=&quot;meniuoff&quot;\"><td>3.<\/td><td style=\"text-align: right; padding-right: 10px;\">Romas<\/td><td style=\"text-align: left; padding-left: 10px;\">Olchovik<\/td><td>VYR<\/td><td>1991<\/td><td>LTU<\/td><td>Vilnius<\/td><td style=\"text-align: left; padding-left: 10px;\">Maratomanija<\/td><td>Maratonas<\/td><td><img decoding=\"async\" src=\"https:\/\/www.myrace.lt\/registravimas\/images\/checked.png\"><\/td><\/tr><tr class=\"meniuoff\" onmouseover=\"className=&quot;meniuon&quot;\" onmouseout=\"className=&quot;meniuoff&quot;\"><td>4.<\/td><td style=\"text-align: right; padding-right: 10px;\">Emilija<\/td><td style=\"text-align: left; padding-left: 10px;\">Karpickait\u0117<\/td><td>MOT<\/td><td>2010<\/td><td>LTU<\/td><td>Vilnius<\/td><td style=\"text-align: left; padding-left: 10px;\">&nbsp;<\/td><br \/>\n<b>Warning<\/b>:  Undefined array key 8 in <b>\/home\/u360715661\/domains\/myrace.lt\/public_html\/registravimas\/uzsiregistravo.php<\/b> on line <b>253<\/b><br \/>\n<td>&nbsp;<\/td><td><input type=\"checkbox\" onclick=\"this.checked = false\"><\/td><\/tr><tr class=\"meniuoff\" onmouseover=\"className=&quot;meniuon&quot;\" onmouseout=\"className=&quot;meniuoff&quot;\"><td>5.<\/td><td style=\"text-align: right; padding-right: 10px;\">Martynas<\/td><td style=\"text-align: left; padding-left: 10px;\">Rub\u010dinskas<\/td><td>VYR<\/td><td>2006<\/td><td>LTU<\/td><td>Vilnius<\/td><td style=\"text-align: left; padding-left: 10px;\">&nbsp;<\/td><br \/>\n<b>Warning<\/b>:  Undefined array key 7 in <b>\/home\/u360715661\/domains\/myrace.lt\/public_html\/registravimas\/uzsiregistravo.php<\/b> on line <b>253<\/b><br \/>\n<td>&nbsp;<\/td><td><input type=\"checkbox\" onclick=\"this.checked = false\"><\/td><\/tr><tr class=\"meniuoff\" onmouseover=\"className=&quot;meniuon&quot;\" onmouseout=\"className=&quot;meniuoff&quot;\"><td>6.<\/td><td style=\"text-align: right; padding-right: 10px;\">Svajunas <\/td><td style=\"text-align: left; padding-left: 10px;\">\u0160aknys <\/td><td>VYR<\/td><td>1987<\/td><td>LTU<\/td><td>Roki\u0161kis <\/td><td style=\"text-align: left; padding-left: 10px;\">Rokiskenas bega Maratomanija <\/td><br \/>\n<b>Warning<\/b>:  Undefined array key 6 in <b>\/home\/u360715661\/domains\/myrace.lt\/public_html\/registravimas\/uzsiregistravo.php<\/b> on line <b>253<\/b><br \/>\n<td>&nbsp;<\/td><td><img decoding=\"async\" src=\"https:\/\/www.myrace.lt\/registravimas\/images\/checked.png\"><\/td><\/tr><tr class=\"meniuoff\" onmouseover=\"className=&quot;meniuon&quot;\" onmouseout=\"className=&quot;meniuoff&quot;\"><td>7.<\/td><td style=\"text-align: right; padding-right: 10px;\">Saulius<\/td><td style=\"text-align: left; padding-left: 10px;\">Selilo<\/td><td>VYR<\/td><td>1988<\/td><td>LTU<\/td><td>Vilnius<\/td><td style=\"text-align: left; padding-left: 10px;\">Next Time<\/td><br \/>\n<b>Warning<\/b>:  Undefined array key 8 in <b>\/home\/u360715661\/domains\/myrace.lt\/public_html\/registravimas\/uzsiregistravo.php<\/b> on line <b>253<\/b><br \/>\n<td>&nbsp;<\/td><td><input type=\"checkbox\" onclick=\"this.checked = false\"><\/td><\/tr><tr class=\"meniuoff\" onmouseover=\"className=&quot;meniuon&quot;\" onmouseout=\"className=&quot;meniuoff&quot;\"><td>8.<\/td><td style=\"text-align: right; padding-right: 10px;\">Vilius<\/td><td style=\"text-align: left; padding-left: 10px;\">Bastys<\/td><td>VYR<\/td><td>1983<\/td><td>LTU<\/td><td>Vilnius<\/td><td style=\"text-align: left; padding-left: 10px;\">ChallengeMe_<\/td><td>Maratonas<\/td><td><img decoding=\"async\" src=\"https:\/\/www.myrace.lt\/registravimas\/images\/checked.png\"><\/td><\/tr><tr class=\"meniuoff\" onmouseover=\"className=&quot;meniuon&quot;\" onmouseout=\"className=&quot;meniuoff&quot;\"><td>9.<\/td><td style=\"text-align: right; padding-right: 10px;\">Malda <\/td><td style=\"text-align: left; padding-left: 10px;\">Jurate <\/td><td>MOT<\/td><td>2001<\/td><td>LTU<\/td><td>Vilnius<\/td><td style=\"text-align: left; padding-left: 10px;\">&nbsp;<\/td><br \/>\n<b>Warning<\/b>:  Undefined array key 8 in <b>\/home\/u360715661\/domains\/myrace.lt\/public_html\/registravimas\/uzsiregistravo.php<\/b> on line <b>253<\/b><br \/>\n<td>&nbsp;<\/td><td><input type=\"checkbox\" onclick=\"this.checked = false\"><\/td><\/tr><tr class=\"meniuoff\" onmouseover=\"className=&quot;meniuon&quot;\" onmouseout=\"className=&quot;meniuoff&quot;\"><td>10.<\/td><td style=\"text-align: right; padding-right: 10px;\">Aurelijus<\/td><td style=\"text-align: left; padding-left: 10px;\">Gutauskas<\/td><td>VYR<\/td><td>1972<\/td><td>LTU<\/td><td>Vilnius<\/td><td style=\"text-align: left; padding-left: 10px;\">Savaranki\u0161kai<\/td><br \/>\n<b>Warning<\/b>:  Undefined array key 7 in <b>\/home\/u360715661\/domains\/myrace.lt\/public_html\/registravimas\/uzsiregistravo.php<\/b> on line <b>253<\/b><br \/>\n<td>&nbsp;<\/td><td><img decoding=\"async\" src=\"https:\/\/www.myrace.lt\/registravimas\/images\/checked.png\"><\/td><\/tr><tr class=\"meniuoff\" onmouseover=\"className=&quot;meniuon&quot;\" onmouseout=\"className=&quot;meniuoff&quot;\"><td>11.<\/td><td style=\"text-align: right; padding-right: 10px;\">Gintar\u0117<\/td><td style=\"text-align: left; padding-left: 10px;\">Jonu\u0161ait\u0117<\/td><td>MOT<\/td><td>2002<\/td><td>LTU<\/td><td>Kaunas<\/td><td style=\"text-align: left; padding-left: 10px;\">&nbsp;<\/td><br \/>\n<b>Warning<\/b>:  Undefined array key 6 in <b>\/home\/u360715661\/domains\/myrace.lt\/public_html\/registravimas\/uzsiregistravo.php<\/b> on line <b>253<\/b><br \/>\n<td>&nbsp;<\/td><td><input type=\"checkbox\" onclick=\"this.checked = false\"><\/td><\/tr><tr class=\"meniuoff\" onmouseover=\"className=&quot;meniuon&quot;\" onmouseout=\"className=&quot;meniuoff&quot;\"><td>12.<\/td><td style=\"text-align: right; padding-right: 10px;\">Jolanta<\/td><td style=\"text-align: left; padding-left: 10px;\">Nasalyte<\/td><td>MOT<\/td><td>1985<\/td><td>LTU<\/td><td>Vilnius<\/td><td style=\"text-align: left; padding-left: 10px;\">&nbsp;<\/td><br \/>\n<b>Warning<\/b>:  Undefined array key 7 in <b>\/home\/u360715661\/domains\/myrace.lt\/public_html\/registravimas\/uzsiregistravo.php<\/b> on line <b>253<\/b><br \/>\n<td>&nbsp;<\/td><td><input type=\"checkbox\" onclick=\"this.checked = false\"><\/td><\/tr><tr class=\"meniuoff\" onmouseover=\"className=&quot;meniuon&quot;\" onmouseout=\"className=&quot;meniuoff&quot;\"><td>13.<\/td><td style=\"text-align: right; padding-right: 10px;\">\u016ala<\/td><td style=\"text-align: left; padding-left: 10px;\">Dambrauskait\u0117 <\/td><td>MOT<\/td><td>2007<\/td><td>LTU<\/td><td>\u0160iauliai<\/td><td style=\"text-align: left; padding-left: 10px;\">&nbsp;<\/td><br \/>\n<b>Warning<\/b>:  Undefined array key 4 in <b>\/home\/u360715661\/domains\/myrace.lt\/public_html\/registravimas\/uzsiregistravo.php<\/b> on line <b>253<\/b><br \/>\n<td>&nbsp;<\/td><td><input type=\"checkbox\" onclick=\"this.checked = false\"><\/td><\/tr><tr class=\"meniuoff\" onmouseover=\"className=&quot;meniuon&quot;\" onmouseout=\"className=&quot;meniuoff&quot;\"><td>14.<\/td><td style=\"text-align: right; padding-right: 10px;\">Tadas<\/td><td style=\"text-align: left; padding-left: 10px;\">Beniulis<\/td><td>VYR<\/td><td>1979<\/td><td>LTU<\/td><td>Vilnius<\/td><td style=\"text-align: left; padding-left: 10px;\">Maratomanija<\/td><td>Maratonas<\/td><td><img decoding=\"async\" src=\"https:\/\/www.myrace.lt\/registravimas\/images\/checked.png\"><\/td><\/tr><tr class=\"meniuoff\" onmouseover=\"className=&quot;meniuon&quot;\" onmouseout=\"className=&quot;meniuoff&quot;\"><td>15.<\/td><td style=\"text-align: right; padding-right: 10px;\">Aleksandr<\/td><td style=\"text-align: left; padding-left: 10px;\">Somkin<\/td><td>VYR<\/td><td>1989<\/td><td>LTU<\/td><td>Vilnius<\/td><td style=\"text-align: left; padding-left: 10px;\">Maratomanija<\/td><br \/>\n<b>Warning<\/b>:  Undefined array key 7 in <b>\/home\/u360715661\/domains\/myrace.lt\/public_html\/registravimas\/uzsiregistravo.php<\/b> on line <b>253<\/b><br \/>\n<td>&nbsp;<\/td><td><img decoding=\"async\" src=\"https:\/\/www.myrace.lt\/registravimas\/images\/checked.png\"><\/td><\/tr><tr class=\"meniuoff\" onmouseover=\"className=&quot;meniuon&quot;\" onmouseout=\"className=&quot;meniuoff&quot;\"><td>16.<\/td><td style=\"text-align: right; padding-right: 10px;\">Pranas<\/td><td style=\"text-align: left; padding-left: 10px;\">Marcikonis<\/td><td>VYR<\/td><td>1997<\/td><td>LTU<\/td><td>&nbsp;<\/td><td style=\"text-align: left; padding-left: 10px;\">&nbsp;<\/td><br \/>\n<b>Warning<\/b>:  Undefined array key 8 in <b>\/home\/u360715661\/domains\/myrace.lt\/public_html\/registravimas\/uzsiregistravo.php<\/b> on line <b>253<\/b><br \/>\n<td>&nbsp;<\/td><td><input type=\"checkbox\" onclick=\"this.checked = false\"><\/td><\/tr><tr class=\"meniuoff\" onmouseover=\"className=&quot;meniuon&quot;\" onmouseout=\"className=&quot;meniuoff&quot;\"><td>17.<\/td><td style=\"text-align: right; padding-right: 10px;\">Dominykas<\/td><td style=\"text-align: left; padding-left: 10px;\">Gri\u0161kevi\u010dius<\/td><td>VYR<\/td><td>2003<\/td><td>LTU<\/td><td>Vilnius<\/td><td style=\"text-align: left; padding-left: 10px;\">&nbsp;<\/td><br \/>\n<b>Warning<\/b>:  Undefined array key 4 in <b>\/home\/u360715661\/domains\/myrace.lt\/public_html\/registravimas\/uzsiregistravo.php<\/b> on line <b>253<\/b><br \/>\n<td>&nbsp;<\/td><td><input type=\"checkbox\" onclick=\"this.checked = false\"><\/td><\/tr><tr class=\"meniuoff\" onmouseover=\"className=&quot;meniuon&quot;\" onmouseout=\"className=&quot;meniuoff&quot;\"><td>18.<\/td><td style=\"text-align: right; padding-right: 10px;\">Ugn\u0117<\/td><td style=\"text-align: left; padding-left: 10px;\">Liucvai<\/td><td>MOT<\/td><td>2002<\/td><td>LTU<\/td><td>Vilnius<\/td><td style=\"text-align: left; padding-left: 10px;\">&nbsp;<\/td><br \/>\n<b>Warning<\/b>:  Undefined array key 8 in <b>\/home\/u360715661\/domains\/myrace.lt\/public_html\/registravimas\/uzsiregistravo.php<\/b> on line <b>253<\/b><br \/>\n<td>&nbsp;<\/td><td><input type=\"checkbox\" onclick=\"this.checked = false\"><\/td><\/tr><tr class=\"meniuoff\" onmouseover=\"className=&quot;meniuon&quot;\" onmouseout=\"className=&quot;meniuoff&quot;\"><td>19.<\/td><td style=\"text-align: right; padding-right: 10px;\">Aurimas<\/td><td style=\"text-align: left; padding-left: 10px;\">Karlonas<\/td><td>VYR<\/td><td>1995<\/td><td>LTU<\/td><td>&nbsp;<\/td><td style=\"text-align: left; padding-left: 10px;\">&nbsp;<\/td><br \/>\n<b>Warning<\/b>:  Undefined array key 8 in <b>\/home\/u360715661\/domains\/myrace.lt\/public_html\/registravimas\/uzsiregistravo.php<\/b> on line <b>253<\/b><br \/>\n<td>&nbsp;<\/td><td><input type=\"checkbox\" onclick=\"this.checked = false\"><\/td><\/tr><tr class=\"meniuoff\" onmouseover=\"className=&quot;meniuon&quot;\" onmouseout=\"className=&quot;meniuoff&quot;\"><td>20.<\/td><td style=\"text-align: right; padding-right: 10px;\">Aurimas<\/td><td style=\"text-align: left; padding-left: 10px;\">Karlonas<\/td><td>VYR<\/td><td>1995<\/td><td>LTU<\/td><td>&nbsp;<\/td><td style=\"text-align: left; padding-left: 10px;\">&nbsp;<\/td><br \/>\n<b>Warning<\/b>:  Undefined array key 8 in <b>\/home\/u360715661\/domains\/myrace.lt\/public_html\/registravimas\/uzsiregistravo.php<\/b> on line <b>253<\/b><br \/>\n<td>&nbsp;<\/td><td><input type=\"checkbox\" onclick=\"this.checked = false\"><\/td><\/tr><tr class=\"meniuoff\" onmouseover=\"className=&quot;meniuon&quot;\" onmouseout=\"className=&quot;meniuoff&quot;\"><td>21.<\/td><td style=\"text-align: right; padding-right: 10px;\">Monika <\/td><td style=\"text-align: left; padding-left: 10px;\">Narkute<\/td><td>MOT<\/td><td>1997<\/td><td>LTU<\/td><td>&nbsp;<\/td><td style=\"text-align: left; padding-left: 10px;\">&nbsp;<\/td><br \/>\n<b>Warning<\/b>:  Undefined array key 8 in <b>\/home\/u360715661\/domains\/myrace.lt\/public_html\/registravimas\/uzsiregistravo.php<\/b> on line <b>253<\/b><br \/>\n<td>&nbsp;<\/td><td><input type=\"checkbox\" onclick=\"this.checked = false\"><\/td><\/tr><tr class=\"meniuoff\" onmouseover=\"className=&quot;meniuon&quot;\" onmouseout=\"className=&quot;meniuoff&quot;\"><td>22.<\/td><td style=\"text-align: right; padding-right: 10px;\">\u017divil\u0117<\/td><td style=\"text-align: left; padding-left: 10px;\">Pocevi\u010di\u016bt\u0117 <\/td><td>MOT<\/td><td>2002<\/td><td>LTU<\/td><td>Vilnius<\/td><td style=\"text-align: left; padding-left: 10px;\">&nbsp;<\/td><br \/>\n<b>Warning<\/b>:  Undefined array key 6 in <b>\/home\/u360715661\/domains\/myrace.lt\/public_html\/registravimas\/uzsiregistravo.php<\/b> on line <b>253<\/b><br \/>\n<td>&nbsp;<\/td><td><input type=\"checkbox\" onclick=\"this.checked = false\"><\/td><\/tr><tr class=\"meniuoff\" onmouseover=\"className=&quot;meniuon&quot;\" onmouseout=\"className=&quot;meniuoff&quot;\"><td>23.<\/td><td style=\"text-align: right; padding-right: 10px;\">\u017divil\u0117<\/td><td style=\"text-align: left; padding-left: 10px;\">Pocevi\u010di\u016bt\u0117 <\/td><td>MOT<\/td><td>2002<\/td><td>LTU<\/td><td>Vilnius<\/td><td style=\"text-align: left; padding-left: 10px;\">&nbsp;<\/td><br \/>\n<b>Warning<\/b>:  Undefined array key 6 in <b>\/home\/u360715661\/domains\/myrace.lt\/public_html\/registravimas\/uzsiregistravo.php<\/b> on line <b>253<\/b><br \/>\n<td>&nbsp;<\/td><td><input type=\"checkbox\" onclick=\"this.checked = false\"><\/td><\/tr><tr class=\"meniuoff\" onmouseover=\"className=&quot;meniuon&quot;\" onmouseout=\"className=&quot;meniuoff&quot;\"><td>24.<\/td><td style=\"text-align: right; padding-right: 10px;\">Justas<\/td><td style=\"text-align: left; padding-left: 10px;\">Mackevi\u010dius<\/td><td>VYR<\/td><td>2003<\/td><td>LTU<\/td><td>Plung\u0117<\/td><td style=\"text-align: left; padding-left: 10px;\">Mackvynas<\/td><br \/>\n<b>Warning<\/b>:  Undefined array key 7 in <b>\/home\/u360715661\/domains\/myrace.lt\/public_html\/registravimas\/uzsiregistravo.php<\/b> on line <b>253<\/b><br \/>\n<td>&nbsp;<\/td><td><input type=\"checkbox\" onclick=\"this.checked = false\"><\/td><\/tr><tr class=\"meniuoff\" onmouseover=\"className=&quot;meniuon&quot;\" onmouseout=\"className=&quot;meniuoff&quot;\"><td>25.<\/td><td style=\"text-align: right; padding-right: 10px;\">Vytautas<\/td><td style=\"text-align: left; padding-left: 10px;\">Bivainis<\/td><td>VYR<\/td><td>1997<\/td><td>LTU<\/td><td>Domeikava<\/td><td style=\"text-align: left; padding-left: 10px;\">&nbsp;<\/td><br \/>\n<b>Warning<\/b>:  Undefined array key 4 in <b>\/home\/u360715661\/domains\/myrace.lt\/public_html\/registravimas\/uzsiregistravo.php<\/b> on line <b>253<\/b><br \/>\n<td>&nbsp;<\/td><td><input type=\"checkbox\" onclick=\"this.checked = false\"><\/td><\/tr><\/table><\/div><\/span><\/b><\/p>\n","protected":false},"excerpt":{"rendered":"","protected":false},"author":2,"featured_media":0,"parent":0,"menu_order":0,"comment_status":"closed","ping_status":"closed","template":"templates\/full-width-page.php","meta":{"footnotes":""},"class_list":["post-733","page","type-page","status-publish","hentry"],"_links":{"self":[{"href":"https:\/\/www.myrace.lt\/maratonadienis\/wp-json\/wp\/v2\/pages\/733","targetHints":{"allow":["GET"]}}],"collection":[{"href":"https:\/\/www.myrace.lt\/maratonadienis\/wp-json\/wp\/v2\/pages"}],"about":[{"href":"https:\/\/www.myrace.lt\/maratonadienis\/wp-json\/wp\/v2\/types\/page"}],"author":[{"embeddable":true,"href":"https:\/\/www.myrace.lt\/maratonadienis\/wp-json\/wp\/v2\/users\/2"}],"replies":[{"embeddable":true,"href":"https:\/\/www.myrace.lt\/maratonadienis\/wp-json\/wp\/v2\/comments?post=733"}],"version-history":[{"count":30,"href":"https:\/\/www.myrace.lt\/maratonadienis\/wp-json\/wp\/v2\/pages\/733\/revisions"}],"predecessor-version":[{"id":1842,"href":"https:\/\/www.myrace.lt\/maratonadienis\/wp-json\/wp\/v2\/pages\/733\/revisions\/1842"}],"wp:attachment":[{"href":"https:\/\/www.myrace.lt\/maratonadienis\/wp-json\/wp\/v2\/media?parent=733"}],"curies":[{"name":"wp","href":"https:\/\/api.w.org\/{rel}","templated":true}]}}