{"id":667,"date":"2024-07-28T20:56:34","date_gmt":"2024-07-28T17:56:34","guid":{"rendered":"https:\/\/www.myrace.lt\/maratonadienis\/?page_id=667"},"modified":"2024-08-03T21:10:19","modified_gmt":"2024-08-03T18:10:19","slug":"rezultatai-maratonadienis-12","status":"publish","type":"page","link":"https:\/\/www.myrace.lt\/maratonadienis\/rezultatai\/rezultatai-maratonadienis-12\/","title":{"rendered":"Rezultatai (Maratonadienis #12 | 2024.07.27)"},"content":{"rendered":"<style type=\"text\/css\">\ntd {\n\tborder: 1px solid #ddd;\n\tpadding: 2px;\n\tvertical-align: middle;\n  }\n}\n<\/style>\n\n\n\t<link rel=\"stylesheet\" type=\"text\/css\" href=\"\/registravimas\/tools\/color_myrace.css\" \/>\n\t<link rel=\"stylesheet\" type=\"text\/css\" href=\"\/registravimas\/tools\/rezultatai.css\" \/><div><form name=\"f_distancija\">Pasirinkite distancij\u0105: <select style=\"width: 320px\" id=\"filtrai\" onchange=\"distancija()\"><option value=\"0\" selected=\"selected\">Visos distancijos<\/option><option value=\"1\">Maratonas<\/option><option value=\"2\"> Pusmaratonis<\/option><option value=\"3\"> 16.9 km<\/option><option value=\"4\"> 8.4 km<\/option><option value=\"5\"> 4.2 km<\/option><\/select>\n\t<\/form>\n\t<script type=\"text\/javascript\">function distancija() {filtras=document.f_distancija.filtrai.value;document.location.href = \"?distancija=\" + filtras;}\n\t<\/script><\/div><div style=\"overflow-x:auto;\"><table class=\"rezai\" width=\"1024px\" border=\"1\" cellspacing=\"0\" cellpadding=\"2\"><tr class=\"rezai\"><th width=\"40px\"><a href=\"?pagal=id\">Eil.<br\/>Nr.<\/a><\/th><th width=\"70\">Diplomas<\/th><th width=\"40px\"><a href=\"?pagal=nr\">Nr.<\/a><\/th><th width=\"70px\"><a href=\"?pagal=vardas\">Vardas<\/a><\/th><th width=\"70px\"><a href=\"?pagal=pavarde\">Pavard\u0117<\/a><\/th><th width=\"40px\"><a href=\"?pagal=lytis\">Lytis<\/a><\/th><th width=\"50px\"><a href=\"?pagal=gimimo\">Am\u017eius<\/a><\/th><th width=\"50px\"><a href=\"?pagal=salis\">\u0160alis<\/a><\/th><th width=\"100px\"><a href=\"?pagal=miestas\">Miestas<\/a><\/th><th width=\"150px\"><a href=\"?pagal=klubas\">Klubas<\/a><\/th><th width=\"100px\"><a href=\"?pagal=distancija\">Distancija<\/a><\/th><th width=\"60px\"><a href=\"?pagal=rezultatas\">Rezultatas<\/a><\/th><th width=\"50px\"><a href=\"?pagal=greitis\">1 km greitis<\/a><\/th><\/tr><tr class=\"meniuoff\" onmouseover=\"className=&quot;meniuon&quot;\" onmouseout=\"className=&quot;meniuoff&quot;\"><td width=\"40px\">1.<\/td><td><a href=\"https:\/\/www.myrace.lt\/diplomas\/diplomas.php?id=11090\" target=\"_blank\">\n\t\t\t\t\t\t\t<img decoding=\"async\" src=\"\/diplomas\/diplomai\/ico-covid1.jpg\"><\/a><\/td><td width=\"40px\"><\/td><td style=\"text-align: right; padding-right: 10px;\" width=\"70px\">\u017dilvinas<\/td><td style=\"text-align: left; padding-left: 10px;\" width=\"70px\">Meldaikis<\/td><td width=\"40px\">V<\/td><td width=\"50px\">46<\/td><td width=\"50px\">LTU<\/td><td width=\"100px\">Kaunas<\/td><td width=\"150px\">Maratomanija<\/td><td width=\"100px\">42.2<\/td><td width=\"60px\">3:37:10<\/td><td width=\"50px\">0:05:09<\/td><\/tr><tr class=\"meniuoff\" onmouseover=\"className=&quot;meniuon&quot;\" onmouseout=\"className=&quot;meniuoff&quot;\"><td width=\"40px\">2.<\/td><td><a href=\"https:\/\/www.myrace.lt\/diplomas\/diplomas.php?id=11091\" target=\"_blank\">\n\t\t\t\t\t\t\t<img decoding=\"async\" src=\"\/diplomas\/diplomai\/ico-covid1.jpg\"><\/a><\/td><td width=\"40px\"><\/td><td style=\"text-align: right; padding-right: 10px;\" width=\"70px\">Romuald<\/td><td style=\"text-align: left; padding-left: 10px;\" width=\"70px\">Olchovik<\/td><td width=\"40px\">V<\/td><td width=\"50px\">33<\/td><td width=\"50px\">LTU<\/td><td width=\"100px\">Vilnius<\/td><td width=\"150px\">Snail it athletics<\/td><td width=\"100px\">42.2<\/td><td width=\"60px\">3:40:52<\/td><td width=\"50px\">0:05:14<\/td><\/tr><tr class=\"meniuoff\" onmouseover=\"className=&quot;meniuon&quot;\" onmouseout=\"className=&quot;meniuoff&quot;\"><td width=\"40px\">3.<\/td><td><a href=\"https:\/\/www.myrace.lt\/diplomas\/diplomas.php?id=11092\" target=\"_blank\">\n\t\t\t\t\t\t\t<img decoding=\"async\" src=\"\/diplomas\/diplomai\/ico-covid1.jpg\"><\/a><\/td><td width=\"40px\"><\/td><td style=\"text-align: right; padding-right: 10px;\" width=\"70px\">Tadas<\/td><td style=\"text-align: left; padding-left: 10px;\" width=\"70px\">Beniulis<\/td><td width=\"40px\">V<\/td><td width=\"50px\">45<\/td><td width=\"50px\">LTU<\/td><td width=\"100px\">Vilnius<\/td><td width=\"150px\">Maratomanija<\/td><td width=\"100px\">42.2<\/td><td width=\"60px\">4:46:10<\/td><td width=\"50px\">0:06:47<\/td><\/tr><tr class=\"meniuoff\" onmouseover=\"className=&quot;meniuon&quot;\" onmouseout=\"className=&quot;meniuoff&quot;\"><td width=\"40px\">4.<\/td><td><a href=\"https:\/\/www.myrace.lt\/diplomas\/diplomas.php?id=11093\" target=\"_blank\">\n\t\t\t\t\t\t\t<img decoding=\"async\" src=\"\/diplomas\/diplomai\/ico-covid1.jpg\"><\/a><\/td><td width=\"40px\"><\/td><td style=\"text-align: right; padding-right: 10px;\" width=\"70px\">Valdas<\/td><td style=\"text-align: left; padding-left: 10px;\" width=\"70px\">\u0160mai\u017eys<\/td><td width=\"40px\">V<\/td><td width=\"50px\">50<\/td><td width=\"50px\">LTU<\/td><td width=\"100px\">Vilnius<\/td><td width=\"150px\">Maratomanija<\/td><td width=\"100px\">42.2<\/td><td width=\"60px\">4:55:01<\/td><td width=\"50px\">0:06:59<\/td><\/tr><tr class=\"meniuoff\" onmouseover=\"className=&quot;meniuon&quot;\" onmouseout=\"className=&quot;meniuoff&quot;\"><td width=\"40px\">5.<\/td><td><a href=\"https:\/\/www.myrace.lt\/diplomas\/diplomas.php?id=11094\" target=\"_blank\">\n\t\t\t\t\t\t\t<img decoding=\"async\" src=\"\/diplomas\/diplomai\/ico-covid1.jpg\"><\/a><\/td><td width=\"40px\"><\/td><td style=\"text-align: right; padding-right: 10px;\" width=\"70px\">Lina<\/td><td style=\"text-align: left; padding-left: 10px;\" width=\"70px\">Abromaityt\u0117 - \u0160mai\u017e\u0117<\/td><td width=\"40px\">M<\/td><td width=\"50px\">45<\/td><td width=\"50px\">LTU<\/td><td width=\"100px\">Vilnius<\/td><td width=\"150px\">Maratomanija<\/td><td width=\"100px\">42.2<\/td><td width=\"60px\">5:21:35<\/td><td width=\"50px\">0:07:37<\/td><\/tr><tr class=\"meniuoff\" onmouseover=\"className=&quot;meniuon&quot;\" onmouseout=\"className=&quot;meniuoff&quot;\"><td width=\"40px\">6.<\/td><td><a href=\"https:\/\/www.myrace.lt\/diplomas\/diplomas.php?id=11095\" target=\"_blank\">\n\t\t\t\t\t\t\t<img decoding=\"async\" src=\"\/diplomas\/diplomai\/ico-covid1.jpg\"><\/a><\/td><td width=\"40px\"><\/td><td style=\"text-align: right; padding-right: 10px;\" width=\"70px\">Vidmantas<\/td><td style=\"text-align: left; padding-left: 10px;\" width=\"70px\">Rugienius<\/td><td width=\"40px\">V<\/td><td width=\"50px\">51<\/td><td width=\"50px\">LTU<\/td><td width=\"100px\">Marijampole<\/td><td width=\"150px\"><\/td><td width=\"100px\">42.2<\/td><td width=\"60px\">6:30:33<\/td><td width=\"50px\">0:09:15<\/td><\/tr><tr class=\"meniuoff\" onmouseover=\"className=&quot;meniuon&quot;\" onmouseout=\"className=&quot;meniuoff&quot;\"><td width=\"40px\">7.<\/td><td><a href=\"https:\/\/www.myrace.lt\/diplomas\/diplomas.php?id=11096\" target=\"_blank\">\n\t\t\t\t\t\t\t<img decoding=\"async\" src=\"\/diplomas\/diplomai\/ico-covid1.jpg\"><\/a><\/td><td width=\"40px\"><\/td><td style=\"text-align: right; padding-right: 10px;\" width=\"70px\">Aleksandr<\/td><td style=\"text-align: left; padding-left: 10px;\" width=\"70px\">Somkin<\/td><td width=\"40px\">V<\/td><td width=\"50px\">35<\/td><td width=\"50px\">LTU<\/td><td width=\"100px\">Vilnius<\/td><td width=\"150px\"><\/td><td width=\"100px\">21.1<\/td><td width=\"60px\">2:15:29<\/td><td width=\"50px\">0:06:25<\/td><\/tr><tr class=\"meniuoff\" onmouseover=\"className=&quot;meniuon&quot;\" onmouseout=\"className=&quot;meniuoff&quot;\"><td width=\"40px\">8.<\/td><td><a href=\"https:\/\/www.myrace.lt\/diplomas\/diplomas.php?id=11097\" target=\"_blank\">\n\t\t\t\t\t\t\t<img decoding=\"async\" src=\"\/diplomas\/diplomai\/ico-covid1.jpg\"><\/a><\/td><td width=\"40px\"><\/td><td style=\"text-align: right; padding-right: 10px;\" width=\"70px\">Rita<\/td><td style=\"text-align: left; padding-left: 10px;\" width=\"70px\">Demereckien\u0117<\/td><td width=\"40px\">M<\/td><td width=\"50px\">37<\/td><td width=\"50px\">LTU<\/td><td width=\"100px\">Vilnius<\/td><td width=\"150px\">Maratomanija<\/td><td width=\"100px\">16.9<\/td><td width=\"60px\">2:14:42<\/td><td width=\"50px\">0:07:58<\/td><\/tr><tr class=\"meniuoff\" onmouseover=\"className=&quot;meniuon&quot;\" onmouseout=\"className=&quot;meniuoff&quot;\"><td width=\"40px\">9.<\/td><td><a href=\"https:\/\/www.myrace.lt\/diplomas\/diplomas.php?id=11098\" target=\"_blank\">\n\t\t\t\t\t\t\t<img decoding=\"async\" src=\"\/diplomas\/diplomai\/ico-covid1.jpg\"><\/a><\/td><td width=\"40px\"><\/td><td style=\"text-align: right; padding-right: 10px;\" width=\"70px\">Deividas<\/td><td style=\"text-align: left; padding-left: 10px;\" width=\"70px\">Podobajevas<\/td><td width=\"40px\">V<\/td><td width=\"50px\">40<\/td><td width=\"50px\">LTU<\/td><td width=\"100px\"><\/td><td width=\"150px\"><\/td><td width=\"100px\">8.4<\/td><td width=\"60px\">1:15:30<\/td><td width=\"50px\">0:08:59<\/td><\/tr><tr class=\"meniuoff\" onmouseover=\"className=&quot;meniuon&quot;\" onmouseout=\"className=&quot;meniuoff&quot;\"><td width=\"40px\">10.<\/td><td><a href=\"https:\/\/www.myrace.lt\/diplomas\/diplomas.php?id=11099\" target=\"_blank\">\n\t\t\t\t\t\t\t<img decoding=\"async\" src=\"\/diplomas\/diplomai\/ico-covid1.jpg\"><\/a><\/td><td width=\"40px\"><\/td><td style=\"text-align: right; padding-right: 10px;\" width=\"70px\">Jurgita<\/td><td style=\"text-align: left; padding-left: 10px;\" width=\"70px\">Paulavi\u010di\u016bt\u0117<\/td><td width=\"40px\">M<\/td><td width=\"50px\">40<\/td><td width=\"50px\">LTU<\/td><td width=\"100px\"><\/td><td width=\"150px\"><\/td><td width=\"100px\">8.4<\/td><td width=\"60px\">1:17:40<\/td><td width=\"50px\">0:09:15<\/td><\/tr><tr class=\"meniuoff\" onmouseover=\"className=&quot;meniuon&quot;\" onmouseout=\"className=&quot;meniuoff&quot;\"><td width=\"40px\">11.<\/td><td><a href=\"https:\/\/www.myrace.lt\/diplomas\/diplomas.php?id=11100\" target=\"_blank\">\n\t\t\t\t\t\t\t<img decoding=\"async\" src=\"\/diplomas\/diplomai\/ico-covid1.jpg\"><\/a><\/td><td width=\"40px\"><\/td><td style=\"text-align: right; padding-right: 10px;\" width=\"70px\">Olga<\/td><td style=\"text-align: left; padding-left: 10px;\" width=\"70px\">Gri\u0161kalauskait\u0117<\/td><td width=\"40px\">M<\/td><td width=\"50px\">40<\/td><td width=\"50px\">LTU<\/td><td width=\"100px\"><\/td><td width=\"150px\"><\/td><td width=\"100px\">4.2<\/td><td width=\"60px\">0:57:54<\/td><td width=\"50px\">0:13:47<\/td><\/tr><\/table><\/div>\n<p>&nbsp;<\/p>\n","protected":false},"excerpt":{"rendered":"<p>&nbsp;<\/p>\n","protected":false},"author":1,"featured_media":0,"parent":359,"menu_order":0,"comment_status":"closed","ping_status":"closed","template":"templates\/full-width-page.php","meta":{"footnotes":""},"class_list":["post-667","page","type-page","status-publish","hentry"],"_links":{"self":[{"href":"https:\/\/www.myrace.lt\/maratonadienis\/wp-json\/wp\/v2\/pages\/667","targetHints":{"allow":["GET"]}}],"collection":[{"href":"https:\/\/www.myrace.lt\/maratonadienis\/wp-json\/wp\/v2\/pages"}],"about":[{"href":"https:\/\/www.myrace.lt\/maratonadienis\/wp-json\/wp\/v2\/types\/page"}],"author":[{"embeddable":true,"href":"https:\/\/www.myrace.lt\/maratonadienis\/wp-json\/wp\/v2\/users\/1"}],"replies":[{"embeddable":true,"href":"https:\/\/www.myrace.lt\/maratonadienis\/wp-json\/wp\/v2\/comments?post=667"}],"version-history":[{"count":1,"href":"https:\/\/www.myrace.lt\/maratonadienis\/wp-json\/wp\/v2\/pages\/667\/revisions"}],"predecessor-version":[{"id":668,"href":"https:\/\/www.myrace.lt\/maratonadienis\/wp-json\/wp\/v2\/pages\/667\/revisions\/668"}],"up":[{"embeddable":true,"href":"https:\/\/www.myrace.lt\/maratonadienis\/wp-json\/wp\/v2\/pages\/359"}],"wp:attachment":[{"href":"https:\/\/www.myrace.lt\/maratonadienis\/wp-json\/wp\/v2\/media?parent=667"}],"curies":[{"name":"wp","href":"https:\/\/api.w.org\/{rel}","templated":true}]}}