{"id":620,"date":"2024-07-09T23:28:40","date_gmt":"2024-07-09T20:28:40","guid":{"rendered":"https:\/\/www.myrace.lt\/maratonadienis\/?page_id=620"},"modified":"2024-07-09T23:30:54","modified_gmt":"2024-07-09T20:30:54","slug":"rezultatai-maratonadienis-11","status":"publish","type":"page","link":"https:\/\/www.myrace.lt\/maratonadienis\/rezultatai\/rezultatai-maratonadienis-11\/","title":{"rendered":"Rezultatai (Maratonadienis #11 | 2024.07.21)"},"content":{"rendered":"<style type=\"text\/css\">\ntd {\n\tborder: 1px solid #ddd;\n\tpadding: 2px;\n\tvertical-align: middle;\n  }\n}\n<\/style>\n\n\n\t<link rel=\"stylesheet\" type=\"text\/css\" href=\"\/registravimas\/tools\/color_myrace.css\" \/>\n\t<link rel=\"stylesheet\" type=\"text\/css\" href=\"\/registravimas\/tools\/rezultatai.css\" \/><div><form name=\"f_distancija\">Pasirinkite distancij\u0105: <select style=\"width: 320px\" id=\"filtrai\" onchange=\"distancija()\"><option value=\"0\" selected=\"selected\">Visos distancijos<\/option><option value=\"1\">Maratonas<\/option><option value=\"2\"> 31.6 km<\/option><option value=\"3\"> 26.4 km<\/option><option value=\"4\"> 21.2 km<\/option><option value=\"5\"> Pusmaratonis<\/option><option value=\"6\"> 10.6 km<\/option><option value=\"7\"> 5.3 km<\/option><\/select>\n\t<\/form>\n\t<script type=\"text\/javascript\">function distancija() {filtras=document.f_distancija.filtrai.value;document.location.href = \"?distancija=\" + filtras;}\n\t<\/script><\/div><div style=\"overflow-x:auto;\"><table class=\"rezai\" width=\"1024px\" border=\"1\" cellspacing=\"0\" cellpadding=\"2\"><tr class=\"rezai\"><th width=\"40px\"><a href=\"?pagal=id\">Eil.<br\/>Nr.<\/a><\/th><th width=\"70\">Diplomas<\/th><th width=\"40px\"><a href=\"?pagal=nr\">Nr.<\/a><\/th><th width=\"70px\"><a href=\"?pagal=vardas\">Vardas<\/a><\/th><th width=\"70px\"><a href=\"?pagal=pavarde\">Pavard\u0117<\/a><\/th><th width=\"40px\"><a href=\"?pagal=lytis\">Lytis<\/a><\/th><th width=\"50px\"><a href=\"?pagal=gimimo\">Am\u017eius<\/a><\/th><th width=\"50px\"><a href=\"?pagal=salis\">\u0160alis<\/a><\/th><th width=\"100px\"><a href=\"?pagal=miestas\">Miestas<\/a><\/th><th width=\"150px\"><a href=\"?pagal=klubas\">Klubas<\/a><\/th><th width=\"100px\"><a href=\"?pagal=distancija\">Distancija<\/a><\/th><th width=\"60px\"><a href=\"?pagal=rezultatas\">Rezultatas<\/a><\/th><th width=\"50px\"><a href=\"?pagal=greitis\">1 km greitis<\/a><\/th><\/tr><tr class=\"meniuoff\" onmouseover=\"className=&quot;meniuon&quot;\" onmouseout=\"className=&quot;meniuoff&quot;\"><td width=\"40px\">1.<\/td><td><a href=\"https:\/\/www.myrace.lt\/diplomas\/diplomas.php?id=11061\" target=\"_blank\">\n\t\t\t\t\t\t\t<img decoding=\"async\" src=\"\/diplomas\/diplomai\/ico-covid1.jpg\"><\/a><\/td><td width=\"40px\"><\/td><td style=\"text-align: right; padding-right: 10px;\" width=\"70px\">Ernestas<\/td><td style=\"text-align: left; padding-left: 10px;\" width=\"70px\">Vedeikis<\/td><td width=\"40px\">V<\/td><td width=\"50px\">54<\/td><td width=\"50px\">LTU<\/td><td width=\"100px\">\u0160iauliai<\/td><td width=\"150px\">Lukas<\/td><td width=\"100px\">42.2<\/td><td width=\"60px\">03:21:49<\/td><td width=\"50px\">00:04:47<\/td><\/tr><tr class=\"meniuoff\" onmouseover=\"className=&quot;meniuon&quot;\" onmouseout=\"className=&quot;meniuoff&quot;\"><td width=\"40px\">2.<\/td><td><a href=\"https:\/\/www.myrace.lt\/diplomas\/diplomas.php?id=11062\" target=\"_blank\">\n\t\t\t\t\t\t\t<img decoding=\"async\" src=\"\/diplomas\/diplomai\/ico-covid1.jpg\"><\/a><\/td><td width=\"40px\"><\/td><td style=\"text-align: right; padding-right: 10px;\" width=\"70px\">Edmundas<\/td><td style=\"text-align: left; padding-left: 10px;\" width=\"70px\">Gudauskas<\/td><td width=\"40px\">V<\/td><td width=\"50px\">32<\/td><td width=\"50px\">LTU<\/td><td width=\"100px\">Palanga<\/td><td width=\"150px\"><\/td><td width=\"100px\">42.2<\/td><td width=\"60px\">03:37:54<\/td><td width=\"50px\">00:05:10<\/td><\/tr><tr class=\"meniuoff\" onmouseover=\"className=&quot;meniuon&quot;\" onmouseout=\"className=&quot;meniuoff&quot;\"><td width=\"40px\">3.<\/td><td><a href=\"https:\/\/www.myrace.lt\/diplomas\/diplomas.php?id=11063\" target=\"_blank\">\n\t\t\t\t\t\t\t<img decoding=\"async\" src=\"\/diplomas\/diplomai\/ico-covid1.jpg\"><\/a><\/td><td width=\"40px\"><\/td><td style=\"text-align: right; padding-right: 10px;\" width=\"70px\">\u017dilvinas<\/td><td style=\"text-align: left; padding-left: 10px;\" width=\"70px\">Meldaikis<\/td><td width=\"40px\">V<\/td><td width=\"50px\">46<\/td><td width=\"50px\">LTU<\/td><td width=\"100px\">Kaunas<\/td><td width=\"150px\">Maratomanija<\/td><td width=\"100px\">42.2<\/td><td width=\"60px\">03:47:27<\/td><td width=\"50px\">00:05:23<\/td><\/tr><tr class=\"meniuoff\" onmouseover=\"className=&quot;meniuon&quot;\" onmouseout=\"className=&quot;meniuoff&quot;\"><td width=\"40px\">4.<\/td><td><a href=\"https:\/\/www.myrace.lt\/diplomas\/diplomas.php?id=11064\" target=\"_blank\">\n\t\t\t\t\t\t\t<img decoding=\"async\" src=\"\/diplomas\/diplomai\/ico-covid1.jpg\"><\/a><\/td><td width=\"40px\"><\/td><td style=\"text-align: right; padding-right: 10px;\" width=\"70px\">Ri\u010dardas<\/td><td style=\"text-align: left; padding-left: 10px;\" width=\"70px\">\u010cere\u0161ka<\/td><td width=\"40px\">V<\/td><td width=\"50px\">58<\/td><td width=\"50px\">LTU<\/td><td width=\"100px\">Panev\u0117\u017eys<\/td><td width=\"150px\">Maratomanija<\/td><td width=\"100px\">42.2<\/td><td width=\"60px\">03:47:35<\/td><td width=\"50px\">00:05:24<\/td><\/tr><tr class=\"meniuoff\" onmouseover=\"className=&quot;meniuon&quot;\" onmouseout=\"className=&quot;meniuoff&quot;\"><td width=\"40px\">5.<\/td><td><a href=\"https:\/\/www.myrace.lt\/diplomas\/diplomas.php?id=11065\" target=\"_blank\">\n\t\t\t\t\t\t\t<img decoding=\"async\" src=\"\/diplomas\/diplomai\/ico-covid1.jpg\"><\/a><\/td><td width=\"40px\"><\/td><td style=\"text-align: right; padding-right: 10px;\" width=\"70px\">Valdas<\/td><td style=\"text-align: left; padding-left: 10px;\" width=\"70px\">\u0160mai\u017eys<\/td><td width=\"40px\">V<\/td><td width=\"50px\">50<\/td><td width=\"50px\">LTU<\/td><td width=\"100px\">Vilnius<\/td><td width=\"150px\">Maratomanija<\/td><td width=\"100px\">42.2<\/td><td width=\"60px\">03:59:45<\/td><td width=\"50px\">00:05:41<\/td><\/tr><tr class=\"meniuoff\" onmouseover=\"className=&quot;meniuon&quot;\" onmouseout=\"className=&quot;meniuoff&quot;\"><td width=\"40px\">6.<\/td><td><a href=\"https:\/\/www.myrace.lt\/diplomas\/diplomas.php?id=11066\" target=\"_blank\">\n\t\t\t\t\t\t\t<img decoding=\"async\" src=\"\/diplomas\/diplomai\/ico-covid1.jpg\"><\/a><\/td><td width=\"40px\"><\/td><td style=\"text-align: right; padding-right: 10px;\" width=\"70px\">Audrius<\/td><td style=\"text-align: left; padding-left: 10px;\" width=\"70px\">Jankauskas<\/td><td width=\"40px\">V<\/td><td width=\"50px\">53<\/td><td width=\"50px\">LTU<\/td><td width=\"100px\">Raseiniai<\/td><td width=\"150px\">Maratomanija<\/td><td width=\"100px\">42.2<\/td><td width=\"60px\">04:07:04<\/td><td width=\"50px\">00:05:51<\/td><\/tr><tr class=\"meniuoff\" onmouseover=\"className=&quot;meniuon&quot;\" onmouseout=\"className=&quot;meniuoff&quot;\"><td width=\"40px\">7.<\/td><td><a href=\"https:\/\/www.myrace.lt\/diplomas\/diplomas.php?id=11067\" target=\"_blank\">\n\t\t\t\t\t\t\t<img decoding=\"async\" src=\"\/diplomas\/diplomai\/ico-covid1.jpg\"><\/a><\/td><td width=\"40px\"><\/td><td style=\"text-align: right; padding-right: 10px;\" width=\"70px\">Darius<\/td><td style=\"text-align: left; padding-left: 10px;\" width=\"70px\">Remeika<\/td><td width=\"40px\">V<\/td><td width=\"50px\">42<\/td><td width=\"50px\">LTU<\/td><td width=\"100px\">Vilnius<\/td><td width=\"150px\"><\/td><td width=\"100px\">42.2<\/td><td width=\"60px\">04:12:19<\/td><td width=\"50px\">00:05:59<\/td><\/tr><tr class=\"meniuoff\" onmouseover=\"className=&quot;meniuon&quot;\" onmouseout=\"className=&quot;meniuoff&quot;\"><td width=\"40px\">8.<\/td><td><a href=\"https:\/\/www.myrace.lt\/diplomas\/diplomas.php?id=11068\" target=\"_blank\">\n\t\t\t\t\t\t\t<img decoding=\"async\" src=\"\/diplomas\/diplomai\/ico-covid1.jpg\"><\/a><\/td><td width=\"40px\"><\/td><td style=\"text-align: right; padding-right: 10px;\" width=\"70px\">Viktorija<\/td><td style=\"text-align: left; padding-left: 10px;\" width=\"70px\">Bruziene<\/td><td width=\"40px\">M<\/td><td width=\"50px\">41<\/td><td width=\"50px\">LTU<\/td><td width=\"100px\">Klaipeda<\/td><td width=\"150px\"><\/td><td width=\"100px\">42.2<\/td><td width=\"60px\">04:20:52<\/td><td width=\"50px\">00:06:11<\/td><\/tr><tr class=\"meniuoff\" onmouseover=\"className=&quot;meniuon&quot;\" onmouseout=\"className=&quot;meniuoff&quot;\"><td width=\"40px\">9.<\/td><td><a href=\"https:\/\/www.myrace.lt\/diplomas\/diplomas.php?id=11069\" target=\"_blank\">\n\t\t\t\t\t\t\t<img decoding=\"async\" src=\"\/diplomas\/diplomai\/ico-covid1.jpg\"><\/a><\/td><td width=\"40px\"><\/td><td style=\"text-align: right; padding-right: 10px;\" width=\"70px\">Rainers<\/td><td style=\"text-align: left; padding-left: 10px;\" width=\"70px\">Meiers<\/td><td width=\"40px\">V<\/td><td width=\"50px\">63<\/td><td width=\"50px\">LVA<\/td><td width=\"100px\">Kazdanga<\/td><td width=\"150px\">Maratonaklubs<\/td><td width=\"100px\">42.2<\/td><td width=\"60px\">04:22:52<\/td><td width=\"50px\">00:06:14<\/td><\/tr><tr class=\"meniuoff\" onmouseover=\"className=&quot;meniuon&quot;\" onmouseout=\"className=&quot;meniuoff&quot;\"><td width=\"40px\">10.<\/td><td><a href=\"https:\/\/www.myrace.lt\/diplomas\/diplomas.php?id=11070\" target=\"_blank\">\n\t\t\t\t\t\t\t<img decoding=\"async\" src=\"\/diplomas\/diplomai\/ico-covid1.jpg\"><\/a><\/td><td width=\"40px\"><\/td><td style=\"text-align: right; padding-right: 10px;\" width=\"70px\">Alvydas<\/td><td style=\"text-align: left; padding-left: 10px;\" width=\"70px\">Batakis<\/td><td width=\"40px\">V<\/td><td width=\"50px\">43<\/td><td width=\"50px\">LTU<\/td><td width=\"100px\">\u017didikai<\/td><td width=\"150px\">U\u017e \u017demait\u0117ja<\/td><td width=\"100px\">42.2<\/td><td width=\"60px\">04:23:04<\/td><td width=\"50px\">00:06:14<\/td><\/tr><tr class=\"meniuoff\" onmouseover=\"className=&quot;meniuon&quot;\" onmouseout=\"className=&quot;meniuoff&quot;\"><td width=\"40px\">11.<\/td><td><a href=\"https:\/\/www.myrace.lt\/diplomas\/diplomas.php?id=11071\" target=\"_blank\">\n\t\t\t\t\t\t\t<img decoding=\"async\" src=\"\/diplomas\/diplomai\/ico-covid1.jpg\"><\/a><\/td><td width=\"40px\"><\/td><td style=\"text-align: right; padding-right: 10px;\" width=\"70px\">Algis<\/td><td style=\"text-align: left; padding-left: 10px;\" width=\"70px\">Pacevicius<\/td><td width=\"40px\">V<\/td><td width=\"50px\">35<\/td><td width=\"50px\">LTU<\/td><td width=\"100px\">K\u0117dainiai<\/td><td width=\"150px\">Maratomanija<\/td><td width=\"100px\">42.2<\/td><td width=\"60px\">04:23:04<\/td><td width=\"50px\">00:06:14<\/td><\/tr><tr class=\"meniuoff\" onmouseover=\"className=&quot;meniuon&quot;\" onmouseout=\"className=&quot;meniuoff&quot;\"><td width=\"40px\">12.<\/td><td><a href=\"https:\/\/www.myrace.lt\/diplomas\/diplomas.php?id=11072\" target=\"_blank\">\n\t\t\t\t\t\t\t<img decoding=\"async\" src=\"\/diplomas\/diplomai\/ico-covid1.jpg\"><\/a><\/td><td width=\"40px\"><\/td><td style=\"text-align: right; padding-right: 10px;\" width=\"70px\">Samanta<\/td><td style=\"text-align: left; padding-left: 10px;\" width=\"70px\">Petakova<\/td><td width=\"40px\">M<\/td><td width=\"50px\">38<\/td><td width=\"50px\">LVA<\/td><td width=\"100px\">Riga<\/td><td width=\"150px\"><\/td><td width=\"100px\">42.2<\/td><td width=\"60px\">04:43:15<\/td><td width=\"50px\">00:06:43<\/td><\/tr><tr class=\"meniuoff\" onmouseover=\"className=&quot;meniuon&quot;\" onmouseout=\"className=&quot;meniuoff&quot;\"><td width=\"40px\">13.<\/td><td><a href=\"https:\/\/www.myrace.lt\/diplomas\/diplomas.php?id=11073\" target=\"_blank\">\n\t\t\t\t\t\t\t<img decoding=\"async\" src=\"\/diplomas\/diplomai\/ico-covid1.jpg\"><\/a><\/td><td width=\"40px\"><\/td><td style=\"text-align: right; padding-right: 10px;\" width=\"70px\">Gitana<\/td><td style=\"text-align: left; padding-left: 10px;\" width=\"70px\">Janulien\u0117<\/td><td width=\"40px\">M<\/td><td width=\"50px\">49<\/td><td width=\"50px\">LTU<\/td><td width=\"100px\">Jurbarkas<\/td><td width=\"150px\"><\/td><td width=\"100px\">42.2<\/td><td width=\"60px\">04:49:02<\/td><td width=\"50px\">00:06:51<\/td><\/tr><tr class=\"meniuoff\" onmouseover=\"className=&quot;meniuon&quot;\" onmouseout=\"className=&quot;meniuoff&quot;\"><td width=\"40px\">14.<\/td><td><a href=\"https:\/\/www.myrace.lt\/diplomas\/diplomas.php?id=11074\" target=\"_blank\">\n\t\t\t\t\t\t\t<img decoding=\"async\" src=\"\/diplomas\/diplomai\/ico-covid1.jpg\"><\/a><\/td><td width=\"40px\"><\/td><td style=\"text-align: right; padding-right: 10px;\" width=\"70px\">Lina<\/td><td style=\"text-align: left; padding-left: 10px;\" width=\"70px\">Abromaityt\u0117 - \u0160mai\u017e\u0117<\/td><td width=\"40px\">M<\/td><td width=\"50px\">45<\/td><td width=\"50px\">LTU<\/td><td width=\"100px\">Vilnius<\/td><td width=\"150px\">Maratomanija<\/td><td width=\"100px\">42.2<\/td><td width=\"60px\">05:32:50<\/td><td width=\"50px\">00:07:53<\/td><\/tr><tr class=\"meniuoff\" onmouseover=\"className=&quot;meniuon&quot;\" onmouseout=\"className=&quot;meniuoff&quot;\"><td width=\"40px\">15.<\/td><td><a href=\"https:\/\/www.myrace.lt\/diplomas\/diplomas.php?id=11075\" target=\"_blank\">\n\t\t\t\t\t\t\t<img decoding=\"async\" src=\"\/diplomas\/diplomai\/ico-covid1.jpg\"><\/a><\/td><td width=\"40px\"><\/td><td style=\"text-align: right; padding-right: 10px;\" width=\"70px\">Daiva<\/td><td style=\"text-align: left; padding-left: 10px;\" width=\"70px\">Batakien\u0117<\/td><td width=\"40px\">M<\/td><td width=\"50px\">39<\/td><td width=\"50px\">LTU<\/td><td width=\"100px\">\u017didikai<\/td><td width=\"150px\">U\u017e \u017demait\u0117ja<\/td><td width=\"100px\">42.2<\/td><td width=\"60px\">05:41:40<\/td><td width=\"50px\">00:08:06<\/td><\/tr><tr class=\"meniuoff\" onmouseover=\"className=&quot;meniuon&quot;\" onmouseout=\"className=&quot;meniuoff&quot;\"><td width=\"40px\">16.<\/td><td><a href=\"https:\/\/www.myrace.lt\/diplomas\/diplomas.php?id=11076\" target=\"_blank\">\n\t\t\t\t\t\t\t<img decoding=\"async\" src=\"\/diplomas\/diplomai\/ico-covid1.jpg\"><\/a><\/td><td width=\"40px\"><\/td><td style=\"text-align: right; padding-right: 10px;\" width=\"70px\">Vidmantas<\/td><td style=\"text-align: left; padding-left: 10px;\" width=\"70px\">Rugienius<\/td><td width=\"40px\">V<\/td><td width=\"50px\">51<\/td><td width=\"50px\">LTU<\/td><td width=\"100px\">Marijampol\u0117<\/td><td width=\"150px\">Maratomanija<\/td><td width=\"100px\">42.2<\/td><td width=\"60px\">06:46:03<\/td><td width=\"50px\">00:09:37<\/td><\/tr><tr class=\"meniuoff\" onmouseover=\"className=&quot;meniuon&quot;\" onmouseout=\"className=&quot;meniuoff&quot;\"><td width=\"40px\">17.<\/td><td><a href=\"https:\/\/www.myrace.lt\/diplomas\/diplomas.php?id=11077\" target=\"_blank\">\n\t\t\t\t\t\t\t<img decoding=\"async\" src=\"\/diplomas\/diplomai\/ico-covid1.jpg\"><\/a><\/td><td width=\"40px\"><\/td><td style=\"text-align: right; padding-right: 10px;\" width=\"70px\">Paulius<\/td><td style=\"text-align: left; padding-left: 10px;\" width=\"70px\">Karazinas<\/td><td width=\"40px\">V<\/td><td width=\"50px\">37<\/td><td width=\"50px\">LTU<\/td><td width=\"100px\">Kretinga<\/td><td width=\"150px\"><\/td><td width=\"100px\">31.6<\/td><td width=\"60px\">02:45:46<\/td><td width=\"50px\">00:05:15<\/td><\/tr><tr class=\"meniuoff\" onmouseover=\"className=&quot;meniuon&quot;\" onmouseout=\"className=&quot;meniuoff&quot;\"><td width=\"40px\">18.<\/td><td><a href=\"https:\/\/www.myrace.lt\/diplomas\/diplomas.php?id=11078\" target=\"_blank\">\n\t\t\t\t\t\t\t<img decoding=\"async\" src=\"\/diplomas\/diplomai\/ico-covid1.jpg\"><\/a><\/td><td width=\"40px\"><\/td><td style=\"text-align: right; padding-right: 10px;\" width=\"70px\">Neringa<\/td><td style=\"text-align: left; padding-left: 10px;\" width=\"70px\">Domarkien\u0117<\/td><td width=\"40px\">M<\/td><td width=\"50px\">47<\/td><td width=\"50px\">LTU<\/td><td width=\"100px\">Skuodas<\/td><td width=\"150px\">Maratomanija<\/td><td width=\"100px\">31.6<\/td><td width=\"60px\">04:10:20<\/td><td width=\"50px\">00:07:55<\/td><\/tr><tr class=\"meniuoff\" onmouseover=\"className=&quot;meniuon&quot;\" onmouseout=\"className=&quot;meniuoff&quot;\"><td width=\"40px\">19.<\/td><td><a href=\"https:\/\/www.myrace.lt\/diplomas\/diplomas.php?id=11079\" target=\"_blank\">\n\t\t\t\t\t\t\t<img decoding=\"async\" src=\"\/diplomas\/diplomai\/ico-covid1.jpg\"><\/a><\/td><td width=\"40px\"><\/td><td style=\"text-align: right; padding-right: 10px;\" width=\"70px\">Aivars<\/td><td style=\"text-align: left; padding-left: 10px;\" width=\"70px\">Brezinskis<\/td><td width=\"40px\">V<\/td><td width=\"50px\">31<\/td><td width=\"50px\">LVA<\/td><td width=\"100px\">Riga<\/td><td width=\"150px\"><\/td><td width=\"100px\">26.4<\/td><td width=\"60px\">02:19:58<\/td><td width=\"50px\">00:05:18<\/td><\/tr><tr class=\"meniuoff\" onmouseover=\"className=&quot;meniuon&quot;\" onmouseout=\"className=&quot;meniuoff&quot;\"><td width=\"40px\">20.<\/td><td><a href=\"https:\/\/www.myrace.lt\/diplomas\/diplomas.php?id=11080\" target=\"_blank\">\n\t\t\t\t\t\t\t<img decoding=\"async\" src=\"\/diplomas\/diplomai\/ico-covid1.jpg\"><\/a><\/td><td width=\"40px\"><\/td><td style=\"text-align: right; padding-right: 10px;\" width=\"70px\">Dovil\u0117<\/td><td style=\"text-align: left; padding-left: 10px;\" width=\"70px\">Urnikien\u0117<\/td><td width=\"40px\">M<\/td><td width=\"50px\">39<\/td><td width=\"50px\">LTU<\/td><td width=\"100px\">Priekul\u0117<\/td><td width=\"150px\">Maratomanija<\/td><td width=\"100px\">26.4<\/td><td width=\"60px\">03:19:56<\/td><td width=\"50px\">00:07:34<\/td><\/tr><tr class=\"meniuoff\" onmouseover=\"className=&quot;meniuon&quot;\" onmouseout=\"className=&quot;meniuoff&quot;\"><td width=\"40px\">21.<\/td><td><a href=\"https:\/\/www.myrace.lt\/diplomas\/diplomas.php?id=11081\" target=\"_blank\">\n\t\t\t\t\t\t\t<img decoding=\"async\" src=\"\/diplomas\/diplomai\/ico-covid1.jpg\"><\/a><\/td><td width=\"40px\"><\/td><td style=\"text-align: right; padding-right: 10px;\" width=\"70px\">K\u0119stas<\/td><td style=\"text-align: left; padding-left: 10px;\" width=\"70px\">Krincius<\/td><td width=\"40px\">V<\/td><td width=\"50px\">38<\/td><td width=\"50px\">LTU<\/td><td width=\"100px\">Kelm\u0117<\/td><td width=\"150px\"><\/td><td width=\"100px\">21.2<\/td><td width=\"60px\">01:36:30<\/td><td width=\"50px\">00:04:33<\/td><\/tr><tr class=\"meniuoff\" onmouseover=\"className=&quot;meniuon&quot;\" onmouseout=\"className=&quot;meniuoff&quot;\"><td width=\"40px\">22.<\/td><td><a href=\"https:\/\/www.myrace.lt\/diplomas\/diplomas.php?id=11082\" target=\"_blank\">\n\t\t\t\t\t\t\t<img decoding=\"async\" src=\"\/diplomas\/diplomai\/ico-covid1.jpg\"><\/a><\/td><td width=\"40px\"><\/td><td style=\"text-align: right; padding-right: 10px;\" width=\"70px\">Vilma<\/td><td style=\"text-align: left; padding-left: 10px;\" width=\"70px\">Valaitien\u0117<\/td><td width=\"40px\">M<\/td><td width=\"50px\">41<\/td><td width=\"50px\">LTU<\/td><td width=\"100px\">Kaunas<\/td><td width=\"150px\"><\/td><td width=\"100px\">21.1<\/td><td width=\"60px\">01:42:47<\/td><td width=\"50px\">00:04:52<\/td><\/tr><tr class=\"meniuoff\" onmouseover=\"className=&quot;meniuon&quot;\" onmouseout=\"className=&quot;meniuoff&quot;\"><td width=\"40px\">23.<\/td><td><a href=\"https:\/\/www.myrace.lt\/diplomas\/diplomas.php?id=11083\" target=\"_blank\">\n\t\t\t\t\t\t\t<img decoding=\"async\" src=\"\/diplomas\/diplomai\/ico-covid1.jpg\"><\/a><\/td><td width=\"40px\"><\/td><td style=\"text-align: right; padding-right: 10px;\" width=\"70px\">Dainis<\/td><td style=\"text-align: left; padding-left: 10px;\" width=\"70px\">\u017duburs<\/td><td width=\"40px\">V<\/td><td width=\"50px\">53<\/td><td width=\"50px\">LVA<\/td><td width=\"100px\">Dunalka<\/td><td width=\"150px\">Maratonaklubs<\/td><td width=\"100px\">21.1<\/td><td width=\"60px\">01:42:47<\/td><td width=\"50px\">00:04:52<\/td><\/tr><tr class=\"meniuoff\" onmouseover=\"className=&quot;meniuon&quot;\" onmouseout=\"className=&quot;meniuoff&quot;\"><td width=\"40px\">24.<\/td><td><a href=\"https:\/\/www.myrace.lt\/diplomas\/diplomas.php?id=11084\" target=\"_blank\">\n\t\t\t\t\t\t\t<img decoding=\"async\" src=\"\/diplomas\/diplomai\/ico-covid1.jpg\"><\/a><\/td><td width=\"40px\"><\/td><td style=\"text-align: right; padding-right: 10px;\" width=\"70px\">Svaj\u016bnas<\/td><td style=\"text-align: left; padding-left: 10px;\" width=\"70px\">\u0160aknys<\/td><td width=\"40px\">V<\/td><td width=\"50px\">37<\/td><td width=\"50px\">LTU<\/td><td width=\"100px\">Roki\u0161kis<\/td><td width=\"150px\"><\/td><td width=\"100px\">21.1<\/td><td width=\"60px\">01:46:31<\/td><td width=\"50px\">00:05:03<\/td><\/tr><tr class=\"meniuoff\" onmouseover=\"className=&quot;meniuon&quot;\" onmouseout=\"className=&quot;meniuoff&quot;\"><td width=\"40px\">25.<\/td><td><a href=\"https:\/\/www.myrace.lt\/diplomas\/diplomas.php?id=11085\" target=\"_blank\">\n\t\t\t\t\t\t\t<img decoding=\"async\" src=\"\/diplomas\/diplomai\/ico-covid1.jpg\"><\/a><\/td><td width=\"40px\"><\/td><td style=\"text-align: right; padding-right: 10px;\" width=\"70px\">Ignas<\/td><td style=\"text-align: left; padding-left: 10px;\" width=\"70px\">Lia\u0161\u010dukas<\/td><td width=\"40px\">V<\/td><td width=\"50px\">16<\/td><td width=\"50px\">LTU<\/td><td width=\"100px\">Klaip\u0117da<\/td><td width=\"150px\">B\u0117gimo Vergai<\/td><td width=\"100px\">10.6<\/td><td width=\"60px\">00:56:50<\/td><td width=\"50px\">00:05:22<\/td><\/tr><tr class=\"meniuoff\" onmouseover=\"className=&quot;meniuon&quot;\" onmouseout=\"className=&quot;meniuoff&quot;\"><td width=\"40px\">26.<\/td><td><a href=\"https:\/\/www.myrace.lt\/diplomas\/diplomas.php?id=11086\" target=\"_blank\">\n\t\t\t\t\t\t\t<img decoding=\"async\" src=\"\/diplomas\/diplomai\/ico-covid1.jpg\"><\/a><\/td><td width=\"40px\"><\/td><td style=\"text-align: right; padding-right: 10px;\" width=\"70px\">Dmitrijus<\/td><td style=\"text-align: left; padding-left: 10px;\" width=\"70px\">Liascukas<\/td><td width=\"40px\">V<\/td><td width=\"50px\">42<\/td><td width=\"50px\">LTU<\/td><td width=\"100px\">Klaipeda<\/td><td width=\"150px\">B\u0117gimo Vergai<\/td><td width=\"100px\">10.6<\/td><td width=\"60px\">00:56:51<\/td><td width=\"50px\">00:05:22<\/td><\/tr><tr class=\"meniuoff\" onmouseover=\"className=&quot;meniuon&quot;\" onmouseout=\"className=&quot;meniuoff&quot;\"><td width=\"40px\">27.<\/td><td><a href=\"https:\/\/www.myrace.lt\/diplomas\/diplomas.php?id=11087\" target=\"_blank\">\n\t\t\t\t\t\t\t<img decoding=\"async\" src=\"\/diplomas\/diplomai\/ico-covid1.jpg\"><\/a><\/td><td width=\"40px\"><\/td><td style=\"text-align: right; padding-right: 10px;\" width=\"70px\">Jurgita<\/td><td style=\"text-align: left; padding-left: 10px;\" width=\"70px\">Paulavi\u010di\u016bt\u0117<\/td><td width=\"40px\">M<\/td><td width=\"50px\">41<\/td><td width=\"50px\">LTU<\/td><td width=\"100px\">Vilnius<\/td><td width=\"150px\"><\/td><td width=\"100px\">5.3<\/td><td width=\"60px\">00:59:16<\/td><td width=\"50px\">00:11:11<\/td><\/tr><tr class=\"meniuoff\" onmouseover=\"className=&quot;meniuon&quot;\" onmouseout=\"className=&quot;meniuoff&quot;\"><td width=\"40px\">28.<\/td><td><a href=\"https:\/\/www.myrace.lt\/diplomas\/diplomas.php?id=11088\" target=\"_blank\">\n\t\t\t\t\t\t\t<img decoding=\"async\" src=\"\/diplomas\/diplomai\/ico-covid1.jpg\"><\/a><\/td><td width=\"40px\"><\/td><td style=\"text-align: right; padding-right: 10px;\" width=\"70px\">Olga<\/td><td style=\"text-align: left; padding-left: 10px;\" width=\"70px\">Gri\u0161kalauskait\u0117<\/td><td width=\"40px\">M<\/td><td width=\"50px\">40<\/td><td width=\"50px\">LTU<\/td><td width=\"100px\">Vilnius<\/td><td width=\"150px\"><\/td><td width=\"100px\">5.3<\/td><td width=\"60px\">01:01:07<\/td><td width=\"50px\">00:11:32<\/td><\/tr><tr class=\"meniuoff\" onmouseover=\"className=&quot;meniuon&quot;\" onmouseout=\"className=&quot;meniuoff&quot;\"><td width=\"40px\">29.<\/td><td><a href=\"https:\/\/www.myrace.lt\/diplomas\/diplomas.php?id=11089\" target=\"_blank\">\n\t\t\t\t\t\t\t<img decoding=\"async\" src=\"\/diplomas\/diplomai\/ico-covid1.jpg\"><\/a><\/td><td width=\"40px\"><\/td><td style=\"text-align: right; padding-right: 10px;\" width=\"70px\">Deividas<\/td><td style=\"text-align: left; padding-left: 10px;\" width=\"70px\">Podobajevas<\/td><td width=\"40px\">V<\/td><td width=\"50px\">40<\/td><td width=\"50px\">LTU<\/td><td width=\"100px\">Vilnius<\/td><td width=\"150px\"><\/td><td width=\"100px\">5.3<\/td><td width=\"60px\">01:01:13<\/td><td width=\"50px\">00:11:33<\/td><\/tr><\/table><\/div>\n<p>&nbsp;<\/p>\n","protected":false},"excerpt":{"rendered":"<p>&nbsp;<\/p>\n","protected":false},"author":1,"featured_media":0,"parent":359,"menu_order":0,"comment_status":"closed","ping_status":"closed","template":"templates\/full-width-page.php","meta":{"footnotes":""},"class_list":["post-620","page","type-page","status-publish","hentry"],"_links":{"self":[{"href":"https:\/\/www.myrace.lt\/maratonadienis\/wp-json\/wp\/v2\/pages\/620","targetHints":{"allow":["GET"]}}],"collection":[{"href":"https:\/\/www.myrace.lt\/maratonadienis\/wp-json\/wp\/v2\/pages"}],"about":[{"href":"https:\/\/www.myrace.lt\/maratonadienis\/wp-json\/wp\/v2\/types\/page"}],"author":[{"embeddable":true,"href":"https:\/\/www.myrace.lt\/maratonadienis\/wp-json\/wp\/v2\/users\/1"}],"replies":[{"embeddable":true,"href":"https:\/\/www.myrace.lt\/maratonadienis\/wp-json\/wp\/v2\/comments?post=620"}],"version-history":[{"count":2,"href":"https:\/\/www.myrace.lt\/maratonadienis\/wp-json\/wp\/v2\/pages\/620\/revisions"}],"predecessor-version":[{"id":625,"href":"https:\/\/www.myrace.lt\/maratonadienis\/wp-json\/wp\/v2\/pages\/620\/revisions\/625"}],"up":[{"embeddable":true,"href":"https:\/\/www.myrace.lt\/maratonadienis\/wp-json\/wp\/v2\/pages\/359"}],"wp:attachment":[{"href":"https:\/\/www.myrace.lt\/maratonadienis\/wp-json\/wp\/v2\/media?parent=620"}],"curies":[{"name":"wp","href":"https:\/\/api.w.org\/{rel}","templated":true}]}}