{"id":614,"date":"2024-07-09T23:11:37","date_gmt":"2024-07-09T20:11:37","guid":{"rendered":"https:\/\/www.myrace.lt\/maratonadienis\/?page_id=614"},"modified":"2024-08-03T21:09:53","modified_gmt":"2024-08-03T18:09:53","slug":"rezultatai-maratonadienis-10","status":"publish","type":"page","link":"https:\/\/www.myrace.lt\/maratonadienis\/rezultatai\/rezultatai-maratonadienis-10\/","title":{"rendered":"Rezultatai (Maratonadienis #10 | 2024.07.07)"},"content":{"rendered":"<style type=\"text\/css\">\ntd {\n\tborder: 1px solid #ddd;\n\tpadding: 2px;\n\tvertical-align: middle;\n  }\n}\n<\/style>\n\n\n\t<link rel=\"stylesheet\" type=\"text\/css\" href=\"\/registravimas\/tools\/color_myrace.css\" \/>\n\t<link rel=\"stylesheet\" type=\"text\/css\" href=\"\/registravimas\/tools\/rezultatai.css\" \/><div><form name=\"f_distancija\">Pasirinkite distancij\u0105: <select style=\"width: 320px\" id=\"filtrai\" onchange=\"distancija()\"><option value=\"0\" selected=\"selected\">Visos distancijos<\/option><option value=\"1\">Maratonas<\/option><option value=\"2\"> Pusmaratonis<\/option><option value=\"3\"> 10.6 km<\/option><option value=\"4\"> 5.3 km<\/option><\/select>\n\t<\/form>\n\t<script type=\"text\/javascript\">function distancija() {filtras=document.f_distancija.filtrai.value;document.location.href = \"?distancija=\" + filtras;}\n\t<\/script><\/div><div style=\"overflow-x:auto;\"><table class=\"rezai\" width=\"1024px\" border=\"1\" cellspacing=\"0\" cellpadding=\"2\"><tr class=\"rezai\"><th width=\"40px\"><a href=\"?pagal=id\">Eil.<br\/>Nr.<\/a><\/th><th width=\"70\">Diplomas<\/th><th width=\"40px\"><a href=\"?pagal=nr\">Nr.<\/a><\/th><th width=\"70px\"><a href=\"?pagal=vardas\">Vardas<\/a><\/th><th width=\"70px\"><a href=\"?pagal=pavarde\">Pavard\u0117<\/a><\/th><th width=\"40px\"><a href=\"?pagal=lytis\">Lytis<\/a><\/th><th width=\"50px\"><a href=\"?pagal=gimimo\">Gimimo<br\/>metai<\/a><\/th><th width=\"50px\"><a href=\"?pagal=salis\">\u0160alis<\/a><\/th><th width=\"100px\"><a href=\"?pagal=miestas\">Miestas<\/a><\/th><th width=\"150px\"><a href=\"?pagal=klubas\">Klubas<\/a><\/th><th width=\"100px\"><a href=\"?pagal=distancija\">Distancija<\/a><\/th><th width=\"60px\"><a href=\"?pagal=rezultatas\">Rezultatas<\/a><\/th><th width=\"50px\"><a href=\"?pagal=greitis\">1 km greitis<\/a><\/th><\/tr><tr class=\"meniuoff\" onmouseover=\"className=&quot;meniuon&quot;\" onmouseout=\"className=&quot;meniuoff&quot;\"><td width=\"40px\">1.<\/td><td><a href=\"https:\/\/www.myrace.lt\/diplomas\/diplomas.php?id=10564\" target=\"_blank\">\n\t\t\t\t\t\t\t<img decoding=\"async\" src=\"\/diplomas\/diplomai\/ico-covid1.jpg\"><\/a><\/td><td width=\"40px\">15<\/td><td style=\"text-align: right; padding-right: 10px;\" width=\"70px\">Romas<\/td><td style=\"text-align: left; padding-left: 10px;\" width=\"70px\">Olchovik<\/td><td width=\"40px\">V<\/td><td width=\"50px\">1991<\/td><td width=\"50px\">LTU<\/td><td width=\"100px\">Vilnius<\/td><td width=\"150px\">Snail it athletics<\/td><td width=\"100px\">42,2<\/td><td width=\"60px\">3:54:37<\/td><td width=\"50px\">00:05:34<\/td><\/tr><tr class=\"meniuoff\" onmouseover=\"className=&quot;meniuon&quot;\" onmouseout=\"className=&quot;meniuoff&quot;\"><td width=\"40px\">2.<\/td><td><a href=\"https:\/\/www.myrace.lt\/diplomas\/diplomas.php?id=10565\" target=\"_blank\">\n\t\t\t\t\t\t\t<img decoding=\"async\" src=\"\/diplomas\/diplomai\/ico-covid1.jpg\"><\/a><\/td><td width=\"40px\">9<\/td><td style=\"text-align: right; padding-right: 10px;\" width=\"70px\">Audrius<\/td><td style=\"text-align: left; padding-left: 10px;\" width=\"70px\">Jankauskas<\/td><td width=\"40px\">V<\/td><td width=\"50px\">1971<\/td><td width=\"50px\">LTU<\/td><td width=\"100px\">Raseiniai<\/td><td width=\"150px\">Maratomanija<\/td><td width=\"100px\">42,2<\/td><td width=\"60px\">4:09:24<\/td><td width=\"50px\">00:05:55<\/td><\/tr><tr class=\"meniuoff\" onmouseover=\"className=&quot;meniuon&quot;\" onmouseout=\"className=&quot;meniuoff&quot;\"><td width=\"40px\">3.<\/td><td><a href=\"https:\/\/www.myrace.lt\/diplomas\/diplomas.php?id=10566\" target=\"_blank\">\n\t\t\t\t\t\t\t<img decoding=\"async\" src=\"\/diplomas\/diplomai\/ico-covid1.jpg\"><\/a><\/td><td width=\"40px\">7<\/td><td style=\"text-align: right; padding-right: 10px;\" width=\"70px\">Valdas<\/td><td style=\"text-align: left; padding-left: 10px;\" width=\"70px\">\u0160mai\u017eys<\/td><td width=\"40px\">V<\/td><td width=\"50px\">1974<\/td><td width=\"50px\">LTU<\/td><td width=\"100px\">Vilnius<\/td><td width=\"150px\">Maratomanija<\/td><td width=\"100px\">42,2<\/td><td width=\"60px\">4:29:30<\/td><td width=\"50px\">00:06:23<\/td><\/tr><tr class=\"meniuoff\" onmouseover=\"className=&quot;meniuon&quot;\" onmouseout=\"className=&quot;meniuoff&quot;\"><td width=\"40px\">4.<\/td><td><a href=\"https:\/\/www.myrace.lt\/diplomas\/diplomas.php?id=10567\" target=\"_blank\">\n\t\t\t\t\t\t\t<img decoding=\"async\" src=\"\/diplomas\/diplomai\/ico-covid1.jpg\"><\/a><\/td><td width=\"40px\">13<\/td><td style=\"text-align: right; padding-right: 10px;\" width=\"70px\">\u017dilvinas<\/td><td style=\"text-align: left; padding-left: 10px;\" width=\"70px\">Meldaikis<\/td><td width=\"40px\">V<\/td><td width=\"50px\">1978<\/td><td width=\"50px\">LTU<\/td><td width=\"100px\">Kaunas<\/td><td width=\"150px\"><\/td><td width=\"100px\">42,2<\/td><td width=\"60px\">4:46:32<\/td><td width=\"50px\">00:06:47<\/td><\/tr><tr class=\"meniuoff\" onmouseover=\"className=&quot;meniuon&quot;\" onmouseout=\"className=&quot;meniuoff&quot;\"><td width=\"40px\">5.<\/td><td><a href=\"https:\/\/www.myrace.lt\/diplomas\/diplomas.php?id=10568\" target=\"_blank\">\n\t\t\t\t\t\t\t<img decoding=\"async\" src=\"\/diplomas\/diplomai\/ico-covid1.jpg\"><\/a><\/td><td width=\"40px\">11<\/td><td style=\"text-align: right; padding-right: 10px;\" width=\"70px\">Aurimas<\/td><td style=\"text-align: left; padding-left: 10px;\" width=\"70px\">Bulk\u0161as<\/td><td width=\"40px\">V<\/td><td width=\"50px\">1981<\/td><td width=\"50px\">LTU<\/td><td width=\"100px\">\u0160iauliai<\/td><td width=\"150px\">Green Team<\/td><td width=\"100px\">42,2<\/td><td width=\"60px\">4:51:20<\/td><td width=\"50px\">00:06:54<\/td><\/tr><tr class=\"meniuoff\" onmouseover=\"className=&quot;meniuon&quot;\" onmouseout=\"className=&quot;meniuoff&quot;\"><td width=\"40px\">6.<\/td><td><a href=\"https:\/\/www.myrace.lt\/diplomas\/diplomas.php?id=10569\" target=\"_blank\">\n\t\t\t\t\t\t\t<img decoding=\"async\" src=\"\/diplomas\/diplomai\/ico-covid1.jpg\"><\/a><\/td><td width=\"40px\">14<\/td><td style=\"text-align: right; padding-right: 10px;\" width=\"70px\">Tadas<\/td><td style=\"text-align: left; padding-left: 10px;\" width=\"70px\">Beniulis<\/td><td width=\"40px\">V<\/td><td width=\"50px\">1979<\/td><td width=\"50px\">LTU<\/td><td width=\"100px\">Vilnius<\/td><td width=\"150px\">Maratomanija<\/td><td width=\"100px\">42,2<\/td><td width=\"60px\">5:20:30<\/td><td width=\"50px\">00:07:36<\/td><\/tr><tr class=\"meniuoff\" onmouseover=\"className=&quot;meniuon&quot;\" onmouseout=\"className=&quot;meniuoff&quot;\"><td width=\"40px\">7.<\/td><td><a href=\"https:\/\/www.myrace.lt\/diplomas\/diplomas.php?id=10570\" target=\"_blank\">\n\t\t\t\t\t\t\t<img decoding=\"async\" src=\"\/diplomas\/diplomai\/ico-covid1.jpg\"><\/a><\/td><td width=\"40px\">10<\/td><td style=\"text-align: right; padding-right: 10px;\" width=\"70px\">Gitana<\/td><td style=\"text-align: left; padding-left: 10px;\" width=\"70px\">Januliene<\/td><td width=\"40px\">M<\/td><td width=\"50px\">1975<\/td><td width=\"50px\">LTU<\/td><td width=\"100px\">Jurbarkas<\/td><td width=\"150px\"><\/td><td width=\"100px\">42,2<\/td><td width=\"60px\">5:25:52<\/td><td width=\"50px\">00:07:43<\/td><\/tr><tr class=\"meniuoff\" onmouseover=\"className=&quot;meniuon&quot;\" onmouseout=\"className=&quot;meniuoff&quot;\"><td width=\"40px\">8.<\/td><td><a href=\"https:\/\/www.myrace.lt\/diplomas\/diplomas.php?id=10571\" target=\"_blank\">\n\t\t\t\t\t\t\t<img decoding=\"async\" src=\"\/diplomas\/diplomai\/ico-covid1.jpg\"><\/a><\/td><td width=\"40px\">1<\/td><td style=\"text-align: right; padding-right: 10px;\" width=\"70px\">Lina<\/td><td style=\"text-align: left; padding-left: 10px;\" width=\"70px\">Abromaityt\u0117-\u0160mai\u017e\u0117<\/td><td width=\"40px\">M<\/td><td width=\"50px\">1979<\/td><td width=\"50px\">LTU<\/td><td width=\"100px\">Vilnius<\/td><td width=\"150px\">Maratomanija<\/td><td width=\"100px\">42,2<\/td><td width=\"60px\">5:46:33<\/td><td width=\"50px\">00:08:13<\/td><\/tr><tr class=\"meniuoff\" onmouseover=\"className=&quot;meniuon&quot;\" onmouseout=\"className=&quot;meniuoff&quot;\"><td width=\"40px\">9.<\/td><td><a href=\"https:\/\/www.myrace.lt\/diplomas\/diplomas.php?id=10572\" target=\"_blank\">\n\t\t\t\t\t\t\t<img decoding=\"async\" src=\"\/diplomas\/diplomai\/ico-covid1.jpg\"><\/a><\/td><td width=\"40px\">27<\/td><td style=\"text-align: right; padding-right: 10px;\" width=\"70px\">Vidmantas<\/td><td style=\"text-align: left; padding-left: 10px;\" width=\"70px\">Rugienius<\/td><td width=\"40px\">V<\/td><td width=\"50px\">1973<\/td><td width=\"50px\">LTU<\/td><td width=\"100px\">Marijampol\u0117<\/td><td width=\"150px\">Maratomanija<\/td><td width=\"100px\">42,2<\/td><td width=\"60px\">6:55:07<\/td><td width=\"50px\">00:09:50<\/td><\/tr><tr class=\"meniuoff\" onmouseover=\"className=&quot;meniuon&quot;\" onmouseout=\"className=&quot;meniuoff&quot;\"><td width=\"40px\">10.<\/td><td><a href=\"https:\/\/www.myrace.lt\/diplomas\/diplomas.php?id=10573\" target=\"_blank\">\n\t\t\t\t\t\t\t<img decoding=\"async\" src=\"\/diplomas\/diplomai\/ico-covid1.jpg\"><\/a><\/td><td width=\"40px\">12<\/td><td style=\"text-align: right; padding-right: 10px;\" width=\"70px\">Aleksandr<\/td><td style=\"text-align: left; padding-left: 10px;\" width=\"70px\">Somkin<\/td><td width=\"40px\">V<\/td><td width=\"50px\">1989<\/td><td width=\"50px\">LTU<\/td><td width=\"100px\">Vilnius<\/td><td width=\"150px\"><\/td><td width=\"100px\">21,1<\/td><td width=\"60px\">2:21:45<\/td><td width=\"50px\">00:06:43<\/td><\/tr><tr class=\"meniuoff\" onmouseover=\"className=&quot;meniuon&quot;\" onmouseout=\"className=&quot;meniuoff&quot;\"><td width=\"40px\">11.<\/td><td><a href=\"https:\/\/www.myrace.lt\/diplomas\/diplomas.php?id=10574\" target=\"_blank\">\n\t\t\t\t\t\t\t<img decoding=\"async\" src=\"\/diplomas\/diplomai\/ico-covid1.jpg\"><\/a><\/td><td width=\"40px\">8<\/td><td style=\"text-align: right; padding-right: 10px;\" width=\"70px\">\u010ceslovas<\/td><td style=\"text-align: left; padding-left: 10px;\" width=\"70px\">Statulevi\u010dius<\/td><td width=\"40px\">V<\/td><td width=\"50px\">1992<\/td><td width=\"50px\">LTU<\/td><td width=\"100px\">Roki\u0161kis<\/td><td width=\"150px\"><\/td><td width=\"100px\">21,1<\/td><td width=\"60px\">2:22:10<\/td><td width=\"50px\">00:06:44<\/td><\/tr><tr class=\"meniuoff\" onmouseover=\"className=&quot;meniuon&quot;\" onmouseout=\"className=&quot;meniuoff&quot;\"><td width=\"40px\">12.<\/td><td><a href=\"https:\/\/www.myrace.lt\/diplomas\/diplomas.php?id=10575\" target=\"_blank\">\n\t\t\t\t\t\t\t<img decoding=\"async\" src=\"\/diplomas\/diplomai\/ico-covid1.jpg\"><\/a><\/td><td width=\"40px\">18<\/td><td style=\"text-align: right; padding-right: 10px;\" width=\"70px\">Algirdas<\/td><td style=\"text-align: left; padding-left: 10px;\" width=\"70px\">Medeikis<\/td><td width=\"40px\">V<\/td><td width=\"50px\">1979<\/td><td width=\"50px\">LTU<\/td><td width=\"100px\">\u0160iauliai<\/td><td width=\"150px\">Kauno BMK<\/td><td width=\"100px\">10,6<\/td><td width=\"60px\">1:08:50<\/td><td width=\"50px\">00:06:30<\/td><\/tr><tr class=\"meniuoff\" onmouseover=\"className=&quot;meniuon&quot;\" onmouseout=\"className=&quot;meniuoff&quot;\"><td width=\"40px\">13.<\/td><td><a href=\"https:\/\/www.myrace.lt\/diplomas\/diplomas.php?id=10576\" target=\"_blank\">\n\t\t\t\t\t\t\t<img decoding=\"async\" src=\"\/diplomas\/diplomai\/ico-covid1.jpg\"><\/a><\/td><td width=\"40px\">20<\/td><td style=\"text-align: right; padding-right: 10px;\" width=\"70px\">\u017dygimantas<\/td><td style=\"text-align: left; padding-left: 10px;\" width=\"70px\">Medeikis<\/td><td width=\"40px\">V<\/td><td width=\"50px\">2011<\/td><td width=\"50px\">LTU<\/td><td width=\"100px\">\u0160iauliai<\/td><td width=\"150px\">Kauno BMK<\/td><td width=\"100px\">5,3<\/td><td width=\"60px\">0:40:20<\/td><td width=\"50px\">00:07:37<\/td><\/tr><tr class=\"meniuoff\" onmouseover=\"className=&quot;meniuon&quot;\" onmouseout=\"className=&quot;meniuoff&quot;\"><td width=\"40px\">14.<\/td><td><a href=\"https:\/\/www.myrace.lt\/diplomas\/diplomas.php?id=10577\" target=\"_blank\">\n\t\t\t\t\t\t\t<img decoding=\"async\" src=\"\/diplomas\/diplomai\/ico-covid1.jpg\"><\/a><\/td><td width=\"40px\">17<\/td><td style=\"text-align: right; padding-right: 10px;\" width=\"70px\">Jurgita<\/td><td style=\"text-align: left; padding-left: 10px;\" width=\"70px\">Pauliukevi\u010di\u016bt\u0117<\/td><td width=\"40px\">M<\/td><td width=\"50px\">1983<\/td><td width=\"50px\">LTU<\/td><td width=\"100px\">Vilnius<\/td><td width=\"150px\"><\/td><td width=\"100px\">5,3<\/td><td width=\"60px\">0:42:50<\/td><td width=\"50px\">00:08:05<\/td><\/tr><\/table><\/div>\n<p>&nbsp;<\/p>\n","protected":false},"excerpt":{"rendered":"<p>&nbsp;<\/p>\n","protected":false},"author":1,"featured_media":0,"parent":359,"menu_order":0,"comment_status":"closed","ping_status":"closed","template":"templates\/full-width-page.php","meta":{"footnotes":""},"class_list":["post-614","page","type-page","status-publish","hentry"],"_links":{"self":[{"href":"https:\/\/www.myrace.lt\/maratonadienis\/wp-json\/wp\/v2\/pages\/614","targetHints":{"allow":["GET"]}}],"collection":[{"href":"https:\/\/www.myrace.lt\/maratonadienis\/wp-json\/wp\/v2\/pages"}],"about":[{"href":"https:\/\/www.myrace.lt\/maratonadienis\/wp-json\/wp\/v2\/types\/page"}],"author":[{"embeddable":true,"href":"https:\/\/www.myrace.lt\/maratonadienis\/wp-json\/wp\/v2\/users\/1"}],"replies":[{"embeddable":true,"href":"https:\/\/www.myrace.lt\/maratonadienis\/wp-json\/wp\/v2\/comments?post=614"}],"version-history":[{"count":1,"href":"https:\/\/www.myrace.lt\/maratonadienis\/wp-json\/wp\/v2\/pages\/614\/revisions"}],"predecessor-version":[{"id":615,"href":"https:\/\/www.myrace.lt\/maratonadienis\/wp-json\/wp\/v2\/pages\/614\/revisions\/615"}],"up":[{"embeddable":true,"href":"https:\/\/www.myrace.lt\/maratonadienis\/wp-json\/wp\/v2\/pages\/359"}],"wp:attachment":[{"href":"https:\/\/www.myrace.lt\/maratonadienis\/wp-json\/wp\/v2\/media?parent=614"}],"curies":[{"name":"wp","href":"https:\/\/api.w.org\/{rel}","templated":true}]}}