{"id":594,"date":"2024-07-08T17:00:48","date_gmt":"2024-07-08T14:00:48","guid":{"rendered":"https:\/\/www.myrace.lt\/maratonadienis\/?page_id=594"},"modified":"2024-09-30T20:15:42","modified_gmt":"2024-09-30T17:15:42","slug":"medaliai-galaktikos-odiseja","status":"publish","type":"page","link":"https:\/\/www.myrace.lt\/maratonadienis\/medaliai-galaktikos-odiseja\/","title":{"rendered":"MEDALIAI &#8211; GALAKTIKOS ODIS\u0116JA"},"content":{"rendered":"<p style=\"text-align: center;\"><span style=\"font-size: 36px;\"><strong><span style=\"color: #000000;\">&#8222;Galaktikos odis\u0117ja&#8221; serija yra sudaryta i\u0161 16 medali\u0173. Kiekvienas medalis yra ir unikalus, bet tuo pa\u010diu ir vieno stilio kaip visi kiti.<\/span><\/strong><\/span><\/p>\n<p>&nbsp;<\/p>\n<p><img loading=\"lazy\" decoding=\"async\" class=\"aligncenter wp-image-688 size-full\" src=\"https:\/\/www.myrace.lt\/maratonadienis\/wp-content\/uploads\/sites\/17\/2024\/08\/MARATONADIENIS-MEDAL-GlobalArtGifts_Alieen-1-1.jpg\" alt=\"\" width=\"1279\" height=\"1706\" srcset=\"https:\/\/www.myrace.lt\/maratonadienis\/wp-content\/uploads\/sites\/17\/2024\/08\/MARATONADIENIS-MEDAL-GlobalArtGifts_Alieen-1-1.jpg 1279w, https:\/\/www.myrace.lt\/maratonadienis\/wp-content\/uploads\/sites\/17\/2024\/08\/MARATONADIENIS-MEDAL-GlobalArtGifts_Alieen-1-1-225x300.jpg 225w, https:\/\/www.myrace.lt\/maratonadienis\/wp-content\/uploads\/sites\/17\/2024\/08\/MARATONADIENIS-MEDAL-GlobalArtGifts_Alieen-1-1-768x1024.jpg 768w, https:\/\/www.myrace.lt\/maratonadienis\/wp-content\/uploads\/sites\/17\/2024\/08\/MARATONADIENIS-MEDAL-GlobalArtGifts_Alieen-1-1-1152x1536.jpg 1152w\" sizes=\"auto, (max-width: 1279px) 100vw, 1279px\" \/><\/p>\n<p style=\"text-align: center;\"><span style=\"font-size: 36px;\"><strong><span style=\"color: #000000;\">Merkurijaus, Veneros, \u017dem\u0117s ir M\u0117nulio medaliai:<\/span><\/strong><\/span><\/p>\n<p><img loading=\"lazy\" decoding=\"async\" class=\"aligncenter wp-image-689 size-full\" src=\"https:\/\/www.myrace.lt\/maratonadienis\/wp-content\/uploads\/sites\/17\/2024\/08\/MARATONADIENIS-MEDAL-GlobalArtGifts_Alieen-2-1.jpg\" alt=\"\" width=\"1706\" height=\"1279\" srcset=\"https:\/\/www.myrace.lt\/maratonadienis\/wp-content\/uploads\/sites\/17\/2024\/08\/MARATONADIENIS-MEDAL-GlobalArtGifts_Alieen-2-1.jpg 1706w, https:\/\/www.myrace.lt\/maratonadienis\/wp-content\/uploads\/sites\/17\/2024\/08\/MARATONADIENIS-MEDAL-GlobalArtGifts_Alieen-2-1-300x225.jpg 300w, https:\/\/www.myrace.lt\/maratonadienis\/wp-content\/uploads\/sites\/17\/2024\/08\/MARATONADIENIS-MEDAL-GlobalArtGifts_Alieen-2-1-1024x768.jpg 1024w, https:\/\/www.myrace.lt\/maratonadienis\/wp-content\/uploads\/sites\/17\/2024\/08\/MARATONADIENIS-MEDAL-GlobalArtGifts_Alieen-2-1-768x576.jpg 768w, https:\/\/www.myrace.lt\/maratonadienis\/wp-content\/uploads\/sites\/17\/2024\/08\/MARATONADIENIS-MEDAL-GlobalArtGifts_Alieen-2-1-1536x1152.jpg 1536w\" sizes=\"auto, (max-width: 1706px) 100vw, 1706px\" \/><\/p>\n<p style=\"text-align: center;\"><span style=\"font-size: 36px;\"><strong><span style=\"color: #000000;\">Nept\u016bno, Plutono, Saul\u0117s ir Saul\u0117s sistemos medaliai:<\/span><\/strong><\/span><\/p>\n<p><img loading=\"lazy\" decoding=\"async\" class=\"aligncenter wp-image-690 size-full\" src=\"https:\/\/www.myrace.lt\/maratonadienis\/wp-content\/uploads\/sites\/17\/2024\/08\/MARATONADIENIS-MEDAL-GlobalArtGifts_Alieen-3.jpg\" alt=\"\" width=\"1706\" height=\"1279\" srcset=\"https:\/\/www.myrace.lt\/maratonadienis\/wp-content\/uploads\/sites\/17\/2024\/08\/MARATONADIENIS-MEDAL-GlobalArtGifts_Alieen-3.jpg 1706w, https:\/\/www.myrace.lt\/maratonadienis\/wp-content\/uploads\/sites\/17\/2024\/08\/MARATONADIENIS-MEDAL-GlobalArtGifts_Alieen-3-300x225.jpg 300w, https:\/\/www.myrace.lt\/maratonadienis\/wp-content\/uploads\/sites\/17\/2024\/08\/MARATONADIENIS-MEDAL-GlobalArtGifts_Alieen-3-1024x768.jpg 1024w, https:\/\/www.myrace.lt\/maratonadienis\/wp-content\/uploads\/sites\/17\/2024\/08\/MARATONADIENIS-MEDAL-GlobalArtGifts_Alieen-3-768x576.jpg 768w, https:\/\/www.myrace.lt\/maratonadienis\/wp-content\/uploads\/sites\/17\/2024\/08\/MARATONADIENIS-MEDAL-GlobalArtGifts_Alieen-3-1536x1152.jpg 1536w\" sizes=\"auto, (max-width: 1706px) 100vw, 1706px\" \/><\/p>\n<p style=\"text-align: center;\"><span style=\"font-size: 36px;\"><strong><span style=\"color: #000000;\">Marso, Jupiterio, Saturno ir Urano medaliai:<\/span><\/strong><\/span><\/p>\n<p><img loading=\"lazy\" decoding=\"async\" class=\"aligncenter wp-image-691 size-full\" src=\"https:\/\/www.myrace.lt\/maratonadienis\/wp-content\/uploads\/sites\/17\/2024\/08\/MARATONADIENIS-MEDAL-GlobalArtGifts_Alieen-4.jpg\" alt=\"\" width=\"1706\" height=\"1279\" srcset=\"https:\/\/www.myrace.lt\/maratonadienis\/wp-content\/uploads\/sites\/17\/2024\/08\/MARATONADIENIS-MEDAL-GlobalArtGifts_Alieen-4.jpg 1706w, https:\/\/www.myrace.lt\/maratonadienis\/wp-content\/uploads\/sites\/17\/2024\/08\/MARATONADIENIS-MEDAL-GlobalArtGifts_Alieen-4-300x225.jpg 300w, https:\/\/www.myrace.lt\/maratonadienis\/wp-content\/uploads\/sites\/17\/2024\/08\/MARATONADIENIS-MEDAL-GlobalArtGifts_Alieen-4-1024x768.jpg 1024w, https:\/\/www.myrace.lt\/maratonadienis\/wp-content\/uploads\/sites\/17\/2024\/08\/MARATONADIENIS-MEDAL-GlobalArtGifts_Alieen-4-768x576.jpg 768w, https:\/\/www.myrace.lt\/maratonadienis\/wp-content\/uploads\/sites\/17\/2024\/08\/MARATONADIENIS-MEDAL-GlobalArtGifts_Alieen-4-1536x1152.jpg 1536w\" sizes=\"auto, (max-width: 1706px) 100vw, 1706px\" \/><\/p>\n<p style=\"text-align: center;\"><span style=\"font-size: 36px;\"><strong><span style=\"color: #000000;\">Kometos, \u016bko, neutronin\u0117s \u017evaig\u017ed\u0117s ir\u00a0<\/span><\/strong><\/span><\/p>\n<p style=\"text-align: center;\"><span style=\"font-size: 36px;\"><strong><span style=\"color: #000000;\">Pauk\u0161\u010di\u0173 tako galaktikos medaliai:<\/span><\/strong><\/span><\/p>\n<p><img loading=\"lazy\" decoding=\"async\" class=\"aligncenter wp-image-774 size-full\" src=\"https:\/\/www.myrace.lt\/maratonadienis\/wp-content\/uploads\/sites\/17\/2024\/09\/MARATONADIENIS-MEDAL-GlobalArtGifts_Alieen-2-2.jpg\" alt=\"\" width=\"1706\" height=\"1279\" srcset=\"https:\/\/www.myrace.lt\/maratonadienis\/wp-content\/uploads\/sites\/17\/2024\/09\/MARATONADIENIS-MEDAL-GlobalArtGifts_Alieen-2-2.jpg 1706w, https:\/\/www.myrace.lt\/maratonadienis\/wp-content\/uploads\/sites\/17\/2024\/09\/MARATONADIENIS-MEDAL-GlobalArtGifts_Alieen-2-2-300x225.jpg 300w, https:\/\/www.myrace.lt\/maratonadienis\/wp-content\/uploads\/sites\/17\/2024\/09\/MARATONADIENIS-MEDAL-GlobalArtGifts_Alieen-2-2-1024x768.jpg 1024w, https:\/\/www.myrace.lt\/maratonadienis\/wp-content\/uploads\/sites\/17\/2024\/09\/MARATONADIENIS-MEDAL-GlobalArtGifts_Alieen-2-2-768x576.jpg 768w, https:\/\/www.myrace.lt\/maratonadienis\/wp-content\/uploads\/sites\/17\/2024\/09\/MARATONADIENIS-MEDAL-GlobalArtGifts_Alieen-2-2-1536x1152.jpg 1536w\" sizes=\"auto, (max-width: 1706px) 100vw, 1706px\" \/><\/p>\n<p>&nbsp;<\/p>\n<p style=\"text-align: center;\"><span style=\"font-size: 36px;\"><strong><span style=\"color: #000000;\">Dalis medali\u0173 &#8222;judesy&#8221;:<\/span><\/strong><\/span><\/p>\n<div style=\"width: 810px;\" class=\"wp-video\"><video class=\"wp-video-shortcode\" id=\"video-594-1\" width=\"810\" height=\"459\" preload=\"metadata\" controls=\"controls\"><source type=\"video\/mp4\" src=\"https:\/\/www.myrace.lt\/maratonadienis\/wp-content\/uploads\/sites\/17\/2024\/08\/Odiseja-galaktikos.mp4?_=1\" \/><a href=\"https:\/\/www.myrace.lt\/maratonadienis\/wp-content\/uploads\/sites\/17\/2024\/08\/Odiseja-galaktikos.mp4\">https:\/\/www.myrace.lt\/maratonadienis\/wp-content\/uploads\/sites\/17\/2024\/08\/Odiseja-galaktikos.mp4<\/a><\/video><\/div>\n<p>&nbsp;<\/p>\n<div style=\"width: 810px;\" class=\"wp-video\"><video class=\"wp-video-shortcode\" id=\"video-594-2\" width=\"810\" height=\"456\" preload=\"metadata\" controls=\"controls\"><source type=\"video\/mp4\" src=\"https:\/\/www.myrace.lt\/maratonadienis\/wp-content\/uploads\/sites\/17\/2024\/09\/MARATONADIENIS-MEDAL-GlobalArtGifts_Alieen.mp4?_=2\" \/><a href=\"https:\/\/www.myrace.lt\/maratonadienis\/wp-content\/uploads\/sites\/17\/2024\/09\/MARATONADIENIS-MEDAL-GlobalArtGifts_Alieen.mp4\">https:\/\/www.myrace.lt\/maratonadienis\/wp-content\/uploads\/sites\/17\/2024\/09\/MARATONADIENIS-MEDAL-GlobalArtGifts_Alieen.mp4<\/a><\/video><\/div>\n","protected":false},"excerpt":{"rendered":"<p>&#8222;Galaktikos odis\u0117ja&#8221; serija yra sudaryta i\u0161 16 medali\u0173. Kiekvienas medalis yra ir unikalus, bet tuo pa\u010diu ir vieno stilio kaip visi kiti. &nbsp; Merkurijaus, Veneros, \u017dem\u0117s ir M\u0117nulio medaliai: Nept\u016bno, Plutono, Saul\u0117s ir Saul\u0117s sistemos medaliai: Marso, Jupiterio, Saturno ir Urano medaliai: Kometos, \u016bko, neutronin\u0117s \u017evaig\u017ed\u0117s ir\u00a0 Pauk\u0161\u010di\u0173 tako galaktikos medaliai: &nbsp; Dalis medali\u0173 &#8222;judesy&#8221;: [&hellip;]<\/p>\n","protected":false},"author":2,"featured_media":0,"parent":0,"menu_order":0,"comment_status":"closed","ping_status":"closed","template":"","meta":{"footnotes":""},"class_list":["post-594","page","type-page","status-publish","hentry"],"_links":{"self":[{"href":"https:\/\/www.myrace.lt\/maratonadienis\/wp-json\/wp\/v2\/pages\/594","targetHints":{"allow":["GET"]}}],"collection":[{"href":"https:\/\/www.myrace.lt\/maratonadienis\/wp-json\/wp\/v2\/pages"}],"about":[{"href":"https:\/\/www.myrace.lt\/maratonadienis\/wp-json\/wp\/v2\/types\/page"}],"author":[{"embeddable":true,"href":"https:\/\/www.myrace.lt\/maratonadienis\/wp-json\/wp\/v2\/users\/2"}],"replies":[{"embeddable":true,"href":"https:\/\/www.myrace.lt\/maratonadienis\/wp-json\/wp\/v2\/comments?post=594"}],"version-history":[{"count":9,"href":"https:\/\/www.myrace.lt\/maratonadienis\/wp-json\/wp\/v2\/pages\/594\/revisions"}],"predecessor-version":[{"id":815,"href":"https:\/\/www.myrace.lt\/maratonadienis\/wp-json\/wp\/v2\/pages\/594\/revisions\/815"}],"wp:attachment":[{"href":"https:\/\/www.myrace.lt\/maratonadienis\/wp-json\/wp\/v2\/media?parent=594"}],"curies":[{"name":"wp","href":"https:\/\/api.w.org\/{rel}","templated":true}]}}