{"id":577,"date":"2024-07-08T14:45:32","date_gmt":"2024-07-08T11:45:32","guid":{"rendered":"https:\/\/www.myrace.lt\/maratonadienis\/?page_id=577"},"modified":"2024-08-03T21:12:21","modified_gmt":"2024-08-03T18:12:21","slug":"nuostatai-11","status":"publish","type":"page","link":"https:\/\/www.myrace.lt\/maratonadienis\/nuostatai-maratonadienis\/nuostatai-11\/","title":{"rendered":"NUOSTATAI #11"},"content":{"rendered":"<div class=\"x11i5rnm xat24cr x1mh8g0r x1vvkbs xtlvy1s\" style=\"text-align: center;\"><span style=\"font-size: 28px; color: #000000;\"><strong>NUOSTATAI<\/strong><\/span><\/div>\n<div><\/div>\n<div class=\"x11i5rnm xat24cr x1mh8g0r x1vvkbs xtlvy1s\"><span style=\"font-size: 20px; color: #000000;\"><strong>STARTAS:<\/strong><\/span><br \/>\n<span style=\"color: #000000;\">Maratonadienis #11 &#8211; 2024-07-21 9.00;<\/span><\/div>\n<div>.<\/div>\n<div class=\"x11i5rnm xat24cr x1mh8g0r x1vvkbs xtlvy1s\"><span style=\"font-size: 20px; color: #000000;\"><strong>STARTO VIETA:<\/strong><\/span><br \/>\n<span style=\"color: #000000;\">Balt\u0173 mitologijos parkas, Sausdravai, Kretingos raj.<\/span><\/div>\n<div><span style=\"color: #000000;\">Nuoroda &#8211; spausti<\/span> <strong><a href=\"https:\/\/www.google.com\/maps\/dir\/\/Sausdrav%C5%B3+k,+97261+Sausdravai\/@56.0300359,21.1063113,12z\/data=!4m8!4m7!1m0!1m5!1m1!1s0x46e53a802c45b807:0xf500f578c633a39f!2m2!1d21.1887112!2d56.0300634?entry=ttu\">\u010cIA<\/a><\/strong><\/div>\n<div>.<\/div>\n<div class=\"x11i5rnm xat24cr x1mh8g0r x1vvkbs xtlvy1s\"><span style=\"color: #000000;\"><strong><span style=\"font-size: 20px;\">NUOTOLIAI:<\/span><\/strong><\/span><br \/>\n<span style=\"color: #000000;\">Distancija &#8211; 42,195km (8 ratai).<\/span><br \/>\n<span style=\"color: #000000;\">Rato ilgis &#8211; 5,3 km.<\/span><br \/>\n<span style=\"color: #000000;\">Pageidautina \u012fveikti piln\u0105 maratono distancij\u0105 (8 ratus), bet bus fiksuojami ir ma\u017eiau \u012fveikt\u0173 rat\u0173 ilgis.<\/span><br \/>\n<span style=\"color: #000000;\">Danga &#8211; lygus \u017evyrkelis.<\/span><\/div>\n<div>.<\/div>\n<div class=\"x11i5rnm xat24cr x1mh8g0r x1vvkbs xtlvy1s\"><span style=\"color: #000000;\"><strong><span style=\"font-size: 20px;\">LAIKO LIMITAS:<\/span><\/strong><\/span><br \/>\n<span style=\"color: #000000;\">Laiko limitas &#8211; 7h.<\/span><\/div>\n<div>.<\/div>\n<div class=\"x11i5rnm xat24cr x1mh8g0r x1vvkbs xtlvy1s\"><span style=\"color: #000000;\"><strong><span style=\"font-size: 20px;\">REGISTRACIJA:<\/span><\/strong><\/span><br \/>\n<span style=\"color: #000000;\">Registracijos puslapis:<\/span><br \/>\n<span style=\"color: #0000ff;\"><strong><a class=\"x1i10hfl xjbqb8w x1ejq31n xd10rxx x1sy0etr x17r0tee x972fbf xcfux6l x1qhh985 xm0m39n x9f619 x1ypdohk xt0psk2 xe8uvvx xdj266r x11i5rnm xat24cr x1mh8g0r xexx8yu x4uap5 x18d9i69 xkhd6sd x16tdsg8 x1hl2dhg xggy1nq x1a2a7pz xt0b8zv x1fey0fg\" style=\"color: #0000ff;\" tabindex=\"0\" role=\"link\" href=\"https:\/\/l.facebook.com\/l.php?u=https%3A%2F%2Fwww.myrace%2F%3Ffbclid%3DIwAR1LI3kyVppt3Qv50y2Rr5-2QAhXKEk6l4t9kuv60GJ4sxusbgetFWjKwIc&amp;h=AT35TuKr3uy9AwDgYshrCyAg80WDm35cTQuWNoW5DHlxQVq-kCD0U5pCUO4cphjqykn2mqnXXQLwpymNhOY8odxfEqmzw5ql2dqa-ClCQd_2YsI5S3mYtnYQ7XvUYvFNXWA3&amp;__tn__=q&amp;c[0]=AT0cpKChW8y5CfFvFJyNamGFaKh2SrggbU4SgWdOeYqbC8AvsZO0YMy4uD--JlgvuuiKAL7gC2P2UbX4YS4bkejd33TRdEKIhE6AESKnpV6F19BZEnrOA3dg4VlqQQTUMGo\" target=\"_blank\" rel=\"nofollow noopener noreferrer\">https:\/\/www.myrace.lt\/<\/a><\/strong><\/span><\/div>\n<div>.<\/div>\n<div class=\"x11i5rnm xat24cr x1mh8g0r x1vvkbs xtlvy1s\"><span style=\"font-size: 20px; color: #000000;\"><strong>DALYVI\u0172 STARTINIS MOKESTIS:<\/strong><\/span><br \/>\n<span style=\"font-size: 16px; color: #000000;\">Su Maratonadienio apdovanojimu (krik\u0161toliniu padu arba Eterio medaliu) &#8211; <strong>25\u20ac<\/strong><\/span><br class=\"html-br\" \/><span style=\"font-size: 16px; color: #000000;\">Su medaliu i\u0161 pra\u0117jusi\u0173 Maratomanija\u00a0 7-8 rengini\u0173 medali\u0173 kolekcijos &#8211; <strong>15\u20ac<\/strong><\/span><br class=\"html-br\" \/><span style=\"font-size: 16px; color: #000000;\">PERKANT REGISTRACIJ\u0104 BE MEDALIO &#8211; <strong>KAINA 10EUR<\/strong><\/span><\/div>\n<div><span style=\"color: #000000;\">REGISTRACIJA VIETOJE\u00a0 &#8211; perkamos registracijos kaina\u00a0 <strong>+5\u20ac<\/strong>!<\/span><\/div>\n<div class=\"x11i5rnm xat24cr x1mh8g0r x1vvkbs xtlvy1s\"><strong><span style=\"color: #000000;\"><em>Dalyvio startinis mokestis pervedamas \u012f SWEDBANK s\u0105skait\u0105 &#8211; LT08 7300 0101 4098 8636 , Valdas \u0160mai\u017eys<\/em>.<\/span><\/strong><br \/>\n<span style=\"color: #000000;\">Dalyviai, u\u017esiregistrav\u0119 ir per 5 dienas\u00a0 nesumok\u0117j\u0119 startinio mokes\u010dio, bus trinami i\u0161 dalyvi\u0173 s\u0105ra\u0161o.<\/span><\/div>\n<div class=\"x11i5rnm xat24cr x1mh8g0r x1vvkbs xtlvy1s\"><span style=\"color: #000000;\">Dalyvio startinis mokestis negr\u0105\u017einamas.<\/span><\/div>\n<div>.<\/div>\n<div class=\"x11i5rnm xat24cr x1mh8g0r x1vvkbs xtlvy1s\"><span style=\"font-size: 20px; color: #000000;\"><strong>APDOVANOJIMAI:<\/strong><\/span><br \/>\n<span style=\"color: #000000;\">Kiekvienam dalyviui (nepriklausomai nuo \u012fveikto atstumo), bus \u012fteiktas atminimo medalis.<\/span><br \/>\n<span style=\"color: #000000;\">Kiekvienam dalyviui bus \u012fteiktas diplomas (skaitmeninis).<\/span><\/div>\n<div>.<\/div>\n<div class=\"x11i5rnm xat24cr x1mh8g0r x1vvkbs xtlvy1s\"><span style=\"font-size: 20px; color: #000000;\"><strong>NUMERI\u0172 I\u0160DAVIMAS<\/strong><\/span><br \/>\n<span style=\"color: #000000;\">Numeriai bus i\u0161duodami starto vietoje.<\/span><\/div>\n<div>.<\/div>\n<div class=\"x11i5rnm xat24cr x1mh8g0r x1vvkbs xtlvy1s\"><span style=\"font-size: 20px; color: #000000;\"><strong>EIGA, REZULTAT\u0172 FIKSAVIMAS<\/strong><\/span><br \/>\n<span style=\"color: #000000;\">Trasoje bus \u012frengtos dvi vandens ir viena maitinimo stotel\u0117, kurioje dalyviams bus dalinami g\u0117rimai \u2013 vanduo, Cola, Izotonikas, gaivieji g\u0117rimai, vaisiai, sausainiai, u\u017ekand\u017eiai.<\/span><br \/>\n.<\/div>\n<div class=\"x11i5rnm xat24cr x1mh8g0r x1vvkbs xtlvy1s\"><span style=\"font-size: 20px; color: #000000;\"><strong>BAIGIAMOSIOS NUOSTATOS<\/strong><\/span><br \/>\n<span style=\"color: #000000;\">B\u0117gimo var\u017eybas organizuoja Valdas \u0160mai\u017eys.<\/span><br \/>\n<span style=\"color: #000000;\">B\u0117gimo organizatoriai pasilieka teis\u0119, reikalui esant, keisti var\u017eyb\u0173 taisykles.<\/span><br \/>\n<span style=\"color: #000000;\">Kilus klausimams galite skambinti tel.: +370 615 32233 (Valdas). Taip pat galite ra\u0161yti elektroniniu pa\u0161tu maratomanija@gmail.com<\/span><\/div>\n","protected":false},"excerpt":{"rendered":"<p>NUOSTATAI STARTAS: Maratonadienis #11 &#8211; 2024-07-21 9.00; . STARTO VIETA: Balt\u0173 mitologijos parkas, Sausdravai, Kretingos raj. Nuoroda &#8211; spausti \u010cIA . NUOTOLIAI: Distancija &#8211; 42,195km (8 ratai). Rato ilgis &#8211; 5,3 km. Pageidautina \u012fveikti piln\u0105 maratono distancij\u0105 (8 ratus), bet bus fiksuojami ir ma\u017eiau \u012fveikt\u0173 rat\u0173 ilgis. Danga &#8211; lygus \u017evyrkelis. . LAIKO LIMITAS: Laiko [&hellip;]<\/p>\n","protected":false},"author":2,"featured_media":0,"parent":630,"menu_order":0,"comment_status":"closed","ping_status":"closed","template":"","meta":{"footnotes":""},"class_list":["post-577","page","type-page","status-publish","hentry"],"_links":{"self":[{"href":"https:\/\/www.myrace.lt\/maratonadienis\/wp-json\/wp\/v2\/pages\/577","targetHints":{"allow":["GET"]}}],"collection":[{"href":"https:\/\/www.myrace.lt\/maratonadienis\/wp-json\/wp\/v2\/pages"}],"about":[{"href":"https:\/\/www.myrace.lt\/maratonadienis\/wp-json\/wp\/v2\/types\/page"}],"author":[{"embeddable":true,"href":"https:\/\/www.myrace.lt\/maratonadienis\/wp-json\/wp\/v2\/users\/2"}],"replies":[{"embeddable":true,"href":"https:\/\/www.myrace.lt\/maratonadienis\/wp-json\/wp\/v2\/comments?post=577"}],"version-history":[{"count":11,"href":"https:\/\/www.myrace.lt\/maratonadienis\/wp-json\/wp\/v2\/pages\/577\/revisions"}],"predecessor-version":[{"id":604,"href":"https:\/\/www.myrace.lt\/maratonadienis\/wp-json\/wp\/v2\/pages\/577\/revisions\/604"}],"up":[{"embeddable":true,"href":"https:\/\/www.myrace.lt\/maratonadienis\/wp-json\/wp\/v2\/pages\/630"}],"wp:attachment":[{"href":"https:\/\/www.myrace.lt\/maratonadienis\/wp-json\/wp\/v2\/media?parent=577"}],"curies":[{"name":"wp","href":"https:\/\/api.w.org\/{rel}","templated":true}]}}