{"id":370,"date":"2023-07-05T14:27:43","date_gmt":"2023-07-05T11:27:43","guid":{"rendered":"https:\/\/www.myrace.lt\/maratonadienis\/?page_id=370"},"modified":"2023-10-30T17:28:40","modified_gmt":"2023-10-30T15:28:40","slug":"rezultatai-maratonadienis-2","status":"publish","type":"page","link":"https:\/\/www.myrace.lt\/maratonadienis\/rezultatai\/rezultatai-maratonadienis-2\/","title":{"rendered":"Rezultatai (Maratonadienis #2 | 2023.07.08)"},"content":{"rendered":"<style type=\"text\/css\">\ntd {\n\tborder: 1px solid #ddd;\n\tpadding: 2px;\n\tvertical-align: middle;\n  }\n}\n<\/style>\n\n\n\t<link rel=\"stylesheet\" type=\"text\/css\" href=\"\/registravimas\/tools\/color_myrace.css\" \/>\n\t<link rel=\"stylesheet\" type=\"text\/css\" href=\"\/registravimas\/tools\/rezultatai.css\" \/><div><form name=\"f_distancija\">Pasirinkite distancij\u0105: <select style=\"width: 320px\" id=\"filtrai\" onchange=\"distancija()\"><option value=\"0\" selected=\"selected\">Visos distancijos<\/option><option value=\"1\">Maratonas<\/option><option value=\"2\">Pusmaratonis<\/option><option value=\"3\">10.6 km<\/option><option value=\"4\">5.3 km<\/option><\/select>\n\t<\/form>\n\t<script type=\"text\/javascript\">function distancija() {filtras=document.f_distancija.filtrai.value;document.location.href = \"?distancija=\" + filtras;}\n\t<\/script><\/div><div style=\"overflow-x:auto;\"><table class=\"rezai\" width=\"1024px\" border=\"1\" cellspacing=\"0\" cellpadding=\"2\"><tr class=\"rezai\"><th width=\"40px\"><a href=\"?pagal=id\">Eil.<br\/>Nr.<\/a><\/th><th width=\"70\">Diplomas<\/th><th width=\"40px\"><a href=\"?pagal=nr\">Nr.<\/a><\/th><th width=\"70px\"><a href=\"?pagal=vardas\">Vardas<\/a><\/th><th width=\"70px\"><a href=\"?pagal=pavarde\">Pavard\u0117<\/a><\/th><th width=\"40px\"><a href=\"?pagal=lytis\">Lytis<\/a><\/th><th width=\"50px\"><a href=\"?pagal=gimimo\">Gimimo<br\/>metai<\/a><\/th><th width=\"50px\"><a href=\"?pagal=salis\">\u0160alis<\/a><\/th><th width=\"100px\"><a href=\"?pagal=miestas\">Miestas<\/a><\/th><th width=\"150px\"><a href=\"?pagal=klubas\">Klubas<\/a><\/th><th width=\"100px\"><a href=\"?pagal=distancija\">Distancija<\/a><\/th><th width=\"60px\"><a href=\"?pagal=rezultatas\">Rezultatas<\/a><\/th><th width=\"50px\"><a href=\"?pagal=greitis\">1 km greitis<\/a><\/th><\/tr><tr class=\"meniuoff\" onmouseover=\"className=&quot;meniuon&quot;\" onmouseout=\"className=&quot;meniuoff&quot;\"><td width=\"40px\">1.<\/td><td><a href=\"https:\/\/www.myrace.lt\/diplomas\/diplomas.php?id=5973\" target=\"_blank\">\n\t\t\t\t\t\t\t<img decoding=\"async\" src=\"\/diplomas\/diplomai\/ico-covid1.jpg\"><\/a><\/td><td width=\"40px\">33<\/td><td style=\"text-align: right; padding-right: 10px;\" width=\"70px\">Aleksandras<\/td><td style=\"text-align: left; padding-left: 10px;\" width=\"70px\">Karpinskis<\/td><td width=\"40px\">V<\/td><td width=\"50px\">1969<\/td><td width=\"50px\">LTU<\/td><td width=\"100px\">Kaunas<\/td><td width=\"150px\">Kauno BMK<\/td><td width=\"100px\">42.195<\/td><td width=\"60px\">03:13:41<\/td><td width=\"50px\">04:35<\/td><\/tr><tr class=\"meniuoff\" onmouseover=\"className=&quot;meniuon&quot;\" onmouseout=\"className=&quot;meniuoff&quot;\"><td width=\"40px\">2.<\/td><td><a href=\"https:\/\/www.myrace.lt\/diplomas\/diplomas.php?id=5974\" target=\"_blank\">\n\t\t\t\t\t\t\t<img decoding=\"async\" src=\"\/diplomas\/diplomai\/ico-covid1.jpg\"><\/a><\/td><td width=\"40px\">109<\/td><td style=\"text-align: right; padding-right: 10px;\" width=\"70px\">Ernestas<\/td><td style=\"text-align: left; padding-left: 10px;\" width=\"70px\">Vedeikis<\/td><td width=\"40px\">V<\/td><td width=\"50px\">1970<\/td><td width=\"50px\">LTU<\/td><td width=\"100px\">\u0160iauliai<\/td><td width=\"150px\">Lukas<\/td><td width=\"100px\">42.195<\/td><td width=\"60px\">03:17:40<\/td><td width=\"50px\">04:41<\/td><\/tr><tr class=\"meniuoff\" onmouseover=\"className=&quot;meniuon&quot;\" onmouseout=\"className=&quot;meniuoff&quot;\"><td width=\"40px\">3.<\/td><td><a href=\"https:\/\/www.myrace.lt\/diplomas\/diplomas.php?id=5975\" target=\"_blank\">\n\t\t\t\t\t\t\t<img decoding=\"async\" src=\"\/diplomas\/diplomai\/ico-covid1.jpg\"><\/a><\/td><td width=\"40px\">9<\/td><td style=\"text-align: right; padding-right: 10px;\" width=\"70px\">Aivars<\/td><td style=\"text-align: left; padding-left: 10px;\" width=\"70px\">Brezinskis<\/td><td width=\"40px\">V<\/td><td width=\"50px\">1993<\/td><td width=\"50px\">LVA<\/td><td width=\"100px\">Riga<\/td><td width=\"150px\">Matisons runners club<\/td><td width=\"100px\">42.195<\/td><td width=\"60px\">03:22:02<\/td><td width=\"50px\">04:47<\/td><\/tr><tr class=\"meniuoff\" onmouseover=\"className=&quot;meniuon&quot;\" onmouseout=\"className=&quot;meniuoff&quot;\"><td width=\"40px\">4.<\/td><td><a href=\"https:\/\/www.myrace.lt\/diplomas\/diplomas.php?id=5976\" target=\"_blank\">\n\t\t\t\t\t\t\t<img decoding=\"async\" src=\"\/diplomas\/diplomai\/ico-covid1.jpg\"><\/a><\/td><td width=\"40px\">32<\/td><td style=\"text-align: right; padding-right: 10px;\" width=\"70px\">Algis<\/td><td style=\"text-align: left; padding-left: 10px;\" width=\"70px\">Pacevi\u010dius<\/td><td width=\"40px\">V<\/td><td width=\"50px\">1989<\/td><td width=\"50px\">LTU<\/td><td width=\"100px\">K\u0117dainiai<\/td><td width=\"150px\"><\/td><td width=\"100px\">42.195<\/td><td width=\"60px\">03:30:46<\/td><td width=\"50px\">05:00<\/td><\/tr><tr class=\"meniuoff\" onmouseover=\"className=&quot;meniuon&quot;\" onmouseout=\"className=&quot;meniuoff&quot;\"><td width=\"40px\">5.<\/td><td><a href=\"https:\/\/www.myrace.lt\/diplomas\/diplomas.php?id=5977\" target=\"_blank\">\n\t\t\t\t\t\t\t<img decoding=\"async\" src=\"\/diplomas\/diplomai\/ico-covid1.jpg\"><\/a><\/td><td width=\"40px\">65<\/td><td style=\"text-align: right; padding-right: 10px;\" width=\"70px\">Audrius<\/td><td style=\"text-align: left; padding-left: 10px;\" width=\"70px\">Jankauskas<\/td><td width=\"40px\">V<\/td><td width=\"50px\">1971<\/td><td width=\"50px\">LTU<\/td><td width=\"100px\">Raseiniai<\/td><td width=\"150px\">Maratomanija<\/td><td width=\"100px\">42.195<\/td><td width=\"60px\">03:42:00<\/td><td width=\"50px\">05:16<\/td><\/tr><tr class=\"meniuoff\" onmouseover=\"className=&quot;meniuon&quot;\" onmouseout=\"className=&quot;meniuoff&quot;\"><td width=\"40px\">6.<\/td><td><a href=\"https:\/\/www.myrace.lt\/diplomas\/diplomas.php?id=5978\" target=\"_blank\">\n\t\t\t\t\t\t\t<img decoding=\"async\" src=\"\/diplomas\/diplomai\/ico-covid1.jpg\"><\/a><\/td><td width=\"40px\">27<\/td><td style=\"text-align: right; padding-right: 10px;\" width=\"70px\">Ri\u010dardas<\/td><td style=\"text-align: left; padding-left: 10px;\" width=\"70px\">\u010cere\u0161ka<\/td><td width=\"40px\">V<\/td><td width=\"50px\">1966<\/td><td width=\"50px\">LTU<\/td><td width=\"100px\">Panev\u0117\u017eys<\/td><td width=\"150px\">Maratomanija<\/td><td width=\"100px\">42.195<\/td><td width=\"60px\">03:48:08<\/td><td width=\"50px\">05:24<\/td><\/tr><tr class=\"meniuoff\" onmouseover=\"className=&quot;meniuon&quot;\" onmouseout=\"className=&quot;meniuoff&quot;\"><td width=\"40px\">7.<\/td><td><a href=\"https:\/\/www.myrace.lt\/diplomas\/diplomas.php?id=5979\" target=\"_blank\">\n\t\t\t\t\t\t\t<img decoding=\"async\" src=\"\/diplomas\/diplomai\/ico-covid1.jpg\"><\/a><\/td><td width=\"40px\">11<\/td><td style=\"text-align: right; padding-right: 10px;\" width=\"70px\">Aurimas<\/td><td style=\"text-align: left; padding-left: 10px;\" width=\"70px\">Bulk\u0161as<\/td><td width=\"40px\">V<\/td><td width=\"50px\">1981<\/td><td width=\"50px\">LTU<\/td><td width=\"100px\">\u0160iauliai<\/td><td width=\"150px\">Green Team<\/td><td width=\"100px\">42.195<\/td><td width=\"60px\">03:51:50<\/td><td width=\"50px\">05:30<\/td><\/tr><tr class=\"meniuoff\" onmouseover=\"className=&quot;meniuon&quot;\" onmouseout=\"className=&quot;meniuoff&quot;\"><td width=\"40px\">8.<\/td><td><a href=\"https:\/\/www.myrace.lt\/diplomas\/diplomas.php?id=5980\" target=\"_blank\">\n\t\t\t\t\t\t\t<img decoding=\"async\" src=\"\/diplomas\/diplomai\/ico-covid1.jpg\"><\/a><\/td><td width=\"40px\">9<\/td><td style=\"text-align: right; padding-right: 10px;\" width=\"70px\">\u017dilvinas<\/td><td style=\"text-align: left; padding-left: 10px;\" width=\"70px\">Meldaikis<\/td><td width=\"40px\">V<\/td><td width=\"50px\">1978<\/td><td width=\"50px\">LTU<\/td><td width=\"100px\">Kaunas<\/td><td width=\"150px\"><\/td><td width=\"100px\">42.195<\/td><td width=\"60px\">03:56:57<\/td><td width=\"50px\">05:37<\/td><\/tr><tr class=\"meniuoff\" onmouseover=\"className=&quot;meniuon&quot;\" onmouseout=\"className=&quot;meniuoff&quot;\"><td width=\"40px\">9.<\/td><td><a href=\"https:\/\/www.myrace.lt\/diplomas\/diplomas.php?id=5981\" target=\"_blank\">\n\t\t\t\t\t\t\t<img decoding=\"async\" src=\"\/diplomas\/diplomai\/ico-covid1.jpg\"><\/a><\/td><td width=\"40px\">20<\/td><td style=\"text-align: right; padding-right: 10px;\" width=\"70px\">Jonas<\/td><td style=\"text-align: left; padding-left: 10px;\" width=\"70px\">D\u017eervus<\/td><td width=\"40px\">V<\/td><td width=\"50px\">1983<\/td><td width=\"50px\">LTU<\/td><td width=\"100px\">Vilnius<\/td><td width=\"150px\">L\u0160S<\/td><td width=\"100px\">42.195<\/td><td width=\"60px\">04:01:59<\/td><td width=\"50px\">05:44<\/td><\/tr><tr class=\"meniuoff\" onmouseover=\"className=&quot;meniuon&quot;\" onmouseout=\"className=&quot;meniuoff&quot;\"><td width=\"40px\">10.<\/td><td><a href=\"https:\/\/www.myrace.lt\/diplomas\/diplomas.php?id=5982\" target=\"_blank\">\n\t\t\t\t\t\t\t<img decoding=\"async\" src=\"\/diplomas\/diplomai\/ico-covid1.jpg\"><\/a><\/td><td width=\"40px\">151<\/td><td style=\"text-align: right; padding-right: 10px;\" width=\"70px\">Algirdas<\/td><td style=\"text-align: left; padding-left: 10px;\" width=\"70px\">Medeikis<\/td><td width=\"40px\">V<\/td><td width=\"50px\">1979<\/td><td width=\"50px\">LTU<\/td><td width=\"100px\">\u0160iauliai<\/td><td width=\"150px\">BMK Kaunas<\/td><td width=\"100px\">42.195<\/td><td width=\"60px\">04:09:29<\/td><td width=\"50px\">05:55<\/td><\/tr><tr class=\"meniuoff\" onmouseover=\"className=&quot;meniuon&quot;\" onmouseout=\"className=&quot;meniuoff&quot;\"><td width=\"40px\">11.<\/td><td><a href=\"https:\/\/www.myrace.lt\/diplomas\/diplomas.php?id=5983\" target=\"_blank\">\n\t\t\t\t\t\t\t<img decoding=\"async\" src=\"\/diplomas\/diplomai\/ico-covid1.jpg\"><\/a><\/td><td width=\"40px\">22<\/td><td style=\"text-align: right; padding-right: 10px;\" width=\"70px\">Gintaras<\/td><td style=\"text-align: left; padding-left: 10px;\" width=\"70px\">Gedvilas<\/td><td width=\"40px\">V<\/td><td width=\"50px\">1961<\/td><td width=\"50px\">LTU<\/td><td width=\"100px\">Vilnius<\/td><td width=\"150px\">LTU Trail Running People<\/td><td width=\"100px\">42.195<\/td><td width=\"60px\">04:25:15<\/td><td width=\"50px\">06:17<\/td><\/tr><tr class=\"meniuoff\" onmouseover=\"className=&quot;meniuon&quot;\" onmouseout=\"className=&quot;meniuoff&quot;\"><td width=\"40px\">12.<\/td><td><a href=\"https:\/\/www.myrace.lt\/diplomas\/diplomas.php?id=5984\" target=\"_blank\">\n\t\t\t\t\t\t\t<img decoding=\"async\" src=\"\/diplomas\/diplomai\/ico-covid1.jpg\"><\/a><\/td><td width=\"40px\">65<\/td><td style=\"text-align: right; padding-right: 10px;\" width=\"70px\">Darius<\/td><td style=\"text-align: left; padding-left: 10px;\" width=\"70px\">Remeika<\/td><td width=\"40px\">V<\/td><td width=\"50px\">1982<\/td><td width=\"50px\">LTU<\/td><td width=\"100px\">Vilnius<\/td><td width=\"150px\"><\/td><td width=\"100px\">42.195<\/td><td width=\"60px\">04:27:25<\/td><td width=\"50px\">06:20<\/td><\/tr><tr class=\"meniuoff\" onmouseover=\"className=&quot;meniuon&quot;\" onmouseout=\"className=&quot;meniuoff&quot;\"><td width=\"40px\">13.<\/td><td><a href=\"https:\/\/www.myrace.lt\/diplomas\/diplomas.php?id=5985\" target=\"_blank\">\n\t\t\t\t\t\t\t<img decoding=\"async\" src=\"\/diplomas\/diplomai\/ico-covid1.jpg\"><\/a><\/td><td width=\"40px\">21<\/td><td style=\"text-align: right; padding-right: 10px;\" width=\"70px\">Valdemar<\/td><td style=\"text-align: left; padding-left: 10px;\" width=\"70px\">Pavliukovi\u010d<\/td><td width=\"40px\">V<\/td><td width=\"50px\">1967<\/td><td width=\"50px\">LTU<\/td><td width=\"100px\">Vilnius<\/td><td width=\"150px\">Watchmaker running<\/td><td width=\"100px\">42.195<\/td><td width=\"60px\">04:41:28<\/td><td width=\"50px\">06:40<\/td><\/tr><tr class=\"meniuoff\" onmouseover=\"className=&quot;meniuon&quot;\" onmouseout=\"className=&quot;meniuoff&quot;\"><td width=\"40px\">14.<\/td><td><a href=\"https:\/\/www.myrace.lt\/diplomas\/diplomas.php?id=5986\" target=\"_blank\">\n\t\t\t\t\t\t\t<img decoding=\"async\" src=\"\/diplomas\/diplomai\/ico-covid1.jpg\"><\/a><\/td><td width=\"40px\">137<\/td><td style=\"text-align: right; padding-right: 10px;\" width=\"70px\">Valdas<\/td><td style=\"text-align: left; padding-left: 10px;\" width=\"70px\">\u0160mai\u017eys<\/td><td width=\"40px\">V<\/td><td width=\"50px\">1974<\/td><td width=\"50px\">LTU<\/td><td width=\"100px\">Vilnius<\/td><td width=\"150px\">Maratomanija<\/td><td width=\"100px\">42.195<\/td><td width=\"60px\">04:46:41<\/td><td width=\"50px\">06:48<\/td><\/tr><tr class=\"meniuoff\" onmouseover=\"className=&quot;meniuon&quot;\" onmouseout=\"className=&quot;meniuoff&quot;\"><td width=\"40px\">15.<\/td><td><a href=\"https:\/\/www.myrace.lt\/diplomas\/diplomas.php?id=5987\" target=\"_blank\">\n\t\t\t\t\t\t\t<img decoding=\"async\" src=\"\/diplomas\/diplomai\/ico-covid1.jpg\"><\/a><\/td><td width=\"40px\">7<\/td><td style=\"text-align: right; padding-right: 10px;\" width=\"70px\">Tadas<\/td><td style=\"text-align: left; padding-left: 10px;\" width=\"70px\">Beniulis<\/td><td width=\"40px\">V<\/td><td width=\"50px\">1979<\/td><td width=\"50px\">LTU<\/td><td width=\"100px\">Vilnius<\/td><td width=\"150px\">MARATOMANIJA<\/td><td width=\"100px\">42.195<\/td><td width=\"60px\">04:49:17<\/td><td width=\"50px\">06:51<\/td><\/tr><tr class=\"meniuoff\" onmouseover=\"className=&quot;meniuon&quot;\" onmouseout=\"className=&quot;meniuoff&quot;\"><td width=\"40px\">16.<\/td><td><a href=\"https:\/\/www.myrace.lt\/diplomas\/diplomas.php?id=5988\" target=\"_blank\">\n\t\t\t\t\t\t\t<img decoding=\"async\" src=\"\/diplomas\/diplomai\/ico-covid1.jpg\"><\/a><\/td><td width=\"40px\">39<\/td><td style=\"text-align: right; padding-right: 10px;\" width=\"70px\">Gitana<\/td><td style=\"text-align: left; padding-left: 10px;\" width=\"70px\">Janulien\u0117<\/td><td width=\"40px\">M<\/td><td width=\"50px\">1975<\/td><td width=\"50px\">LTU<\/td><td width=\"100px\">Jurbarko R.<\/td><td width=\"150px\">Maratomanija<\/td><td width=\"100px\">42.195<\/td><td width=\"60px\">04:57:20<\/td><td width=\"50px\">07:03<\/td><\/tr><tr class=\"meniuoff\" onmouseover=\"className=&quot;meniuon&quot;\" onmouseout=\"className=&quot;meniuoff&quot;\"><td width=\"40px\">17.<\/td><td><a href=\"https:\/\/www.myrace.lt\/diplomas\/diplomas.php?id=5989\" target=\"_blank\">\n\t\t\t\t\t\t\t<img decoding=\"async\" src=\"\/diplomas\/diplomai\/ico-covid1.jpg\"><\/a><\/td><td width=\"40px\">142<\/td><td style=\"text-align: right; padding-right: 10px;\" width=\"70px\">Samanta<\/td><td style=\"text-align: left; padding-left: 10px;\" width=\"70px\">Petakova<\/td><td width=\"40px\">M<\/td><td width=\"50px\">1986<\/td><td width=\"50px\">LVA<\/td><td width=\"100px\">Riga<\/td><td width=\"150px\">Samanta.runner<\/td><td width=\"100px\">42.195<\/td><td width=\"60px\">05:03:45<\/td><td width=\"50px\">07:12<\/td><\/tr><tr class=\"meniuoff\" onmouseover=\"className=&quot;meniuon&quot;\" onmouseout=\"className=&quot;meniuoff&quot;\"><td width=\"40px\">18.<\/td><td><a href=\"https:\/\/www.myrace.lt\/diplomas\/diplomas.php?id=5990\" target=\"_blank\">\n\t\t\t\t\t\t\t<img decoding=\"async\" src=\"\/diplomas\/diplomai\/ico-covid1.jpg\"><\/a><\/td><td width=\"40px\">1<\/td><td style=\"text-align: right; padding-right: 10px;\" width=\"70px\">Svaj\u016bnas<\/td><td style=\"text-align: left; padding-left: 10px;\" width=\"70px\">Beleckis<\/td><td width=\"40px\">V<\/td><td width=\"50px\">1982<\/td><td width=\"50px\">LTU<\/td><td width=\"100px\">Ma\u017eeiki\u0173 Raj.<\/td><td width=\"150px\"><\/td><td width=\"100px\">42.195<\/td><td width=\"60px\">05:37:22<\/td><td width=\"50px\">08:00<\/td><\/tr><tr class=\"meniuoff\" onmouseover=\"className=&quot;meniuon&quot;\" onmouseout=\"className=&quot;meniuoff&quot;\"><td width=\"40px\">19.<\/td><td><a href=\"https:\/\/www.myrace.lt\/diplomas\/diplomas.php?id=5991\" target=\"_blank\">\n\t\t\t\t\t\t\t<img decoding=\"async\" src=\"\/diplomas\/diplomai\/ico-covid1.jpg\"><\/a><\/td><td width=\"40px\">20<\/td><td style=\"text-align: right; padding-right: 10px;\" width=\"70px\">Vidmantas<\/td><td style=\"text-align: left; padding-left: 10px;\" width=\"70px\">Rugienius<\/td><td width=\"40px\">V<\/td><td width=\"50px\">1973<\/td><td width=\"50px\">LTU<\/td><td width=\"100px\">Marijampol\u0117<\/td><td width=\"150px\"><\/td><td width=\"100px\">42.195<\/td><td width=\"60px\">05:45:22<\/td><td width=\"50px\">08:11<\/td><\/tr><tr class=\"meniuoff\" onmouseover=\"className=&quot;meniuon&quot;\" onmouseout=\"className=&quot;meniuoff&quot;\"><td width=\"40px\">20.<\/td><td><a href=\"https:\/\/www.myrace.lt\/diplomas\/diplomas.php?id=5992\" target=\"_blank\">\n\t\t\t\t\t\t\t<img decoding=\"async\" src=\"\/diplomas\/diplomai\/ico-covid1.jpg\"><\/a><\/td><td width=\"40px\">5<\/td><td style=\"text-align: right; padding-right: 10px;\" width=\"70px\">K\u0119stutis<\/td><td style=\"text-align: left; padding-left: 10px;\" width=\"70px\">Pilipavi\u010dius<\/td><td width=\"40px\">V<\/td><td width=\"50px\">1992<\/td><td width=\"50px\">LTU<\/td><td width=\"100px\"><\/td><td width=\"150px\"><\/td><td width=\"100px\">21.098<\/td><td width=\"60px\">01:47:20<\/td><td width=\"50px\">05:05<\/td><\/tr><tr class=\"meniuoff\" onmouseover=\"className=&quot;meniuon&quot;\" onmouseout=\"className=&quot;meniuoff&quot;\"><td width=\"40px\">21.<\/td><td><a href=\"https:\/\/www.myrace.lt\/diplomas\/diplomas.php?id=5993\" target=\"_blank\">\n\t\t\t\t\t\t\t<img decoding=\"async\" src=\"\/diplomas\/diplomai\/ico-covid1.jpg\"><\/a><\/td><td width=\"40px\">1<\/td><td style=\"text-align: right; padding-right: 10px;\" width=\"70px\">Luka<\/td><td style=\"text-align: left; padding-left: 10px;\" width=\"70px\">Lesauskait\u0117<\/td><td width=\"40px\">M<\/td><td width=\"50px\">1992<\/td><td width=\"50px\">LTU<\/td><td width=\"100px\">Vilnius<\/td><td width=\"150px\"><\/td><td width=\"100px\">21.098<\/td><td width=\"60px\">02:12:46<\/td><td width=\"50px\">06:18<\/td><\/tr><tr class=\"meniuoff\" onmouseover=\"className=&quot;meniuon&quot;\" onmouseout=\"className=&quot;meniuoff&quot;\"><td width=\"40px\">22.<\/td><td><a href=\"https:\/\/www.myrace.lt\/diplomas\/diplomas.php?id=5994\" target=\"_blank\">\n\t\t\t\t\t\t\t<img decoding=\"async\" src=\"\/diplomas\/diplomai\/ico-covid1.jpg\"><\/a><\/td><td width=\"40px\">1<\/td><td style=\"text-align: right; padding-right: 10px;\" width=\"70px\">Aleksandr<\/td><td style=\"text-align: left; padding-left: 10px;\" width=\"70px\">Somkin<\/td><td width=\"40px\">V<\/td><td width=\"50px\">1989<\/td><td width=\"50px\">LTU<\/td><td width=\"100px\">Vilnius<\/td><td width=\"150px\"><\/td><td width=\"100px\">21.098<\/td><td width=\"60px\">02:21:25<\/td><td width=\"50px\">06:42<\/td><\/tr><tr class=\"meniuoff\" onmouseover=\"className=&quot;meniuon&quot;\" onmouseout=\"className=&quot;meniuoff&quot;\"><td width=\"40px\">23.<\/td><td><a href=\"https:\/\/www.myrace.lt\/diplomas\/diplomas.php?id=5995\" target=\"_blank\">\n\t\t\t\t\t\t\t<img decoding=\"async\" src=\"\/diplomas\/diplomai\/ico-covid1.jpg\"><\/a><\/td><td width=\"40px\">4<\/td><td style=\"text-align: right; padding-right: 10px;\" width=\"70px\">Ieva<\/td><td style=\"text-align: left; padding-left: 10px;\" width=\"70px\">Bal\u010di\u016bnien\u0117<\/td><td width=\"40px\">M<\/td><td width=\"50px\">1980<\/td><td width=\"50px\">LTU<\/td><td width=\"100px\">Kaunas<\/td><td width=\"150px\">Maratomanija<\/td><td width=\"100px\">10.6<\/td><td width=\"60px\">01:16:13<\/td><td width=\"50px\">07:11<\/td><\/tr><tr class=\"meniuoff\" onmouseover=\"className=&quot;meniuon&quot;\" onmouseout=\"className=&quot;meniuoff&quot;\"><td width=\"40px\">24.<\/td><td><a href=\"https:\/\/www.myrace.lt\/diplomas\/diplomas.php?id=5996\" target=\"_blank\">\n\t\t\t\t\t\t\t<img decoding=\"async\" src=\"\/diplomas\/diplomai\/ico-covid1.jpg\"><\/a><\/td><td width=\"40px\">1<\/td><td style=\"text-align: right; padding-right: 10px;\" width=\"70px\">Svaj\u016bnas<\/td><td style=\"text-align: left; padding-left: 10px;\" width=\"70px\">\u0160aknys<\/td><td width=\"40px\">V<\/td><td width=\"50px\">1987<\/td><td width=\"50px\">LTU<\/td><td width=\"100px\">Roki\u0161kis<\/td><td width=\"150px\"><\/td><td width=\"100px\">5.3<\/td><td width=\"60px\">00:24:01<\/td><td width=\"50px\">04:32<\/td><\/tr><\/table><\/div>\n<p>&nbsp;<\/p>\n","protected":false},"excerpt":{"rendered":"<p>&nbsp;<\/p>\n","protected":false},"author":1,"featured_media":0,"parent":359,"menu_order":0,"comment_status":"closed","ping_status":"closed","template":"templates\/full-width-page.php","meta":{"footnotes":""},"class_list":["post-370","page","type-page","status-publish","hentry"],"_links":{"self":[{"href":"https:\/\/www.myrace.lt\/maratonadienis\/wp-json\/wp\/v2\/pages\/370","targetHints":{"allow":["GET"]}}],"collection":[{"href":"https:\/\/www.myrace.lt\/maratonadienis\/wp-json\/wp\/v2\/pages"}],"about":[{"href":"https:\/\/www.myrace.lt\/maratonadienis\/wp-json\/wp\/v2\/types\/page"}],"author":[{"embeddable":true,"href":"https:\/\/www.myrace.lt\/maratonadienis\/wp-json\/wp\/v2\/users\/1"}],"replies":[{"embeddable":true,"href":"https:\/\/www.myrace.lt\/maratonadienis\/wp-json\/wp\/v2\/comments?post=370"}],"version-history":[{"count":2,"href":"https:\/\/www.myrace.lt\/maratonadienis\/wp-json\/wp\/v2\/pages\/370\/revisions"}],"predecessor-version":[{"id":452,"href":"https:\/\/www.myrace.lt\/maratonadienis\/wp-json\/wp\/v2\/pages\/370\/revisions\/452"}],"up":[{"embeddable":true,"href":"https:\/\/www.myrace.lt\/maratonadienis\/wp-json\/wp\/v2\/pages\/359"}],"wp:attachment":[{"href":"https:\/\/www.myrace.lt\/maratonadienis\/wp-json\/wp\/v2\/media?parent=370"}],"curies":[{"name":"wp","href":"https:\/\/api.w.org\/{rel}","templated":true}]}}