{"id":20,"date":"2020-07-08T10:56:58","date_gmt":"2020-07-08T07:56:58","guid":{"rendered":"https:\/\/www.myrace.lt\/maratonadienis\/?page_id=20"},"modified":"2025-07-02T18:34:06","modified_gmt":"2025-07-02T15:34:06","slug":"nuostatai-2x100","status":"publish","type":"page","link":"https:\/\/www.myrace.lt\/maratonadienis\/nuostatai-maratonadienis\/nuostatai-2x100\/","title":{"rendered":"Nuostatai &#8211; 2&#215;100"},"content":{"rendered":"<p style=\"text-align: center;\"><span style=\"color: #000000;\"><strong><span style=\"font-size: 28px;\">DVI\u0160IMTIN\u0116S\u2026<\/span><br \/>\n<\/strong><\/span><\/p>\n<p style=\"text-align: center;\"><span style=\"color: #000000;\">100 &#8211; tai daug ar ma\u017eai?<\/span><br \/>\n<span style=\"color: #000000;\">100 Eur\u0173 pinigin\u0117je &#8211; kartais daug, o kartais ir per ma\u017eai\u2026<\/span><br \/>\n<span style=\"color: #000000;\">100 kareivi\u0173 &#8211; karin\u0117 j\u0117ga \u2013<strong> \u0161imtin\u0117<\/strong>, o Senov\u0117s Romoje &#8211;<span style=\"color: #000080;\"> <a style=\"color: #000080;\" href=\"https:\/\/lt.wikipedia.org\/wiki\/Centurija\"><strong>centurija<\/strong><\/a><\/span>\u2026<\/span><\/p>\n<p style=\"text-align: center;\"><span style=\"color: #000000;\">100 maraton\u0173 &#8211; beveik 4220 km \u2013 tai daugiau nei 11 kart\u0173 perb\u0117gti Lietuvos teritorija i\u0161 ryt\u0173 \u012f vakarus ar daugiau nei 15 kart\u0173 i\u0161 \u0161iaur\u0117s \u012f pietus.<\/span><br \/>\n<span style=\"color: #000000;\">O jei\u2026 2&#215;100 maraton\u0173 ?<\/span><\/p>\n<p><span style=\"color: #000000;\">100 maraton\u0173 \u2013 tai didelis b\u0117gimo kraitis bet kuriam b\u0117gikui\u2026<\/span><\/p>\n<p style=\"text-align: center;\"><span style=\"color: #000000;\">2021-06-27 bus diena, kai du &#8222;centurionai&#8221; &#8211; Lina ir Valdas &#8211; b\u0117gs savo oficialius 100-uosius maratonas ir taip suformuos savo \u201c\u0161imtines\/centurijas\u201d ! <\/span><\/p>\n<p><span style=\"color: #000000;\">\u0160i\u0105 dien\u0105 b\u0117gimo kalendoriuje gims nauja \u0161vent\u0117 &#8211; DVI\u0160IMTIN\u0116S !!!<\/span><br \/>\n<span style=\"color: #000000;\">Tai bus dar viena b\u0117gimo \u0161vent\u0117 &#8211; visiems b\u0117gikams, mylintiems ne tik maratono distancij\u0105 .<\/span><br \/>\n<span style=\"color: #000000;\">\u0160\u012f kart\u0105 b\u0117gsime\u2026 maraton\u0105, pusmaraton\u012f arba simbolin\u012f \u201cmaratoniuk\u0105\u201d (4,2 km).<\/span><\/p>\n<p><span style=\"color: #000000;\">Tad.., ruo\u0161kim\u0117s \u0161v\u0119sti DVI\u0160IMTINES\u2026 \ud83d\ude09<\/span><\/p>\n<p>&nbsp;<\/p>\n<p style=\"text-align: center;\"><strong><span style=\"color: #000000; font-size: 24px;\">NUOSTATAI<\/span><\/strong><\/p>\n<p><span style=\"color: #000000;\"><strong>DVI\u0160IMTIN\u0116S<\/strong> \u2013 tai maratono \u0161vent\u0117, kurioje aistra b\u0117gti, noras jud\u0117ti, meil\u0117 maratonui yra didesn\u0117 vertyb\u0117 net u\u017e j\u016bs\u0173 politines ar religines pa\u017ei\u016bras.<\/span><\/p>\n<p>&nbsp;<\/p>\n<p><strong><span style=\"color: #000000;\">STARTO VIETA ir LAIKAS:<\/span><\/strong><br \/>\n<span style=\"color: #000000;\">DVI\u0160IMTIN\u0116S \u012fvyks 2021-06-27.<\/span><br \/>\n<span style=\"color: #000000;\">Starto laikas bus i\u0161si\u0173stas kiekvienam patvirtintam dalyviui asmeni\u0161kai.<\/span><br \/>\n<span style=\"color: #000000;\">Vieta &#8211; Saki\u0161ki\u0173\u00a0 parkas.<\/span><\/p>\n<p>Tiksli starto vieta ir laikas bus i\u0161si\u0173sti asmeni\u0161kai kiekvienam patvirtintam dalyviui.<\/p>\n<p><strong><span style=\"color: #000000;\">TRASA:<\/span><\/strong><br \/>\n<span style=\"color: #000000;\">Trasa &#8211; 4,2km ratas.<\/span><br \/>\n<span style=\"color: #000000;\">Danga &#8211; apie 40% asfaltas, 60% mi\u0161ko takeliai.<\/span><\/p>\n<p>&nbsp;<\/p>\n<p><strong><span style=\"color: #000000;\">DISTANCIJOS:<\/span><\/strong><br \/>\n<span style=\"color: #000000;\">&#8222;Maratoniukas&#8221; (4.2 km) \u2013 1 ratas<\/span><br \/>\n<span style=\"color: #000000;\">Pusmaratonis \u2013 5 ratai <\/span><br \/>\n<span style=\"color: #000000;\">Maratonas \u2013 10 rat\u0173<\/span><\/p>\n<p>&nbsp;<\/p>\n<p><strong><span style=\"color: #000000;\">DALYVIAI ir STARTINIS MOKESTIS:<\/span><\/strong><br \/>\n<span style=\"color: #000000;\">Tai maratono b\u0117gimo renginys, skirtas at\u0161v\u0119sti ir pa\u017eym\u0117ti vien\u0105 \u012fsimintiniausi\u0173 b\u0117gimo sukaktuvi\u0173 Linos ir Valdo b\u0117gimo istorijoje.<\/span><br \/>\n<span style=\"color: #000000;\">Startinio mokes\u010dio piniginiais matais N\u0116RA! <\/span><br \/>\n<span style=\"color: #000000;\">Pats geriausias balius \u2013 sune\u0161tinis\u2026<\/span><br \/>\n<span style=\"color: #000000;\">Tai vis\u0173 m\u016bs\u0173 bendra \u0161vent\u0117, tod\u0117l kiekvienas dalyvis pasirenka savo startin\u012f \u012fna\u0161\u0105.<\/span><br \/>\n<span style=\"color: #000000;\">Nuoroda startinio registracijos \u012fna\u0161o pasirinkimui:<\/span><br \/>\n<span style=\"color: #000080;\"><strong><span style=\"font-size: 16px;\"><a style=\"color: #000080;\" href=\"https:\/\/l.facebook.com\/l.php?u=https%3A%2F%2Fbit.ly%2F3czvuJB%3Ffbclid%3DIwAR325Et_lLgcbBX8EI4migtBJHhrLjaAidohgnxm2HIasWrIR5LeYgvRysU&amp;h=AT3FLIeTNQs_dJmP9lZodPL4LkDuMfoZhi5Vx1LTb-mjk56US3Pjgo6wXLyIhL3o2cqxilx9k1PcfscTw5AT0FT_1xFV80GqqjYko98Ru-JLBsyo3kvN_lwXMMb_RkWq56jp&amp;__tn__=q&amp;c%5b0%5d=AT2kWtHkf-2HguHSv7STCShcfAIIRpNtFh0fps08YHXfxbmZsjKaQJeXQp54l8wMykHJC5afJSHDLSiW0hZMeLVRiH1SWWogk1iwqNROYlImsr03Si9kuRFS7f77bXRD7Vu4huKkC9MN8_xw4sdY5imM\">https:\/\/bit.ly\/3czvuJB<\/a><\/span><\/strong><\/span><br \/>\n<span style=\"color: #000000;\">Laukiami visi Linos ir Valdo draugai bei pa\u017e\u012fstami, norintys prab\u0117gti kartu vien\u0105 i\u0161 trij\u0173 distancij\u0173.<\/span><br \/>\n<span style=\"color: #000000;\">Dalyvi\u0173 s\u0105ra\u0161as:<\/span><br \/>\n<span style=\"color: #000080;\"><strong><a style=\"color: #000080;\" href=\"https:\/\/l.facebook.com\/l.php?u=https%3A%2F%2Fwww.maratonai.lt%2Fregistracija%2Fmaratonadienis%2Fdalyviai%2F%3Ffbclid%3DIwAR3Q1bq9VeGzrhvlj0eb68gUXB6JRpKjSPZ00TpyAtqWUNrfwdo8DzC3C4g&amp;h=AT3WLDZNjnLUyBnwlPyT4_YbNxLAkbC6mDIj2jj7ySxaf4u7AL-rDmTaooZPp5EAuXyg3btI5QCC-XWJAkfQCbLTJbvyo3VIm85z27D-R0qNmiK31uts_k-j9SDVggWZBxvf&amp;__tn__=q&amp;c%5b0%5d=AT2kWtHkf-2HguHSv7STCShcfAIIRpNtFh0fps08YHXfxbmZsjKaQJeXQp54l8wMykHJC5afJSHDLSiW0hZMeLVRiH1SWWogk1iwqNROYlImsr03Si9kuRFS7f77bXRD7Vu4huKkC9MN8_xw4sdY5imM\">https:\/\/www.myrace.lt\/maratonadienis\/dalyviai\/<\/a><\/strong><\/span><\/p>\n<p>&nbsp;<\/p>\n<p><strong><span style=\"color: #000000;\">APDOVANOJIMAI:<\/span><\/strong><br \/>\n<span style=\"color: #000000;\">Kiekvienas \u0161vent\u0117s dalyvis fini\u0161e gaus \u0161ventin\u012f atminimo medal\u012f.<\/span><\/p>\n<p>&nbsp;<\/p>\n<p><strong><span style=\"color: #000000;\">DALYVI\u0172 REGISTRAVIMAS IR NUMERI\u0172 I\u0160DAVIMAS:<\/span><\/strong><br \/>\n<span style=\"color: #000000;\">Norintys b\u0117gte at\u0161v\u0119sti DVI\u0160IMTINES registruojasi :<\/span><br \/>\n<span style=\"color: #000080;\"><strong><a style=\"color: #000080;\" href=\"https:\/\/l.facebook.com\/l.php?u=https%3A%2F%2Fwww.maratonai.lt%2Fregistracija%2Fmaratonadienis%2F%3Ffbclid%3DIwAR3KN1GfJyAAqO3MN5_VL9STG7LaPhr2HMG3OpjooxG8okA8ment2MB4zsc&amp;h=AT3PjUS9xb11wQVDJuBEiewee96jwGZqvzU-upzs0yF51zNVTFUv23HPF4pe24kaOvAsMAa8u3qHA1eue20bW-qwFXiyFbm0b50MH8SxbMD4qLEpMPvSNr41Voff4u7p-KFl&amp;__tn__=q&amp;c%5b0%5d=AT2kWtHkf-2HguHSv7STCShcfAIIRpNtFh0fps08YHXfxbmZsjKaQJeXQp54l8wMykHJC5afJSHDLSiW0hZMeLVRiH1SWWogk1iwqNROYlImsr03Si9kuRFS7f77bXRD7Vu4huKkC9MN8_xw4sdY5imM\">https:\/\/www.myrace.lt\/maratonadienis\/<\/a><\/strong><\/span><br \/>\n<span style=\"color: #000000;\">U\u017esiregistrav\u0119 dalyviai pasirenka savo startin\u012f \u012fna\u0161\u0105 .<\/span><\/p>\n<p><span style=\"color: #000000;\">Po \u012fna\u0161o pasirinkimo bus patvirtintas b\u0117giko dalyvavimas. <\/span><\/p>\n<p><span style=\"color: #000000;\">Numeriai bus i\u0161duodami starto vietoje.<\/span><\/p>\n<p>&nbsp;<\/p>\n<p><strong><span style=\"color: #000000;\">EIGA, REZULTAT\u0172 FIKSAVIMAS:<\/span><\/strong><br \/>\n<span style=\"color: #000000;\">Trasoje bus \u012frengta vandens ir maitinimo stotel\u0117, kurioje dalyviams bus dalinami g\u0117rimai \u2013 vanduo, Cola, Izotonikas, gaivieji g\u0117rimai, vaisiai, sausainiai, u\u017ekand\u017eiai.<\/span><br \/>\n<span style=\"color: #000000;\">Tras\u0173 \u012fveikimo rezultatai bus \u012ftraukti \u012f b\u0117gimo protokol\u0105 ir paskelbti internetiniame DVI\u0160IMTIN\u0116S puslapyje.<\/span><\/p>\n<p>&nbsp;<\/p>\n<p><strong><span style=\"color: #000000;\">SAUGUMAS:<\/span><\/strong><br \/>\n<span style=\"color: #000000;\">Kiekvienas b\u0117gikas pasir\u016bpina savo saugumu &#8211; atsakingai naudoja apsaugines priemones, susijusias su Covid-19 pandemija, atitinkamai pagal vyriausyb\u0117s rekomendacijas.<\/span><\/p>\n<p>&nbsp;<\/p>\n<p><strong><span style=\"color: #000000;\">ORGANIZATORIAI:<\/span><\/strong><br \/>\n<span style=\"color: #000000;\">Lina ir Valdas<\/span><\/p>\n<p>&nbsp;<\/p>\n<p style=\"text-align: justify;\">\n","protected":false},"excerpt":{"rendered":"<p>DVI\u0160IMTIN\u0116S\u2026 100 &#8211; tai daug ar ma\u017eai? 100 Eur\u0173 pinigin\u0117je &#8211; kartais daug, o kartais ir per ma\u017eai\u2026 100 kareivi\u0173 &#8211; karin\u0117 j\u0117ga \u2013 \u0161imtin\u0117, o Senov\u0117s Romoje &#8211; centurija\u2026 100 maraton\u0173 &#8211; beveik 4220 km \u2013 tai daugiau nei 11 kart\u0173 perb\u0117gti Lietuvos teritorija i\u0161 ryt\u0173 \u012f vakarus ar daugiau nei 15 kart\u0173 i\u0161 [&hellip;]<\/p>\n","protected":false},"author":1,"featured_media":0,"parent":630,"menu_order":0,"comment_status":"closed","ping_status":"closed","template":"templates\/full-width-page.php","meta":{"footnotes":""},"class_list":["post-20","page","type-page","status-publish","hentry"],"_links":{"self":[{"href":"https:\/\/www.myrace.lt\/maratonadienis\/wp-json\/wp\/v2\/pages\/20","targetHints":{"allow":["GET"]}}],"collection":[{"href":"https:\/\/www.myrace.lt\/maratonadienis\/wp-json\/wp\/v2\/pages"}],"about":[{"href":"https:\/\/www.myrace.lt\/maratonadienis\/wp-json\/wp\/v2\/types\/page"}],"author":[{"embeddable":true,"href":"https:\/\/www.myrace.lt\/maratonadienis\/wp-json\/wp\/v2\/users\/1"}],"replies":[{"embeddable":true,"href":"https:\/\/www.myrace.lt\/maratonadienis\/wp-json\/wp\/v2\/comments?post=20"}],"version-history":[{"count":25,"href":"https:\/\/www.myrace.lt\/maratonadienis\/wp-json\/wp\/v2\/pages\/20\/revisions"}],"predecessor-version":[{"id":1162,"href":"https:\/\/www.myrace.lt\/maratonadienis\/wp-json\/wp\/v2\/pages\/20\/revisions\/1162"}],"up":[{"embeddable":true,"href":"https:\/\/www.myrace.lt\/maratonadienis\/wp-json\/wp\/v2\/pages\/630"}],"wp:attachment":[{"href":"https:\/\/www.myrace.lt\/maratonadienis\/wp-json\/wp\/v2\/media?parent=20"}],"curies":[{"name":"wp","href":"https:\/\/api.w.org\/{rel}","templated":true}]}}