{"id":1530,"date":"2026-01-24T01:19:40","date_gmt":"2026-01-23T23:19:40","guid":{"rendered":"https:\/\/www.myrace.lt\/maratonadienis\/?page_id=1530"},"modified":"2026-01-24T01:19:51","modified_gmt":"2026-01-23T23:19:51","slug":"trasa-vingio-parkas-53-km","status":"publish","type":"page","link":"https:\/\/www.myrace.lt\/maratonadienis\/trasa-vingio-parkas-53-km\/","title":{"rendered":"Trasa &#8211; Vingio parkas, 5,3 km"},"content":{"rendered":"<p style=\"text-align: center;\"><span style=\"color: #000000; font-size: 28px;\"><em>Trasa &#8211; Vingio parkas, rato ilgis \u2013 5,3 km.<\/em><\/span><\/p>\n<p style=\"text-align: center;\"><span style=\"color: #000000;\">Maratono distancijos \u012fveikimui numatomi 8 ratai po 5,3 km kiekvienas.<\/span><\/p>\n<p style=\"text-align: center;\"><span style=\"color: #000000;\">Trumpesni\u0173 distancij\u0173 b\u0117gikai b\u0117gs ma\u017eiau rat\u0173:<\/span><\/p>\n<p style=\"text-align: center;\"><span style=\"color: #000000;\">Pusmaratonio \u2013 4 ratus,<\/span><\/p>\n<p style=\"text-align: center;\"><span style=\"color: #000000;\">10,6 km \u2013 2 ratus.<\/span><\/p>\n<p style=\"text-align: center;\"><span style=\"color: #000000;\">Starto vieta \u2013 prie\u0161ais Vingio parko estrad\u0105, pa\u017eym\u0117ta raudonu smeigtuku.<\/span><\/p>\n<p style=\"text-align: center;\"><strong><span style=\"color: #000000;\">RATO GPX failas:<\/span> <a href=\"https:\/\/www.mappedometer.com\/?maproute=997176\">https:\/\/www.mappedometer.com\/?maproute=997176<\/a><\/strong><\/p>\n<p><img loading=\"lazy\" decoding=\"async\" class=\"aligncenter wp-image-1532 size-full\" src=\"https:\/\/www.myrace.lt\/maratonadienis\/wp-content\/uploads\/sites\/17\/2026\/01\/5.3-vingio-parkas.png\" alt=\"\" width=\"358\" height=\"748\" srcset=\"https:\/\/www.myrace.lt\/maratonadienis\/wp-content\/uploads\/sites\/17\/2026\/01\/5.3-vingio-parkas.png 358w, https:\/\/www.myrace.lt\/maratonadienis\/wp-content\/uploads\/sites\/17\/2026\/01\/5.3-vingio-parkas-144x300.png 144w\" sizes=\"auto, (max-width: 358px) 100vw, 358px\" \/><\/p>\n<p>&nbsp;<\/p>\n<p>&nbsp;<\/p>\n","protected":false},"excerpt":{"rendered":"<p>Trasa &#8211; Vingio parkas, rato ilgis \u2013 5,3 km. Maratono distancijos \u012fveikimui numatomi 8 ratai po 5,3 km kiekvienas. Trumpesni\u0173 distancij\u0173 b\u0117gikai b\u0117gs ma\u017eiau rat\u0173: Pusmaratonio \u2013 4 ratus, 10,6 km \u2013 2 ratus. Starto vieta \u2013 prie\u0161ais Vingio parko estrad\u0105, pa\u017eym\u0117ta raudonu smeigtuku. RATO GPX failas: https:\/\/www.mappedometer.com\/?maproute=997176 &nbsp; &nbsp;<\/p>\n","protected":false},"author":2,"featured_media":0,"parent":0,"menu_order":0,"comment_status":"closed","ping_status":"closed","template":"","meta":{"footnotes":""},"class_list":["post-1530","page","type-page","status-publish","hentry"],"_links":{"self":[{"href":"https:\/\/www.myrace.lt\/maratonadienis\/wp-json\/wp\/v2\/pages\/1530","targetHints":{"allow":["GET"]}}],"collection":[{"href":"https:\/\/www.myrace.lt\/maratonadienis\/wp-json\/wp\/v2\/pages"}],"about":[{"href":"https:\/\/www.myrace.lt\/maratonadienis\/wp-json\/wp\/v2\/types\/page"}],"author":[{"embeddable":true,"href":"https:\/\/www.myrace.lt\/maratonadienis\/wp-json\/wp\/v2\/users\/2"}],"replies":[{"embeddable":true,"href":"https:\/\/www.myrace.lt\/maratonadienis\/wp-json\/wp\/v2\/comments?post=1530"}],"version-history":[{"count":1,"href":"https:\/\/www.myrace.lt\/maratonadienis\/wp-json\/wp\/v2\/pages\/1530\/revisions"}],"predecessor-version":[{"id":1533,"href":"https:\/\/www.myrace.lt\/maratonadienis\/wp-json\/wp\/v2\/pages\/1530\/revisions\/1533"}],"wp:attachment":[{"href":"https:\/\/www.myrace.lt\/maratonadienis\/wp-json\/wp\/v2\/media?parent=1530"}],"curies":[{"name":"wp","href":"https:\/\/api.w.org\/{rel}","templated":true}]}}