{"id":1484,"date":"2026-01-05T20:00:03","date_gmt":"2026-01-05T18:00:03","guid":{"rendered":"https:\/\/www.myrace.lt\/maratonadienis\/?page_id=1484"},"modified":"2026-04-07T12:56:03","modified_gmt":"2026-04-07T09:56:03","slug":"nuostatai-tiesiog-maratonas","status":"publish","type":"page","link":"https:\/\/www.myrace.lt\/maratonadienis\/nuostatai-tiesiog-maratonas\/","title":{"rendered":"Nuostatai &#8211; TIESIOG MARATONAS"},"content":{"rendered":"<div>\n<p style=\"text-align: center;\" data-start=\"0\" data-end=\"29\"><span style=\"font-size: 32px;\"><strong data-start=\"0\" data-end=\"21\">\ud83c\udfc3\u200d\u2642\ufe0f<span style=\"color: #000000;\">TIESIOG MARATONAS<\/span><\/strong> \ud83c\udfc3\u200d\u2642\ufe0f<\/span><\/p>\n<p data-start=\"31\" data-end=\"109\"><span style=\"color: #000000;\">Be fanfar\u0173. Be pompastikos. Be \u201einstagramini\u0173\u201c burbul\u0173.<\/span><br data-start=\"80\" data-end=\"83\" \/><span style=\"color: #000000;\">Bet <strong data-start=\"87\" data-end=\"108\">su tikru maratonu<\/strong>.<\/span><\/p>\n<p data-start=\"111\" data-end=\"317\"><span style=\"color: #000000;\">Tai renginys tiems, kurie b\u0117ga ne d\u0117l \u0161ou, o d\u0117l <strong data-start=\"160\" data-end=\"179\">42,195 km esm\u0117s<\/strong>.<\/span><br data-start=\"180\" data-end=\"183\" \/><span style=\"color: #000000;\">Tiems, kuriems svarbi distancija, ne dekoracijos.<\/span><br data-start=\"232\" data-end=\"235\" \/><span style=\"color: #000000;\">Tiems, kurie \u017eino, kad maratonas prasideda galvoje, o baigiasi\u2026 apkabinimu fini\u0161e.<\/span><\/p>\n<p data-start=\"319\" data-end=\"487\"><span style=\"color: #000000;\">Kas bus?<\/span><br data-start=\"327\" data-end=\"330\" \/>\u2714\ufe0f <span style=\"color: #000000;\">S\u0105\u017eininga maratono distancija<\/span><br data-start=\"362\" data-end=\"365\" \/>\u2714\ufe0f <span style=\"color: #000000;\">Medalis \u2013 nes tu jo nusipelnei<\/span><br data-start=\"398\" data-end=\"401\" \/>\u2714\ufe0f <span style=\"color: #000000;\">\u0160ilta, jauki, draug\u0173 atmosfera<\/span><br data-start=\"434\" data-end=\"437\" \/>\u2714\ufe0f <span style=\"color: #000000;\">Tokie pat \u201e\u0161iek tiek pakvai\u0161\u0119\u201c b\u0117gikai aplink<\/span><\/p>\n<p data-start=\"489\" data-end=\"563\"><span style=\"color: #000000;\">Ko nebus?<\/span><br data-start=\"498\" data-end=\"501\" \/>\u274c<span style=\"color: #000000;\"> Scenos<\/span><br data-start=\"519\" data-end=\"522\" \/>\u274c<span style=\"color: #000000;\"> Fejerverk\u0173<\/span><br data-start=\"534\" data-end=\"537\" \/>\u274c <span style=\"color: #000000;\">Pompastikos d\u0117l vaizdo<\/span><\/p>\n<p data-start=\"565\" data-end=\"633\"><span style=\"color: #000000;\">Bus <strong data-start=\"569\" data-end=\"590\">TIESIOG MARATONAS<\/strong>.<\/span><br data-start=\"591\" data-end=\"594\" \/><span style=\"color: #000000;\">Ateini. B\u0117gi. \u012eveiki. Pab\u016bni tarp sav\u0173.<\/span><\/p>\n<p data-start=\"635\" data-end=\"722\" data-is-last-node=\"\" data-is-only-node=\"\"><span style=\"color: #000000;\">Jei maratonas tau \u2013 ne \u0161vent\u0117 su dekoracijomis, o <strong data-start=\"685\" data-end=\"704\">tikras reikalas<\/strong> \u2013 \u010dia tavo vieta.<\/span><\/p>\n<\/div>\n<div><\/div>\n<div class=\"x11i5rnm xat24cr x1mh8g0r x1vvkbs xtlvy1s\" style=\"text-align: center;\"><span style=\"font-size: 32px; color: #000000;\"><strong>NUOSTATAI<\/strong><\/span><\/div>\n<div><\/div>\n<div class=\"x11i5rnm xat24cr x1mh8g0r x1vvkbs xtlvy1s\">\n<div class=\"x11i5rnm xat24cr x1mh8g0r x1vvkbs xtlvy1s\">\n<div>\n<div>\n<div>\n<p><strong style=\"color: #000000; font-size: 20px;\">&#8212;<\/strong><\/p>\n<p><span style=\"color: #000080; font-size: 20px;\"><strong>Tiesiog Maratonas #8<\/strong><\/span><\/p>\n<p><strong> STARTAS: 2026-04-09<\/strong><strong>\u00a016.00 val.;<\/strong><\/p>\n<div>\n<div class=\"x11i5rnm xat24cr x1mh8g0r x1vvkbs xtlvy1s\"><strong>STARTO VIETA:\u00a0<\/strong>Vilnius, Vingio parkas<\/div>\n<\/div>\n<\/div>\n<\/div>\n<\/div>\n<\/div>\n<div>\n<div><strong style=\"color: #000000; font-size: 20px;\">&#8212;<\/strong><\/div>\n<div><span style=\"color: #000000;\">.<\/span><\/div>\n<div class=\"x11i5rnm xat24cr x1mh8g0r x1vvkbs xtlvy1s\"><span style=\"color: #000000;\"><strong>NUOTOLIAI:<\/strong><\/span><br \/>\n<span style=\"color: #000000;\">Distancija \u2013 42,195 km (10 rat\u0173).<\/span><br \/>\n<span style=\"color: #000000;\">Rato ilgis \u2013 4,22 km.<\/span><\/div>\n<div><span style=\"color: #000000;\"><em>Galima b\u0117gti ir ne visus 10 rat\u0173. Bus skai\u010diuojami vis\u0173 \u012fveikt\u0173 rat\u0173 ilgis ir laikas.<\/em><\/span><\/div>\n<div class=\"x11i5rnm xat24cr x1mh8g0r x1vvkbs xtlvy1s\"><span style=\"color: #000000;\">Danga \u2013\u00a0 asfaltas.<\/span><\/div>\n<div><span style=\"color: #000000;\">.<\/span><\/div>\n<div class=\"x11i5rnm xat24cr x1mh8g0r x1vvkbs xtlvy1s\"><span style=\"color: #000000;\"><strong>LAIKO LIMITAS:<\/strong><\/span><br \/>\n<span style=\"color: #000000;\">Laiko limitas \u2013 7 h.<\/span><\/div>\n<\/div>\n<\/div>\n<div>.<\/div>\n<div><span style=\"color: #000000;\"><strong><span style=\"font-size: 20px;\">DALYVIAI:<\/span><\/strong><\/span><br \/>\n<span style=\"color: #000000;\">1.Var\u017eybose gali dalyvauti visi norintys, u\u017esiregistrav\u0119, pasitikrin\u0119 sveikat\u0105 ir susipa\u017ein\u0119 su b\u0117gimo nuostatais. Visi dalyviai b\u0117gime dalyvauja laisva valia ir niekieno never\u010diami ir prisiima vis\u0105 su dalyvavimu b\u0117gime susijusi\u0105 (tame tarpe su \u012fvairiais sveikatos sutrikimais ir pan.) rizik\u0105 bei \u012fsipareigoja d\u0117l to nereik\u0161ti renginio organizatoriams joki\u0173 pretenzij\u0173.<\/span><br \/>\n<span style=\"color: #000000;\">2. U\u017e nepilname\u010dius, dalyvaujan\u010dius renginyje atsako j\u0173 t\u0117vai, glob\u0117jai arba treneris.<\/span><br \/>\n<span style=\"color: #000000;\">3. Kiekvienas dalyvis u\u017esiregistruodamas savaime sutinka, kad renginio organizatoriai\u00a0visas renginio metu padarytas nuotraukas bei filmuot\u0105 med\u017eiag\u0105 gali laisvai, be\u00a0atskiro sutikimo, naudoti rinkodaros tikslais.<\/span><\/div>\n<div>.<\/div>\n<div class=\"x11i5rnm xat24cr x1mh8g0r x1vvkbs xtlvy1s\"><span style=\"color: #000000;\"><strong><span style=\"font-size: 20px;\">REGISTRACIJA:<\/span><\/strong><\/span><br \/>\n<span style=\"color: #000000;\">Registruotis \u012f bet kuri\u0105 rungt\u012f galima tik savo vardu. <\/span><\/div>\n<div class=\"x11i5rnm xat24cr x1mh8g0r x1vvkbs xtlvy1s\"><span style=\"color: #000000;\">Savo numer\u012f perduoti kitam dalyviui draud\u017eiama. Tokiu atveju dalyviai bus diskvalifikuojami, o rezultatai \u012f var\u017eyb\u0173 protokol\u0105 ne\u012ftraukiami.<\/span><\/div>\n<div class=\"x11i5rnm xat24cr x1mh8g0r x1vvkbs xtlvy1s\"><span style=\"color: #000000;\">Kiekvienas dalyvis var\u017eybose privalo tur\u0117ti ant mar\u0161kin\u0117li\u0173 tvarkingai pritvirtint\u0105 numer\u012f. <\/span><\/div>\n<div class=\"x11i5rnm xat24cr x1mh8g0r x1vvkbs xtlvy1s\"><span style=\"color: #000000;\">Numeris turi b\u016bti ant mar\u0161kin\u0117li\u0173 priekio (kr\u016btin\u0117s), ai\u0161kiai matomoje vietoje.<\/span><\/div>\n<div>.<\/div>\n<div class=\"x11i5rnm xat24cr x1mh8g0r x1vvkbs xtlvy1s\"><span style=\"font-size: 20px; color: #000000;\"><strong>DALYVI\u0172 STARTINIS MOKESTIS:<\/strong><\/span><\/div>\n<div><span style=\"color: #000000;\">Startinis mokestis (be medalio) &#8211; 3 \u20ac .<\/span><\/div>\n<div><span style=\"color: #000000;\">Startinis mokestis (su medaliu) &#8211; 15 \u20ac.<\/span><\/div>\n<div>\n<div class=\"x11i5rnm xat24cr x1mh8g0r x1vvkbs xtlvy1s\"><strong><em>Dalyvio startinis mokestis pervedamas \u012f SWEDBANK s\u0105skait\u0105 \u2013 LT08 7300 0101 4098 8636 , Valdas \u0160mai\u017eys <\/em><\/strong><strong><em>(ind. v. pa\u017e. Nr. \u00a04082261)<\/em><\/strong><\/div>\n<div>\n<div><span style=\"color: #000000;\">Registracijos mokestis starto vietoje (be medalio) &#8211; 5 \u20ac.<\/span><\/div>\n<div><span style=\"color: #000000;\">Registracijos mokestis starto vietoje (su medaliu) &#8211; 20 \u20ac.<\/span><\/div>\n<\/div>\n<\/div>\n<div>.<\/div>\n<div class=\"x11i5rnm xat24cr x1mh8g0r x1vvkbs xtlvy1s\"><span style=\"font-size: 20px; color: #000000;\"><strong>NUMERI\u0172 I\u0160DAVIMAS<\/strong><\/span><br \/>\n<span style=\"color: #000000;\">Numeriai bus i\u0161duodami starto vietoje 30 min. iki starto.<\/span><\/div>\n<div>.<\/div>\n<div class=\"x11i5rnm xat24cr x1mh8g0r x1vvkbs xtlvy1s\"><span style=\"font-size: 20px; color: #000000;\"><strong>EIGA, REZULTAT\u0172 FIKSAVIMAS<\/strong><\/span><br \/>\n<span style=\"color: #000000;\">Trasoje bus \u012frengta vandens ir\u00a0 maitinimo stotel\u0117, kurioje dalyviams bus dalinami g\u0117rimai ir u\u017ekand\u017eiai.<\/span><\/div>\n<div class=\"x11i5rnm xat24cr x1mh8g0r x1vvkbs xtlvy1s\"><span style=\"color: #000000;\">Rezultatai bus skelbiami renginio rezultat\u0173 puslapyje:\u00a0<a href=\"https:\/\/www.myrace.lt\/maratonadienis\/rezultatai\/\"> https:\/\/www.myrace.lt\/maratonadienis\/rezultatai\/<\/a>\u00a0<\/span><br \/>\n.<\/div>\n<div class=\"x11i5rnm xat24cr x1mh8g0r x1vvkbs xtlvy1s\"><span style=\"font-size: 20px; color: #000000;\"><strong>BAIGIAMOSIOS NUOSTATOS<\/strong><\/span><br \/>\n<span style=\"color: #000000;\">B\u0117gimo var\u017eybas organizuoja Valdas \u0160mai\u017eys\u00a0<strong><em>(ind. v. pa\u017e. Nr. \u00a04082261)<\/em><\/strong>.<\/span><br \/>\n<span style=\"color: #000000;\">B\u0117gimo organizatoriai pasilieka teis\u0119, reikalui esant, keisti var\u017eyb\u0173 taisykles.<\/span><br \/>\n<span style=\"color: #000000;\">Kilus klausimams galite skambinti tel.: +370 615 32233 (Valdas). Taip pat galite ra\u0161yti elektroniniu pa\u0161tu maratomanija@gmail.com<\/span><\/div>\n","protected":false},"excerpt":{"rendered":"<p>\ud83c\udfc3\u200d\u2642\ufe0fTIESIOG MARATONAS \ud83c\udfc3\u200d\u2642\ufe0f Be fanfar\u0173. Be pompastikos. Be \u201einstagramini\u0173\u201c burbul\u0173.Bet su tikru maratonu. Tai renginys tiems, kurie b\u0117ga ne d\u0117l \u0161ou, o d\u0117l 42,195 km esm\u0117s.Tiems, kuriems svarbi distancija, ne dekoracijos.Tiems, kurie \u017eino, kad maratonas prasideda galvoje, o baigiasi\u2026 apkabinimu fini\u0161e. Kas bus?\u2714\ufe0f S\u0105\u017eininga maratono distancija\u2714\ufe0f Medalis \u2013 nes tu jo nusipelnei\u2714\ufe0f \u0160ilta, jauki, draug\u0173 [&hellip;]<\/p>\n","protected":false},"author":2,"featured_media":0,"parent":0,"menu_order":0,"comment_status":"closed","ping_status":"closed","template":"","meta":{"footnotes":""},"class_list":["post-1484","page","type-page","status-publish","hentry"],"_links":{"self":[{"href":"https:\/\/www.myrace.lt\/maratonadienis\/wp-json\/wp\/v2\/pages\/1484","targetHints":{"allow":["GET"]}}],"collection":[{"href":"https:\/\/www.myrace.lt\/maratonadienis\/wp-json\/wp\/v2\/pages"}],"about":[{"href":"https:\/\/www.myrace.lt\/maratonadienis\/wp-json\/wp\/v2\/types\/page"}],"author":[{"embeddable":true,"href":"https:\/\/www.myrace.lt\/maratonadienis\/wp-json\/wp\/v2\/users\/2"}],"replies":[{"embeddable":true,"href":"https:\/\/www.myrace.lt\/maratonadienis\/wp-json\/wp\/v2\/comments?post=1484"}],"version-history":[{"count":67,"href":"https:\/\/www.myrace.lt\/maratonadienis\/wp-json\/wp\/v2\/pages\/1484\/revisions"}],"predecessor-version":[{"id":1829,"href":"https:\/\/www.myrace.lt\/maratonadienis\/wp-json\/wp\/v2\/pages\/1484\/revisions\/1829"}],"wp:attachment":[{"href":"https:\/\/www.myrace.lt\/maratonadienis\/wp-json\/wp\/v2\/media?parent=1484"}],"curies":[{"name":"wp","href":"https:\/\/api.w.org\/{rel}","templated":true}]}}