{"id":1294,"date":"2025-08-30T20:12:56","date_gmt":"2025-08-30T17:12:56","guid":{"rendered":"https:\/\/www.myrace.lt\/maratonadienis\/?page_id=1294"},"modified":"2025-09-01T18:30:40","modified_gmt":"2025-09-01T15:30:40","slug":"atgal-i-praeiti-1","status":"publish","type":"page","link":"https:\/\/www.myrace.lt\/maratonadienis\/atgal-i-praeiti-1\/","title":{"rendered":"Atgal \u012e Praeit\u012f #1"},"content":{"rendered":"<p><strong><span style=\"font-size: 32px; color: #000080;\"><a style=\"color: #000080;\" href=\"https:\/\/www.myrace.lt\/maratonadienis\/wp-content\/uploads\/sites\/17\/2025\/08\/atgal.i.praeiti.pdf\">Atgal \u012e Praeit\u012f #1 (spausti \u010dia)<\/a><\/span><\/strong><\/p>\n<p>&nbsp;<\/p>\n","protected":false},"excerpt":{"rendered":"<p>Atgal \u012e Praeit\u012f #1 (spausti \u010dia) &nbsp;<\/p>\n","protected":false},"author":2,"featured_media":0,"parent":0,"menu_order":0,"comment_status":"closed","ping_status":"closed","template":"","meta":{"footnotes":""},"class_list":["post-1294","page","type-page","status-publish","hentry"],"_links":{"self":[{"href":"https:\/\/www.myrace.lt\/maratonadienis\/wp-json\/wp\/v2\/pages\/1294","targetHints":{"allow":["GET"]}}],"collection":[{"href":"https:\/\/www.myrace.lt\/maratonadienis\/wp-json\/wp\/v2\/pages"}],"about":[{"href":"https:\/\/www.myrace.lt\/maratonadienis\/wp-json\/wp\/v2\/types\/page"}],"author":[{"embeddable":true,"href":"https:\/\/www.myrace.lt\/maratonadienis\/wp-json\/wp\/v2\/users\/2"}],"replies":[{"embeddable":true,"href":"https:\/\/www.myrace.lt\/maratonadienis\/wp-json\/wp\/v2\/comments?post=1294"}],"version-history":[{"count":9,"href":"https:\/\/www.myrace.lt\/maratonadienis\/wp-json\/wp\/v2\/pages\/1294\/revisions"}],"predecessor-version":[{"id":1349,"href":"https:\/\/www.myrace.lt\/maratonadienis\/wp-json\/wp\/v2\/pages\/1294\/revisions\/1349"}],"wp:attachment":[{"href":"https:\/\/www.myrace.lt\/maratonadienis\/wp-json\/wp\/v2\/media?parent=1294"}],"curies":[{"name":"wp","href":"https:\/\/api.w.org\/{rel}","templated":true}]}}