{"id":1200,"date":"2025-07-22T11:01:20","date_gmt":"2025-07-22T08:01:20","guid":{"rendered":"https:\/\/www.myrace.lt\/maratonadienis\/?page_id=1200"},"modified":"2025-07-23T00:11:13","modified_gmt":"2025-07-22T21:11:13","slug":"rezultatai-mm25","status":"publish","type":"page","link":"https:\/\/www.myrace.lt\/maratonadienis\/rezultatai\/rezultatai-mm25\/","title":{"rendered":"Rezultatai (MM25 &#8211; Maratomanijos Meetas 2025 | 2025.07.19)"},"content":{"rendered":"<style type=\"text\/css\">\ntd {\n\tborder: 1px solid #ddd;\n\tpadding: 2px;\n\tvertical-align: middle;\n  }\n}\n<\/style>\n\n\n\t<link rel=\"stylesheet\" type=\"text\/css\" href=\"\/registravimas\/tools\/color_myrace.css\" \/>\n\t<link rel=\"stylesheet\" type=\"text\/css\" href=\"\/registravimas\/tools\/rezultatai.css\" \/><div><form name=\"f_distancija\">Pasirinkite distancij\u0105: <select style=\"width: 320px\" id=\"filtrai\" onchange=\"distancija()\"><option value=\"0\" selected=\"selected\">Visos distancijos<\/option><option value=\"1\"> Maratonas<\/option><option value=\"2\"> 5.3 km<\/option><\/select>\n\t<\/form>\n\t<script type=\"text\/javascript\">function distancija() {filtras=document.f_distancija.filtrai.value;document.location.href = \"?distancija=\" + filtras;}\n\t<\/script><\/div><div style=\"overflow-x:auto;\"><table class=\"rezai\" width=\"1024px\" border=\"1\" cellspacing=\"0\" cellpadding=\"2\"><tr class=\"rezai\"><th width=\"40px\"><a href=\"?pagal=id\">Eil.<br\/>Nr.<\/a><\/th><th width=\"70\">Diplomas<\/th><th width=\"40px\"><a href=\"?pagal=nr\">Nr.<\/a><\/th><th width=\"70px\"><a href=\"?pagal=vardas\">Vardas<\/a><\/th><th width=\"70px\"><a href=\"?pagal=pavarde\">Pavard\u0117<\/a><\/th><th width=\"40px\"><a href=\"?pagal=lytis\">Lytis<\/a><\/th><th width=\"50px\"><a href=\"?pagal=gimimo\">Gimimo<br\/>metai<\/a><\/th><th width=\"50px\"><a href=\"?pagal=salis\">\u0160alis<\/a><\/th><th width=\"100px\"><a href=\"?pagal=miestas\">Miestas<\/a><\/th><th width=\"150px\"><a href=\"?pagal=klubas\">Klubas<\/a><\/th><th width=\"100px\"><a href=\"?pagal=distancija\">Distancija<\/a><\/th><th width=\"60px\"><a href=\"?pagal=rezultatas\">Rezultatas<\/a><\/th><th width=\"50px\"><a href=\"?pagal=greitis\">1 km greitis<\/a><\/th><\/tr><tr class=\"meniuoff\" onmouseover=\"className=&quot;meniuon&quot;\" onmouseout=\"className=&quot;meniuoff&quot;\"><td width=\"40px\">1.<\/td><td><a href=\"https:\/\/www.myrace.lt\/diplomas\/diplomas.php?id=15032\" target=\"_blank\">\n\t\t\t\t\t\t\t<img decoding=\"async\" src=\"\/diplomas\/diplomai\/ico-mm25.jpg\"><\/a><\/td><td width=\"40px\"><\/td><td style=\"text-align: right; padding-right: 10px;\" width=\"70px\">Svaj\u016bnas<\/td><td style=\"text-align: left; padding-left: 10px;\" width=\"70px\">Beleckis<\/td><td width=\"40px\">V<\/td><td width=\"50px\">43<\/td><td width=\"50px\">LTU<\/td><td width=\"100px\">Ma\u017eeiki\u0173 Raj<\/td><td width=\"150px\">Maratomanija<\/td><td width=\"100px\">42.195<\/td><td width=\"60px\">5:05:12<\/td><td width=\"50px\">0:07:14<\/td><\/tr><tr class=\"meniuoff\" onmouseover=\"className=&quot;meniuon&quot;\" onmouseout=\"className=&quot;meniuoff&quot;\"><td width=\"40px\">2.<\/td><td><a href=\"https:\/\/www.myrace.lt\/diplomas\/diplomas.php?id=15033\" target=\"_blank\">\n\t\t\t\t\t\t\t<img decoding=\"async\" src=\"\/diplomas\/diplomai\/ico-mm25.jpg\"><\/a><\/td><td width=\"40px\"><\/td><td style=\"text-align: right; padding-right: 10px;\" width=\"70px\">Valdas<\/td><td style=\"text-align: left; padding-left: 10px;\" width=\"70px\">\u0160mai\u017eys<\/td><td width=\"40px\">V<\/td><td width=\"50px\">51<\/td><td width=\"50px\">LTU<\/td><td width=\"100px\">Vilnius<\/td><td width=\"150px\">Maratomanija<\/td><td width=\"100px\">42.195<\/td><td width=\"60px\">5:22:42<\/td><td width=\"50px\">0:07:39<\/td><\/tr><tr class=\"meniuoff\" onmouseover=\"className=&quot;meniuon&quot;\" onmouseout=\"className=&quot;meniuoff&quot;\"><td width=\"40px\">3.<\/td><td><a href=\"https:\/\/www.myrace.lt\/diplomas\/diplomas.php?id=15034\" target=\"_blank\">\n\t\t\t\t\t\t\t<img decoding=\"async\" src=\"\/diplomas\/diplomai\/ico-mm25.jpg\"><\/a><\/td><td width=\"40px\"><\/td><td style=\"text-align: right; padding-right: 10px;\" width=\"70px\">Tadas<\/td><td style=\"text-align: left; padding-left: 10px;\" width=\"70px\">Beniulis<\/td><td width=\"40px\">V<\/td><td width=\"50px\">46<\/td><td width=\"50px\">LTU<\/td><td width=\"100px\">Vilnius<\/td><td width=\"150px\">Maratomanija<\/td><td width=\"100px\">42.195<\/td><td width=\"60px\">6:03:52<\/td><td width=\"50px\">0:08:37<\/td><\/tr><tr class=\"meniuoff\" onmouseover=\"className=&quot;meniuon&quot;\" onmouseout=\"className=&quot;meniuoff&quot;\"><td width=\"40px\">4.<\/td><td><a href=\"https:\/\/www.myrace.lt\/diplomas\/diplomas.php?id=15035\" target=\"_blank\">\n\t\t\t\t\t\t\t<img decoding=\"async\" src=\"\/diplomas\/diplomai\/ico-mm25.jpg\"><\/a><\/td><td width=\"40px\"><\/td><td style=\"text-align: right; padding-right: 10px;\" width=\"70px\">Lina<\/td><td style=\"text-align: left; padding-left: 10px;\" width=\"70px\">Abromaityt\u0117-\u0160mai\u017e\u0117<\/td><td width=\"40px\">M<\/td><td width=\"50px\">46<\/td><td width=\"50px\">LTU<\/td><td width=\"100px\">Vilnius<\/td><td width=\"150px\">Maratomanija<\/td><td width=\"100px\">42.195<\/td><td width=\"60px\">6:23:31<\/td><td width=\"50px\">0:09:05<\/td><\/tr><tr class=\"meniuoff\" onmouseover=\"className=&quot;meniuon&quot;\" onmouseout=\"className=&quot;meniuoff&quot;\"><td width=\"40px\">5.<\/td><td><a href=\"https:\/\/www.myrace.lt\/diplomas\/diplomas.php?id=15036\" target=\"_blank\">\n\t\t\t\t\t\t\t<img decoding=\"async\" src=\"\/diplomas\/diplomai\/ico-mm25.jpg\"><\/a><\/td><td width=\"40px\"><\/td><td style=\"text-align: right; padding-right: 10px;\" width=\"70px\">Rita<\/td><td style=\"text-align: left; padding-left: 10px;\" width=\"70px\">Demereckien\u0117<\/td><td width=\"40px\">M<\/td><td width=\"50px\">38<\/td><td width=\"50px\">LTU<\/td><td width=\"100px\">Vilnius<\/td><td width=\"150px\">Maratomanija<\/td><td width=\"100px\">42.195<\/td><td width=\"60px\">6:23:31<\/td><td width=\"50px\">0:09:05<\/td><\/tr><tr class=\"meniuoff\" onmouseover=\"className=&quot;meniuon&quot;\" onmouseout=\"className=&quot;meniuoff&quot;\"><td width=\"40px\">6.<\/td><td><a href=\"https:\/\/www.myrace.lt\/diplomas\/diplomas.php?id=15037\" target=\"_blank\">\n\t\t\t\t\t\t\t<img decoding=\"async\" src=\"\/diplomas\/diplomai\/ico-mm25.jpg\"><\/a><\/td><td width=\"40px\"><\/td><td style=\"text-align: right; padding-right: 10px;\" width=\"70px\">Vidmantas<\/td><td style=\"text-align: left; padding-left: 10px;\" width=\"70px\">Rugienius<\/td><td width=\"40px\">V<\/td><td width=\"50px\">52<\/td><td width=\"50px\">LTU<\/td><td width=\"100px\">Marijampol\u0117<\/td><td width=\"150px\">Maratomanija<\/td><td width=\"100px\">42.195<\/td><td width=\"60px\">7:58:49<\/td><td width=\"50px\">0:11:21<\/td><\/tr><tr class=\"meniuoff\" onmouseover=\"className=&quot;meniuon&quot;\" onmouseout=\"className=&quot;meniuoff&quot;\"><td width=\"40px\">7.<\/td><td><a href=\"https:\/\/www.myrace.lt\/diplomas\/diplomas.php?id=15038\" target=\"_blank\">\n\t\t\t\t\t\t\t<img decoding=\"async\" src=\"\/diplomas\/diplomai\/ico-mm25.jpg\"><\/a><\/td><td width=\"40px\"><\/td><td style=\"text-align: right; padding-right: 10px;\" width=\"70px\">Giedr\u0117<\/td><td style=\"text-align: left; padding-left: 10px;\" width=\"70px\">\u017di\u010dk\u0117<\/td><td width=\"40px\">M<\/td><td width=\"50px\">46<\/td><td width=\"50px\">LTU<\/td><td width=\"100px\">Vilnius<\/td><td width=\"150px\">Maratomanija<\/td><td width=\"100px\">5.3<\/td><td width=\"60px\">0:48:01<\/td><td width=\"50px\">0:09:04<\/td><\/tr><tr class=\"meniuoff\" onmouseover=\"className=&quot;meniuon&quot;\" onmouseout=\"className=&quot;meniuoff&quot;\"><td width=\"40px\">8.<\/td><td><a href=\"https:\/\/www.myrace.lt\/diplomas\/diplomas.php?id=15039\" target=\"_blank\">\n\t\t\t\t\t\t\t<img decoding=\"async\" src=\"\/diplomas\/diplomai\/ico-mm25.jpg\"><\/a><\/td><td width=\"40px\"><\/td><td style=\"text-align: right; padding-right: 10px;\" width=\"70px\">Jolita<\/td><td style=\"text-align: left; padding-left: 10px;\" width=\"70px\">Molyt\u0117<\/td><td width=\"40px\">M<\/td><td width=\"50px\">41<\/td><td width=\"50px\">LTU<\/td><td width=\"100px\">Kaunas<\/td><td width=\"150px\"><\/td><td width=\"100px\">5.3<\/td><td width=\"60px\">0:48:01<\/td><td width=\"50px\">0:09:04<\/td><\/tr><\/table><\/div>\n","protected":false},"excerpt":{"rendered":"","protected":false},"author":2,"featured_media":0,"parent":359,"menu_order":0,"comment_status":"closed","ping_status":"closed","template":"templates\/full-width-page.php","meta":{"footnotes":""},"class_list":["post-1200","page","type-page","status-publish","hentry"],"_links":{"self":[{"href":"https:\/\/www.myrace.lt\/maratonadienis\/wp-json\/wp\/v2\/pages\/1200","targetHints":{"allow":["GET"]}}],"collection":[{"href":"https:\/\/www.myrace.lt\/maratonadienis\/wp-json\/wp\/v2\/pages"}],"about":[{"href":"https:\/\/www.myrace.lt\/maratonadienis\/wp-json\/wp\/v2\/types\/page"}],"author":[{"embeddable":true,"href":"https:\/\/www.myrace.lt\/maratonadienis\/wp-json\/wp\/v2\/users\/2"}],"replies":[{"embeddable":true,"href":"https:\/\/www.myrace.lt\/maratonadienis\/wp-json\/wp\/v2\/comments?post=1200"}],"version-history":[{"count":2,"href":"https:\/\/www.myrace.lt\/maratonadienis\/wp-json\/wp\/v2\/pages\/1200\/revisions"}],"predecessor-version":[{"id":1206,"href":"https:\/\/www.myrace.lt\/maratonadienis\/wp-json\/wp\/v2\/pages\/1200\/revisions\/1206"}],"up":[{"embeddable":true,"href":"https:\/\/www.myrace.lt\/maratonadienis\/wp-json\/wp\/v2\/pages\/359"}],"wp:attachment":[{"href":"https:\/\/www.myrace.lt\/maratonadienis\/wp-json\/wp\/v2\/media?parent=1200"}],"curies":[{"name":"wp","href":"https:\/\/api.w.org\/{rel}","templated":true}]}}