{"id":1126,"date":"2025-05-06T14:37:24","date_gmt":"2025-05-06T11:37:24","guid":{"rendered":"https:\/\/www.myrace.lt\/maratonadienis\/?page_id=1126"},"modified":"2025-05-06T14:43:57","modified_gmt":"2025-05-06T11:43:57","slug":"rezultatai-maratonadienis-27","status":"publish","type":"page","link":"https:\/\/www.myrace.lt\/maratonadienis\/rezultatai\/rezultatai-maratonadienis-27\/","title":{"rendered":"Rezultatai (Maratonadienis #27 | 2025.05.11)"},"content":{"rendered":"<style type=\"text\/css\">\ntd {\n\tborder: 1px solid #ddd;\n\tpadding: 2px;\n\tvertical-align: middle;\n  }\n}\n<\/style>\n\n\n\t<link rel=\"stylesheet\" type=\"text\/css\" href=\"\/registravimas\/tools\/color_myrace.css\" \/>\n\t<link rel=\"stylesheet\" type=\"text\/css\" href=\"\/registravimas\/tools\/rezultatai.css\" \/><div><form name=\"f_distancija\">Pasirinkite distancij\u0105: <select style=\"width: 320px\" id=\"filtrai\" onchange=\"distancija()\"><option value=\"0\" selected=\"selected\">Visos distancijos<\/option><option value=\"1\">Maratonas<\/option><option value=\"2\"> 25.3 km<\/option><option value=\"3\"> Pusmaratonis<\/option><option value=\"4\"> 12.7 km<\/option><option value=\"5\"> 8.4 km<\/option><option value=\"6\"> 4.2 km<\/option><\/select>\n\t<\/form>\n\t<script type=\"text\/javascript\">function distancija() {filtras=document.f_distancija.filtrai.value;document.location.href = \"?distancija=\" + filtras;}\n\t<\/script><\/div><div style=\"overflow-x:auto;\"><table class=\"rezai\" width=\"1024px\" border=\"1\" cellspacing=\"0\" cellpadding=\"2\"><tr class=\"rezai\"><th width=\"40px\"><a href=\"?pagal=id\">Eil.<br\/>Nr.<\/a><\/th><th width=\"70\">Diplomas<\/th><th width=\"40px\"><a href=\"?pagal=nr\">Nr.<\/a><\/th><th width=\"70px\"><a href=\"?pagal=vardas\">Vardas<\/a><\/th><th width=\"70px\"><a href=\"?pagal=pavarde\">Pavard\u0117<\/a><\/th><th width=\"40px\"><a href=\"?pagal=lytis\">Lytis<\/a><\/th><th width=\"50px\"><a href=\"?pagal=gimimo\">Gimimo<br\/>metai<\/a><\/th><th width=\"50px\"><a href=\"?pagal=salis\">\u0160alis<\/a><\/th><th width=\"100px\"><a href=\"?pagal=miestas\">Miestas<\/a><\/th><th width=\"150px\"><a href=\"?pagal=klubas\">Klubas<\/a><\/th><th width=\"100px\"><a href=\"?pagal=distancija\">Distancija<\/a><\/th><th width=\"60px\"><a href=\"?pagal=rezultatas\">Rezultatas<\/a><\/th><th width=\"50px\"><a href=\"?pagal=greitis\">1 km greitis<\/a><\/th><\/tr><tr class=\"meniuoff\" onmouseover=\"className=&quot;meniuon&quot;\" onmouseout=\"className=&quot;meniuoff&quot;\"><td width=\"40px\">1.<\/td><td><a href=\"https:\/\/www.myrace.lt\/diplomas\/diplomas.php?id=13715\" target=\"_blank\">\n\t\t\t\t\t\t\t<img decoding=\"async\" src=\"\/diplomas\/diplomai\/ico-m27.jpg\"><\/a><\/td><td width=\"40px\">413<\/td><td style=\"text-align: right; padding-right: 10px;\" width=\"70px\">\u017dilvinas<\/td><td style=\"text-align: left; padding-left: 10px;\" width=\"70px\">Meldaikis<\/td><td width=\"40px\">V<\/td><td width=\"50px\">47<\/td><td width=\"50px\">LTU<\/td><td width=\"100px\">Kaunas<\/td><td width=\"150px\">Maratomanija<\/td><td width=\"100px\">42.2<\/td><td width=\"60px\">3:28:22<\/td><td width=\"50px\">0:04:56<\/td><\/tr><tr class=\"meniuoff\" onmouseover=\"className=&quot;meniuon&quot;\" onmouseout=\"className=&quot;meniuoff&quot;\"><td width=\"40px\">2.<\/td><td><a href=\"https:\/\/www.myrace.lt\/diplomas\/diplomas.php?id=13716\" target=\"_blank\">\n\t\t\t\t\t\t\t<img decoding=\"async\" src=\"\/diplomas\/diplomai\/ico-m27.jpg\"><\/a><\/td><td width=\"40px\">409<\/td><td style=\"text-align: right; padding-right: 10px;\" width=\"70px\">Art\u016bras<\/td><td style=\"text-align: left; padding-left: 10px;\" width=\"70px\">Kojala<\/td><td width=\"40px\">V<\/td><td width=\"50px\">47<\/td><td width=\"50px\">LTU<\/td><td width=\"100px\">Vilnius<\/td><td width=\"150px\"><\/td><td width=\"100px\">42.2<\/td><td width=\"60px\">3:43:10<\/td><td width=\"50px\">0:05:17<\/td><\/tr><tr class=\"meniuoff\" onmouseover=\"className=&quot;meniuon&quot;\" onmouseout=\"className=&quot;meniuoff&quot;\"><td width=\"40px\">3.<\/td><td><a href=\"https:\/\/www.myrace.lt\/diplomas\/diplomas.php?id=13717\" target=\"_blank\">\n\t\t\t\t\t\t\t<img decoding=\"async\" src=\"\/diplomas\/diplomai\/ico-m27.jpg\"><\/a><\/td><td width=\"40px\">405<\/td><td style=\"text-align: right; padding-right: 10px;\" width=\"70px\">Gintaras<\/td><td style=\"text-align: left; padding-left: 10px;\" width=\"70px\">Gedvilas<\/td><td width=\"40px\">V<\/td><td width=\"50px\">64<\/td><td width=\"50px\">LTU<\/td><td width=\"100px\">Vilnius<\/td><td width=\"150px\">LTU Trail Running People<\/td><td width=\"100px\">42.2<\/td><td width=\"60px\">4:10:30<\/td><td width=\"50px\">0:05:56<\/td><\/tr><tr class=\"meniuoff\" onmouseover=\"className=&quot;meniuon&quot;\" onmouseout=\"className=&quot;meniuoff&quot;\"><td width=\"40px\">4.<\/td><td><a href=\"https:\/\/www.myrace.lt\/diplomas\/diplomas.php?id=13718\" target=\"_blank\">\n\t\t\t\t\t\t\t<img decoding=\"async\" src=\"\/diplomas\/diplomai\/ico-m27.jpg\"><\/a><\/td><td width=\"40px\">419<\/td><td style=\"text-align: right; padding-right: 10px;\" width=\"70px\">Valdas<\/td><td style=\"text-align: left; padding-left: 10px;\" width=\"70px\">\u0160mai\u017eys<\/td><td width=\"40px\">V<\/td><td width=\"50px\">51<\/td><td width=\"50px\">LTU<\/td><td width=\"100px\">Vilnius<\/td><td width=\"150px\">Maratomanija<\/td><td width=\"100px\">42.2<\/td><td width=\"60px\">4:14:41<\/td><td width=\"50px\">0:06:02<\/td><\/tr><tr class=\"meniuoff\" onmouseover=\"className=&quot;meniuon&quot;\" onmouseout=\"className=&quot;meniuoff&quot;\"><td width=\"40px\">5.<\/td><td><a href=\"https:\/\/www.myrace.lt\/diplomas\/diplomas.php?id=13719\" target=\"_blank\">\n\t\t\t\t\t\t\t<img decoding=\"async\" src=\"\/diplomas\/diplomai\/ico-m27.jpg\"><\/a><\/td><td width=\"40px\">420<\/td><td style=\"text-align: right; padding-right: 10px;\" width=\"70px\">Algirdas<\/td><td style=\"text-align: left; padding-left: 10px;\" width=\"70px\">Medeikis<\/td><td width=\"40px\">V<\/td><td width=\"50px\">46<\/td><td width=\"50px\">LTU<\/td><td width=\"100px\">\u0160iauliai<\/td><td width=\"150px\"> Kauno BMK<\/td><td width=\"100px\">42.2<\/td><td width=\"60px\">4:32:12<\/td><td width=\"50px\">0:06:27<\/td><\/tr><tr class=\"meniuoff\" onmouseover=\"className=&quot;meniuon&quot;\" onmouseout=\"className=&quot;meniuoff&quot;\"><td width=\"40px\">6.<\/td><td><a href=\"https:\/\/www.myrace.lt\/diplomas\/diplomas.php?id=13720\" target=\"_blank\">\n\t\t\t\t\t\t\t<img decoding=\"async\" src=\"\/diplomas\/diplomai\/ico-m27.jpg\"><\/a><\/td><td width=\"40px\">403<\/td><td style=\"text-align: right; padding-right: 10px;\" width=\"70px\">Markas<\/td><td style=\"text-align: left; padding-left: 10px;\" width=\"70px\">Baranauskas<\/td><td width=\"40px\">V<\/td><td width=\"50px\">12<\/td><td width=\"50px\">LTU<\/td><td width=\"100px\">Vilnius<\/td><td width=\"150px\"><\/td><td width=\"100px\">42.2<\/td><td width=\"60px\">5:21:41<\/td><td width=\"50px\">0:07:37<\/td><\/tr><tr class=\"meniuoff\" onmouseover=\"className=&quot;meniuon&quot;\" onmouseout=\"className=&quot;meniuoff&quot;\"><td width=\"40px\">7.<\/td><td><a href=\"https:\/\/www.myrace.lt\/diplomas\/diplomas.php?id=13721\" target=\"_blank\">\n\t\t\t\t\t\t\t<img decoding=\"async\" src=\"\/diplomas\/diplomai\/ico-m27.jpg\"><\/a><\/td><td width=\"40px\">404<\/td><td style=\"text-align: right; padding-right: 10px;\" width=\"70px\">Martynas<\/td><td style=\"text-align: left; padding-left: 10px;\" width=\"70px\">Baranauskas<\/td><td width=\"40px\">V<\/td><td width=\"50px\">37<\/td><td width=\"50px\">LTU<\/td><td width=\"100px\">Klaip\u0117da<\/td><td width=\"150px\"><\/td><td width=\"100px\">42.2<\/td><td width=\"60px\">5:21:41<\/td><td width=\"50px\">0:07:37<\/td><\/tr><tr class=\"meniuoff\" onmouseover=\"className=&quot;meniuon&quot;\" onmouseout=\"className=&quot;meniuoff&quot;\"><td width=\"40px\">8.<\/td><td><a href=\"https:\/\/www.myrace.lt\/diplomas\/diplomas.php?id=13722\" target=\"_blank\">\n\t\t\t\t\t\t\t<img decoding=\"async\" src=\"\/diplomas\/diplomai\/ico-m27.jpg\"><\/a><\/td><td width=\"40px\">414<\/td><td style=\"text-align: right; padding-right: 10px;\" width=\"70px\">Valdemar<\/td><td style=\"text-align: left; padding-left: 10px;\" width=\"70px\">Narvoi\u0161<\/td><td width=\"40px\">V<\/td><td width=\"50px\">36<\/td><td width=\"50px\">LTU<\/td><td width=\"100px\">Vilnius R.<\/td><td width=\"150px\"><\/td><td width=\"100px\">25.3<\/td><td width=\"60px\">2:48:00<\/td><td width=\"50px\">0:06:38<\/td><\/tr><tr class=\"meniuoff\" onmouseover=\"className=&quot;meniuon&quot;\" onmouseout=\"className=&quot;meniuoff&quot;\"><td width=\"40px\">9.<\/td><td><a href=\"https:\/\/www.myrace.lt\/diplomas\/diplomas.php?id=13723\" target=\"_blank\">\n\t\t\t\t\t\t\t<img decoding=\"async\" src=\"\/diplomas\/diplomai\/ico-m27.jpg\"><\/a><\/td><td width=\"40px\">411<\/td><td style=\"text-align: right; padding-right: 10px;\" width=\"70px\">Aleksandr<\/td><td style=\"text-align: left; padding-left: 10px;\" width=\"70px\">Kondrackas<\/td><td width=\"40px\">V<\/td><td width=\"50px\">42<\/td><td width=\"50px\">LTU<\/td><td width=\"100px\">Vilnius<\/td><td width=\"150px\"><\/td><td width=\"100px\">21.1<\/td><td width=\"60px\">1:58:55<\/td><td width=\"50px\">0:05:38<\/td><\/tr><tr class=\"meniuoff\" onmouseover=\"className=&quot;meniuon&quot;\" onmouseout=\"className=&quot;meniuoff&quot;\"><td width=\"40px\">10.<\/td><td><a href=\"https:\/\/www.myrace.lt\/diplomas\/diplomas.php?id=13724\" target=\"_blank\">\n\t\t\t\t\t\t\t<img decoding=\"async\" src=\"\/diplomas\/diplomai\/ico-m27.jpg\"><\/a><\/td><td width=\"40px\">401<\/td><td style=\"text-align: right; padding-right: 10px;\" width=\"70px\">Vytautas<\/td><td style=\"text-align: left; padding-left: 10px;\" width=\"70px\">Andruskevicius<\/td><td width=\"40px\">V<\/td><td width=\"50px\">41<\/td><td width=\"50px\">LTU<\/td><td width=\"100px\">Vilnius<\/td><td width=\"150px\"><\/td><td width=\"100px\">21.1<\/td><td width=\"60px\">2:10:18<\/td><td width=\"50px\">0:06:11<\/td><\/tr><tr class=\"meniuoff\" onmouseover=\"className=&quot;meniuon&quot;\" onmouseout=\"className=&quot;meniuoff&quot;\"><td width=\"40px\">11.<\/td><td><a href=\"https:\/\/www.myrace.lt\/diplomas\/diplomas.php?id=13725\" target=\"_blank\">\n\t\t\t\t\t\t\t<img decoding=\"async\" src=\"\/diplomas\/diplomai\/ico-m27.jpg\"><\/a><\/td><td width=\"40px\">406<\/td><td style=\"text-align: right; padding-right: 10px;\" width=\"70px\">Mindaugas<\/td><td style=\"text-align: left; padding-left: 10px;\" width=\"70px\">Gird\u017eius<\/td><td width=\"40px\">V<\/td><td width=\"50px\">45<\/td><td width=\"50px\">LTU<\/td><td width=\"100px\">Marijampol\u0117<\/td><td width=\"150px\"><\/td><td width=\"100px\">21.1<\/td><td width=\"60px\">2:13:20<\/td><td width=\"50px\">0:06:19<\/td><\/tr><tr class=\"meniuoff\" onmouseover=\"className=&quot;meniuon&quot;\" onmouseout=\"className=&quot;meniuoff&quot;\"><td width=\"40px\">12.<\/td><td><a href=\"https:\/\/www.myrace.lt\/diplomas\/diplomas.php?id=13726\" target=\"_blank\">\n\t\t\t\t\t\t\t<img decoding=\"async\" src=\"\/diplomas\/diplomai\/ico-m27.jpg\"><\/a><\/td><td width=\"40px\">407<\/td><td style=\"text-align: right; padding-right: 10px;\" width=\"70px\">Nomeda<\/td><td style=\"text-align: left; padding-left: 10px;\" width=\"70px\">Grigalioniene<\/td><td width=\"40px\">M<\/td><td width=\"50px\">49<\/td><td width=\"50px\">LTU<\/td><td width=\"100px\">Panevezys<\/td><td width=\"150px\"><\/td><td width=\"100px\">21.1<\/td><td width=\"60px\">2:37:00<\/td><td width=\"50px\">0:07:26<\/td><\/tr><tr class=\"meniuoff\" onmouseover=\"className=&quot;meniuon&quot;\" onmouseout=\"className=&quot;meniuoff&quot;\"><td width=\"40px\">13.<\/td><td><a href=\"https:\/\/www.myrace.lt\/diplomas\/diplomas.php?id=13727\" target=\"_blank\">\n\t\t\t\t\t\t\t<img decoding=\"async\" src=\"\/diplomas\/diplomai\/ico-m27.jpg\"><\/a><\/td><td width=\"40px\">422<\/td><td style=\"text-align: right; padding-right: 10px;\" width=\"70px\">Eimantas<\/td><td style=\"text-align: left; padding-left: 10px;\" width=\"70px\">Staliulionis<\/td><td width=\"40px\">V<\/td><td width=\"50px\">40<\/td><td width=\"50px\">LTU<\/td><td width=\"100px\">Vilnius<\/td><td width=\"150px\"><\/td><td width=\"100px\">12.7<\/td><td width=\"60px\">1:06:34<\/td><td width=\"50px\">0:05:14<\/td><\/tr><tr class=\"meniuoff\" onmouseover=\"className=&quot;meniuon&quot;\" onmouseout=\"className=&quot;meniuoff&quot;\"><td width=\"40px\">14.<\/td><td><a href=\"https:\/\/www.myrace.lt\/diplomas\/diplomas.php?id=13728\" target=\"_blank\">\n\t\t\t\t\t\t\t<img decoding=\"async\" src=\"\/diplomas\/diplomai\/ico-m27.jpg\"><\/a><\/td><td width=\"40px\">412<\/td><td style=\"text-align: right; padding-right: 10px;\" width=\"70px\">Egl\u0117<\/td><td style=\"text-align: left; padding-left: 10px;\" width=\"70px\">Matekonien\u0117<\/td><td width=\"40px\">M<\/td><td width=\"50px\">59<\/td><td width=\"50px\">LTU<\/td><td width=\"100px\">Kaunas<\/td><td width=\"150px\">Familia<\/td><td width=\"100px\">12.7<\/td><td width=\"60px\">1:37:20<\/td><td width=\"50px\">0:07:40<\/td><\/tr><tr class=\"meniuoff\" onmouseover=\"className=&quot;meniuon&quot;\" onmouseout=\"className=&quot;meniuoff&quot;\"><td width=\"40px\">15.<\/td><td><a href=\"https:\/\/www.myrace.lt\/diplomas\/diplomas.php?id=13729\" target=\"_blank\">\n\t\t\t\t\t\t\t<img decoding=\"async\" src=\"\/diplomas\/diplomai\/ico-m27.jpg\"><\/a><\/td><td width=\"40px\">417<\/td><td style=\"text-align: right; padding-right: 10px;\" width=\"70px\">Aleksandr<\/td><td style=\"text-align: left; padding-left: 10px;\" width=\"70px\">Somkin<\/td><td width=\"40px\">V<\/td><td width=\"50px\">36<\/td><td width=\"50px\">LTU<\/td><td width=\"100px\">Vilnius<\/td><td width=\"150px\">Maratomanija<\/td><td width=\"100px\">8.4<\/td><td width=\"60px\">0:47:50<\/td><td width=\"50px\">0:05:42<\/td><\/tr><tr class=\"meniuoff\" onmouseover=\"className=&quot;meniuon&quot;\" onmouseout=\"className=&quot;meniuoff&quot;\"><td width=\"40px\">16.<\/td><td><a href=\"https:\/\/www.myrace.lt\/diplomas\/diplomas.php?id=13730\" target=\"_blank\">\n\t\t\t\t\t\t\t<img decoding=\"async\" src=\"\/diplomas\/diplomai\/ico-m27.jpg\"><\/a><\/td><td width=\"40px\">415<\/td><td style=\"text-align: right; padding-right: 10px;\" width=\"70px\">Deividas<\/td><td style=\"text-align: left; padding-left: 10px;\" width=\"70px\">Padobajevas<\/td><td width=\"40px\">V<\/td><td width=\"50px\">41<\/td><td width=\"50px\">LTU<\/td><td width=\"100px\">Vilnius<\/td><td width=\"150px\"><\/td><td width=\"100px\">8.4<\/td><td width=\"60px\">1:07:45<\/td><td width=\"50px\">0:08:04<\/td><\/tr><tr class=\"meniuoff\" onmouseover=\"className=&quot;meniuon&quot;\" onmouseout=\"className=&quot;meniuoff&quot;\"><td width=\"40px\">17.<\/td><td><a href=\"https:\/\/www.myrace.lt\/diplomas\/diplomas.php?id=13731\" target=\"_blank\">\n\t\t\t\t\t\t\t<img decoding=\"async\" src=\"\/diplomas\/diplomai\/ico-m27.jpg\"><\/a><\/td><td width=\"40px\">410<\/td><td style=\"text-align: right; padding-right: 10px;\" width=\"70px\">Darijus<\/td><td style=\"text-align: left; padding-left: 10px;\" width=\"70px\">Komar<\/td><td width=\"40px\">V<\/td><td width=\"50px\">42<\/td><td width=\"50px\">LTU<\/td><td width=\"100px\">Vilnius<\/td><td width=\"150px\"><\/td><td width=\"100px\">4.2<\/td><td width=\"60px\">0:24:40<\/td><td width=\"50px\">0:05:52<\/td><\/tr><tr class=\"meniuoff\" onmouseover=\"className=&quot;meniuon&quot;\" onmouseout=\"className=&quot;meniuoff&quot;\"><td width=\"40px\">18.<\/td><td><a href=\"https:\/\/www.myrace.lt\/diplomas\/diplomas.php?id=13732\" target=\"_blank\">\n\t\t\t\t\t\t\t<img decoding=\"async\" src=\"\/diplomas\/diplomai\/ico-m27.jpg\"><\/a><\/td><td width=\"40px\">402<\/td><td style=\"text-align: right; padding-right: 10px;\" width=\"70px\">Ieva<\/td><td style=\"text-align: left; padding-left: 10px;\" width=\"70px\">Bal\u010di\u016bnien\u0117<\/td><td width=\"40px\">M<\/td><td width=\"50px\">45<\/td><td width=\"50px\">LTU<\/td><td width=\"100px\">Kaunas<\/td><td width=\"150px\">Maratomanija<\/td><td width=\"100px\">4.2<\/td><td width=\"60px\">0:26:40<\/td><td width=\"50px\">0:06:21<\/td><\/tr><tr class=\"meniuoff\" onmouseover=\"className=&quot;meniuon&quot;\" onmouseout=\"className=&quot;meniuoff&quot;\"><td width=\"40px\">19.<\/td><td><a href=\"https:\/\/www.myrace.lt\/diplomas\/diplomas.php?id=13733\" target=\"_blank\">\n\t\t\t\t\t\t\t<img decoding=\"async\" src=\"\/diplomas\/diplomai\/ico-m27.jpg\"><\/a><\/td><td width=\"40px\">416<\/td><td style=\"text-align: right; padding-right: 10px;\" width=\"70px\">Jurgita<\/td><td style=\"text-align: left; padding-left: 10px;\" width=\"70px\">Paulavi\u010di\u016bt\u0117<\/td><td width=\"40px\">M<\/td><td width=\"50px\">42<\/td><td width=\"50px\">LTU<\/td><td width=\"100px\">Vilnius<\/td><td width=\"150px\"><\/td><td width=\"100px\">4.2<\/td><td width=\"60px\">0:43:30<\/td><td width=\"50px\">0:10:21<\/td><\/tr><tr class=\"meniuoff\" onmouseover=\"className=&quot;meniuon&quot;\" onmouseout=\"className=&quot;meniuoff&quot;\"><td width=\"40px\">20.<\/td><td><a href=\"https:\/\/www.myrace.lt\/diplomas\/diplomas.php?id=13734\" target=\"_blank\">\n\t\t\t\t\t\t\t<img decoding=\"async\" src=\"\/diplomas\/diplomai\/ico-m27.jpg\"><\/a><\/td><td width=\"40px\">408<\/td><td style=\"text-align: right; padding-right: 10px;\" width=\"70px\">Olga<\/td><td style=\"text-align: left; padding-left: 10px;\" width=\"70px\">Gri\u0161kalauskait\u0117<\/td><td width=\"40px\">M<\/td><td width=\"50px\">41<\/td><td width=\"50px\">LTU<\/td><td width=\"100px\">Vilnius<\/td><td width=\"150px\"><\/td><td width=\"100px\">4.2<\/td><td width=\"60px\">0:52:55<\/td><td width=\"50px\">0:12:36<\/td><\/tr><\/table><\/div>\n<p>&nbsp;<\/p>\n","protected":false},"excerpt":{"rendered":"<p>&nbsp;<\/p>\n","protected":false},"author":1,"featured_media":0,"parent":359,"menu_order":0,"comment_status":"closed","ping_status":"closed","template":"templates\/full-width-page.php","meta":{"footnotes":""},"class_list":["post-1126","page","type-page","status-publish","hentry"],"_links":{"self":[{"href":"https:\/\/www.myrace.lt\/maratonadienis\/wp-json\/wp\/v2\/pages\/1126","targetHints":{"allow":["GET"]}}],"collection":[{"href":"https:\/\/www.myrace.lt\/maratonadienis\/wp-json\/wp\/v2\/pages"}],"about":[{"href":"https:\/\/www.myrace.lt\/maratonadienis\/wp-json\/wp\/v2\/types\/page"}],"author":[{"embeddable":true,"href":"https:\/\/www.myrace.lt\/maratonadienis\/wp-json\/wp\/v2\/users\/1"}],"replies":[{"embeddable":true,"href":"https:\/\/www.myrace.lt\/maratonadienis\/wp-json\/wp\/v2\/comments?post=1126"}],"version-history":[{"count":2,"href":"https:\/\/www.myrace.lt\/maratonadienis\/wp-json\/wp\/v2\/pages\/1126\/revisions"}],"predecessor-version":[{"id":1141,"href":"https:\/\/www.myrace.lt\/maratonadienis\/wp-json\/wp\/v2\/pages\/1126\/revisions\/1141"}],"up":[{"embeddable":true,"href":"https:\/\/www.myrace.lt\/maratonadienis\/wp-json\/wp\/v2\/pages\/359"}],"wp:attachment":[{"href":"https:\/\/www.myrace.lt\/maratonadienis\/wp-json\/wp\/v2\/media?parent=1126"}],"curies":[{"name":"wp","href":"https:\/\/api.w.org\/{rel}","templated":true}]}}