{"id":1122,"date":"2025-05-06T14:36:30","date_gmt":"2025-05-06T11:36:30","guid":{"rendered":"https:\/\/www.myrace.lt\/maratonadienis\/?page_id=1122"},"modified":"2025-05-06T14:43:22","modified_gmt":"2025-05-06T11:43:22","slug":"rezultatai-maratonadienis-25","status":"publish","type":"page","link":"https:\/\/www.myrace.lt\/maratonadienis\/rezultatai\/rezultatai-maratonadienis-25\/","title":{"rendered":"Rezultatai (Maratonadienis #25 | 2025.05.03)"},"content":{"rendered":"<style type=\"text\/css\">\ntd {\n\tborder: 1px solid #ddd;\n\tpadding: 2px;\n\tvertical-align: middle;\n  }\n}\n<\/style>\n\n\n\t<link rel=\"stylesheet\" type=\"text\/css\" href=\"\/registravimas\/tools\/color_myrace.css\" \/>\n\t<link rel=\"stylesheet\" type=\"text\/css\" href=\"\/registravimas\/tools\/rezultatai.css\" \/><div><form name=\"f_distancija\">Pasirinkite distancij\u0105: <select style=\"width: 320px\" id=\"filtrai\" onchange=\"distancija()\"><option value=\"0\" selected=\"selected\">Visos distancijos<\/option><option value=\"1\">Maratonas<\/option><option value=\"2\"> Pusmaratonis<\/option><option value=\"3\"> 16.9 km<\/option><option value=\"4\"> 12.7 km<\/option><option value=\"5\">8.4 km<\/option><option value=\"6\"> 4.2 km<\/option><\/select>\n\t<\/form>\n\t<script type=\"text\/javascript\">function distancija() {filtras=document.f_distancija.filtrai.value;document.location.href = \"?distancija=\" + filtras;}\n\t<\/script><\/div><div style=\"overflow-x:auto;\"><table class=\"rezai\" width=\"1024px\" border=\"1\" cellspacing=\"0\" cellpadding=\"2\"><tr class=\"rezai\"><th width=\"40px\"><a href=\"?pagal=id\">Eil.<br\/>Nr.<\/a><\/th><th width=\"70\">Diplomas<\/th><th width=\"40px\"><a href=\"?pagal=nr\">Nr.<\/a><\/th><th width=\"70px\"><a href=\"?pagal=vardas\">Vardas<\/a><\/th><th width=\"70px\"><a href=\"?pagal=pavarde\">Pavard\u0117<\/a><\/th><th width=\"40px\"><a href=\"?pagal=lytis\">Lytis<\/a><\/th><th width=\"50px\"><a href=\"?pagal=gimimo\">Gimimo<br\/>metai<\/a><\/th><th width=\"50px\"><a href=\"?pagal=salis\">\u0160alis<\/a><\/th><th width=\"100px\"><a href=\"?pagal=miestas\">Miestas<\/a><\/th><th width=\"150px\"><a href=\"?pagal=klubas\">Klubas<\/a><\/th><th width=\"100px\"><a href=\"?pagal=distancija\">Distancija<\/a><\/th><th width=\"60px\"><a href=\"?pagal=rezultatas\">Rezultatas<\/a><\/th><th width=\"50px\"><a href=\"?pagal=greitis\">1 km greitis<\/a><\/th><\/tr><tr class=\"meniuoff\" onmouseover=\"className=&quot;meniuon&quot;\" onmouseout=\"className=&quot;meniuoff&quot;\"><td width=\"40px\">1.<\/td><td><a href=\"https:\/\/www.myrace.lt\/diplomas\/diplomas.php?id=13686\" target=\"_blank\">\n\t\t\t\t\t\t\t<img decoding=\"async\" src=\"\/diplomas\/diplomai\/ico-m25.jpg\"><\/a><\/td><td width=\"40px\">359<\/td><td style=\"text-align: right; padding-right: 10px;\" width=\"70px\">Gintaras<\/td><td style=\"text-align: left; padding-left: 10px;\" width=\"70px\">Gedvilas<\/td><td width=\"40px\">V<\/td><td width=\"50px\">64<\/td><td width=\"50px\">LTU<\/td><td width=\"100px\">Vilnius<\/td><td width=\"150px\">LTU Trail Running People<\/td><td width=\"100px\">42.2<\/td><td width=\"60px\">4:13:57<\/td><td width=\"50px\">0:06:01<\/td><\/tr><tr class=\"meniuoff\" onmouseover=\"className=&quot;meniuon&quot;\" onmouseout=\"className=&quot;meniuoff&quot;\"><td width=\"40px\">2.<\/td><td><a href=\"https:\/\/www.myrace.lt\/diplomas\/diplomas.php?id=13687\" target=\"_blank\">\n\t\t\t\t\t\t\t<img decoding=\"async\" src=\"\/diplomas\/diplomai\/ico-m25.jpg\"><\/a><\/td><td width=\"40px\">370<\/td><td style=\"text-align: right; padding-right: 10px;\" width=\"70px\">Valdas<\/td><td style=\"text-align: left; padding-left: 10px;\" width=\"70px\">\u0160mai\u017eys<\/td><td width=\"40px\">V<\/td><td width=\"50px\">51<\/td><td width=\"50px\">LTU<\/td><td width=\"100px\">Vilnius<\/td><td width=\"150px\">Maratomanija<\/td><td width=\"100px\">42.2<\/td><td width=\"60px\">4:50:25<\/td><td width=\"50px\">0:06:53<\/td><\/tr><tr class=\"meniuoff\" onmouseover=\"className=&quot;meniuon&quot;\" onmouseout=\"className=&quot;meniuoff&quot;\"><td width=\"40px\">3.<\/td><td><a href=\"https:\/\/www.myrace.lt\/diplomas\/diplomas.php?id=13688\" target=\"_blank\">\n\t\t\t\t\t\t\t<img decoding=\"async\" src=\"\/diplomas\/diplomai\/ico-m25.jpg\"><\/a><\/td><td width=\"40px\">355<\/td><td style=\"text-align: right; padding-right: 10px;\" width=\"70px\">Lina<\/td><td style=\"text-align: left; padding-left: 10px;\" width=\"70px\">Abromaityt\u0117-\u0160mai\u017e\u0117<\/td><td width=\"40px\">M<\/td><td width=\"50px\">46<\/td><td width=\"50px\">LTU<\/td><td width=\"100px\">Vilnius<\/td><td width=\"150px\">Maratomanija<\/td><td width=\"100px\">42.2<\/td><td width=\"60px\">5:13:07<\/td><td width=\"50px\">0:07:25<\/td><\/tr><tr class=\"meniuoff\" onmouseover=\"className=&quot;meniuon&quot;\" onmouseout=\"className=&quot;meniuoff&quot;\"><td width=\"40px\">4.<\/td><td><a href=\"https:\/\/www.myrace.lt\/diplomas\/diplomas.php?id=13689\" target=\"_blank\">\n\t\t\t\t\t\t\t<img decoding=\"async\" src=\"\/diplomas\/diplomai\/ico-m25.jpg\"><\/a><\/td><td width=\"40px\">363<\/td><td style=\"text-align: right; padding-right: 10px;\" width=\"70px\">Gitana<\/td><td style=\"text-align: left; padding-left: 10px;\" width=\"70px\">Januliene<\/td><td width=\"40px\">M<\/td><td width=\"50px\">50<\/td><td width=\"50px\">LTU<\/td><td width=\"100px\">Jurbarkas<\/td><td width=\"150px\">Maratomanija<\/td><td width=\"100px\">42.2<\/td><td width=\"60px\">6:06:10<\/td><td width=\"50px\">0:08:41<\/td><\/tr><tr class=\"meniuoff\" onmouseover=\"className=&quot;meniuon&quot;\" onmouseout=\"className=&quot;meniuoff&quot;\"><td width=\"40px\">5.<\/td><td><a href=\"https:\/\/www.myrace.lt\/diplomas\/diplomas.php?id=13690\" target=\"_blank\">\n\t\t\t\t\t\t\t<img decoding=\"async\" src=\"\/diplomas\/diplomai\/ico-m25.jpg\"><\/a><\/td><td width=\"40px\">367<\/td><td style=\"text-align: right; padding-right: 10px;\" width=\"70px\">Vidmantas<\/td><td style=\"text-align: left; padding-left: 10px;\" width=\"70px\">Rugienius<\/td><td width=\"40px\">V<\/td><td width=\"50px\">52<\/td><td width=\"50px\">LTU<\/td><td width=\"100px\">Marijampol\u0117<\/td><td width=\"150px\"><\/td><td width=\"100px\">42.2<\/td><td width=\"60px\">6:18:17<\/td><td width=\"50px\">0:08:58<\/td><\/tr><tr class=\"meniuoff\" onmouseover=\"className=&quot;meniuon&quot;\" onmouseout=\"className=&quot;meniuoff&quot;\"><td width=\"40px\">6.<\/td><td><a href=\"https:\/\/www.myrace.lt\/diplomas\/diplomas.php?id=13691\" target=\"_blank\">\n\t\t\t\t\t\t\t<img decoding=\"async\" src=\"\/diplomas\/diplomai\/ico-m25.jpg\"><\/a><\/td><td width=\"40px\">371<\/td><td style=\"text-align: right; padding-right: 10px;\" width=\"70px\">Valdemar <\/td><td style=\"text-align: left; padding-left: 10px;\" width=\"70px\">Toma\u0161evi\u010d<\/td><td width=\"40px\">V<\/td><td width=\"50px\">55<\/td><td width=\"50px\">LTU<\/td><td width=\"100px\">Vilnius<\/td><td width=\"150px\"><\/td><td width=\"100px\">21.1<\/td><td width=\"60px\">2:22:01<\/td><td width=\"50px\">0:06:44<\/td><\/tr><tr class=\"meniuoff\" onmouseover=\"className=&quot;meniuon&quot;\" onmouseout=\"className=&quot;meniuoff&quot;\"><td width=\"40px\">7.<\/td><td><a href=\"https:\/\/www.myrace.lt\/diplomas\/diplomas.php?id=13692\" target=\"_blank\">\n\t\t\t\t\t\t\t<img decoding=\"async\" src=\"\/diplomas\/diplomai\/ico-m25.jpg\"><\/a><\/td><td width=\"40px\">360<\/td><td style=\"text-align: right; padding-right: 10px;\" width=\"70px\">Nomeda<\/td><td style=\"text-align: left; padding-left: 10px;\" width=\"70px\">Grigalioniene<\/td><td width=\"40px\">M<\/td><td width=\"50px\">49<\/td><td width=\"50px\">LTU<\/td><td width=\"100px\">Panevezys<\/td><td width=\"150px\"><\/td><td width=\"100px\">16.9<\/td><td width=\"60px\">2:05:01<\/td><td width=\"50px\">0:07:24<\/td><\/tr><tr class=\"meniuoff\" onmouseover=\"className=&quot;meniuon&quot;\" onmouseout=\"className=&quot;meniuoff&quot;\"><td width=\"40px\">8.<\/td><td><a href=\"https:\/\/www.myrace.lt\/diplomas\/diplomas.php?id=13693\" target=\"_blank\">\n\t\t\t\t\t\t\t<img decoding=\"async\" src=\"\/diplomas\/diplomai\/ico-m25.jpg\"><\/a><\/td><td width=\"40px\">357<\/td><td style=\"text-align: right; padding-right: 10px;\" width=\"70px\">Rolandas<\/td><td style=\"text-align: left; padding-left: 10px;\" width=\"70px\">\u010ces\u016bnas<\/td><td width=\"40px\">V<\/td><td width=\"50px\">67<\/td><td width=\"50px\">LTU<\/td><td width=\"100px\">Vilnius<\/td><td width=\"150px\"><\/td><td width=\"100px\">12.7<\/td><td width=\"60px\">1:11:11<\/td><td width=\"50px\">0:05:36<\/td><\/tr><tr class=\"meniuoff\" onmouseover=\"className=&quot;meniuon&quot;\" onmouseout=\"className=&quot;meniuoff&quot;\"><td width=\"40px\">9.<\/td><td><a href=\"https:\/\/www.myrace.lt\/diplomas\/diplomas.php?id=13694\" target=\"_blank\">\n\t\t\t\t\t\t\t<img decoding=\"async\" src=\"\/diplomas\/diplomai\/ico-m25.jpg\"><\/a><\/td><td width=\"40px\">372<\/td><td style=\"text-align: right; padding-right: 10px;\" width=\"70px\">Aleksej<\/td><td style=\"text-align: left; padding-left: 10px;\" width=\"70px\">Popov<\/td><td width=\"40px\">V<\/td><td width=\"50px\">57<\/td><td width=\"50px\">LTU<\/td><td width=\"100px\">Vilnius<\/td><td width=\"150px\"><\/td><td width=\"100px\">12.7<\/td><td width=\"60px\">1:11:55<\/td><td width=\"50px\">0:05:40<\/td><\/tr><tr class=\"meniuoff\" onmouseover=\"className=&quot;meniuon&quot;\" onmouseout=\"className=&quot;meniuoff&quot;\"><td width=\"40px\">10.<\/td><td><a href=\"https:\/\/www.myrace.lt\/diplomas\/diplomas.php?id=13695\" target=\"_blank\">\n\t\t\t\t\t\t\t<img decoding=\"async\" src=\"\/diplomas\/diplomai\/ico-m25.jpg\"><\/a><\/td><td width=\"40px\">366<\/td><td style=\"text-align: right; padding-right: 10px;\" width=\"70px\">Deividas<\/td><td style=\"text-align: left; padding-left: 10px;\" width=\"70px\">Podobajevas<\/td><td width=\"40px\">V<\/td><td width=\"50px\">41<\/td><td width=\"50px\">LTU<\/td><td width=\"100px\"><\/td><td width=\"150px\"><\/td><td width=\"100px\">12.7<\/td><td width=\"60px\">1:44:30<\/td><td width=\"50px\">0:08:14<\/td><\/tr><tr class=\"meniuoff\" onmouseover=\"className=&quot;meniuon&quot;\" onmouseout=\"className=&quot;meniuoff&quot;\"><td width=\"40px\">11.<\/td><td><a href=\"https:\/\/www.myrace.lt\/diplomas\/diplomas.php?id=13696\" target=\"_blank\">\n\t\t\t\t\t\t\t<img decoding=\"async\" src=\"\/diplomas\/diplomai\/ico-m25.jpg\"><\/a><\/td><td width=\"40px\">368<\/td><td style=\"text-align: right; padding-right: 10px;\" width=\"70px\">Aleksandr<\/td><td style=\"text-align: left; padding-left: 10px;\" width=\"70px\">Somkin<\/td><td width=\"40px\">V<\/td><td width=\"50px\">36<\/td><td width=\"50px\">LTU<\/td><td width=\"100px\">Vilnius<\/td><td width=\"150px\">Maratomanija<\/td><td width=\"100px\">8.4<\/td><td width=\"60px\">0:50:25<\/td><td width=\"50px\">0:06:00<\/td><\/tr><tr class=\"meniuoff\" onmouseover=\"className=&quot;meniuon&quot;\" onmouseout=\"className=&quot;meniuoff&quot;\"><td width=\"40px\">12.<\/td><td><a href=\"https:\/\/www.myrace.lt\/diplomas\/diplomas.php?id=13697\" target=\"_blank\">\n\t\t\t\t\t\t\t<img decoding=\"async\" src=\"\/diplomas\/diplomai\/ico-m25.jpg\"><\/a><\/td><td width=\"40px\">362<\/td><td style=\"text-align: right; padding-right: 10px;\" width=\"70px\">Aurelijus<\/td><td style=\"text-align: left; padding-left: 10px;\" width=\"70px\">Gutauskas<\/td><td width=\"40px\">V<\/td><td width=\"50px\">53<\/td><td width=\"50px\">LTU<\/td><td width=\"100px\">Vilnius<\/td><td width=\"150px\">Savaranki\u0161kai<\/td><td width=\"100px\">8.4<\/td><td width=\"60px\">0:52:05<\/td><td width=\"50px\">0:06:12<\/td><\/tr><tr class=\"meniuoff\" onmouseover=\"className=&quot;meniuon&quot;\" onmouseout=\"className=&quot;meniuoff&quot;\"><td width=\"40px\">13.<\/td><td><a href=\"https:\/\/www.myrace.lt\/diplomas\/diplomas.php?id=13698\" target=\"_blank\">\n\t\t\t\t\t\t\t<img decoding=\"async\" src=\"\/diplomas\/diplomai\/ico-m25.jpg\"><\/a><\/td><td width=\"40px\">356<\/td><td style=\"text-align: right; padding-right: 10px;\" width=\"70px\">Algis<\/td><td style=\"text-align: left; padding-left: 10px;\" width=\"70px\">Bielskus<\/td><td width=\"40px\">V<\/td><td width=\"50px\">69<\/td><td width=\"50px\">LTU<\/td><td width=\"100px\">Kauno R.<\/td><td width=\"150px\"><\/td><td width=\"100px\">8.4<\/td><td width=\"60px\">0:53:47<\/td><td width=\"50px\">0:06:24<\/td><\/tr><tr class=\"meniuoff\" onmouseover=\"className=&quot;meniuon&quot;\" onmouseout=\"className=&quot;meniuoff&quot;\"><td width=\"40px\">14.<\/td><td><a href=\"https:\/\/www.myrace.lt\/diplomas\/diplomas.php?id=13699\" target=\"_blank\">\n\t\t\t\t\t\t\t<img decoding=\"async\" src=\"\/diplomas\/diplomai\/ico-m25.jpg\"><\/a><\/td><td width=\"40px\">358<\/td><td style=\"text-align: right; padding-right: 10px;\" width=\"70px\">Laima<\/td><td style=\"text-align: left; padding-left: 10px;\" width=\"70px\">\u010ces\u016bniene<\/td><td width=\"40px\">M<\/td><td width=\"50px\">66<\/td><td width=\"50px\">LTU<\/td><td width=\"100px\"><\/td><td width=\"150px\"><\/td><td width=\"100px\">8.4<\/td><td width=\"60px\">1:14:47<\/td><td width=\"50px\">0:08:54<\/td><\/tr><tr class=\"meniuoff\" onmouseover=\"className=&quot;meniuon&quot;\" onmouseout=\"className=&quot;meniuoff&quot;\"><td width=\"40px\">15.<\/td><td><a href=\"https:\/\/www.myrace.lt\/diplomas\/diplomas.php?id=13700\" target=\"_blank\">\n\t\t\t\t\t\t\t<img decoding=\"async\" src=\"\/diplomas\/diplomai\/ico-m25.jpg\"><\/a><\/td><td width=\"40px\">364<\/td><td style=\"text-align: right; padding-right: 10px;\" width=\"70px\">Rugile<\/td><td style=\"text-align: left; padding-left: 10px;\" width=\"70px\">Janulyte<\/td><td width=\"40px\">M<\/td><td width=\"50px\">11<\/td><td width=\"50px\">LTU<\/td><td width=\"100px\">Jurbarkas<\/td><td width=\"150px\">Maratomanija<\/td><td width=\"100px\">4.2<\/td><td width=\"60px\">0:40:44<\/td><td width=\"50px\">0:09:42<\/td><\/tr><tr class=\"meniuoff\" onmouseover=\"className=&quot;meniuon&quot;\" onmouseout=\"className=&quot;meniuoff&quot;\"><td width=\"40px\">16.<\/td><td><a href=\"https:\/\/www.myrace.lt\/diplomas\/diplomas.php?id=13701\" target=\"_blank\">\n\t\t\t\t\t\t\t<img decoding=\"async\" src=\"\/diplomas\/diplomai\/ico-m25.jpg\"><\/a><\/td><td width=\"40px\">361<\/td><td style=\"text-align: right; padding-right: 10px;\" width=\"70px\">Olga<\/td><td style=\"text-align: left; padding-left: 10px;\" width=\"70px\">Gri\u0161kalauskait\u0117<\/td><td width=\"40px\">M<\/td><td width=\"50px\">41<\/td><td width=\"50px\">LTU<\/td><td width=\"100px\">Vilnius<\/td><td width=\"150px\"><\/td><td width=\"100px\">4.2<\/td><td width=\"60px\">0:53:47<\/td><td width=\"50px\">0:12:48<\/td><\/tr><tr class=\"meniuoff\" onmouseover=\"className=&quot;meniuon&quot;\" onmouseout=\"className=&quot;meniuoff&quot;\"><td width=\"40px\">17.<\/td><td><a href=\"https:\/\/www.myrace.lt\/diplomas\/diplomas.php?id=13702\" target=\"_blank\">\n\t\t\t\t\t\t\t<img decoding=\"async\" src=\"\/diplomas\/diplomai\/ico-m25.jpg\"><\/a><\/td><td width=\"40px\">365<\/td><td style=\"text-align: right; padding-right: 10px;\" width=\"70px\">Jurgita<\/td><td style=\"text-align: left; padding-left: 10px;\" width=\"70px\">Paulavi\u010di\u016bt\u0117<\/td><td width=\"40px\">V<\/td><td width=\"50px\">41<\/td><td width=\"50px\">LTU<\/td><td width=\"100px\">Vilnius<\/td><td width=\"150px\"><\/td><td width=\"100px\">4.2<\/td><td width=\"60px\">1:17:06<\/td><td width=\"50px\">0:18:21<\/td><\/tr><\/table><\/div>\n<p>&nbsp;<\/p>\n","protected":false},"excerpt":{"rendered":"<p>&nbsp;<\/p>\n","protected":false},"author":1,"featured_media":0,"parent":359,"menu_order":0,"comment_status":"closed","ping_status":"closed","template":"templates\/full-width-page.php","meta":{"footnotes":""},"class_list":["post-1122","page","type-page","status-publish","hentry"],"_links":{"self":[{"href":"https:\/\/www.myrace.lt\/maratonadienis\/wp-json\/wp\/v2\/pages\/1122","targetHints":{"allow":["GET"]}}],"collection":[{"href":"https:\/\/www.myrace.lt\/maratonadienis\/wp-json\/wp\/v2\/pages"}],"about":[{"href":"https:\/\/www.myrace.lt\/maratonadienis\/wp-json\/wp\/v2\/types\/page"}],"author":[{"embeddable":true,"href":"https:\/\/www.myrace.lt\/maratonadienis\/wp-json\/wp\/v2\/users\/1"}],"replies":[{"embeddable":true,"href":"https:\/\/www.myrace.lt\/maratonadienis\/wp-json\/wp\/v2\/comments?post=1122"}],"version-history":[{"count":2,"href":"https:\/\/www.myrace.lt\/maratonadienis\/wp-json\/wp\/v2\/pages\/1122\/revisions"}],"predecessor-version":[{"id":1139,"href":"https:\/\/www.myrace.lt\/maratonadienis\/wp-json\/wp\/v2\/pages\/1122\/revisions\/1139"}],"up":[{"embeddable":true,"href":"https:\/\/www.myrace.lt\/maratonadienis\/wp-json\/wp\/v2\/pages\/359"}],"wp:attachment":[{"href":"https:\/\/www.myrace.lt\/maratonadienis\/wp-json\/wp\/v2\/media?parent=1122"}],"curies":[{"name":"wp","href":"https:\/\/api.w.org\/{rel}","templated":true}]}}