{"id":1095,"date":"2025-04-20T21:31:23","date_gmt":"2025-04-20T18:31:23","guid":{"rendered":"https:\/\/www.myrace.lt\/maratonadienis\/?page_id=1095"},"modified":"2025-04-20T21:55:04","modified_gmt":"2025-04-20T18:55:04","slug":"rezultatai-maratonadienis-24","status":"publish","type":"page","link":"https:\/\/www.myrace.lt\/maratonadienis\/rezultatai\/rezultatai-maratonadienis-24\/","title":{"rendered":"Rezultatai (Maratonadienis #24 | 2025.04.19)"},"content":{"rendered":"<style type=\"text\/css\">\ntd {\n\tborder: 1px solid #ddd;\n\tpadding: 2px;\n\tvertical-align: middle;\n  }\n}\n<\/style>\n\n\n\t<link rel=\"stylesheet\" type=\"text\/css\" href=\"\/registravimas\/tools\/color_myrace.css\" \/>\n\t<link rel=\"stylesheet\" type=\"text\/css\" href=\"\/registravimas\/tools\/rezultatai.css\" \/><div><form name=\"f_distancija\">Pasirinkite distancij\u0105: <select style=\"width: 320px\" id=\"filtrai\" onchange=\"distancija()\"><option value=\"0\" selected=\"selected\">Visos distancijos<\/option><option value=\"1\">Maratonas<\/option><option value=\"2\"> 25.3 km<\/option><option value=\"3\"> 16.9 km<\/option><option value=\"4\"> 12.7 km<\/option><option value=\"5\"> 8.4 km<\/option><option value=\"6\"> 4.2 km<\/option><\/select>\n\t<\/form>\n\t<script type=\"text\/javascript\">function distancija() {filtras=document.f_distancija.filtrai.value;document.location.href = \"?distancija=\" + filtras;}\n\t<\/script><\/div><div style=\"overflow-x:auto;\"><table class=\"rezai\" width=\"1024px\" border=\"1\" cellspacing=\"0\" cellpadding=\"2\"><tr class=\"rezai\"><th width=\"40px\"><a href=\"?pagal=id\">Eil.<br\/>Nr.<\/a><\/th><th width=\"70\">Diplomas<\/th><th width=\"40px\"><a href=\"?pagal=nr\">Nr.<\/a><\/th><th width=\"70px\"><a href=\"?pagal=vardas\">Vardas<\/a><\/th><th width=\"70px\"><a href=\"?pagal=pavarde\">Pavard\u0117<\/a><\/th><th width=\"40px\"><a href=\"?pagal=lytis\">Lytis<\/a><\/th><th width=\"50px\"><a href=\"?pagal=gimimo\">Gimimo<br\/>metai<\/a><\/th><th width=\"50px\"><a href=\"?pagal=salis\">\u0160alis<\/a><\/th><th width=\"100px\"><a href=\"?pagal=miestas\">Miestas<\/a><\/th><th width=\"150px\"><a href=\"?pagal=klubas\">Klubas<\/a><\/th><th width=\"100px\"><a href=\"?pagal=distancija\">Distancija<\/a><\/th><th width=\"60px\"><a href=\"?pagal=rezultatas\">Rezultatas<\/a><\/th><th width=\"50px\"><a href=\"?pagal=greitis\">1 km greitis<\/a><\/th><\/tr><tr class=\"meniuoff\" onmouseover=\"className=&quot;meniuon&quot;\" onmouseout=\"className=&quot;meniuoff&quot;\"><td width=\"40px\">1.<\/td><td><a href=\"https:\/\/www.myrace.lt\/diplomas\/diplomas.php?id=13666\" target=\"_blank\">\n\t\t\t\t\t\t\t<img decoding=\"async\" src=\"\/diplomas\/diplomai\/ico-m24.jpg\"><\/a><\/td><td width=\"40px\"><\/td><td style=\"text-align: right; padding-right: 10px;\" width=\"70px\">Gintaras<\/td><td style=\"text-align: left; padding-left: 10px;\" width=\"70px\">Gedvilas<\/td><td width=\"40px\">V<\/td><td width=\"50px\">64<\/td><td width=\"50px\">LTU<\/td><td width=\"100px\">Vilnius<\/td><td width=\"150px\">LTU Trail Running People<\/td><td width=\"100px\">42.2<\/td><td width=\"60px\">4:13:50<\/td><td width=\"50px\">0:06:01<\/td><\/tr><tr class=\"meniuoff\" onmouseover=\"className=&quot;meniuon&quot;\" onmouseout=\"className=&quot;meniuoff&quot;\"><td width=\"40px\">2.<\/td><td><a href=\"https:\/\/www.myrace.lt\/diplomas\/diplomas.php?id=13667\" target=\"_blank\">\n\t\t\t\t\t\t\t<img decoding=\"async\" src=\"\/diplomas\/diplomai\/ico-m24.jpg\"><\/a><\/td><td width=\"40px\"><\/td><td style=\"text-align: right; padding-right: 10px;\" width=\"70px\">Valdas<\/td><td style=\"text-align: left; padding-left: 10px;\" width=\"70px\">\u0160mai\u017eys<\/td><td width=\"40px\">V<\/td><td width=\"50px\">51<\/td><td width=\"50px\">LTU<\/td><td width=\"100px\">Vilnius<\/td><td width=\"150px\">Maratomanija<\/td><td width=\"100px\">42.2<\/td><td width=\"60px\">4:36:14<\/td><td width=\"50px\">0:06:33<\/td><\/tr><tr class=\"meniuoff\" onmouseover=\"className=&quot;meniuon&quot;\" onmouseout=\"className=&quot;meniuoff&quot;\"><td width=\"40px\">3.<\/td><td><a href=\"https:\/\/www.myrace.lt\/diplomas\/diplomas.php?id=13668\" target=\"_blank\">\n\t\t\t\t\t\t\t<img decoding=\"async\" src=\"\/diplomas\/diplomai\/ico-m24.jpg\"><\/a><\/td><td width=\"40px\"><\/td><td style=\"text-align: right; padding-right: 10px;\" width=\"70px\">Lina<\/td><td style=\"text-align: left; padding-left: 10px;\" width=\"70px\">Abromaityt\u0117 - \u0160mai\u017e\u0117<\/td><td width=\"40px\">M<\/td><td width=\"50px\">46<\/td><td width=\"50px\">LTU<\/td><td width=\"100px\">Vilnius<\/td><td width=\"150px\">Maratomanija<\/td><td width=\"100px\">42.2<\/td><td width=\"60px\">5:37:02<\/td><td width=\"50px\">0:07:59<\/td><\/tr><tr class=\"meniuoff\" onmouseover=\"className=&quot;meniuon&quot;\" onmouseout=\"className=&quot;meniuoff&quot;\"><td width=\"40px\">4.<\/td><td><a href=\"https:\/\/www.myrace.lt\/diplomas\/diplomas.php?id=13669\" target=\"_blank\">\n\t\t\t\t\t\t\t<img decoding=\"async\" src=\"\/diplomas\/diplomai\/ico-m24.jpg\"><\/a><\/td><td width=\"40px\"><\/td><td style=\"text-align: right; padding-right: 10px;\" width=\"70px\">Rita<\/td><td style=\"text-align: left; padding-left: 10px;\" width=\"70px\">Demereckien\u0117<\/td><td width=\"40px\">M<\/td><td width=\"50px\">38<\/td><td width=\"50px\">LTU<\/td><td width=\"100px\">Vilnius<\/td><td width=\"150px\">Maratomanija<\/td><td width=\"100px\">25.3<\/td><td width=\"60px\">3:19:53<\/td><td width=\"50px\">0:07:54<\/td><\/tr><tr class=\"meniuoff\" onmouseover=\"className=&quot;meniuon&quot;\" onmouseout=\"className=&quot;meniuoff&quot;\"><td width=\"40px\">5.<\/td><td><a href=\"https:\/\/www.myrace.lt\/diplomas\/diplomas.php?id=13670\" target=\"_blank\">\n\t\t\t\t\t\t\t<img decoding=\"async\" src=\"\/diplomas\/diplomai\/ico-m24.jpg\"><\/a><\/td><td width=\"40px\"><\/td><td style=\"text-align: right; padding-right: 10px;\" width=\"70px\">Svaj\u016bnas<\/td><td style=\"text-align: left; padding-left: 10px;\" width=\"70px\">Saknys<\/td><td width=\"40px\">V<\/td><td width=\"50px\">38<\/td><td width=\"50px\">LTU<\/td><td width=\"100px\">Roki\u0161kis<\/td><td width=\"150px\">Roki\u0161kio b\u0117gimo klubas<\/td><td width=\"100px\">16.9<\/td><td width=\"60px\">1:33:30<\/td><td width=\"50px\">0:05:32<\/td><\/tr><tr class=\"meniuoff\" onmouseover=\"className=&quot;meniuon&quot;\" onmouseout=\"className=&quot;meniuoff&quot;\"><td width=\"40px\">6.<\/td><td><a href=\"https:\/\/www.myrace.lt\/diplomas\/diplomas.php?id=13671\" target=\"_blank\">\n\t\t\t\t\t\t\t<img decoding=\"async\" src=\"\/diplomas\/diplomai\/ico-m24.jpg\"><\/a><\/td><td width=\"40px\"><\/td><td style=\"text-align: right; padding-right: 10px;\" width=\"70px\">Valdemar<\/td><td style=\"text-align: left; padding-left: 10px;\" width=\"70px\">Toma\u0161evi\u010d<\/td><td width=\"40px\">V<\/td><td width=\"50px\">55<\/td><td width=\"50px\">LTU<\/td><td width=\"100px\">Vilnius<\/td><td width=\"150px\"><\/td><td width=\"100px\">16.9<\/td><td width=\"60px\">1:37:42<\/td><td width=\"50px\">0:05:47<\/td><\/tr><tr class=\"meniuoff\" onmouseover=\"className=&quot;meniuon&quot;\" onmouseout=\"className=&quot;meniuoff&quot;\"><td width=\"40px\">7.<\/td><td><a href=\"https:\/\/www.myrace.lt\/diplomas\/diplomas.php?id=13672\" target=\"_blank\">\n\t\t\t\t\t\t\t<img decoding=\"async\" src=\"\/diplomas\/diplomai\/ico-m24.jpg\"><\/a><\/td><td width=\"40px\"><\/td><td style=\"text-align: right; padding-right: 10px;\" width=\"70px\">Giedr\u0117<\/td><td style=\"text-align: left; padding-left: 10px;\" width=\"70px\">\u017di\u010dk\u0117<\/td><td width=\"40px\">M<\/td><td width=\"50px\">46<\/td><td width=\"50px\">LTU<\/td><td width=\"100px\">Vilnius<\/td><td width=\"150px\">Maratomanija<\/td><td width=\"100px\">16.9<\/td><td width=\"60px\">2:11:50<\/td><td width=\"50px\">0:07:48<\/td><\/tr><tr class=\"meniuoff\" onmouseover=\"className=&quot;meniuon&quot;\" onmouseout=\"className=&quot;meniuoff&quot;\"><td width=\"40px\">8.<\/td><td><a href=\"https:\/\/www.myrace.lt\/diplomas\/diplomas.php?id=13673\" target=\"_blank\">\n\t\t\t\t\t\t\t<img decoding=\"async\" src=\"\/diplomas\/diplomai\/ico-m24.jpg\"><\/a><\/td><td width=\"40px\"><\/td><td style=\"text-align: right; padding-right: 10px;\" width=\"70px\">Algis<\/td><td style=\"text-align: left; padding-left: 10px;\" width=\"70px\">Bielskus<\/td><td width=\"40px\">V<\/td><td width=\"50px\">70<\/td><td width=\"50px\">LTU<\/td><td width=\"100px\">Kauno R.<\/td><td width=\"150px\"><\/td><td width=\"100px\">12.7<\/td><td width=\"60px\">1:20:00<\/td><td width=\"50px\">0:06:18<\/td><\/tr><tr class=\"meniuoff\" onmouseover=\"className=&quot;meniuon&quot;\" onmouseout=\"className=&quot;meniuoff&quot;\"><td width=\"40px\">9.<\/td><td><a href=\"https:\/\/www.myrace.lt\/diplomas\/diplomas.php?id=13674\" target=\"_blank\">\n\t\t\t\t\t\t\t<img decoding=\"async\" src=\"\/diplomas\/diplomai\/ico-m24.jpg\"><\/a><\/td><td width=\"40px\"><\/td><td style=\"text-align: right; padding-right: 10px;\" width=\"70px\">Vytautas<\/td><td style=\"text-align: left; padding-left: 10px;\" width=\"70px\">Andruskevicius<\/td><td width=\"40px\">V<\/td><td width=\"50px\">41<\/td><td width=\"50px\">LTU<\/td><td width=\"100px\">Vilnius<\/td><td width=\"150px\"><\/td><td width=\"100px\">12.7<\/td><td width=\"60px\">1:24:55<\/td><td width=\"50px\">0:06:41<\/td><\/tr><tr class=\"meniuoff\" onmouseover=\"className=&quot;meniuon&quot;\" onmouseout=\"className=&quot;meniuoff&quot;\"><td width=\"40px\">10.<\/td><td><a href=\"https:\/\/www.myrace.lt\/diplomas\/diplomas.php?id=13675\" target=\"_blank\">\n\t\t\t\t\t\t\t<img decoding=\"async\" src=\"\/diplomas\/diplomai\/ico-m24.jpg\"><\/a><\/td><td width=\"40px\"><\/td><td style=\"text-align: right; padding-right: 10px;\" width=\"70px\">Rolandas<\/td><td style=\"text-align: left; padding-left: 10px;\" width=\"70px\">\u010ces\u016bnas<\/td><td width=\"40px\">V<\/td><td width=\"50px\">67<\/td><td width=\"50px\">LTU<\/td><td width=\"100px\">Vilnius<\/td><td width=\"150px\"><\/td><td width=\"100px\">8.4<\/td><td width=\"60px\">0:44:14<\/td><td width=\"50px\">0:05:16<\/td><\/tr><tr class=\"meniuoff\" onmouseover=\"className=&quot;meniuon&quot;\" onmouseout=\"className=&quot;meniuoff&quot;\"><td width=\"40px\">11.<\/td><td><a href=\"https:\/\/www.myrace.lt\/diplomas\/diplomas.php?id=13676\" target=\"_blank\">\n\t\t\t\t\t\t\t<img decoding=\"async\" src=\"\/diplomas\/diplomai\/ico-m24.jpg\"><\/a><\/td><td width=\"40px\"><\/td><td style=\"text-align: right; padding-right: 10px;\" width=\"70px\">Aurelijus<\/td><td style=\"text-align: left; padding-left: 10px;\" width=\"70px\">Gutauskas<\/td><td width=\"40px\">V<\/td><td width=\"50px\">53<\/td><td width=\"50px\">LTU<\/td><td width=\"100px\">Vilnius<\/td><td width=\"150px\">Savaranki\u0161kai<\/td><td width=\"100px\">8.4<\/td><td width=\"60px\">0:52:12<\/td><td width=\"50px\">0:06:13<\/td><\/tr><tr class=\"meniuoff\" onmouseover=\"className=&quot;meniuon&quot;\" onmouseout=\"className=&quot;meniuoff&quot;\"><td width=\"40px\">12.<\/td><td><a href=\"https:\/\/www.myrace.lt\/diplomas\/diplomas.php?id=13677\" target=\"_blank\">\n\t\t\t\t\t\t\t<img decoding=\"async\" src=\"\/diplomas\/diplomai\/ico-m24.jpg\"><\/a><\/td><td width=\"40px\"><\/td><td style=\"text-align: right; padding-right: 10px;\" width=\"70px\">Renata<\/td><td style=\"text-align: left; padding-left: 10px;\" width=\"70px\">\u0160lenien\u0117<\/td><td width=\"40px\">M<\/td><td width=\"50px\">46<\/td><td width=\"50px\">LTU<\/td><td width=\"100px\">Vilnius<\/td><td width=\"150px\">Maratomanija<\/td><td width=\"100px\">8.4<\/td><td width=\"60px\">0:54:45<\/td><td width=\"50px\">0:06:31<\/td><\/tr><tr class=\"meniuoff\" onmouseover=\"className=&quot;meniuon&quot;\" onmouseout=\"className=&quot;meniuoff&quot;\"><td width=\"40px\">13.<\/td><td><a href=\"https:\/\/www.myrace.lt\/diplomas\/diplomas.php?id=13678\" target=\"_blank\">\n\t\t\t\t\t\t\t<img decoding=\"async\" src=\"\/diplomas\/diplomai\/ico-m24.jpg\"><\/a><\/td><td width=\"40px\"><\/td><td style=\"text-align: right; padding-right: 10px;\" width=\"70px\">Egidijus<\/td><td style=\"text-align: left; padding-left: 10px;\" width=\"70px\">Grigalionis<\/td><td width=\"40px\">V<\/td><td width=\"50px\">55<\/td><td width=\"50px\">LTU<\/td><td width=\"100px\">Panevezys<\/td><td width=\"150px\"><\/td><td width=\"100px\">8.4<\/td><td width=\"60px\">0:57:48<\/td><td width=\"50px\">0:06:53<\/td><\/tr><tr class=\"meniuoff\" onmouseover=\"className=&quot;meniuon&quot;\" onmouseout=\"className=&quot;meniuoff&quot;\"><td width=\"40px\">14.<\/td><td><a href=\"https:\/\/www.myrace.lt\/diplomas\/diplomas.php?id=13679\" target=\"_blank\">\n\t\t\t\t\t\t\t<img decoding=\"async\" src=\"\/diplomas\/diplomai\/ico-m24.jpg\"><\/a><\/td><td width=\"40px\"><\/td><td style=\"text-align: right; padding-right: 10px;\" width=\"70px\">Nomeda<\/td><td style=\"text-align: left; padding-left: 10px;\" width=\"70px\">Grigalioniene<\/td><td width=\"40px\">M<\/td><td width=\"50px\">49<\/td><td width=\"50px\">LTU<\/td><td width=\"100px\">Panevezys<\/td><td width=\"150px\"><\/td><td width=\"100px\">8.4<\/td><td width=\"60px\">0:58:02<\/td><td width=\"50px\">0:06:55<\/td><\/tr><tr class=\"meniuoff\" onmouseover=\"className=&quot;meniuon&quot;\" onmouseout=\"className=&quot;meniuoff&quot;\"><td width=\"40px\">15.<\/td><td><a href=\"https:\/\/www.myrace.lt\/diplomas\/diplomas.php?id=13680\" target=\"_blank\">\n\t\t\t\t\t\t\t<img decoding=\"async\" src=\"\/diplomas\/diplomai\/ico-m24.jpg\"><\/a><\/td><td width=\"40px\"><\/td><td style=\"text-align: right; padding-right: 10px;\" width=\"70px\">Aleksandras<\/td><td style=\"text-align: left; padding-left: 10px;\" width=\"70px\">Konarskis<\/td><td width=\"40px\">V<\/td><td width=\"50px\">42<\/td><td width=\"50px\">LTU<\/td><td width=\"100px\">Vilnius<\/td><td width=\"150px\">Take It Easy<\/td><td width=\"100px\">8.4<\/td><td width=\"60px\">1:00:55<\/td><td width=\"50px\">0:07:15<\/td><\/tr><tr class=\"meniuoff\" onmouseover=\"className=&quot;meniuon&quot;\" onmouseout=\"className=&quot;meniuoff&quot;\"><td width=\"40px\">16.<\/td><td><a href=\"https:\/\/www.myrace.lt\/diplomas\/diplomas.php?id=13681\" target=\"_blank\">\n\t\t\t\t\t\t\t<img decoding=\"async\" src=\"\/diplomas\/diplomai\/ico-m24.jpg\"><\/a><\/td><td width=\"40px\"><\/td><td style=\"text-align: right; padding-right: 10px;\" width=\"70px\">Anita<\/td><td style=\"text-align: left; padding-left: 10px;\" width=\"70px\">Endriukaityt\u0117<\/td><td width=\"40px\">M<\/td><td width=\"50px\">41<\/td><td width=\"50px\">LTU<\/td><td width=\"100px\">Sali\u0161k\u0117s<\/td><td width=\"150px\"><\/td><td width=\"100px\">8.4<\/td><td width=\"60px\">1:00:55<\/td><td width=\"50px\">0:07:15<\/td><\/tr><tr class=\"meniuoff\" onmouseover=\"className=&quot;meniuon&quot;\" onmouseout=\"className=&quot;meniuoff&quot;\"><td width=\"40px\">17.<\/td><td><a href=\"https:\/\/www.myrace.lt\/diplomas\/diplomas.php?id=13682\" target=\"_blank\">\n\t\t\t\t\t\t\t<img decoding=\"async\" src=\"\/diplomas\/diplomai\/ico-m24.jpg\"><\/a><\/td><td width=\"40px\"><\/td><td style=\"text-align: right; padding-right: 10px;\" width=\"70px\">Deividas<\/td><td style=\"text-align: left; padding-left: 10px;\" width=\"70px\">Podobajevas<\/td><td width=\"40px\">V<\/td><td width=\"50px\">41<\/td><td width=\"50px\">LTU<\/td><td width=\"100px\">Vilnius<\/td><td width=\"150px\"><\/td><td width=\"100px\">8.4<\/td><td width=\"60px\">1:12:05<\/td><td width=\"50px\">0:08:35<\/td><\/tr><tr class=\"meniuoff\" onmouseover=\"className=&quot;meniuon&quot;\" onmouseout=\"className=&quot;meniuoff&quot;\"><td width=\"40px\">18.<\/td><td><a href=\"https:\/\/www.myrace.lt\/diplomas\/diplomas.php?id=13683\" target=\"_blank\">\n\t\t\t\t\t\t\t<img decoding=\"async\" src=\"\/diplomas\/diplomai\/ico-m24.jpg\"><\/a><\/td><td width=\"40px\"><\/td><td style=\"text-align: right; padding-right: 10px;\" width=\"70px\">Laima<\/td><td style=\"text-align: left; padding-left: 10px;\" width=\"70px\">\u010ces\u016bnien\u0117<\/td><td width=\"40px\">M<\/td><td width=\"50px\">66<\/td><td width=\"50px\">LTU<\/td><td width=\"100px\">Vilnius<\/td><td width=\"150px\"><\/td><td width=\"100px\">8.4<\/td><td width=\"60px\">1:14:02<\/td><td width=\"50px\">0:08:49<\/td><\/tr><tr class=\"meniuoff\" onmouseover=\"className=&quot;meniuon&quot;\" onmouseout=\"className=&quot;meniuoff&quot;\"><td width=\"40px\">19.<\/td><td><a href=\"https:\/\/www.myrace.lt\/diplomas\/diplomas.php?id=13684\" target=\"_blank\">\n\t\t\t\t\t\t\t<img decoding=\"async\" src=\"\/diplomas\/diplomai\/ico-m24.jpg\"><\/a><\/td><td width=\"40px\"><\/td><td style=\"text-align: right; padding-right: 10px;\" width=\"70px\">Jurgita<\/td><td style=\"text-align: left; padding-left: 10px;\" width=\"70px\">Paulavi\u010di\u016bt\u0117<\/td><td width=\"40px\">M<\/td><td width=\"50px\">42<\/td><td width=\"50px\">LTU<\/td><td width=\"100px\">Vilnius<\/td><td width=\"150px\"><\/td><td width=\"100px\">4.2<\/td><td width=\"60px\">0:45:25<\/td><td width=\"50px\">0:10:49<\/td><\/tr><tr class=\"meniuoff\" onmouseover=\"className=&quot;meniuon&quot;\" onmouseout=\"className=&quot;meniuoff&quot;\"><td width=\"40px\">20.<\/td><td><a href=\"https:\/\/www.myrace.lt\/diplomas\/diplomas.php?id=13685\" target=\"_blank\">\n\t\t\t\t\t\t\t<img decoding=\"async\" src=\"\/diplomas\/diplomai\/ico-m24.jpg\"><\/a><\/td><td width=\"40px\"><\/td><td style=\"text-align: right; padding-right: 10px;\" width=\"70px\">Olga<\/td><td style=\"text-align: left; padding-left: 10px;\" width=\"70px\">Gri\u0161kalauskait\u0117<\/td><td width=\"40px\">M<\/td><td width=\"50px\">41<\/td><td width=\"50px\">LTU<\/td><td width=\"100px\">Vilnius<\/td><td width=\"150px\"><\/td><td width=\"100px\">4.2<\/td><td width=\"60px\">0:59:21<\/td><td width=\"50px\">0:14:08<\/td><\/tr><\/table><\/div>\n","protected":false},"excerpt":{"rendered":"","protected":false},"author":1,"featured_media":0,"parent":359,"menu_order":0,"comment_status":"closed","ping_status":"closed","template":"templates\/full-width-page.php","meta":{"footnotes":""},"class_list":["post-1095","page","type-page","status-publish","hentry"],"_links":{"self":[{"href":"https:\/\/www.myrace.lt\/maratonadienis\/wp-json\/wp\/v2\/pages\/1095","targetHints":{"allow":["GET"]}}],"collection":[{"href":"https:\/\/www.myrace.lt\/maratonadienis\/wp-json\/wp\/v2\/pages"}],"about":[{"href":"https:\/\/www.myrace.lt\/maratonadienis\/wp-json\/wp\/v2\/types\/page"}],"author":[{"embeddable":true,"href":"https:\/\/www.myrace.lt\/maratonadienis\/wp-json\/wp\/v2\/users\/1"}],"replies":[{"embeddable":true,"href":"https:\/\/www.myrace.lt\/maratonadienis\/wp-json\/wp\/v2\/comments?post=1095"}],"version-history":[{"count":2,"href":"https:\/\/www.myrace.lt\/maratonadienis\/wp-json\/wp\/v2\/pages\/1095\/revisions"}],"predecessor-version":[{"id":1138,"href":"https:\/\/www.myrace.lt\/maratonadienis\/wp-json\/wp\/v2\/pages\/1095\/revisions\/1138"}],"up":[{"embeddable":true,"href":"https:\/\/www.myrace.lt\/maratonadienis\/wp-json\/wp\/v2\/pages\/359"}],"wp:attachment":[{"href":"https:\/\/www.myrace.lt\/maratonadienis\/wp-json\/wp\/v2\/media?parent=1095"}],"curies":[{"name":"wp","href":"https:\/\/api.w.org\/{rel}","templated":true}]}}