{"id":353,"date":"2020-06-12T12:40:59","date_gmt":"2020-06-12T14:40:59","guid":{"rendered":"https:\/\/www.myrace.lt\/klajoklis\/?page_id=353"},"modified":"2020-08-11T04:38:35","modified_gmt":"2020-08-11T06:38:35","slug":"nuostatai10","status":"publish","type":"page","link":"https:\/\/www.myrace.lt\/klajoklis\/nuostatai\/nuostatai10\/","title":{"rendered":"Klajoklio maratonas #10: Marso kanjonai (Nuostatai)"},"content":{"rendered":"<p style=\"text-align: center;\"><strong><span style=\"font-size: 18pt;\">KLAJOKLIO MARATONAS #10: MARSO KANJONAI<\/span><\/strong><\/p>\n<p style=\"text-align: center;\"><strong><span style=\"font-size: 18pt;\">NUOSTATAI<\/span><\/strong><\/p>\n<p>I. BENDROJI DALIS<br \/>\nMaratonas KLAJOKLIS \u2013 tai maratonas klajojantis per visas gra\u017eiausias Lietuvos vietas.<br \/>\n\u0160io projekto sumanytojai \u2013 Mindaugas Garmus ir Valdas \u0160mai\u017eys.<br \/>\nKLAJOKLIO maratonas #10 vyks vienoje \u012fsp\u016bdingiausi\u0173 Lietuvos viet\u0173, kuri dar vadinama &#8222;Marso kanjonais&#8221; &#8211; Mel\u010di\u0173 klin\u010di\u0173 karjere..<\/p>\n<p>II. TIKSLAI IR U\u017dDAVINIAI<br \/>\n1. Populiarinti maraton\u0173 b\u0117gimo kult\u016br\u0105 Lietuvoje.<br \/>\n2. Per b\u0117gim\u0105 susipa\u017einti su gra\u017eiausiomis Lietuvos vietomis.<br \/>\n3. \u012eveikti piln\u0105 maratono tras\u0105 (bet pagal pasiruo\u0161im\u0105 bus galima b\u0117gti ir trumpesn\u0119, \u0161ird\u017eiai maloni\u0105 distancij\u0105).<br \/>\n4. Pl\u0117sti ilg\u0173 distancij\u0173 b\u0117gik\u0173 bendruomen\u0119.<\/p>\n<p>III. RENGINIO ORGANIZATORI\u0172 ATSAKOMYB\u0116 IR PAREIGOS<br \/>\n1. Registruoti renginio dalyvius, pagaminti ir i\u0161duoti numerius.<br \/>\n2. I\u0161matuoti tras\u0105 bei techni\u0161kai paruo\u0161ti j\u0105 var\u017eyboms.<br \/>\n3. U\u017efiksuoti dalyvi\u0173 b\u0117gimo rezultatus ir juos u\u017eprotokoluoti.<\/p>\n<p>IV. VAR\u017dYB\u0172 VIETA, LAIKAS IR NUOTOLIAI<br \/>\nStartas \u2013 2020 m. liepos 5d. 10.00val.,.<br \/>\nVar\u017eyb\u0173 vietos koordinat\u0117s : <a href=\"https:\/\/www.google.com\/maps\/place\/Men%C4%8Di%C5%B3+klin%C4%8Di%C5%B3+karjeras\/@56.274764,22.915466,1281m\/data=!3m1!1e3!4m5!3m4!1s0x0:0xc21de18a061731d8!8m2!3d56.2762263!4d22.921709?fbclid=IwAR0JY7MBmQcveWir8kmbVEIp-UoL8-6xTy2VUKpsYuA15nw4xaNHAziI4IY\" target=\"_blank\" rel=\"nofollow noopener noreferrer\" data-lynx-mode=\"hover\" data-lynx-uri=\"https:\/\/l.facebook.com\/l.php?u=https%3A%2F%2Fwww.google.com%2Fmaps%2Fplace%2FMen%25C4%258Di%25C5%25B3%2Bklin%25C4%258Di%25C5%25B3%2Bkarjeras%2F%4056.274764%2C22.915466%2C1281m%2Fdata%3D!3m1!1e3!4m5!3m4!1s0x0%3A0xc21de18a061731d8!8m2!3d56.2762263!4d22.921709%3Ffbclid%3DIwAR0JY7MBmQcveWir8kmbVEIp-UoL8-6xTy2VUKpsYuA15nw4xaNHAziI4IY&amp;h=AT3iuG_nJiurUn0Y1tA7Rw7e8gpJ3XMR94g7a_SduYdiaGqr7udpo2EhC08XiXZg8vS25-TaPC9cCHKGShCg2QNszXDVHXjTjBXaOUUbH6luz7i29SqtMXeqnx-50gX3mA6s\">https:\/\/www.google.com\/maps\/place\/Men%C4%8Di%C5%B3+klin%C4%8Di%C5%B3+karjeras\/@56.274764,22.915466,1281m\/data=!3m1!1e3!4m5!3m4!1s0x0:0xc21de18a061731d8!8m2!3d56.2762263!4d22.921709<\/a><br \/>\nStarto vieta bus patikslinta artimiausiu metu.<br \/>\nDistancijos nuo vieno rato (ratas bus 5-7km, iki pilno maratono).<br \/>\nRat\u0173 skai\u010dius b\u0117gamas pagal i\u0161gales ir savijaut\u0105.<\/p>\n<p>V. TRASA IR LAIKO LIMITAS<br \/>\nTrasa bus pa\u017eym\u0117ta spec. \u017eenklinimu.<br \/>\nTrasos danga \u2013 \u017evyrkelis, lauko keliukai, supluktas molis.<br \/>\nTrasa bus patikslinta artimiausiu laiku<\/p>\n<p>Laiko limitas &#8211; 6val.<\/p>\n<p>VI. DALYVIAI<br \/>\n1.Var\u017eybose gali dalyvauti visi norintys, u\u017esiregistrav\u0119, pasitikrin\u0119 sveikat\u0105 ir susipa\u017ein\u0119 su b\u0117gimo nuostatais. Visi dalyviai b\u0117gime dalyvauja laisva valia ir niekieno never\u010diami ir prisiima vis\u0105 su dalyvavimu b\u0117gime susijusi\u0105 (tame tarpe su \u012fvairiais sveikatos sutrikimais ir pan.) rizik\u0105 bei \u012fsipareigoja d\u0117l to nereik\u0161ti renginio organizatoriams joki\u0173 pretenzij\u0173.<br \/>\n2. U\u017e jaunesnius nei 18 met\u0173 dalyvius vis\u0105 atsakomyb\u0119 prisiima j\u0173 t\u0117vai, treneriai arba glob\u0117jai.<\/p>\n<p>VII. SPECIALIOS S\u0104LYGOS IR APRIBOJIMAI<br \/>\n1. Registruotis \u012f b\u0117gim\u0105 galima tik savo vardu. Savo numer\u012f perduoti kitam dalyviui draud\u017eiama. Tokiu atveju dalyviai bus diskvalifikuojami, o rezultatai \u012f var\u017eyb\u0173 protokol\u0105 ne\u012ftraukiami.<br \/>\n2. Kiekvienas dalyvis var\u017eybose privalo tur\u0117ti ant mar\u0161kin\u0117li\u0173 tvarkingai pritvirtint\u0105 numer\u012f. Numeris turi b\u016bti ant mar\u0161kin\u0117li\u0173 priekio (kr\u016btin\u0117s), ai\u0161kiai matomoje vietoje .<br \/>\n3. Var\u017eyb\u0173 dalyviams nors kiek nukrypti nuo b\u0117gimo trasos yra draud\u017eiama. Dalyviai, pa\u017eeid\u0119 \u0161i\u0105 taisykl\u0119, bus diskvalifikuojami.<br \/>\n4. Renginio organizatoriai neatsako u\u017e dalyvi\u0173 sveikat\u0105 ar sveikatos sutrikimus, patirtus b\u0117gimo metu. Dalyviai privalo pasitikrinti sveikat\u0105.<br \/>\n5. Kiekvienas dalyvis u\u017esiregistruodamas savaime sutinka, kad renginio organizatoriai visas renginio metu padarytas nuotraukas bei filmuot\u0105 med\u017eiag\u0105 gali laisvai, be atskiro sutikimo, naudoti rinkodaros tikslais.<\/p>\n<p>VIII. SPECIAL\u016aS PUNKTAI TRASOJE<br \/>\nTrasoje bus \u012frengta vandens ir maitinimo stotel\u0117, kurioje var\u017eyb\u0173 metu dalyviai gal\u0117s atsigaivinti vandeniu, Cola, gaiviaisiais g\u0117rimais, ir pasistiprinti vaisiais, sausainiais, u\u017ekand\u017eiais.<br \/>\nTrasos viduryje bus \u012frengta dar vienas vandens ta\u0161kas.<\/p>\n<p>IX. APDOVANOJIMAI<br \/>\nVisiems dalyviams bus \u012fteiktas atminimo medalis.<\/p>\n<p>X. DALYVI\u0172 STARTINIS MOKESTIS<br \/>\nStartinis mokestis:<br \/>\n12 Eur iki 07.02 &#8211; visos distancijos.<br \/>\n15 Eur 07.03-07.05 &#8211; visos distancijos.<br \/>\nDalyvio startinis mokestis pervedamas \u012f V\u0161\u012e \u201eMaratomanija\u201c atsiskaitom\u0105j\u0105 s\u0105skait\u0105 SWED banke \u2013 <strong><span style=\"color: #800000;\">LT39 7300 0101 5760 4275,<\/span> <\/strong>i\u0161kart atlikus registracij\u0105 \u012f b\u0117gim\u0105. Taip pat galima mok\u0117ti REVOLUT \u2013 tel.nr. <span style=\"color: #003300;\"><strong>+37061532233<\/strong><\/span> arba PAYSERA <strong><span style=\"color: #003366;\">LT12 3500 0100 0480 5876<\/span><\/strong>. Mok\u0117jimo paskirtyje nurodomas renginio pavadinimas ir u\u017e kur\u012f b\u0117gik\u0105 atliekamas pervedimas (jei mokama u\u017e kit\u0105 b\u0117gik\u0105). Neregistruotiems dalyviams mokestis starto vietoje 20\u20ac. Dalyvio startinis mokestis negr\u0105\u017einamas.<br \/>\nNorint perleisti registracij\u0105 kitam dalyviui mokamas 5 Eur keitimo mokestis.<\/p>\n<p>XI. DALYVI\u0172 REGISTRAVIMAS IR NUMERI\u0172 I\u0160DAVIMAS<br \/>\nDalyvi\u0173 registracija: <a href=\"https:\/\/maratomanija.lt\/Renginiai\/?fbclid=IwAR3HZO9L5lmkHsGtFP37pT6o3XYpP0QpoarDgM-CJhOGsHFF8vsAzV7DM4A\" target=\"_blank\" rel=\"nofollow noopener noreferrer\" data-lynx-mode=\"hover\" data-lynx-uri=\"https:\/\/l.facebook.com\/l.php?u=https%3A%2F%2Fmaratomanija.lt%2FRenginiai%2F%3Ffbclid%3DIwAR3HZO9L5lmkHsGtFP37pT6o3XYpP0QpoarDgM-CJhOGsHFF8vsAzV7DM4A&amp;h=AT0E3XG6a5wSXF5rZVc12S9R50XonMYyZOaSdn2XBEtzBYty3ZjKJHlfavYU2oLWJBl4-g6qR5GWeXfy6S99oBEWHbF-ykV6ltuM3fNogqGwoblN0YMYT8ck4omfktFgxwbR\">https:\/\/maratomanija.lt\/Renginiai\/<\/a>.<br \/>\nNumeriai bus i\u0161duodami renginio dien\u0105 nuo 9.00val.<\/p>\n<p>XII. BAIGIAMOSIOS NUOSTATOS<br \/>\nB\u0117gim\u0105 organizuoja V\u0161\u012e \u201eMaratomanija\u201c ir Valdas \u0160mai\u017eys.<br \/>\nB\u0117gimo organizatoriai pasilieka teis\u0119, reikalui esant, keisti var\u017eyb\u0173 taisykles.<br \/>\nKilus klausimams galite skambinti tel.: +370 615 32233 (Valdas). Taip pat galite ra\u0161yti elektroniniu pa\u0161tu valdas.smaizys@gmail.com<\/p>\n","protected":false},"excerpt":{"rendered":"<p>KLAJOKLIO MARATONAS #10: MARSO KANJONAI NUOSTATAI I. BENDROJI DALIS Maratonas KLAJOKLIS \u2013 tai maratonas klajojantis per visas gra\u017eiausias Lietuvos vietas. \u0160io projekto sumanytojai \u2013 Mindaugas Garmus ir Valdas \u0160mai\u017eys. KLAJOKLIO maratonas #10 vyks vienoje \u012fsp\u016bdingiausi\u0173 Lietuvos viet\u0173, kuri dar vadinama &#8222;Marso kanjonais&#8221; &#8211; Mel\u010di\u0173 klin\u010di\u0173 karjere.. II. TIKSLAI IR U\u017dDAVINIAI 1. Populiarinti maraton\u0173 b\u0117gimo kult\u016br\u0105 [&hellip;]<\/p>\n","protected":false},"author":2,"featured_media":0,"parent":16,"menu_order":0,"comment_status":"closed","ping_status":"closed","template":"templates\/full-width-page.php","meta":{"footnotes":""},"class_list":["post-353","page","type-page","status-publish","hentry"],"_links":{"self":[{"href":"https:\/\/www.myrace.lt\/klajoklis\/wp-json\/wp\/v2\/pages\/353","targetHints":{"allow":["GET"]}}],"collection":[{"href":"https:\/\/www.myrace.lt\/klajoklis\/wp-json\/wp\/v2\/pages"}],"about":[{"href":"https:\/\/www.myrace.lt\/klajoklis\/wp-json\/wp\/v2\/types\/page"}],"author":[{"embeddable":true,"href":"https:\/\/www.myrace.lt\/klajoklis\/wp-json\/wp\/v2\/users\/2"}],"replies":[{"embeddable":true,"href":"https:\/\/www.myrace.lt\/klajoklis\/wp-json\/wp\/v2\/comments?post=353"}],"version-history":[{"count":8,"href":"https:\/\/www.myrace.lt\/klajoklis\/wp-json\/wp\/v2\/pages\/353\/revisions"}],"predecessor-version":[{"id":484,"href":"https:\/\/www.myrace.lt\/klajoklis\/wp-json\/wp\/v2\/pages\/353\/revisions\/484"}],"up":[{"embeddable":true,"href":"https:\/\/www.myrace.lt\/klajoklis\/wp-json\/wp\/v2\/pages\/16"}],"wp:attachment":[{"href":"https:\/\/www.myrace.lt\/klajoklis\/wp-json\/wp\/v2\/media?parent=353"}],"curies":[{"name":"wp","href":"https:\/\/api.w.org\/{rel}","templated":true}]}}