{"id":1786,"date":"2025-12-16T23:33:15","date_gmt":"2025-12-16T21:33:15","guid":{"rendered":"https:\/\/www.myrace.lt\/klajoklis\/?page_id=1786"},"modified":"2026-02-10T10:46:29","modified_gmt":"2026-02-10T08:46:29","slug":"klajoklio-maratonas-25-kujagalviai-nuostatai","status":"publish","type":"page","link":"https:\/\/www.myrace.lt\/klajoklis\/klajoklio-maratonas-25-kujagalviai-nuostatai\/","title":{"rendered":"Klajoklio maratonas #25: K\u016bjagalviai (NUOSTATAI)"},"content":{"rendered":"<div class=\"cxmmr5t8 oygrvhab hcukyx3x c1et5uql o9v6fnle\" style=\"text-align: center;\"><span style=\"color: #000000;\"><strong><span style=\"font-size: 24pt;\">NUOSTATAI<\/span><\/strong><\/span><\/div>\n<div class=\"cxmmr5t8 oygrvhab hcukyx3x c1et5uql o9v6fnle\" style=\"text-align: center;\"><span style=\"color: #000000; font-size: 14pt;\">2026 met\u0173 sezon\u0105 Maratonas Klajoklis pradeda aplankydamas ne gra\u017eiausi\u0105 Lietuvos kampel\u012f, bet \u0161il\u010diausius &#8222;B\u0117gimo namus&#8221; &#8211; Vido Totilo ir Rasos Bakien\u0117s sodyb\u0105 K\u016bjagalviuose. Tai vieta, kurioje smagu ne tik b\u0117gti, bet ir \u0161v\u0119sti draug\u0173 \u0161ventes ir net Naujus Metus!<\/span><\/div>\n<p>.<\/p>\n<div class=\"cxmmr5t8 oygrvhab hcukyx3x c1et5uql o9v6fnle\"><\/div>\n<div><\/div>\n<div class=\"cxmmr5t8 oygrvhab hcukyx3x c1et5uql o9v6fnle\"><span style=\"color: #000000;\"><strong>I. BENDROJI DALIS<\/strong><\/span><br \/>\n<span style=\"color: #000000;\">Maratonas KLAJOKLIS \u2013 tai maratonas klajojantis per visas gra\u017eiausias Lietuvos vietas.<\/span><br \/>\n<span style=\"color: #000000;\">KLAJOKLIO maratonas #25 ir #26 \u012fvyks jau daugelio b\u0117gim\u0173 aplankytuose K\u016bjagalviuose.<\/span><\/div>\n<div>.<\/div>\n<div class=\"cxmmr5t8 oygrvhab hcukyx3x c1et5uql o9v6fnle\"><span style=\"color: #000000;\"><strong>II. TIKSLAI IR U\u017dDAVINIAI<\/strong><\/span><br \/>\n<span style=\"color: #000000;\">1. Populiarinti maraton\u0173 b\u0117gimo kult\u016br\u0105 Lietuvoje.<\/span><br \/>\n<span style=\"color: #000000;\">2. Per b\u0117gim\u0105 susipa\u017einti su gra\u017eiausiomis Lietuvos vietomis.<\/span><br \/>\n<span style=\"color: #000000;\">3. \u012eveikti piln\u0105 maratono tras\u0105 (bet pagal pasiruo\u0161im\u0105 bus galima b\u0117gti ir pus\u0119 maratono).<\/span><br \/>\n<span style=\"color: #000000;\">4. Pl\u0117sti ilg\u0173 distancij\u0173 b\u0117gik\u0173 bendruomen\u0119.<\/span><\/div>\n<div>.<\/div>\n<div class=\"cxmmr5t8 oygrvhab hcukyx3x c1et5uql o9v6fnle\"><span style=\"color: #000000;\"><strong>III. RENGINIO ORGANIZATORI\u0172 ATSAKOMYB\u0116 IR PAREIGOS<\/strong><\/span><br \/>\n<span style=\"color: #000000;\">1. Registruoti renginio dalyvius, pagaminti ir i\u0161duoti numerius.<\/span><br \/>\n<span style=\"color: #000000;\">2. I\u0161matuoti tras\u0105 bei techni\u0161kai paruo\u0161ti j\u0105 var\u017eyboms.<\/span><br \/>\n<span style=\"color: #000000;\">3. U\u017efiksuoti dalyvi\u0173 b\u0117gimo rezultatus ir juos u\u017eprotokoluoti.<\/span><\/div>\n<div>.<\/div>\n<div class=\"cxmmr5t8 oygrvhab hcukyx3x c1et5uql o9v6fnle\"><span style=\"color: #000000;\"><strong>IV. VAR\u017dYB\u0172 VIETA, LAIKAS IR NUOTOLIAI<\/strong><\/span><br \/>\n<span style=\"color: #000000;\">Vieta &#8211; K\u016bjagalviai, Kauno raj.<\/span><br \/>\n<span style=\"color: #000000;\">(adresas google maps:<\/span>\u00a0<a class=\"oajrlxb2 g5ia77u1 qu0x051f esr5mh6w e9989ue4 r7d6kgcz rq0escxv nhd2j8a9 nc684nl6 p7hjln8o kvgmc6g5 cxmmr5t8 oygrvhab hcukyx3x jb3vyjys rz4wbd8a qt6c0cv9 a8nywdso i1ao9s8h esuyzwwr f1sip0of lzcic4wl gpro0wi8 py34i1dx\" tabindex=\"0\" role=\"link\" href=\"https:\/\/l.facebook.com\/l.php?u=https%3A%2F%2Fgoo.gl%2Fmaps%2FJiX17ty7qQ8uy9mH6%3Ffbclid%3DIwAR0uNSAVWwUwGJw6KyZ2eCfDZ8Jb2BQxtTqJL26izxX-H7DpRCfaXL9DhA0&amp;h=AT0OooikmSEus3XcEM1LP4xCK-H1pcprLthT5NvSpRwOT-__EVZh0nVTYxFDCo6G5OK-i32O8i3g5ysUtKt3iCLnWMT7CKEeKsYGvx0LI17HdUsUjoVHu8h4YqXYgBCrvTMp&amp;__tn__=q&amp;c[0]=AT3UOvn9E-Bu9oblJSexD0AUf3Vjr-YMukgmqx9Nu6aQbVA8WGs6VswpEbydjiy48JIT5ctMWvsaVLLJ8-gjOnrA1LK66BM2K6cnslFz9ybNWWfG2HVwbWObMJazGWlrAxGN6n9BxupOQG8JYniOSXiysKGpJWLUOLygn6I9ETSqGMDHng\" target=\"_blank\" rel=\"nofollow noopener\">https:\/\/goo.gl\/maps\/JiX17ty7qQ8uy9mH6<\/a>)<\/div>\n<div><span style=\"color: #999999;\">&#8211;<\/span><\/div>\n<div class=\"cxmmr5t8 oygrvhab hcukyx3x c1et5uql o9v6fnle\"><span style=\"color: #000000;\"><em><strong>Startas:<\/strong><\/em><\/span><br \/>\n<span style=\"color: #000000;\">Klajoklio maratonas #25 &#8211; 2026-02-21 11.00val.<\/span><br \/>\n<span style=\"color: #000000;\">Klajoklio maratonas #26 &#8211; 2026-02-22 10.00val.<\/span><\/div>\n<div class=\"cxmmr5t8 oygrvhab hcukyx3x c1et5uql o9v6fnle\"><span style=\"color: #999999;\">&#8211;<\/span><br \/>\n<span style=\"color: #000000;\"><strong>Distancijos:<\/strong><\/span><br \/>\n<span style=\"color: #000000;\">Klajoklis\u00a0 &#8211;\u00a0 pirmas ratas 7,6 km ir penki ratai po 6,92 km. B\u0117gama kiek norima rat\u0173. Skai\u010diuojamas ir fiksuojamas vis\u0173 \u012fveikt\u0173 rat\u0173 ilgis ir laikas.<\/span><\/div>\n<div>.<\/div>\n<div class=\"cxmmr5t8 oygrvhab hcukyx3x c1et5uql o9v6fnle\"><span style=\"color: #000000;\"><strong>V. TRASA IR LAIKO LIMITAS<\/strong><\/span><br \/>\n<span style=\"color: #000000;\">Trasa bus pa\u017eym\u0117ta spec. \u017eenklinimu.<\/span><br \/>\n<span style=\"color: #000000;\">Trasos danga \u2013 \u017evyrkelis.<\/span><br \/>\n<span style=\"color: #000000;\">Laiko limitas &#8211; 7 val. maratonui.<\/span><br \/>\n<span style=\"color: #000000;\">Kitoms distancijoms laiko limito netaikome (iki kol gr\u012f\u0161 paskutinis maratono distancijos dalyvis).<\/span><\/div>\n<div>.<\/div>\n<div class=\"cxmmr5t8 oygrvhab hcukyx3x c1et5uql o9v6fnle\"><span style=\"color: #000000;\"><strong>VI. DALYVIAI<\/strong><\/span><br \/>\n<span style=\"color: #000000;\">1.Var\u017eybose gali dalyvauti tik u\u017esiregistrav\u0119, pasitikrin\u0119 sveikat\u0105 ir susipa\u017ein\u0119 su b\u0117gimo nuostatais. Visi dalyviai b\u0117gime dalyvauja laisva valia ir niekieno never\u010diami ir prisiima vis\u0105 su dalyvavimu b\u0117gime susijusi\u0105 (tame tarpe su \u012fvairiais sveikatos sutrikimais ir pan.) rizik\u0105 bei \u012fsipareigoja d\u0117l to nereik\u0161ti renginio organizatoriams joki\u0173 pretenzij\u0173.<\/span><br \/>\n<span style=\"color: #000000;\">2. U\u017e jaunesnius nei 18 met\u0173 dalyvius vis\u0105 atsakomyb\u0119 prisiima j\u0173 t\u0117vai, treneriai arba glob\u0117jai.<\/span><\/div>\n<div>.<\/div>\n<div class=\"cxmmr5t8 oygrvhab hcukyx3x c1et5uql o9v6fnle\"><span style=\"color: #000000;\"><strong>VII. SPECIALIOS S\u0104LYGOS IR APRIBOJIMAI<\/strong><\/span><br \/>\n<span style=\"color: #000000;\">1. Registruotis \u012f b\u0117gim\u0105 galima tik savo vardu. Savo numer\u012f perduoti kitam dalyviui draud\u017eiama. Tokiu atveju dalyviai bus diskvalifikuojami, o rezultatai \u012f var\u017eyb\u0173 protokol\u0105 ne\u012ftraukiami.<\/span><br \/>\n<span style=\"color: #000000;\">2. Kiekvienas dalyvis var\u017eybose privalo tur\u0117ti ant mar\u0161kin\u0117li\u0173 tvarkingai pritvirtint\u0105 numer\u012f. Numeris turi b\u016bti ant mar\u0161kin\u0117li\u0173 priekio (kr\u016btin\u0117s), ai\u0161kiai matomoje vietoje .<\/span><br \/>\n<span style=\"color: #000000;\">3. Var\u017eyb\u0173 dalyviams nors kiek nukrypti nuo b\u0117gimo trasos yra draud\u017eiama. Dalyviai, pa\u017eeid\u0119 \u0161i\u0105 taisykl\u0119, bus diskvalifikuojami.<\/span><br \/>\n<span style=\"color: #000000;\">4. Var\u017eyb\u0173 organizatoriai neatsako u\u017e dalyvi\u0173 sveikat\u0105 ar sveikatos sutrikimus, patirtus b\u0117gimo metu. Dalyviai privalo pasitikrinti sveikat\u0105.<\/span><br \/>\n<span style=\"color: #000000;\">5. Kiekvienas dalyvis u\u017esiregistruodamas savaime sutinka, kad renginio organizatoriai visas renginio metu padarytas nuotraukas bei filmuot\u0105 med\u017eiag\u0105 gali laisvai, be atskiro sutikimo, naudoti rinkodaros tikslais.<\/span><\/div>\n<div>.<\/div>\n<div class=\"cxmmr5t8 oygrvhab hcukyx3x c1et5uql o9v6fnle\"><span style=\"color: #000000;\"><strong>VIII. SPECIAL\u016aS PUNKTAI TRASOJE<\/strong><\/span><br \/>\n<span style=\"color: #000000;\">Trasoje bus \u012frengtos vandens ir pasistiprinimo stotel\u0117s kuriose var\u017eyb\u0173 metu dalyviai gal\u0117s atsigaivinti vandeniu, Cola, ir pasistiprinti vaisiais, sausainiais, u\u017ekand\u017eiais.<\/span><\/div>\n<div>.<\/div>\n<div class=\"cxmmr5t8 oygrvhab hcukyx3x c1et5uql o9v6fnle\"><span style=\"color: #000000;\"><strong>IX. APDOVANOJIMAI<\/strong><\/span><br \/>\n<span style=\"color: #000000;\">Visiems dalyviams bus \u012fteikti atminimo medaliai.<\/span><\/div>\n<div class=\"cxmmr5t8 oygrvhab hcukyx3x c1et5uql o9v6fnle\"><span style=\"color: #000000;\">Bus apdovanoti maratono distancijos I-III viet\u0173 prizininkai.<\/span><\/div>\n<p><span style=\"color: #000000;\">Nugal\u0117tojams ir prizininkams bus \u012fteiktos taur\u0117s ir r\u0117m\u0117j\u0173 prizai.<\/span><\/p>\n<p><span style=\"color: #000000;\">Po b\u0117gimo &#8211; pirtis, kubilas, vai\u0161\u0117s ir \u0161ilta sriuba.<\/span><\/p>\n<div>.<\/div>\n<div class=\"cxmmr5t8 oygrvhab hcukyx3x c1et5uql o9v6fnle\"><span style=\"color: #000000;\"><strong>X. DALYVI\u0172 STARTINIS MOKESTIS<\/strong><\/span><br \/>\n<span style=\"color: #000000;\">Startinis mokestis:<\/span><br \/>\n<span style=\"color: #000000;\">Iki 2025-12-31 (imtinai):<\/span><br \/>\n<span style=\"color: #000000;\">Klajoklis #25\u00a0 &#8211; 13 \u20ac<\/span><br \/>\n<span style=\"color: #000000;\">Klajoklis #26\u00a0 &#8211; 13 \u20ac<\/span><\/div>\n<div><span style=\"color: #000000;\">Klajoklis #25 + Klajoklis #26 &#8211; 25 \u20ac<\/span><\/div>\n<div>&#8211;<\/div>\n<div class=\"cxmmr5t8 oygrvhab hcukyx3x c1et5uql o9v6fnle\">\n<p><span style=\"color: #000000;\">Nuo 2026-01-01 iki 2026-01-31:<\/span><\/p>\n<div class=\"cxmmr5t8 oygrvhab hcukyx3x c1et5uql o9v6fnle\"><span style=\"color: #000000;\">Klajoklis #25\u00a0 &#8211; 15 \u20ac<\/span><br \/>\n<span style=\"color: #000000;\">Klajoklis #26\u00a0 &#8211; 15 \u20ac<\/span><\/div>\n<div><span style=\"color: #000000;\">Klajoklis #25 + Klajoklis #26 &#8211; 27 \u20ac<\/span><\/div>\n<\/div>\n<div>&#8211;<\/div>\n<div>\n<p><span style=\"color: #000000;\">Nuo 2026-02-01:<\/span><\/p>\n<div class=\"cxmmr5t8 oygrvhab hcukyx3x c1et5uql o9v6fnle\"><span style=\"color: #000000;\">Klajoklis #25\u00a0 &#8211; 17 \u20ac<\/span><br \/>\n<span style=\"color: #000000;\">Klajoklis #26\u00a0 &#8211; 17 \u20ac<\/span><\/div>\n<div><span style=\"color: #000000;\">Klajoklis #25 + Klajoklis #26 &#8211; 30 \u20ac<\/span><\/div>\n<div>&#8211;<\/div>\n<\/div>\n<div class=\"cxmmr5t8 oygrvhab hcukyx3x c1et5uql o9v6fnle\">\n<p><span style=\"color: #000000;\">Renginio dien\u0105:<\/span><\/p>\n<div class=\"cxmmr5t8 oygrvhab hcukyx3x c1et5uql o9v6fnle\"><span style=\"color: #000000;\">Klajoklis #25\u00a0 &#8211; 20 \u20ac<\/span><br \/>\n<span style=\"color: #000000;\">Klajoklis #26\u00a0 &#8211; 20 \u20ac<\/span><\/div>\n<div><span style=\"color: #000000;\">Klajoklis #25 + Klajoklis #26 &#8211; 35 \u20ac<\/span><\/div>\n<div>&#8211;<\/div>\n<p><span style=\"color: #000000;\">Dalyvi\u0173 startinis mokestis negr\u0105\u017einamas.<\/span><br \/>\n<span style=\"color: #000000;\">Registracijos perleidimas kitam dalyviui &#8211; 5\u20ac.<\/span><\/p>\n<\/div>\n<div>.<\/div>\n<div class=\"cxmmr5t8 oygrvhab hcukyx3x c1et5uql o9v6fnle\">\n<p><span style=\"color: #000000;\"><strong>XI. DALYVI\u0172 REGISTRAVIMAS IR NUMERI\u0172 I\u0160DAVIMAS<\/strong><\/span><\/p>\n<div class=\"x11i5rnm xat24cr x1mh8g0r x1vvkbs xtlvy1s\"><span style=\"color: #000000;\"><em>Dalyvio startinis mokestis pervedamas \u012f<\/em><strong><em> SWEDBANK s\u0105skait\u0105 \u2013 LT08 7300 0101 4098 8636 , Valdas \u0160mai\u017eys <\/em><\/strong><strong><em>(ind. v. pa\u017e. Nr. \u00a04082261)<\/em><\/strong><\/span><br \/>\n<span style=\"color: #000000;\">Dalyviai, u\u017esiregistrav\u0119 ir nesumok\u0117j\u0119 startinio mokes\u010dio, kei\u010diantis registracijos kainai bus trinami i\u0161 dalyvi\u0173 s\u0105ra\u0161o.<\/span><\/div>\n<\/div>\n<div>.<\/div>\n<div class=\"cxmmr5t8 oygrvhab hcukyx3x c1et5uql o9v6fnle\"><span style=\"color: #000000;\"><strong>XII. BAIGIAMOSIOS NUOSTATOS<\/strong><\/span><br \/>\n<span style=\"color: #000000;\">B\u0117gimo var\u017eybas organizuoja Valdas \u0160mai\u017eys, V\u0161\u012e &#8222;Maratomanija&#8221; ir &#8222;B\u0117gimo namai&#8221;.<\/span><br \/>\n<span style=\"color: #000000;\">B\u0117gimo organizatoriai pasilieka teis\u0119, reikalui esant, keisti var\u017eyb\u0173 taisykles.<\/span><br \/>\n<span style=\"color: #000000;\">Kilus klausimams galite skambinti tel.: +370 615 32233 (Valdas). Taip pat galite ra\u0161yti elektroniniu pa\u0161tu maratomanija@gmail.com<\/span><\/div>\n","protected":false},"excerpt":{"rendered":"<p>NUOSTATAI 2026 met\u0173 sezon\u0105 Maratonas Klajoklis pradeda aplankydamas ne gra\u017eiausi\u0105 Lietuvos kampel\u012f, bet \u0161il\u010diausius &#8222;B\u0117gimo namus&#8221; &#8211; Vido Totilo ir Rasos Bakien\u0117s sodyb\u0105 K\u016bjagalviuose. Tai vieta, kurioje smagu ne tik b\u0117gti, bet ir \u0161v\u0119sti draug\u0173 \u0161ventes ir net Naujus Metus! . I. BENDROJI DALIS Maratonas KLAJOKLIS \u2013 tai maratonas klajojantis per visas gra\u017eiausias Lietuvos vietas. [&hellip;]<\/p>\n","protected":false},"author":2,"featured_media":0,"parent":0,"menu_order":0,"comment_status":"closed","ping_status":"closed","template":"","meta":{"footnotes":""},"class_list":["post-1786","page","type-page","status-publish","hentry"],"_links":{"self":[{"href":"https:\/\/www.myrace.lt\/klajoklis\/wp-json\/wp\/v2\/pages\/1786","targetHints":{"allow":["GET"]}}],"collection":[{"href":"https:\/\/www.myrace.lt\/klajoklis\/wp-json\/wp\/v2\/pages"}],"about":[{"href":"https:\/\/www.myrace.lt\/klajoklis\/wp-json\/wp\/v2\/types\/page"}],"author":[{"embeddable":true,"href":"https:\/\/www.myrace.lt\/klajoklis\/wp-json\/wp\/v2\/users\/2"}],"replies":[{"embeddable":true,"href":"https:\/\/www.myrace.lt\/klajoklis\/wp-json\/wp\/v2\/comments?post=1786"}],"version-history":[{"count":19,"href":"https:\/\/www.myrace.lt\/klajoklis\/wp-json\/wp\/v2\/pages\/1786\/revisions"}],"predecessor-version":[{"id":1823,"href":"https:\/\/www.myrace.lt\/klajoklis\/wp-json\/wp\/v2\/pages\/1786\/revisions\/1823"}],"wp:attachment":[{"href":"https:\/\/www.myrace.lt\/klajoklis\/wp-json\/wp\/v2\/media?parent=1786"}],"curies":[{"name":"wp","href":"https:\/\/api.w.org\/{rel}","templated":true}]}}