{"id":1457,"date":"2023-01-13T10:15:12","date_gmt":"2023-01-13T12:15:12","guid":{"rendered":"https:\/\/www.myrace.lt\/klajoklis\/?page_id=1457"},"modified":"2024-01-16T17:52:46","modified_gmt":"2024-01-16T15:52:46","slug":"23-birzai","status":"publish","type":"page","link":"https:\/\/www.myrace.lt\/klajoklis\/nuostatai\/23-birzai\/","title":{"rendered":"Klajoklio maratonas #23: Nuostatai (Bir\u017eai)"},"content":{"rendered":"<article id=\"post-913\" class=\"post-913 page type-page status-publish hentry\">\n<div class=\"page-content-wrap\">\n<div class=\"entry-content\">\n<div class=\"kvgmc6g5 cxmmr5t8 oygrvhab hcukyx3x c1et5uql\" style=\"text-align: center;\"><span style=\"font-size: 36pt; color: #000000;\"><strong>KLAJOKLIO MARATONAS #23:\u00a0<\/strong><\/span><span style=\"font-size: 36pt; color: #000000;\"><strong>BIR\u017dAI<\/strong><\/span><\/div>\n<div>\n<div><\/div>\n<p><span style=\"color: #000000;\">.<\/span><\/p>\n<\/div>\n<div class=\"o9v6fnle cxmmr5t8 oygrvhab hcukyx3x c1et5uql\" style=\"text-align: center;\"><span style=\"font-size: 18pt; color: #000000;\"><strong>NUOSTATAI<\/strong><\/span><\/div>\n<div>\n<div><\/div>\n<p><span style=\"color: #ffffff;\">.<\/span><\/p>\n<\/div>\n<\/div>\n<\/div>\n<\/article>\n<div><\/div>\n<article id=\"post-913\" class=\"post-913 page type-page status-publish hentry\">\n<div class=\"page-content-wrap\">\n<div class=\"entry-content\">\n<div class=\"o9v6fnle cxmmr5t8 oygrvhab hcukyx3x c1et5uql\"><span style=\"color: #000000;\"><strong>I. BENDROJI DALIS<\/strong><\/span><br \/>\n<span style=\"color: #000000;\">Maratonas KLAJOKLIS \u2013 tai maratonas klajojantis per visas gra\u017eiausias Lietuvos vietas.<\/span><br \/>\n<span style=\"color: #000000;\">KLAJOKLIO maratonas #23 &#8211; tai b\u0117gimas kai vienu ratu mes aplankysime net tris Bir\u017e\u0173 \u012f\u017eymybes: eleganti\u0161k\u0105j\u012f Astravo dvar\u0105, Bir\u017e\u0173 pilies r\u016bmus, ilgiausi\u0105j\u012f Lietuvoje p\u0117s\u010di\u0173j\u0173 tilt\u0105 per \u0160irv\u0117nos e\u017eer\u0105. <\/span><\/div>\n<div class=\"o9v6fnle cxmmr5t8 oygrvhab hcukyx3x c1et5uql\"><span style=\"color: #000000;\">Nepraleisk progos pamatyti Bir\u017eus b\u0117giko akimis \ud83d\ude09 .<br \/>\n<\/span><br \/>\n<span style=\"color: #000000;\">Klajoklio maratono #23 startas 2023-04-30 10:00val.<\/span><\/div>\n<div><span style=\"color: #ffffff;\">.<\/span><\/div>\n<div><\/div>\n<div class=\"o9v6fnle cxmmr5t8 oygrvhab hcukyx3x c1et5uql\"><strong><span style=\"color: #000000;\">II. TIKSLAI IR U\u017dDAVINIAI<\/span><\/strong><br \/>\n<span style=\"color: #000000;\">1. Populiarinti maraton\u0173 b\u0117gimo kult\u016br\u0105 Lietuvoje.<\/span><br \/>\n<span style=\"color: #000000;\">2. Per b\u0117gim\u0105 susipa\u017einti su gra\u017eiausiomis Lietuvos vietomis.<\/span><br \/>\n<span style=\"color: #000000;\">3. \u012eveikti piln\u0105 maratono tras\u0105 (bet pagal pasiruo\u0161im\u0105 bus galima b\u0117gti tiek rat\u0173, kiek \u012firdis ir sveikata t\u0105dien leis).<\/span><br \/>\n<span style=\"color: #000000;\">4. Pl\u0117sti ilg\u0173 distancij\u0173 b\u0117gik\u0173 bendruomen\u0119.<\/span><\/div>\n<div><span style=\"color: #ffffff;\">.<\/span><\/div>\n<div class=\"o9v6fnle cxmmr5t8 oygrvhab hcukyx3x c1et5uql\"><strong><span style=\"color: #000000;\">III. RENGINIO ORGANIZATORI\u0172 ATSAKOMYB\u0116 IR PAREIGOS<\/span><\/strong><br \/>\n<span style=\"color: #000000;\">1. Registruoti renginio dalyvius, pagaminti ir i\u0161duoti numerius.<\/span><br \/>\n<span style=\"color: #000000;\">2. I\u0161matuoti tras\u0105 bei techni\u0161kai paruo\u0161ti j\u0105 var\u017eyboms.<\/span><br \/>\n<span style=\"color: #000000;\">3. U\u017efiksuoti dalyvi\u0173 b\u0117gimo rezultatus ir juos u\u017eprotokoluoti.<\/span><\/div>\n<div><span style=\"color: #000000;\">4. Suderinti su parko administracija renginio leidimus.<\/span><\/div>\n<div><span style=\"color: #ffffff;\">.<\/span><\/div>\n<div class=\"o9v6fnle cxmmr5t8 oygrvhab hcukyx3x c1et5uql\">\n<p><strong><span style=\"color: #000000;\">IV. VAR\u017dYB\u0172 VIETA, LAIKAS IR NUOTOLIAI<\/span><\/strong><br \/>\n<em><span style=\"color: #000000;\">Vieta: Bir\u017eai, Astravo dvaras<\/span><\/em><\/p>\n<p><span style=\"color: #000000;\"><br \/>\n<\/span><em><span style=\"color: #000000;\">Startas:<\/span><\/em><\/p>\n<\/div>\n<div class=\"o9v6fnle cxmmr5t8 oygrvhab hcukyx3x c1et5uql\"><span style=\"color: #000000;\">\u201eKlajoklio\u201c distancija \u2013 2023 m. baland\u017eio 30d. 10.00val.<\/span><br \/>\n<span style=\"color: #000000;\">\u201eKlajokliuko\u201c distancija \u2013 2023m. baland\u017eio 30d. 13.00val.<\/span><\/div>\n<div><\/div>\n<div class=\"o9v6fnle cxmmr5t8 oygrvhab hcukyx3x c1et5uql\"><span style=\"color: #000000;\"><em>Distancijos:<\/em><\/span><\/div>\n<div class=\"o9v6fnle cxmmr5t8 oygrvhab hcukyx3x c1et5uql\"><span style=\"color: #000000;\">Klajoklio distancija (maratonas, 31,5 km, pusmaratonis,\u00a0 10.5 km) ;<\/span><\/div>\n<div><span style=\"color: #000000;\">Pasirinkus Klajoklio distancij\u0105 b\u0117gama kiek norima rat\u0173. Fiksuojamas kiekvieno rato \u012fveikimo laikas.<\/span><\/div>\n<div class=\"o9v6fnle cxmmr5t8 oygrvhab hcukyx3x c1et5uql\"><span style=\"color: #000000;\">Klajokliuko distancija (1 km).<\/span><\/div>\n<p><span style=\"color: #ffffff;\">.<\/span><\/p>\n<div class=\"o9v6fnle cxmmr5t8 oygrvhab hcukyx3x c1et5uql\"><strong><span style=\"color: #000000;\">V. TRASA IR LAIKO LIMITAS<\/span><\/strong><br \/>\n<span style=\"color: #000000;\">Trasa bus pa\u017eym\u0117ta spec. \u017eenklinimu.<\/span><br \/>\n<span style=\"color: #000000;\">Trasos danga \u2013\u00a0 asfaltas ir betonin\u0117s trinkel\u0117s.<\/span><br \/>\n<span style=\"color: #000000;\">Laiko limitas \u2013 6 val. maratonui.<\/span><br \/>\n<span style=\"color: #000000;\">Kitoms distancijoms laiko limitas netaikomas.<\/span><\/div>\n<div><span style=\"color: #ffffff;\">.<\/span><\/div>\n<div class=\"o9v6fnle cxmmr5t8 oygrvhab hcukyx3x c1et5uql\"><strong><span style=\"color: #000000;\">VI. DALYVIAI<\/span><\/strong><br \/>\n<span style=\"color: #000000;\">1.Var\u017eybose gali dalyvauti tik u\u017esiregistrav\u0119, pasitikrin\u0119 sveikat\u0105 ir susipa\u017ein\u0119 su b\u0117gimo nuostatais. Visi dalyviai b\u0117gime dalyvauja laisva valia ir niekieno never\u010diami ir prisiima vis\u0105 su dalyvavimu b\u0117gime susijusi\u0105 (tame tarpe su \u012fvairiais sveikatos sutrikimais ir pan.) rizik\u0105 bei \u012fsipareigoja d\u0117l to nereik\u0161ti renginio organizatoriams joki\u0173 pretenzij\u0173.<\/span><br \/>\n<span style=\"color: #000000;\">2. U\u017e jaunesnius nei 18 met\u0173 dalyvius vis\u0105 atsakomyb\u0119 prisiima j\u0173 t\u0117vai, treneriai arba glob\u0117jai.<\/span><\/div>\n<div><span style=\"color: #ffffff;\">.<\/span><\/div>\n<div class=\"o9v6fnle cxmmr5t8 oygrvhab hcukyx3x c1et5uql\"><strong><span style=\"color: #000000;\">VII. SPECIALIOS S\u0104LYGOS IR APRIBOJIMAI<\/span><\/strong><br \/>\n<span style=\"color: #000000;\">1. Registruotis \u012f b\u0117gim\u0105 galima tik savo vardu. Savo numer\u012f perduoti kitam dalyviui draud\u017eiama. Tokiu atveju dalyviai bus diskvalifikuojami, o rezultatai \u012f var\u017eyb\u0173 protokol\u0105 ne\u012ftraukiami.<\/span><br \/>\n<span style=\"color: #000000;\">2. Kiekvienas dalyvis var\u017eybose privalo tur\u0117ti ant mar\u0161kin\u0117li\u0173 tvarkingai pritvirtint\u0105 numer\u012f. Numeris turi b\u016bti ant mar\u0161kin\u0117li\u0173 priekio (kr\u016btin\u0117s), ai\u0161kiai matomoje vietoje .<\/span><br \/>\n<span style=\"color: #000000;\">3. Var\u017eyb\u0173 dalyviams nors kiek nukrypti nuo b\u0117gimo trasos yra draud\u017eiama. Dalyviai, pa\u017eeid\u0119 \u0161i\u0105 taisykl\u0119, bus diskvalifikuojami.<\/span><br \/>\n<span style=\"color: #000000;\">4. Var\u017eyb\u0173 organizatoriai neatsako u\u017e dalyvi\u0173 sveikat\u0105 ar sveikatos sutrikimus, patirtus b\u0117gimo metu. Dalyviai privalo pasitikrinti sveikat\u0105.<\/span><br \/>\n<span style=\"color: #000000;\">5. Kiekvienas dalyvis u\u017esiregistruodamas savaime sutinka, kad renginio organizatoriai visas renginio metu padarytas nuotraukas bei filmuot\u0105 med\u017eiag\u0105 gali laisvai, be atskiro sutikimo, naudoti rinkodaros tikslais.<\/span><\/div>\n<div><span style=\"color: #ffffff;\">.<\/span><\/div>\n<div class=\"o9v6fnle cxmmr5t8 oygrvhab hcukyx3x c1et5uql\"><strong><span style=\"color: #000000;\">VIII. SPECIAL\u016aS PUNKTAI TRASOJE<\/span><\/strong><br \/>\n<span style=\"color: #000000;\">Trasoje bus \u012frengta vandens ir pasistiprinimo stotel\u0117 kurioje var\u017eyb\u0173 metu dalyviai gal\u0117s atsigaivinti vandeniu, Cola, gaiva, pasistiprinti vaisiais, sausainiais, u\u017ekand\u017eiais.<\/span><\/div>\n<div><\/div>\n<p><span style=\"color: #ffffff;\">.<\/span><\/p>\n<div class=\"o9v6fnle cxmmr5t8 oygrvhab hcukyx3x c1et5uql\"><strong><span style=\"color: #000000;\">IX. APDOVANOJIMAI<\/span><\/strong><br \/>\n<span style=\"color: #000000;\">Visiems dalyviams bus \u012fteikti atminimo medaliai.<\/span><br \/>\n<span style=\"color: #000000;\">Taip pat visiems dalyviams bus \u012fteikti r\u0117m\u0117j\u0173 dovanos.<\/span><br \/>\n<span style=\"color: #000000;\">Bus apdovanoti maratono distancijos penki prizininkai moter\u0173 ir vyr\u0173 kategorijoje. Jiems bus \u012fteiktos taur\u0117s ir r\u0117m\u0117j\u0173 prizai.<\/span><\/div>\n<div>\n<div><\/div>\n<p><span style=\"color: #ffffff;\">.<\/span><\/p>\n<\/div>\n<div><strong><span style=\"color: #000000;\"><span style=\"color: #ffffff;\">.<\/span>X. DALYVI\u0172 STARTINIS MOKESTIS<\/span><\/strong><\/div>\n<div class=\"o9v6fnle cxmmr5t8 oygrvhab hcukyx3x c1et5uql\"><span style=\"color: #000000;\">Startinis mokestis:<\/span><\/div>\n<div><\/div>\n<div class=\"o9v6fnle cxmmr5t8 oygrvhab hcukyx3x c1et5uql\">\n<table style=\"border-collapse: collapse; width: 87.1381%; height: 128px;\">\n<tbody>\n<tr style=\"height: 39px;\">\n<td style=\"width: 13.681%; height: 39px;\"><\/td>\n<td style=\"width: 13.3643%; height: 39px; text-align: center;\"><span style=\"color: #000000; font-size: 12pt;\"><strong>01.15 &#8211; 01.31<\/strong><\/span><\/td>\n<td style=\"width: 14.8117%; height: 39px; text-align: center;\"><span style=\"color: #000000; font-size: 12pt;\"><strong>02.01 &#8211; 02.28<\/strong><\/span><\/td>\n<td style=\"width: 15.4943%; height: 39px; text-align: center;\"><span style=\"color: #000000; font-size: 12pt;\"><strong>02.01 &#8211; 04.14<\/strong><\/span><\/td>\n<td style=\"width: 13.6671%; height: 39px; text-align: center;\"><span style=\"color: #000000; font-size: 12pt;\"><strong>04.15 &#8211; 04.28<\/strong><\/span><\/td>\n<td style=\"width: 22.7225%; height: 39px; text-align: center;\"><span style=\"color: #000000; font-size: 12pt;\"><strong>Renginio dien\u0105<\/strong><\/span><\/td>\n<\/tr>\n<tr style=\"height: 10px;\">\n<td style=\"width: 13.681%; height: 10px;\"><span style=\"font-size: 18pt; color: #000000;\"><em>Distancija:<\/em><\/span><\/td>\n<td style=\"width: 13.3643%; height: 10px; text-align: center;\"><\/td>\n<td style=\"width: 14.8117%; height: 10px; text-align: center;\"><\/td>\n<td style=\"width: 15.4943%; height: 10px; text-align: center;\"><\/td>\n<td style=\"width: 13.6671%; height: 10px; text-align: center;\"><\/td>\n<td style=\"width: 22.7225%; height: 10px; text-align: center;\"><\/td>\n<\/tr>\n<tr style=\"height: 28px;\">\n<td style=\"width: 13.681%; height: 28px;\"><span style=\"color: #000000;\"><strong><span style=\"font-size: 14pt;\">Klajoklis<\/span><\/strong><\/span><\/td>\n<td style=\"width: 13.3643%; height: 28px; text-align: center;\"><span style=\"color: #000000;\">10 eur<\/span><\/td>\n<td style=\"width: 14.8117%; height: 28px; text-align: center;\"><span style=\"color: #000000;\">12 eur<\/span><\/td>\n<td style=\"width: 15.4943%; height: 28px; text-align: center;\"><span style=\"color: #000000;\">13 eur<\/span><\/td>\n<td style=\"width: 13.6671%; height: 28px; text-align: center;\"><span style=\"color: #000000;\">15 eur<\/span><\/td>\n<td style=\"width: 22.7225%; height: 28px; text-align: center;\"><span style=\"color: #000000;\">20 eur<\/span><\/td>\n<\/tr>\n<tr style=\"height: 28px;\">\n<td style=\"width: 13.681%; height: 28px;\"><span style=\"color: #000000;\"><strong><span style=\"font-size: 14pt;\">Klajokliukas<\/span><\/strong><\/span><\/td>\n<td style=\"width: 13.3643%; height: 28px; text-align: center;\"><span style=\"color: #000000;\">5 Eur<\/span><\/td>\n<td style=\"width: 14.8117%; height: 28px; text-align: center;\"><span style=\"color: #000000;\">6 Eur<\/span><\/td>\n<td style=\"width: 15.4943%; height: 28px; text-align: center;\"><span style=\"color: #000000;\">7 Eur<\/span><\/td>\n<td style=\"width: 13.6671%; height: 28px; text-align: center;\"><span style=\"color: #000000;\">8 Eur<\/span><\/td>\n<td style=\"width: 22.7225%; height: 28px; text-align: center;\"><span style=\"color: #000000;\">10 Eur<\/span><\/td>\n<\/tr>\n<tr style=\"height: 23px;\">\n<td style=\"width: 13.681%; height: 23px;\"><\/td>\n<td style=\"width: 13.3643%; height: 23px; text-align: center;\"><\/td>\n<td style=\"width: 14.8117%; text-align: center;\"><\/td>\n<td style=\"width: 15.4943%; height: 23px; text-align: center;\"><\/td>\n<td style=\"width: 13.6671%; height: 23px; text-align: center;\"><\/td>\n<td style=\"width: 22.7225%; height: 23px; text-align: center;\"><\/td>\n<\/tr>\n<\/tbody>\n<\/table>\n<\/div>\n<div class=\"o9v6fnle cxmmr5t8 oygrvhab hcukyx3x c1et5uql\"><span style=\"color: #000000;\">Dalyvio startinis mokestis gr\u0105\u017einamas tik var\u017eyb\u0173 at\u0161aukimo, perk\u0117limo atveju.<\/span><br \/>\n<span style=\"color: #000000;\">Norint perleisti savo registracij\u0105 kitam dalyviui mokamas 5\u20ac mokestis.<\/span><\/div>\n<div>\n<div><\/div>\n<p><span style=\"color: #ffffff;\">.<\/span><\/p>\n<\/div>\n<div><span style=\"color: #ffffff;\">.<\/span><\/div>\n<div class=\"o9v6fnle cxmmr5t8 oygrvhab hcukyx3x c1et5uql\"><strong><span style=\"color: #000000;\">XI. DALYVI\u0172 REGISTRAVIMAS IR NUMERI\u0172 I\u0160DAVIMAS<\/span><\/strong><br \/>\n<span style=\"color: #000000;\">Dalyvi\u0173 registracija: Dalyvi\u0173 registracija atidaroma sausio 13d.<\/span><br \/>\n<span style=\"color: #000000;\">Numeriai bus i\u0161duodami starto vietoje 2023-04-30 nuo 9.00val<\/span><\/div>\n<div>\n<div><\/div>\n<p><span style=\"color: #ffffff;\">.<\/span><\/p>\n<\/div>\n<div><strong><span style=\"color: #ffffff;\">.<\/span><\/strong><\/div>\n<div class=\"o9v6fnle cxmmr5t8 oygrvhab hcukyx3x c1et5uql\"><strong><span style=\"color: #000000;\">XII. BAIGIAMOSIOS NUOSTATOS<\/span><\/strong><br \/>\n<span style=\"color: #000000;\">B\u0117gimo var\u017eybas organizuoja V\u0161\u012e \u201eMaratomanija\u201c ir V\u0161\u012e &#8222;100 marathon club Lithuania&#8221;.<\/span><br \/>\n<span style=\"color: #000000;\">B\u0117gimo organizatoriai pasilieka teis\u0119, reikalui esant, keisti var\u017eyb\u0173 taisykles.<\/span><br \/>\n<span style=\"color: #000000;\">Kilus klausimams galite skambinti tel.: +370 615 32233 (Valdas).<\/span><\/div>\n<div class=\"o9v6fnle cxmmr5t8 oygrvhab hcukyx3x c1et5uql\"><span style=\"color: #000000;\"> Taip pat galite ra\u0161yti elektroniniu pa\u0161tu klajoklio.maratonas@gmail.com<\/span><\/div>\n<div><img loading=\"lazy\" decoding=\"async\" class=\"wp-image-1415 size-large alignleft\" src=\"https:\/\/www.myrace.lt\/klajoklis\/wp-content\/uploads\/sites\/6\/2023\/01\/\u201e\u201eSRF-kopija-kopija-1-1024x341.jpg\" alt=\"\" width=\"810\" height=\"270\" srcset=\"https:\/\/www.myrace.lt\/klajoklis\/wp-content\/uploads\/sites\/6\/2023\/01\/\u201e\u201eSRF-kopija-kopija-1-1024x341.jpg 1024w, https:\/\/www.myrace.lt\/klajoklis\/wp-content\/uploads\/sites\/6\/2023\/01\/\u201e\u201eSRF-kopija-kopija-1-300x100.jpg 300w, https:\/\/www.myrace.lt\/klajoklis\/wp-content\/uploads\/sites\/6\/2023\/01\/\u201e\u201eSRF-kopija-kopija-1-768x256.jpg 768w, https:\/\/www.myrace.lt\/klajoklis\/wp-content\/uploads\/sites\/6\/2023\/01\/\u201e\u201eSRF-kopija-kopija-1.jpg 1500w\" sizes=\"auto, (max-width: 810px) 100vw, 810px\" \/><\/div>\n<\/div>\n<\/div>\n<\/article>\n<p>&nbsp;<\/p>\n","protected":false},"excerpt":{"rendered":"<p>KLAJOKLIO MARATONAS #23:\u00a0BIR\u017dAI . NUOSTATAI . I. BENDROJI DALIS Maratonas KLAJOKLIS \u2013 tai maratonas klajojantis per visas gra\u017eiausias Lietuvos vietas. KLAJOKLIO maratonas #23 &#8211; tai b\u0117gimas kai vienu ratu mes aplankysime net tris Bir\u017e\u0173 \u012f\u017eymybes: eleganti\u0161k\u0105j\u012f Astravo dvar\u0105, Bir\u017e\u0173 pilies r\u016bmus, ilgiausi\u0105j\u012f Lietuvoje p\u0117s\u010di\u0173j\u0173 tilt\u0105 per \u0160irv\u0117nos e\u017eer\u0105. Nepraleisk progos pamatyti Bir\u017eus b\u0117giko akimis \ud83d\ude09 [&hellip;]<\/p>\n","protected":false},"author":2,"featured_media":0,"parent":16,"menu_order":0,"comment_status":"closed","ping_status":"closed","template":"","meta":{"footnotes":""},"class_list":["post-1457","page","type-page","status-publish","hentry"],"_links":{"self":[{"href":"https:\/\/www.myrace.lt\/klajoklis\/wp-json\/wp\/v2\/pages\/1457","targetHints":{"allow":["GET"]}}],"collection":[{"href":"https:\/\/www.myrace.lt\/klajoklis\/wp-json\/wp\/v2\/pages"}],"about":[{"href":"https:\/\/www.myrace.lt\/klajoklis\/wp-json\/wp\/v2\/types\/page"}],"author":[{"embeddable":true,"href":"https:\/\/www.myrace.lt\/klajoklis\/wp-json\/wp\/v2\/users\/2"}],"replies":[{"embeddable":true,"href":"https:\/\/www.myrace.lt\/klajoklis\/wp-json\/wp\/v2\/comments?post=1457"}],"version-history":[{"count":9,"href":"https:\/\/www.myrace.lt\/klajoklis\/wp-json\/wp\/v2\/pages\/1457\/revisions"}],"predecessor-version":[{"id":1540,"href":"https:\/\/www.myrace.lt\/klajoklis\/wp-json\/wp\/v2\/pages\/1457\/revisions\/1540"}],"up":[{"embeddable":true,"href":"https:\/\/www.myrace.lt\/klajoklis\/wp-json\/wp\/v2\/pages\/16"}],"wp:attachment":[{"href":"https:\/\/www.myrace.lt\/klajoklis\/wp-json\/wp\/v2\/media?parent=1457"}],"curies":[{"name":"wp","href":"https:\/\/api.w.org\/{rel}","templated":true}]}}