{"id":1333,"date":"2022-06-10T14:51:14","date_gmt":"2022-06-10T16:51:14","guid":{"rendered":"https:\/\/www.myrace.lt\/klajoklis\/?page_id=1333"},"modified":"2024-01-17T19:55:30","modified_gmt":"2024-01-17T17:55:30","slug":"klajoklio-maratonas-palanga-trasa","status":"publish","type":"page","link":"https:\/\/www.myrace.lt\/klajoklis\/trasa\/klajoklio-maratonas-palanga-trasa\/","title":{"rendered":"Klajoklio maratonas: Palanga (Trasa)"},"content":{"rendered":"<p style=\"text-align: center;\"><em><strong><span style=\"font-size: 36pt;\">TRASA<\/span><\/strong><\/em><\/p>\n<p>&nbsp;<\/p>\n<p style=\"text-align: center;\"><span style=\"font-size: 18pt;\">B\u0117gimas vyks ratais.<\/span><\/p>\n<p style=\"text-align: center;\"><span style=\"font-size: 18pt;\">Rato ilgis -7,04km<\/span><\/p>\n<p style=\"text-align: center;\"><span style=\"font-size: 18pt;\">Starto vieta &#8211; Vytauto g. \u0161alia Gabijos vie\u0161bu\u010dio<\/span><\/p>\n<p>&nbsp;<\/p>\n<p><img loading=\"lazy\" decoding=\"async\" class=\"aligncenter wp-image-1336 size-full\" src=\"https:\/\/www.myrace.lt\/klajoklis\/wp-content\/uploads\/sites\/6\/2022\/06\/Palanga-2022.png\" alt=\"\" width=\"1173\" height=\"762\" srcset=\"https:\/\/www.myrace.lt\/klajoklis\/wp-content\/uploads\/sites\/6\/2022\/06\/Palanga-2022.png 1173w, https:\/\/www.myrace.lt\/klajoklis\/wp-content\/uploads\/sites\/6\/2022\/06\/Palanga-2022-300x195.png 300w, https:\/\/www.myrace.lt\/klajoklis\/wp-content\/uploads\/sites\/6\/2022\/06\/Palanga-2022-1024x665.png 1024w, https:\/\/www.myrace.lt\/klajoklis\/wp-content\/uploads\/sites\/6\/2022\/06\/Palanga-2022-768x499.png 768w, https:\/\/www.myrace.lt\/klajoklis\/wp-content\/uploads\/sites\/6\/2022\/06\/Palanga-2022-370x240.png 370w\" sizes=\"auto, (max-width: 1173px) 100vw, 1173px\" \/><\/p>\n","protected":false},"excerpt":{"rendered":"<p>TRASA &nbsp; B\u0117gimas vyks ratais. Rato ilgis -7,04km Starto vieta &#8211; Vytauto g. \u0161alia Gabijos vie\u0161bu\u010dio &nbsp;<\/p>\n","protected":false},"author":2,"featured_media":0,"parent":74,"menu_order":0,"comment_status":"closed","ping_status":"closed","template":"","meta":{"footnotes":""},"class_list":["post-1333","page","type-page","status-publish","hentry"],"_links":{"self":[{"href":"https:\/\/www.myrace.lt\/klajoklis\/wp-json\/wp\/v2\/pages\/1333","targetHints":{"allow":["GET"]}}],"collection":[{"href":"https:\/\/www.myrace.lt\/klajoklis\/wp-json\/wp\/v2\/pages"}],"about":[{"href":"https:\/\/www.myrace.lt\/klajoklis\/wp-json\/wp\/v2\/types\/page"}],"author":[{"embeddable":true,"href":"https:\/\/www.myrace.lt\/klajoklis\/wp-json\/wp\/v2\/users\/2"}],"replies":[{"embeddable":true,"href":"https:\/\/www.myrace.lt\/klajoklis\/wp-json\/wp\/v2\/comments?post=1333"}],"version-history":[{"count":4,"href":"https:\/\/www.myrace.lt\/klajoklis\/wp-json\/wp\/v2\/pages\/1333\/revisions"}],"predecessor-version":[{"id":1600,"href":"https:\/\/www.myrace.lt\/klajoklis\/wp-json\/wp\/v2\/pages\/1333\/revisions\/1600"}],"up":[{"embeddable":true,"href":"https:\/\/www.myrace.lt\/klajoklis\/wp-json\/wp\/v2\/pages\/74"}],"wp:attachment":[{"href":"https:\/\/www.myrace.lt\/klajoklis\/wp-json\/wp\/v2\/media?parent=1333"}],"curies":[{"name":"wp","href":"https:\/\/api.w.org\/{rel}","templated":true}]}}