{"id":1267,"date":"2022-02-08T14:40:50","date_gmt":"2022-02-08T16:40:50","guid":{"rendered":"https:\/\/www.myrace.lt\/klajoklis\/?page_id=1267"},"modified":"2024-01-17T19:55:44","modified_gmt":"2024-01-17T17:55:44","slug":"klajoklio-maratonas-21-sakiskes-nuostatai","status":"publish","type":"page","link":"https:\/\/www.myrace.lt\/klajoklis\/nuostatai\/klajoklio-maratonas-21-sakiskes-nuostatai\/","title":{"rendered":"Klajoklio maratonas #21: Saki\u0161k\u0117s (Nuostatai)"},"content":{"rendered":"<div class=\"cxmmr5t8 oygrvhab hcukyx3x c1et5uql o9v6fnle\" style=\"text-align: center;\"><span style=\"font-size: 24pt;\">NUOSTATAI<\/span><\/div>\n<div class=\"cxmmr5t8 oygrvhab hcukyx3x c1et5uql o9v6fnle\"><strong>I. BENDROJI DALIS<\/strong><br \/>\nMaratonas KLAJOKLIS \u2013 tai maratonas klajojantis per visas gra\u017eiausias Lietuvos vietas.<br \/>\nKLAJOKLIO maratonas #21 \u012fvyks jau gra\u017eiame gamtos kampelyje &#8211; Saki\u0161ki\u0173 parke \u0161alia Nemen\u010din\u0117s mi\u0161k\u0173.<br \/>\nKlajoklio maratono #21 startas 2022-04-10 11:00val.<\/div>\n<div><\/div>\n<div class=\"cxmmr5t8 oygrvhab hcukyx3x c1et5uql o9v6fnle\"><strong>II. TIKSLAI IR U\u017dDAVINIAI<\/strong><br \/>\n1. Populiarinti maraton\u0173 b\u0117gimo kult\u016br\u0105 Lietuvoje.<br \/>\n2. Per b\u0117gim\u0105 susipa\u017einti su gra\u017eiausiomis Lietuvos vietomis.<br \/>\n3. \u012eveikti piln\u0105 maratono tras\u0105 (bet pagal pasiruo\u0161im\u0105 bus galima b\u0117gti ir pus\u0119 maratono).<br \/>\n4. Pl\u0117sti ilg\u0173 distancij\u0173 b\u0117gik\u0173 bendruomen\u0119.<\/div>\n<div><\/div>\n<div class=\"cxmmr5t8 oygrvhab hcukyx3x c1et5uql o9v6fnle\"><strong>III. RENGINIO ORGANIZATORI\u0172 ATSAKOMYB\u0116 IR PAREIGOS<\/strong><br \/>\n1. Registruoti renginio dalyvius, pagaminti ir i\u0161duoti numerius.<br \/>\n2. I\u0161matuoti tras\u0105 bei techni\u0161kai paruo\u0161ti j\u0105 var\u017eyboms.<br \/>\n3. U\u017efiksuoti dalyvi\u0173 b\u0117gimo rezultatus ir juos u\u017eprotokoluoti.<\/div>\n<div><\/div>\n<div class=\"cxmmr5t8 oygrvhab hcukyx3x c1et5uql o9v6fnle\"><strong>IV. VAR\u017dYB\u0172 VIETA, LAIKAS IR NUOTOLIAI<\/strong><br \/>\nVieta &#8211; Saki\u0161k\u0117s, Vilniaus raj.<br \/>\nNuoroda atvykimui:<\/div>\n<div class=\"cxmmr5t8 oygrvhab hcukyx3x c1et5uql o9v6fnle\">https:\/\/bit.ly\/3stAVR8<br \/>\nBus dvi distancijos &#8211; Klajoklio distancija (nuo 4,2km iki maratono) ir Klajokliuko distancija (1km). Pasirink\u0119 Klajoklio distancij\u0105, dalyviai b\u0117ga tiek rat\u0173, kiek pageidauja.<br \/>\nVieno rato ilgis &#8211; 4,2km<\/div>\n<div class=\"cxmmr5t8 oygrvhab hcukyx3x c1et5uql o9v6fnle\">Startas:<br \/>\n2022 m. baland\u017eio 10d.:<\/div>\n<div class=\"cxmmr5t8 oygrvhab hcukyx3x c1et5uql o9v6fnle\">Klajoklio distancija &#8211; 11.00val.<br \/>\nKlajokliuko distancija &#8211; 13.00val.<br \/>\nDistancijos:<br \/>\nKlajoklis (42,2km, 21,1km, 12,6km, 8,4km, 4,2km) ir Klajokliukas (1km).<\/div>\n<div><\/div>\n<div class=\"cxmmr5t8 oygrvhab hcukyx3x c1et5uql o9v6fnle\"><strong><em>PROGRAMA:<\/em><\/strong><br \/>\n11.00val. Klajoklio distancijos (42,2km, 21,1km, 12,6km, 8,4km, 4,2km) startas;<br \/>\n13.00val. Klajokliuko distancijos (1 km) startas;<br \/>\n15.30 val. maratono distancijos nugal\u0117toj\u0173 ir prizinink\u0173 apdovanojimai;<\/div>\n<div><\/div>\n<div class=\"cxmmr5t8 oygrvhab hcukyx3x c1et5uql o9v6fnle\"><strong>V. TRASA IR LAIKO LIMITAS<\/strong><br \/>\nTrasa bus pa\u017eym\u0117ta spec. \u017eenklinimu.<br \/>\nTrasos danga \u2013 asfaltas &#8211; 40%, mi\u0161ko takeliai &#8211; 60%.<br \/>\nLaiko limitas &#8211; 6val. maratonui.<br \/>\nKitoms distancijoms laiko limito netaikome.<\/div>\n<div><\/div>\n<div class=\"cxmmr5t8 oygrvhab hcukyx3x c1et5uql o9v6fnle\"><strong>VI. DALYVIAI<\/strong><br \/>\n1.Var\u017eybose gali dalyvauti tik u\u017esiregistrav\u0119, pasitikrin\u0119 sveikat\u0105 ir susipa\u017ein\u0119 su b\u0117gimo nuostatais. Visi dalyviai b\u0117gime dalyvauja laisva valia ir niekieno never\u010diami ir prisiima vis\u0105 su dalyvavimu b\u0117gime susijusi\u0105 (tame tarpe su \u012fvairiais sveikatos sutrikimais ir pan.) rizik\u0105 bei \u012fsipareigoja d\u0117l to nereik\u0161ti renginio organizatoriams joki\u0173 pretenzij\u0173.<br \/>\n2. U\u017e jaunesnius nei 18 met\u0173 dalyvius vis\u0105 atsakomyb\u0119 prisiima j\u0173 t\u0117vai, treneriai arba glob\u0117jai.<\/div>\n<div><\/div>\n<div class=\"cxmmr5t8 oygrvhab hcukyx3x c1et5uql o9v6fnle\"><strong>VII. SPECIALIOS S\u0104LYGOS IR APRIBOJIMAI<\/strong><br \/>\n1. Registruotis \u012f b\u0117gim\u0105 galima tik savo vardu. Savo numer\u012f perduoti kitam dalyviui draud\u017eiama. Tokiu atveju dalyviai bus diskvalifikuojami, o rezultatai \u012f var\u017eyb\u0173 protokol\u0105 ne\u012ftraukiami.<br \/>\n2. Kiekvienas dalyvis var\u017eybose privalo tur\u0117ti ant mar\u0161kin\u0117li\u0173 tvarkingai pritvirtint\u0105 numer\u012f. Numeris turi b\u016bti ant mar\u0161kin\u0117li\u0173 priekio (kr\u016btin\u0117s), ai\u0161kiai matomoje vietoje .<br \/>\n3. Var\u017eyb\u0173 dalyviams nors kiek nukrypti nuo b\u0117gimo trasos yra draud\u017eiama. Dalyviai, pa\u017eeid\u0119 \u0161i\u0105 taisykl\u0119, bus diskvalifikuojami.<br \/>\n4. Var\u017eyb\u0173 organizatoriai neatsako u\u017e dalyvi\u0173 sveikat\u0105 ar sveikatos sutrikimus, patirtus b\u0117gimo metu. Dalyviai privalo pasitikrinti sveikat\u0105.<br \/>\n5. Kiekvienas dalyvis u\u017esiregistruodamas savaime sutinka, kad renginio organizatoriai visas renginio metu padarytas nuotraukas bei filmuot\u0105 med\u017eiag\u0105 gali laisvai, be atskiro sutikimo, naudoti rinkodaros tikslais.<\/div>\n<div><\/div>\n<div class=\"cxmmr5t8 oygrvhab hcukyx3x c1et5uql o9v6fnle\"><strong>VIII. SPECIAL\u016aS PUNKTAI TRASOJE<\/strong><br \/>\nTrasoje bus \u012frengtos vandens ir pasistiprinimo stotel\u0117s kuriose var\u017eyb\u0173 metu dalyviai gal\u0117s atsigaivinti vandeniu, Cola, ir pasistiprinti vaisiais, sausainiais, u\u017ekand\u017eiais.<\/div>\n<div><\/div>\n<div class=\"cxmmr5t8 oygrvhab hcukyx3x c1et5uql o9v6fnle\"><strong>IX. APDOVANOJIMAI<\/strong><br \/>\nVisiems dalyviams bus \u012fteikti atminimo medaliai.<br \/>\nBus apdovanoti maratono distancijos trys prizininkai moter\u0173 ir vyr\u0173 kategorijoje.<\/div>\n<div class=\"cxmmr5t8 oygrvhab hcukyx3x c1et5uql o9v6fnle\">Jiems bus \u012fteikti taur\u0117s ir r\u0117m\u0117j\u0173 prizai.<\/div>\n<div><\/div>\n<div class=\"cxmmr5t8 oygrvhab hcukyx3x c1et5uql o9v6fnle\"><strong>X. DALYVI\u0172 STARTINIS MOKESTIS<\/strong><br \/>\nStartinis mokestis:<br \/>\nIki kovo 20d. :<br \/>\nKlajoklio distancija &#8211; 15\u20ac<br \/>\nKlajokliuko distancija &#8211; 10\u20ac<\/div>\n<div class=\"cxmmr5t8 oygrvhab hcukyx3x c1et5uql o9v6fnle\">Kovo 21d .- Baland\u017eio 8d.:<br \/>\nKlajoklio distancija &#8211; 17\u20ac<br \/>\nKlajokliuko distancija- 11\u20ac<\/div>\n<div class=\"cxmmr5t8 oygrvhab hcukyx3x c1et5uql o9v6fnle\">Renginio dien\u0105:<br \/>\nKlajoklio distancija &#8211; 20\u20ac<br \/>\nKlajokliuko distancija &#8211; 12\u20ac<br \/>\nDalyvi\u0173 startinis mokestis negr\u0105\u017einamas.<br \/>\nRegistracijos perleidimas kitam dalyviui &#8211; 5\u20ac.<\/div>\n<div><\/div>\n<div class=\"cxmmr5t8 oygrvhab hcukyx3x c1et5uql o9v6fnle\"><strong>XI. DALYVI\u0172 REGISTRAVIMAS IR NUMERI\u0172 I\u0160DAVIMAS<\/strong><br \/>\nNumeriai bus i\u0161duodami starto vietoje 2022-04-10 nuo 10.00val<\/div>\n<div>Registracija vykdoma:<\/div>\n<div>https:\/\/tickets.paysera.com\/lt\/event\/klajoklio-maratonas-21<\/div>\n<div><\/div>\n<div class=\"cxmmr5t8 oygrvhab hcukyx3x c1et5uql o9v6fnle\"><strong>XII. BAIGIAMOSIOS NUOSTATOS<\/strong><br \/>\nB\u0117gimo var\u017eybas organizuoja V\u0161\u012e \u201eMaratomanija\u201c ir &#8222;B\u0117gimo namai&#8221;.<br \/>\nB\u0117gimo organizatoriai pasilieka teis\u0119, reikalui esant, keisti var\u017eyb\u0173 taisykles.<br \/>\nKilus klausimams galite skambinti tel.: +370 615 32233 (Valdas). Taip pat galite ra\u0161yti elektroniniu pa\u0161tu maratonas.klajoklis@gmail.com<\/div>\n","protected":false},"excerpt":{"rendered":"<p>NUOSTATAI I. BENDROJI DALIS Maratonas KLAJOKLIS \u2013 tai maratonas klajojantis per visas gra\u017eiausias Lietuvos vietas. KLAJOKLIO maratonas #21 \u012fvyks jau gra\u017eiame gamtos kampelyje &#8211; Saki\u0161ki\u0173 parke \u0161alia Nemen\u010din\u0117s mi\u0161k\u0173. Klajoklio maratono #21 startas 2022-04-10 11:00val. II. TIKSLAI IR U\u017dDAVINIAI 1. Populiarinti maraton\u0173 b\u0117gimo kult\u016br\u0105 Lietuvoje. 2. Per b\u0117gim\u0105 susipa\u017einti su gra\u017eiausiomis Lietuvos vietomis. 3. \u012eveikti [&hellip;]<\/p>\n","protected":false},"author":2,"featured_media":0,"parent":16,"menu_order":0,"comment_status":"closed","ping_status":"closed","template":"","meta":{"footnotes":""},"class_list":["post-1267","page","type-page","status-publish","hentry"],"_links":{"self":[{"href":"https:\/\/www.myrace.lt\/klajoklis\/wp-json\/wp\/v2\/pages\/1267","targetHints":{"allow":["GET"]}}],"collection":[{"href":"https:\/\/www.myrace.lt\/klajoklis\/wp-json\/wp\/v2\/pages"}],"about":[{"href":"https:\/\/www.myrace.lt\/klajoklis\/wp-json\/wp\/v2\/types\/page"}],"author":[{"embeddable":true,"href":"https:\/\/www.myrace.lt\/klajoklis\/wp-json\/wp\/v2\/users\/2"}],"replies":[{"embeddable":true,"href":"https:\/\/www.myrace.lt\/klajoklis\/wp-json\/wp\/v2\/comments?post=1267"}],"version-history":[{"count":4,"href":"https:\/\/www.myrace.lt\/klajoklis\/wp-json\/wp\/v2\/pages\/1267\/revisions"}],"predecessor-version":[{"id":1601,"href":"https:\/\/www.myrace.lt\/klajoklis\/wp-json\/wp\/v2\/pages\/1267\/revisions\/1601"}],"up":[{"embeddable":true,"href":"https:\/\/www.myrace.lt\/klajoklis\/wp-json\/wp\/v2\/pages\/16"}],"wp:attachment":[{"href":"https:\/\/www.myrace.lt\/klajoklis\/wp-json\/wp\/v2\/media?parent=1267"}],"curies":[{"name":"wp","href":"https:\/\/api.w.org\/{rel}","templated":true}]}}