{"id":125,"date":"2020-05-17T13:13:36","date_gmt":"2020-05-17T15:13:36","guid":{"rendered":"https:\/\/www.myrace.lt\/klajoklis\/?page_id=125"},"modified":"2020-08-11T04:40:03","modified_gmt":"2020-08-11T06:40:03","slug":"nuostatai5","status":"publish","type":"page","link":"https:\/\/www.myrace.lt\/klajoklis\/nuostatai\/nuostatai5\/","title":{"rendered":"Klajoklio maratonas #5: Dubingiai (Nuostatai)"},"content":{"rendered":"<p style=\"text-align: center;\"><span style=\"font-size: 18pt;\"><strong>MARATONO \u201eKLAJOKLIS #5: DUBINGIAI\u201c<br \/>\n<\/strong><strong>NUOSTATAI<\/strong><\/span><\/p>\n<p style=\"text-align: justify;\"><strong>\u00a0<\/strong><\/p>\n<p style=\"text-align: justify;\"><strong>I. BENDROJI DALIS<\/strong><br \/>\nMaratonas KLAJOKLIS &#8211; tai maratonas klajojantis per visas gra\u017eiausias Lietuvos vietas.<\/p>\n<p style=\"text-align: justify;\">\u0160io projekto sumanytojai &#8211; Mindaugas Garmus ir Valdas \u0160mai\u017eys.<\/p>\n<p style=\"text-align: justify;\">KLAJOKLIO maratonas #5 vyks Dubingiuose.<\/p>\n<p style=\"text-align: justify;\">Ir tai bus KLAJOKLIS vyksiantis pilnai mi\u0161ko takais. B\u0117gimo trasa drieksis sveikatingumo taku &#8222;4 sezonai&#8221; ir Gaurakaln\u0117s pelk\u0117s pa\u017eintiniu taku.<\/p>\n<p>&nbsp;<\/p>\n<p style=\"text-align: justify;\"><strong>II. TIKSLAI IR U\u017dDAVINIAI<\/strong><br \/>\n1. Populiarinti maraton\u0173 b\u0117gimo kult\u016br\u0105 Lietuvoje.<br \/>\n2. Per b\u0117gim\u0105 susipa\u017einti su gra\u017eiausiomis Lietuvos vietomis.<br \/>\n3. \u012eveikti piln\u0105 maratono tras\u0105 (bet pagal pasiruo\u0161im\u0105 bus galima b\u0117gti ir trumpesn\u0119, \u0161ird\u017eiai maloni\u0105 distancij\u0105).<br \/>\n4. Pl\u0117sti ilg\u0173 distancij\u0173 b\u0117gik\u0173 bendruomen\u0119.<\/p>\n<p>&nbsp;<\/p>\n<p style=\"text-align: justify;\"><strong>III. RENGINIO ORGANIZATORI\u0172 ATSAKOMYB\u0116 IR PAREIGOS<\/strong><br \/>\n1. Registruoti renginio dalyvius, pagaminti ir i\u0161duoti numerius.<br \/>\n2. I\u0161matuoti tras\u0105 bei techni\u0161kai paruo\u0161ti j\u0105 var\u017eyboms.<br \/>\n3. U\u017efiksuoti dalyvi\u0173 b\u0117gimo rezultatus ir juos u\u017eprotokoluoti.<\/p>\n<p>&nbsp;<\/p>\n<p style=\"text-align: justify;\"><strong>IV. VAR\u017dYB\u0172 VIETA, LAIKAS IR NUOTOLIAI<\/strong><br \/>\nI Startas &#8211; 2020 m. gegu\u017e\u0117s 30d. 10.00val., Dubingi\u0173 mi\u0161kas.<br \/>\n10 val. startuoja visi dalyviai, pasirink\u0119 nub\u0117gti piln\u0105 maratono distancij\u0105. Maksimalus dalyvi\u0173 skai\u010dius &#8211; 30.<\/p>\n<p style=\"text-align: justify;\">II Startas &#8211; 2020 m. gegu\u017e\u0117s 30d. 11.00val., Dubingi\u0173 mi\u0161kas.<br \/>\n11val. startuoja visi dalyviai, pasirink\u0119 nub\u0117gti trumpesnes distancijas nei pilnas maratonas. Maksimalus dalyvi\u0173 skai\u010dius &#8211; 30.<\/p>\n<p style=\"text-align: justify;\">Trasa- 6,03 km ratas.<\/p>\n<p>&nbsp;<\/p>\n<p style=\"text-align: justify;\"><strong>V. TRASA IR LAIKO LIMITAS<\/strong><br \/>\nTrasa bus pa\u017eym\u0117ta spec. \u017eenklinimu.<br \/>\nTrasos danga &#8211; mi\u0161ko takai.<br \/>\nMaratonui \u012fveikti reik\u0117s prab\u0117gti 7 ratus po 6,03 km;<br \/>\nLaiko limtas &#8211; 6 val.<\/p>\n<p>&nbsp;<\/p>\n<p style=\"text-align: justify;\"><strong>VI. DALYVIAI<\/strong><br \/>\n1.Var\u017eybose gali dalyvauti visi norintys, u\u017esiregistrav\u0119, pasitikrin\u0119 sveikat\u0105 ir susipa\u017ein\u0119 su b\u0117gimo nuostatais. Visi dalyviai b\u0117gime dalyvauja laisva valia ir niekieno never\u010diami ir prisiima vis\u0105 su dalyvavimu b\u0117gime susijusi\u0105 (tame tarpe su \u012fvairiais sveikatos sutrikimais ir pan.) rizik\u0105 bei \u012fsipareigoja d\u0117l to nereik\u0161ti renginio organizatoriams joki\u0173 pretenzij\u0173.<br \/>\n2. U\u017e jaunesnius nei 18 met\u0173 dalyvius vis\u0105 atsakomyb\u0119 prisiima j\u0173 t\u0117vai, treneriai arba glob\u0117jai.<\/p>\n<p>&nbsp;<\/p>\n<p style=\"text-align: justify;\"><strong>VII. SPECIALIOS S\u0104LYGOS IR APRIBOJIMAI<\/strong><br \/>\n1. Registruotis \u012f b\u0117gim\u0105 galima tik savo vardu. Savo numer\u012f perduoti kitam dalyviui draud\u017eiama. Tokiu atveju dalyviai bus diskvalifikuojami, o rezultatai \u012f var\u017eyb\u0173 protokol\u0105 ne\u012ftraukiami.<br \/>\n2. Kiekvienas dalyvis var\u017eybose privalo tur\u0117ti ant mar\u0161kin\u0117li\u0173 tvarkingai pritvirtint\u0105 numer\u012f. Numeris turi b\u016bti ant mar\u0161kin\u0117li\u0173 priekio (kr\u016btin\u0117s), ai\u0161kiai matomoje vietoje .<br \/>\n3. Var\u017eyb\u0173 dalyviams nors kiek nukrypti nuo b\u0117gimo trasos yra draud\u017eiama. Dalyviai, pa\u017eeid\u0119 \u0161i\u0105 taisykl\u0119, bus diskvalifikuojami.<br \/>\n4. Renginio organizatoriai neatsako u\u017e dalyvi\u0173 sveikat\u0105 ar sveikatos sutrikimus, patirtus b\u0117gimo metu. Dalyviai privalo pasitikrinti sveikat\u0105.<br \/>\n5. Kiekvienas dalyvis u\u017esiregistruodamas savaime sutinka, kad renginio organizatoriai visas renginio metu padarytas nuotraukas bei filmuot\u0105 med\u017eiag\u0105 gali laisvai, be atskiro sutikimo, naudoti rinkodaros tikslais.<br \/>\n6. Var\u017eyb\u0173 dalyviai b\u0117gimo ir renginio metu privalo laikytis vis\u0173 LR vyriausyb\u0117s nustatyt\u0173 karantino s\u0105lyg\u0173 ir apribojim\u0173.<\/p>\n<p>&nbsp;<\/p>\n<p style=\"text-align: justify;\"><strong>VIII. SPECIAL\u016aS PUNKTAI TRASOJE<\/strong><br \/>\nTrasoje bus \u012frengta vandens ir maitinimo stotel\u0117, kurioje var\u017eyb\u0173 metu dalyviai gal\u0117s atsigaivinti vandeniu, Cola, gaiviaisiais g\u0117rimais, ir pasistiprinti vaisiais, sausainiais, u\u017ekand\u017eiais.<\/p>\n<p>&nbsp;<\/p>\n<p style=\"text-align: justify;\"><strong>IX. APDOVANOJIMAI<\/strong><br \/>\nVisiems dalyviams bus \u012fteiktas atminimo medalis.<\/p>\n<p>&nbsp;<\/p>\n<p style=\"text-align: justify;\"><strong>X. DALYVI\u0172 STARTINIS MOKESTIS<\/strong><br \/>\nStartinis mokestis:<br \/>\n15 Eur &#8211; visos distancijos.<br \/>\nDalyvio startinis mokestis pervedamas \u012f V\u0161\u012e \u201eMaratomanija\u201c atsiskaitom\u0105j\u0105 s\u0105skait\u0105 <em>SWED banke<\/em> \u2013<span style=\"color: #000080;\"><strong> LT39 7300 0101 5760 4275<\/strong>,<\/span> i\u0161kart atlikus registracij\u0105 \u012f b\u0117gim\u0105. Taip pat galima mok\u0117ti <em>REVOLUT<\/em> \u2013 tel.nr.<strong> <span style=\"color: #993300;\">+37061532233<\/span><\/strong> arba <em>PAYSERA<\/em><span style=\"color: #003300;\"><strong> LT12 3500 0100 0480 5876<\/strong>.<\/span> Mok\u0117jimo paskirtyje nurodomas renginio pavadinimas ir u\u017e kur\u012f b\u0117gik\u0105 atliekamas pervedimas (jei mokama u\u017e kit\u0105 b\u0117gik\u0105).<br \/>\nDalyvio startinis mokestis negr\u0105\u017einamas.<br \/>\nNorint perleisti registracij\u0105 kitam dalyviui mokamas 5 Eur keitimo mokestis.<\/p>\n<p>&nbsp;<\/p>\n<p style=\"text-align: justify;\"><strong>XI. DALYVI\u0172 REGISTRAVIMAS IR NUMERI\u0172 I\u0160DAVIMAS<\/strong><br \/>\nDalyvi\u0173 registracija: https:\/\/www.myrace.lt\/klajoklis\/<\/p>\n<p style=\"text-align: justify;\">Pasiekus maksimal\u0173 patvrtint\u0173 (u\u017esiregistravusi\u0173 ir susimok\u0117jusi\u0173 startin\u012f mokest\u012f) dalyvi\u0173 skai\u010di\u0173 (30) vienam startui, registracija bus stabdoma, o nepatvirtinti dalyviai i\u0161trinti i\u0161 dalyvi\u0173 s\u0105ra\u0161o.<br \/>\nNumeriai bus i\u0161duodami renginio dien\u0105 nuo 9.00val.<\/p>\n<p>&nbsp;<\/p>\n<p style=\"text-align: justify;\"><strong>XII. BAIGIAMOSIOS NUOSTATOS<\/strong><\/p>\n<p style=\"text-align: justify;\">B\u0117gim\u0105 organizuoja V\u0161\u012e &#8222;Maratomanija&#8221; ir Valdas \u0160mai\u017eys.<br \/>\nB\u0117gimo organizatoriai pasilieka teis\u0119, reikalui esant, keisti var\u017eyb\u0173 taisykles.<br \/>\nKilus klausimams galite skambinti tel.: +370 615 32233 (Valdas). Taip pat galite ra\u0161yti elektroniniu pa\u0161tu <a href=\"mailto:valdas.smaizys@gmail.com\">valdas.smaizys@gmail.com<\/a>.<\/p>\n","protected":false},"excerpt":{"rendered":"<p>MARATONO \u201eKLAJOKLIS #5: DUBINGIAI\u201c NUOSTATAI \u00a0 I. BENDROJI DALIS Maratonas KLAJOKLIS &#8211; tai maratonas klajojantis per visas gra\u017eiausias Lietuvos vietas. \u0160io projekto sumanytojai &#8211; Mindaugas Garmus ir Valdas \u0160mai\u017eys. KLAJOKLIO maratonas #5 vyks Dubingiuose. Ir tai bus KLAJOKLIS vyksiantis pilnai mi\u0161ko takais. B\u0117gimo trasa drieksis sveikatingumo taku &#8222;4 sezonai&#8221; ir Gaurakaln\u0117s pelk\u0117s pa\u017eintiniu taku. &nbsp; [&hellip;]<\/p>\n","protected":false},"author":1,"featured_media":0,"parent":16,"menu_order":0,"comment_status":"closed","ping_status":"closed","template":"templates\/full-width-page.php","meta":{"footnotes":""},"class_list":["post-125","page","type-page","status-publish","hentry"],"_links":{"self":[{"href":"https:\/\/www.myrace.lt\/klajoklis\/wp-json\/wp\/v2\/pages\/125","targetHints":{"allow":["GET"]}}],"collection":[{"href":"https:\/\/www.myrace.lt\/klajoklis\/wp-json\/wp\/v2\/pages"}],"about":[{"href":"https:\/\/www.myrace.lt\/klajoklis\/wp-json\/wp\/v2\/types\/page"}],"author":[{"embeddable":true,"href":"https:\/\/www.myrace.lt\/klajoklis\/wp-json\/wp\/v2\/users\/1"}],"replies":[{"embeddable":true,"href":"https:\/\/www.myrace.lt\/klajoklis\/wp-json\/wp\/v2\/comments?post=125"}],"version-history":[{"count":2,"href":"https:\/\/www.myrace.lt\/klajoklis\/wp-json\/wp\/v2\/pages\/125\/revisions"}],"predecessor-version":[{"id":149,"href":"https:\/\/www.myrace.lt\/klajoklis\/wp-json\/wp\/v2\/pages\/125\/revisions\/149"}],"up":[{"embeddable":true,"href":"https:\/\/www.myrace.lt\/klajoklis\/wp-json\/wp\/v2\/pages\/16"}],"wp:attachment":[{"href":"https:\/\/www.myrace.lt\/klajoklis\/wp-json\/wp\/v2\/media?parent=125"}],"curies":[{"name":"wp","href":"https:\/\/api.w.org\/{rel}","templated":true}]}}