{"id":1136,"date":"2021-09-17T13:01:37","date_gmt":"2021-09-17T15:01:37","guid":{"rendered":"https:\/\/www.myrace.lt\/klajoklis\/?page_id=1136"},"modified":"2021-11-04T16:32:10","modified_gmt":"2021-11-04T18:32:10","slug":"klajoklio-maratonas-10-sudeikiai-nuostatai","status":"publish","type":"page","link":"https:\/\/www.myrace.lt\/klajoklis\/nuostatai\/klajoklio-maratonas-10-sudeikiai-nuostatai\/","title":{"rendered":"Klajoklio maratonas #19: Sudeikiai (Nuostatai)"},"content":{"rendered":"<div class=\"kvgmc6g5 cxmmr5t8 oygrvhab hcukyx3x c1et5uql\" style=\"text-align: center;\"><strong><span style=\"color: #000000; font-size: 18pt;\">KLAJOKLIO MARATONAS #19: Sudeikiai<\/span><\/strong><\/div>\n<div class=\"o9v6fnle cxmmr5t8 oygrvhab hcukyx3x c1et5uql\" style=\"text-align: center;\"><em><span style=\"color: #000000; font-size: 18pt;\">Renginio generalinis r\u0117m\u0117jas &#8211; ARIMEX<\/span><\/em><\/div>\n<div class=\"o9v6fnle cxmmr5t8 oygrvhab hcukyx3x c1et5uql\" style=\"text-align: center;\"><span style=\"font-size: 18pt;\"><strong><span style=\"color: #000000;\">NUOSTATAI<\/span><\/strong><\/span><\/div>\n<div class=\"o9v6fnle cxmmr5t8 oygrvhab hcukyx3x c1et5uql\" style=\"text-align: justify;\"><span style=\"color: #000000;\">Legendomis apipintas gra\u017euolis Alau\u0161o e\u017eeras \u2013 tikra Utenos kra\u0161to puo\u0161mena ir de\u0161imtas pagal dyd\u012f e\u017eeras \u0161alyje (plotas 1071,8 ha). Pasak vienos legendos, rytin\u0117je e\u017eero pakrant\u0117je ant Manei\u010di\u0173 piliakalnio stov\u0117jusi kunigaik\u0161\u010dio Alau\u0161o pilis. Pasakojama, kad kunigaik\u0161tis labai m\u0117g\u0119s didel\u012f skaidr\u0173 e\u017eer\u0105, tod\u0117l mirdamas pra\u0161\u0117 jo palaik\u0173 pelenus i\u0161berti \u012f \u0161io e\u017eero vandenis. \u017dmon\u0117s taip ir padar\u0117, o pat\u012f e\u017eer\u0105 kunigaik\u0161\u010dio garbei pavadino Alau\u0161u.<\/span><br \/>\n<span style=\"color: #000000;\">Ir Klajoklis maratonas jau tikriausiai paskutiniu \u0161i\u0173 met\u0173 rudeniniu b\u0117gimu aplankys \u0161i\u0105 nuostabi\u0105 viet\u0105.<\/span><\/div>\n<div><\/div>\n<div><\/div>\n<div class=\"o9v6fnle cxmmr5t8 oygrvhab hcukyx3x c1et5uql\"><strong><span style=\"color: #000000;\">I. BENDROJI DALIS<\/span><\/strong><br \/>\n<span style=\"color: #000000;\">Maratonas KLAJOKLIS \u2013 tai maratonas klajojantis per visas gra\u017eiausias Lietuvos vietas.<\/span><br \/>\n<span style=\"color: #000000;\">KLAJOKLIO maratonas #19 \u012fvyks vienoje gra\u017eiausi\u0173 Lietuvos viet\u0173, kai b\u0117gsime aplink vien\u0105 gra\u017eiausi\u0173 Lietuvos e\u017eer\u0173 &#8211; Alau\u0161o e\u017eer\u0105.<\/span><br \/>\n<span style=\"color: #000000;\">Klajoklio maratono #19 startas 2021-11-07 11:00val.<\/span><\/div>\n<div><\/div>\n<div><\/div>\n<div class=\"o9v6fnle cxmmr5t8 oygrvhab hcukyx3x c1et5uql\"><strong><span style=\"color: #000000;\">II. TIKSLAI IR U\u017dDAVINIAI<\/span><\/strong><br \/>\n<span style=\"color: #000000;\">1. Populiarinti maraton\u0173 b\u0117gimo kult\u016br\u0105 Lietuvoje.<\/span><br \/>\n<span style=\"color: #000000;\">2. Per b\u0117gim\u0105 susipa\u017einti su gra\u017eiausiomis Lietuvos vietomis.<\/span><br \/>\n<span style=\"color: #000000;\">3. \u012eveikti piln\u0105 maratono tras\u0105 (bet pagal pasiruo\u0161im\u0105 bus galima b\u0117gti ir pus\u0119 maratono, 10km arba 5km).<\/span><br \/>\n<span style=\"color: #000000;\">4. Pl\u0117sti ilg\u0173 distancij\u0173 b\u0117gik\u0173 bendruomen\u0119.<\/span><\/div>\n<div><\/div>\n<div><\/div>\n<div class=\"o9v6fnle cxmmr5t8 oygrvhab hcukyx3x c1et5uql\"><strong><span style=\"color: #000000;\">III. RENGINIO ORGANIZATORI\u0172 ATSAKOMYB\u0116 IR PAREIGOS<\/span><\/strong><br \/>\n<span style=\"color: #000000;\">1. Registruoti renginio dalyvius, pagaminti ir i\u0161duoti numerius.<\/span><br \/>\n<span style=\"color: #000000;\">2. I\u0161matuoti tras\u0105 bei techni\u0161kai paruo\u0161ti j\u0105 var\u017eyboms.<\/span><br \/>\n<span style=\"color: #000000;\">3. U\u017efiksuoti dalyvi\u0173 b\u0117gimo rezultatus ir juos u\u017eprotokoluoti.<\/span><\/div>\n<div><\/div>\n<div><\/div>\n<div class=\"o9v6fnle cxmmr5t8 oygrvhab hcukyx3x c1et5uql\"><strong><span style=\"color: #000000;\">IV. VAR\u017dYB\u0172 VIETA, LAIKAS, NUOTOLIAI IR PROGRAMA<\/span><\/strong><br \/>\n<span style=\"color: #000000;\">Vieta &#8211; Sudeikiai, Utenos raj..<\/span><br \/>\n<span style=\"color: #000000;\">Startas:<\/span><br \/>\n<span style=\"color: #000000;\">&#8222;Maratonas, pusmaratonis, 10km \u2013 2021 m. lapkri\u010dio 07d. 11.00val.<\/span><br \/>\n<span style=\"color: #000000;\">1km distancija &#8211; 13.00val.<\/span><br \/>\n<span style=\"color: #000000;\">Distancijos &#8211; maratonas, pusmaratonis, 10km, 5km ir 1km.<\/span><br \/>\n<span style=\"color: #000000;\">Starto vieta: Auk\u0161tai\u010di\u0173 g. 22, Sudeikiai, Utenos raj.<\/span><\/div>\n<div><strong><em><span style=\"color: #000000;\">PROGRAMA:<\/span><\/em><\/strong><\/div>\n<div><span style=\"color: #000000;\">10.00val. pradedamas 42,2km, 21,1km, 10km ir 5km dalyvi\u0173 numeri\u0173 i\u0161davimas<\/span><\/div>\n<div><span style=\"color: #000000;\">10.50val. b\u0117gik\u0173 ap\u0161ilimas<\/span><\/div>\n<div><span style=\"color: #000000;\"><span class=\"JsGRdQ\">11.00val.<\/span> <span class=\"JsGRdQ\">42,2km, 21,1km, 10km ir 5km distancij\u0173<\/span> <span class=\"JsGRdQ\">startas<\/span><\/span><\/div>\n<div><span style=\"color: #000000;\"><span class=\"JsGRdQ\">12.30val.<\/span> <span class=\"JsGRdQ\">10km ir 5km distancij\u0173 nugal\u0117toj\u0173 ir prizinink\u0173 apdovanojimai<\/span><\/span><\/div>\n<div><span style=\"color: #000000;\">13.00val. pateikiama kar\u0161ta \u017euvien\u0117<\/span><\/div>\n<div><span style=\"color: #000000;\"><span class=\"JsGRdQ\">13.30val.<\/span> <span class=\"JsGRdQ\">pusmaratonio distancijos nugal\u0117toj\u0173 ir prizinink\u0173 apdovanojimai<\/span><\/span><\/div>\n<div><span style=\"color: #000000;\">14.00val. 1 km. distancijos startas<\/span><\/div>\n<div><span style=\"color: #000000;\">14.30 val. maratono distancijos nugal\u0117toj\u0173 ir prizinink\u0173 apdovanojimai<\/span><\/div>\n<div><\/div>\n<div><\/div>\n<div class=\"o9v6fnle cxmmr5t8 oygrvhab hcukyx3x c1et5uql\"><strong><span style=\"color: #000000;\">V. TRASA IR LAIKO LIMITAS<\/span><\/strong><br \/>\n<span style=\"color: #000000;\">Trasa bus pa\u017eym\u0117ta spec. \u017eenklinimu.<\/span><br \/>\n<span style=\"color: #000000;\">Trasos danga \u2013 asfaltas.<\/span><br \/>\n<span style=\"color: #000000;\">Laiko limitas &#8211; 6val. maratonui.<\/span><br \/>\n<span style=\"color: #000000;\">Kitoms distancijoms laiko limito netaikome.<\/span><\/div>\n<div><\/div>\n<div><\/div>\n<div class=\"o9v6fnle cxmmr5t8 oygrvhab hcukyx3x c1et5uql\"><strong><span style=\"color: #000000;\">VI. DALYVIAI<\/span><\/strong><br \/>\n<span style=\"color: #000000;\">1.Var\u017eybose gali dalyvauti tik u\u017esiregistrav\u0119, pasitikrin\u0119 sveikat\u0105 ir susipa\u017ein\u0119 su b\u0117gimo nuostatais. Visi dalyviai b\u0117gime dalyvauja laisva valia ir niekieno never\u010diami ir prisiima vis\u0105 su dalyvavimu b\u0117gime susijusi\u0105 (tame tarpe su \u012fvairiais sveikatos sutrikimais ir pan.) rizik\u0105 bei \u012fsipareigoja d\u0117l to nereik\u0161ti renginio organizatoriams joki\u0173 pretenzij\u0173.<\/span><br \/>\n<span style=\"color: #000000;\">2. U\u017e jaunesnius nei 18 met\u0173 dalyvius vis\u0105 atsakomyb\u0119 prisiima j\u0173 t\u0117vai, treneriai arba glob\u0117jai.<\/span><\/div>\n<div><\/div>\n<div><\/div>\n<div class=\"o9v6fnle cxmmr5t8 oygrvhab hcukyx3x c1et5uql\" style=\"text-align: justify;\"><strong><span style=\"color: #000000;\">VII. SPECIALIOS S\u0104LYGOS IR APRIBOJIMAI<\/span><\/strong><br \/>\n<span style=\"color: #000000;\">1. Registruotis \u012f b\u0117gim\u0105 galima tik savo vardu. Savo numer\u012f perduoti kitam dalyviui draud\u017eiama. Tokiu atveju dalyviai bus diskvalifikuojami, o rezultatai \u012f var\u017eyb\u0173 protokol\u0105 ne\u012ftraukiami.<\/span><br \/>\n<span style=\"color: #000000;\">2. Kiekvienas dalyvis var\u017eybose privalo tur\u0117ti ant mar\u0161kin\u0117li\u0173 tvarkingai pritvirtint\u0105 numer\u012f. Numeris turi b\u016bti ant mar\u0161kin\u0117li\u0173 priekio (kr\u016btin\u0117s), ai\u0161kiai matomoje vietoje .<\/span><br \/>\n<span style=\"color: #000000;\">3. Var\u017eyb\u0173 dalyviams nors kiek nukrypti nuo b\u0117gimo trasos yra draud\u017eiama. Dalyviai, pa\u017eeid\u0119 \u0161i\u0105 taisykl\u0119, bus diskvalifikuojami.<\/span><br \/>\n<span style=\"color: #000000;\">4. Var\u017eyb\u0173 organizatoriai neatsako u\u017e dalyvi\u0173 sveikat\u0105 ar sveikatos sutrikimus, patirtus b\u0117gimo metu. Dalyviai privalo pasitikrinti sveikat\u0105.<\/span><br \/>\n<span style=\"color: #000000;\">5. Kiekvienas dalyvis u\u017esiregistruodamas savaime sutinka, kad renginio organizatoriai visas renginio metu padarytas nuotraukas bei filmuot\u0105 med\u017eiag\u0105 gali laisvai, be atskiro sutikimo, naudoti rinkodaros tikslais.<\/span><\/div>\n<div><\/div>\n<div class=\"o9v6fnle cxmmr5t8 oygrvhab hcukyx3x c1et5uql\"><strong><span style=\"color: #000000;\">VIII. SPECIAL\u016aS PUNKTAI TRASOJE<\/span><\/strong><br \/>\n<span style=\"color: #000000;\">Trasoje bus \u012frengtos vandens ir pasistiprinimo stotel\u0117s kuriose var\u017eyb\u0173 metu dalyviai gal\u0117s atsigaivinti vandeniu, Cola, ir pasistiprinti vaisiais, sausainiais, u\u017ekand\u017eiais.<\/span><\/div>\n<div><\/div>\n<div class=\"o9v6fnle cxmmr5t8 oygrvhab hcukyx3x c1et5uql\"><strong><span style=\"color: #000000;\">IX. APDOVANOJIMAI<\/span><\/strong><br \/>\n<span style=\"color: #000000;\">Visiems dalyviams bus \u012fteikti atminimo medaliai.<\/span><br \/>\n<span style=\"color: #000000;\">Taip pat visiems dalyviams bus \u012fteiktos r\u0117m\u0117j\u0173 dovanos.<\/span><br \/>\n<span style=\"color: #000000;\">Bus apdovanoti maratono, pusmaratonio ir 10km distancijos trys prizininkai moter\u0173 ir vyr\u0173 kategorijoje. Jiems bus \u012fteikti taur\u0117s ir r\u0117m\u0117j\u0173 prizai.<\/span><\/div>\n<div><\/div>\n<div class=\"o9v6fnle cxmmr5t8 oygrvhab hcukyx3x c1et5uql\"><strong><span style=\"color: #000000;\">X. DALYVI\u0172 STARTINIS MOKESTIS<\/span><\/strong><br \/>\n<span style=\"color: #000000;\">Startinis mokestis:<\/span><\/div>\n<div><\/div>\n<div class=\"o9v6fnle cxmmr5t8 oygrvhab hcukyx3x c1et5uql\"><strong><em><span style=\"color: #000000;\">Iki lapkri\u010dio 1d.:<\/span><\/em><\/strong><br \/>\n<span style=\"color: #000000;\">Maratonas &#8211; 15\u20ac<\/span><br \/>\n<span style=\"color: #000000;\">Pusmaratonis &#8211; 12\u20ac<\/span><br \/>\n<span style=\"color: #000000;\">10km &#8211; 10\u20ac<\/span><br \/>\n<span style=\"color: #000000;\">5km &#8211; 8\u20ac<\/span><br \/>\n<span style=\"color: #000000;\">1km &#8211; 5\u20ac<\/span><\/div>\n<div><\/div>\n<div class=\"o9v6fnle cxmmr5t8 oygrvhab hcukyx3x c1et5uql\"><em><strong><span style=\"color: #000000;\">Lapkri\u010dio 1d-5d.:<\/span><\/strong><\/em><br \/>\n<span style=\"color: #000000;\">Maratonas &#8211; 16\u20ac<\/span><br \/>\n<span style=\"color: #000000;\">Pusmaratonis &#8211; 13\u20ac<\/span><br \/>\n<span style=\"color: #000000;\">10km &#8211; 12\u20ac<\/span><br \/>\n<span style=\"color: #000000;\">5km &#8211; 10\u20ac<\/span><br \/>\n<span style=\"color: #000000;\">1km &#8211; 6\u20ac<\/span><\/div>\n<div><\/div>\n<div class=\"o9v6fnle cxmmr5t8 oygrvhab hcukyx3x c1et5uql\"><strong><em><span style=\"color: #000000;\">Renginio dien\u0105:<\/span><\/em><\/strong><br \/>\n<span style=\"color: #000000;\">Maratonas &#8211; 18\u20ac<\/span><br \/>\n<span style=\"color: #000000;\">Pusmaratonis &#8211; 15\u20ac<\/span><br \/>\n<span style=\"color: #000000;\">10km &#8211; 14\u20ac<\/span><br \/>\n<span style=\"color: #000000;\">5km &#8211; 12\u20ac<\/span><br \/>\n<span style=\"color: #000000;\">1km &#8211; 7\u20ac<\/span><\/div>\n<div class=\"o9v6fnle cxmmr5t8 oygrvhab hcukyx3x c1et5uql\"><\/div>\n<div class=\"o9v6fnle cxmmr5t8 oygrvhab hcukyx3x c1et5uql\"><strong><span style=\"color: #000000;\">XI. DALYVI\u0172 REGISTRAVIMAS IR NUMERI\u0172 I\u0160DAVIMAS<\/span><\/strong><br \/>\n<span style=\"color: #000000;\">Dalyvi\u0173 registracija:<\/span><br \/>\n<span style=\"color: #000000;\"><a class=\"oajrlxb2 g5ia77u1 qu0x051f esr5mh6w e9989ue4 r7d6kgcz rq0escxv nhd2j8a9 nc684nl6 p7hjln8o kvgmc6g5 cxmmr5t8 oygrvhab hcukyx3x jb3vyjys rz4wbd8a qt6c0cv9 a8nywdso i1ao9s8h esuyzwwr f1sip0of lzcic4wl py34i1dx gpro0wi8\" style=\"color: #000000;\" tabindex=\"0\" role=\"link\" href=\"https:\/\/l.facebook.com\/l.php?u=https%3A%2F%2Fwww.myrace.lt%2Fregistracija%2F%3Ffbclid%3DIwAR1TXInRo2605xJ1phxx9CjeH0Y4rqVrQoRIkmJK_M44Cih-rKujk6345q8&amp;h=AT2djyHv-cpMKQ3FQOTQ6BfZetrnv1_9oP8DRggJkXy1lsCiuUAmL0lFQ6Gn7il6QVa8CkVF1YhAw-aeNqGFQbuu3zeryrxAIJrEx9s8FxShE52zfRZW3MiFR7LSY6O8yblN&amp;__tn__=q&amp;c[0]=AT3iyoWxQC2W2LprQpe1CyMsjSj7hc8TpU4u7qURMympjyD5neUrOFv2BFTcGa9LiNDrOYbrYOkHAihdXanvCYanGPIvhUQpEQiu3wFw_yGADfxzvmeBLQYTLorqHhFA7oqgQUzzqjOmmZJxkAns4RNce7ZTnNpX_AjV11VE0VGs61gI\" target=\"_blank\" rel=\"nofollow noopener\">https:\/\/www.myrace.lt\/<\/a><\/span><\/div>\n<div class=\"o9v6fnle cxmmr5t8 oygrvhab hcukyx3x c1et5uql\"><span style=\"color: #000000;\">arba per Paysera sistem\u0105:<\/span><br \/>\n<span style=\"color: #000000;\"><a class=\"oajrlxb2 g5ia77u1 qu0x051f esr5mh6w e9989ue4 r7d6kgcz rq0escxv nhd2j8a9 nc684nl6 p7hjln8o kvgmc6g5 cxmmr5t8 oygrvhab hcukyx3x jb3vyjys rz4wbd8a qt6c0cv9 a8nywdso i1ao9s8h esuyzwwr f1sip0of lzcic4wl py34i1dx gpro0wi8\" style=\"color: #000000;\" tabindex=\"0\" role=\"link\" href=\"https:\/\/l.facebook.com\/l.php?u=https%3A%2F%2Ftickets.paysera.com%2Flt-LT%2Fevent%2Fklajoklio-maratonas-19%3Ffbclid%3DIwAR05c7Dc441iYTOjQX-EGSC0r05yBAYM_xD5F-ZkH78EkW5wXCErfBLDfaM&amp;h=AT3OwWLyqIWoIderKq7PPOOKlUKFfftvAiLGV_a3Hrff3d-cE3VL1YjMJ646_CSfTsb2t_3R78_XvJF5mBP9hZTvXGq_0GsjFnOzuaCHqJfw9ldO7N0T9BplWEncrk1_XEoR&amp;__tn__=q&amp;c[0]=AT3iyoWxQC2W2LprQpe1CyMsjSj7hc8TpU4u7qURMympjyD5neUrOFv2BFTcGa9LiNDrOYbrYOkHAihdXanvCYanGPIvhUQpEQiu3wFw_yGADfxzvmeBLQYTLorqHhFA7oqgQUzzqjOmmZJxkAns4RNce7ZTnNpX_AjV11VE0VGs61gI\" target=\"_blank\" rel=\"nofollow noopener\">https:\/\/tickets.paysera.com\/registracija\/event\/klajoklio-maratonas-19<\/a><\/span><\/div>\n<div class=\"o9v6fnle cxmmr5t8 oygrvhab hcukyx3x c1et5uql\"><span style=\"color: #000000;\">Numeriai bus i\u0161duodami starto vietoje 2021-11-07 nuo 10.00val<\/span><\/div>\n<div><\/div>\n<div class=\"o9v6fnle cxmmr5t8 oygrvhab hcukyx3x c1et5uql\"><strong><span style=\"color: #000000;\">XII. BAIGIAMOSIOS NUOSTATOS<\/span><\/strong><br \/>\n<span style=\"color: #000000;\">B\u0117gimo var\u017eybas organizuoja V\u0161\u012e \u201eMaratomanija\u201c.<\/span><br \/>\n<span style=\"color: #000000;\">B\u0117gimo organizatoriai pasilieka teis\u0119, reikalui esant, keisti var\u017eyb\u0173 taisykles.<\/span><br \/>\n<span style=\"color: #000000;\">Kilus klausimams galite skambinti tel.: +370 615 32233 (Valdas). Taip pat galite ra\u0161yti elektroniniu pa\u0161tu maratonas.klajoklis@gmail.com<\/span><\/div>\n","protected":false},"excerpt":{"rendered":"<p>KLAJOKLIO MARATONAS #19: Sudeikiai Renginio generalinis r\u0117m\u0117jas &#8211; ARIMEX NUOSTATAI Legendomis apipintas gra\u017euolis Alau\u0161o e\u017eeras \u2013 tikra Utenos kra\u0161to puo\u0161mena ir de\u0161imtas pagal dyd\u012f e\u017eeras \u0161alyje (plotas 1071,8 ha). Pasak vienos legendos, rytin\u0117je e\u017eero pakrant\u0117je ant Manei\u010di\u0173 piliakalnio stov\u0117jusi kunigaik\u0161\u010dio Alau\u0161o pilis. Pasakojama, kad kunigaik\u0161tis labai m\u0117g\u0119s didel\u012f skaidr\u0173 e\u017eer\u0105, tod\u0117l mirdamas pra\u0161\u0117 jo palaik\u0173 [&hellip;]<\/p>\n","protected":false},"author":2,"featured_media":0,"parent":16,"menu_order":0,"comment_status":"closed","ping_status":"closed","template":"","meta":{"footnotes":""},"class_list":["post-1136","page","type-page","status-publish","hentry"],"_links":{"self":[{"href":"https:\/\/www.myrace.lt\/klajoklis\/wp-json\/wp\/v2\/pages\/1136","targetHints":{"allow":["GET"]}}],"collection":[{"href":"https:\/\/www.myrace.lt\/klajoklis\/wp-json\/wp\/v2\/pages"}],"about":[{"href":"https:\/\/www.myrace.lt\/klajoklis\/wp-json\/wp\/v2\/types\/page"}],"author":[{"embeddable":true,"href":"https:\/\/www.myrace.lt\/klajoklis\/wp-json\/wp\/v2\/users\/2"}],"replies":[{"embeddable":true,"href":"https:\/\/www.myrace.lt\/klajoklis\/wp-json\/wp\/v2\/comments?post=1136"}],"version-history":[{"count":21,"href":"https:\/\/www.myrace.lt\/klajoklis\/wp-json\/wp\/v2\/pages\/1136\/revisions"}],"predecessor-version":[{"id":1196,"href":"https:\/\/www.myrace.lt\/klajoklis\/wp-json\/wp\/v2\/pages\/1136\/revisions\/1196"}],"up":[{"embeddable":true,"href":"https:\/\/www.myrace.lt\/klajoklis\/wp-json\/wp\/v2\/pages\/16"}],"wp:attachment":[{"href":"https:\/\/www.myrace.lt\/klajoklis\/wp-json\/wp\/v2\/media?parent=1136"}],"curies":[{"name":"wp","href":"https:\/\/api.w.org\/{rel}","templated":true}]}}